{"id":934805,"date":"2025-02-25T14:24:12","date_gmt":"2025-02-25T14:24:12","guid":{"rendered":"https:\/\/chatagentlab.com\/jamforelse-chatagentlab-vs-intercom\/"},"modified":"2026-03-25T11:08:30","modified_gmt":"2026-03-25T11:08:30","slug":"jamforelse-chatagentlab-vs-intercom","status":"publish","type":"page","link":"https:\/\/chatagentlab.com\/sv\/jamforelse-chatagentlab-vs-intercom\/","title":{"rendered":"J\u00e4mf\u00f6relse ChatAgentLab vs Intercom"},"content":{"rendered":"<p>[et_pb_section fb_built=&#8221;1&#8243; admin_label=&#8221;Header&#8221; _builder_version=&#8221;4.27.4&#8243; _module_preset=&#8221;default&#8221; background_color=&#8221;gcid-1bcf785a-50e1-437b-b09f-65567babc1de&#8221; background_image=&#8221;https:\/\/chatagentlab.com\/wp-content\/uploads\/2024\/11\/ai-40c.png&#8221; background_size=&#8221;custom&#8221; background_image_width=&#8221;40%&#8221; background_position=&#8221;top_right&#8221; custom_margin=&#8221;||||false|false&#8221; custom_padding=&#8221;||7px||false|false&#8221; collapsed=&#8221;on&#8221; global_colors_info=&#8221;{%22gcid-1bcf785a-50e1-437b-b09f-65567babc1de%22:%91%22background_color%22%93}&#8221;][et_pb_row _builder_version=&#8221;4.24.2&#8243; _module_preset=&#8221;default&#8221; custom_margin=&#8221;||||false|false&#8221; custom_padding=&#8221;||0px||false|false&#8221; global_colors_info=&#8221;{}&#8221;][et_pb_column type=&#8221;4_4&#8243; _builder_version=&#8221;4.19.5&#8243; _module_preset=&#8221;default&#8221; z_index=&#8221;10&#8243; global_colors_info=&#8221;{}&#8221;][et_pb_text _builder_version=&#8221;4.27.4&#8243; _module_preset=&#8221;default&#8221; text_orientation=&#8221;center&#8221; background_layout=&#8221;dark&#8221; width=&#8221;20%&#8221; width_tablet=&#8221;25%&#8221; width_phone=&#8221;45%&#8221; width_last_edited=&#8221;on|phone&#8221; max_width_last_edited=&#8221;off|phone&#8221; module_alignment=&#8221;center&#8221; custom_css_main_element=&#8221;background: linear-gradient(||  to top,||  rgba(55, 181, 255, 0.5) 0%,  \/* 50% opacity of #37B5FF at the bottom *\/||  rgba(55, 181, 255, 0) 100%    \/* Fully transparent at the top *\/||) !important;||||border-radius: 0%;||padding: 0;||&#8221; border_width_bottom=&#8221;1px&#8221; border_color_bottom=&#8221;#37b5ff&#8221; global_module=&#8221;934413&#8243; global_colors_info=&#8221;{}&#8221;]<\/p>\n<p>Comparison<\/p>\n<p>[\/et_pb_text][et_pb_text content_tablet=&#8221;<\/p>\n<h1>D\u00e4r avancerad SEO m\u00f6ter banbrytande hosting-teknik<\/h1>\n<p>&#8221; content_phone=&#8221;<\/p>\n<h1>D\u00e4r avancerad SEO m\u00f6ter banbrytande hosting-teknik<\/h1>\n<p>&#8221; content_last_edited=&#8221;off|desktop&#8221; _builder_version=&#8221;4.27.4&#8243; _module_preset=&#8221;default&#8221; header_font=&#8221;Barlow Semi Condensed|700|||||||&#8221; header_text_align=&#8221;center&#8221; header_text_color=&#8221;#FFFFFF&#8221; header_font_size=&#8221;50px&#8221; header_line_height=&#8221;1.4em&#8221; background_layout=&#8221;dark&#8221; custom_margin=&#8221;|20px|30px|0px|false|false&#8221; custom_padding=&#8221;||0px|||&#8221; custom_padding_tablet=&#8221;&#8221; custom_padding_phone=&#8221;&#8221; custom_padding_last_edited=&#8221;on|phone&#8221; header_font_tablet=&#8221;Roboto|300|||||||&#8221; header_font_phone=&#8221;Roboto|300|||||||&#8221; header_font_last_edited=&#8221;off|desktop&#8221; header_font_size_tablet=&#8221;40px&#8221; header_font_size_phone=&#8221;30px&#8221; header_font_size_last_edited=&#8221;on|phone&#8221; global_colors_info=&#8221;{}&#8221;]<\/p>\n<h1>ChatAgentLab <span style=\"color: #38b6ff;\">vs <\/span>Intercom<\/h1>\n<h1><\/h1>\n<p>[\/et_pb_text][et_pb_text _builder_version=&#8221;4.27.4&#8243; _module_preset=&#8221;_initial&#8221; text_font=&#8221;Inter||||||||&#8221; text_text_color=&#8221;#c0c2ca&#8221; text_font_size=&#8221;15px&#8221; text_line_height=&#8221;1.8em&#8221; header_font=&#8221;||||||||&#8221; header_4_font=&#8221;Inter|700|||||||&#8221; header_4_text_color=&#8221;#FFFFFF&#8221; header_4_font_size=&#8221;19px&#8221; header_4_line_height=&#8221;1.4em&#8221; background_layout=&#8221;dark&#8221; custom_margin=&#8221;||51px|||&#8221; header_4_font_size_tablet=&#8221;16px&#8221; header_4_font_size_phone=&#8221;15px&#8221; header_4_font_size_last_edited=&#8221;on|desktop&#8221; global_colors_info=&#8221;{}&#8221;]<\/p>\n<p data-start=\"393\" data-end=\"482\">Intercom har l\u00e4nge varit ledande inom chatbot-l\u00f6sningar och betj\u00e4nar en betydande del av marknaden. ChatAgentLab erbjuder dock mer avancerade funktioner f\u00f6r m\u00e4nniskoliknande interaktioner och en f\u00f6ruts\u00e4gbar priss\u00e4ttningsmodell. <\/p>\n<p>J\u00e4mf\u00f6relsetabellen nedan visar hur ChatAgentLab st\u00e5r sig mot Intercom n\u00e4r det g\u00e4ller de funktioner som \u00e4r viktigast f\u00f6r tillv\u00e4xtfokuserade team:<\/p>\n<p>[\/et_pb_text][\/et_pb_column][\/et_pb_row][et_pb_row _builder_version=&#8221;4.27.2&#8243; _module_preset=&#8221;default&#8221; global_colors_info=&#8221;{}&#8221;][et_pb_column type=&#8221;4_4&#8243; _builder_version=&#8221;4.27.2&#8243; _module_preset=&#8221;default&#8221; global_colors_info=&#8221;{}&#8221;][et_pb_text disabled_on=&#8221;off|on|on&#8221; _builder_version=&#8221;4.27.4&#8243; _module_preset=&#8221;default&#8221; text_orientation=&#8221;center&#8221; background_layout=&#8221;dark&#8221; global_colors_info=&#8221;{}&#8221;]<\/p>\n<p>\ud83d\udc49 Svep \u00e5t v\u00e4nster f\u00f6r att bl\u00e4ddra i tabellen<\/p>\n<p>[\/et_pb_text][et_pb_text _builder_version=&#8221;4.27.4&#8243; _module_preset=&#8221;default&#8221; text_text_color=&#8221;#FFFFFF&#8221; global_colors_info=&#8221;{}&#8221;]<!-- Add this style block in your head or just before the table code --><\/p>\n<style>\n  @media (max-width: 600px) {\n    .comparison-table col.col-left {\n      width: 35% !important;\n    }\n    .comparison-table col:not(.col-left) {\n      width: 32.5% !important;\n    }\n  }\n  .comparison-table th {\n    white-space: nowrap;\n  }\n<\/style>\n<p><!-- Part 3: How ChatAgentLab Outperforms the Competition (Responsive) --><\/p>\n<div class=\"comparison-table\" style=\"width: 100%; border-collapse: collapse; font-family: 'Inter', sans-serif; font-size: 12px; margin: 40px 0; overflow-x: auto;\">\n<table style=\"width: 100%; border-collapse: collapse; border: 1px solid #ddd; table-layout: fixed;\">\n<colgroup>\n<col class=\"col-left\" style=\"width: 20%;\">\n<col style=\"width: 40%;\">\n<col style=\"width: 40%;\">\n    <\/colgroup>\n<thead>\n<tr>\n<th style=\"background-color: #3b81f7; color: #ffffff; padding: 12px; text-align: left;\">Feature<\/th>\n<th style=\"background-color: #3b81f7; color: #ffffff; padding: 12px; text-align: center;\">ChatAgentLab<\/th>\n<th style=\"background-color: #3b81f7; color: #ffffff; padding: 12px; text-align: center;\">Intercom<\/th>\n<\/tr>\n<\/thead>\n<tbody>\n<tr>\n<td style=\"border: 1px solid #ddd; padding: 12px;\">User Engagement<\/td>\n<td style=\"border: 1px solid #ddd; padding: 12px; text-align: center; font-weight: bold;\">\u2705 Offers personalized, human-like interactions, enhancing user engagement and satisfaction.<\/td>\n<td style=\"border: 1px solid #ddd; padding: 12px; text-align: center;\">\u274c Provides scripted, predictable interactions.<\/td>\n<\/tr>\n<tr>\n<td style=\"border: 1px solid #ddd; padding: 12px;\">Rule Settings<\/td>\n<td style=\"border: 1px solid #ddd; padding: 12px; text-align: center; font-weight: bold;\">\u2705 Operates autonomously without manual rule-setting, learning from interactions to adapt responses.<\/td>\n<td style=\"border: 1px solid #ddd; padding: 12px; text-align: center;\">\u274c Requires manual rule-setting and predefined scripts for responses.<\/td>\n<\/tr>\n<tr>\n<td style=\"border: 1px solid #ddd; padding: 12px;\">Appointment Booking<\/td>\n<td style=\"border: 1px solid #ddd; padding: 12px; text-align: center; font-weight: bold;\">\u2705 Books meetings directly in your calendar<\/td>\n<td style=\"border: 1px solid #ddd; padding: 12px; text-align: center;\">\u274c Manual scheduling needed<\/td>\n<\/tr>\n<tr>\n<td style=\"border: 1px solid #ddd; padding: 12px;\">Cost Predictability<\/td>\n<td style=\"border: 1px solid #ddd; padding: 12px; text-align: center; font-weight: bold;\">\u2705 Transparent and consistent, facilitating straightforward budgeting.<\/td>\n<td style=\"border: 1px solid #ddd; padding: 12px; text-align: center;\">\u274c Variable costs due to per-seat charges and additional fees, leading to potential unpredictability.<\/td>\n<\/tr>\n<tr>\n<td style=\"border: 1px solid #ddd; padding: 12px;\">Pricing Model<\/td>\n<td style=\"border: 1px solid #ddd; padding: 12px; text-align: center; font-weight: bold;\">$450\/month for unlimited seats.<\/td>\n<td style=\"border: 1px solid #ddd; padding: 12px; text-align: center;\">\u274c $100+ per seat + $1 per AI resolution.<\/td>\n<\/tr>\n<\/tbody>\n<\/table>\n<\/div>\n<p>[\/et_pb_text][\/et_pb_column][\/et_pb_row][et_pb_row _builder_version=&#8221;4.27.4&#8243; _module_preset=&#8221;default&#8221; global_colors_info=&#8221;{}&#8221;][et_pb_column type=&#8221;4_4&#8243; _builder_version=&#8221;4.27.4&#8243; _module_preset=&#8221;default&#8221; global_colors_info=&#8221;{}&#8221;][et_pb_text _builder_version=&#8221;4.27.4&#8243; _module_preset=&#8221;default&#8221; text_text_color=&#8221;#c0c2ca&#8221; background_layout=&#8221;dark&#8221; global_colors_info=&#8221;{}&#8221;]<\/p>\n<h2>Vad Intercom g\u00f6r bra<\/h2>\n<p>Intercom \u00e4r marknadsledande inom produktkommunikation. Det \u00e4r idealiskt f\u00f6r: <\/p>\n<ul>\n<li>Kundintroduktion via produktturer<\/li>\n<li>Livechatt kopplad till din CRM\/helpdesk<\/li>\n<li>Utl\u00f6sa meddelanden baserat p\u00e5 h\u00e4ndelser eller beteende i appen<\/li>\n<\/ul>\n<p>F\u00f6r produktdrivna SaaS-team som vill skala upp kundsupport och onboarding \u00e4r Intercom en kraftfull &#8211; om \u00e4n dyr &#8211; plattform.<\/p>\n<p>[\/et_pb_text][et_pb_text _builder_version=&#8221;4.27.4&#8243; _module_preset=&#8221;default&#8221; text_text_color=&#8221;#c0c2ca&#8221; background_layout=&#8221;dark&#8221; global_colors_info=&#8221;{}&#8221;]<\/p>\n<h2>Problemet: Intercom \u00e4r inte byggt f\u00f6r Top-of-Funnel-f\u00f6rs\u00e4ljningsagenter<\/h2>\n<p>Det \u00e4r h\u00e4r Intercom kommer till korta om du vill bygga LLM-drivna agenter f\u00f6r marknadsf\u00f6ring eller proaktiv upps\u00f6kande:<\/p>\n<ul>\n<li><strong>Begr\u00e4nsad flexibilitet<\/strong> &#8211; botar \u00e4r knutna till din app eller webbplats<\/li>\n<li><strong>Inga klonbara agenter<\/strong> &#8211; det \u00e4r tidskr\u00e4vande att bygga nya arbetsfl\u00f6den<\/li>\n<li><strong>Supportinriktat tankes\u00e4tt<\/strong> &#8211; inte optimerat f\u00f6r f\u00f6rs\u00e4ljning eller kvalificering av leads<\/li>\n<li><strong>Priss\u00e4ttningen v\u00e4xer snabbt<\/strong> &#8211; priss\u00e4ttning per plats g\u00f6r det dyrt att skala upp<\/li>\n<\/ul>\n<p>[\/et_pb_text][et_pb_text _builder_version=&#8221;4.27.4&#8243; _module_preset=&#8221;default&#8221; text_text_color=&#8221;#c0c2ca&#8221; background_layout=&#8221;dark&#8221; global_colors_info=&#8221;{}&#8221; text_font_size__hover_enabled=&#8221;off|desktop&#8221;]<\/p>\n<h2>Varf\u00f6r ChatAgentLab byggdes p\u00e5 ett annorlunda s\u00e4tt<\/h2>\n<p><strong>ChatAgentLab<\/strong> fokuserar p\u00e5 att g\u00f6ra det m\u00f6jligt f\u00f6r f\u00f6retag att bygga <em>s\u00e4ljande AI-agenter<\/em> som driver konverteringar, bokar m\u00f6ten och samlar in kvalificerade leads &#8211; med full kontroll \u00f6ver ton, uppmaningar och beteende.<\/p>\n<p>Plattformen g\u00f6r det ocks\u00e5 m\u00f6jligt f\u00f6r team att skapa <strong>interna AI-agenter<\/strong> som hanterar SOP:er, onboarding, research och automatisering &#8211; allt p\u00e5 ett och samma st\u00e4lle, utan krav p\u00e5 teknisk kompetens.<\/p>\n<ul>\n<li><strong>LLM-inf\u00f6dd:<\/strong> Byggd f\u00f6r ChatGPT, Claude och andra avancerade modeller fr\u00e5n dag ett<\/li>\n<li><strong>Ingen kod:<\/strong> Vem som helst kan bygga, testa och lansera AI-agenter p\u00e5 n\u00e5gra minuter<\/li>\n<li><strong>Distribuera var som helst:<\/strong> P\u00e5 din webbplats, i sociala medier eller som delbar l\u00e4nk<\/li>\n<li><strong>\u00c5teranv\u00e4ndbar logik:<\/strong> Klona toppresterande agenter f\u00f6r nya anv\u00e4ndningsfall eller kanaler<\/li>\n<li><strong>Fast priss\u00e4ttning:<\/strong> Inga kostnader per agent eller per plats<\/li>\n<\/ul>\n<p>Men ChatAgentLab stannar inte vid kundinriktade anv\u00e4ndningsfall &#8211; det driver ocks\u00e5 interna operationer.<\/p>\n<p>[\/et_pb_text][et_pb_text _builder_version=&#8221;4.27.4&#8243; _module_preset=&#8221;default&#8221; text_text_color=&#8221;#c0c2ca&#8221; background_layout=&#8221;dark&#8221; global_colors_info=&#8221;{}&#8221;]<\/p>\n<h2>Interna AI-agenter som arbetar i hela ditt team<\/h2>\n<p>Medan Intercom \u00e4r begr\u00e4nsat till kundinriktad support, <strong>st\u00f6der ChatAgentLab ocks\u00e5 interna AI-agenter<\/strong> som hj\u00e4lper ditt team att arbeta snabbare, smartare och mer konsekvent.<\/p>\n<p>Interna agenter \u00e4r perfekta f\u00f6r:<\/p>\n<ul>\n<li><strong>Utbildning och onboarding<\/strong>: Nya medarbetare kan st\u00e4lla fr\u00e5gor och f\u00e5 konsekventa, policybaserade svar 24\/7.<\/li>\n<li><strong>St\u00f6d f\u00f6r SOP<\/strong>:er: F\u00f6rvandla din f\u00f6retagsdokumentation till en levande agent som f\u00f6rklarar &#8221;hur vi g\u00f6r saker&#8221; steg f\u00f6r steg.<\/li>\n<li><strong>Intern forskning<\/strong>: Bygg agenter som sammanfattar rapporter, extraherar viktig information eller svarar p\u00e5 nischade fr\u00e5gor direkt.<\/li>\n<li><strong>Operationell automatisering<\/strong>: AI-assistenter kan hj\u00e4lpa till att fylla i rapporter, styra arbetsfl\u00f6den eller samla in uppgifter fr\u00e5n olika team.<\/li>\n<\/ul>\n<p>Eftersom allt hanteras i en och samma instrumentpanel \u00e4r dina interna och externa agenter synkroniserade &#8211; inga silos, inga verktyg som byts ut.<\/p>\n<p>[\/et_pb_text][et_pb_text _builder_version=&#8221;4.27.4&#8243; _module_preset=&#8221;default&#8221; text_text_color=&#8221;#c0c2ca&#8221; background_layout=&#8221;dark&#8221; global_colors_info=&#8221;{}&#8221;]<\/p>\n<h2>Hur \u00e4r det med Intercom Fin?<\/h2>\n<p>Intercom lanserade nyligen <strong>Fin<\/strong>, deras AI-drivna supportassistent som bygger p\u00e5 OpenAI:s GPT-4. \u00c4ven om Fin f\u00f6rb\u00e4ttrar svarsautomatiseringen inom Intercom \u00e4r det fortfarande ett <strong>verktyg som f\u00f6rst och fr\u00e4mst<\/strong> \u00e4r inriktat p\u00e5 <strong>support<\/strong>. <\/p>\n<p>Fin \u00e4r utformad f\u00f6r att svara p\u00e5 vanliga fr\u00e5gor, avvisa \u00e4renden och st\u00f6dja anv\u00e4ndare i din app &#8211; inte f\u00f6r att <strong>s\u00e4lja, kvalificera eller konvertera leads i<\/strong> olika kampanjer.<\/p>\n<p><strong>ChatAgentLab<\/strong> \u00e4r d\u00e4remot byggt fr\u00e5n grunden f\u00f6r proaktiva AI-anv\u00e4ndningsfall:<\/p>\n<ul>\n<li><strong>S\u00e4ljfokuserade agenter<\/strong> som kvalificerar leads och bokar m\u00f6ten<\/li>\n<li><strong>Flexibel<\/strong> anv\u00e4ndning p\u00e5 webbplatser, i sociala medier eller som frist\u00e5ende l\u00e4nkar<\/li>\n<li><strong>Klonbar logik<\/strong> f\u00f6r att testa olika uppmaningar, toner och m\u00e5l<\/li>\n<li><strong>Anpassningsbar AI-stack<\/strong> &#8211; inte bunden till en enda modellleverant\u00f6r<\/li>\n<\/ul>\n<p>[\/et_pb_text][et_pb_text _builder_version=&#8221;4.27.4&#8243; _module_preset=&#8221;default&#8221; text_text_color=&#8221;#c0c2ca&#8221; background_layout=&#8221;dark&#8221; hover_enabled=&#8221;0&#8243; global_colors_info=&#8221;{}&#8221; sticky_enabled=&#8221;0&#8243;]<\/p>\n<h2>Conclusion<\/h2>\n<p>If your business depends on proactive sales, lead qualification, or publishing AI agents across multiple channels \u2014 not just inside your app \u2014 then Intercom will likely fall short.<\/p>\n<p><strong>ChatAgentLab<\/strong> gives you a flexible, LLM-native platform designed for growth, without the technical complexity or bloated pricing.<\/p>\n<p><a href=\"https:\/\/chatagentlab.com\/deploy-ai-agent\/\" target=\"_blank\" rel=\"noopener\">\u27a1 Try ChatAgentLab now \u2014 and launch your first AI agent in minutes<\/a>[\/et_pb_text][\/et_pb_column][\/et_pb_row][et_pb_row _builder_version=&#8221;4.27.4&#8243; _module_preset=&#8221;default&#8221; global_colors_info=&#8221;{}&#8221;][et_pb_column type=&#8221;4_4&#8243; _builder_version=&#8221;4.27.4&#8243; _module_preset=&#8221;default&#8221; global_colors_info=&#8221;{}&#8221;][et_pb_button button_url=&#8221;@ET-DC@eyJkeW5hbWljIjp0cnVlLCJjb250ZW50IjoicG9zdF9saW5rX3VybF9wYWdlIiwic2V0dGluZ3MiOnsicG9zdF9pZCI6IjkzMjI2MyJ9fQ==@&#8221; button_text=&#8221;Deploy AI Agent&#8221; button_alignment=&#8221;center&#8221; _builder_version=&#8221;4.27.4&#8243; _dynamic_attributes=&#8221;button_url&#8221; _module_preset=&#8221;default&#8221; custom_button=&#8221;on&#8221; button_text_size=&#8221;16px&#8221; button_bg_color=&#8221;#316de7&#8243; button_bg_use_color_gradient=&#8221;on&#8221; button_bg_color_gradient_direction=&#8221;90deg&#8221; button_bg_color_gradient_stops=&#8221;#2e5be4 0%|#3aa3ee 100%&#8221; button_bg_color_gradient_overlays_image=&#8221;on&#8221; button_border_width=&#8221;0px&#8221; button_border_color=&#8221;#2e5be4&#8243; button_icon=&#8221;&#x45;||divi||400&#8243; button_icon_color=&#8221;#FFFFFF&#8221; background_layout=&#8221;dark&#8221; custom_margin=&#8221;||12px||false|false&#8221; custom_padding=&#8221;10px|30px|10px|30px|false|false&#8221; hover_enabled=&#8221;0&#8243; global_colors_info=&#8221;{}&#8221; sticky_enabled=&#8221;0&#8243;][\/et_pb_button][et_pb_text disabled_on=&#8221;off|off|off&#8221; _builder_version=&#8221;4.27.4&#8243; _module_preset=&#8221;default&#8221; text_orientation=&#8221;center&#8221; background_layout=&#8221;dark&#8221; custom_margin=&#8221;||60px|||&#8221; global_colors_info=&#8221;{}&#8221;]<\/p>\n<p>\ud83d\udc49 <span>\u00a0No coding required<\/span><\/p>\n<p>[\/et_pb_text][\/et_pb_column][\/et_pb_row][\/et_pb_section]<\/p>\n","protected":false},"excerpt":{"rendered":"<p>Comparison ChatAgentLab vs Intercom Intercom har l\u00e4nge varit ledande inom chatbot-l\u00f6sningar och betj\u00e4nar en betydande del av marknaden. ChatAgentLab erbjuder dock mer avancerade funktioner f\u00f6r m\u00e4nniskoliknande interaktioner och en f\u00f6ruts\u00e4gbar priss\u00e4ttningsmodell. J\u00e4mf\u00f6relsetabellen nedan visar hur ChatAgentLab st\u00e5r sig mot Intercom n\u00e4r det g\u00e4ller de funktioner som \u00e4r viktigast f\u00f6r tillv\u00e4xtfokuserade team:\ud83d\udc49 Svep \u00e5t v\u00e4nster f\u00f6r [&hellip;]<\/p>\n","protected":false},"author":1,"featured_media":0,"parent":0,"menu_order":0,"comment_status":"closed","ping_status":"closed","template":"","meta":{"_et_pb_use_builder":"on","_et_pb_old_content":"","_et_gb_content_width":"","inline_featured_image":false,"footnotes":""},"class_list":["post-934805","page","type-page","status-publish","hentry"],"_links":{"self":[{"href":"https:\/\/chatagentlab.com\/sv\/wp-json\/wp\/v2\/pages\/934805","targetHints":{"allow":["GET"]}}],"collection":[{"href":"https:\/\/chatagentlab.com\/sv\/wp-json\/wp\/v2\/pages"}],"about":[{"href":"https:\/\/chatagentlab.com\/sv\/wp-json\/wp\/v2\/types\/page"}],"author":[{"embeddable":true,"href":"https:\/\/chatagentlab.com\/sv\/wp-json\/wp\/v2\/users\/1"}],"replies":[{"embeddable":true,"href":"https:\/\/chatagentlab.com\/sv\/wp-json\/wp\/v2\/comments?post=934805"}],"version-history":[{"count":6,"href":"https:\/\/chatagentlab.com\/sv\/wp-json\/wp\/v2\/pages\/934805\/revisions"}],"predecessor-version":[{"id":935218,"href":"https:\/\/chatagentlab.com\/sv\/wp-json\/wp\/v2\/pages\/934805\/revisions\/935218"}],"wp:attachment":[{"href":"https:\/\/chatagentlab.com\/sv\/wp-json\/wp\/v2\/media?parent=934805"}],"curies":[{"name":"wp","href":"https:\/\/api.w.org\/{rel}","templated":true}]}}