{"id":934782,"date":"2025-02-25T15:12:57","date_gmt":"2025-02-25T15:12:57","guid":{"rendered":"https:\/\/chatagentlab.com\/jamforelse-chatagentlab-vs-chatbots\/"},"modified":"2026-03-25T11:18:32","modified_gmt":"2026-03-25T11:18:32","slug":"jamforelse-chatagentlab-vs-chatbots","status":"publish","type":"page","link":"https:\/\/chatagentlab.com\/sv\/jamforelse-chatagentlab-vs-chatbots\/","title":{"rendered":"J\u00e4mf\u00f6relse ChatAgentLab vs Chatbots"},"content":{"rendered":"<p>[et_pb_section fb_built=&#8221;1&#8243; admin_label=&#8221;Header&#8221; _builder_version=&#8221;4.27.4&#8243; _module_preset=&#8221;default&#8221; background_color=&#8221;gcid-1bcf785a-50e1-437b-b09f-65567babc1de&#8221; background_image=&#8221;https:\/\/chatagentlab.com\/wp-content\/uploads\/2024\/11\/ai-40c.png&#8221; background_size=&#8221;custom&#8221; background_image_width=&#8221;40%&#8221; background_position=&#8221;top_right&#8221; custom_margin=&#8221;||||false|false&#8221; custom_padding=&#8221;||7px||false|false&#8221; collapsed=&#8221;on&#8221; global_colors_info=&#8221;{%22gcid-1bcf785a-50e1-437b-b09f-65567babc1de%22:%91%22background_color%22%93}&#8221;][et_pb_row _builder_version=&#8221;4.24.2&#8243; _module_preset=&#8221;default&#8221; custom_margin=&#8221;||||false|false&#8221; custom_padding=&#8221;||0px||false|false&#8221; global_colors_info=&#8221;{}&#8221;][et_pb_column type=&#8221;4_4&#8243; _builder_version=&#8221;4.19.5&#8243; _module_preset=&#8221;default&#8221; z_index=&#8221;10&#8243; global_colors_info=&#8221;{}&#8221;][et_pb_text _builder_version=&#8221;4.27.4&#8243; _module_preset=&#8221;default&#8221; text_orientation=&#8221;center&#8221; background_layout=&#8221;dark&#8221; width=&#8221;20%&#8221; width_tablet=&#8221;25%&#8221; width_phone=&#8221;45%&#8221; width_last_edited=&#8221;on|phone&#8221; max_width_last_edited=&#8221;off|phone&#8221; module_alignment=&#8221;center&#8221; custom_css_main_element=&#8221;background: linear-gradient(||  to top,||  rgba(55, 181, 255, 0.5) 0%,  \/* 50% opacity of #37B5FF at the bottom *\/||  rgba(55, 181, 255, 0) 100%    \/* Fully transparent at the top *\/||) !important;||||border-radius: 0%;||padding: 0;||&#8221; border_width_bottom=&#8221;1px&#8221; border_color_bottom=&#8221;#37b5ff&#8221; global_module=&#8221;934413&#8243; global_colors_info=&#8221;{}&#8221;]<\/p>\n<p>Comparison<\/p>\n<p>[\/et_pb_text][et_pb_text content_tablet=&#8221;<\/p>\n<h1>D\u00e4r avancerad SEO m\u00f6ter banbrytande hosting-teknik<\/h1>\n<p>&#8221; content_phone=&#8221;<\/p>\n<h1>D\u00e4r avancerad SEO m\u00f6ter banbrytande hosting-teknik<\/h1>\n<p>&#8221; content_last_edited=&#8221;off|desktop&#8221; _builder_version=&#8221;4.27.4&#8243; _module_preset=&#8221;default&#8221; header_font=&#8221;Barlow Semi Condensed|700|||||||&#8221; header_text_align=&#8221;center&#8221; header_text_color=&#8221;#FFFFFF&#8221; header_font_size=&#8221;50px&#8221; header_line_height=&#8221;1.4em&#8221; background_layout=&#8221;dark&#8221; custom_margin=&#8221;|20px|30px|0px|false|false&#8221; custom_padding=&#8221;||0px|||&#8221; custom_padding_tablet=&#8221;&#8221; custom_padding_phone=&#8221;&#8221; custom_padding_last_edited=&#8221;on|phone&#8221; header_font_tablet=&#8221;Roboto|300|||||||&#8221; header_font_phone=&#8221;Roboto|300|||||||&#8221; header_font_last_edited=&#8221;off|desktop&#8221; header_font_size_tablet=&#8221;40px&#8221; header_font_size_phone=&#8221;30px&#8221; header_font_size_last_edited=&#8221;on|phone&#8221; global_colors_info=&#8221;{}&#8221;]<\/p>\n<h1>ChatAgentLab <span style=\"color: #38b6ff;\">vs <\/span>Chatbots<\/h1>\n<h1><\/h1>\n<p>[\/et_pb_text][et_pb_text _builder_version=&#8221;4.27.4&#8243; _module_preset=&#8221;_initial&#8221; text_font=&#8221;Inter||||||||&#8221; text_text_color=&#8221;#c0c2ca&#8221; text_font_size=&#8221;15px&#8221; text_line_height=&#8221;1.8em&#8221; header_font=&#8221;||||||||&#8221; header_4_font=&#8221;Inter|700|||||||&#8221; header_4_text_color=&#8221;#FFFFFF&#8221; header_4_font_size=&#8221;19px&#8221; header_4_line_height=&#8221;1.4em&#8221; background_layout=&#8221;dark&#8221; custom_margin=&#8221;||51px|||&#8221; header_4_font_size_tablet=&#8221;16px&#8221; header_4_font_size_phone=&#8221;15px&#8221; header_4_font_size_last_edited=&#8221;on|desktop&#8221; global_colors_info=&#8221;{}&#8221;]<\/p>\n<p data-start=\"0\" data-end=\"296\">Traditionella chatbots f\u00f6rlitar sig p\u00e5 f\u00f6rdefinierade skript och nyckelord, vilket ofta resulterar i stela och begr\u00e4nsade interaktioner.<\/p>\n<p data-start=\"0\" data-end=\"296\">ChatAgentLab anv\u00e4nder d\u00e4remot avancerad AI f\u00f6r att f\u00f6rst\u00e5 sammanhang och nyanser, vilket m\u00f6jligg\u00f6r dynamiska, m\u00e4nniskoliknande konversationer. Denna utveckling \u00f6kar anv\u00e4ndarnas engagemang och tillfredsst\u00e4llelse. <\/p>\n<div class=\"absolute h-[60px]\">\n<div class=\"flex items-center gap-0.5 text-sm font-medium\"><\/div>\n<\/div>\n<p>[\/et_pb_text][\/et_pb_column][\/et_pb_row][et_pb_row _builder_version=&#8221;4.27.2&#8243; _module_preset=&#8221;default&#8221; global_colors_info=&#8221;{}&#8221;][et_pb_column type=&#8221;4_4&#8243; _builder_version=&#8221;4.27.2&#8243; _module_preset=&#8221;default&#8221; global_colors_info=&#8221;{}&#8221;][et_pb_text disabled_on=&#8221;off|on|on&#8221; _builder_version=&#8221;4.27.4&#8243; _module_preset=&#8221;default&#8221; text_orientation=&#8221;center&#8221; background_layout=&#8221;dark&#8221; global_colors_info=&#8221;{}&#8221;]<\/p>\n<p>\ud83d\udc49 Svep \u00e5t v\u00e4nster f\u00f6r att bl\u00e4ddra i tabellen<\/p>\n<p>[\/et_pb_text][et_pb_text _builder_version=&#8221;4.27.4&#8243; _module_preset=&#8221;default&#8221; text_text_color=&#8221;#FFFFFF&#8221; global_colors_info=&#8221;{}&#8221;]<!-- Add this style block in your head or just before the table code --><\/p>\n<style>\n  @media (max-width: 600px) {\n    .comparison-table col.col-left {\n      width: 35% !important;\n    }\n    .comparison-table col:not(.col-left) {\n      width: 32.5% !important;\n    }\n  }\n  .comparison-table th {\n    white-space: nowrap;\n  }\n<\/style>\n<p><!-- Part 3: How ChatAgentLab Outperforms the Competition (Responsive) --><\/p>\n<div class=\"comparison-table\" style=\"width: 100%; border-collapse: collapse; font-family: 'Inter', sans-serif; font-size: 12px; margin: 40px 0; overflow-x: auto;\">\n<table style=\"width: 100%; border-collapse: collapse; border: 1px solid #ddd; table-layout: fixed;\">\n<colgroup>\n<col class=\"col-left\" style=\"width: 20%;\">\n<col style=\"width: 40%;\">\n<col style=\"width: 40%;\">\n    <\/colgroup>\n<thead>\n<tr>\n<th style=\"background-color: #3b81f7; color: #ffffff; padding: 12px; text-align: left;\">Funktion<\/th>\n<th style=\"background-color: #3b81f7; color: #ffffff; padding: 12px; text-align: center;\">ChatAgentLab<\/th>\n<th style=\"background-color: #3b81f7; color: #ffffff; padding: 12px; text-align: center;\">Chattbottar<\/th>\n<\/tr>\n<\/thead>\n<tbody>\n<tr>\n<td style=\"border: 1px solid #ddd; padding: 12px;\">Svarstid<\/td>\n<td style=\"border: 1px solid #ddd; padding: 12px; text-align: center; font-weight: bold;\">Omedelbar (tillg\u00e4nglighet 24\/7)<\/td>\n<td style=\"border: 1px solid #ddd; padding: 12px; text-align: center;\">F\u00f6rdr\u00f6jd under rusningstrafik<\/td>\n<\/tr>\n<tr>\n<td style=\"border: 1px solid #ddd; padding: 12px;\">Kvalificering av leads<\/td>\n<td style=\"border: 1px solid #ddd; padding: 12px; text-align: center; font-weight: bold;\">\u2705 Kvalificerar leads direkt<\/td>\n<td style=\"border: 1px solid #ddd; padding: 12px; text-align: center;\">\u274c Inkonsekvent kvalificering av leads<\/td>\n<\/tr>\n<tr>\n<td style=\"border: 1px solid #ddd; padding: 12px;\">Bokning av m\u00f6ten<\/td>\n<td style=\"border: 1px solid #ddd; padding: 12px; text-align: center; font-weight: bold;\">\u2705 Bokar m\u00f6ten direkt i din kalender<\/td>\n<td style=\"border: 1px solid #ddd; padding: 12px; text-align: center;\">\u274c Kr\u00e4ver ofta manuell bekr\u00e4ftelse<\/td>\n<\/tr>\n<tr>\n<td style=\"border: 1px solid #ddd; padding: 12px;\">Skalbarhet<\/td>\n<td style=\"border: 1px solid #ddd; padding: 12px; text-align: center; font-weight: bold;\">\u2705 Obegr\u00e4nsat antal konversationer<\/td>\n<td style=\"border: 1px solid #ddd; padding: 12px; text-align: center;\">\u274c Begr\u00e4nsad av skriptade interaktioner<\/td>\n<\/tr>\n<tr>\n<td style=\"border: 1px solid #ddd; padding: 12px;\">Kostnad<\/td>\n<td style=\"border: 1px solid #ddd; padding: 12px; text-align: center; font-weight: bold;\">450 USD\/m\u00e5nad (fast kostnad, inga dolda avgifter)<\/td>\n<td style=\"border: 1px solid #ddd; padding: 12px; text-align: center;\">\u274c Vanligtvis debiteras per anv\u00e4ndare<\/td>\n<\/tr>\n<\/tbody>\n<\/table>\n<\/div>\n<p>[\/et_pb_text][\/et_pb_column][\/et_pb_row][et_pb_row _builder_version=&#8221;4.27.4&#8243; _module_preset=&#8221;default&#8221; global_colors_info=&#8221;{}&#8221;][et_pb_column type=&#8221;4_4&#8243; _builder_version=&#8221;4.27.4&#8243; _module_preset=&#8221;default&#8221; global_colors_info=&#8221;{}&#8221;][et_pb_button button_url=&#8221;@ET-DC@eyJkeW5hbWljIjp0cnVlLCJjb250ZW50IjoicG9zdF9saW5rX3VybF9wYWdlIiwic2V0dGluZ3MiOnsicG9zdF9pZCI6IjkzMjI2MyJ9fQ==@&#8221; button_text=&#8221;Distribuera AI-agent&#8221; button_alignment=&#8221;center&#8221; _builder_version=&#8221;4.27.4&#8243; _dynamic_attributes=&#8221;button_url&#8221; _module_preset=&#8221;default&#8221; custom_button=&#8221;on&#8221; button_text_size=&#8221;16px&#8221; button_bg_color=&#8221;#316de7&#8243; button_bg_use_color_gradient=&#8221;on&#8221; button_bg_color_gradient_direction=&#8221;90deg&#8221; button_bg_color_gradient_stops=&#8221;#2e5be4 0%|#3aa3ee 100%&#8221; button_bg_color_gradient_overlays_image=&#8221;on&#8221; button_border_width=&#8221;0px&#8221; button_border_color=&#8221;#2e5be4&#8243; button_icon=&#8221;&#x45;||divi||400&#8243; button_icon_color=&#8221;#FFFFFF&#8221; background_layout=&#8221;dark&#8221; custom_margin=&#8221;||12px||false|false&#8221; custom_padding=&#8221;10px|30px|10px|30px|false|false&#8221; hover_enabled=&#8221;0&#8243; global_colors_info=&#8221;{}&#8221; sticky_enabled=&#8221;0&#8243;][\/et_pb_button][et_pb_text disabled_on=&#8221;off|off|off&#8221; _builder_version=&#8221;4.27.4&#8243; _module_preset=&#8221;default&#8221; text_orientation=&#8221;center&#8221; background_layout=&#8221;dark&#8221; custom_margin=&#8221;||60px|||&#8221; global_colors_info=&#8221;{}&#8221;]<\/p>\n<p>\ud83d\udc49 <span> Ingen kodning kr\u00e4vs<\/span><\/p>\n<p>[\/et_pb_text][\/et_pb_column][\/et_pb_row][\/et_pb_section]<\/p>\n","protected":false},"excerpt":{"rendered":"<p>Comparison ChatAgentLab vs Chatbots Traditionella chatbots f\u00f6rlitar sig p\u00e5 f\u00f6rdefinierade skript och nyckelord, vilket ofta resulterar i stela och begr\u00e4nsade interaktioner. ChatAgentLab anv\u00e4nder d\u00e4remot avancerad AI f\u00f6r att f\u00f6rst\u00e5 sammanhang och nyanser, vilket m\u00f6jligg\u00f6r dynamiska, m\u00e4nniskoliknande konversationer. Denna utveckling \u00f6kar anv\u00e4ndarnas engagemang och tillfredsst\u00e4llelse. \ud83d\udc49 Svep \u00e5t v\u00e4nster f\u00f6r att bl\u00e4ddra i tabellen Funktion ChatAgentLab [&hellip;]<\/p>\n","protected":false},"author":1,"featured_media":0,"parent":0,"menu_order":0,"comment_status":"closed","ping_status":"closed","template":"","meta":{"_et_pb_use_builder":"on","_et_pb_old_content":"","_et_gb_content_width":"","inline_featured_image":false,"footnotes":""},"class_list":["post-934782","page","type-page","status-publish","hentry"],"_links":{"self":[{"href":"https:\/\/chatagentlab.com\/sv\/wp-json\/wp\/v2\/pages\/934782","targetHints":{"allow":["GET"]}}],"collection":[{"href":"https:\/\/chatagentlab.com\/sv\/wp-json\/wp\/v2\/pages"}],"about":[{"href":"https:\/\/chatagentlab.com\/sv\/wp-json\/wp\/v2\/types\/page"}],"author":[{"embeddable":true,"href":"https:\/\/chatagentlab.com\/sv\/wp-json\/wp\/v2\/users\/1"}],"replies":[{"embeddable":true,"href":"https:\/\/chatagentlab.com\/sv\/wp-json\/wp\/v2\/comments?post=934782"}],"version-history":[{"count":10,"href":"https:\/\/chatagentlab.com\/sv\/wp-json\/wp\/v2\/pages\/934782\/revisions"}],"predecessor-version":[{"id":935251,"href":"https:\/\/chatagentlab.com\/sv\/wp-json\/wp\/v2\/pages\/934782\/revisions\/935251"}],"wp:attachment":[{"href":"https:\/\/chatagentlab.com\/sv\/wp-json\/wp\/v2\/media?parent=934782"}],"curies":[{"name":"wp","href":"https:\/\/api.w.org\/{rel}","templated":true}]}}