{"id":934712,"date":"2025-03-20T10:26:49","date_gmt":"2025-03-20T10:26:49","guid":{"rendered":"https:\/\/chatagentlab.com\/jamforelse\/"},"modified":"2026-03-25T11:17:34","modified_gmt":"2026-03-25T11:17:34","slug":"jamforelse","status":"publish","type":"page","link":"https:\/\/chatagentlab.com\/sv\/jamforelse\/","title":{"rendered":"J\u00e4mf\u00f6relse"},"content":{"rendered":"<p>[et_pb_section fb_built=&#8221;1&#8243; admin_label=&#8221;Header&#8221; _builder_version=&#8221;4.27.4&#8243; _module_preset=&#8221;default&#8221; background_color=&#8221;gcid-1bcf785a-50e1-437b-b09f-65567babc1de&#8221; background_image=&#8221;https:\/\/chatagentlab.com\/wp-content\/uploads\/2024\/11\/ai-40c.png&#8221; background_size=&#8221;custom&#8221; background_image_width=&#8221;40%&#8221; background_position=&#8221;top_right&#8221; custom_margin=&#8221;||||false|false&#8221; custom_padding=&#8221;||7px||false|false&#8221; collapsed=&#8221;on&#8221; global_colors_info=&#8221;{%22gcid-1bcf785a-50e1-437b-b09f-65567babc1de%22:%91%22background_color%22%93}&#8221;][et_pb_row _builder_version=&#8221;4.24.2&#8243; _module_preset=&#8221;default&#8221; custom_margin=&#8221;||||false|false&#8221; custom_padding=&#8221;||0px||false|false&#8221; global_colors_info=&#8221;{}&#8221;][et_pb_column type=&#8221;4_4&#8243; _builder_version=&#8221;4.19.5&#8243; _module_preset=&#8221;default&#8221; z_index=&#8221;10&#8243; global_colors_info=&#8221;{}&#8221;][et_pb_text _builder_version=&#8221;4.27.4&#8243; _module_preset=&#8221;default&#8221; text_orientation=&#8221;center&#8221; background_layout=&#8221;dark&#8221; width=&#8221;20%&#8221; width_tablet=&#8221;25%&#8221; width_phone=&#8221;45%&#8221; width_last_edited=&#8221;on|phone&#8221; max_width_last_edited=&#8221;off|phone&#8221; module_alignment=&#8221;center&#8221; custom_css_main_element=&#8221;background: linear-gradient(||  to top,||  rgba(55, 181, 255, 0.5) 0%,  \/* 50% opacity of #37B5FF at the bottom *\/||  rgba(55, 181, 255, 0) 100%    \/* Fully transparent at the top *\/||) !important;||||border-radius: 0%;||padding: 0;||&#8221; border_width_bottom=&#8221;1px&#8221; border_color_bottom=&#8221;#37b5ff&#8221; global_module=&#8221;934413&#8243; saved_tabs=&#8221;all&#8221; global_colors_info=&#8221;{}&#8221;]<\/p>\n<p>Comparison<\/p>\n<p>[\/et_pb_text][et_pb_text content_tablet=&#8221;<\/p>\n<h1>D\u00e4r avancerad SEO m\u00f6ter banbrytande hosting-teknik<\/h1>\n<p>&#8221; content_phone=&#8221;<\/p>\n<h1>D\u00e4r avancerad SEO m\u00f6ter banbrytande hosting-teknik<\/h1>\n<p>&#8221; content_last_edited=&#8221;off|desktop&#8221; _builder_version=&#8221;4.27.4&#8243; _module_preset=&#8221;default&#8221; header_font=&#8221;Barlow Semi Condensed|700|||||||&#8221; header_text_align=&#8221;center&#8221; header_text_color=&#8221;#FFFFFF&#8221; header_font_size=&#8221;50px&#8221; header_line_height=&#8221;1.4em&#8221; background_layout=&#8221;dark&#8221; custom_margin=&#8221;|20px|30px|0px|false|false&#8221; custom_padding=&#8221;||0px|||&#8221; custom_padding_tablet=&#8221;&#8221; custom_padding_phone=&#8221;&#8221; custom_padding_last_edited=&#8221;on|phone&#8221; header_font_tablet=&#8221;Roboto|300|||||||&#8221; header_font_phone=&#8221;Roboto|300|||||||&#8221; header_font_last_edited=&#8221;off|desktop&#8221; header_font_size_tablet=&#8221;40px&#8221; header_font_size_phone=&#8221;30px&#8221; header_font_size_last_edited=&#8221;on|phone&#8221; global_colors_info=&#8221;{}&#8221;]<\/p>\n<h1>ChatAgentLab <span style=\"color: #38b6ff;\">j\u00e4mf\u00f6rt med <\/span>andra<\/h1>\n<h1><\/h1>\n<p>[\/et_pb_text][et_pb_text _builder_version=&#8221;4.27.4&#8243; _module_preset=&#8221;_initial&#8221; text_font=&#8221;Inter||||||||&#8221; text_text_color=&#8221;#c0c2ca&#8221; text_font_size=&#8221;15px&#8221; text_line_height=&#8221;1.8em&#8221; header_font=&#8221;||||||||&#8221; header_4_font=&#8221;Inter|700|||||||&#8221; header_4_text_color=&#8221;#FFFFFF&#8221; header_4_font_size=&#8221;19px&#8221; header_4_line_height=&#8221;1.4em&#8221; text_orientation=&#8221;center&#8221; background_layout=&#8221;dark&#8221; custom_margin=&#8221;||51px|||&#8221; header_4_font_size_tablet=&#8221;16px&#8221; header_4_font_size_phone=&#8221;15px&#8221; header_4_font_size_last_edited=&#8221;on|desktop&#8221; global_colors_info=&#8221;{}&#8221;]<\/p>\n<p data-start=\"0\" data-end=\"296\">Se hur ChatAgentLab j\u00e4mf\u00f6r sig med andra AI-chattagenter, traditionella chatbots och livechattl\u00f6sningar &#8211; s\u00e5 att du kan v\u00e4lja det smartaste s\u00e4ttet att skala konversationer, b\u00e5de externa och interna.<\/p>\n<div class=\"absolute h-[60px]\">\n<div class=\"flex items-center gap-0.5 text-sm font-medium\"><\/div>\n<\/div>\n<p>[\/et_pb_text][\/et_pb_column][\/et_pb_row][et_pb_row _builder_version=&#8221;4.27.2&#8243; _module_preset=&#8221;default&#8221; global_colors_info=&#8221;{}&#8221;][et_pb_column type=&#8221;4_4&#8243; _builder_version=&#8221;4.27.2&#8243; _module_preset=&#8221;default&#8221; global_colors_info=&#8221;{}&#8221;][et_pb_text disabled_on=&#8221;off|on|on&#8221; _builder_version=&#8221;4.27.4&#8243; _module_preset=&#8221;default&#8221; text_orientation=&#8221;center&#8221; background_layout=&#8221;dark&#8221; global_colors_info=&#8221;{}&#8221;]<\/p>\n<p>\ud83d\udc49 Svep \u00e5t v\u00e4nster f\u00f6r att bl\u00e4ddra i tabellen<\/p>\n<p>[\/et_pb_text][et_pb_code _builder_version=&#8221;4.27.4&#8243; _module_preset=&#8221;default&#8221; global_colors_info=&#8221;{}&#8221;]<!-- \u2705 Scoped Custom CSS to fix border gaps, thin lines, and enforce white text --><!-- [et_pb_line_break_holder] --><\/p>\n<style><!-- [et_pb_line_break_holder] -->\/* Force consistent 1px border on both header and body cells *\/<!-- [et_pb_line_break_holder] -->.comparison-table table th,<!-- [et_pb_line_break_holder] -->.comparison-table table td {<!-- [et_pb_line_break_holder] -->  border: 1px solid #cccccc;<!-- [et_pb_line_break_holder] -->  border-width: 1px;<!-- [et_pb_line_break_holder] -->  color: #ffffff; \/* Ensure white text everywhere *\/<!-- [et_pb_line_break_holder] -->}<!-- [et_pb_line_break_holder] --><!-- [et_pb_line_break_holder] -->\/* Sticky header with proper background and no thin lines *\/<!-- [et_pb_line_break_holder] -->.comparison-table table th {<!-- [et_pb_line_break_holder] -->  background-color: #3b81f7;<!-- [et_pb_line_break_holder] -->  background-clip: border-box;<!-- [et_pb_line_break_holder] -->  position: sticky;<!-- [et_pb_line_break_holder] -->  top: 0;<!-- [et_pb_line_break_holder] -->  z-index: 2;<!-- [et_pb_line_break_holder] -->}<!-- [et_pb_line_break_holder] --><!-- [et_pb_line_break_holder] -->\/* Optional: Ensure clean left and right borders *\/<!-- [et_pb_line_break_holder] -->.comparison-table table th:first-child {<!-- [et_pb_line_break_holder] -->  border-left: 1px solid #cccccc;<!-- [et_pb_line_break_holder] -->}<!-- [et_pb_line_break_holder] --><!-- [et_pb_line_break_holder] -->.comparison-table table th:last-child {<!-- [et_pb_line_break_holder] -->  border-right: 1px solid #cccccc;<!-- [et_pb_line_break_holder] -->}<!-- [et_pb_line_break_holder] --><\/style>\n<p><!-- [et_pb_line_break_holder] --><!-- [et_pb_line_break_holder] --><!-- \u2705 Comparison Table Wrapper --><!-- [et_pb_line_break_holder] --><\/p>\n<div class=\"comparison-table\" style=\"width: 100%; font-family: Inter, sans-serif; font-size: 12px; margin: 40px 0; overflow-x: auto;\"><!-- [et_pb_line_break_holder] --><!-- [et_pb_line_break_holder] -->  <!-- \u2705 Inner scrollable container to enable sticky header --><!-- [et_pb_line_break_holder] -->  <\/p>\n<div style=\"max-height: 600px; overflow-y: auto;\"><!-- [et_pb_line_break_holder] --><!-- [et_pb_line_break_holder] -->    <!-- \u2705 Table with collapse borders for clean lines --><!-- [et_pb_line_break_holder] -->    <\/p>\n<table style=\"width: 100%; border-collapse: collapse; min-width: 800px; color: #ffffff;\"><!-- [et_pb_line_break_holder] --><!-- [et_pb_line_break_holder] -->      <!-- \u2705 Table Header Row --><!-- [et_pb_line_break_holder] -->      <\/p>\n<thead><!-- [et_pb_line_break_holder] -->        <\/p>\n<tr><!-- [et_pb_line_break_holder] -->          <\/p>\n<th style=\"padding: 12px; text-align: left;\">Funktion<\/th>\n<p><!-- [et_pb_line_break_holder] -->          <\/p>\n<th style=\"padding: 12px; text-align: center;\">ChatAgentLab<\/th>\n<p><!-- [et_pb_line_break_holder] -->          <\/p>\n<th style=\"padding: 12px; text-align: center;\">AI-chattagenter<\/th>\n<p><!-- [et_pb_line_break_holder] -->          <\/p>\n<th style=\"padding: 12px; text-align: center;\">Traditionella chatbottar<\/th>\n<p><!-- [et_pb_line_break_holder] -->          <\/p>\n<th style=\"padding: 12px; text-align: center;\">Live Chat-agenter<\/th>\n<p><!-- [et_pb_line_break_holder] -->        <\/tr>\n<p><!-- [et_pb_line_break_holder] -->      <\/thead>\n<p><!-- [et_pb_line_break_holder] --><!-- [et_pb_line_break_holder] -->      <!-- \u2705 Table Body --><!-- [et_pb_line_break_holder] -->      <\/p>\n<tbody><!-- [et_pb_line_break_holder] -->        <\/p>\n<tr><!-- [et_pb_line_break_holder] -->          <\/p>\n<td style=\"padding: 12px;\">AI-drivna konversationer<\/td>\n<p><!-- [et_pb_line_break_holder] -->          <\/p>\n<td style=\"padding: 12px; text-align: center;\">\u2705 LLM + anpassad utbildning<\/td>\n<p><!-- [et_pb_line_break_holder] -->          <\/p>\n<td style=\"padding: 12px; text-align: center;\">\u2705 LLM-driven, begr\u00e4nsad utbildning<\/td>\n<p><!-- [et_pb_line_break_holder] -->          <\/p>\n<td style=\"padding: 12px; text-align: center;\">\u26a0\ufe0f Regelbaserad\/skriptbaserad<\/td>\n<p><!-- [et_pb_line_break_holder] -->          <\/p>\n<td style=\"padding: 12px; text-align: center;\">\u274c Endast m\u00e4nniskor<\/td>\n<p><!-- [et_pb_line_break_holder] -->        <\/tr>\n<p><!-- [et_pb_line_break_holder] --><!-- [et_pb_line_break_holder] -->        <\/p>\n<tr><!-- [et_pb_line_break_holder] -->          <\/p>\n<td style=\"padding: 12px;\">Anpassad datautbildning<\/td>\n<p><!-- [et_pb_line_break_holder] -->          <\/p>\n<td style=\"padding: 12px; text-align: center;\">\u2705 Ladda upp dokument och data<\/td>\n<p><!-- [et_pb_line_break_holder] -->          <\/p>\n<td style=\"padding: 12px; text-align: center;\">\u26a0\ufe0f Begr\u00e4nsad \/ API-baserad<\/td>\n<p><!-- [et_pb_line_break_holder] -->          <\/p>\n<td style=\"padding: 12px; text-align: center;\">\u274c Minimal eller ingen<\/td>\n<p><!-- [et_pb_line_break_holder] -->          <\/p>\n<td style=\"padding: 12px; text-align: center;\">\u2705 M\u00e4nskligt minne (inkonsekvent)<\/td>\n<p><!-- [et_pb_line_break_holder] -->        <\/tr>\n<p><!-- [et_pb_line_break_holder] --><!-- [et_pb_line_break_holder] -->        <\/p>\n<tr><!-- [et_pb_line_break_holder] -->          <\/p>\n<td style=\"padding: 12px;\">St\u00f6d f\u00f6r flera agenter och flera projekt<\/td>\n<p><!-- [et_pb_line_break_holder] -->          <\/p>\n<td style=\"padding: 12px; text-align: center;\">\u2705 St\u00f6d f\u00f6r inf\u00f6dda<\/td>\n<p><!-- [et_pb_line_break_holder] -->          <\/p>\n<td style=\"padding: 12px; text-align: center;\">\u26a0\ufe0f Mestadels ensamagent<\/td>\n<p><!-- [et_pb_line_break_holder] -->          <\/p>\n<td style=\"padding: 12px; text-align: center;\">\u274c Begr\u00e4nsad<\/td>\n<p><!-- [et_pb_line_break_holder] -->          <\/p>\n<td style=\"padding: 12px; text-align: center;\">\u274c Begr\u00e4nsad personalkapacitet<\/td>\n<p><!-- [et_pb_line_break_holder] -->        <\/tr>\n<p><!-- [et_pb_line_break_holder] --><!-- [et_pb_line_break_holder] -->        <\/p>\n<tr><!-- [et_pb_line_break_holder] -->          <\/p>\n<td style=\"padding: 12px;\">Interna och externa anv\u00e4ndningsomr\u00e5den<\/td>\n<p><!-- [et_pb_line_break_holder] -->          <\/p>\n<td style=\"padding: 12px; text-align: center;\">\u2705 Omfattar b\u00e5de<\/td>\n<p><!-- [et_pb_line_break_holder] -->          <\/p>\n<td style=\"padding: 12px; text-align: center;\">\u26a0\ufe0f Mestadels externa<\/td>\n<p><!-- [et_pb_line_break_holder] -->          <\/p>\n<td style=\"padding: 12px; text-align: center;\">\u26a0\ufe0f Mestadels externa<\/td>\n<p><!-- [et_pb_line_break_holder] -->          <\/p>\n<td style=\"padding: 12px; text-align: center;\">\u274c Internt kostsamt att skala upp<\/td>\n<p><!-- [et_pb_line_break_holder] -->        <\/tr>\n<p><!-- [et_pb_line_break_holder] --><!-- [et_pb_line_break_holder] -->        <\/p>\n<tr><!-- [et_pb_line_break_holder] -->          <\/p>\n<td style=\"padding: 12px;\">Utrullning i flera kanaler<\/td>\n<p><!-- [et_pb_line_break_holder] -->          <\/p>\n<td style=\"padding: 12px; text-align: center;\">\u2705 Webb, sociala medier, e-post, chattappar<\/td>\n<p><!-- [et_pb_line_break_holder] -->          <\/p>\n<td style=\"padding: 12px; text-align: center;\">\u26a0\ufe0f Plattformsberoende<\/td>\n<p><!-- [et_pb_line_break_holder] -->          <\/p>\n<td style=\"padding: 12px; text-align: center;\">\u26a0\ufe0f Mestadels endast p\u00e5 webben<\/td>\n<p><!-- [et_pb_line_break_holder] -->          <\/p>\n<td style=\"padding: 12px; text-align: center;\">\u26a0\ufe0f Begr\u00e4nsad av personal<\/td>\n<p><!-- [et_pb_line_break_holder] -->        <\/tr>\n<p><!-- [et_pb_line_break_holder] --><!-- [et_pb_line_break_holder] -->        <\/p>\n<tr><!-- [et_pb_line_break_holder] -->          <\/p>\n<td style=\"padding: 12px;\">Anpassning av uppmaningar och arbetsfl\u00f6den<\/td>\n<p><!-- [et_pb_line_break_holder] -->          <\/p>\n<td style=\"padding: 12px; text-align: center;\">\u2705 Helt anpassningsbar<\/td>\n<p><!-- [et_pb_line_break_holder] -->          <\/p>\n<td style=\"padding: 12px; text-align: center;\">\u26a0\ufe0f Utvecklingsf\u00e4rdigheter beh\u00f6vs<\/td>\n<p><!-- [et_pb_line_break_holder] -->          <\/p>\n<td style=\"padding: 12px; text-align: center;\">\u26a0\ufe0f Endast linj\u00e4ra fl\u00f6den<\/td>\n<p><!-- [et_pb_line_break_holder] -->          <\/p>\n<td style=\"padding: 12px; text-align: center;\">\u274c Beroende av m\u00e4nniskan<\/td>\n<p><!-- [et_pb_line_break_holder] -->        <\/tr>\n<p><!-- [et_pb_line_break_holder] --><!-- [et_pb_line_break_holder] -->        <\/p>\n<tr><!-- [et_pb_line_break_holder] -->          <\/p>\n<td style=\"padding: 12px;\">Analys och kontinuerligt l\u00e4rande<\/td>\n<p><!-- [et_pb_line_break_holder] -->          <\/p>\n<td style=\"padding: 12px; text-align: center;\">\u2705 Inbyggda insikter<\/td>\n<p><!-- [et_pb_line_break_holder] -->          <\/p>\n<td style=\"padding: 12px; text-align: center;\">\u2705 Komplex installation<\/td>\n<p><!-- [et_pb_line_break_holder] -->          <\/p>\n<td style=\"padding: 12px; text-align: center;\">\u26a0\ufe0f Grundl\u00e4ggande rapportering<\/td>\n<p><!-- [et_pb_line_break_holder] -->          <\/p>\n<td style=\"padding: 12px; text-align: center;\">\u26a0\ufe0f Manuell granskning kr\u00e4vs<\/td>\n<p><!-- [et_pb_line_break_holder] -->        <\/tr>\n<p><!-- [et_pb_line_break_holder] --><!-- [et_pb_line_break_holder] -->        <\/p>\n<tr><!-- [et_pb_line_break_holder] -->          <\/p>\n<td style=\"padding: 12px;\">Skalbarhet och kostnadseffektivitet<\/td>\n<p><!-- [et_pb_line_break_holder] -->          <\/p>\n<td style=\"padding: 12px; text-align: center;\">\u2705 Mycket skalbar och kostnadseffektiv<\/td>\n<p><!-- [et_pb_line_break_holder] -->          <\/p>\n<td style=\"padding: 12px; text-align: center;\">\u26a0\ufe0f Kostnaden v\u00e4xer med anv\u00e4ndningen<\/td>\n<p><!-- [et_pb_line_break_holder] -->          <\/p>\n<td style=\"padding: 12px; text-align: center;\">\u26a0\ufe0f Kostsamt n\u00e4r komplexiteten \u00f6kar<\/td>\n<p><!-- [et_pb_line_break_holder] -->          <\/p>\n<td style=\"padding: 12px; text-align: center;\">\u274c Dyrt att skala upp<\/td>\n<p><!-- [et_pb_line_break_holder] -->        <\/tr>\n<p><!-- [et_pb_line_break_holder] --><!-- [et_pb_line_break_holder] -->        <\/p>\n<tr><!-- [et_pb_line_break_holder] -->          <\/p>\n<td style=\"padding: 12px;\">Tillg\u00e4nglighet 24\/7<\/td>\n<p><!-- [et_pb_line_break_holder] -->          <\/p>\n<td style=\"padding: 12px; text-align: center;\">\u2705 Ja, alltid p\u00e5<\/td>\n<p><!-- [et_pb_line_break_holder] -->          <\/p>\n<td style=\"padding: 12px; text-align: center;\">\u2705 Ja<\/td>\n<p><!-- [et_pb_line_break_holder] -->          <\/p>\n<td style=\"padding: 12px; text-align: center;\">\u2705 Om automatiserad<\/td>\n<p><!-- [et_pb_line_break_holder] -->          <\/p>\n<td style=\"padding: 12px; text-align: center;\">\u274c Begr\u00e4nsningar i personalstyrkan<\/td>\n<p><!-- [et_pb_line_break_holder] -->        <\/tr>\n<p><!-- [et_pb_line_break_holder] --><!-- [et_pb_line_break_holder] -->        <\/p>\n<tr><!-- [et_pb_line_break_holder] -->          <\/p>\n<td style=\"padding: 12px;\">Anv\u00e4ndarv\u00e4nlighet f\u00f6r icke-tekniska anv\u00e4ndare<\/td>\n<p><!-- [et_pb_line_break_holder] -->          <\/p>\n<td style=\"padding: 12px; text-align: center;\">\u2705 Enkelt, utan kod<\/td>\n<p><!-- [et_pb_line_break_holder] -->          <\/p>\n<td style=\"padding: 12px; text-align: center;\">\u26a0\ufe0f Fokuserad p\u00e5 utveckling<\/td>\n<p><!-- [et_pb_line_break_holder] -->          <\/p>\n<td style=\"padding: 12px; text-align: center;\">\u26a0\ufe0f Brant inl\u00e4rningskurva<\/td>\n<p><!-- [et_pb_line_break_holder] -->          <\/p>\n<td style=\"padding: 12px; text-align: center;\">\u2705 M\u00e4nniskov\u00e4nlig<\/td>\n<p><!-- [et_pb_line_break_holder] -->        <\/tr>\n<p><!-- [et_pb_line_break_holder] --><!-- [et_pb_line_break_holder] -->      <\/tbody>\n<p><!-- [et_pb_line_break_holder] -->    <\/table>\n<p><!-- [et_pb_line_break_holder] --><!-- [et_pb_line_break_holder] -->  <\/div>\n<p> <!-- End of scrollable container --><!-- [et_pb_line_break_holder] --><\/div>\n<p> <!-- End of comparison table --><!-- [et_pb_line_break_holder] -->[\/et_pb_code][\/et_pb_column][\/et_pb_row][et_pb_row _builder_version=&#8221;4.27.4&#8243; _module_preset=&#8221;default&#8221; global_colors_info=&#8221;{}&#8221;][et_pb_column type=&#8221;4_4&#8243; _builder_version=&#8221;4.27.4&#8243; _module_preset=&#8221;default&#8221; global_colors_info=&#8221;{}&#8221;][et_pb_button button_url=&#8221;@ET-DC@eyJkeW5hbWljIjp0cnVlLCJjb250ZW50IjoicG9zdF9saW5rX3VybF9wYWdlIiwic2V0dGluZ3MiOnsicG9zdF9pZCI6IjkzMjI2MyIsImVuYWJsZV9odG1sIjoib2ZmIn19@&#8221; button_text=&#8221;Distribuera AI-agent&#8221; button_alignment=&#8221;center&#8221; _builder_version=&#8221;4.27.4&#8243; _dynamic_attributes=&#8221;button_url&#8221; _module_preset=&#8221;default&#8221; custom_button=&#8221;on&#8221; button_text_size=&#8221;16px&#8221; button_bg_color=&#8221;#316de7&#8243; button_bg_use_color_gradient=&#8221;on&#8221; button_bg_color_gradient_direction=&#8221;90deg&#8221; button_bg_color_gradient_stops=&#8221;#2e5be4 0%|#3aa3ee 100%&#8221; button_bg_color_gradient_overlays_image=&#8221;on&#8221; button_border_width=&#8221;0px&#8221; button_border_color=&#8221;#2e5be4&#8243; button_icon=&#8221;&#x45;||divi||400&#8243; button_icon_color=&#8221;#FFFFFF&#8221; background_layout=&#8221;dark&#8221; custom_margin=&#8221;||12px||false|false&#8221; custom_padding=&#8221;10px|30px|10px|30px|false|false&#8221; hover_enabled=&#8221;0&#8243; global_colors_info=&#8221;{}&#8221; sticky_enabled=&#8221;0&#8243;][\/et_pb_button][et_pb_text disabled_on=&#8221;off|off|off&#8221; _builder_version=&#8221;4.27.4&#8243; _module_preset=&#8221;default&#8221; text_orientation=&#8221;center&#8221; background_layout=&#8221;dark&#8221; custom_margin=&#8221;||60px|||&#8221; global_colors_info=&#8221;{}&#8221;]<\/p>\n<p>\ud83d\udc49 Ingen kodning kr\u00e4vs<\/p>\n<p>[\/et_pb_text][\/et_pb_column][\/et_pb_row][\/et_pb_section]<\/p>\n","protected":false},"excerpt":{"rendered":"<p>Comparison ChatAgentLab j\u00e4mf\u00f6rt med andra Se hur ChatAgentLab j\u00e4mf\u00f6r sig med andra AI-chattagenter, traditionella chatbots och livechattl\u00f6sningar &#8211; s\u00e5 att du kan v\u00e4lja det smartaste s\u00e4ttet att skala konversationer, b\u00e5de externa och interna. \ud83d\udc49 Svep \u00e5t v\u00e4nster f\u00f6r att bl\u00e4ddra i tabellen\ud83d\udc49 Ingen kodning kr\u00e4vs<\/p>\n","protected":false},"author":1,"featured_media":0,"parent":0,"menu_order":0,"comment_status":"closed","ping_status":"closed","template":"","meta":{"_et_pb_use_builder":"on","_et_pb_old_content":"","_et_gb_content_width":"","inline_featured_image":false,"footnotes":""},"class_list":["post-934712","page","type-page","status-publish","hentry"],"_links":{"self":[{"href":"https:\/\/chatagentlab.com\/sv\/wp-json\/wp\/v2\/pages\/934712","targetHints":{"allow":["GET"]}}],"collection":[{"href":"https:\/\/chatagentlab.com\/sv\/wp-json\/wp\/v2\/pages"}],"about":[{"href":"https:\/\/chatagentlab.com\/sv\/wp-json\/wp\/v2\/types\/page"}],"author":[{"embeddable":true,"href":"https:\/\/chatagentlab.com\/sv\/wp-json\/wp\/v2\/users\/1"}],"replies":[{"embeddable":true,"href":"https:\/\/chatagentlab.com\/sv\/wp-json\/wp\/v2\/comments?post=934712"}],"version-history":[{"count":7,"href":"https:\/\/chatagentlab.com\/sv\/wp-json\/wp\/v2\/pages\/934712\/revisions"}],"predecessor-version":[{"id":935243,"href":"https:\/\/chatagentlab.com\/sv\/wp-json\/wp\/v2\/pages\/934712\/revisions\/935243"}],"wp:attachment":[{"href":"https:\/\/chatagentlab.com\/sv\/wp-json\/wp\/v2\/media?parent=934712"}],"curies":[{"name":"wp","href":"https:\/\/api.w.org\/{rel}","templated":true}]}}