{"id":933910,"date":"2025-04-01T19:20:05","date_gmt":"2025-04-01T19:20:05","guid":{"rendered":"https:\/\/chatagentlab.com\/insikter\/"},"modified":"2025-04-01T20:27:25","modified_gmt":"2025-04-01T20:27:25","slug":"insikter","status":"publish","type":"page","link":"https:\/\/chatagentlab.com\/sv\/insikter\/","title":{"rendered":"Insikter"},"content":{"rendered":"<p>[et_pb_section fb_built=&#8221;1&#8243; custom_padding_last_edited=&#8221;on|phone&#8221; next_background_color=&#8221;#ffffff&#8221; admin_label=&#8221;Blog&#8221; _builder_version=&#8221;4.17.6&#8243; background_color=&#8221;#f5f7fa&#8221; background_enable_image=&#8221;off&#8221; custom_padding_tablet=&#8221;0px||0px||true|false&#8221; custom_padding_phone=&#8221;&#8221; bottom_divider_style=&#8221;arrow&#8221; locked=&#8221;off&#8221; global_colors_info=&#8221;{}&#8221;][et_pb_row custom_padding_last_edited=&#8221;off|phone&#8221; _builder_version=&#8221;4.27.2&#8243; width_tablet=&#8221;100%&#8221; width_phone=&#8221;&#8221; width_last_edited=&#8221;on|phone&#8221; custom_margin=&#8221;||||false|false&#8221; custom_margin_last_edited=&#8221;off|tablet&#8221; custom_padding=&#8221;||||false|false&#8221; custom_padding_phone=&#8221;||||false|false&#8221; global_colors_info=&#8221;{}&#8221;][et_pb_column type=&#8221;4_4&#8243; _builder_version=&#8221;4.16&#8243; global_colors_info=&#8221;{}&#8221;][et_pb_text content_tablet=&#8221;<\/p>\n<h1><span style=%22color: #38b6ff;%22>Insikter<\/span><\/h1>\n<p>&#8221; content_phone=&#8221;<\/p>\n<h1><span style=%22color: #38b6ff;%22>Insikter<\/span><\/h1>\n<p>&#8221; content_last_edited=&#8221;off|desktop&#8221; _builder_version=&#8221;4.27.4&#8243; _module_preset=&#8221;default&#8221; header_font=&#8221;|700|||||||&#8221; header_text_align=&#8221;center&#8221; header_text_color=&#8221;#111828&#8243; header_font_size=&#8221;50px&#8221; header_line_height=&#8221;1.4em&#8221; background_layout=&#8221;dark&#8221; custom_margin=&#8221;|20px|30px|0px|false|false&#8221; custom_padding=&#8221;||0px|||&#8221; custom_padding_tablet=&#8221;50px||||false|false&#8221; custom_padding_phone=&#8221;50px||||false|false&#8221; custom_padding_last_edited=&#8221;on|tablet&#8221; hover_enabled=&#8221;0&#8243; header_font_tablet=&#8221;Roboto|300|||||||&#8221; header_font_phone=&#8221;Roboto|300|||||||&#8221; header_font_last_edited=&#8221;off|desktop&#8221; header_font_size_tablet=&#8221;40px&#8221; header_font_size_phone=&#8221;35px&#8221; header_font_size_last_edited=&#8221;on|tablet&#8221; global_colors_info=&#8221;%91%93&#8243; sticky_enabled=&#8221;0&#8243;]<\/p>\n<h1><span style=\"color: #38b6ff;\">Insikter<\/span><\/h1>\n<p>[\/et_pb_text][et_pb_text _builder_version=&#8221;4.27.4&#8243; _module_preset=&#8221;default&#8221; text_font=&#8221;|700|||||||&#8221; text_font_size=&#8221;16px&#8221; text_orientation=&#8221;center&#8221; custom_padding_tablet=&#8221;|30px||30px|false|false&#8221; custom_padding_phone=&#8221;|30px||30px|false|false&#8221; custom_padding_last_edited=&#8221;on|phone&#8221; global_colors_info=&#8221;%91%93&#8243;]<\/p>\n<p>Skarpare insikter f\u00f6r smartare agenter.<\/p>\n<p>[\/et_pb_text][et_pb_post_slider posts_number=&#8221;5&#8243; include_categories=&#8221;27,20&#8243; show_image=&#8221;off&#8221; use_bg_overlay=&#8221;off&#8221; dot_nav_custom_color=&#8221;rgba(0,0,0,0.25)&#8221; _builder_version=&#8221;4.27.2&#8243; header_font=&#8221;||||||||&#8221; header_text_align=&#8221;center&#8221; header_font_size=&#8221;30px&#8221; header_line_height=&#8221;1.5em&#8221; body_font=&#8221;||||||||&#8221; body_text_align=&#8221;left&#8221; body_font_size=&#8221;16px&#8221; body_line_height=&#8221;2em&#8221; meta_font=&#8221;|600|||||||&#8221; meta_text_color=&#8221;#ff6d29&#8243; background_color=&#8221;rgba(0,0,0,0)&#8221; custom_button=&#8221;on&#8221; button_text_size=&#8221;14px&#8221; button_text_color=&#8221;#3f3fff&#8221; button_border_width=&#8221;2px&#8221; button_border_color=&#8221;#3f3fff&#8221; button_border_radius=&#8221;0px&#8221; button_letter_spacing=&#8221;1px&#8221; button_font=&#8221;|700||on|||||&#8221; button_custom_padding=&#8221;16px|28px|16px|28px|true|true&#8221; background_layout=&#8221;light&#8221; custom_padding=&#8221;0px||90px||false|false&#8221; header_font_size_tablet=&#8221;30px&#8221; header_font_size_phone=&#8221;20px&#8221; header_font_size_last_edited=&#8221;on|phone&#8221; body_font_size_tablet=&#8221;&#8221; body_font_size_phone=&#8221;14px&#8221; body_font_size_last_edited=&#8221;on|desktop&#8221; body_line_height_tablet=&#8221;&#8221; body_line_height_phone=&#8221;1.6em&#8221; body_line_height_last_edited=&#8221;on|desktop&#8221; global_colors_info=&#8221;{}&#8221; button_text_size__hover_enabled=&#8221;off&#8221; button_text_color__hover_enabled=&#8221;off&#8221; button_bg_color__hover=&#8221;#ff8a3d&#8221; button_bg_color__hover_enabled=&#8221;off&#8221; button_border_width__hover_enabled=&#8221;off&#8221; button_border_color__hover=&#8221;#ff8a3d&#8221; button_border_color__hover_enabled=&#8221;off&#8221; button_border_radius__hover=&#8221;100px&#8221; button_border_radius__hover_enabled=&#8221;off&#8221; button_letter_spacing__hover=&#8221;5px&#8221; button_letter_spacing__hover_enabled=&#8221;off&#8221;][\/et_pb_post_slider][\/et_pb_column][\/et_pb_row][\/et_pb_section][et_pb_section fb_built=&#8221;1&#8243; _builder_version=&#8221;4.17.6&#8243; _module_preset=&#8221;default&#8221; global_colors_info=&#8221;{}&#8221;][et_pb_row _builder_version=&#8221;4.17.6&#8243; _module_preset=&#8221;default&#8221; global_colors_info=&#8221;{}&#8221;][et_pb_column type=&#8221;4_4&#8243; _builder_version=&#8221;4.17.6&#8243; _module_preset=&#8221;default&#8221; global_colors_info=&#8221;{}&#8221;][et_pb_blog posts_number=&#8221;6&#8243; include_categories=&#8221;27,20&#8243; show_thumbnail=&#8221;off&#8221; show_more=&#8221;on&#8221; _builder_version=&#8221;4.27.2&#8243; _module_preset=&#8221;default&#8221; global_colors_info=&#8221;{}&#8221;][\/et_pb_blog][\/et_pb_column][\/et_pb_row][\/et_pb_section][et_pb_section fb_built=&#8221;1&#8243; _builder_version=&#8221;4.18.0&#8243; _module_preset=&#8221;default&#8221; custom_padding=&#8221;4px||50px|||&#8221; saved_tabs=&#8221;all&#8221; global_colors_info=&#8221;{}&#8221;][et_pb_row _builder_version=&#8221;4.18.0&#8243; _module_preset=&#8221;default&#8221; global_colors_info=&#8221;{}&#8221;][et_pb_column type=&#8221;4_4&#8243; _builder_version=&#8221;4.18.0&#8243; _module_preset=&#8221;default&#8221; global_colors_info=&#8221;{}&#8221;][et_pb_text _builder_version=&#8221;4.27.2&#8243; _module_preset=&#8221;default&#8221; custom_padding=&#8221;|||20px|false|false&#8221; border_width_left=&#8221;5px&#8221; border_color_left=&#8221;#38b6ff&#8221; global_colors_info=&#8221;%91%93&#8243;]<\/p>\n<p><strong>ANNONS<\/strong><strong><\/strong><\/p>\n<p><strong>Intresserad av att komma ig\u00e5ng med investeringar?<br \/><\/strong><a href=\"https:\/\/med.etoro.com\/B10828_A67536_TClick_Skryptonyheter_topp5.aspx\" rel=\"nofollow noopener\" target=\"_blank\">eToro<\/a> \u00e4r en av de mest k\u00e4nda handelsplattformarna online med \u00f6ver 30 miljoner anv\u00e4ndare och rankas h\u00f6gst upp p\u00e5 v\u00e5r lista \u00f6ver de 5 b\u00e4sta b\u00f6rserna. En hel del extra funktionalitet och innovativa verktyg var avg\u00f6rande f\u00f6r att de rankades h\u00f6gst upp. <\/p>\n<p>[\/et_pb_text][\/et_pb_column][\/et_pb_row][et_pb_row column_structure=&#8221;1_4,1_2,1_4&#8243; _builder_version=&#8221;4.18.0&#8243; _module_preset=&#8221;default&#8221; background_color=&#8221;#FFFFFF&#8221; custom_padding=&#8221;|15px||15px|false|false&#8221; box_shadow_style=&#8221;preset1&#8243; global_colors_info=&#8221;{}&#8221;][et_pb_column type=&#8221;1_4&#8243; _builder_version=&#8221;4.18.0&#8243; _module_preset=&#8221;default&#8221; global_colors_info=&#8221;{}&#8221;][dsm_text_badges main_text=&#8221; &#8221; badges_text=&#8221;Rekommenderas&#8221; badges_background_color=&#8221;#00b800&#8243; _builder_version=&#8221;4.27.2&#8243; _module_preset=&#8221;default&#8221; badges_font=&#8221;Arial|600||on|||||&#8221; badges_text_color=&#8221;#FFFFFF&#8221; badges_letter_spacing=&#8221;1px&#8221; text_orientation=&#8221;center&#8221; global_colors_info=&#8221;{}&#8221;][\/dsm_text_badges][et_pb_image src=&#8221;https:\/\/chatagentlab.com\/wp-content\/uploads\/2025\/02\/etoro-logo.png&#8221; title_text=&#8221;etoro-logo&#8221; align=&#8221;center&#8221; _builder_version=&#8221;4.18.0&#8243; _module_preset=&#8221;default&#8221; custom_margin=&#8221;20px||||false|false&#8221; global_colors_info=&#8221;{}&#8221;][\/et_pb_image][\/et_pb_column][et_pb_column type=&#8221;1_2&#8243; _builder_version=&#8221;4.18.0&#8243; _module_preset=&#8221;default&#8221; global_colors_info=&#8221;{}&#8221;][et_pb_text _builder_version=&#8221;4.20.0&#8243; _module_preset=&#8221;default&#8221; global_colors_info=&#8221;%91%93&#8243;]<\/p>\n<p><span style=\"text-decoration: underline;\">F\u00f6rdelar<\/span><\/p>\n<p><span>\u2714 <\/span>Registrerad hos flera finansiella tillsynsmyndigheter.<\/p>\n<p><span>\u2714 <\/span>L\u00e5ga avgifter.<\/p>\n<p><span>\u2714 \u00c4r f\u00f6r n\u00e4rvarande den mest anv\u00e4ndarv\u00e4nliga plattformen p\u00e5 marknaden. Du kan \u00f6ppna ett konto och g\u00f6ra din f\u00f6rsta handel p\u00e5 n\u00e5gra minuter. <\/span><\/p>\n<p><span>\u2714 S\u00e4ker och popul\u00e4r b\u00f6rs med \u00f6ver 30 miljoner registrerade anv\u00e4ndare.<\/span><\/p>\n<p><span>\u2714 Erbjuder handel i ett brett utbud av tillg\u00e5ngar; aktier, valutor, krypto, r\u00e5varor, ETF:er och index.<\/span><\/p>\n<p>[\/et_pb_text][et_pb_text _builder_version=&#8221;4.20.0&#8243; _module_preset=&#8221;default&#8221; global_colors_info=&#8221;%91%93&#8243;]<\/p>\n<p><span style=\"text-decoration: underline;\">Nackdelar<\/span><\/p>\n<p><strong>\u2717 <\/strong>Inaktivitetsavgift p\u00e5 10 USD om du inte loggar in inom 12 m\u00e5nader.<\/p>\n<p><strong>\u2717 <\/strong>Endast support via biljett, ingen telefonsupport.<\/p>\n<p>[\/et_pb_text][\/et_pb_column][et_pb_column type=&#8221;1_4&#8243; _builder_version=&#8221;4.18.0&#8243; _module_preset=&#8221;default&#8221; global_colors_info=&#8221;{}&#8221;][et_pb_button button_url=&#8221;https:\/\/med.etoro.com\/B12087_A67536_TClick_Sinvestortoplist.aspx&#8221; button_text=&#8221;Bes\u00f6k eToro&#8221; button_alignment=&#8221;center&#8221; _builder_version=&#8221;4.20.0&#8243; _module_preset=&#8221;default&#8221; custom_button=&#8221;on&#8221; button_text_color=&#8221;#FFFFFF&#8221; button_bg_color=&#8221;#31e4c7&#8243; button_font=&#8221;Actor||||||||&#8221; button_icon_color=&#8221;#FFFFFF&#8221; custom_margin=&#8221;||0px||false|false&#8221; global_colors_info=&#8221;{}&#8221;][\/et_pb_button][et_pb_text disabled_on=&#8221;off|off|off&#8221; _builder_version=&#8221;4.27.2&#8243; background_color=&#8221;#EAEAEA&#8221; custom_margin=&#8221;18px|||||&#8221; custom_padding=&#8221;15px|15px|15px|15px&#8221; global_colors_info=&#8221;%91%93&#8243;]<\/p>\n<p style=\"text-align: left;\">Riskvarning: 51% av icke-professionella CFD-konton f\u00f6rlorar pengar.<\/p>\n<p>[\/et_pb_text][et_pb_code _builder_version=&#8221;4.22.2&#8243; _module_preset=&#8221;default&#8221; global_colors_info=&#8221;{}&#8221;]<script type=\"text\/javascript\" src=\"https:\/\/marketing.etorostatic.com\/ext\/latest\/js\/etoro.js\" async defer><\/script>[\/et_pb_code][\/et_pb_column][\/et_pb_row][et_pb_row _builder_version=&#8221;4.18.0&#8243; _module_preset=&#8221;default&#8221; custom_padding=&#8221;40px|||||&#8221; global_colors_info=&#8221;{}&#8221;][et_pb_column type=&#8221;4_4&#8243; _builder_version=&#8221;4.18.0&#8243; _module_preset=&#8221;default&#8221; global_colors_info=&#8221;{}&#8221;][et_pb_icon font_icon=&#8221;&#x3b;||divi||400&#8243; icon_color=&#8221;#31e4c7&#8243; icon_width=&#8221;40px&#8221; _builder_version=&#8221;4.18.0&#8243; _module_preset=&#8221;default&#8221; global_colors_info=&#8221;{}&#8221;][\/et_pb_icon][\/et_pb_column][\/et_pb_row][et_pb_row _builder_version=&#8221;4.18.0&#8243; _module_preset=&#8221;default&#8221; custom_padding=&#8221;5px|||||&#8221; global_colors_info=&#8221;{}&#8221;][et_pb_column type=&#8221;4_4&#8243; _builder_version=&#8221;4.18.0&#8243; _module_preset=&#8221;default&#8221; global_colors_info=&#8221;{}&#8221;][et_pb_text _builder_version=&#8221;4.27.2&#8243; background_color=&#8221;#eaeaea&#8221; custom_padding=&#8221;25px|25px|25px|25px&#8221; global_colors_info=&#8221;%91%93&#8243;]<em><span small=\"\"><strong>Riskvarning:<\/strong> <\/span><\/em><\/p>\n<p>eToro \u00e4r en plattform med flera tillg\u00e5ngar som erbjuder b\u00e5de investering i aktier och kryptotillg\u00e5ngar samt handel med CFD:er.<\/p>\n<p>Observera att CFD:er \u00e4r komplexa instrument och medf\u00f6r en h\u00f6g risk att f\u00f6rlora pengar snabbt p\u00e5 grund av h\u00e4vst\u00e5ngseffekten. 51 % av privatinvesterarna f\u00f6rlorar pengar n\u00e4r de handlar med CFD:er med denna leverant\u00f6r. Du b\u00f6r \u00f6verv\u00e4ga om du f\u00f6rst\u00e5r hur CFD:er fungerar och om du har r\u00e5d att ta den h\u00f6ga risken att f\u00f6rlora dina pengar.  <\/p>\n<p>Tidigare resultat \u00e4r inte en indikation p\u00e5 framtida resultat. Handelshistoriken som presenteras \u00e4r mindre \u00e4n 5 hela \u00e5r och kanske inte r\u00e4cker som grund f\u00f6r investeringsbeslut. <\/p>\n<p>Copy trading \u00e4r en portf\u00f6ljf\u00f6rvaltningstj\u00e4nst som tillhandah\u00e5lls av eToro (Europe) Ltd., som \u00e4r auktoriserat och reglerat av Cyprus Securities and Exchange Commission.<\/p>\n<p>Investeringar i kryptotillg\u00e5ngar \u00e4r mycket volatila och oreglerade i vissa EU-l\u00e4nder. Inget konsumentskydd. Skatt p\u00e5 vinst kan tillkomma.  <\/p>\n<p>eToro USA LLC erbjuder inte CFD:er och g\u00f6r inga utf\u00e4stelser och tar inget ansvar f\u00f6r riktigheten eller fullst\u00e4ndigheten i inneh\u00e5llet i denna publikation, som har utarbetats av v\u00e5r partner med hj\u00e4lp av offentligt tillg\u00e4nglig icke-entitetsspecifik information om eToro.[\/et_pb_text][\/et_pb_column][\/et_pb_row][\/et_pb_section]<\/p>\n","protected":false},"excerpt":{"rendered":"<p>InsikterSkarpare insikter f\u00f6r smartare agenter.ANNONS Intresserad av att komma ig\u00e5ng med investeringar?eToro \u00e4r en av de mest k\u00e4nda handelsplattformarna online med \u00f6ver 30 miljoner anv\u00e4ndare och rankas h\u00f6gst upp p\u00e5 v\u00e5r lista \u00f6ver de 5 b\u00e4sta b\u00f6rserna. En hel del extra funktionalitet och innovativa verktyg var avg\u00f6rande f\u00f6r att de rankades h\u00f6gst upp. <div class=\"et_pb_module dsm_text_badges dsm_text_badges_0  et_pb_bg_layout_light\">\n\t\t\t\t\n\t\t\t\t\n\t\t\t\t\n\t\t\t\t\n\t\t\t\t\n\t\t\t\t\n\t\t\t\t<div class=\"et_pb_module_inner\">\n\t\t\t\t\t<h4 class=\"dsm-text-badges et_pb_module_header\"><span class=\"dsm-text-badges-main\">&#8221;<\/span><span class=\"dsm-badges dsm-badges-after\">New<\/span><\/h4>\n\t\t\t\t<\/div>\n\t\t\t<\/div><\/p>\n","protected":false},"author":1,"featured_media":0,"parent":0,"menu_order":0,"comment_status":"closed","ping_status":"closed","template":"","meta":{"_et_pb_use_builder":"on","_et_pb_old_content":"","_et_gb_content_width":"","inline_featured_image":false,"footnotes":""},"class_list":["post-933910","page","type-page","status-publish","hentry"],"_links":{"self":[{"href":"https:\/\/chatagentlab.com\/sv\/wp-json\/wp\/v2\/pages\/933910","targetHints":{"allow":["GET"]}}],"collection":[{"href":"https:\/\/chatagentlab.com\/sv\/wp-json\/wp\/v2\/pages"}],"about":[{"href":"https:\/\/chatagentlab.com\/sv\/wp-json\/wp\/v2\/types\/page"}],"author":[{"embeddable":true,"href":"https:\/\/chatagentlab.com\/sv\/wp-json\/wp\/v2\/users\/1"}],"replies":[{"embeddable":true,"href":"https:\/\/chatagentlab.com\/sv\/wp-json\/wp\/v2\/comments?post=933910"}],"version-history":[{"count":4,"href":"https:\/\/chatagentlab.com\/sv\/wp-json\/wp\/v2\/pages\/933910\/revisions"}],"predecessor-version":[{"id":933942,"href":"https:\/\/chatagentlab.com\/sv\/wp-json\/wp\/v2\/pages\/933910\/revisions\/933942"}],"wp:attachment":[{"href":"https:\/\/chatagentlab.com\/sv\/wp-json\/wp\/v2\/media?parent=933910"}],"curies":[{"name":"wp","href":"https:\/\/api.w.org\/{rel}","templated":true}]}}