{"id":933768,"date":"2025-02-25T15:53:47","date_gmt":"2025-02-25T15:53:47","guid":{"rendered":"https:\/\/chatagentlab.com\/integritetspolicy\/"},"modified":"2025-03-30T14:44:19","modified_gmt":"2025-03-30T14:44:19","slug":"integritetspolicy","status":"publish","type":"page","link":"https:\/\/chatagentlab.com\/sv\/integritetspolicy\/","title":{"rendered":"Integritetspolicy"},"content":{"rendered":"<p>[et_pb_section fb_built=&#8221;1&#8243; _builder_version=&#8221;4.16&#8243; global_colors_info=&#8221;{}&#8221;][et_pb_row _builder_version=&#8221;4.16&#8243; background_size=&#8221;initial&#8221; background_position=&#8221;top_left&#8221; background_repeat=&#8221;repeat&#8221; global_colors_info=&#8221;{}&#8221;][et_pb_column type=&#8221;4_4&#8243; _builder_version=&#8221;4.16&#8243; custom_padding=&#8221;|||&#8221; global_colors_info=&#8221;{}&#8221; custom_padding__hover=&#8221;|||&#8221;][et_pb_text admin_label=&#8221;Innledning&#8221; _builder_version=&#8221;4.27.4&#8243; global_colors_info=&#8221;%91%93&#8243;]<\/p>\n<h1 style=\"text-align: center;\">Integritetspolicy<\/h1>\n<p style=\"text-align: center;\">Senast uppdaterad 3-feb-2025<\/p>\n<hr>\n<p>ChatAgentLab.com \u00e4r juridiskt bel\u00e4get under det norska f\u00f6retaget Portalen Gruppen AS ((f\u00f6retagsregistreringsnummer. 899551222MVA). Den anv\u00e4ndarinformation vi samlar in \u00e4r n\u00f6dv\u00e4ndig f\u00f6r den tj\u00e4nst vi tillhandah\u00e5ller. Dina uppgifter \u00e4r helt s\u00e4kra hos oss, vi hanterar dem med fokus p\u00e5 s\u00e4kerhet och anv\u00e4ndarv\u00e4nlighet.  <\/p>\n<p>Om du har fyllt i ett kontaktformul\u00e4r eller ett best\u00e4llningsformul\u00e4r lagrar vi den information du sj\u00e4lv har angett f\u00f6r att kunna utf\u00f6ra det du har beg\u00e4rt.<\/p>\n<p>N\u00e4r du anv\u00e4nder v\u00e5r webbplats ger du oss tillg\u00e5ng till information om dig. H\u00e4r kan du l\u00e4sa om vilken information vi samlar in, hur vi g\u00f6r det och vad vi anv\u00e4nder den till. <\/p>\n<p>[\/et_pb_text][et_pb_toggle title=&#8221;Vad \u00e4r personlig information?&#8221; admin_label=&#8221;Hva er personopplysninger?&#8221; _builder_version=&#8221;4.16&#8243; global_colors_info=&#8221;{}&#8221;]<\/p>\n<p>Personuppgifter \u00e4r information som kan kopplas till en person, t.ex. namn, bostadsort, telefonnummer, e-postadress, IP-adress. Information om hur du anv\u00e4nder v\u00e5r webbplats, t.ex. vilka sidor du har bes\u00f6kt, anv\u00e4nds av oss i statistikverktyg som Google Analytics och i annonseringsverktyg. <\/p>\n<p>[\/et_pb_toggle][et_pb_toggle title=&#8221;Vilka regler g\u00e4ller f\u00f6r hanteringen av personuppgifter?&#8221; admin_label=&#8221;Hvilke regler gjelder for h\u00e5ndtering av personopplysninger?&#8221; _builder_version=&#8221;4.16&#8243; global_colors_info=&#8221;{}&#8221;]<\/p>\n<p>Vi \u00e4r ansvariga f\u00f6r behandlingen av personuppgifter som samlas in genom anv\u00e4ndningen av v\u00e5ra tj\u00e4nster. Vi f\u00f6ljer personuppgiftslagen vid behandling av personuppgifter. <\/p>\n<p>N\u00e4r du till\u00e5ter oss att sprida personuppgifter till andra, t.ex. vid inl\u00e4mnande av anbudsformul\u00e4r, kommer dessa att ha ett sj\u00e4lvst\u00e4ndigt ansvar f\u00f6r den fortsatta behandlingen av informationen. Detsamma g\u00e4ller f\u00f6r information som du kan komma att utbyta med andra webbplatser efter att ha f\u00f6ljt l\u00e4nkar p\u00e5 v\u00e5r webbplats. <\/p>\n<p>[\/et_pb_toggle][et_pb_toggle title=&#8221;Vilken information samlar vi in om dig?&#8221; admin_label=&#8221;Hvilken informasjon samler vi om deg?&#8221; _builder_version=&#8221;4.16&#8243; global_colors_info=&#8221;{}&#8221;]<\/p>\n<ul>\n<li>Information som du sj\u00e4lv anger i kontaktformul\u00e4r eller orderformul\u00e4r.<\/li>\n<li>Meddelanden som du skickar via chatt till oss.<\/li>\n<li>Information som du l\u00e4mnar till oss via telefon.<\/li>\n<li>Utv\u00e4rderingar av verksamheten och annan feedback som du ger via tj\u00e4nsten.<\/li>\n<li>Information som vi samlar in om din anv\u00e4ndning av v\u00e5r webbplats.<\/li>\n<li>Vilken teknik du anv\u00e4nder. Om du anv\u00e4nder en b\u00e4rbar dator, surfplatta eller mobil, vilken webbl\u00e4sare du anv\u00e4nder, IP-adress, n\u00e4tverksoperat\u00f6r och liknande. <\/li>\n<li>Vad du g\u00f6r. Till exempel vilka sidor du bes\u00f6ker, vad du klickar p\u00e5 och vilken reklam vi har visat dig.<br \/>Var befinner du dig. Vi kan registrera din geografiska plats baserat p\u00e5 din IP-adress.  <\/li>\n<li>N\u00e4r du s\u00f6ker ett jobb p\u00e5 v\u00e5r karri\u00e4rsida och anger information i ans\u00f6kningsformul\u00e4ret.<\/li>\n<\/ul>\n<p>[\/et_pb_toggle][et_pb_toggle title=&#8221;Information fr\u00e5n andra k\u00e4llor&#8221; admin_label=&#8221;Informasjon fra andre kilder&#8221; _builder_version=&#8221;4.16&#8243; global_colors_info=&#8221;{}&#8221;]<\/p>\n<p>Vi kan f\u00e5 information fr\u00e5n kunder och andra tredje parter som hj\u00e4lper oss att analysera din anv\u00e4ndning av v\u00e5r webbplats f\u00f6r att f\u00f6rb\u00e4ttra v\u00e5r service. Till exempel kan en annons\u00f6r f\u00f6rse oss med information om vad som h\u00e4nde efter att du klickade p\u00e5 en annons hos oss. <\/p>\n<p>[\/et_pb_toggle][et_pb_toggle title=&#8221;Vad anv\u00e4nds informationen till?&#8221; admin_label=&#8221;Hva brukes informasjonen til?&#8221; _builder_version=&#8221;4.16&#8243; global_colors_info=&#8221;{}&#8221;]<\/p>\n<p>Vi arbetar st\u00e4ndigt f\u00f6r att ge dig en personlig och bra upplevelse p\u00e5 v\u00e5r webbplats. Detta g\u00f6rs genom att anv\u00e4nda coockies och pixelkoder f\u00f6r att sp\u00e5ra information d\u00e4r de huvudsakliga syftena \u00e4r: <\/p>\n<ul>\n<li>Tillhandah\u00e5lla de tj\u00e4nster du f\u00f6rv\u00e4ntar dig av oss.<\/li>\n<li>Tillhandah\u00e5lla en snabbare webbplatshastighet n\u00e4r du anv\u00e4nder cookies.<\/li>\n<li>F\u00f6rst\u00e5 v\u00e5ra anv\u00e4ndares behov genom statistik. Vi analyserar data fr\u00e5n stora grupper f\u00f6r att f\u00f6rb\u00e4ttra och vidareutveckla v\u00e5r tj\u00e4nst. <\/li>\n<li>Anpassa annonser f\u00f6r dig och dina intressen. Vi kan till exempel visa dig annonser om du har bes\u00f6kt v\u00e5r webbplats utan att skicka in en beg\u00e4ran. <\/li>\n<li>F\u00f6rhindra o\u00f6nskad eller kriminell aktivitet. Det \u00e4r mycket viktigt f\u00f6r oss att se till att v\u00e5r webbplats \u00e4r s\u00e4ker. D\u00e4rf\u00f6r g\u00f6r vi vad vi kan f\u00f6r att f\u00f6rhindra o\u00f6nskad eller kriminell aktivitet.  <\/li>\n<\/ul>\n<p>[\/et_pb_toggle][et_pb_toggle title=&#8221;Marknadsf\u00f6ring och enk\u00e4ter&#8221; admin_label=&#8221;Markedsf\u00f8ring og sp\u00f8rreunders\u00f8kelser&#8221; _builder_version=&#8221;4.16&#8243; global_colors_info=&#8221;{}&#8221;]<\/p>\n<p>Om du har svarat ja p\u00e5 att du vill f\u00e5 relevant information kan vi skicka information om v\u00e5ra tj\u00e4nster via e-post, enk\u00e4ter eller andra typer av meddelanden. Du kan v\u00e4lja att \u00e5terkalla ditt samtycke om du inte l\u00e4ngre vill ta emot n\u00e5gon information. All marknadsf\u00f6ring som vi skickar ut p\u00e5 detta s\u00e4tt f\u00f6ljer reglerna f\u00f6r marknadsf\u00f6ring i Norge.  <\/p>\n<p>[\/et_pb_toggle][et_pb_toggle title=&#8221;Delas informationen med andra?&#8221; admin_label=&#8221;Deles informasjonen med andre?&#8221; _builder_version=&#8221;4.16&#8243; global_colors_info=&#8221;{}&#8221;]<\/p>\n<p>Information som du har fyllt i kontaktformul\u00e4r eller orderformul\u00e4r kommer aldrig att delas med n\u00e5got annat f\u00f6retag. Information om dig och din anv\u00e4ndning av v\u00e5r webbplats och v\u00e5ra tj\u00e4nster delas endast med leverant\u00f6rerna av de s\u00e4kerhetsverktyg som vi anv\u00e4nder och med statistikverktyg s\u00e5som Google Analytics, Google Tag Manager, Google AdWords, Facebook Ads och liknande annonssystem. <\/p>\n<p>Vi kommer inte att dela, s\u00e4lja, sprida eller p\u00e5 annat s\u00e4tt avsl\u00f6ja personlig information om dig annat \u00e4n vad som anges i denna sekretesspolicy.<\/p>\n<p>[\/et_pb_toggle][et_pb_toggle title=&#8221;Hur kan jag hantera information om mig?&#8221; admin_label=&#8221;Hvordan kan jeg administrere informasjon om meg?&#8221; _builder_version=&#8221;4.16&#8243; global_colors_info=&#8221;{}&#8221;]<\/p>\n<p><strong>Uppdatera personlig information<\/strong><\/p>\n<p>Om du vill att vi ska uppdatera\/\u00e4ndra dina uppgifter kan du kontakta oss via det kontaktformul\u00e4r som finns p\u00e5 sidan &#8221;Kontakta oss&#8221;.<\/p>\n<p><strong>Radering av personuppgifter<\/strong><\/p>\n<p>Vi lagrar inte personuppgifter l\u00e4ngre och i st\u00f6rre utstr\u00e4ckning \u00e4n vad som \u00e4r n\u00f6dv\u00e4ndigt f\u00f6r att uppfylla \u00e4ndam\u00e5let med behandlingen om det inte kr\u00e4vs enligt lag, till exempel genom bokf\u00f6ringslagen. Vi har omfattande rutiner f\u00f6r radering och anonymisering. Du kan \u00e4ven beg\u00e4ra att f\u00e5 tillg\u00e5ng till de personuppgifter vi har om dig och att f\u00e5 information borttagen fr\u00e5n din anv\u00e4ndarprofil.  <\/p>\n<p>Huvudregeln \u00e4r att personuppgifterna inte l\u00e4ngre lagras f\u00f6r det \u00e4ndam\u00e5l de \u00e4r avsedda att tj\u00e4na. Information i coockies raderas med fasta tidsintervall om 1 m\u00e5nad. Denna information kommer att lagras permanent tills du skickar ett raderingsmeddelande till oss:  <\/p>\n<p>Personuppgifter som l\u00e4mnas i kontaktformul\u00e4r lagras i v\u00e5rt interna CRM-system f\u00f6r att h\u00e5lla reda p\u00e5 kunddialogen.<\/p>\n<p>De personuppgifter som l\u00e4mnas i orderblanketterna lagras som bekr\u00e4ftelse p\u00e5 den best\u00e4llning du har gjort och beh\u00f6vs f\u00f6r att ge dig tillg\u00e5ng till v\u00e5r s\u00e4kerhetsapplikation. V\u00e5ra orderformul\u00e4r ers\u00e4tter traditionella avtal eftersom vi f\u00f6rs\u00f6ker vara 100% pappersl\u00f6sa. <\/p>\n<p>&nbsp;<\/p>\n<p>Om du beg\u00e4r att dina personuppgifter ska raderas kommer vi att radera all din information.<br \/>Observera att du \u00e4ven kan st\u00e4nga av eller radera cookies i din webbl\u00e4sare. Att st\u00e4nga av eller radera cookies kan dock f\u00f6r\u00e4ndra din anv\u00e4ndarupplevelse p\u00e5 en webbplats, och ibland fungerar webbplatsen inte lika bra l\u00e4ngre. <\/p>\n<p>[\/et_pb_toggle][et_pb_toggle title=&#8221;Sponsrade l\u00e4nkar&#8221; admin_label=&#8221;Sponsede lenker&#8221; _builder_version=&#8221;4.16&#8243; global_colors_info=&#8221;{}&#8221;]<\/p>\n<p>I vissa fall kan vi rekommendera olika produkter och tj\u00e4nster. I de fall vi anv\u00e4nder sponsrade l\u00e4nkar informerar vi om det. Om du best\u00e4ller n\u00e5got via en s\u00e5dan l\u00e4nk f\u00e5r Portalen Gruppen AS en andel av f\u00f6rs\u00e4ljningen. N\u00e4r du klickar p\u00e5 en s\u00e5dan l\u00e4nk lagras en cookie i din webbl\u00e4sare f\u00f6r att det ska vara m\u00f6jligt att sp\u00e5ra en eventuell best\u00e4llning.   <\/p>\n<p>[\/et_pb_toggle][et_pb_toggle title=&#8221;Implementering av f\u00f6r\u00e4ndringar&#8221; admin_label=&#8221;Gjennomf\u00f8ring av endringer&#8221; _builder_version=&#8221;4.16&#8243; global_colors_info=&#8221;{}&#8221;]<\/p>\n<p>Vi kommer ibland att uppdatera denna sekretesspolicy f\u00f6r att \u00e5terspegla \u00e4ndringar p\u00e5 webbplatsen eller i v\u00e5r sekretesspolicy. Den aktuella integritetspolicyn kommer alltid att finnas tillg\u00e4nglig p\u00e5 v\u00e5r webbplats. <\/p>\n<p>[\/et_pb_toggle][et_pb_text admin_label=&#8221;Kontakt&#8221; _builder_version=&#8221;4.16&#8243; global_colors_info=&#8221;%91%93&#8243;]<\/p>\n<p>Om du har n\u00e5gra fr\u00e5gor eller f\u00f6rslag om personlig information p\u00e5 denna webbplats kan du kontakta oss genom att fylla i v\u00e5rt kontaktformul\u00e4r p\u00e5 sidan &#8221;Kontakta oss&#8221; som du hittar i menyn.<\/p>\n<p>[\/et_pb_text][\/et_pb_column][\/et_pb_row][\/et_pb_section]<\/p>\n","protected":false},"excerpt":{"rendered":"<p>Integritetspolicy Senast uppdaterad 3-feb-2025 ChatAgentLab.com \u00e4r juridiskt bel\u00e4get under det norska f\u00f6retaget Portalen Gruppen AS ((f\u00f6retagsregistreringsnummer. 899551222MVA). Den anv\u00e4ndarinformation vi samlar in \u00e4r n\u00f6dv\u00e4ndig f\u00f6r den tj\u00e4nst vi tillhandah\u00e5ller. Dina uppgifter \u00e4r helt s\u00e4kra hos oss, vi hanterar dem med fokus p\u00e5 s\u00e4kerhet och anv\u00e4ndarv\u00e4nlighet. Om du har fyllt i ett kontaktformul\u00e4r eller ett best\u00e4llningsformul\u00e4r [&hellip;]<\/p>\n","protected":false},"author":1,"featured_media":0,"parent":0,"menu_order":0,"comment_status":"closed","ping_status":"closed","template":"","meta":{"_et_pb_use_builder":"on","_et_pb_old_content":"","_et_gb_content_width":"","inline_featured_image":false,"footnotes":""},"class_list":["post-933768","page","type-page","status-publish","hentry"],"_links":{"self":[{"href":"https:\/\/chatagentlab.com\/sv\/wp-json\/wp\/v2\/pages\/933768","targetHints":{"allow":["GET"]}}],"collection":[{"href":"https:\/\/chatagentlab.com\/sv\/wp-json\/wp\/v2\/pages"}],"about":[{"href":"https:\/\/chatagentlab.com\/sv\/wp-json\/wp\/v2\/types\/page"}],"author":[{"embeddable":true,"href":"https:\/\/chatagentlab.com\/sv\/wp-json\/wp\/v2\/users\/1"}],"replies":[{"embeddable":true,"href":"https:\/\/chatagentlab.com\/sv\/wp-json\/wp\/v2\/comments?post=933768"}],"version-history":[{"count":4,"href":"https:\/\/chatagentlab.com\/sv\/wp-json\/wp\/v2\/pages\/933768\/revisions"}],"predecessor-version":[{"id":933772,"href":"https:\/\/chatagentlab.com\/sv\/wp-json\/wp\/v2\/pages\/933768\/revisions\/933772"}],"wp:attachment":[{"href":"https:\/\/chatagentlab.com\/sv\/wp-json\/wp\/v2\/media?parent=933768"}],"curies":[{"name":"wp","href":"https:\/\/api.w.org\/{rel}","templated":true}]}}