{"id":933706,"date":"2025-02-25T16:32:04","date_gmt":"2025-02-25T16:32:04","guid":{"rendered":"https:\/\/chatagentlab.com\/om-oss\/"},"modified":"2025-04-05T13:30:56","modified_gmt":"2025-04-05T13:30:56","slug":"om-oss","status":"publish","type":"page","link":"https:\/\/chatagentlab.com\/sv\/om-oss\/","title":{"rendered":"Om oss"},"content":{"rendered":"<p>[et_pb_section fb_built=&#8221;1&#8243; admin_label=&#8221;Header&#8221; _builder_version=&#8221;4.22.2&#8243; _module_preset=&#8221;default&#8221; background_color=&#8221;#01012c&#8221; background_image=&#8221;https:\/\/chatagentlab.com\/wp-content\/uploads\/2024\/11\/ai-40c.png&#8221; background_size=&#8221;custom&#8221; background_image_width=&#8221;40%&#8221; background_position=&#8221;top_right&#8221; custom_padding=&#8221;||4px|||&#8221; collapsed=&#8221;on&#8221; global_colors_info=&#8221;{}&#8221;][et_pb_row _builder_version=&#8221;4.19.2&#8243; _module_preset=&#8221;default&#8221; max_width=&#8221;800px&#8221; custom_padding=&#8221;||2px|||&#8221; global_colors_info=&#8221;{}&#8221;][et_pb_column type=&#8221;4_4&#8243; _builder_version=&#8221;4.19.2&#8243; _module_preset=&#8221;default&#8221; global_colors_info=&#8221;{}&#8221;][et_pb_text _builder_version=&#8221;4.27.4&#8243; _module_preset=&#8221;13ecf174-a85f-4b15-a628-8b5ff9cad808&#8243; text_font=&#8221;Roboto Mono|700||on|||||&#8221; text_text_color=&#8221;#0cf57e&#8221; text_letter_spacing=&#8221;1px&#8221; text_line_height=&#8221;1.4em&#8221; header_4_font=&#8221;Roboto Mono|700||on|||||&#8221; header_4_text_color=&#8221;gcid-afa30cf2-6f5d-4b9c-aa39-7dbe1ac3b7a3&#8243; header_4_font_size=&#8221;14px&#8221; header_4_letter_spacing=&#8221;1px&#8221; header_4_line_height=&#8221;1.4em&#8221; text_orientation=&#8221;center&#8221; background_layout=&#8221;dark&#8221; custom_margin=&#8221;||40px||false|false&#8221; global_colors_info=&#8221;{%22gcid-afa30cf2-6f5d-4b9c-aa39-7dbe1ac3b7a3%22:%91%22header_4_text_color%22%93}&#8221;]<\/p>\n<p>Om oss<\/p>\n<p>[\/et_pb_text][et_pb_text _builder_version=&#8221;4.27.4&#8243; _module_preset=&#8221;8e273380-1068-4038-a309-b925436b563f&#8221; header_font=&#8221;|700|||||||&#8221; header_text_color=&#8221;#FFFFFF&#8221; header_font_size=&#8221;48px&#8221; header_line_height=&#8221;1.2em&#8221; text_orientation=&#8221;center&#8221; custom_margin=&#8221;||10px||false|false&#8221; header_font_size_tablet=&#8221;48px&#8221; header_font_size_phone=&#8221;48px&#8221; header_font_size_last_edited=&#8221;on|tablet&#8221; global_colors_info=&#8221;%91%93&#8243;]<\/p>\n<h1>V\u00e5rt uppdrag<\/h1>\n<p>[\/et_pb_text][et_pb_text _builder_version=&#8221;4.27.4&#8243; _module_preset=&#8221;7369261f-e2bd-4270-88cf-66d1382ff00a&#8221; text_font_size=&#8221;16px&#8221; text_line_height=&#8221;1.9em&#8221; header_font=&#8221;||||||||&#8221; header_4_font=&#8221;Inter|700|||||||&#8221; header_4_text_color=&#8221;#FFFFFF&#8221; header_4_font_size=&#8221;19px&#8221; header_4_line_height=&#8221;1.4em&#8221; text_orientation=&#8221;center&#8221; background_layout=&#8221;dark&#8221; custom_margin=&#8221;||60px|||&#8221; hover_enabled=&#8221;0&#8243; header_4_font_size_tablet=&#8221;16px&#8221; header_4_font_size_phone=&#8221;15px&#8221; header_4_font_size_last_edited=&#8221;on|desktop&#8221; global_colors_info=&#8221;%91%93&#8243; text_font=&#8221;Inter||||||||&#8221; text_text_color=&#8221;#c0c2ca&#8221; sticky_enabled=&#8221;0&#8243;]<\/p>\n<p>V\u00e5rt uppdrag \u00e4r att st\u00e4rka f\u00f6retag genom att tillhandah\u00e5lla en plattform utan kod som g\u00f6r det m\u00f6jligt att skapa anpassade AI-agenter p\u00e5 n\u00e5gra minuter. Genom att utnyttja den senaste AI-tekniken erbjuder v\u00e5r l\u00f6sning funktioner som kan j\u00e4mf\u00f6ras med plattformar som skulle kosta miljoner att utveckla internt, allt fr\u00e5n endast 450 $ per m\u00e5nad. <\/p>\n<p>[\/et_pb_text][\/et_pb_column][\/et_pb_row][\/et_pb_section][et_pb_section fb_built=&#8221;1&#8243; admin_label=&#8221;Header&#8221; _builder_version=&#8221;4.22.2&#8243; _module_preset=&#8221;default&#8221; background_color=&#8221;#01012c&#8221; background_enable_image=&#8221;off&#8221; background_size=&#8221;custom&#8221; background_image_width=&#8221;40%&#8221; background_position=&#8221;top_right&#8221; custom_padding=&#8221;4px||4px|||&#8221; collapsed=&#8221;on&#8221; global_colors_info=&#8221;{}&#8221;][et_pb_row custom_padding_last_edited=&#8221;on|phone&#8221; _builder_version=&#8221;4.27.4&#8243; _module_preset=&#8221;default&#8221; custom_padding=&#8221;|300px||300px|false|false&#8221; custom_padding_tablet=&#8221;|150px|0px|150px|false|false&#8221; custom_padding_phone=&#8221;|40px|0px|40px|false|false&#8221; global_colors_info=&#8221;{}&#8221;][et_pb_column type=&#8221;4_4&#8243; _builder_version=&#8221;4.27.4&#8243; _module_preset=&#8221;default&#8221; background_color=&#8221;gcid-f1f9244b-c8ab-43e1-95c3-c0bdf69ac7b5&#8243; custom_padding=&#8221;60px|10px|60px|10px|true|true&#8221; custom_padding_tablet=&#8221;50px|10px|50px|10px|true|true&#8221; custom_padding_phone=&#8221;40px|10px|40px|10px|true|true&#8221; custom_padding_last_edited=&#8221;on|desktop&#8221; border_radii=&#8221;on|40px|40px|40px|40px&#8221; global_colors_info=&#8221;{%22gcid-f1f9244b-c8ab-43e1-95c3-c0bdf69ac7b5%22:%91%22background_color%22%93}&#8221;][et_pb_image src=&#8221;https:\/\/chatagentlab.com\/wp-content\/uploads\/2025\/03\/Andreas_Torgersen_ChatAgentLab.jpeg&#8221; title_text=&#8221;Andreas_Torgersen_ChatAgentLab&#8221; align=&#8221;center&#8221; _builder_version=&#8221;4.27.4&#8243; _module_preset=&#8221;default&#8221; max_width=&#8221;70%&#8221; global_colors_info=&#8221;{}&#8221;][\/et_pb_image][et_pb_text _builder_version=&#8221;4.22.2&#8243; _module_preset=&#8221;cafa8a02-6239-4a76-8c0f-55c4563b8fa7&#8243; header_font=&#8221;||||||||&#8221; header_4_font=&#8221;Inter|700|||||||&#8221; header_4_text_color=&#8221;#FFFFFF&#8221; header_4_font_size=&#8221;19px&#8221; header_4_line_height=&#8221;1.4em&#8221; text_orientation=&#8221;center&#8221; custom_margin=&#8221;||10px||false|false&#8221; header_4_font_size_tablet=&#8221;16px&#8221; header_4_font_size_phone=&#8221;15px&#8221; header_4_font_size_last_edited=&#8221;on|desktop&#8221; global_colors_info=&#8221;%91%93&#8243;]<\/p>\n<h4>Andreas Torgersen<\/h4>\n<p>[\/et_pb_text][et_pb_text _builder_version=&#8221;4.27.4&#8243; _module_preset=&#8221;2e3a207b-b9e6-443f-98fc-665122639bde&#8221; text_text_color=&#8221;rgba(255,255,255,0.75)&#8221; text_line_height=&#8221;1.6em&#8221; text_orientation=&#8221;center&#8221; header_font_size_tablet=&#8221;55px&#8221; header_font_size_last_edited=&#8221;off|desktop&#8221; global_colors_info=&#8221;%91%93&#8243;]<\/p>\n<p>Grundare och strategisk r\u00e5dgivare<\/p>\n<p>[\/et_pb_text][\/et_pb_column][\/et_pb_row][et_pb_row _builder_version=&#8221;4.19.2&#8243; _module_preset=&#8221;default&#8221; max_width=&#8221;800px&#8221; global_colors_info=&#8221;{}&#8221;][et_pb_column type=&#8221;4_4&#8243; _builder_version=&#8221;4.19.2&#8243; _module_preset=&#8221;default&#8221; global_colors_info=&#8221;{}&#8221;][et_pb_text _builder_version=&#8221;4.27.4&#8243; _module_preset=&#8221;4acd85e9-2b32-4d81-bf4f-8716e13871f6&#8243; text_text_color=&#8221;#c0c2ca&#8221; text_line_height=&#8221;1.8em&#8221; hover_enabled=&#8221;0&#8243; text_font_size_tablet=&#8221;15px&#8221; text_font_size_phone=&#8221;14px&#8221; text_font_size_last_edited=&#8221;off|desktop&#8221; header_font_size_tablet=&#8221;55px&#8221; header_font_size_last_edited=&#8221;off|desktop&#8221; global_colors_info=&#8221;%91%93&#8243; sticky_enabled=&#8221;0&#8243;]<\/p>\n<p data-start=\"0\" data-end=\"360\">Som grundare av ChatAgentLab drivs jag av en unik vision: att demokratisera tillg\u00e5ngen till avancerad AI-teknik f\u00f6r f\u00f6retag i alla storlekar. I dagens snabbt utvecklande digitala landskap kan m\u00f6jligheten att distribuera sofistikerade AI-agenter vara en spelv\u00e4xlare, men hindren f\u00f6r kostnad och teknisk komplexitet har ofta placerat denna kraft utom r\u00e4ckh\u00e5ll f\u00f6r m\u00e5nga. <\/p>\n<p data-start=\"362\" data-end=\"626\">N\u00e4r jag reflekterade \u00f6ver mina egna erfarenheter ins\u00e5g jag de utmaningar som f\u00f6retag st\u00e5r inf\u00f6r n\u00e4r det g\u00e4ller att integrera AI-l\u00f6sningar utan omfattande resurser eller specialiserad expertis. Denna insikt inspirerade till skapandet av ChatAgentLab &#8211; en plattform som \u00e4r utformad f\u00f6r att bryta ner dessa hinder. <\/p>\n<p data-start=\"628\" data-end=\"923\">V\u00e5rt uppdrag \u00e4r att st\u00e4rka f\u00f6retag genom att tillhandah\u00e5lla en plattform utan kod som g\u00f6r det m\u00f6jligt att skapa anpassade AI-agenter p\u00e5 n\u00e5gra minuter. Genom att utnyttja den senaste AI-tekniken erbjuder v\u00e5r l\u00f6sning funktioner som kan j\u00e4mf\u00f6ras med plattformar som skulle kosta miljoner att utveckla internt, allt fr\u00e5n endast 450 $ per m\u00e5nad. <\/p>\n<p data-start=\"925\" data-end=\"1305\">Genom att erbjuda en prisv\u00e4rd och anv\u00e4ndarv\u00e4nlig plattform str\u00e4var vi efter att j\u00e4mna ut spelplanen och g\u00f6ra det m\u00f6jligt f\u00f6r f\u00f6retag att utnyttja AI:s omvandlingspotential utan o\u00f6verkomliga kostnader eller tekniska hinder. Vi str\u00e4var efter kontinuerlig innovation och support f\u00f6r att s\u00e4kerst\u00e4lla att v\u00e5ra kunder s\u00f6ml\u00f6st kan integrera AI i sin verksamhet och f\u00f6rbli konkurrenskraftiga p\u00e5 sina respektive marknader. <\/p>\n<p data-start=\"1307\" data-end=\"1382\">Tack f\u00f6r att du \u00f6verv\u00e4ger ChatAgentLab som din partner i AI-driven tillv\u00e4xt.<\/p>\n<p>[\/et_pb_text][\/et_pb_column][\/et_pb_row][et_pb_row _builder_version=&#8221;4.19.2&#8243; _module_preset=&#8221;default&#8221; max_width=&#8221;700px&#8221; global_colors_info=&#8221;{}&#8221;][et_pb_column type=&#8221;4_4&#8243; _builder_version=&#8221;4.19.2&#8243; _module_preset=&#8221;default&#8221; global_colors_info=&#8221;{}&#8221;][et_pb_text _builder_version=&#8221;4.22.2&#8243; _module_preset=&#8221;6631b821-5a27-40ca-8447-6836982c2c3c&#8221; header_2_font=&#8221;Inter|700|||||||&#8221; header_2_text_color=&#8221;#FFFFFF&#8221; header_2_font_size=&#8221;35px&#8221; header_2_line_height=&#8221;1.2em&#8221; text_orientation=&#8221;center&#8221; custom_margin=&#8221;||10px||false|false&#8221; header_2_font_size_tablet=&#8221;32px&#8221; header_2_font_size_phone=&#8221;20px&#8221; header_2_font_size_last_edited=&#8221;on|desktop&#8221; global_colors_info=&#8221;%91%93&#8243;]<\/p>\n<h2>H\u00d6GKVARTERET<\/h2>\n<p>[\/et_pb_text][et_pb_text _builder_version=&#8221;4.27.4&#8243; _module_preset=&#8221;4acd85e9-2b32-4d81-bf4f-8716e13871f6&#8243; text_text_color=&#8221;#c0c2ca&#8221; text_line_height=&#8221;1.8em&#8221; text_orientation=&#8221;center&#8221; hover_enabled=&#8221;0&#8243; text_font_size_tablet=&#8221;15px&#8221; text_font_size_phone=&#8221;14px&#8221; text_font_size_last_edited=&#8221;off|desktop&#8221; header_font_size_tablet=&#8221;55px&#8221; header_font_size_last_edited=&#8221;off|desktop&#8221; global_colors_info=&#8221;%91%93&#8243; sticky_enabled=&#8221;0&#8243;]<\/p>\n<p style=\"text-align: left;\">ChatAgentLabs huvudkontor \u00e4r bel\u00e4get i Norge, n\u00e4rmare best\u00e4mt p\u00e5 Tjuvholmen All\u00e9 3, 0252 Oslo.<\/p>\n<p style=\"text-align: left;\">Vi ligger i det dynamiska Tjuvholmen-distriktet i Norges huvudstad. Detta landm\u00e4rke fungerade en g\u00e5ng i tiden f\u00f6r olika industriella och maritima \u00e4ndam\u00e5l, inklusive skeppsbyggnad och lagerh\u00e5llning, innan det i b\u00f6rjan av 2000-talet omvandlades till ett modernt nav f\u00f6r f\u00f6retag. ChatAgentLabs placering h\u00e4r symboliserar v\u00e5rt engagemang f\u00f6r att blanda tradition med banbrytande l\u00f6sningar, h\u00e5lla oss rotade samtidigt som vi driver fram\u00e5t.  <\/p>\n<p style=\"text-align: left;\"><span>  Norge \u00e4r hem f\u00f6r ett rikt tekniskt ekosystem, pr\u00e4glat av innovativa l\u00f6sningar och en arbetskraft som \u00e4r skicklig inom digital teknik. ChatAgentLab, som befinner sig i hj\u00e4rtat av detta ekosystem, ligger alltid i framkant n\u00e4r det g\u00e4ller att anta den senaste tekniken f\u00f6r att f\u00f6rb\u00e4ttra v\u00e5ra tj\u00e4nster. <\/span><\/p>\n<p style=\"text-align: left;\">[\/et_pb_text][\/et_pb_column][\/et_pb_row][et_pb_row _builder_version=&#8221;4.22.2&#8243; _module_preset=&#8221;default&#8221; global_colors_info=&#8221;{}&#8221;][et_pb_column type=&#8221;4_4&#8243; _builder_version=&#8221;4.22.2&#8243; _module_preset=&#8221;default&#8221; global_colors_info=&#8221;{}&#8221;][et_pb_image src=&#8221;https:\/\/chatagentlab.com\/wp-content\/uploads\/2025\/03\/tjuvholmen-alle-3.jpg&#8221; title_text=&#8221;tjuvholmen-alle-3&#8243; _builder_version=&#8221;4.27.4&#8243; _module_preset=&#8221;default&#8221; max_width=&#8221;50%&#8221; max_width_tablet=&#8221;70%&#8221; max_width_phone=&#8221;100%&#8221; max_width_last_edited=&#8221;on|tablet&#8221; module_alignment=&#8221;center&#8221; global_colors_info=&#8221;{}&#8221;][\/et_pb_image][\/et_pb_column][\/et_pb_row][\/et_pb_section][et_pb_section fb_built=&#8221;1&#8243; admin_label=&#8221;About&#8221; _builder_version=&#8221;4.22.2&#8243; _module_preset=&#8221;default&#8221; background_color=&#8221;#01012c&#8221; custom_padding=&#8221;||31px|||&#8221; collapsed=&#8221;on&#8221; global_colors_info=&#8221;{}&#8221;][et_pb_row column_structure=&#8221;1_2,1_2&#8243; _builder_version=&#8221;4.19.2&#8243; _module_preset=&#8221;default&#8221; custom_padding=&#8221;||0px||false|false&#8221; global_colors_info=&#8221;{}&#8221;][et_pb_column type=&#8221;1_2&#8243; _builder_version=&#8221;4.19.2&#8243; _module_preset=&#8221;default&#8221; global_colors_info=&#8221;{}&#8221;][et_pb_text _builder_version=&#8221;4.22.2&#8243; _module_preset=&#8221;6631b821-5a27-40ca-8447-6836982c2c3c&#8221; header_2_font=&#8221;|700|||||||&#8221; header_2_text_color=&#8221;#FFFFFF&#8221; header_2_font_size=&#8221;35px&#8221; header_2_line_height=&#8221;1.2em&#8221; custom_margin=&#8221;||10px||false|false&#8221; header_2_font_size_tablet=&#8221;32px&#8221; header_2_font_size_phone=&#8221;20px&#8221; header_2_font_size_last_edited=&#8221;on|desktop&#8221; global_colors_info=&#8221;%91%93&#8243;]<\/p>\n<h2>Varf\u00f6r ChatAgentLab?<\/h2>\n<p>[\/et_pb_text][et_pb_text _builder_version=&#8221;4.27.4&#8243; _module_preset=&#8221;4acd85e9-2b32-4d81-bf4f-8716e13871f6&#8243; text_text_color=&#8221;#c0c2ca&#8221; text_line_height=&#8221;1.8em&#8221; text_font_size_tablet=&#8221;15px&#8221; text_font_size_phone=&#8221;14px&#8221; text_font_size_last_edited=&#8221;off|desktop&#8221; header_font_size_tablet=&#8221;55px&#8221; header_font_size_last_edited=&#8221;off|desktop&#8221; global_colors_info=&#8221;%91%93&#8243;]<\/p>\n<p>P\u00e5 ChatAgentLab har vi \u00e5tagit oss att st\u00e4rka f\u00f6retag genom att tillhandah\u00e5lla en plattform utan kod som g\u00f6r det m\u00f6jligt att skapa anpassade AI-agenter p\u00e5 n\u00e5gra minuter. V\u00e5rt anv\u00e4ndarv\u00e4nliga gr\u00e4nssnitt g\u00f6r det m\u00f6jligt f\u00f6r f\u00f6retag att distribuera sofistikerade AI-l\u00f6sningar utan behov av omfattande teknisk expertis eller betydande finansiella investeringar. Genom att erbjuda avancerade funktioner till ett \u00f6verkomligt pris str\u00e4var vi efter att g\u00f6ra banbrytande AI tillg\u00e4ngligt f\u00f6r f\u00f6retag i alla storlekar.  <\/p>\n<p>[\/et_pb_text][\/et_pb_column][et_pb_column type=&#8221;1_2&#8243; _builder_version=&#8221;4.19.2&#8243; _module_preset=&#8221;default&#8221; global_colors_info=&#8221;{}&#8221;][et_pb_text _builder_version=&#8221;4.22.2&#8243; _module_preset=&#8221;6631b821-5a27-40ca-8447-6836982c2c3c&#8221; header_2_font=&#8221;|700|||||||&#8221; header_2_text_color=&#8221;#FFFFFF&#8221; header_2_font_size=&#8221;35px&#8221; header_2_line_height=&#8221;1.2em&#8221; custom_margin=&#8221;||10px||false|false&#8221; header_2_font_size_tablet=&#8221;32px&#8221; header_2_font_size_phone=&#8221;20px&#8221; header_2_font_size_last_edited=&#8221;on|desktop&#8221; global_colors_info=&#8221;%91%93&#8243;]<\/p>\n<h2>V\u00e5r teknik och v\u00e5ra allianser<\/h2>\n<p>[\/et_pb_text][et_pb_text _builder_version=&#8221;4.27.4&#8243; _module_preset=&#8221;4acd85e9-2b32-4d81-bf4f-8716e13871f6&#8243; text_text_color=&#8221;#c0c2ca&#8221; text_line_height=&#8221;1.8em&#8221; hover_enabled=&#8221;0&#8243; text_font_size_tablet=&#8221;15px&#8221; text_font_size_phone=&#8221;14px&#8221; text_font_size_last_edited=&#8221;off|desktop&#8221; header_font_size_tablet=&#8221;55px&#8221; header_font_size_last_edited=&#8221;off|desktop&#8221; locked=&#8221;off&#8221; global_colors_info=&#8221;%91%93&#8243; sticky_enabled=&#8221;0&#8243;]<\/p>\n<p data-start=\"499\" data-end=\"977\">V\u00e5r plattform utnyttjar de senaste framstegen inom AI, inklusive OpenAI:s GPT-4o-modell, som \u00e4r k\u00e4nd f\u00f6r sin f\u00f6rm\u00e5ga att bearbeta och generera m\u00e4nniskoliknande text med anm\u00e4rkningsv\u00e4rd noggrannhet. Denna integration s\u00e4kerst\u00e4ller att de AI-agenter du skapar kan f\u00f6rst\u00e5 och svara p\u00e5 komplexa fr\u00e5gor, vilket ger en s\u00f6ml\u00f6s och engagerande anv\u00e4ndarupplevelse. Genom att anv\u00e4nda den senaste AI-tekniken f\u00f6rser vi ditt f\u00f6retag med verktyg som f\u00f6rb\u00e4ttrar kundinteraktionerna och \u00f6kar effektiviteten i verksamheten.  <\/p>\n<div class=\"absolute h-[60px]\">\n<div class=\"flex items-center gap-0.5 text-sm font-medium\"><\/div>\n<\/div>\n<p>[\/et_pb_text][\/et_pb_column][\/et_pb_row][\/et_pb_section][et_pb_section fb_built=&#8221;1&#8243; admin_label=&#8221;Stats&#8221; _builder_version=&#8221;4.24.2&#8243; _module_preset=&#8221;default&#8221; background_color=&#8221;gcid-1bcf785a-50e1-437b-b09f-65567babc1de&#8221; custom_padding=&#8221;12px||50px||false|false&#8221; collapsed=&#8221;on&#8221; global_colors_info=&#8221;{%22gcid-1bcf785a-50e1-437b-b09f-65567babc1de%22:%91%22background_color%22%93}&#8221;][et_pb_row _builder_version=&#8221;4.22.2&#8243; _module_preset=&#8221;default&#8221; global_colors_info=&#8221;{}&#8221;][et_pb_column type=&#8221;4_4&#8243; _builder_version=&#8221;4.22.2&#8243; _module_preset=&#8221;default&#8221; global_colors_info=&#8221;{}&#8221;][et_pb_text _builder_version=&#8221;4.22.2&#8243; _module_preset=&#8221;default&#8221; header_2_text_align=&#8221;center&#8221; background_layout=&#8221;dark&#8221; global_colors_info=&#8221;%91%93&#8243;]<\/p>\n<h2>Viktiga fakta<\/h2>\n<p>[\/et_pb_text][\/et_pb_column][\/et_pb_row][et_pb_row column_structure=&#8221;1_3,1_3,1_3&#8243; use_custom_gutter=&#8221;on&#8221; gutter_width=&#8221;2&#8243; custom_padding_last_edited=&#8221;on|tablet&#8221; _builder_version=&#8221;4.19.5&#8243; _module_preset=&#8221;default&#8221; background_color=&#8221;gcid-f1f9244b-c8ab-43e1-95c3-c0bdf69ac7b5&#8243; custom_padding=&#8221;40px|40px|40px|40px|true|true&#8221; custom_padding_tablet=&#8221;30px|30px|30px|30px|true|true&#8221; custom_padding_phone=&#8221;20px|20px|20px|20px|true|true&#8221; border_radii=&#8221;on|40px|40px|40px|40px&#8221; global_colors_info=&#8221;{%22gcid-f1f9244b-c8ab-43e1-95c3-c0bdf69ac7b5%22:%91%22background_color%22%93}&#8221;][et_pb_column type=&#8221;1_3&#8243; _builder_version=&#8221;4.19.2&#8243; _module_preset=&#8221;default&#8221; global_colors_info=&#8221;{}&#8221;][et_pb_text _builder_version=&#8221;4.27.4&#8243; _module_preset=&#8221;7690de32-f550-4507-a48a-bfcb23932117&#8243; header_font=&#8221;||||||||&#8221; header_3_font=&#8221;Inter|700|||||||&#8221; header_3_text_color=&#8221;#FFFFFF&#8221; header_3_font_size=&#8221;18px&#8221; header_3_line_height=&#8221;1.4em&#8221; header_4_font_size=&#8221;13px&#8221; text_orientation=&#8221;center&#8221; custom_margin=&#8221;||0px||false|false&#8221; header_3_font_size_tablet=&#8221;20px&#8221; header_3_font_size_phone=&#8221;16px&#8221; header_3_font_size_last_edited=&#8221;on|desktop&#8221; locked=&#8221;off&#8221; global_colors_info=&#8221;%91%93&#8243;]<\/p>\n<h3>2025<\/h3>\n<p>[\/et_pb_text][et_pb_text _builder_version=&#8221;4.22.2&#8243; _module_preset=&#8221;8f66cdab-c167-4706-bec0-111681566e1e&#8221; header_4_font=&#8221;Inter|700||on|||||&#8221; header_4_text_color=&#8221;#FFFFFF&#8221; header_4_font_size=&#8221;11px&#8221; header_4_letter_spacing=&#8221;1px&#8221; header_4_line_height=&#8221;1.5em&#8221; text_orientation=&#8221;center&#8221; custom_margin=&#8221;||0px||false|false&#8221; locked=&#8221;off&#8221; global_colors_info=&#8221;{%22gcid-39bb5ebd-8d97-4670-a45a-b1ffd711f3fc%22:%91%22header_4_text_color%22%93}&#8221;]<\/p>\n<h4>Grundad<\/h4>\n<p>[\/et_pb_text][\/et_pb_column][et_pb_column type=&#8221;1_3&#8243; _builder_version=&#8221;4.19.2&#8243; _module_preset=&#8221;default&#8221; global_colors_info=&#8221;{}&#8221;][et_pb_text _builder_version=&#8221;4.22.2&#8243; _module_preset=&#8221;7690de32-f550-4507-a48a-bfcb23932117&#8243; header_font=&#8221;||||||||&#8221; header_3_font=&#8221;Inter|700|||||||&#8221; header_3_text_color=&#8221;#FFFFFF&#8221; header_3_font_size=&#8221;18px&#8221; header_3_line_height=&#8221;1.4em&#8221; header_4_font_size=&#8221;13px&#8221; text_orientation=&#8221;center&#8221; custom_margin=&#8221;||0px||false|false&#8221; header_3_font_size_tablet=&#8221;18px&#8221; header_3_font_size_phone=&#8221;18px&#8221; header_3_font_size_last_edited=&#8221;on|tablet&#8221; locked=&#8221;off&#8221; global_colors_info=&#8221;%91%93&#8243;]<\/p>\n<h3>Norge<\/h3>\n<p>[\/et_pb_text][et_pb_text _builder_version=&#8221;4.22.2&#8243; _module_preset=&#8221;8f66cdab-c167-4706-bec0-111681566e1e&#8221; header_4_font=&#8221;Inter|700||on|||||&#8221; header_4_text_color=&#8221;#FFFFFF&#8221; header_4_font_size=&#8221;11px&#8221; header_4_letter_spacing=&#8221;1px&#8221; header_4_line_height=&#8221;1.5em&#8221; text_orientation=&#8221;center&#8221; custom_margin=&#8221;||0px||false|false&#8221; locked=&#8221;off&#8221; global_colors_info=&#8221;{%22gcid-39bb5ebd-8d97-4670-a45a-b1ffd711f3fc%22:%91%22header_4_text_color%22%93}&#8221;]<\/p>\n<h4>Huvudkontor<\/h4>\n<p>[\/et_pb_text][\/et_pb_column][et_pb_column type=&#8221;1_3&#8243; _builder_version=&#8221;4.19.2&#8243; _module_preset=&#8221;default&#8221; global_colors_info=&#8221;{}&#8221;][et_pb_text _builder_version=&#8221;4.22.2&#8243; _module_preset=&#8221;7690de32-f550-4507-a48a-bfcb23932117&#8243; header_font=&#8221;||||||||&#8221; header_3_font=&#8221;Inter|700|||||||&#8221; header_3_text_color=&#8221;#FFFFFF&#8221; header_3_font_size=&#8221;18px&#8221; header_3_line_height=&#8221;1.4em&#8221; header_4_font_size=&#8221;13px&#8221; text_orientation=&#8221;center&#8221; custom_margin=&#8221;||0px||false|false&#8221; header_3_font_size_tablet=&#8221;20px&#8221; header_3_font_size_phone=&#8221;16px&#8221; header_3_font_size_last_edited=&#8221;on|desktop&#8221; global_colors_info=&#8221;%91%93&#8243;]<\/p>\n<h3>24\/7<\/h3>\n<p>[\/et_pb_text][et_pb_text _builder_version=&#8221;4.22.2&#8243; _module_preset=&#8221;8f66cdab-c167-4706-bec0-111681566e1e&#8221; header_4_font=&#8221;Inter|700||on|||||&#8221; header_4_text_color=&#8221;#FFFFFF&#8221; header_4_font_size=&#8221;11px&#8221; header_4_letter_spacing=&#8221;1px&#8221; header_4_line_height=&#8221;1.5em&#8221; text_orientation=&#8221;center&#8221; custom_margin=&#8221;||0px||false|false&#8221; global_colors_info=&#8221;{%22gcid-39bb5ebd-8d97-4670-a45a-b1ffd711f3fc%22:%91%22header_4_text_color%22%93}&#8221;]<\/p>\n<h4>St\u00f6d<\/h4>\n<p>[\/et_pb_text][\/et_pb_column][\/et_pb_row][\/et_pb_section][et_pb_section fb_built=&#8221;1&#8243; disabled_on=&#8221;on|on|off&#8221; admin_label=&#8221;Footer&#8221; _builder_version=&#8221;4.22.2&#8243; _module_preset=&#8221;default&#8221; background_color=&#8221;gcid-1bcf785a-50e1-437b-b09f-65567babc1de&#8221; use_background_color_gradient=&#8221;on&#8221; background_color_gradient_stops=&#8221;gcid-1bcf785a-50e1-437b-b09f-65567babc1de 0%|rgba(255,255,255,0) 30%&#8221; background_color_gradient_overlays_image=&#8221;on&#8221; background_image=&#8221;https:\/\/chatagentlab.com\/wp-content\/uploads\/2024\/11\/ai-49c.jpg&#8221; background_last_edited=&#8221;on|tablet&#8221; background_position_tablet=&#8221;center_left&#8221; saved_tabs=&#8221;all&#8221; collapsed=&#8221;on&#8221; global_colors_info=&#8221;{%22gcid-1bcf785a-50e1-437b-b09f-65567babc1de%22:%91%22background_color%22,%22background_color_gradient_stops%22%93}&#8221;][et_pb_row column_structure=&#8221;3_5,2_5&#8243; _builder_version=&#8221;4.19.2&#8243; _module_preset=&#8221;default&#8221; global_colors_info=&#8221;{}&#8221;][et_pb_column type=&#8221;3_5&#8243; _builder_version=&#8221;4.19.2&#8243; _module_preset=&#8221;default&#8221; global_colors_info=&#8221;{}&#8221;][\/et_pb_column][et_pb_column type=&#8221;2_5&#8243; _builder_version=&#8221;4.19.2&#8243; _module_preset=&#8221;default&#8221; global_colors_info=&#8221;{}&#8221;][et_pb_image src=&#8221;https:\/\/chatagentlab.com\/wp-content\/uploads\/2025\/03\/ChatAgentLab-6.0-4.png&#8221; title_text=&#8221;ChatAgentLab 6.0 (4)&#8221; url=&#8221;@ET-DC@eyJkeW5hbWljIjp0cnVlLCJjb250ZW50IjoiaG9tZV91cmwiLCJzZXR0aW5ncyI6W119@&#8221; _builder_version=&#8221;4.27.4&#8243; _dynamic_attributes=&#8221;url&#8221; _module_preset=&#8221;default&#8221; max_height=&#8221;80px&#8221; global_colors_info=&#8221;{}&#8221;][\/et_pb_image][\/et_pb_column][\/et_pb_row][\/et_pb_section]<\/p>\n","protected":false},"excerpt":{"rendered":"<p>Om ossV\u00e5rt uppdragV\u00e5rt uppdrag \u00e4r att st\u00e4rka f\u00f6retag genom att tillhandah\u00e5lla en plattform utan kod som g\u00f6r det m\u00f6jligt att skapa anpassade AI-agenter p\u00e5 n\u00e5gra minuter. Genom att utnyttja den senaste AI-tekniken erbjuder v\u00e5r l\u00f6sning funktioner som kan j\u00e4mf\u00f6ras med plattformar som skulle kosta miljoner att utveckla internt, allt fr\u00e5n endast 450 $ per m\u00e5nad. [&hellip;]<\/p>\n","protected":false},"author":1,"featured_media":0,"parent":0,"menu_order":0,"comment_status":"closed","ping_status":"closed","template":"","meta":{"_et_pb_use_builder":"on","_et_pb_old_content":"","_et_gb_content_width":"","inline_featured_image":false,"footnotes":""},"class_list":["post-933706","page","type-page","status-publish","hentry"],"_links":{"self":[{"href":"https:\/\/chatagentlab.com\/sv\/wp-json\/wp\/v2\/pages\/933706","targetHints":{"allow":["GET"]}}],"collection":[{"href":"https:\/\/chatagentlab.com\/sv\/wp-json\/wp\/v2\/pages"}],"about":[{"href":"https:\/\/chatagentlab.com\/sv\/wp-json\/wp\/v2\/types\/page"}],"author":[{"embeddable":true,"href":"https:\/\/chatagentlab.com\/sv\/wp-json\/wp\/v2\/users\/1"}],"replies":[{"embeddable":true,"href":"https:\/\/chatagentlab.com\/sv\/wp-json\/wp\/v2\/comments?post=933706"}],"version-history":[{"count":6,"href":"https:\/\/chatagentlab.com\/sv\/wp-json\/wp\/v2\/pages\/933706\/revisions"}],"predecessor-version":[{"id":934898,"href":"https:\/\/chatagentlab.com\/sv\/wp-json\/wp\/v2\/pages\/933706\/revisions\/934898"}],"wp:attachment":[{"href":"https:\/\/chatagentlab.com\/sv\/wp-json\/wp\/v2\/media?parent=933706"}],"curies":[{"name":"wp","href":"https:\/\/api.w.org\/{rel}","templated":true}]}}