{"id":933700,"date":"2025-03-23T07:49:11","date_gmt":"2025-03-23T07:49:11","guid":{"rendered":"https:\/\/chatagentlab.com\/resurser\/"},"modified":"2025-04-05T13:16:21","modified_gmt":"2025-04-05T13:16:21","slug":"resurser","status":"publish","type":"page","link":"https:\/\/chatagentlab.com\/sv\/resurser\/","title":{"rendered":"Resurser"},"content":{"rendered":"<p>[et_pb_section fb_built=&#8221;1&#8243; admin_label=&#8221;Header&#8221; _builder_version=&#8221;4.27.4&#8243; _module_preset=&#8221;default&#8221; background_color=&#8221;gcid-1bcf785a-50e1-437b-b09f-65567babc1de&#8221; background_image=&#8221;https:\/\/chatagentlab.com\/wp-content\/uploads\/2024\/11\/ai-40c.png&#8221; background_size=&#8221;custom&#8221; background_image_width=&#8221;40%&#8221; background_position=&#8221;top_right&#8221; custom_margin=&#8221;||||false|false&#8221; custom_padding=&#8221;||7px||false|false&#8221; collapsed=&#8221;on&#8221; global_colors_info=&#8221;{%22gcid-1bcf785a-50e1-437b-b09f-65567babc1de%22:%91%22background_color%22%93}&#8221;][et_pb_row _builder_version=&#8221;4.27.4&#8243; _module_preset=&#8221;default&#8221; custom_padding=&#8221;||50px|||&#8221; global_colors_info=&#8221;{}&#8221;][et_pb_column type=&#8221;4_4&#8243; _builder_version=&#8221;4.27.4&#8243; _module_preset=&#8221;default&#8221; global_colors_info=&#8221;{}&#8221;][et_pb_text _builder_version=&#8221;4.27.4&#8243; _module_preset=&#8221;default&#8221; text_orientation=&#8221;center&#8221; background_layout=&#8221;dark&#8221; width=&#8221;20%&#8221; width_tablet=&#8221;25%&#8221; width_phone=&#8221;50%&#8221; width_last_edited=&#8221;on|phone&#8221; max_width_last_edited=&#8221;off|phone&#8221; module_alignment=&#8221;center&#8221; custom_css_main_element=&#8221;background: linear-gradient(||  to top,||  rgba(55, 181, 255, 0.5) 0%,  \/* 50% opacity of #37B5FF at the bottom *\/||  rgba(55, 181, 255, 0) 100%    \/* Fully transparent at the top *\/||) !important;||||border-radius: 0%;||padding: 0;||&#8221; border_width_bottom=&#8221;1px&#8221; border_color_bottom=&#8221;#37b5ff&#8221; global_colors_info=&#8221;{}&#8221;]<\/p>\n<p>Viktiga saker<\/p>\n<p>[\/et_pb_text][et_pb_text content_tablet=&#8221;<\/p>\n<h1><span style=%22color: #38b6ff;%22>Resurser<\/span> f\u00f6r plattformar<\/h1>\n<p>&#8221; content_phone=&#8221;<\/p>\n<h1><span style=%22color: #38b6ff;%22>Resurser<\/span> f\u00f6r plattformar<\/h1>\n<p>&#8221; content_last_edited=&#8221;off|desktop&#8221; _builder_version=&#8221;4.27.4&#8243; _module_preset=&#8221;default&#8221; header_font=&#8221;Barlow Semi Condensed|700|||||||&#8221; header_text_align=&#8221;center&#8221; header_text_color=&#8221;#FFFFFF&#8221; header_font_size=&#8221;50px&#8221; header_line_height=&#8221;1.4em&#8221; background_layout=&#8221;dark&#8221; custom_margin=&#8221;|20px|30px|0px|false|false&#8221; custom_padding=&#8221;||0px|||&#8221; custom_padding_tablet=&#8221;&#8221; custom_padding_phone=&#8221;&#8221; custom_padding_last_edited=&#8221;on|phone&#8221; header_font_tablet=&#8221;Roboto|300|||||||&#8221; header_font_phone=&#8221;Roboto|300|||||||&#8221; header_font_last_edited=&#8221;off|desktop&#8221; header_font_size_tablet=&#8221;40px&#8221; header_font_size_phone=&#8221;30px&#8221; header_font_size_last_edited=&#8221;on|phone&#8221; global_colors_info=&#8221;{}&#8221;]<\/p>\n<h1><span style=\"color: #38b6ff;\">Resurser<\/span> f\u00f6r plattformar<\/h1>\n<p>[\/et_pb_text][et_pb_text content_last_edited=&#8221;off|phone&#8221; _builder_version=&#8221;4.27.4&#8243; _module_preset=&#8221;default&#8221; text_font=&#8221;Inter||||||||&#8221; text_text_color=&#8221;#c0c2ca&#8221; text_font_size=&#8221;15px&#8221; text_orientation=&#8221;center&#8221; background_layout=&#8221;dark&#8221; hover_enabled=&#8221;0&#8243; global_colors_info=&#8221;{}&#8221; sticky_enabled=&#8221;0&#8243;]<\/p>\n<p>H\u00e5ll dig informerad. Utforska v\u00e5ra senaste uppdateringar, framtidsplaner, dokumentation och plattformsinsikter. <\/p>\n<p>[\/et_pb_text][\/et_pb_column][\/et_pb_row][et_pb_row _builder_version=&#8221;4.27.4&#8243; _module_preset=&#8221;default&#8221; global_colors_info=&#8221;{}&#8221;][et_pb_column type=&#8221;4_4&#8243; _builder_version=&#8221;4.19.2&#8243; _module_preset=&#8221;default&#8221; global_colors_info=&#8221;{}&#8221;][et_pb_blurb title=&#8221;Kunskapsbas&#8221; use_icon=&#8221;on&#8221; font_icon=&#8221;&#xe035;||divi||400&#8243; icon_placement=&#8221;left&#8221; _builder_version=&#8221;4.27.4&#8243; _module_preset=&#8221;default&#8221; header_font_size=&#8221;20px&#8221; body_text_color=&#8221;#c0c2ca&#8221; background_layout=&#8221;dark&#8221; custom_margin=&#8221;||||false|false&#8221; global_colors_info=&#8221;{}&#8221; body_font_size__hover_enabled=&#8221;off|desktop&#8221;]<\/p>\n<p>Hitta svar p\u00e5 vanliga fr\u00e5gor, guider och b\u00e4sta praxis f\u00f6r att anv\u00e4nda ChatAgentLab.<\/p>\n<p>\ud83d\udc49 <a href=\"https:\/\/roadmap.chatagentlab.com\/t\/knowledge-base\">Visa kunskapsbas<\/a><\/p>\n<p>[\/et_pb_blurb][et_pb_blurb title=&#8221;Changelog&#8221; use_icon=&#8221;on&#8221; font_icon=&#8221;&#xe035;||divi||400&#8243; icon_placement=&#8221;left&#8221; _builder_version=&#8221;4.27.4&#8243; _module_preset=&#8221;default&#8221; header_font_size=&#8221;20px&#8221; body_text_color=&#8221;#c0c2ca&#8221; background_layout=&#8221;dark&#8221; custom_margin=&#8221;||||false|false&#8221; global_colors_info=&#8221;{}&#8221; body_font_size__hover_enabled=&#8221;off|desktop&#8221;]<\/p>\n<p>H\u00e5ll dig uppdaterad om nya funktioner och f\u00f6rb\u00e4ttringar.<\/p>\n<p>\ud83d\udc49 <a href=\"https:\/\/roadmap.chatagentlab.com\/\">Visa Changelog<\/a><\/p>\n<p>[\/et_pb_blurb][et_pb_blurb title=&#8221;V\u00e4gkarta&#8221; use_icon=&#8221;on&#8221; font_icon=&#8221;&#xf018;||fa||900&#8243; icon_placement=&#8221;left&#8221; _builder_version=&#8221;4.27.4&#8243; _module_preset=&#8221;default&#8221; header_font_size=&#8221;20px&#8221; body_text_color=&#8221;#c0c2ca&#8221; background_layout=&#8221;dark&#8221; custom_margin=&#8221;||||false|false&#8221; global_colors_info=&#8221;{}&#8221; body_font_size__hover_enabled=&#8221;off|desktop&#8221;]<\/p>\n<p>Se vad vi bygger h\u00e4rn\u00e4st.<\/p>\n<p>\ud83d\udc49 <a href=\"https:\/\/roadmap.chatagentlab.com\/t\/roadmap-fok6e\">Visa f\u00e4rdplan<\/a><\/p>\n<p>[\/et_pb_blurb][et_pb_blurb title=&#8221;Status sida&#8221; use_icon=&#8221;on&#8221; font_icon=&#8221;&#xe0e3;||divi||400&#8243; icon_placement=&#8221;left&#8221; _builder_version=&#8221;4.27.4&#8243; _module_preset=&#8221;default&#8221; header_font_size=&#8221;20px&#8221; body_text_color=&#8221;#c0c2ca&#8221; background_layout=&#8221;dark&#8221; custom_margin=&#8221;||50px||false|false&#8221; global_colors_info=&#8221;{}&#8221; body_font_size__hover_enabled=&#8221;off|desktop&#8221;]<\/p>\n<p>Kontrollera systemets h\u00e4lsa och drifttid.<\/p>\n<p>\ud83d\udc49 <a href=\"https:\/\/statuspage.chatagentlab.com\/\">Visa status<\/a><\/p>\n<div class=\"relative inline-flex items-center\"><\/div>\n<p>[\/et_pb_blurb][\/et_pb_column][\/et_pb_row][\/et_pb_section]<\/p>\n","protected":false},"excerpt":{"rendered":"<p>Viktiga sakerResurser f\u00f6r plattformarH\u00e5ll dig informerad. Utforska v\u00e5ra senaste uppdateringar, framtidsplaner, dokumentation och plattformsinsikter. Hitta svar p\u00e5 vanliga fr\u00e5gor, guider och b\u00e4sta praxis f\u00f6r att anv\u00e4nda ChatAgentLab. \ud83d\udc49 Visa kunskapsbasH\u00e5ll dig uppdaterad om nya funktioner och f\u00f6rb\u00e4ttringar. \ud83d\udc49 Visa ChangelogSe vad vi bygger h\u00e4rn\u00e4st. \ud83d\udc49 Visa f\u00e4rdplanKontrollera systemets h\u00e4lsa och drifttid. \ud83d\udc49 Visa status<\/p>\n","protected":false},"author":1,"featured_media":0,"parent":0,"menu_order":0,"comment_status":"closed","ping_status":"closed","template":"","meta":{"_et_pb_use_builder":"on","_et_pb_old_content":"","_et_gb_content_width":"","inline_featured_image":false,"footnotes":""},"class_list":["post-933700","page","type-page","status-publish","hentry"],"_links":{"self":[{"href":"https:\/\/chatagentlab.com\/sv\/wp-json\/wp\/v2\/pages\/933700","targetHints":{"allow":["GET"]}}],"collection":[{"href":"https:\/\/chatagentlab.com\/sv\/wp-json\/wp\/v2\/pages"}],"about":[{"href":"https:\/\/chatagentlab.com\/sv\/wp-json\/wp\/v2\/types\/page"}],"author":[{"embeddable":true,"href":"https:\/\/chatagentlab.com\/sv\/wp-json\/wp\/v2\/users\/1"}],"replies":[{"embeddable":true,"href":"https:\/\/chatagentlab.com\/sv\/wp-json\/wp\/v2\/comments?post=933700"}],"version-history":[{"count":6,"href":"https:\/\/chatagentlab.com\/sv\/wp-json\/wp\/v2\/pages\/933700\/revisions"}],"predecessor-version":[{"id":934869,"href":"https:\/\/chatagentlab.com\/sv\/wp-json\/wp\/v2\/pages\/933700\/revisions\/934869"}],"wp:attachment":[{"href":"https:\/\/chatagentlab.com\/sv\/wp-json\/wp\/v2\/media?parent=933700"}],"curies":[{"name":"wp","href":"https:\/\/api.w.org\/{rel}","templated":true}]}}