{"id":933693,"date":"2025-03-23T14:26:12","date_gmt":"2025-03-23T14:26:12","guid":{"rendered":"https:\/\/chatagentlab.com\/efterlevnad\/"},"modified":"2025-04-05T13:15:39","modified_gmt":"2025-04-05T13:15:39","slug":"efterlevnad","status":"publish","type":"page","link":"https:\/\/chatagentlab.com\/sv\/efterlevnad\/","title":{"rendered":"Efterlevnad"},"content":{"rendered":"<p>[et_pb_section fb_built=&#8221;1&#8243; admin_label=&#8221;Header&#8221; _builder_version=&#8221;4.27.4&#8243; _module_preset=&#8221;default&#8221; background_color=&#8221;gcid-1bcf785a-50e1-437b-b09f-65567babc1de&#8221; background_image=&#8221;https:\/\/chatagentlab.com\/wp-content\/uploads\/2024\/11\/ai-40c.png&#8221; background_size=&#8221;custom&#8221; background_image_width=&#8221;40%&#8221; background_position=&#8221;top_right&#8221; custom_margin=&#8221;||||false|false&#8221; custom_padding=&#8221;||7px||false|false&#8221; collapsed=&#8221;on&#8221; global_colors_info=&#8221;{%22gcid-1bcf785a-50e1-437b-b09f-65567babc1de%22:%91%22background_color%22%93}&#8221;][et_pb_row _builder_version=&#8221;4.27.4&#8243; _module_preset=&#8221;default&#8221; custom_padding=&#8221;||50px|||&#8221; global_colors_info=&#8221;{}&#8221;][et_pb_column type=&#8221;4_4&#8243; _builder_version=&#8221;4.27.4&#8243; _module_preset=&#8221;default&#8221; global_colors_info=&#8221;{}&#8221;][et_pb_text content_tablet=&#8221;<\/p>\n<h1><span style=%22color: #38b6ff;%22>Resurser<\/span> f\u00f6r plattformar<\/h1>\n<p>&#8221; content_phone=&#8221;<\/p>\n<h1><span style=%22color: #38b6ff;%22>Resurser<\/span> f\u00f6r plattformar<\/h1>\n<p>&#8221; content_last_edited=&#8221;off|desktop&#8221; _builder_version=&#8221;4.27.4&#8243; _module_preset=&#8221;default&#8221; header_font=&#8221;Barlow Semi Condensed|700|||||||&#8221; header_text_align=&#8221;center&#8221; header_text_color=&#8221;#FFFFFF&#8221; header_font_size=&#8221;50px&#8221; header_line_height=&#8221;1.4em&#8221; background_layout=&#8221;dark&#8221; custom_margin=&#8221;|20px|30px|0px|false|false&#8221; custom_padding=&#8221;||0px|||&#8221; custom_padding_tablet=&#8221;&#8221; custom_padding_phone=&#8221;&#8221; custom_padding_last_edited=&#8221;on|phone&#8221; header_font_tablet=&#8221;Roboto|300|||||||&#8221; header_font_phone=&#8221;Roboto|300|||||||&#8221; header_font_last_edited=&#8221;off|desktop&#8221; header_font_size_tablet=&#8221;40px&#8221; header_font_size_phone=&#8221;30px&#8221; header_font_size_last_edited=&#8221;on|phone&#8221; global_colors_info=&#8221;{}&#8221;]<\/p>\n<h1>Efterlevnad<\/h1>\n<p>[\/et_pb_text][et_pb_text content_last_edited=&#8221;off|phone&#8221; _builder_version=&#8221;4.27.4&#8243; _module_preset=&#8221;default&#8221; text_font=&#8221;Inter||||||||&#8221; text_text_color=&#8221;#c0c2ca&#8221; text_font_size=&#8221;15px&#8221; text_line_height=&#8221;1.9em&#8221; text_orientation=&#8221;center&#8221; background_layout=&#8221;dark&#8221; hover_enabled=&#8221;0&#8243; global_colors_info=&#8221;{}&#8221; sticky_enabled=&#8221;0&#8243;]<\/p>\n<p>\u00d6ppenhet och f\u00f6rtroende \u00e4r k\u00e4rnan i ChatAgentLab. L\u00e4r dig hur vi skyddar dina data, f\u00f6ljer globala regler och uppr\u00e4tth\u00e5ller branschens b\u00e4sta praxis. <\/p>\n<p>[\/et_pb_text][\/et_pb_column][\/et_pb_row][et_pb_row _builder_version=&#8221;4.27.4&#8243; _module_preset=&#8221;default&#8221; global_colors_info=&#8221;{}&#8221;][et_pb_column type=&#8221;4_4&#8243; _builder_version=&#8221;4.19.2&#8243; _module_preset=&#8221;default&#8221; global_colors_info=&#8221;{}&#8221;][et_pb_blurb title=&#8221;S\u00e4kerhet&#8221; use_icon=&#8221;on&#8221; font_icon=&#8221;&#xe035;||divi||400&#8243; icon_placement=&#8221;left&#8221; _builder_version=&#8221;4.27.4&#8243; _module_preset=&#8221;default&#8221; header_font_size=&#8221;20px&#8221; body_text_color=&#8221;#c0c2ca&#8221; background_layout=&#8221;dark&#8221; custom_margin=&#8221;||||false|false&#8221; global_colors_info=&#8221;{}&#8221;]Se vilka s\u00e4kerhets\u00e5tg\u00e4rder vi anv\u00e4nder f\u00f6r att skydda dina uppgifter.<\/p>\n<p>\ud83d\udc49 <a href=\"https:\/\/chatagentlab.com\/sv\/sakerhet\/\">Visa s\u00e4kerhetsdetaljer<\/a>[\/et_pb_blurb][et_pb_blurb title=&#8221;Integritetspolicy&#8221; use_icon=&#8221;on&#8221; font_icon=&#8221;&#xf505;||fa||900&#8243; icon_placement=&#8221;left&#8221; _builder_version=&#8221;4.27.4&#8243; _module_preset=&#8221;default&#8221; header_font_size=&#8221;20px&#8221; body_text_color=&#8221;#c0c2ca&#8221; background_layout=&#8221;dark&#8221; custom_margin=&#8221;||||false|false&#8221; global_colors_info=&#8221;{}&#8221;]<\/p>\n<p>L\u00e4s mer om hur vi skyddar dina uppgifter och respekterar din integritet.<\/p>\n<p>\ud83d\udc49 <a href=\"https:\/\/chatagentlab.com\/sv\/integritetspolicy\/\">Visa Privact Policy<\/a><\/p>\n<p>[\/et_pb_blurb][et_pb_blurb title=&#8221;Villkor f\u00f6r tj\u00e4nsten&#8221; use_icon=&#8221;on&#8221; font_icon=&#8221;&#x69;||divi||400&#8243; icon_placement=&#8221;left&#8221; _builder_version=&#8221;4.27.4&#8243; _module_preset=&#8221;default&#8221; header_font_size=&#8221;20px&#8221; body_text_color=&#8221;#c0c2ca&#8221; background_layout=&#8221;dark&#8221; custom_margin=&#8221;||||false|false&#8221; global_colors_info=&#8221;{}&#8221;]<\/p>\n<p>F\u00f6rst\u00e5 reglerna och villkoren f\u00f6r anv\u00e4ndning av ChatAgentLab.<\/p>\n<p>\ud83d\udc49 <a href=\"https:\/\/chatagentlab.com\/terms-of-service\/\">Visa anv\u00e4ndarvillkor<\/a><\/p>\n<p>[\/et_pb_blurb][et_pb_blurb title=&#8221;Policy f\u00f6r cookies&#8221; use_icon=&#8221;on&#8221; font_icon=&#8221;&#xe0e3;||divi||400&#8243; icon_placement=&#8221;left&#8221; _builder_version=&#8221;4.27.4&#8243; _module_preset=&#8221;default&#8221; header_font_size=&#8221;20px&#8221; body_text_color=&#8221;#c0c2ca&#8221; background_layout=&#8221;dark&#8221; custom_margin=&#8221;||||false|false&#8221; global_colors_info=&#8221;{}&#8221;]<\/p>\n<p>Se hur vi anv\u00e4nder cookies och sp\u00e5rningsteknik.<\/p>\n<p>\ud83d\udc49 <a href=\"https:\/\/chatagentlab.com\/sv\/policy-for-cookies\/\">Visa cookiepolicy<\/a><\/p>\n<div class=\"relative inline-flex items-center\"><\/div>\n<p>[\/et_pb_blurb][et_pb_blurb title=&#8221;Ta bort min information&#8221; use_icon=&#8221;on&#8221; font_icon=&#8221;&#x69;||divi||400&#8243; icon_placement=&#8221;left&#8221; _builder_version=&#8221;4.27.4&#8243; _module_preset=&#8221;default&#8221; header_font_size=&#8221;20px&#8221; body_text_color=&#8221;#c0c2ca&#8221; background_layout=&#8221;dark&#8221; custom_margin=&#8221;||||false|false&#8221; global_colors_info=&#8221;{}&#8221;]<\/p>\n<p>Beg\u00e4ra att dina personuppgifter tas bort fr\u00e5n v\u00e5ra system.<\/p>\n<p>\ud83d\udc49 <a href=\"https:\/\/chatagentlab.com\/sv\/ta-bort-min-information\/\">Skicka f\u00f6rfr\u00e5gan<\/a><\/p>\n<p>[\/et_pb_blurb][\/et_pb_column][\/et_pb_row][\/et_pb_section]<\/p>\n","protected":false},"excerpt":{"rendered":"<p>Efterlevnad\u00d6ppenhet och f\u00f6rtroende \u00e4r k\u00e4rnan i ChatAgentLab. L\u00e4r dig hur vi skyddar dina data, f\u00f6ljer globala regler och uppr\u00e4tth\u00e5ller branschens b\u00e4sta praxis. Se vilka s\u00e4kerhets\u00e5tg\u00e4rder vi anv\u00e4nder f\u00f6r att skydda dina uppgifter. \ud83d\udc49 Visa s\u00e4kerhetsdetaljerL\u00e4s mer om hur vi skyddar dina uppgifter och respekterar din integritet. \ud83d\udc49 Visa Privact PolicyF\u00f6rst\u00e5 reglerna och villkoren f\u00f6r anv\u00e4ndning [&hellip;]<\/p>\n","protected":false},"author":1,"featured_media":0,"parent":0,"menu_order":0,"comment_status":"closed","ping_status":"closed","template":"","meta":{"_et_pb_use_builder":"on","_et_pb_old_content":"","_et_gb_content_width":"","inline_featured_image":false,"footnotes":""},"class_list":["post-933693","page","type-page","status-publish","hentry"],"_links":{"self":[{"href":"https:\/\/chatagentlab.com\/sv\/wp-json\/wp\/v2\/pages\/933693","targetHints":{"allow":["GET"]}}],"collection":[{"href":"https:\/\/chatagentlab.com\/sv\/wp-json\/wp\/v2\/pages"}],"about":[{"href":"https:\/\/chatagentlab.com\/sv\/wp-json\/wp\/v2\/types\/page"}],"author":[{"embeddable":true,"href":"https:\/\/chatagentlab.com\/sv\/wp-json\/wp\/v2\/users\/1"}],"replies":[{"embeddable":true,"href":"https:\/\/chatagentlab.com\/sv\/wp-json\/wp\/v2\/comments?post=933693"}],"version-history":[{"count":11,"href":"https:\/\/chatagentlab.com\/sv\/wp-json\/wp\/v2\/pages\/933693\/revisions"}],"predecessor-version":[{"id":934856,"href":"https:\/\/chatagentlab.com\/sv\/wp-json\/wp\/v2\/pages\/933693\/revisions\/934856"}],"wp:attachment":[{"href":"https:\/\/chatagentlab.com\/sv\/wp-json\/wp\/v2\/media?parent=933693"}],"curies":[{"name":"wp","href":"https:\/\/api.w.org\/{rel}","templated":true}]}}