{"id":934774,"date":"2025-02-25T15:12:57","date_gmt":"2025-02-25T15:12:57","guid":{"rendered":"https:\/\/chatagentlab.com\/comparacao-entre-chatagentlab-e-chatbots\/"},"modified":"2025-04-05T12:58:21","modified_gmt":"2025-04-05T12:58:21","slug":"comparacao-entre-chatagentlab-e-chatbots","status":"publish","type":"page","link":"https:\/\/chatagentlab.com\/pt-br\/comparacao-entre-chatagentlab-e-chatbots\/","title":{"rendered":"Compara\u00e7\u00e3o entre ChatAgentLab e Chatbots"},"content":{"rendered":"<p>[et_pb_section fb_built=&#8221;1&#8243; admin_label=&#8221;Header&#8221; _builder_version=&#8221;4.27.4&#8243; _module_preset=&#8221;default&#8221; background_color=&#8221;gcid-1bcf785a-50e1-437b-b09f-65567babc1de&#8221; background_image=&#8221;https:\/\/chatagentlab.com\/wp-content\/uploads\/2024\/11\/ai-40c.png&#8221; background_size=&#8221;custom&#8221; background_image_width=&#8221;40%&#8221; background_position=&#8221;top_right&#8221; custom_margin=&#8221;||||false|false&#8221; custom_padding=&#8221;||7px||false|false&#8221; collapsed=&#8221;on&#8221; global_colors_info=&#8221;{%22gcid-1bcf785a-50e1-437b-b09f-65567babc1de%22:%91%22background_color%22%93}&#8221;][et_pb_row _builder_version=&#8221;4.24.2&#8243; _module_preset=&#8221;default&#8221; custom_margin=&#8221;||||false|false&#8221; custom_padding=&#8221;||0px||false|false&#8221; global_colors_info=&#8221;{}&#8221;][et_pb_column type=&#8221;4_4&#8243; _builder_version=&#8221;4.19.5&#8243; _module_preset=&#8221;default&#8221; z_index=&#8221;10&#8243; global_colors_info=&#8221;{}&#8221;][et_pb_text _builder_version=&#8221;4.27.4&#8243; _module_preset=&#8221;default&#8221; text_orientation=&#8221;center&#8221; background_layout=&#8221;dark&#8221; width=&#8221;20%&#8221; width_tablet=&#8221;25%&#8221; width_phone=&#8221;45%&#8221; width_last_edited=&#8221;on|phone&#8221; max_width_last_edited=&#8221;off|phone&#8221; module_alignment=&#8221;center&#8221; custom_css_main_element=&#8221;background: linear-gradient(||  to top,||  rgba(55, 181, 255, 0.5) 0%,  \/* 50% opacity of #37B5FF at the bottom *\/||  rgba(55, 181, 255, 0) 100%    \/* Fully transparent at the top *\/||) !important;||||border-radius: 0%;||padding: 0;||&#8221; border_width_bottom=&#8221;1px&#8221; border_color_bottom=&#8221;#37b5ff&#8221; global_module=&#8221;934413&#8243; global_colors_info=&#8221;{}&#8221;]<\/p>\n<p>Comparison<\/p>\n<p>[\/et_pb_text][et_pb_text content_tablet=&#8221;<\/p>\n<h1>Onde o SEO avan\u00e7ado se encontra com a tecnologia de ponta de hospedagem<\/h1>\n<p>&#8221; content_phone=&#8221;<\/p>\n<h1>Onde o SEO avan\u00e7ado se encontra com a tecnologia de ponta de hospedagem<\/h1>\n<p>&#8221; content_last_edited=&#8221;off|desktop&#8221; _builder_version=&#8221;4.27.4&#8243; _module_preset=&#8221;default&#8221; header_font=&#8221;Barlow Semi Condensed|700|||||||&#8221; header_text_align=&#8221;center&#8221; header_text_color=&#8221;#FFFFFF&#8221; header_font_size=&#8221;50px&#8221; header_line_height=&#8221;1.4em&#8221; background_layout=&#8221;dark&#8221; custom_margin=&#8221;|20px|30px|0px|false|false&#8221; custom_padding=&#8221;||0px|||&#8221; custom_padding_tablet=&#8221;&#8221; custom_padding_phone=&#8221;&#8221; custom_padding_last_edited=&#8221;on|phone&#8221; header_font_tablet=&#8221;Roboto|300|||||||&#8221; header_font_phone=&#8221;Roboto|300|||||||&#8221; header_font_last_edited=&#8221;off|desktop&#8221; header_font_size_tablet=&#8221;40px&#8221; header_font_size_phone=&#8221;30px&#8221; header_font_size_last_edited=&#8221;on|phone&#8221; global_colors_info=&#8221;{}&#8221;]<\/p>\n<h1>ChatAgentLab <span style=\"color: #38b6ff;\">vs. <\/span>Chatbots<\/h1>\n<h1><\/h1>\n<p>[\/et_pb_text][et_pb_text _builder_version=&#8221;4.27.4&#8243; _module_preset=&#8221;_initial&#8221; text_font=&#8221;Inter||||||||&#8221; text_text_color=&#8221;#c0c2ca&#8221; text_font_size=&#8221;15px&#8221; text_line_height=&#8221;1.8em&#8221; header_font=&#8221;||||||||&#8221; header_4_font=&#8221;Inter|700|||||||&#8221; header_4_text_color=&#8221;#FFFFFF&#8221; header_4_font_size=&#8221;19px&#8221; header_4_line_height=&#8221;1.4em&#8221; background_layout=&#8221;dark&#8221; custom_margin=&#8221;||51px|||&#8221; header_4_font_size_tablet=&#8221;16px&#8221; header_4_font_size_phone=&#8221;15px&#8221; header_4_font_size_last_edited=&#8221;on|desktop&#8221; global_colors_info=&#8221;{}&#8221;]<\/p>\n<p data-start=\"0\" data-end=\"296\">Os chatbots tradicionais dependem de scripts e palavras-chave predefinidos, o que geralmente resulta em intera\u00e7\u00f5es r\u00edgidas e limitadas.<\/p>\n<p data-start=\"0\" data-end=\"296\">Por outro lado, o ChatAgentLab utiliza IA avan\u00e7ada para entender o contexto e as nuances, permitindo conversas din\u00e2micas e semelhantes \u00e0s humanas. Essa evolu\u00e7\u00e3o aumenta o envolvimento e a satisfa\u00e7\u00e3o do usu\u00e1rio. <\/p>\n<div class=\"absolute h-[60px]\">\n<div class=\"flex items-center gap-0.5 text-sm font-medium\"><\/div>\n<\/div>\n<p>[\/et_pb_text][\/et_pb_column][\/et_pb_row][et_pb_row _builder_version=&#8221;4.27.2&#8243; _module_preset=&#8221;default&#8221; global_colors_info=&#8221;{}&#8221;][et_pb_column type=&#8221;4_4&#8243; _builder_version=&#8221;4.27.2&#8243; _module_preset=&#8221;default&#8221; global_colors_info=&#8221;{}&#8221;][et_pb_text disabled_on=&#8221;off|on|on&#8221; _builder_version=&#8221;4.27.4&#8243; _module_preset=&#8221;default&#8221; text_orientation=&#8221;center&#8221; background_layout=&#8221;dark&#8221; global_colors_info=&#8221;{}&#8221;]<\/p>\n<p>\ud83d\udc49 Deslize para a esquerda para rolar a tabela<\/p>\n<p>[\/et_pb_text][et_pb_text _builder_version=&#8221;4.27.4&#8243; _module_preset=&#8221;default&#8221; text_text_color=&#8221;#FFFFFF&#8221; hover_enabled=&#8221;0&#8243; global_colors_info=&#8221;{}&#8221; sticky_enabled=&#8221;0&#8243;]<!-- Add this style block in your head or just before the table code --><\/p>\n<style>\n  @media (max-width: 600px) {\n    .comparison-table col.col-left {\n      width: 35% !important;\n    }\n    .comparison-table col:not(.col-left) {\n      width: 32.5% !important;\n    }\n  }\n  .comparison-table th {\n    white-space: nowrap;\n  }\n<\/style>\n<p><!-- Part 3: How ChatAgentLab Outperforms the Competition (Responsive) --><\/p>\n<div class=\"comparison-table\" style=\"width: 100%; border-collapse: collapse; font-family: 'Inter', sans-serif; font-size: 12px; margin: 40px 0; overflow-x: auto;\">\n<table style=\"width: 100%; border-collapse: collapse; border: 1px solid #ddd; table-layout: fixed;\">\n<colgroup>\n<col class=\"col-left\" style=\"width: 20%;\">\n<col style=\"width: 40%;\">\n<col style=\"width: 40%;\">\n    <\/colgroup>\n<thead>\n<tr>\n<th style=\"background-color: #3b81f7; color: #ffffff; padding: 12px; text-align: left;\">Recurso<\/th>\n<th style=\"background-color: #3b81f7; color: #ffffff; padding: 12px; text-align: center;\">ChatAgentLab<\/th>\n<th style=\"background-color: #3b81f7; color: #ffffff; padding: 12px; text-align: center;\">Chatbots<\/th>\n<\/tr>\n<\/thead>\n<tbody>\n<tr>\n<td style=\"border: 1px solid #ddd; padding: 12px;\">Tempo de resposta<\/td>\n<td style=\"border: 1px solid #ddd; padding: 12px; text-align: center; font-weight: bold;\">Instant\u00e2neo (disponibilidade 24\/7)<\/td>\n<td style=\"border: 1px solid #ddd; padding: 12px; text-align: center;\">Atraso durante o pico de tr\u00e1fego<\/td>\n<\/tr>\n<tr>\n<td style=\"border: 1px solid #ddd; padding: 12px;\">Qualifica\u00e7\u00e3o de leads<\/td>\n<td style=\"border: 1px solid #ddd; padding: 12px; text-align: center; font-weight: bold;\">\u2705 Qualifica instantaneamente os leads<\/td>\n<td style=\"border: 1px solid #ddd; padding: 12px; text-align: center;\">\u274c Qualifica\u00e7\u00e3o de leads inconsistente<\/td>\n<\/tr>\n<tr>\n<td style=\"border: 1px solid #ddd; padding: 12px;\">Agendamento de compromissos<\/td>\n<td style=\"border: 1px solid #ddd; padding: 12px; text-align: center; font-weight: bold;\">\u2705 Agende reuni\u00f5es diretamente em seu calend\u00e1rio<\/td>\n<td style=\"border: 1px solid #ddd; padding: 12px; text-align: center;\">\u274c Frequentemente requer confirma\u00e7\u00e3o manual<\/td>\n<\/tr>\n<tr>\n<td style=\"border: 1px solid #ddd; padding: 12px;\">Escalabilidade<\/td>\n<td style=\"border: 1px solid #ddd; padding: 12px; text-align: center; font-weight: bold;\">\u2705 Conversas ilimitadas<\/td>\n<td style=\"border: 1px solid #ddd; padding: 12px; text-align: center;\">\u274c Restrito por intera\u00e7\u00f5es com script<\/td>\n<\/tr>\n<tr>\n<td style=\"border: 1px solid #ddd; padding: 12px;\">Custo<\/td>\n<td style=\"border: 1px solid #ddd; padding: 12px; text-align: center; font-weight: bold;\">US$ 450\/m\u00eas (custo fixo, sem taxas ocultas)<\/td>\n<td style=\"border: 1px solid #ddd; padding: 12px; text-align: center;\">\u274c Normalmente cobrado por usu\u00e1rio<\/td>\n<\/tr>\n<\/tbody>\n<\/table>\n<\/div>\n<p>[\/et_pb_text][\/et_pb_column][\/et_pb_row][et_pb_row _builder_version=&#8221;4.27.4&#8243; _module_preset=&#8221;default&#8221; global_colors_info=&#8221;{}&#8221;][et_pb_column type=&#8221;4_4&#8243; _builder_version=&#8221;4.27.4&#8243; _module_preset=&#8221;default&#8221; global_colors_info=&#8221;{}&#8221;][et_pb_button button_url=&#8221;@ET-DC@eyJkeW5hbWljIjp0cnVlLCJjb250ZW50IjoicG9zdF9saW5rX3VybF9wYWdlIiwic2V0dGluZ3MiOnsicG9zdF9pZCI6IjkzMjI2MyJ9fQ==@&#8221; button_text=&#8221;Iniciar a avalia\u00e7\u00e3o gratuita&#8221; button_alignment=&#8221;center&#8221; _builder_version=&#8221;4.27.4&#8243; _dynamic_attributes=&#8221;button_url&#8221; _module_preset=&#8221;default&#8221; custom_button=&#8221;on&#8221; button_text_size=&#8221;16px&#8221; button_bg_color=&#8221;#316de7&#8243; button_bg_use_color_gradient=&#8221;on&#8221; button_bg_color_gradient_direction=&#8221;90deg&#8221; button_bg_color_gradient_stops=&#8221;#2e5be4 0%|#3aa3ee 100%&#8221; button_bg_color_gradient_overlays_image=&#8221;on&#8221; button_border_width=&#8221;0px&#8221; button_border_color=&#8221;#2e5be4&#8243; button_icon=&#8221;&#x45;||divi||400&#8243; button_icon_color=&#8221;#FFFFFF&#8221; background_layout=&#8221;dark&#8221; custom_margin=&#8221;||12px||false|false&#8221; custom_padding=&#8221;10px|30px|10px|30px|false|false&#8221; global_colors_info=&#8221;{}&#8221;][\/et_pb_button][et_pb_text disabled_on=&#8221;off|off|off&#8221; _builder_version=&#8221;4.27.4&#8243; _module_preset=&#8221;default&#8221; text_orientation=&#8221;center&#8221; background_layout=&#8221;dark&#8221; custom_margin=&#8221;||60px|||&#8221; global_colors_info=&#8221;{}&#8221;]<\/p>\n<p>\ud83d\udc49 3 dias de teste gratuito<\/p>\n<p>[\/et_pb_text][\/et_pb_column][\/et_pb_row][\/et_pb_section]<\/p>\n","protected":false},"excerpt":{"rendered":"<p>Comparison ChatAgentLab vs. Chatbots Os chatbots tradicionais dependem de scripts e palavras-chave predefinidos, o que geralmente resulta em intera\u00e7\u00f5es r\u00edgidas e limitadas. Por outro lado, o ChatAgentLab utiliza IA avan\u00e7ada para entender o contexto e as nuances, permitindo conversas din\u00e2micas e semelhantes \u00e0s humanas. Essa evolu\u00e7\u00e3o aumenta o envolvimento e a satisfa\u00e7\u00e3o do usu\u00e1rio. \ud83d\udc49 [&hellip;]<\/p>\n","protected":false},"author":1,"featured_media":0,"parent":0,"menu_order":0,"comment_status":"closed","ping_status":"closed","template":"","meta":{"_et_pb_use_builder":"on","_et_pb_old_content":"","_et_gb_content_width":"","inline_featured_image":false,"footnotes":""},"class_list":["post-934774","page","type-page","status-publish","hentry"],"_links":{"self":[{"href":"https:\/\/chatagentlab.com\/pt-br\/wp-json\/wp\/v2\/pages\/934774","targetHints":{"allow":["GET"]}}],"collection":[{"href":"https:\/\/chatagentlab.com\/pt-br\/wp-json\/wp\/v2\/pages"}],"about":[{"href":"https:\/\/chatagentlab.com\/pt-br\/wp-json\/wp\/v2\/types\/page"}],"author":[{"embeddable":true,"href":"https:\/\/chatagentlab.com\/pt-br\/wp-json\/wp\/v2\/users\/1"}],"replies":[{"embeddable":true,"href":"https:\/\/chatagentlab.com\/pt-br\/wp-json\/wp\/v2\/comments?post=934774"}],"version-history":[{"count":6,"href":"https:\/\/chatagentlab.com\/pt-br\/wp-json\/wp\/v2\/pages\/934774\/revisions"}],"predecessor-version":[{"id":934786,"href":"https:\/\/chatagentlab.com\/pt-br\/wp-json\/wp\/v2\/pages\/934774\/revisions\/934786"}],"wp:attachment":[{"href":"https:\/\/chatagentlab.com\/pt-br\/wp-json\/wp\/v2\/media?parent=934774"}],"curies":[{"name":"wp","href":"https:\/\/api.w.org\/{rel}","templated":true}]}}