{"id":933936,"date":"2025-04-01T19:20:05","date_gmt":"2025-04-01T19:20:05","guid":{"rendered":"https:\/\/chatagentlab.com\/perspectivas\/"},"modified":"2025-04-01T20:27:25","modified_gmt":"2025-04-01T20:27:25","slug":"perspectivas","status":"publish","type":"page","link":"https:\/\/chatagentlab.com\/pt-br\/perspectivas\/","title":{"rendered":"Perspectivas"},"content":{"rendered":"<p>[et_pb_section fb_built=&#8221;1&#8243; custom_padding_last_edited=&#8221;on|phone&#8221; next_background_color=&#8221;#ffffff&#8221; admin_label=&#8221;Blog&#8221; _builder_version=&#8221;4.17.6&#8243; background_color=&#8221;#f5f7fa&#8221; background_enable_image=&#8221;off&#8221; custom_padding_tablet=&#8221;0px||0px||true|false&#8221; custom_padding_phone=&#8221;&#8221; bottom_divider_style=&#8221;arrow&#8221; locked=&#8221;off&#8221; global_colors_info=&#8221;{}&#8221;][et_pb_row custom_padding_last_edited=&#8221;off|phone&#8221; _builder_version=&#8221;4.27.2&#8243; width_tablet=&#8221;100%&#8221; width_phone=&#8221;&#8221; width_last_edited=&#8221;on|phone&#8221; custom_margin=&#8221;||||false|false&#8221; custom_margin_last_edited=&#8221;off|tablet&#8221; custom_padding=&#8221;||||false|false&#8221; custom_padding_phone=&#8221;||||false|false&#8221; global_colors_info=&#8221;{}&#8221;][et_pb_column type=&#8221;4_4&#8243; _builder_version=&#8221;4.16&#8243; global_colors_info=&#8221;{}&#8221;][et_pb_text content_tablet=&#8221;<\/p>\n<h1><span style=%22color: #38b6ff;%22>Perspectivas<\/span><\/h1>\n<p>&#8221; content_phone=&#8221;<\/p>\n<h1><span style=%22color: #38b6ff;%22>Perspectivas<\/span><\/h1>\n<p>&#8221; content_last_edited=&#8221;off|desktop&#8221; _builder_version=&#8221;4.27.4&#8243; _module_preset=&#8221;default&#8221; header_font=&#8221;|700|||||||&#8221; header_text_align=&#8221;center&#8221; header_text_color=&#8221;#111828&#8243; header_font_size=&#8221;50px&#8221; header_line_height=&#8221;1.4em&#8221; background_layout=&#8221;dark&#8221; custom_margin=&#8221;|20px|30px|0px|false|false&#8221; custom_padding=&#8221;||0px|||&#8221; custom_padding_tablet=&#8221;50px||||false|false&#8221; custom_padding_phone=&#8221;50px||||false|false&#8221; custom_padding_last_edited=&#8221;on|tablet&#8221; hover_enabled=&#8221;0&#8243; header_font_tablet=&#8221;Roboto|300|||||||&#8221; header_font_phone=&#8221;Roboto|300|||||||&#8221; header_font_last_edited=&#8221;off|desktop&#8221; header_font_size_tablet=&#8221;40px&#8221; header_font_size_phone=&#8221;35px&#8221; header_font_size_last_edited=&#8221;on|tablet&#8221; global_colors_info=&#8221;%91%93&#8243; sticky_enabled=&#8221;0&#8243;]<\/p>\n<h1><span style=\"color: #38b6ff;\">Perspectivas<\/span><\/h1>\n<p>[\/et_pb_text][et_pb_text _builder_version=&#8221;4.27.4&#8243; _module_preset=&#8221;default&#8221; text_font=&#8221;|700|||||||&#8221; text_font_size=&#8221;16px&#8221; text_orientation=&#8221;center&#8221; custom_padding_tablet=&#8221;|30px||30px|false|false&#8221; custom_padding_phone=&#8221;|30px||30px|false|false&#8221; custom_padding_last_edited=&#8221;on|phone&#8221; global_colors_info=&#8221;%91%93&#8243;]<\/p>\n<p>Insights mais precisos para agentes mais inteligentes.<\/p>\n<p>[\/et_pb_text][et_pb_post_slider posts_number=&#8221;5&#8243; include_categories=&#8221;27,20&#8243; show_image=&#8221;off&#8221; use_bg_overlay=&#8221;off&#8221; dot_nav_custom_color=&#8221;rgba(0,0,0,0.25)&#8221; _builder_version=&#8221;4.27.2&#8243; header_font=&#8221;||||||||&#8221; header_text_align=&#8221;center&#8221; header_font_size=&#8221;30px&#8221; header_line_height=&#8221;1.5em&#8221; body_font=&#8221;||||||||&#8221; body_text_align=&#8221;left&#8221; body_font_size=&#8221;16px&#8221; body_line_height=&#8221;2em&#8221; meta_font=&#8221;|600|||||||&#8221; meta_text_color=&#8221;#ff6d29&#8243; background_color=&#8221;rgba(0,0,0,0)&#8221; custom_button=&#8221;on&#8221; button_text_size=&#8221;14px&#8221; button_text_color=&#8221;#3f3fff&#8221; button_border_width=&#8221;2px&#8221; button_border_color=&#8221;#3f3fff&#8221; button_border_radius=&#8221;0px&#8221; button_letter_spacing=&#8221;1px&#8221; button_font=&#8221;|700||on|||||&#8221; button_custom_padding=&#8221;16px|28px|16px|28px|true|true&#8221; background_layout=&#8221;light&#8221; custom_padding=&#8221;0px||90px||false|false&#8221; header_font_size_tablet=&#8221;30px&#8221; header_font_size_phone=&#8221;20px&#8221; header_font_size_last_edited=&#8221;on|phone&#8221; body_font_size_tablet=&#8221;&#8221; body_font_size_phone=&#8221;14px&#8221; body_font_size_last_edited=&#8221;on|desktop&#8221; body_line_height_tablet=&#8221;&#8221; body_line_height_phone=&#8221;1.6em&#8221; body_line_height_last_edited=&#8221;on|desktop&#8221; global_colors_info=&#8221;{}&#8221; button_text_size__hover_enabled=&#8221;off&#8221; button_text_color__hover_enabled=&#8221;off&#8221; button_bg_color__hover=&#8221;#ff8a3d&#8221; button_bg_color__hover_enabled=&#8221;off&#8221; button_border_width__hover_enabled=&#8221;off&#8221; button_border_color__hover=&#8221;#ff8a3d&#8221; button_border_color__hover_enabled=&#8221;off&#8221; button_border_radius__hover=&#8221;100px&#8221; button_border_radius__hover_enabled=&#8221;off&#8221; button_letter_spacing__hover=&#8221;5px&#8221; button_letter_spacing__hover_enabled=&#8221;off&#8221;][\/et_pb_post_slider][\/et_pb_column][\/et_pb_row][\/et_pb_section][et_pb_section fb_built=&#8221;1&#8243; _builder_version=&#8221;4.17.6&#8243; _module_preset=&#8221;default&#8221; global_colors_info=&#8221;{}&#8221;][et_pb_row _builder_version=&#8221;4.17.6&#8243; _module_preset=&#8221;default&#8221; global_colors_info=&#8221;{}&#8221;][et_pb_column type=&#8221;4_4&#8243; _builder_version=&#8221;4.17.6&#8243; _module_preset=&#8221;default&#8221; global_colors_info=&#8221;{}&#8221;][et_pb_blog posts_number=&#8221;6&#8243; include_categories=&#8221;27,20&#8243; show_thumbnail=&#8221;off&#8221; show_more=&#8221;on&#8221; _builder_version=&#8221;4.27.2&#8243; _module_preset=&#8221;default&#8221; global_colors_info=&#8221;{}&#8221;][\/et_pb_blog][\/et_pb_column][\/et_pb_row][\/et_pb_section][et_pb_section fb_built=&#8221;1&#8243; _builder_version=&#8221;4.18.0&#8243; _module_preset=&#8221;default&#8221; custom_padding=&#8221;4px||50px|||&#8221; saved_tabs=&#8221;all&#8221; global_colors_info=&#8221;{}&#8221;][et_pb_row _builder_version=&#8221;4.18.0&#8243; _module_preset=&#8221;default&#8221; global_colors_info=&#8221;{}&#8221;][et_pb_column type=&#8221;4_4&#8243; _builder_version=&#8221;4.18.0&#8243; _module_preset=&#8221;default&#8221; global_colors_info=&#8221;{}&#8221;][et_pb_text _builder_version=&#8221;4.27.2&#8243; _module_preset=&#8221;default&#8221; custom_padding=&#8221;|||20px|false|false&#8221; border_width_left=&#8221;5px&#8221; border_color_left=&#8221;#38b6ff&#8221; global_colors_info=&#8221;%91%93&#8243;]<\/p>\n<p><strong>PUBLICIDADE<\/strong><strong><\/strong><\/p>\n<p><strong>Voc\u00ea<\/strong> est\u00e1 <strong>interessado em come\u00e7ar a investir?<br \/><\/strong> eToro \u00e9 uma das mais famosas plataformas de negocia\u00e7\u00e3o on-line, com mais de 30 milh\u00f5es de usu\u00e1rios, e est\u00e1 classificada no topo da nossa lista das 5 principais bolsas de valores. Muitas funcionalidades extras e ferramentas inovadoras foram decisivas para que voc\u00ea fosse classificado no topo da lista. <\/p>\n<p>[\/et_pb_text][\/et_pb_column][\/et_pb_row][et_pb_row column_structure=&#8221;1_4,1_2,1_4&#8243; _builder_version=&#8221;4.18.0&#8243; _module_preset=&#8221;default&#8221; background_color=&#8221;#FFFFFF&#8221; custom_padding=&#8221;|15px||15px|false|false&#8221; box_shadow_style=&#8221;preset1&#8243; global_colors_info=&#8221;{}&#8221;][et_pb_column type=&#8221;1_4&#8243; _builder_version=&#8221;4.18.0&#8243; _module_preset=&#8221;default&#8221; global_colors_info=&#8221;{}&#8221;][dsm_text_badges main_text=&#8221; &#8221; badges_text=&#8221;Recomendado&#8221; badges_background_color=&#8221;#00b800&#8243; _builder_version=&#8221;4.27.2&#8243; _module_preset=&#8221;default&#8221; badges_font=&#8221;Arial|600||on|||||&#8221; badges_text_color=&#8221;#FFFFFF&#8221; badges_letter_spacing=&#8221;1px&#8221; text_orientation=&#8221;center&#8221; global_colors_info=&#8221;{}&#8221;][\/dsm_text_badges][et_pb_image src=&#8221;https:\/\/chatagentlab.com\/wp-content\/uploads\/2025\/02\/etoro-logo.png&#8221; title_text=&#8221;logotipo da etoro&#8221; align=&#8221;center&#8221; _builder_version=&#8221;4.18.0&#8243; _module_preset=&#8221;default&#8221; custom_margin=&#8221;20px||||false|false&#8221; global_colors_info=&#8221;{}&#8221;][\/et_pb_image][\/et_pb_column][et_pb_column type=&#8221;1_2&#8243; _builder_version=&#8221;4.18.0&#8243; _module_preset=&#8221;default&#8221; global_colors_info=&#8221;{}&#8221;][et_pb_text _builder_version=&#8221;4.20.0&#8243; _module_preset=&#8221;default&#8221; global_colors_info=&#8221;%91%93&#8243;]<\/p>\n<p><span style=\"text-decoration: underline;\">Benef\u00edcios<\/span><\/p>\n<p>Registrado em v\u00e1rias autoridades de supervis\u00e3o financeira.<\/p>\n<p><span>Taxas <\/span>baixas.<\/p>\n<p><span>Atualmente, \u00e9 a plataforma mais f\u00e1cil de usar do mercado. Voc\u00ea pode abrir uma conta e fazer sua primeira negocia\u00e7\u00e3o em minutos. <\/span><\/p>\n<p><span>Bolsa segura e popular com mais de 30 milh\u00f5es de usu\u00e1rios registrados.<\/span><\/p>\n<p><span>Oferece negocia\u00e7\u00e3o em uma ampla variedade de ativos: a\u00e7\u00f5es, moedas, criptomoedas, commodities, ETFs e \u00edndices.<\/span><\/p>\n<p>[\/et_pb_text][et_pb_text _builder_version=&#8221;4.20.0&#8243; _module_preset=&#8221;default&#8221; global_colors_info=&#8221;%91%93&#8243;]<\/p>\n<p><span style=\"text-decoration: underline;\">Contras<\/span><\/p>\n<p>Taxa de inatividade de US$ 10 se voc\u00ea n\u00e3o fizer login dentro de 12 meses.<\/p>\n<p>Somente suporte por ticket, sem suporte por telefone.<\/p>\n<p>[\/et_pb_text][\/et_pb_column][et_pb_column type=&#8221;1_4&#8243; _builder_version=&#8221;4.18.0&#8243; _module_preset=&#8221;default&#8221; global_colors_info=&#8221;{}&#8221;][et_pb_button button_url=&#8221;https:\/\/med.etoro.com\/B12087_A67536_TClick_Sinvestortoplist.aspx&#8221; button_text=&#8221;Visite o eToro&#8221; button_alignment=&#8221;center&#8221; _builder_version=&#8221;4.20.0&#8243; _module_preset=&#8221;default&#8221; custom_button=&#8221;on&#8221; button_text_color=&#8221;#FFFFFF&#8221; button_bg_color=&#8221;#31e4c7&#8243; button_font=&#8221;Actor||||||||&#8221; button_icon_color=&#8221;#FFFFFF&#8221; custom_margin=&#8221;||0px||false|false&#8221; global_colors_info=&#8221;{}&#8221;][\/et_pb_button][et_pb_text disabled_on=&#8221;off|off|off&#8221; _builder_version=&#8221;4.27.2&#8243; background_color=&#8221;#EAEAEA&#8221; custom_margin=&#8221;18px|||||&#8221; custom_padding=&#8221;15px|15px|15px|15px&#8221; global_colors_info=&#8221;%91%93&#8243;]<\/p>\n<p style=\"text-align: left;\">Aviso de risco: 51% das contas de CFD n\u00e3o profissionais perdem dinheiro.<\/p>\n<p>[\/et_pb_text][et_pb_code _builder_version=&#8221;4.22.2&#8243; _module_preset=&#8221;default&#8221; global_colors_info=&#8221;{}&#8221;]<script type=\"text\/javascript\" src=\"https:\/\/marketing.etorostatic.com\/ext\/latest\/js\/etoro.js\" async defer><\/script>[\/et_pb_code][\/et_pb_column][\/et_pb_row][et_pb_row _builder_version=&#8221;4.18.0&#8243; _module_preset=&#8221;default&#8221; custom_padding=&#8221;40px|||||&#8221; global_colors_info=&#8221;{}&#8221;][et_pb_column type=&#8221;4_4&#8243; _builder_version=&#8221;4.18.0&#8243; _module_preset=&#8221;default&#8221; global_colors_info=&#8221;{}&#8221;][et_pb_icon font_icon=&#8221;&#x3b;||divi||400&#8243; icon_color=&#8221;#31e4c7&#8243; icon_width=&#8221;40px&#8221; _builder_version=&#8221;4.18.0&#8243; _module_preset=&#8221;default&#8221; global_colors_info=&#8221;{}&#8221;][\/et_pb_icon][\/et_pb_column][\/et_pb_row][et_pb_row _builder_version=&#8221;4.18.0&#8243; _module_preset=&#8221;default&#8221; custom_padding=&#8221;5px|||||&#8221; global_colors_info=&#8221;{}&#8221;][et_pb_column type=&#8221;4_4&#8243; _builder_version=&#8221;4.18.0&#8243; _module_preset=&#8221;default&#8221; global_colors_info=&#8221;{}&#8221;][et_pb_text _builder_version=&#8221;4.27.2&#8243; background_color=&#8221;#eaeaea&#8221; custom_padding=&#8221;25px|25px|25px|25px&#8221; global_colors_info=&#8221;%91%93&#8243;]<em><span small=\"\"><strong>Aviso de risco:<\/strong> <\/span><\/em><\/p>\n<p>O eToro \u00e9 uma plataforma de m\u00faltiplos ativos que oferece investimentos em a\u00e7\u00f5es e criptoativos, bem como negocia\u00e7\u00e3o de CFDs.<\/p>\n<p>Observe que os CFDs s\u00e3o instrumentos complexos e apresentam um alto risco de perda r\u00e1pida de dinheiro devido \u00e0 alavancagem. 51% das contas de investidores de varejo perdem dinheiro ao negociar CFDs com esse provedor. Voc\u00ea deve considerar se entende como os CFDs funcionam e se pode se dar ao luxo de correr o alto risco de perder seu dinheiro.  <\/p>\n<p>O desempenho passado n\u00e3o \u00e9 uma indica\u00e7\u00e3o de resultados futuros. O hist\u00f3rico de negocia\u00e7\u00f5es apresentado \u00e9 inferior a 5 anos completos e pode n\u00e3o ser suficiente como base para uma decis\u00e3o de investimento. <\/p>\n<p>A negocia\u00e7\u00e3o de c\u00f3pias \u00e9 um servi\u00e7o de gerenciamento de portf\u00f3lio, fornecido pela eToro (Europe) Ltd. que \u00e9 autorizada e regulamentada pela Cyprus Securities and Exchange Commission.<\/p>\n<p>O investimento em criptoativos \u00e9 altamente vol\u00e1til e n\u00e3o \u00e9 regulamentado em alguns pa\u00edses da UE. N\u00e3o h\u00e1 prote\u00e7\u00e3o ao consumidor. Voc\u00ea pode pagar impostos sobre os lucros.  <\/p>\n<p>A eToro USA LLC n\u00e3o oferece CFDs e n\u00e3o faz nenhuma declara\u00e7\u00e3o e n\u00e3o assume nenhuma responsabilidade quanto \u00e0 exatid\u00e3o ou integridade do conte\u00fado desta publica\u00e7\u00e3o, que foi preparada por nosso parceiro utilizando informa\u00e7\u00f5es espec\u00edficas sobre a eToro que n\u00e3o s\u00e3o da entidade e que est\u00e3o dispon\u00edveis publicamente.[\/et_pb_text][\/et_pb_column][\/et_pb_row][\/et_pb_section]<\/p>\n","protected":false},"excerpt":{"rendered":"<p>PerspectivasInsights mais precisos para agentes mais inteligentes.PUBLICIDADE Voc\u00ea est\u00e1 interessado em come\u00e7ar a investir? eToro \u00e9 uma das mais famosas plataformas de negocia\u00e7\u00e3o on-line, com mais de 30 milh\u00f5es de usu\u00e1rios, e est\u00e1 classificada no topo da nossa lista das 5 principais bolsas de valores. Muitas funcionalidades extras e ferramentas inovadoras foram decisivas para que [&hellip;]<\/p>\n","protected":false},"author":1,"featured_media":0,"parent":0,"menu_order":0,"comment_status":"closed","ping_status":"closed","template":"","meta":{"_et_pb_use_builder":"on","_et_pb_old_content":"","_et_gb_content_width":"","inline_featured_image":false,"footnotes":""},"class_list":["post-933936","page","type-page","status-publish","hentry"],"_links":{"self":[{"href":"https:\/\/chatagentlab.com\/pt-br\/wp-json\/wp\/v2\/pages\/933936","targetHints":{"allow":["GET"]}}],"collection":[{"href":"https:\/\/chatagentlab.com\/pt-br\/wp-json\/wp\/v2\/pages"}],"about":[{"href":"https:\/\/chatagentlab.com\/pt-br\/wp-json\/wp\/v2\/types\/page"}],"author":[{"embeddable":true,"href":"https:\/\/chatagentlab.com\/pt-br\/wp-json\/wp\/v2\/users\/1"}],"replies":[{"embeddable":true,"href":"https:\/\/chatagentlab.com\/pt-br\/wp-json\/wp\/v2\/comments?post=933936"}],"version-history":[{"count":4,"href":"https:\/\/chatagentlab.com\/pt-br\/wp-json\/wp\/v2\/pages\/933936\/revisions"}],"predecessor-version":[{"id":933941,"href":"https:\/\/chatagentlab.com\/pt-br\/wp-json\/wp\/v2\/pages\/933936\/revisions\/933941"}],"wp:attachment":[{"href":"https:\/\/chatagentlab.com\/pt-br\/wp-json\/wp\/v2\/media?parent=933936"}],"curies":[{"name":"wp","href":"https:\/\/api.w.org\/{rel}","templated":true}]}}