{"id":933762,"date":"2025-02-25T15:53:47","date_gmt":"2025-02-25T15:53:47","guid":{"rendered":"https:\/\/chatagentlab.com\/politica-de-privacidade\/"},"modified":"2025-03-30T14:43:59","modified_gmt":"2025-03-30T14:43:59","slug":"politica-de-privacidade","status":"publish","type":"page","link":"https:\/\/chatagentlab.com\/pt-br\/politica-de-privacidade\/","title":{"rendered":"Pol\u00edtica de privacidade"},"content":{"rendered":"<p>[et_pb_section fb_built=&#8221;1&#8243; _builder_version=&#8221;4.16&#8243; global_colors_info=&#8221;{}&#8221;][et_pb_row _builder_version=&#8221;4.16&#8243; background_size=&#8221;initial&#8221; background_position=&#8221;top_left&#8221; background_repeat=&#8221;repeat&#8221; global_colors_info=&#8221;{}&#8221;][et_pb_column type=&#8221;4_4&#8243; _builder_version=&#8221;4.16&#8243; custom_padding=&#8221;|||&#8221; global_colors_info=&#8221;{}&#8221; custom_padding__hover=&#8221;|||&#8221;][et_pb_text admin_label=&#8221;Innledning&#8221; _builder_version=&#8221;4.27.4&#8243; global_colors_info=&#8221;%91%93&#8243;]<\/p>\n<h1 style=\"text-align: center;\">Pol\u00edtica de privacidade<\/h1>\n<p style=\"text-align: center;\">\u00daltima atualiza\u00e7\u00e3o em 3 de fevereiro de 2025<\/p>\n<hr>\n<p>O ChatAgentLab.com est\u00e1 legalmente localizado sob a empresa norueguesa Portalen Gruppen AS ((n\u00famero de registro corporativo. 899551222MVA). As informa\u00e7\u00f5es de usu\u00e1rio que coletamos s\u00e3o necess\u00e1rias para o servi\u00e7o que prestamos. Seus dados est\u00e3o totalmente seguros conosco, pois lidamos com eles com foco na seguran\u00e7a e na facilidade de uso.  <\/p>\n<p>Se voc\u00ea tiver preenchido um formul\u00e1rio de contato ou um formul\u00e1rio de pedido, armazenaremos as informa\u00e7\u00f5es que voc\u00ea mesmo inseriu para realizar o que voc\u00ea solicitou.<\/p>\n<p>Quando voc\u00ea usa nosso site, voc\u00ea nos d\u00e1 acesso a informa\u00e7\u00f5es sobre voc\u00ea. Aqui voc\u00ea pode ler quais informa\u00e7\u00f5es coletamos, como fazemos isso e para que as usamos. <\/p>\n<p>[\/et_pb_text][et_pb_toggle title=&#8221;O que s\u00e3o informa\u00e7\u00f5es pessoais?&#8221; admin_label=&#8221;Hva er personopplysninger?&#8221; _builder_version=&#8221;4.16&#8243; global_colors_info=&#8221;{}&#8221;]<\/p>\n<p>Informa\u00e7\u00f5es pessoais s\u00e3o aquelas que podem ser associadas a uma pessoa, como nome, local de resid\u00eancia, n\u00famero de telefone, endere\u00e7o de e-mail, endere\u00e7o IP. As informa\u00e7\u00f5es sobre como voc\u00ea usa nosso site, como as p\u00e1ginas que visitou, s\u00e3o usadas por n\u00f3s em ferramentas estat\u00edsticas, como o Google Analytics, e em ferramentas de publicidade. <\/p>\n<p>[\/et_pb_toggle][et_pb_toggle title=&#8221;Quais regras se aplicam ao manuseio de dados pessoais?&#8221; admin_label=&#8221;Hvilke regler gjelder for h\u00e5ndtering av personopplysninger?&#8221; _builder_version=&#8221;4.16&#8243; global_colors_info=&#8221;{}&#8221;]<\/p>\n<p>Somos respons\u00e1veis pelo processamento de dados pessoais coletados por meio do uso de nossos servi\u00e7os. Estamos em conformidade com a Lei de Dados Pessoais no processamento de dados pessoais. <\/p>\n<p>Quando voc\u00ea nos permite divulgar informa\u00e7\u00f5es pessoais a terceiros, por exemplo, ao enviar formul\u00e1rios de propostas, eles ter\u00e3o uma responsabilidade independente pelo processamento posterior das informa\u00e7\u00f5es. O mesmo se aplica \u00e0s informa\u00e7\u00f5es que voc\u00ea pode trocar com outros sites depois de seguir links em nosso site. <\/p>\n<p>[\/et_pb_toggle][et_pb_toggle title=&#8221;Que informa\u00e7\u00f5es coletamos sobre voc\u00ea?&#8221; admin_label=&#8221;Hvilken informasjon samler vi om deg?&#8221; _builder_version=&#8221;4.16&#8243; global_colors_info=&#8221;{}&#8221;]<\/p>\n<ul>\n<li>Informa\u00e7\u00f5es que voc\u00ea mesmo insere em formul\u00e1rios de contato ou formul\u00e1rios de pedido.<\/li>\n<li>Mensagens que voc\u00ea envia via chat para n\u00f3s.<\/li>\n<li>Informa\u00e7\u00f5es que voc\u00ea nos fornece por telefone.<\/li>\n<li>Avalia\u00e7\u00f5es de neg\u00f3cios e outros coment\u00e1rios que voc\u00ea fornece por meio do servi\u00e7o.<\/li>\n<li>Informa\u00e7\u00f5es que coletamos sobre o uso que voc\u00ea faz do nosso site.<\/li>\n<li>A tecnologia que voc\u00ea usa. Se voc\u00ea est\u00e1 em um laptop, tablet ou celular, qual navegador est\u00e1 usando, endere\u00e7o IP, operadora de rede e similares. <\/li>\n<li>O que voc\u00ea est\u00e1 fazendo. Por exemplo, que p\u00e1ginas voc\u00ea visita, em que clica e que tipo de publicidade mostramos a voc\u00ea.<br \/>Onde voc\u00ea est\u00e1. Podemos registrar sua localiza\u00e7\u00e3o geogr\u00e1fica com base no seu endere\u00e7o IP.  <\/li>\n<li>Quando voc\u00ea se candidata a um emprego em nossa p\u00e1gina de carreiras e insere informa\u00e7\u00f5es no formul\u00e1rio de candidatura.<\/li>\n<\/ul>\n<p>[\/et_pb_toggle][et_pb_toggle title=&#8221;Informa\u00e7\u00f5es de outras fontes&#8221; admin_label=&#8221;Informasjon fra andre kilder&#8221; _builder_version=&#8221;4.16&#8243; global_colors_info=&#8221;{}&#8221;]<\/p>\n<p>Podemos receber informa\u00e7\u00f5es de clientes e de terceiros que nos ajudam a analisar o uso que voc\u00ea faz do nosso site para aprimorar nosso servi\u00e7o. Por exemplo, um anunciante pode nos fornecer informa\u00e7\u00f5es sobre o que aconteceu depois que voc\u00ea clicou em um an\u00fancio nosso. <\/p>\n<p>[\/et_pb_toggle][et_pb_toggle title=&#8221;Para que as informa\u00e7\u00f5es s\u00e3o usadas?&#8221; admin_label=&#8221;Hva brukes informasjonen til?&#8221; _builder_version=&#8221;4.16&#8243; global_colors_info=&#8221;{}&#8221;]<\/p>\n<p>Estamos trabalhando constantemente para oferecer a voc\u00ea uma experi\u00eancia personalizada e de qualidade em nosso site. Isso \u00e9 feito por meio do uso de coockies e c\u00f3digos de pixel para rastrear informa\u00e7\u00f5es, cujos principais objetivos s\u00e3o: <\/p>\n<ul>\n<li>Fornecer os servi\u00e7os que voc\u00ea espera de n\u00f3s.<\/li>\n<li>Fornecer uma velocidade mais r\u00e1pida do site ao usar cookies.<\/li>\n<li>Entender as necessidades de nossos usu\u00e1rios por meio de estat\u00edsticas. Analisamos dados de grandes grupos para aprimorar e desenvolver ainda mais nosso servi\u00e7o. <\/li>\n<li>Personalizar an\u00fancios para voc\u00ea e seus interesses. Por exemplo, podemos exibir an\u00fancios se voc\u00ea tiver visitado nosso site sem enviar uma solicita\u00e7\u00e3o. <\/li>\n<li>Evitar atividades indesejadas ou criminosas. \u00c9 muito importante para n\u00f3s garantir que nosso site seja seguro. Portanto, fazemos o poss\u00edvel para evitar atividades indesejadas ou criminosas.  <\/li>\n<\/ul>\n<p>[\/et_pb_toggle][et_pb_toggle title=&#8221;Marketing e pesquisas&#8221; admin_label=&#8221;Markedsf\u00f8ring og sp\u00f8rreunders\u00f8kelser&#8221; _builder_version=&#8221;4.16&#8243; global_colors_info=&#8221;{}&#8221;]<\/p>\n<p>Se voc\u00ea respondeu que sim e que gostaria de receber informa\u00e7\u00f5es relevantes, poderemos enviar-lhe informa\u00e7\u00f5es sobre nossos servi\u00e7os por e-mail, pesquisas ou outros tipos de mensagens. Voc\u00ea pode optar por retirar seu consentimento se n\u00e3o quiser mais receber informa\u00e7\u00f5es. Todo o marketing que enviamos dessa forma est\u00e1 em conformidade com as regras de marketing da Noruega.  <\/p>\n<p>[\/et_pb_toggle][et_pb_toggle title=&#8221;As informa\u00e7\u00f5es s\u00e3o compartilhadas com outras pessoas?&#8221; admin_label=&#8221;Deles informasjonen med andre?&#8221; _builder_version=&#8221;4.16&#8243; global_colors_info=&#8221;{}&#8221;]<\/p>\n<p>As informa\u00e7\u00f5es que voc\u00ea preencheu nos formul\u00e1rios de contato ou nos formul\u00e1rios de pedido nunca ser\u00e3o compartilhadas com nenhuma outra empresa. As informa\u00e7\u00f5es sobre voc\u00ea e seu uso de nosso site e servi\u00e7os s\u00e3o compartilhadas apenas com os fornecedores das ferramentas de seguran\u00e7a que usamos e com ferramentas estat\u00edsticas, como Google Analytics, Google Tag Manager, Google AdWords, Facebook Ads e sistemas de publicidade semelhantes. <\/p>\n<p>N\u00e3o compartilharemos, venderemos, disseminaremos ou divulgaremos de outra forma informa\u00e7\u00f5es pessoais sobre voc\u00ea, a n\u00e3o ser conforme declarado nesta declara\u00e7\u00e3o de privacidade.<\/p>\n<p>[\/et_pb_toggle][et_pb_toggle title=&#8221;Como posso gerenciar as informa\u00e7\u00f5es sobre mim?&#8221; admin_label=&#8221;Hvordan kan jeg administrere informasjon om meg?&#8221; _builder_version=&#8221;4.16&#8243; global_colors_info=&#8221;{}&#8221;]<\/p>\n<p><strong>Atualizar informa\u00e7\u00f5es pessoais<\/strong><\/p>\n<p>Se quiser que atualizemos\/alteremos suas informa\u00e7\u00f5es, voc\u00ea pode entrar em contato conosco por meio do formul\u00e1rio de contato encontrado na p\u00e1gina &#8220;Fale conosco&#8221;.<\/p>\n<p><strong>Exclus\u00e3o de dados pessoais<\/strong><\/p>\n<p>N\u00e3o armazenamos dados pessoais mais do que o necess\u00e1rio para cumprir a finalidade do processamento, a menos que isso seja exigido por lei, por exemplo, por meio da Lei de Contabilidade. Temos procedimentos abrangentes para exclus\u00e3o e anonimiza\u00e7\u00e3o. Voc\u00ea pode at\u00e9 mesmo solicitar acesso aos dados pessoais que mantemos sobre voc\u00ea e ter as informa\u00e7\u00f5es removidas do seu perfil de usu\u00e1rio.  <\/p>\n<p>A regra principal \u00e9 que os dados pessoais n\u00e3o s\u00e3o mais armazenados para a finalidade a que se destinam. As informa\u00e7\u00f5es em coockies s\u00e3o exclu\u00eddas em intervalos de tempo fixos de 1 m\u00eas. Essas informa\u00e7\u00f5es ser\u00e3o armazenadas permanentemente at\u00e9 que voc\u00ea nos envie uma mensagem de exclus\u00e3o:  <\/p>\n<p>As informa\u00e7\u00f5es pessoais fornecidas nos formul\u00e1rios de contato s\u00e3o armazenadas em nosso sistema interno de CRM para acompanhar o di\u00e1logo com o cliente.<\/p>\n<p>As informa\u00e7\u00f5es pessoais fornecidas nos formul\u00e1rios de pedido s\u00e3o armazenadas como confirma\u00e7\u00e3o do pedido que voc\u00ea fez e s\u00e3o necess\u00e1rias para que voc\u00ea tenha acesso ao nosso aplicativo de seguran\u00e7a. Nossos formul\u00e1rios de pedido substituem os contratos tradicionais, pois tentamos ser 100% sem papel. <\/p>\n<p>&nbsp;<\/p>\n<p>Se voc\u00ea solicitar a exclus\u00e3o de seus dados pessoais, excluiremos todas as suas informa\u00e7\u00f5es.<br \/>Observe que voc\u00ea pode at\u00e9 mesmo desativar ou excluir cookies no seu navegador. No entanto, a desativa\u00e7\u00e3o ou exclus\u00e3o de cookies pode alterar sua experi\u00eancia de usu\u00e1rio em um site e, \u00e0s vezes, o site n\u00e3o funcionar\u00e1 mais t\u00e3o bem. <\/p>\n<p>[\/et_pb_toggle][et_pb_toggle title=&#8221;Links patrocinados&#8221; admin_label=&#8221;Sponsede lenker&#8221; _builder_version=&#8221;4.16&#8243; global_colors_info=&#8221;{}&#8221;]<\/p>\n<p>Em alguns casos, podemos recomendar diferentes produtos e servi\u00e7os. Nos casos em que usamos links patrocinados, informamos sobre isso. Se voc\u00ea fizer um pedido por meio desse link, o Portalen Gruppen AS receber\u00e1 uma parte das vendas. Quando voc\u00ea clica em um desses links, um cookie \u00e9 armazenado no seu navegador para que seja poss\u00edvel rastrear qualquer pedido.   <\/p>\n<p>[\/et_pb_toggle][et_pb_toggle title=&#8221;Implementa\u00e7\u00e3o de mudan\u00e7as&#8221; admin_label=&#8221;Gjennomf\u00f8ring av endringer&#8221; _builder_version=&#8221;4.16&#8243; global_colors_info=&#8221;{}&#8221;]<\/p>\n<p>Ocasionalmente, atualizaremos esta declara\u00e7\u00e3o de privacidade para refletir altera\u00e7\u00f5es no site ou em nossa declara\u00e7\u00e3o de privacidade. A declara\u00e7\u00e3o de privacidade atual estar\u00e1 sempre dispon\u00edvel em nosso site. <\/p>\n<p>[\/et_pb_toggle][et_pb_text admin_label=&#8221;Kontakt&#8221; _builder_version=&#8221;4.16&#8243; global_colors_info=&#8221;%91%93&#8243;]<\/p>\n<p>Se tiver d\u00favidas ou sugest\u00f5es sobre informa\u00e7\u00f5es pessoais neste site, voc\u00ea pode entrar em contato conosco preenchendo nosso formul\u00e1rio de contato na p\u00e1gina &#8220;Fale conosco&#8221;, que se encontra no menu.<\/p>\n<p>[\/et_pb_text][\/et_pb_column][\/et_pb_row][\/et_pb_section]<\/p>\n","protected":false},"excerpt":{"rendered":"<p>Pol\u00edtica de privacidade \u00daltima atualiza\u00e7\u00e3o em 3 de fevereiro de 2025 O ChatAgentLab.com est\u00e1 legalmente localizado sob a empresa norueguesa Portalen Gruppen AS ((n\u00famero de registro corporativo. 899551222MVA). As informa\u00e7\u00f5es de usu\u00e1rio que coletamos s\u00e3o necess\u00e1rias para o servi\u00e7o que prestamos. Seus dados est\u00e3o totalmente seguros conosco, pois lidamos com eles com foco na seguran\u00e7a [&hellip;]<\/p>\n","protected":false},"author":1,"featured_media":0,"parent":0,"menu_order":0,"comment_status":"closed","ping_status":"closed","template":"","meta":{"_et_pb_use_builder":"on","_et_pb_old_content":"","_et_gb_content_width":"","inline_featured_image":false,"footnotes":""},"class_list":["post-933762","page","type-page","status-publish","hentry"],"_links":{"self":[{"href":"https:\/\/chatagentlab.com\/pt-br\/wp-json\/wp\/v2\/pages\/933762","targetHints":{"allow":["GET"]}}],"collection":[{"href":"https:\/\/chatagentlab.com\/pt-br\/wp-json\/wp\/v2\/pages"}],"about":[{"href":"https:\/\/chatagentlab.com\/pt-br\/wp-json\/wp\/v2\/types\/page"}],"author":[{"embeddable":true,"href":"https:\/\/chatagentlab.com\/pt-br\/wp-json\/wp\/v2\/users\/1"}],"replies":[{"embeddable":true,"href":"https:\/\/chatagentlab.com\/pt-br\/wp-json\/wp\/v2\/comments?post=933762"}],"version-history":[{"count":4,"href":"https:\/\/chatagentlab.com\/pt-br\/wp-json\/wp\/v2\/pages\/933762\/revisions"}],"predecessor-version":[{"id":933766,"href":"https:\/\/chatagentlab.com\/pt-br\/wp-json\/wp\/v2\/pages\/933762\/revisions\/933766"}],"wp:attachment":[{"href":"https:\/\/chatagentlab.com\/pt-br\/wp-json\/wp\/v2\/media?parent=933762"}],"curies":[{"name":"wp","href":"https:\/\/api.w.org\/{rel}","templated":true}]}}