{"id":933729,"date":"2024-11-13T01:27:54","date_gmt":"2024-11-13T01:27:54","guid":{"rendered":"https:\/\/chatagentlab.com\/politica-de-cookies\/"},"modified":"2025-03-30T14:36:13","modified_gmt":"2025-03-30T14:36:13","slug":"politica-de-cookies","status":"publish","type":"page","link":"https:\/\/chatagentlab.com\/pt-br\/politica-de-cookies\/","title":{"rendered":"Pol\u00edtica de cookies"},"content":{"rendered":"<p>[et_pb_section fb_built=&#8221;1&#8243; _builder_version=&#8221;4.23.1&#8243; _module_preset=&#8221;default&#8221; global_colors_info=&#8221;{}&#8221;][et_pb_row _builder_version=&#8221;4.23.1&#8243; _module_preset=&#8221;default&#8221; global_colors_info=&#8221;{}&#8221;][et_pb_column type=&#8221;4_4&#8243; _builder_version=&#8221;4.23.1&#8243; _module_preset=&#8221;default&#8221; global_colors_info=&#8221;{}&#8221;][et_pb_text _builder_version=&#8221;4.23.1&#8243; _module_preset=&#8221;default&#8221; global_colors_info=&#8221;{}&#8221;]<\/p>\n<p>&nbsp;<\/p>\n<h1 class=\"cookie-policy-h1\">Pol\u00edtica de cookies<\/h1>\n<p>\u00daltima atualiza\u00e7\u00e3o: 3 de fevereiro de 2025<\/p>\n<p>&nbsp;<\/p>\n<h5>O que s\u00e3o cookies?<\/h5>\n<div class=\"cookie-policy-p\">\n<p>Esta Pol\u00edtica de Cookies explica o que s\u00e3o cookies e como os usamos, os tipos de cookies que usamos, ou seja, as informa\u00e7\u00f5es que coletamos usando cookies e como essas informa\u00e7\u00f5es s\u00e3o usadas, e como voc\u00ea pode gerenciar as configura\u00e7\u00f5es de cookies.<\/p>\n<p>Cookies s\u00e3o pequenos arquivos de texto usados para armazenar pequenas informa\u00e7\u00f5es. Eles s\u00e3o armazenados em seu dispositivo quando o site \u00e9 carregado em seu navegador. Esses cookies nos ajudam a fazer com que o site funcione corretamente, torn\u00e1-lo mais seguro, proporcionar melhor experi\u00eancia ao usu\u00e1rio e entender o desempenho do site e analisar o que funciona e onde precisa ser melhorado.  <\/p>\n<\/div>\n<p>&nbsp;<\/p>\n<h5>Como usamos cookies?<\/h5>\n<div class=\"cookie-policy-p\">\n<p>Como a maioria dos servi\u00e7os on-line, nosso site usa cookies pr\u00f3prios e de terceiros para diversas finalidades. Os cookies prim\u00e1rios s\u00e3o necess\u00e1rios principalmente para que o site funcione da maneira correta e n\u00e3o coletam nenhum dado pessoal identific\u00e1vel de voc\u00ea. <\/p>\n<p>Os cookies de terceiros usados em nosso site servem principalmente para entender o desempenho do site, como voc\u00ea interage com ele, manter nossos servi\u00e7os seguros, fornecer an\u00fancios relevantes para voc\u00ea e, de modo geral, proporcionar a voc\u00ea uma experi\u00eancia de usu\u00e1rio melhor e mais aprimorada e ajudar a acelerar suas futuras intera\u00e7\u00f5es com nosso site.<\/p>\n<\/div>\n<p>&nbsp;<\/p>\n<h5>Tipos de cookies que usamos<\/h5>\n<div class=\"cky-audit-table-element\"><\/div>\n<p>&nbsp;<\/p>\n<h5 style=\"margin-bottom: 20px;\">Gerenciar prefer\u00eancias de cookies<\/h5>\n<p><a class=\"cky-banner-element\">Configura\u00e7\u00f5es de cookies<\/a><\/p>\n<div>\n<p>Voc\u00ea pode alterar suas prefer\u00eancias de cookies a qualquer momento clicando no bot\u00e3o acima. Isso permitir\u00e1 que voc\u00ea visite novamente o banner de consentimento de cookies e altere suas prefer\u00eancias ou retire seu consentimento imediatamente. <\/p>\n<p>Al\u00e9m disso, diferentes navegadores oferecem diferentes m\u00e9todos para bloquear e excluir cookies usados por sites. Voc\u00ea pode alterar as configura\u00e7\u00f5es do seu navegador para bloquear\/excluir os cookies. Abaixo voc\u00ea encontrar\u00e1 os links para os documentos de suporte sobre como gerenciar e excluir cookies dos principais navegadores da Web.  <\/p>\n<p>Cromo: <a href=\"https:\/\/support.google.com\/accounts\/answer\/32050\" target=\"_blank\" rel=\"noopener nofollow\">https:\/\/support.google.com\/accounts\/answer\/32050<\/a><\/p>\n<p>Safari: <a href=\"https:\/\/support.apple.com\/en-in\/guide\/safari\/sfri11471\/mac\" target=\"_blank\" rel=\"noopener nofollow\">https:\/\/support.apple.com\/en-in\/guide\/safari\/sfri11471\/mac<\/a><\/p>\n<p>Firefox: <a href=\"https:\/\/support.mozilla.org\/en-US\/kb\/clear-cookies-and-site-data-firefox?redirectslug=delete-cookies-remove-info-websites-stored&amp;redirectlocale=en-US\" target=\"_blank\" rel=\"noopener nofollow\">https:\/\/support.mozilla.org\/en-US\/kb\/clear-cookies-and-site-data-firefox?redirectslug=delete-cookies-remove-info-websites-stored&amp;redirectlocale=en-US<\/a><\/p>\n<p>Internet Explorer: <a href=\"https:\/\/support.microsoft.com\/en-us\/topic\/how-to-delete-cookie-files-in-internet-explorer-bca9446f-d873-78de-77ba-d42645fa52fc\" target=\"_blank\" rel=\"noopener nofollow\">https:\/\/support.microsoft.com\/en-us\/topic\/how-to-delete-cookie-files-in-internet-explorer-bca9446f-d873-78de-77ba-d42645fa52fc<\/a><\/p>\n<p>Se voc\u00ea estiver usando qualquer outro navegador da Web, consulte os documentos oficiais de suporte do seu navegador.<\/p>\n<\/div>\n<p>[\/et_pb_text][\/et_pb_column][\/et_pb_row][\/et_pb_section]<\/p>\n","protected":false},"excerpt":{"rendered":"<p>&nbsp; Pol\u00edtica de cookies \u00daltima atualiza\u00e7\u00e3o: 3 de fevereiro de 2025 &nbsp; O que s\u00e3o cookies? Esta Pol\u00edtica de Cookies explica o que s\u00e3o cookies e como os usamos, os tipos de cookies que usamos, ou seja, as informa\u00e7\u00f5es que coletamos usando cookies e como essas informa\u00e7\u00f5es s\u00e3o usadas, e como voc\u00ea pode gerenciar as [&hellip;]<\/p>\n","protected":false},"author":1,"featured_media":0,"parent":0,"menu_order":0,"comment_status":"closed","ping_status":"closed","template":"","meta":{"_et_pb_use_builder":"on","_et_pb_old_content":"","_et_gb_content_width":"","inline_featured_image":false,"footnotes":""},"class_list":["post-933729","page","type-page","status-publish","hentry"],"_links":{"self":[{"href":"https:\/\/chatagentlab.com\/pt-br\/wp-json\/wp\/v2\/pages\/933729","targetHints":{"allow":["GET"]}}],"collection":[{"href":"https:\/\/chatagentlab.com\/pt-br\/wp-json\/wp\/v2\/pages"}],"about":[{"href":"https:\/\/chatagentlab.com\/pt-br\/wp-json\/wp\/v2\/types\/page"}],"author":[{"embeddable":true,"href":"https:\/\/chatagentlab.com\/pt-br\/wp-json\/wp\/v2\/users\/1"}],"replies":[{"embeddable":true,"href":"https:\/\/chatagentlab.com\/pt-br\/wp-json\/wp\/v2\/comments?post=933729"}],"version-history":[{"count":4,"href":"https:\/\/chatagentlab.com\/pt-br\/wp-json\/wp\/v2\/pages\/933729\/revisions"}],"predecessor-version":[{"id":933733,"href":"https:\/\/chatagentlab.com\/pt-br\/wp-json\/wp\/v2\/pages\/933729\/revisions\/933733"}],"wp:attachment":[{"href":"https:\/\/chatagentlab.com\/pt-br\/wp-json\/wp\/v2\/media?parent=933729"}],"curies":[{"name":"wp","href":"https:\/\/api.w.org\/{rel}","templated":true}]}}