{"id":933652,"date":"2025-02-25T11:12:22","date_gmt":"2025-02-25T11:12:22","guid":{"rendered":"https:\/\/chatagentlab.com\/seguranca\/"},"modified":"2026-03-25T11:39:04","modified_gmt":"2026-03-25T11:39:04","slug":"seguranca","status":"publish","type":"page","link":"https:\/\/chatagentlab.com\/pt-br\/seguranca\/","title":{"rendered":"Seguran\u00e7a"},"content":{"rendered":"<p>[et_pb_section fb_built=&#8221;1&#8243; admin_label=&#8221;Header&#8221; _builder_version=&#8221;4.27.4&#8243; _module_preset=&#8221;default&#8221; background_color=&#8221;gcid-1bcf785a-50e1-437b-b09f-65567babc1de&#8221; background_image=&#8221;https:\/\/chatagentlab.com\/wp-content\/uploads\/2024\/11\/ai-40c.png&#8221; background_size=&#8221;custom&#8221; background_image_width=&#8221;40%&#8221; background_position=&#8221;top_right&#8221; custom_margin=&#8221;||||false|false&#8221; custom_padding=&#8221;||7px||false|false&#8221; collapsed=&#8221;on&#8221; global_colors_info=&#8221;{%22gcid-1bcf785a-50e1-437b-b09f-65567babc1de%22:%91%22background_color%22%93}&#8221;][et_pb_row _builder_version=&#8221;4.24.2&#8243; _module_preset=&#8221;default&#8221; custom_margin=&#8221;||||false|false&#8221; custom_padding=&#8221;||0px||false|false&#8221; global_colors_info=&#8221;{}&#8221;][et_pb_column type=&#8221;4_4&#8243; _builder_version=&#8221;4.19.5&#8243; _module_preset=&#8221;default&#8221; z_index=&#8221;10&#8243; global_colors_info=&#8221;{}&#8221;][et_pb_text _builder_version=&#8221;4.27.4&#8243; _module_preset=&#8221;default&#8221; text_orientation=&#8221;center&#8221; background_layout=&#8221;dark&#8221; width=&#8221;20%&#8221; width_tablet=&#8221;27%&#8221; width_phone=&#8221;60%&#8221; width_last_edited=&#8221;on|phone&#8221; max_width_last_edited=&#8221;off|phone&#8221; module_alignment=&#8221;center&#8221; custom_css_main_element=&#8221;background: linear-gradient(||  to top,||  rgba(55, 181, 255, 0.5) 0%,  \/* 50% opacity of #37B5FF at the bottom *\/||  rgba(55, 181, 255, 0) 100%    \/* Fully transparent at the top *\/||) !important;||||border-radius: 0%;||padding: 0;||&#8221; border_width_bottom=&#8221;1px&#8221; border_color_bottom=&#8221;#37b5ff&#8221; global_colors_info=&#8221;{}&#8221;]<\/p>\n<p>Privacidade e seguran\u00e7a<\/p>\n<p>[\/et_pb_text][et_pb_text content_tablet=&#8221;<\/p>\n<h1>Plataforma de seguran\u00e7a <span style=%22color: #38b6ff;%22>em primeiro lugar <\/span><\/h1>\n<p>&#8221; content_phone=&#8221;<\/p>\n<h1>Plataforma de seguran\u00e7a <span style=%22color: #38b6ff;%22>em primeiro lugar <\/span><\/h1>\n<p>&#8221; content_last_edited=&#8221;off|desktop&#8221; _builder_version=&#8221;4.27.4&#8243; _module_preset=&#8221;default&#8221; header_font=&#8221;Barlow Semi Condensed|700|||||||&#8221; header_text_align=&#8221;center&#8221; header_text_color=&#8221;#FFFFFF&#8221; header_font_size=&#8221;50px&#8221; header_line_height=&#8221;1.4em&#8221; background_layout=&#8221;dark&#8221; custom_margin=&#8221;|20px|30px|0px|false|false&#8221; custom_padding=&#8221;||0px|||&#8221; custom_padding_tablet=&#8221;&#8221; custom_padding_phone=&#8221;&#8221; custom_padding_last_edited=&#8221;on|phone&#8221; header_font_tablet=&#8221;Roboto|300|||||||&#8221; header_font_phone=&#8221;Roboto|300|||||||&#8221; header_font_last_edited=&#8221;off|desktop&#8221; header_font_size_tablet=&#8221;40px&#8221; header_font_size_phone=&#8221;30px&#8221; header_font_size_last_edited=&#8221;on|phone&#8221; global_colors_info=&#8221;{}&#8221;]<\/p>\n<h1>Plataforma de seguran\u00e7a <span style=\"color: #38b6ff;\">em primeiro lugar <\/span><\/h1>\n<p>[\/et_pb_text][et_pb_text _builder_version=&#8221;4.27.4&#8243; _module_preset=&#8221;_initial&#8221; text_font=&#8221;Inter||||||||&#8221; text_text_color=&#8221;#c0c2ca&#8221; text_font_size=&#8221;15px&#8221; text_line_height=&#8221;1.8em&#8221; header_font=&#8221;||||||||&#8221; header_4_font=&#8221;Inter|700|||||||&#8221; header_4_text_color=&#8221;#FFFFFF&#8221; header_4_font_size=&#8221;19px&#8221; header_4_line_height=&#8221;1.4em&#8221; text_orientation=&#8221;center&#8221; background_layout=&#8221;dark&#8221; custom_margin=&#8221;||51px|||&#8221; header_4_font_size_tablet=&#8221;16px&#8221; header_4_font_size_phone=&#8221;15px&#8221; header_4_font_size_last_edited=&#8221;on|desktop&#8221; global_colors_info=&#8221;{}&#8221;]<\/p>\n<p data-start=\"393\" data-end=\"482\">Priorizamos a seguran\u00e7a e a privacidade de seus dados. Nossa plataforma \u00e9 compat\u00edvel com o GDPR, garantindo a ades\u00e3o a padr\u00f5es rigorosos de prote\u00e7\u00e3o de dados. <\/p>\n<p>[\/et_pb_text][\/et_pb_column][\/et_pb_row][et_pb_row column_structure=&#8221;1_3,1_3,1_3&#8243; _builder_version=&#8221;4.27.4&#8243; _module_preset=&#8221;default&#8221; custom_padding=&#8221;24px||||false|false&#8221; global_colors_info=&#8221;{}&#8221;][et_pb_column type=&#8221;1_3&#8243; _builder_version=&#8221;4.21.0&#8243; _module_preset=&#8221;default&#8221; global_colors_info=&#8221;{}&#8221;][et_pb_blurb use_icon=&#8221;on&#8221; font_icon=&#8221;&#x4e;||divi||400&#8243; icon_placement=&#8221;left&#8221; _builder_version=&#8221;4.27.4&#8243; _module_preset=&#8221;default&#8221; header_font_size=&#8221;20px&#8221; body_text_color=&#8221;#c0c2ca&#8221; background_layout=&#8221;dark&#8221; custom_margin=&#8221;||||false|false&#8221; global_colors_info=&#8221;{}&#8221;]<\/p>\n<p>Os bate-papos n\u00e3o s\u00e3o usados para treinamento de modelos.<\/p>\n<p>[\/et_pb_blurb][\/et_pb_column][et_pb_column type=&#8221;1_3&#8243; _builder_version=&#8221;4.21.0&#8243; _module_preset=&#8221;default&#8221; global_colors_info=&#8221;{}&#8221;][et_pb_blurb use_icon=&#8221;on&#8221; font_icon=&#8221;&#x4e;||divi||400&#8243; icon_placement=&#8221;left&#8221; _builder_version=&#8221;4.27.4&#8243; _module_preset=&#8221;default&#8221; header_font_size=&#8221;20px&#8221; body_text_color=&#8221;#c0c2ca&#8221; background_layout=&#8221;dark&#8221; custom_margin=&#8221;||||false|false&#8221; global_colors_info=&#8221;{}&#8221;]<\/p>\n<p>Criptografia avan\u00e7ada<\/p>\n<p>[\/et_pb_blurb][\/et_pb_column][et_pb_column type=&#8221;1_3&#8243; _builder_version=&#8221;4.21.0&#8243; _module_preset=&#8221;default&#8221; global_colors_info=&#8221;{}&#8221;][et_pb_blurb use_icon=&#8221;on&#8221; font_icon=&#8221;&#x4e;||divi||400&#8243; icon_placement=&#8221;left&#8221; _builder_version=&#8221;4.27.4&#8243; _module_preset=&#8221;default&#8221; header_font_size=&#8221;20px&#8221; body_text_color=&#8221;#c0c2ca&#8221; background_layout=&#8221;dark&#8221; custom_margin=&#8221;||||false|false&#8221; global_colors_info=&#8221;{}&#8221;]<\/p>\n<p>Em conformidade com o GDPR<\/p>\n<p>[\/et_pb_blurb][\/et_pb_column][\/et_pb_row][et_pb_row _builder_version=&#8221;4.27.4&#8243; _module_preset=&#8221;default&#8221; global_colors_info=&#8221;{}&#8221;][et_pb_column type=&#8221;4_4&#8243; _builder_version=&#8221;4.27.4&#8243; _module_preset=&#8221;default&#8221; global_colors_info=&#8221;{}&#8221;][et_pb_button button_url=&#8221;@ET-DC@eyJkeW5hbWljIjp0cnVlLCJjb250ZW50IjoicG9zdF9saW5rX3VybF9wYWdlIiwic2V0dGluZ3MiOnsicG9zdF9pZCI6IjkzMjI2MyJ9fQ==@&#8221; button_text=&#8221;Implantar o agente de IA&#8221; button_alignment=&#8221;center&#8221; _builder_version=&#8221;4.27.4&#8243; _dynamic_attributes=&#8221;button_url&#8221; _module_preset=&#8221;default&#8221; custom_button=&#8221;on&#8221; button_text_size=&#8221;16px&#8221; button_bg_color=&#8221;#316de7&#8243; button_bg_use_color_gradient=&#8221;on&#8221; button_bg_color_gradient_direction=&#8221;90deg&#8221; button_bg_color_gradient_stops=&#8221;#2e5be4 0%|#3aa3ee 100%&#8221; button_bg_color_gradient_overlays_image=&#8221;on&#8221; button_border_width=&#8221;0px&#8221; button_border_color=&#8221;#2e5be4&#8243; button_icon=&#8221;&#x45;||divi||400&#8243; button_icon_color=&#8221;#FFFFFF&#8221; background_layout=&#8221;dark&#8221; custom_margin=&#8221;||12px||false|false&#8221; custom_padding=&#8221;10px|30px|10px|30px|false|false&#8221; hover_enabled=&#8221;0&#8243; global_colors_info=&#8221;{}&#8221; sticky_enabled=&#8221;0&#8243;][\/et_pb_button][et_pb_text disabled_on=&#8221;off|off|off&#8221; _builder_version=&#8221;4.27.4&#8243; _module_preset=&#8221;default&#8221; text_orientation=&#8221;center&#8221; background_layout=&#8221;dark&#8221; custom_margin=&#8221;||60px|||&#8221; hover_enabled=&#8221;0&#8243; global_colors_info=&#8221;{}&#8221; sticky_enabled=&#8221;0&#8243;]<\/p>\n<p><span>N\u00e3o \u00e9 necess\u00e1ria codifica\u00e7\u00e3o<\/span><\/p>\n<p>[\/et_pb_text][\/et_pb_column][\/et_pb_row][\/et_pb_section][et_pb_section fb_built=&#8221;1&#8243; admin_label=&#8221;Feature&#8221; _builder_version=&#8221;4.19.5&#8243; _module_preset=&#8221;default&#8221; background_color=&#8221;gcid-1bcf785a-50e1-437b-b09f-65567babc1de&#8221; locked=&#8221;off&#8221; collapsed=&#8221;on&#8221; global_colors_info=&#8221;{%22gcid-1bcf785a-50e1-437b-b09f-65567babc1de%22:%91%22background_color%22%93}&#8221;][et_pb_row column_structure=&#8221;1_2,1_2&#8243; _builder_version=&#8221;4.27.4&#8243; _module_preset=&#8221;default&#8221; global_colors_info=&#8221;{}&#8221;][et_pb_column type=&#8221;1_2&#8243; _builder_version=&#8221;4.19.2&#8243; _module_preset=&#8221;default&#8221; global_colors_info=&#8221;{}&#8221;][et_pb_text _builder_version=&#8221;4.27.4&#8243; _module_preset=&#8221;_initial&#8221; header_2_font=&#8221;Barlow Semi Condensed|700|||||||&#8221; header_2_text_color=&#8221;#FFFFFF&#8221; header_2_font_size=&#8221;44px&#8221; header_2_line_height=&#8221;1.2em&#8221; text_orientation=&#8221;center&#8221; custom_margin=&#8221;||10px||false|false&#8221; header_2_font_size_tablet=&#8221;32px&#8221; header_2_font_size_phone=&#8221;30px&#8221; header_2_font_size_last_edited=&#8221;on|phone&#8221; global_colors_info=&#8221;{}&#8221;]<\/p>\n<h2 data-pm-slice=\"1 1 []\">Principais medidas de seguran\u00e7a<\/h2>\n<p>[\/et_pb_text][et_pb_text _builder_version=&#8221;4.27.4&#8243; _module_preset=&#8221;f3066fda-62fe-4fb3-9d09-adaa118dadc7&#8243; text_text_color=&#8221;#c0c2ca&#8221; text_font_size=&#8221;14px&#8221; text_font_size_last_edited=&#8221;off|desktop&#8221; global_colors_info=&#8221;{}&#8221;]<\/p>\n<p data-start=\"157\" data-end=\"178\"><span>  Aqui est\u00e3o as principais medidas de seguran\u00e7a que implementamos para garantir uma plataforma robusta e segura:<\/span><\/p>\n<p data-start=\"157\" data-end=\"178\"><strong data-start=\"157\" data-end=\"178\">\ud83d\udd12 <span style=\"color: #ffffff;\">Hospedagem segura<\/span><\/strong><\/p>\n<p data-start=\"180\" data-end=\"303\">Hospedado de forma segura com protocolos de seguran\u00e7a rigorosos.<\/p>\n<p data-start=\"305\" data-end=\"343\"><strong data-start=\"305\" data-end=\"343\">\ud83d\udd11 <span style=\"color: #ffffff;\">Autentica\u00e7\u00e3o de dois fatores (2FA)<\/span><\/strong><\/p>\n<p data-start=\"134\" data-end=\"212\">A 2FA obrigat\u00f3ria aumenta a seguran\u00e7a da conta.<\/p>\n<p data-start=\"484\" data-end=\"513\"><strong data-start=\"484\" data-end=\"513\">\ud83d\udee1\ufe0f <span style=\"color: #ffffff;\">Prote\u00e7\u00e3o da Cloudflare<\/span><\/strong><\/p>\n<p data-start=\"214\" data-end=\"312\">A Cloudflare protege voc\u00ea contra ataques DDoS e protege a transmiss\u00e3o de dados.<\/p>\n<p data-start=\"631\" data-end=\"664\"><strong data-start=\"631\" data-end=\"664\">\ud83d\udd10 <span style=\"color: #ffffff;\">Banco de dados criptografado de 256 bits<\/span><\/strong><\/p>\n<p data-start=\"666\" data-end=\"758\">Nosso banco de dados emprega criptografia de 256 bits, proporcionando um alto n\u00edvel de seguran\u00e7a para os dados armazenados.<\/p>\n<p data-start=\"760\" data-end=\"797\"><strong data-start=\"760\" data-end=\"797\">\ud83d\udcdc <span style=\"color: #ffffff;\">Gerenciamento de dados em conformidade com o GDPR<\/span><\/strong><\/p>\n<p data-start=\"799\" data-end=\"956\">Conformidade total com o Regulamento Geral de Prote\u00e7\u00e3o de Dados (GDPR), refletindo nosso compromisso com a privacidade de dados e os direitos do usu\u00e1rio.<\/p>\n<p data-start=\"958\" data-end=\"987\"><strong data-start=\"958\" data-end=\"987\">\ud83d\udd17 <span style=\"color: #ffffff;\">Conex\u00f5es seguras de API<\/span><\/strong><\/p>\n<p data-start=\"475\" data-end=\"543\">Consultas enviadas \u00e0 OpenAI por meio de APIs seguras.<\/p>\n<p data-start=\"545\" data-end=\"629\">[\/et_pb_text][et_pb_button button_url=&#8221;@ET-DC@eyJkeW5hbWljIjp0cnVlLCJjb250ZW50IjoicG9zdF9saW5rX3VybF9wYWdlIiwic2V0dGluZ3MiOnsicG9zdF9pZCI6IjkzMjI2MyJ9fQ==@&#8221; button_text=&#8221;Implantar o agente de IA&#8221; button_alignment=&#8221;left&#8221; button_alignment_tablet=&#8221;left&#8221; button_alignment_phone=&#8221;center&#8221; button_alignment_last_edited=&#8221;on|phone&#8221; _builder_version=&#8221;4.27.4&#8243; _dynamic_attributes=&#8221;button_url&#8221; _module_preset=&#8221;default&#8221; custom_button=&#8221;on&#8221; button_text_size=&#8221;16px&#8221; button_bg_color=&#8221;#316de7&#8243; button_bg_use_color_gradient=&#8221;on&#8221; button_bg_color_gradient_direction=&#8221;90deg&#8221; button_bg_color_gradient_stops=&#8221;#2e5be4 0%|#3aa3ee 100%&#8221; button_bg_color_gradient_overlays_image=&#8221;on&#8221; button_border_width=&#8221;0px&#8221; button_border_color=&#8221;#2e5be4&#8243; button_icon=&#8221;&#x45;||divi||400&#8243; button_icon_color=&#8221;#FFFFFF&#8221; background_layout=&#8221;dark&#8221; custom_margin=&#8221;60px||50px||false|false&#8221; custom_padding=&#8221;10px|30px|10px|30px|false|false&#8221; hover_enabled=&#8221;0&#8243; global_colors_info=&#8221;{}&#8221; sticky_enabled=&#8221;0&#8243;][\/et_pb_button][\/et_pb_column][et_pb_column type=&#8221;1_2&#8243; _builder_version=&#8221;4.19.2&#8243; _module_preset=&#8221;default&#8221; global_colors_info=&#8221;{}&#8221;][et_pb_image src=&#8221;https:\/\/chatagentlab.com\/wp-content\/uploads\/2025\/02\/ai-52b.png&#8221; title_text=&#8221;ai-52b&#8221; align=&#8221;center&#8221; _builder_version=&#8221;4.27.4&#8243; _module_preset=&#8221;default&#8221; width=&#8221;80%&#8221; global_colors_info=&#8221;{}&#8221;][\/et_pb_image][\/et_pb_column][\/et_pb_row][\/et_pb_section][et_pb_section fb_built=&#8221;1&#8243; _builder_version=&#8221;4.27.4&#8243; _module_preset=&#8221;default&#8221; background_color=&#8221;#030929&#8243; custom_padding=&#8221;9px|||||&#8221; global_colors_info=&#8221;{}&#8221;][et_pb_row _builder_version=&#8221;4.16&#8243; _module_preset=&#8221;default&#8221; global_colors_info=&#8221;{}&#8221;][et_pb_column type=&#8221;4_4&#8243; _builder_version=&#8221;4.16&#8243; _module_preset=&#8221;default&#8221; global_colors_info=&#8221;{}&#8221;][et_pb_text _builder_version=&#8221;4.27.4&#8243; _module_preset=&#8221;df96b77a-cd4f-44a8-a771-2d6347592b53&#8243; header_text_color=&#8221;#FFFFFF&#8221; header_2_font=&#8221;Barlow Condensed||||||||&#8221; header_2_font_size=&#8221;44px&#8221; header_2_line_height=&#8221;1.1em&#8221; background_layout=&#8221;dark&#8221; custom_margin=&#8221;||40px||false|false&#8221; header_font_size_tablet=&#8221;&#8221; header_font_size_phone=&#8221;30px&#8221; header_font_size_last_edited=&#8221;on|phone&#8221; header_2_font_size_tablet=&#8221;32px&#8221; header_2_font_size_phone=&#8221;30px&#8221; header_2_font_size_last_edited=&#8221;on|desktop&#8221; locked=&#8221;off&#8221; global_colors_info=&#8221;{}&#8221;]<\/p>\n<h2 style=\"text-align: center;\">PERGUNTAS FREQUENTES<\/h2>\n<p>[\/et_pb_text][et_pb_toggle title=&#8221;Como o ChatAgentLab garante a seguran\u00e7a dos meus dados?&#8221; _builder_version=&#8221;4.27.4&#8243; _module_preset=&#8221;default&#8221; title_font_size=&#8221;17px&#8221; animation_style=&#8221;fade&#8221; global_colors_info=&#8221;{}&#8221;]<\/p>\n<p data-start=\"151\" data-end=\"356\">Priorizamos a seguran\u00e7a com <strong data-start=\"179\" data-end=\"201\">criptografia de 256 bits<\/strong>, <strong data-start=\"203\" data-end=\"222\">conformidade com o GDPR<\/strong> e <strong data-start=\"228\" data-end=\"252\">hospedagem segura na nuvem<\/strong>. Seus dados <strong data-start=\"267\" data-end=\"297\">nunca s\u00e3o usados para treinamento de IA<\/strong> e s\u00e3o protegidos por protocolos de seguran\u00e7a l\u00edderes do setor. <\/p>\n<p>[\/et_pb_toggle][et_pb_toggle title=&#8221;O ChatAgentLab est\u00e1 em conformidade com o GDPR?&#8221; _builder_version=&#8221;4.27.4&#8243; _module_preset=&#8221;default&#8221; title_font_size=&#8221;17px&#8221; animation_style=&#8221;fade&#8221; global_colors_info=&#8221;{}&#8221;]<\/p>\n<p data-start=\"409\" data-end=\"601\">Sim, o ChatAgentLab <strong data-start=\"427\" data-end=\"467\">est\u00e1 em total conformidade com os regulamentos do GDPR<\/strong>. Garantimos que os dados do usu\u00e1rio sejam <strong data-start=\"497\" data-end=\"534\">seguros, privados e nunca compartilhados<\/strong> sem consentimento. Voc\u00ea tamb\u00e9m pode solicitar a exclus\u00e3o de dados a qualquer momento.  <\/p>\n<p>[\/et_pb_toggle][et_pb_toggle title=&#8221;Quem tem acesso aos meus agentes de IA e \u00e0s minhas conversas?&#8221; _builder_version=&#8221;4.27.4&#8243; _module_preset=&#8221;default&#8221; title_font_size=&#8221;17px&#8221; global_colors_info=&#8221;{}&#8221;]<\/p>\n<p data-start=\"672\" data-end=\"832\">Somente <strong data-start=\"677\" data-end=\"712\">voc\u00ea e os membros autorizados da equipe<\/strong> podem acessar seus agentes de IA e os registros de conversas. O ChatAgentLab <strong data-start=\"780\" data-end=\"787\">n\u00e3o<\/strong> acessa ou armazena seus dados para treinamento de IA. <\/p>\n<p>[\/et_pb_toggle][et_pb_toggle title=&#8221;Como os dados das mensagens de IA s\u00e3o processados?&#8221; _builder_version=&#8221;4.27.4&#8243; _module_preset=&#8221;default&#8221; title_font_size=&#8221;17px&#8221; global_colors_info=&#8221;{}&#8221;]<\/p>\n<p data-start=\"887\" data-end=\"1051\">As mensagens de IA s\u00e3o processadas <strong data-start=\"913\" data-end=\"945\">com seguran\u00e7a por meio de conex\u00f5es de API<\/strong>. <strong data-start=\"950\" data-end=\"1005\">N\u00e3o armazenamos permanentemente as conversas geradas por IA<\/strong>, a menos que seja necess\u00e1rio para suas necessidades operacionais. <\/p>\n<p>[\/et_pb_toggle][et_pb_toggle title=&#8221;Onde est\u00e3o hospedados os servidores do ChatAgentLab?&#8221; _builder_version=&#8221;4.27.4&#8243; _module_preset=&#8221;default&#8221; title_font_size=&#8221;17px&#8221; global_colors_info=&#8221;{}&#8221;]<\/p>\n<p data-start=\"1113\" data-end=\"1314\">Usamos <strong data-start=\"1120\" data-end=\"1161\">provedores de hospedagem em nuvem altamente seguros<\/strong> com <strong data-start=\"1167\" data-end=\"1198\">protocolos de seguran\u00e7a avan\u00e7ados<\/strong>. Toda a transmiss\u00e3o de dados \u00e9 <strong data-start=\"1225\" data-end=\"1238\">criptografada<\/strong> e utilizamos <strong data-start=\"1255\" data-end=\"1280\">a prote\u00e7\u00e3o da Cloudflare<\/strong> para nos proteger contra amea\u00e7as cibern\u00e9ticas. <\/p>\n<p>[\/et_pb_toggle][\/et_pb_column][\/et_pb_row][\/et_pb_section][et_pb_section fb_built=&#8221;1&#8243; admin_label=&#8221;Call to Action&#8221; _builder_version=&#8221;4.16&#8243; _module_preset=&#8221;default&#8221; background_color=&#8221;#01012C&#8221; global_colors_info=&#8221;{}&#8221;][et_pb_row custom_padding_last_edited=&#8221;on|phone&#8221; _builder_version=&#8221;4.16&#8243; _module_preset=&#8221;default&#8221; background_color=&#8221;#19184f&#8221; custom_padding=&#8221;80px|100px|80px|100px|true|true&#8221; custom_padding_tablet=&#8221;30px|30px|30px|30px|true|true&#8221; custom_padding_phone=&#8221;|20px||20px|true|true&#8221; global_module=&#8221;934430&#8243; saved_tabs=&#8221;all&#8221; locked=&#8221;off&#8221; global_colors_info=&#8221;{}&#8221;][et_pb_column type=&#8221;4_4&#8243; _builder_version=&#8221;4.16&#8243; _module_preset=&#8221;default&#8221; global_colors_info=&#8221;{}&#8221;][et_pb_text _builder_version=&#8221;4.27.4&#8243; _module_preset=&#8221;df96b77a-cd4f-44a8-a771-2d6347592b53&#8243; header_2_font=&#8221;Barlow Condensed||||||||&#8221; header_2_text_color=&#8221;#FFFFFF&#8221; header_2_font_size=&#8221;44px&#8221; header_2_line_height=&#8221;1.1em&#8221; header_3_text_color=&#8221;#ffffff&#8221; header_3_font_size=&#8221;30px&#8221; text_orientation=&#8221;center&#8221; custom_margin=&#8221;||16px||false|false&#8221; header_2_font_size_tablet=&#8221;32px&#8221; header_2_font_size_phone=&#8221;30px&#8221; header_2_font_size_last_edited=&#8221;on|desktop&#8221; locked=&#8221;off&#8221; global_colors_info=&#8221;{}&#8221;]<\/p>\n<h3>Implantar o agente de IA<\/h3>\n<p>[\/et_pb_text][et_pb_text _builder_version=&#8221;4.27.4&#8243; _module_preset=&#8221;41d5859c-fbaa-458a-88e4-5d886857f235&#8243; text_font=&#8221;||||||||&#8221; text_text_color=&#8221;#FFFFFF&#8221; text_line_height=&#8221;1.8em&#8221; text_orientation=&#8221;center&#8221; text_font_size_phone=&#8221;13px&#8221; text_font_size_last_edited=&#8221;off|tablet&#8221; global_colors_info=&#8221;{}&#8221;]<\/p>\n<p><span>N\u00e3o \u00e9 necess\u00e1rio codificar &#8211; leva 5 minutos ou menos<\/span><\/p>\n<p>[\/et_pb_text][et_pb_button button_url=&#8221;@ET-DC@eyJkeW5hbWljIjp0cnVlLCJjb250ZW50IjoicG9zdF9saW5rX3VybF9wYWdlIiwic2V0dGluZ3MiOnsicG9zdF9pZCI6IjkzMjI2MyJ9fQ==@&#8221; button_text=&#8221;Implante seu agente de IA personalizado&#8221; button_alignment=&#8221;center&#8221; _builder_version=&#8221;4.27.4&#8243; _dynamic_attributes=&#8221;button_url&#8221; _module_preset=&#8221;94ef7aca-dcd9-4f9d-93b2-efa3466cebc7&#8243; custom_button=&#8221;on&#8221; button_text_color=&#8221;#FFFFFF&#8221; button_bg_color=&#8221;RGBA(0,0,0,0)&#8221; button_bg_use_color_gradient=&#8221;on&#8221; button_bg_color_gradient_direction=&#8221;90deg&#8221; button_bg_color_gradient_stops=&#8221;#db0eb7 50%|rgba(0,0,0,0) 50%&#8221; button_bg_color_gradient_start=&#8221;#db0eb7&#8243; button_bg_color_gradient_start_position=&#8221;50%&#8221; button_bg_color_gradient_end=&#8221;rgba(0,0,0,0)&#8221; button_bg_color_gradient_end_position=&#8221;50%&#8221; button_border_width=&#8221;0px&#8221; button_border_radius=&#8221;0px&#8221; button_letter_spacing=&#8221;1px&#8221; button_font=&#8221;Barlow Condensed|||on|||||&#8221; custom_padding=&#8221;16px||16px||true|false&#8221; global_colors_info=&#8221;{}&#8221; button_bg_color__hover_enabled=&#8221;on|desktop&#8221; button_bg_color__hover=&#8221;#DB0EB7&#8243; button_bg_enable_color__hover=&#8221;on&#8221;][\/et_pb_button][\/et_pb_column][\/et_pb_row][\/et_pb_section]<\/p>\n","protected":false},"excerpt":{"rendered":"<p>Privacidade e seguran\u00e7aPlataforma de seguran\u00e7a em primeiro lugar Priorizamos a seguran\u00e7a e a privacidade de seus dados. Nossa plataforma \u00e9 compat\u00edvel com o GDPR, garantindo a ades\u00e3o a padr\u00f5es rigorosos de prote\u00e7\u00e3o de dados. Os bate-papos n\u00e3o s\u00e3o usados para treinamento de modelos.Criptografia avan\u00e7adaEm conformidade com o GDPRN\u00e3o \u00e9 necess\u00e1ria codifica\u00e7\u00e3oPrincipais medidas de seguran\u00e7a Aqui [&hellip;]<\/p>\n","protected":false},"author":1,"featured_media":0,"parent":0,"menu_order":0,"comment_status":"closed","ping_status":"closed","template":"","meta":{"_et_pb_use_builder":"on","_et_pb_old_content":"","_et_gb_content_width":"","inline_featured_image":false,"footnotes":""},"class_list":["post-933652","page","type-page","status-publish","hentry"],"_links":{"self":[{"href":"https:\/\/chatagentlab.com\/pt-br\/wp-json\/wp\/v2\/pages\/933652","targetHints":{"allow":["GET"]}}],"collection":[{"href":"https:\/\/chatagentlab.com\/pt-br\/wp-json\/wp\/v2\/pages"}],"about":[{"href":"https:\/\/chatagentlab.com\/pt-br\/wp-json\/wp\/v2\/types\/page"}],"author":[{"embeddable":true,"href":"https:\/\/chatagentlab.com\/pt-br\/wp-json\/wp\/v2\/users\/1"}],"replies":[{"embeddable":true,"href":"https:\/\/chatagentlab.com\/pt-br\/wp-json\/wp\/v2\/comments?post=933652"}],"version-history":[{"count":8,"href":"https:\/\/chatagentlab.com\/pt-br\/wp-json\/wp\/v2\/pages\/933652\/revisions"}],"predecessor-version":[{"id":935324,"href":"https:\/\/chatagentlab.com\/pt-br\/wp-json\/wp\/v2\/pages\/933652\/revisions\/935324"}],"wp:attachment":[{"href":"https:\/\/chatagentlab.com\/pt-br\/wp-json\/wp\/v2\/media?parent=933652"}],"curies":[{"name":"wp","href":"https:\/\/api.w.org\/{rel}","templated":true}]}}