{"id":933631,"date":"2024-11-13T01:25:05","date_gmt":"2024-11-13T01:25:05","guid":{"rendered":"https:\/\/chatagentlab.com\/entre-em-contato-conosco\/"},"modified":"2025-04-05T13:16:57","modified_gmt":"2025-04-05T13:16:57","slug":"entre-em-contato-conosco","status":"publish","type":"page","link":"https:\/\/chatagentlab.com\/pt-br\/entre-em-contato-conosco\/","title":{"rendered":"Entre em contato conosco"},"content":{"rendered":"<p>[et_pb_section fb_built=&#8221;1&#8243; admin_label=&#8221;Header&#8221; _builder_version=&#8221;4.27.4&#8243; _module_preset=&#8221;default&#8221; background_color=&#8221;#030929&#8243; background_image=&#8221;https:\/\/chatagentlab.com\/wp-content\/uploads\/2024\/11\/ai-40c.png&#8221; background_size=&#8221;custom&#8221; background_image_width=&#8221;40%&#8221; background_position=&#8221;top_right&#8221; custom_padding=&#8221;||12px|||&#8221; collapsed=&#8221;on&#8221; global_colors_info=&#8221;{}&#8221;][et_pb_row _builder_version=&#8221;4.19.2&#8243; _module_preset=&#8221;default&#8221; max_width=&#8221;800px&#8221; global_colors_info=&#8221;{}&#8221;][et_pb_column type=&#8221;4_4&#8243; _builder_version=&#8221;4.19.2&#8243; _module_preset=&#8221;default&#8221; global_colors_info=&#8221;{}&#8221;][et_pb_text _builder_version=&#8221;4.27.4&#8243; _module_preset=&#8221;13ecf174-a85f-4b15-a628-8b5ff9cad808&#8243; text_font=&#8221;Roboto Mono|700||on|||||&#8221; text_text_color=&#8221;#0cf57e&#8221; text_letter_spacing=&#8221;1px&#8221; text_line_height=&#8221;1.4em&#8221; header_4_font=&#8221;Roboto Mono|700||on|||||&#8221; header_4_text_color=&#8221;gcid-afa30cf2-6f5d-4b9c-aa39-7dbe1ac3b7a3&#8243; header_4_font_size=&#8221;14px&#8221; header_4_letter_spacing=&#8221;1px&#8221; header_4_line_height=&#8221;1.4em&#8221; text_orientation=&#8221;center&#8221; background_layout=&#8221;dark&#8221; custom_margin=&#8221;||40px||false|false&#8221; global_colors_info=&#8221;{%22gcid-afa30cf2-6f5d-4b9c-aa39-7dbe1ac3b7a3%22:%91%22header_4_text_color%22%93}&#8221;]<\/p>\n<p>Suporte real por pessoas reais<\/p>\n<p>[\/et_pb_text][et_pb_text _builder_version=&#8221;4.24.3&#8243; _module_preset=&#8221;1dacbcc0-4572-4570-a006-d481e09550a2&#8243; header_font=&#8221;Exo 2||||||||&#8221; header_text_color=&#8221;#FFFFFF&#8221; header_font_size=&#8221;40px&#8221; header_line_height=&#8221;1.2em&#8221; text_orientation=&#8221;center&#8221; custom_margin=&#8221;||||false|false&#8221; header_font_size_tablet=&#8221;40px&#8221; header_font_size_phone=&#8221;24px&#8221; header_font_size_last_edited=&#8221;on|desktop&#8221; global_colors_info=&#8221;%91%93&#8243;]<\/p>\n<h1><span>Entre em contato conosco<\/span><\/h1>\n<p>[\/et_pb_text][et_pb_text _builder_version=&#8221;4.27.4&#8243; _module_preset=&#8221;default&#8221; text_font=&#8221;Inter||||||||&#8221; text_text_color=&#8221;#c0c2ca&#8221; text_font_size=&#8221;15px&#8221; text_line_height=&#8221;1.9em&#8221; text_orientation=&#8221;center&#8221; background_layout=&#8221;dark&#8221; hover_enabled=&#8221;0&#8243; global_colors_info=&#8221;%91%93&#8243; sticky_enabled=&#8221;0&#8243;]<\/p>\n<p>Depois de enviar o formul\u00e1rio, entraremos em contato com voc\u00ea para obter informa\u00e7\u00f5es para entender a sua situa\u00e7\u00e3o, os desafios que voc\u00ea tem e o que deseja alcan\u00e7ar.<\/p>\n<p>[\/et_pb_text][\/et_pb_column][\/et_pb_row][\/et_pb_section][et_pb_section fb_built=&#8221;1&#8243; inner_shadow=&#8221;on&#8221; admin_label=&#8221;section&#8221; _builder_version=&#8221;4.27.4&#8243; background_color=&#8221;#030929&#8243; custom_margin=&#8221;0px||||false|false&#8221; custom_padding=&#8221;0px|||||&#8221; global_colors_info=&#8221;{}&#8221;][et_pb_row column_structure=&#8221;1_2,1_2&#8243; padding_mobile=&#8221;off&#8221; column_padding_mobile=&#8221;on&#8221; _builder_version=&#8221;4.16&#8243; background_color=&#8221;rgba(255,255,255,0)&#8221; background_size=&#8221;initial&#8221; background_position=&#8221;top_left&#8221; background_repeat=&#8221;repeat&#8221; custom_padding=&#8221;||11px|||&#8221; make_fullwidth=&#8221;off&#8221; use_custom_width=&#8221;off&#8221; width_unit=&#8221;on&#8221; custom_width_px=&#8221;1080px&#8221; custom_width_percent=&#8221;80%&#8221; global_colors_info=&#8221;{}&#8221;][et_pb_column type=&#8221;1_2&#8243; _builder_version=&#8221;4.16&#8243; custom_padding=&#8221;|||&#8221; global_colors_info=&#8221;{}&#8221; custom_padding__hover=&#8221;|||&#8221;][et_pb_code _builder_version=&#8221;4.27.4&#8243; _module_preset=&#8221;default&#8221; module_alignment=&#8221;center&#8221; global_colors_info=&#8221;{}&#8221;]<div class=\"frm_forms  with_frm_style frm_style_modern-dark-background2\" id=\"frm_form_12_container\" >\n<form enctype=\"multipart\/form-data\" method=\"post\" class=\"frm-show-form  frm_js_validate  frm_ajax_submit  frm_pro_form \" id=\"form_contact-form2\" >\n<div class=\"frm_form_fields  frm_page_num_1\">\n<fieldset>\n<legend class=\"frm_screen_reader\">Contact Us<\/legend>\r\n\r\n<div class=\"frm_fields_container\">\n<input type=\"hidden\" name=\"frm_action\" value=\"create\" \/>\n<input type=\"hidden\" name=\"form_id\" value=\"12\" \/>\n<input type=\"hidden\" name=\"frm_hide_fields_12\" id=\"frm_hide_fields_12\" value=\"\" \/>\n<input type=\"hidden\" name=\"form_key\" value=\"contact-form2\" \/>\n<input type=\"hidden\" name=\"item_meta[0]\" value=\"\" \/>\n<input type=\"hidden\" id=\"frm_submit_entry_12\" name=\"frm_submit_entry_12\" value=\"f26fad1628\" \/><input type=\"hidden\" name=\"_wp_http_referer\" value=\"\/pt-br\/wp-json\/wp\/v2\/pages\/933631\" \/><div id=\"frm_field_155_container\" class=\"frm_form_field form-field  frm_required_field frm_top_container vertical_radio\">\r\n    <div  id=\"field_sjch0_label\" class=\"frm_primary_label\">Please select the service(s) you are interested in:\r\n        <span class=\"frm_required\" aria-hidden=\"true\">*<\/span>\r\n    <\/div>\r\n    <div class=\"frm_opt_container\" aria-labelledby=\"field_sjch0_label\" role=\"group\">\t\t<div class=\"frm_checkbox\" id=\"frm_checkbox_155-0\">\t\t\t<label  for=\"field_sjch0-0\">\n\t\t\t<input type=\"checkbox\" name=\"item_meta[155][]\" id=\"field_sjch0-0\" value=\"General Question\"  data-reqmsg=\"Please select the service(s) you are interested in: cannot be blank.\" data-invmsg=\"Please select the service(s) you are interested in: \u00e9 inv\u00e1lido\"   aria-required=\"true\"  \/> General Question<\/label><\/div>\n\t\t<div class=\"frm_checkbox\" id=\"frm_checkbox_155-1\">\t\t\t<label  for=\"field_sjch0-1\">\n\t\t\t<input type=\"checkbox\" name=\"item_meta[155][]\" id=\"field_sjch0-1\" value=\"Technical Support\"  data-reqmsg=\"Please select the service(s) you are interested in: cannot be blank.\" data-invmsg=\"Please select the service(s) you are interested in: \u00e9 inv\u00e1lido\"   \/> Technical Support<\/label><\/div>\n\t\t<div class=\"frm_checkbox\" id=\"frm_checkbox_155-2\">\t\t\t<label  for=\"field_sjch0-2\">\n\t\t\t<input type=\"checkbox\" name=\"item_meta[155][]\" id=\"field_sjch0-2\" value=\"Sales Inquiry\"  data-reqmsg=\"Please select the service(s) you are interested in: cannot be blank.\" data-invmsg=\"Please select the service(s) you are interested in: \u00e9 inv\u00e1lido\"   \/> Sales Inquiry<\/label><\/div>\n\t\t<div class=\"frm_checkbox\" id=\"frm_checkbox_155-3\">\t\t\t<label  for=\"field_sjch0-3\">\n\t\t\t<input type=\"checkbox\" name=\"item_meta[155][]\" id=\"field_sjch0-3\" value=\"Partnership Opportunity\"  data-reqmsg=\"Please select the service(s) you are interested in: cannot be blank.\" data-invmsg=\"Please select the service(s) you are interested in: \u00e9 inv\u00e1lido\"   \/> Partnership Opportunity<\/label><\/div>\n\t\t<div class=\"frm_checkbox\" id=\"frm_checkbox_155-4\">\t\t\t<label  for=\"field_sjch0-4\">\n\t\t\t<input type=\"checkbox\" name=\"item_meta[155][]\" id=\"field_sjch0-4\" value=\"Feedback\/Suggestions\"  data-reqmsg=\"Please select the service(s) you are interested in: cannot be blank.\" data-invmsg=\"Please select the service(s) you are interested in: \u00e9 inv\u00e1lido\"   \/> Feedback\/Suggestions<\/label><\/div>\n<\/div>\r\n    \r\n    \r\n<\/div>\n<input type=\"hidden\" name=\"frm_page_order_12\" id=\"frm_page_order_12\" value=\"4\" \/><input type=\"hidden\" name=\"item_meta[156]\" id=\"field_qh4icy2\" value=\"\"     \/>\n<input type=\"hidden\" name=\"item_meta[177]\" id=\"field_qns0z\" value=\"\"     \/>\n<input type=\"hidden\" name=\"item_meta[163]\" id=\"field_47c07\" value=\"\"     \/>\n<input type=\"hidden\" name=\"item_meta[179]\" id=\"field_kpqn6\" value=\"\"     \/>\n<input type=\"hidden\" name=\"item_meta[157]\" id=\"field_ocfup12\" value=\"\"     \/>\n<input type=\"hidden\" name=\"item_meta[178]\" id=\"field_nfmmf\" value=\"\"     \/>\n<input type=\"hidden\" name=\"item_meta[158]\" id=\"field_29yf4d2\" value=\"\"     \/>\n<input type=\"hidden\" name=\"item_meta[180]\" id=\"field_812f4\" value=\"\"     \/>\n<input type=\"hidden\" name=\"item_meta[159]\" id=\"field_xatr5\" value=\"\"     \/>\n<input type=\"hidden\" name=\"item_meta[181]\" id=\"field_uxuq6\" value=\"\"     \/>\n<input type=\"hidden\" name=\"item_meta[160]\" id=\"field_9jv0r13\" value=\"\"     \/>\n<input type=\"hidden\" name=\"item_meta[161]\" id=\"field_xpxdb\" value=\"\"     \/>\n\t<input type=\"hidden\" name=\"item_key\" value=\"\" \/>\n\t\t\t<div id=\"frm_field_241_container\">\n\t\t\t<label for=\"field_i0xuq\" >\n\t\t\t\tSe voc\u00ea \u00e9 humano, deixe este campo em branco.\t\t\t<\/label>\n\t\t\t<input  id=\"field_i0xuq\" type=\"text\" class=\"frm_form_field form-field frm_verify\" name=\"item_meta[241]\" value=\"\"  \/>\n\t\t<\/div>\n\t\t<input name=\"frm_state\" type=\"hidden\" value=\"6JocbdNS8oxTNi342bd\/E6XkHViLlzhCaKC220Y6E+jaaxnukWK1OO\/4tyleIAXp\" \/><div class=\"frm_submit frm_flex\">\r\n<button class=\"frm_button_submit\" type=\"submit\"  >Next<\/button>\r\n\r\n\r\n\r\n<\/div><\/div>\n<\/fieldset>\n<\/div>\n\n<\/form>\n<\/div>\n[\/et_pb_code][\/et_pb_column][et_pb_column type=&#8221;1_2&#8243; _builder_version=&#8221;4.16&#8243; custom_padding=&#8221;|||&#8221; global_colors_info=&#8221;{}&#8221; custom_padding__hover=&#8221;|||&#8221;][et_pb_text admin_label=&#8221;Tekst&#8221; _builder_version=&#8221;4.27.4&#8243; text_font=&#8221;Georgia||||&#8221; text_text_color=&#8221;#c0c2ca&#8221; background_size=&#8221;initial&#8221; background_position=&#8221;top_left&#8221; background_repeat=&#8221;repeat&#8221; text_orientation=&#8221;center&#8221; background_layout=&#8221;dark&#8221; module_alignment=&#8221;left&#8221; z_index_tablet=&#8221;500&#8243; use_border_color=&#8221;off&#8221; border_color=&#8221;#ffffff&#8221; border_style=&#8221;solid&#8221; global_colors_info=&#8221;%91%93&#8243;]<\/p>\n<p><strong>Voc\u00ea tamb\u00e9m pode entrar em contato conosco por meio deste n\u00famero:<\/strong><\/p>\n<p><a href=\"tel:+4721899999\">+47 21 89 99 99<\/a><\/p>\n<p><span style=\"color: #ffffff;\"><strong>Bate-papo<\/strong><\/span><\/p>\n<p>Suporte por bate-papo 24 horas por dia, 7 dias por semana<\/p>\n<p><strong><\/strong><\/p>\n<p><span style=\"color: #ffffff;\"><strong>Hor\u00e1rio de funcionamento do telefone:<\/strong><\/span><\/p>\n<p>De segunda a sexta-feira, das 08h00 \u00e0s 17h00<br \/>Fuso hor\u00e1rio da Europa Central \/ UTC +1<\/p>\n<p>[\/et_pb_text][et_pb_text _builder_version=&#8221;4.27.4&#8243; text_text_color=&#8221;#c0c2ca&#8221; text_orientation=&#8221;center&#8221; background_layout=&#8221;dark&#8221; global_colors_info=&#8221;%91%93&#8243;]<\/p>\n<p><span style=\"color: #ffffff;\"><strong>Endere\u00e7o:<\/strong><\/span><\/p>\n<p>Tjuvholmen All\u00e9 3<br \/>0252 Oslo<br \/>Noruega<\/p>\n<p>[\/et_pb_text][et_pb_image src=&#8221;https:\/\/chatagentlab.com\/wp-content\/uploads\/2025\/02\/tjuvholmen-alle-3.jpg&#8221; title_text=&#8221;tjuvholmen-alle-3&#8243; align=&#8221;center&#8221; _builder_version=&#8221;4.27.4&#8243; _module_preset=&#8221;default&#8221; max_width=&#8221;60%&#8221; global_colors_info=&#8221;{}&#8221;][\/et_pb_image][et_pb_text _builder_version=&#8221;4.27.4&#8243; text_text_color=&#8221;#c0c2ca&#8221; text_orientation=&#8221;center&#8221; background_layout=&#8221;dark&#8221; global_colors_info=&#8221;%91%93&#8243;]<\/p>\n<p>O ChatAgentLab.com est\u00e1 legalmente localizado no Portalen Gruppen AS, na Noruega, com o n\u00famero de organiza\u00e7\u00e3o 899 551 222MVA.<\/p>\n<p>[\/et_pb_text][\/et_pb_column][\/et_pb_row][\/et_pb_section]<\/p>\n","protected":false},"excerpt":{"rendered":"<p>Suporte real por pessoas reaisEntre em contato conoscoDepois de enviar o formul\u00e1rio, entraremos em contato com voc\u00ea para obter informa\u00e7\u00f5es para entender a sua situa\u00e7\u00e3o, os desafios que voc\u00ea tem e o que deseja alcan\u00e7ar.<div class=\"frm_forms  with_frm_style frm_style_modern-dark-background2\" id=\"frm_form_12_container\" >\n<form enctype=\"multipart\/form-data\" method=\"post\" class=\"frm-show-form  frm_js_validate  frm_ajax_submit  frm_pro_form \" id=\"form_contact-form2\" >\n<div class=\"frm_form_fields  frm_page_num_1\">\n<fieldset>\n<legend class=\"frm_screen_reader\">Contact Us<\/legend>\r\n\r\n<div class=\"frm_fields_container\">\n<input type=\"hidden\" name=\"frm_action\" value=\"create\" \/>\n<input type=\"hidden\" name=\"form_id\" value=\"12\" \/>\n<input type=\"hidden\" name=\"frm_hide_fields_12\" id=\"frm_hide_fields_12\" value=\"\" \/>\n<input type=\"hidden\" name=\"form_key\" value=\"contact-form2\" \/>\n<input type=\"hidden\" name=\"item_meta[0]\" value=\"\" \/>\n<input type=\"hidden\" id=\"frm_submit_entry_12\" name=\"frm_submit_entry_12\" value=\"f26fad1628\" \/><input type=\"hidden\" name=\"_wp_http_referer\" value=\"\/pt-br\/wp-json\/wp\/v2\/pages\/933631\" \/><div id=\"frm_field_155_container\" class=\"frm_form_field form-field  frm_required_field frm_top_container vertical_radio\">\r\n    <div  id=\"field_sjch0_label\" class=\"frm_primary_label\">Please select the service(s) you are interested in:\r\n        <span class=\"frm_required\" aria-hidden=\"true\">*<\/span>\r\n    <\/div>\r\n    <div class=\"frm_opt_container\" aria-labelledby=\"field_sjch0_label\" role=\"group\">\t\t<div class=\"frm_checkbox\" id=\"frm_checkbox_155-0\">\t\t\t<label  for=\"field_sjch0-0\">\n\t\t\t<input type=\"checkbox\" name=\"item_meta[155][]\" id=\"field_sjch0-0\" value=\"General Question\"  data-reqmsg=\"Please select the service(s) you are interested in: cannot be blank.\" data-invmsg=\"Please select the service(s) you are interested in: \u00e9 inv\u00e1lido\"   aria-required=\"true\"  \/> General Question<\/label><\/div>\n\t\t<div class=\"frm_checkbox\" id=\"frm_checkbox_155-1\">\t\t\t<label  for=\"field_sjch0-1\">\n\t\t\t<input type=\"checkbox\" name=\"item_meta[155][]\" id=\"field_sjch0-1\" value=\"Technical Support\"  data-reqmsg=\"Please select the service(s) you are interested in: cannot be blank.\" data-invmsg=\"Please select the service(s) you are interested in: \u00e9 inv\u00e1lido\"   \/> Technical Support<\/label><\/div>\n\t\t<div class=\"frm_checkbox\" id=\"frm_checkbox_155-2\">\t\t\t<label  for=\"field_sjch0-2\">\n\t\t\t<input type=\"checkbox\" name=\"item_meta[155][]\" id=\"field_sjch0-2\" value=\"Sales Inquiry\"  data-reqmsg=\"Please select the service(s) you are interested in: cannot be blank.\" data-invmsg=\"Please select the service(s) you are interested in: \u00e9 inv\u00e1lido\"   \/> Sales Inquiry<\/label><\/div>\n\t\t<div class=\"frm_checkbox\" id=\"frm_checkbox_155-3\">\t\t\t<label  for=\"field_sjch0-3\">\n\t\t\t<input type=\"checkbox\" name=\"item_meta[155][]\" id=\"field_sjch0-3\" value=\"Partnership Opportunity\"  data-reqmsg=\"Please select the service(s) you are interested in: cannot be blank.\" data-invmsg=\"Please select the service(s) you are interested in: \u00e9 inv\u00e1lido\"   \/> Partnership Opportunity<\/label><\/div>\n\t\t<div class=\"frm_checkbox\" id=\"frm_checkbox_155-4\">\t\t\t<label  for=\"field_sjch0-4\">\n\t\t\t<input type=\"checkbox\" name=\"item_meta[155][]\" id=\"field_sjch0-4\" value=\"Feedback\/Suggestions\"  data-reqmsg=\"Please select the service(s) you are interested in: cannot be blank.\" data-invmsg=\"Please select the service(s) you are interested in: \u00e9 inv\u00e1lido\"   \/> Feedback\/Suggestions<\/label><\/div>\n<\/div>\r\n    \r\n    \r\n<\/div>\n<input type=\"hidden\" name=\"frm_page_order_12\" id=\"frm_page_order_12\" value=\"4\" \/><input type=\"hidden\" name=\"item_meta[156]\" id=\"field_qh4icy2\" value=\"\"     \/>\n<input type=\"hidden\" name=\"item_meta[177]\" id=\"field_qns0z\" value=\"\"     \/>\n<input type=\"hidden\" name=\"item_meta[163]\" id=\"field_47c07\" value=\"\"     \/>\n<input type=\"hidden\" name=\"item_meta[179]\" id=\"field_kpqn6\" value=\"\"     \/>\n<input type=\"hidden\" name=\"item_meta[157]\" id=\"field_ocfup12\" value=\"\"     \/>\n<input type=\"hidden\" name=\"item_meta[178]\" id=\"field_nfmmf\" value=\"\"     \/>\n<input type=\"hidden\" name=\"item_meta[158]\" id=\"field_29yf4d2\" value=\"\"     \/>\n<input type=\"hidden\" name=\"item_meta[180]\" id=\"field_812f4\" value=\"\"     \/>\n<input type=\"hidden\" name=\"item_meta[159]\" id=\"field_xatr5\" value=\"\"     \/>\n<input type=\"hidden\" name=\"item_meta[181]\" id=\"field_uxuq6\" value=\"\"     \/>\n<input type=\"hidden\" name=\"item_meta[160]\" id=\"field_9jv0r13\" value=\"\"     \/>\n<input type=\"hidden\" name=\"item_meta[161]\" id=\"field_xpxdb\" value=\"\"     \/>\n\t<input type=\"hidden\" name=\"item_key\" value=\"\" \/>\n\t\t\t<div id=\"frm_field_242_container\">\n\t\t\t<label for=\"field_vuqhc\" >\n\t\t\t\tSe voc\u00ea \u00e9 humano, deixe este campo em branco.\t\t\t<\/label>\n\t\t\t<input  id=\"field_vuqhc\" type=\"text\" class=\"frm_form_field form-field frm_verify\" name=\"item_meta[242]\" value=\"\"  \/>\n\t\t<\/div>\n\t\t<input name=\"frm_state\" type=\"hidden\" value=\"6JocbdNS8oxTNi342bd\/E6XkHViLlzhCaKC220Y6E+ig7YKpKkPciZWaxBjTGDhw\" \/><div class=\"frm_submit frm_flex\">\r\n<button class=\"frm_button_submit\" type=\"submit\"  >Next<\/button>\r\n\r\n\r\n\r\n<\/div><\/div>\n<\/fieldset>\n<\/div>\n\n<\/form>\n<\/div>\nVoc\u00ea tamb\u00e9m pode entrar em contato conosco por meio deste n\u00famero: +47 21 89 99 99 Bate-papo Suporte por bate-papo [&hellip;]<\/p>\n","protected":false},"author":1,"featured_media":0,"parent":0,"menu_order":0,"comment_status":"closed","ping_status":"closed","template":"","meta":{"_et_pb_use_builder":"on","_et_pb_old_content":"","_et_gb_content_width":"","inline_featured_image":false,"footnotes":""},"class_list":["post-933631","page","type-page","status-publish","hentry"],"_links":{"self":[{"href":"https:\/\/chatagentlab.com\/pt-br\/wp-json\/wp\/v2\/pages\/933631","targetHints":{"allow":["GET"]}}],"collection":[{"href":"https:\/\/chatagentlab.com\/pt-br\/wp-json\/wp\/v2\/pages"}],"about":[{"href":"https:\/\/chatagentlab.com\/pt-br\/wp-json\/wp\/v2\/types\/page"}],"author":[{"embeddable":true,"href":"https:\/\/chatagentlab.com\/pt-br\/wp-json\/wp\/v2\/users\/1"}],"replies":[{"embeddable":true,"href":"https:\/\/chatagentlab.com\/pt-br\/wp-json\/wp\/v2\/comments?post=933631"}],"version-history":[{"count":6,"href":"https:\/\/chatagentlab.com\/pt-br\/wp-json\/wp\/v2\/pages\/933631\/revisions"}],"predecessor-version":[{"id":934881,"href":"https:\/\/chatagentlab.com\/pt-br\/wp-json\/wp\/v2\/pages\/933631\/revisions\/934881"}],"wp:attachment":[{"href":"https:\/\/chatagentlab.com\/pt-br\/wp-json\/wp\/v2\/media?parent=933631"}],"curies":[{"name":"wp","href":"https:\/\/api.w.org\/{rel}","templated":true}]}}