{"id":933904,"date":"2025-04-01T19:20:05","date_gmt":"2025-04-01T19:20:05","guid":{"rendered":"https:\/\/chatagentlab.com\/agentinnsikt\/"},"modified":"2025-04-01T20:21:54","modified_gmt":"2025-04-01T20:21:54","slug":"agentinnsikt","status":"publish","type":"page","link":"https:\/\/chatagentlab.com\/no\/agentinnsikt\/","title":{"rendered":"Innsikt"},"content":{"rendered":"<p>[et_pb_section fb_built=&raquo;1&#8243; custom_padding_last_edited=&raquo;on|phone&raquo; next_background_color=&raquo;#ffffff&raquo; admin_label=&raquo;Blog&raquo; _builder_version=&raquo;4.17.6&#8243; background_color=&raquo;#f5f7fa&raquo; background_enable_image=&raquo;off&raquo; custom_padding_tablet=&raquo;0px||0px||true|false&raquo; custom_padding_phone=&raquo;&raquo; bottom_divider_style=&raquo;arrow&raquo; locked=&raquo;off&raquo; global_colors_info=&raquo;{}&raquo;][et_pb_row custom_padding_last_edited=&raquo;off|phone&raquo; _builder_version=&raquo;4.27.2&#8243; width_tablet=&raquo;100%&raquo; width_phone=&raquo;&raquo; width_last_edited=&raquo;on|phone&raquo; custom_margin=&raquo;||||false|false&raquo; custom_margin_last_edited=&raquo;off|tablet&raquo; custom_padding=&raquo;||||false|false&raquo; custom_padding_phone=&raquo;||||false|false&raquo; global_colors_info=&raquo;{}&raquo;][et_pb_column type=&raquo;4_4&#8243; _builder_version=&raquo;4.16&#8243; global_colors_info=&raquo;{}&raquo;][et_pb_text content_tablet=&raquo;<\/p>\n<h1><span style=%22color: #38b6ff;%22>Innsikt<\/span><\/h1>\n<p>&raquo; content_phone=&raquo;<\/p>\n<h1><span style=%22color: #38b6ff;%22>Innsikt<\/span><\/h1>\n<p>&raquo; content_last_edited=&raquo;off|desktop&raquo; _builder_version=&raquo;4.27.4&#8243; _module_preset=&raquo;default&raquo; header_font=&raquo;|700|||||||&raquo; header_text_align=&raquo;center&raquo; header_text_color=&raquo;#111828&#8243; header_font_size=&raquo;50px&raquo; header_line_height=&raquo;1.4em&raquo; background_layout=&raquo;dark&raquo; custom_margin=&raquo;|20px|30px|0px|false|false&raquo; custom_padding=&raquo;||0px|||&raquo; custom_padding_tablet=&raquo;50px||||false|false&raquo; custom_padding_phone=&raquo;50px||||false|false&raquo; custom_padding_last_edited=&raquo;on|tablet&raquo; hover_enabled=&raquo;0&#8243; header_font_tablet=&raquo;Roboto|300|||||||&raquo; header_font_phone=&raquo;Roboto|300|||||||&raquo; header_font_last_edited=&raquo;off|desktop&raquo; header_font_size_tablet=&raquo;40px&raquo; header_font_size_phone=&raquo;35px&raquo; header_font_size_last_edited=&raquo;on|tablet&raquo; global_colors_info=&raquo;%91%93&#8243; sticky_enabled=&raquo;0&#8243;]<\/p>\n<h1><span style=\"color: #38b6ff;\">Innsikt<\/span><\/h1>\n<p>[\/et_pb_text][et_pb_text _builder_version=&raquo;4.27.4&#8243; _module_preset=&raquo;default&raquo; text_font=&raquo;|700|||||||&raquo; text_font_size=&raquo;16px&raquo; text_orientation=&raquo;center&raquo; custom_padding_tablet=&raquo;|30px||30px|false|false&raquo; custom_padding_phone=&raquo;|30px||30px|false|false&raquo; custom_padding_last_edited=&raquo;on|phone&raquo; global_colors_info=&raquo;%91%93&#8243;]<\/p>\n<p>Skarpere innsikt for smartere agenter.<\/p>\n<p>[\/et_pb_text][et_pb_post_slider posts_number=&raquo;5&#8243; include_categories=&raquo;27,20&#8243; show_image=&raquo;off&raquo; use_bg_overlay=&raquo;off&raquo; dot_nav_custom_color=&raquo;rgba(0,0,0,0.25)&raquo; _builder_version=&raquo;4.27.2&#8243; header_font=&raquo;||||||||&raquo; header_text_align=&raquo;center&raquo; header_font_size=&raquo;30px&raquo; header_line_height=&raquo;1.5em&raquo; body_font=&raquo;||||||||&raquo; body_text_align=&raquo;left&raquo; body_font_size=&raquo;16px&raquo; body_line_height=&raquo;2em&raquo; meta_font=&raquo;|600|||||||&raquo; meta_text_color=&raquo;#ff6d29&#8243; background_color=&raquo;rgba(0,0,0,0)&raquo; custom_button=&raquo;on&raquo; button_text_size=&raquo;14px&raquo; button_text_color=&raquo;#3f3fff&raquo; button_border_width=&raquo;2px&raquo; button_border_color=&raquo;#3f3fff&raquo; button_border_radius=&raquo;0px&raquo; button_letter_spacing=&raquo;1px&raquo; button_font=&raquo;|700||on|||||&raquo; button_custom_padding=&raquo;16px|28px|16px|28px|true|true&raquo; background_layout=&raquo;light&raquo; custom_padding=&raquo;0px||90px||false|false&raquo; header_font_size_tablet=&raquo;30px&raquo; header_font_size_phone=&raquo;20px&raquo; header_font_size_last_edited=&raquo;on|phone&raquo; body_font_size_tablet=&raquo;&raquo; body_font_size_phone=&raquo;14px&raquo; body_font_size_last_edited=&raquo;on|desktop&raquo; body_line_height_tablet=&raquo;&raquo; body_line_height_phone=&raquo;1.6em&raquo; body_line_height_last_edited=&raquo;on|desktop&raquo; global_colors_info=&raquo;{}&raquo; button_text_size__hover_enabled=&raquo;off&raquo; button_text_color__hover_enabled=&raquo;off&raquo; button_bg_color__hover=&raquo;#ff8a3d&raquo; button_bg_color__hover_enabled=&raquo;off&raquo; button_border_width__hover_enabled=&raquo;off&raquo; button_border_color__hover=&raquo;#ff8a3d&raquo; button_border_color__hover_enabled=&raquo;off&raquo; button_border_radius__hover=&raquo;100px&raquo; button_border_radius__hover_enabled=&raquo;off&raquo; button_letter_spacing__hover=&raquo;5px&raquo; button_letter_spacing__hover_enabled=&raquo;off&raquo;][\/et_pb_post_slider][\/et_pb_column][\/et_pb_row][\/et_pb_section][et_pb_section fb_built=&raquo;1&#8243; _builder_version=&raquo;4.17.6&#8243; _module_preset=&raquo;default&raquo; global_colors_info=&raquo;{}&raquo;][et_pb_row _builder_version=&raquo;4.17.6&#8243; _module_preset=&raquo;default&raquo; global_colors_info=&raquo;{}&raquo;][et_pb_column type=&raquo;4_4&#8243; _builder_version=&raquo;4.17.6&#8243; _module_preset=&raquo;default&raquo; global_colors_info=&raquo;{}&raquo;][et_pb_blog posts_number=&raquo;6&#8243; include_categories=&raquo;27,20&#8243; show_thumbnail=&raquo;off&raquo; show_more=&raquo;on&raquo; _builder_version=&raquo;4.27.2&#8243; _module_preset=&raquo;default&raquo; global_colors_info=&raquo;{}&raquo;][\/et_pb_blog][\/et_pb_column][\/et_pb_row][\/et_pb_section][et_pb_section fb_built=&raquo;1&#8243; _builder_version=&raquo;4.18.0&#8243; _module_preset=&raquo;default&raquo; custom_padding=&raquo;4px||50px|||&raquo; saved_tabs=&raquo;all&raquo; global_colors_info=&raquo;{}&raquo;][et_pb_row _builder_version=&raquo;4.18.0&#8243; _module_preset=&raquo;default&raquo; global_colors_info=&raquo;{}&raquo;][et_pb_column type=&raquo;4_4&#8243; _builder_version=&raquo;4.18.0&#8243; _module_preset=&raquo;default&raquo; global_colors_info=&raquo;{}&raquo;][et_pb_text _builder_version=&raquo;4.27.2&#8243; _module_preset=&raquo;default&raquo; custom_padding=&raquo;|||20px|false|false&raquo; border_width_left=&raquo;5px&raquo; border_color_left=&raquo;#38b6ff&raquo; global_colors_info=&raquo;%91%93&#8243;]<\/p>\n<p><strong>ANNONSE<\/strong><strong><\/strong><\/p>\n<p>Er <strong>du interessert i \u00e5 komme i gang med investeringer?<br \/><\/strong><a href=\"https:\/\/med.etoro.com\/B10828_A67536_TClick_Skryptonyheter_topp5.aspx\" rel=\"nofollow noopener\" target=\"_blank\">eToro<\/a> er en av de mest kjente handelsplattformene p\u00e5 nettet med over 30 millioner brukere, og er rangert \u00f8verst p\u00e5 v\u00e5r topp 5-b\u00f8rsliste. Mange ekstrafunksjoner og innovative verkt\u00f8y var avgj\u00f8rende for at de ble rangert \u00f8verst. <\/p>\n<p>[\/et_pb_text][\/et_pb_column][\/et_pb_row][et_pb_row column_structure=&raquo;1_4,1_2,1_4&#8243; _builder_version=&raquo;4.18.0&#8243; _module_preset=&raquo;default&raquo; background_color=&raquo;#FFFFFF&raquo; custom_padding=&raquo;|15px||15px|false|false&raquo; box_shadow_style=&raquo;preset1&#8243; global_colors_info=&raquo;{}&raquo;][et_pb_column type=&raquo;1_4&#8243; _builder_version=&raquo;4.18.0&#8243; _module_preset=&raquo;default&raquo; global_colors_info=&raquo;{}&raquo;][dsm_text_badges main_text=&raquo; &raquo; badges_text=&raquo;Anbefales&raquo; badges_background_color=&raquo;#00b800&#8243; _builder_version=&raquo;4.27.2&#8243; _module_preset=&raquo;default&raquo; badges_font=&raquo;Arial|600||on|||||&raquo; badges_text_color=&raquo;#FFFFFF&raquo; badges_letter_spacing=&raquo;1px&raquo; text_orientation=&raquo;center&raquo; global_colors_info=&raquo;{}&raquo;][\/dsm_text_badges][et_pb_image src=&raquo;https:\/\/chatagentlab.com\/wp-content\/uploads\/2025\/02\/etoro-logo.png&raquo; title_text=&raquo;etoro-logo&raquo; align=&raquo;center&raquo; _builder_version=&raquo;4.18.0&#8243; _module_preset=&raquo;default&raquo; custom_margin=&raquo;20px||||false|false&raquo; global_colors_info=&raquo;{}&raquo;][\/et_pb_image][\/et_pb_column][et_pb_column type=&raquo;1_2&#8243; _builder_version=&raquo;4.18.0&#8243; _module_preset=&raquo;default&raquo; global_colors_info=&raquo;{}&raquo;][et_pb_text _builder_version=&raquo;4.20.0&#8243; _module_preset=&raquo;default&raquo; global_colors_info=&raquo;%91%93&#8243;]<\/p>\n<p><span style=\"text-decoration: underline;\">Fordeler<\/span><\/p>\n<p><span>\u2714 <\/span>Registrert hos flere finanstilsynsmyndigheter.<\/p>\n<p><span>\u2714 <\/span>Lave avgifter.<\/p>\n<p><span>\u2714 Er for tiden den mest brukervennlige plattformen p\u00e5 markedet. Du kan \u00e5pne en konto og gj\u00f8re din f\u00f8rste handel p\u00e5 f\u00e5 minutter. <\/span><\/p>\n<p><span>\u2714 Sikker og popul\u00e6r b\u00f8rs med over 30 millioner registrerte brukere.<\/span><\/p>\n<p><span>\u2714 Tilbyr handel i et bredt utvalg av aktiva; aksjer, valuta, krypto, r\u00e5varer, ETF-er og indekser.<\/span><\/p>\n<p>[\/et_pb_text][et_pb_text _builder_version=&raquo;4.20.0&#8243; _module_preset=&raquo;default&raquo; global_colors_info=&raquo;%91%93&#8243;]<\/p>\n<p><span style=\"text-decoration: underline;\">Ulemper<\/span><\/p>\n<p><strong>\u2717 <\/strong>Inaktivitetsavgift p\u00e5 USD 10 hvis du ikke logger deg inn innen 12 m\u00e5neder.<\/p>\n<p><strong>\u2717 <\/strong>Kun billettsupport, ingen telefonsupport.<\/p>\n<p>[\/et_pb_text][\/et_pb_column][et_pb_column type=&raquo;1_4&#8243; _builder_version=&raquo;4.18.0&#8243; _module_preset=&raquo;default&raquo; global_colors_info=&raquo;{}&raquo;][et_pb_button button_url=&raquo;https:\/\/med.etoro.com\/B12087_A67536_TClick_Sinvestortoplist.aspx&raquo; button_text=&raquo;Bes\u00f8k eToro&raquo; button_alignment=&raquo;center&raquo; _builder_version=&raquo;4.20.0&#8243; _module_preset=&raquo;default&raquo; custom_button=&raquo;on&raquo; button_text_color=&raquo;#FFFFFF&raquo; button_bg_color=&raquo;#31e4c7&#8243; button_font=&raquo;Actor||||||||&raquo; button_icon_color=&raquo;#FFFFFF&raquo; custom_margin=&raquo;||0px||false|false&raquo; global_colors_info=&raquo;{}&raquo;][\/et_pb_button][et_pb_text disabled_on=&raquo;off|off|off&raquo; _builder_version=&raquo;4.27.2&#8243; background_color=&raquo;#EAEAEA&raquo; custom_margin=&raquo;18px|||||&raquo; custom_padding=&raquo;15px|15px|15px|15px&raquo; global_colors_info=&raquo;%91%93&#8243;]<\/p>\n<p style=\"text-align: left;\">Risikoadvarsel: 51 % av ikke-profesjonelle CFD-kontoer taper penger.<\/p>\n<p>[\/et_pb_text][et_pb_code _builder_version=&raquo;4.22.2&#8243; _module_preset=&raquo;default&raquo; global_colors_info=&raquo;{}&raquo;]<script type=\"text\/javascript\" src=\"https:\/\/marketing.etorostatic.com\/ext\/latest\/js\/etoro.js\" async defer><\/script>[\/et_pb_code][\/et_pb_column][\/et_pb_row][et_pb_row _builder_version=&raquo;4.18.0&#8243; _module_preset=&raquo;default&raquo; custom_padding=&raquo;40px|||||&raquo; global_colors_info=&raquo;{}&raquo;][et_pb_column type=&raquo;4_4&#8243; _builder_version=&raquo;4.18.0&#8243; _module_preset=&raquo;default&raquo; global_colors_info=&raquo;{}&raquo;][et_pb_icon font_icon=&raquo;&#x3b;||divi||400&#8243; icon_color=&raquo;#31e4c7&#8243; icon_width=&raquo;40px&raquo; _builder_version=&raquo;4.18.0&#8243; _module_preset=&raquo;default&raquo; global_colors_info=&raquo;{}&raquo;][\/et_pb_icon][\/et_pb_column][\/et_pb_row][et_pb_row _builder_version=&raquo;4.18.0&#8243; _module_preset=&raquo;default&raquo; custom_padding=&raquo;5px|||||&raquo; global_colors_info=&raquo;{}&raquo;][et_pb_column type=&raquo;4_4&#8243; _builder_version=&raquo;4.18.0&#8243; _module_preset=&raquo;default&raquo; global_colors_info=&raquo;{}&raquo;][et_pb_text _builder_version=&raquo;4.27.2&#8243; background_color=&raquo;#eaeaea&raquo; custom_padding=&raquo;25px|25px|25px|25px&raquo; global_colors_info=&raquo;%91%93&#8243;]<em><span small=\"\"><strong>Risikoadvarsel:<\/strong> <\/span><\/em><\/p>\n<p>eToro er en plattform for flere aktiva som tilbyr b\u00e5de investering i aksjer og kryptoaktiva, samt handel med CFD-er.<\/p>\n<p>V\u00e6r oppmerksom p\u00e5 at CFD-er er komplekse instrumenter og har en h\u00f8y risiko for \u00e5 tape penger raskt p\u00e5 grunn av gearing. 51 % av private investorer taper penger n\u00e5r de handler CFD-er med denne leverand\u00f8ren. Du b\u00f8r vurdere om du forst\u00e5r hvordan CFD-er fungerer, og om du har r\u00e5d til \u00e5 ta den h\u00f8ye risikoen for \u00e5 tape penger.  <\/p>\n<p>Tidligere resultater er ikke en indikasjon p\u00e5 fremtidige resultater. Handelshistorikken som presenteres er mindre enn 5 hele \u00e5r og er kanskje ikke tilstrekkelig som grunnlag for investeringsbeslutninger. <\/p>\n<p>Copy trading er en portef\u00f8ljeforvaltningstjeneste som leveres av eToro (Europe) Ltd., som er autorisert og regulert av Cyprus Securities and Exchange Commission.<\/p>\n<p>Investering i kryptoaktiva er sv\u00e6rt volatilt og uregulert i enkelte EU-land. Ingen forbrukerbeskyttelse. Skatt p\u00e5 fortjeneste kan p\u00e5l\u00f8pe.  <\/p>\n<p>eToro USA LLC tilbyr ikke CFD-er og gir ingen garantier og p\u00e5tar seg intet ansvar for n\u00f8yaktigheten eller fullstendigheten av innholdet i denne publikasjonen, som er utarbeidet av v\u00e5r partner ved hjelp av offentlig tilgjengelig, ikke-enhetsspesifikk informasjon om eToro.[\/et_pb_text][\/et_pb_column][\/et_pb_row][\/et_pb_section]<\/p>\n","protected":false},"excerpt":{"rendered":"<p>InnsiktSkarpere innsikt for smartere agenter.ANNONSE Er du interessert i \u00e5 komme i gang med investeringer?eToro er en av de mest kjente handelsplattformene p\u00e5 nettet med over 30 millioner brukere, og er rangert \u00f8verst p\u00e5 v\u00e5r topp 5-b\u00f8rsliste. Mange ekstrafunksjoner og innovative verkt\u00f8y var avgj\u00f8rende for at de ble rangert \u00f8verst. <div class=\"et_pb_module dsm_text_badges dsm_text_badges_0  et_pb_bg_layout_light\">\n\t\t\t\t\n\t\t\t\t\n\t\t\t\t\n\t\t\t\t\n\t\t\t\t\n\t\t\t\t\n\t\t\t\t<div class=\"et_pb_module_inner\">\n\t\t\t\t\t<h4 class=\"dsm-text-badges et_pb_module_header\"><span class=\"dsm-text-badges-main\">&raquo;<\/span><span class=\"dsm-badges dsm-badges-after\">&raquo;Anbefales&raquo;<\/span><\/h4>\n\t\t\t\t<\/div>\n\t\t\t<\/div><\/p>\n","protected":false},"author":1,"featured_media":0,"parent":0,"menu_order":0,"comment_status":"closed","ping_status":"closed","template":"","meta":{"_et_pb_use_builder":"on","_et_pb_old_content":"","_et_gb_content_width":"","inline_featured_image":false,"footnotes":""},"class_list":["post-933904","page","type-page","status-publish","hentry"],"_links":{"self":[{"href":"https:\/\/chatagentlab.com\/no\/wp-json\/wp\/v2\/pages\/933904","targetHints":{"allow":["GET"]}}],"collection":[{"href":"https:\/\/chatagentlab.com\/no\/wp-json\/wp\/v2\/pages"}],"about":[{"href":"https:\/\/chatagentlab.com\/no\/wp-json\/wp\/v2\/types\/page"}],"author":[{"embeddable":true,"href":"https:\/\/chatagentlab.com\/no\/wp-json\/wp\/v2\/users\/1"}],"replies":[{"embeddable":true,"href":"https:\/\/chatagentlab.com\/no\/wp-json\/wp\/v2\/comments?post=933904"}],"version-history":[{"count":8,"href":"https:\/\/chatagentlab.com\/no\/wp-json\/wp\/v2\/pages\/933904\/revisions"}],"predecessor-version":[{"id":933926,"href":"https:\/\/chatagentlab.com\/no\/wp-json\/wp\/v2\/pages\/933904\/revisions\/933926"}],"wp:attachment":[{"href":"https:\/\/chatagentlab.com\/no\/wp-json\/wp\/v2\/media?parent=933904"}],"curies":[{"name":"wp","href":"https:\/\/api.w.org\/{rel}","templated":true}]}}