{"id":933107,"date":"2024-11-13T01:27:54","date_gmt":"2024-11-13T01:27:54","guid":{"rendered":"https:\/\/chatagentlab.com\/retningslinjer-for-informasjonskapsler\/"},"modified":"2025-03-30T00:18:09","modified_gmt":"2025-03-30T00:18:09","slug":"retningslinjer-for-informasjonskapsler","status":"publish","type":"page","link":"https:\/\/chatagentlab.com\/no\/retningslinjer-for-informasjonskapsler\/","title":{"rendered":"Retningslinjer for informasjonskapsler"},"content":{"rendered":"<p>[et_pb_section fb_built=&raquo;1&#8243; _builder_version=&raquo;4.23.1&#8243; _module_preset=&raquo;default&raquo; global_colors_info=&raquo;{}&raquo;][et_pb_row _builder_version=&raquo;4.23.1&#8243; _module_preset=&raquo;default&raquo; global_colors_info=&raquo;{}&raquo;][et_pb_column type=&raquo;4_4&#8243; _builder_version=&raquo;4.23.1&#8243; _module_preset=&raquo;default&raquo; global_colors_info=&raquo;{}&raquo;][et_pb_text _builder_version=&raquo;4.23.1&#8243; _module_preset=&raquo;default&raquo; global_colors_info=&raquo;{}&raquo;]<\/p>\n<p>&nbsp;<\/p>\n<h1 class=\"cookie-policy-h1\">Retningslinjer for informasjonskapsler<\/h1>\n<p>Sist oppdatert: 3-feb-2025<\/p>\n<p>&nbsp;<\/p>\n<h5>Hva er informasjonskapsler?<\/h5>\n<div class=\"cookie-policy-p\">\n<p>Disse retningslinjene for informasjonskapsler forklarer hva informasjonskapsler er og hvordan vi bruker dem, hvilke typer informasjonskapsler vi bruker, dvs. hvilken informasjon vi samler inn ved hjelp av informasjonskapsler og hvordan denne informasjonen brukes, og hvordan du administrerer innstillingene for informasjonskapsler.<\/p>\n<p>Informasjonskapsler er sm\u00e5 tekstfiler som brukes til \u00e5 lagre sm\u00e5 biter av informasjon. De lagres p\u00e5 enheten din n\u00e5r nettstedet lastes inn i nettleseren din. Disse informasjonskapslene hjelper oss med \u00e5 f\u00e5 nettstedet til \u00e5 fungere som det skal, gj\u00f8re det sikrere, gi en bedre brukeropplevelse, forst\u00e5 hvordan nettstedet fungerer og analysere hva som fungerer og hva som m\u00e5 forbedres.  <\/p>\n<\/div>\n<p>&nbsp;<\/p>\n<h5>Hvordan bruker vi informasjonskapsler?<\/h5>\n<div class=\"cookie-policy-p\">\n<p>Som de fleste andre nettbaserte tjenester bruker nettstedet v\u00e5rt f\u00f8rsteparts- og tredjeparts informasjonskapsler til flere form\u00e5l. F\u00f8rsteparts informasjonskapsler er for det meste n\u00f8dvendige for at nettstedet skal fungere p\u00e5 riktig m\u00e5te, og de samler ikke inn personlig identifiserbare data om deg. <\/p>\n<p>Tredjepartsinformasjonskapslene som brukes p\u00e5 nettstedet v\u00e5rt, brukes hovedsakelig for \u00e5 forst\u00e5 hvordan nettstedet fungerer, hvordan du samhandler med nettstedet v\u00e5rt, holde tjenestene v\u00e5re sikre, levere annonser som er relevante for deg, og alt i alt gi deg en bedre og forbedret brukeropplevelse og bidra til \u00e5 \u00f8ke hastigheten p\u00e5 dine fremtidige interaksjoner med nettstedet v\u00e5rt.<\/p>\n<\/div>\n<p>&nbsp;<\/p>\n<h5>Typer informasjonskapsler vi bruker<\/h5>\n<div class=\"cky-audit-table-element\"><\/div>\n<p>&nbsp;<\/p>\n<h5 style=\"margin-bottom: 20px;\">Administrer innstillinger for informasjonskapsler<\/h5>\n<p><a class=\"cky-banner-element\">Innstillinger for informasjonskapsler<\/a><\/p>\n<div>\n<p>Du kan n\u00e5r som helst endre preferansene dine for informasjonskapsler ved \u00e5 klikke p\u00e5 knappen ovenfor. Da kan du g\u00e5 tilbake til banneret for samtykke til informasjonskapsler og endre preferansene dine eller trekke tilbake samtykket ditt med en gang. <\/p>\n<p>I tillegg har ulike nettlesere forskjellige metoder for \u00e5 blokkere og slette informasjonskapsler som brukes av nettsteder. Du kan endre innstillingene i nettleseren din for \u00e5 blokkere\/slette informasjonskapslene. Nedenfor finner du lenker til st\u00f8ttedokumenter om hvordan du administrerer og sletter informasjonskapsler fra de st\u00f8rste nettleserne.  <\/p>\n<p>Chrome: <a href=\"https:\/\/support.google.com\/accounts\/answer\/32050\" target=\"_blank\" rel=\"noopener nofollow\">https:\/\/support.google.com\/accounts\/answer\/32050<\/a><\/p>\n<p>Safari: <a href=\"https:\/\/support.apple.com\/en-in\/guide\/safari\/sfri11471\/mac\" target=\"_blank\" rel=\"noopener nofollow\">https:\/\/support.apple.com\/en-in\/guide\/safari\/sfri11471\/mac<\/a><\/p>\n<p>Firefox: <a href=\"https:\/\/support.mozilla.org\/en-US\/kb\/clear-cookies-and-site-data-firefox?redirectslug=delete-cookies-remove-info-websites-stored&amp;redirectlocale=en-US\" target=\"_blank\" rel=\"noopener nofollow\">https:\/\/support.mozilla.org\/en-US\/kb\/clear-cookies-and-site-data-firefox?redirectslug=delete-cookies-remove-info-websites-stored&amp;redirectlocale=en-US<\/a><\/p>\n<p>Internet Explorer: <a href=\"https:\/\/support.microsoft.com\/en-us\/topic\/how-to-delete-cookie-files-in-internet-explorer-bca9446f-d873-78de-77ba-d42645fa52fc\" target=\"_blank\" rel=\"noopener nofollow\">https:\/\/support.microsoft.com\/en-us\/topic\/how-to-delete-cookie-files-in-internet-explorer-bca9446f-d873-78de-77ba-d42645fa52fc<\/a><\/p>\n<p>Hvis du bruker en annen nettleser, kan du g\u00e5 til nettleserens offisielle st\u00f8ttedokumenter.<\/p>\n<\/div>\n<p>[\/et_pb_text][\/et_pb_column][\/et_pb_row][\/et_pb_section]<\/p>\n","protected":false},"excerpt":{"rendered":"<p>&nbsp; Retningslinjer for informasjonskapsler Sist oppdatert: 3-feb-2025 &nbsp; Hva er informasjonskapsler? Disse retningslinjene for informasjonskapsler forklarer hva informasjonskapsler er og hvordan vi bruker dem, hvilke typer informasjonskapsler vi bruker, dvs. hvilken informasjon vi samler inn ved hjelp av informasjonskapsler og hvordan denne informasjonen brukes, og hvordan du administrerer innstillingene for informasjonskapsler. Informasjonskapsler er sm\u00e5 tekstfiler [&hellip;]<\/p>\n","protected":false},"author":1,"featured_media":0,"parent":0,"menu_order":0,"comment_status":"closed","ping_status":"closed","template":"","meta":{"_et_pb_use_builder":"on","_et_pb_old_content":"","_et_gb_content_width":"","inline_featured_image":false,"footnotes":""},"class_list":["post-933107","page","type-page","status-publish","hentry"],"_links":{"self":[{"href":"https:\/\/chatagentlab.com\/no\/wp-json\/wp\/v2\/pages\/933107","targetHints":{"allow":["GET"]}}],"collection":[{"href":"https:\/\/chatagentlab.com\/no\/wp-json\/wp\/v2\/pages"}],"about":[{"href":"https:\/\/chatagentlab.com\/no\/wp-json\/wp\/v2\/types\/page"}],"author":[{"embeddable":true,"href":"https:\/\/chatagentlab.com\/no\/wp-json\/wp\/v2\/users\/1"}],"replies":[{"embeddable":true,"href":"https:\/\/chatagentlab.com\/no\/wp-json\/wp\/v2\/comments?post=933107"}],"version-history":[{"count":4,"href":"https:\/\/chatagentlab.com\/no\/wp-json\/wp\/v2\/pages\/933107\/revisions"}],"predecessor-version":[{"id":933111,"href":"https:\/\/chatagentlab.com\/no\/wp-json\/wp\/v2\/pages\/933107\/revisions\/933111"}],"wp:attachment":[{"href":"https:\/\/chatagentlab.com\/no\/wp-json\/wp\/v2\/media?parent=933107"}],"curies":[{"name":"wp","href":"https:\/\/api.w.org\/{rel}","templated":true}]}}