{"id":933101,"date":"2025-02-25T15:53:47","date_gmt":"2025-02-25T15:53:47","guid":{"rendered":"https:\/\/chatagentlab.com\/retningslinjer-for-personvern\/"},"modified":"2025-03-30T00:21:55","modified_gmt":"2025-03-30T00:21:55","slug":"retningslinjer-for-personvern","status":"publish","type":"page","link":"https:\/\/chatagentlab.com\/no\/retningslinjer-for-personvern\/","title":{"rendered":"Retningslinjer for personvern"},"content":{"rendered":"<p>[et_pb_section fb_built=&raquo;1&#8243; _builder_version=&raquo;4.16&#8243; global_colors_info=&raquo;{}&raquo;][et_pb_row _builder_version=&raquo;4.16&#8243; background_size=&raquo;initial&raquo; background_position=&raquo;top_left&raquo; background_repeat=&raquo;repeat&raquo; global_colors_info=&raquo;{}&raquo;][et_pb_column type=&raquo;4_4&#8243; _builder_version=&raquo;4.16&#8243; custom_padding=&raquo;|||&raquo; global_colors_info=&raquo;{}&raquo; custom_padding__hover=&raquo;|||&raquo;][et_pb_text admin_label=&raquo;Innledning&raquo; _builder_version=&raquo;4.27.4&#8243; global_colors_info=&raquo;%91%93&#8243;]<\/p>\n<h1 style=\"text-align: center;\">Retningslinjer for personvern<\/h1>\n<p style=\"text-align: center;\">Sist oppdatert 3-feb-2025<\/p>\n<hr>\n<p>ChatAgentLab.com er juridisk plassert under det norske selskapet Portalen Gruppen AS (organisasjonsnummer. 899551222MVA). Brukerinformasjonen vi samler inn er n\u00f8dvendig for tjenesten vi leverer. Dine data er helt trygge hos oss, vi h\u00e5ndterer dem med fokus p\u00e5 sikkerhet og brukervennlighet.  <\/p>\n<p>Hvis du har fylt ut et kontaktskjema eller bestillingsskjema, lagrer vi informasjonen du selv har lagt inn for \u00e5 utf\u00f8re det du har bedt om.<\/p>\n<p>N\u00e5r du bruker nettstedet v\u00e5rt, gir du oss tilgang til informasjon om deg. Her kan du lese hvilke opplysninger vi samler inn, hvordan vi gj\u00f8r det og hva vi bruker dem til. <\/p>\n<p>[\/et_pb_text][et_pb_toggle title=&raquo;Hva er personlig informasjon?&raquo; admin_label=&raquo;Hva er personopplysninger?&raquo; _builder_version=&raquo;4.16&#8243; global_colors_info=&raquo;{}&raquo;]<\/p>\n<p>Personopplysninger er opplysninger som kan knyttes til en person, for eksempel navn, bosted, telefonnummer, e-postadresse, IP-adresse. Informasjon om hvordan du bruker nettstedet v\u00e5rt, for eksempel hvilke sider du har bes\u00f8kt, brukes av oss i statistikkverkt\u00f8y som Google Analytics og i annonseringsverkt\u00f8y. <\/p>\n<p>[\/et_pb_toggle][et_pb_toggle title=&raquo;Hvilke regler gjelder for h\u00e5ndtering av personopplysninger?&raquo; admin_label=&raquo;Hvilke regler gjelder for h\u00e5ndtering av personopplysninger?&raquo; _builder_version=&raquo;4.16&#8243; global_colors_info=&raquo;{}&raquo;]<\/p>\n<p>Vi er ansvarlig for behandlingen av personopplysninger som samles inn gjennom bruk av v\u00e5re tjenester. Vi f\u00f8lger personopplysningsloven ved behandling av personopplysninger. <\/p>\n<p>N\u00e5r du lar oss videreformidle personopplysninger til andre, for eksempel ved innsending av anbudsskjemaer, vil disse ha et selvstendig ansvar for videre behandling av opplysningene. Det samme gjelder opplysninger du eventuelt utveksler med andre nettsteder etter \u00e5 ha fulgt lenker p\u00e5 v\u00e5re nettsider. <\/p>\n<p>[\/et_pb_toggle][et_pb_toggle title=&raquo;Hvilken informasjon samler vi inn om deg?&raquo; admin_label=&raquo;Hvilken informasjon samler vi om deg?&raquo; _builder_version=&raquo;4.16&#8243; global_colors_info=&raquo;{}&raquo;]<\/p>\n<ul>\n<li>Opplysninger du selv legger inn i kontaktskjemaer eller bestillingsskjemaer.<\/li>\n<li>Meldinger du sender via chat til oss.<\/li>\n<li>Informasjon du gir oss via telefon.<\/li>\n<li>Virksomhetsevalueringer og andre tilbakemeldinger du gir gjennom tjenesten.<\/li>\n<li>Informasjon vi samler inn om din bruk av nettstedet v\u00e5rt.<\/li>\n<li>Hvilken teknologi du bruker. Om du bruker en b\u00e6rbar datamaskin, et nettbrett eller en mobil, hvilken nettleser du bruker, IP-adresse, nettverksoperat\u00f8r og lignende. <\/li>\n<li>Hva du gj\u00f8r. For eksempel hvilke sider du bes\u00f8ker, hva du klikker p\u00e5, og hvilken reklame vi har vist deg.<br \/>Hvor du befinner deg. Vi kan registrere din geografiske plassering basert p\u00e5 IP-adressen din.  <\/li>\n<li>N\u00e5r du s\u00f8ker p\u00e5 en jobb p\u00e5 karrieresiden v\u00e5r og fyller inn informasjon i s\u00f8knadsskjemaet.<\/li>\n<\/ul>\n<p>[\/et_pb_toggle][et_pb_toggle title=&raquo;Informasjon fra andre kilder&raquo; admin_label=&raquo;Informasjon fra andre kilder&raquo; _builder_version=&raquo;4.16&#8243; global_colors_info=&raquo;{}&raquo;]<\/p>\n<p>Vi kan motta informasjon fra kunder og andre tredjeparter som hjelper oss med \u00e5 analysere din bruk av nettstedet v\u00e5rt for \u00e5 forbedre tjenesten v\u00e5r. For eksempel kan en annons\u00f8r gi oss informasjon om hva som skjedde etter at du klikket p\u00e5 en annonse hos oss. <\/p>\n<p>[\/et_pb_toggle][et_pb_toggle title=&raquo;Hva brukes informasjonen til?&raquo; admin_label=&raquo;Hva brukes informasjonen til?&raquo; _builder_version=&raquo;4.16&#8243; global_colors_info=&raquo;{}&raquo;]<\/p>\n<p>Vi jobber kontinuerlig med \u00e5 gi deg en personlig og god opplevelse p\u00e5 nettstedet v\u00e5rt. Dette gj\u00f8res ved \u00e5 bruke coockies og pikselkoder for \u00e5 spore informasjon hvor hovedform\u00e5lene er: <\/p>\n<ul>\n<li>Vi leverer de tjenestene du forventer av oss.<\/li>\n<li>Gir raskere hastighet p\u00e5 nettstedet ved bruk av informasjonskapsler.<\/li>\n<li>Forst\u00e5 behovene til brukerne v\u00e5re gjennom statistikk. Vi analyserer data fra store grupper for \u00e5 forbedre og videreutvikle tjenesten v\u00e5r. <\/li>\n<li>Tilpasse annonser til deg og dine interesser. Vi kan for eksempel vise deg annonser hvis du har bes\u00f8kt nettstedet v\u00e5rt uten \u00e5 sende inn en foresp\u00f8rsel. <\/li>\n<li>Forhindre u\u00f8nsket eller kriminell aktivitet. Det er sv\u00e6rt viktig for oss \u00e5 s\u00f8rge for at nettstedet v\u00e5rt er trygt. Derfor gj\u00f8r vi det vi kan for \u00e5 forhindre u\u00f8nsket eller kriminell aktivitet.  <\/li>\n<\/ul>\n<p>[\/et_pb_toggle][et_pb_toggle title=&raquo;Markedsf\u00f8ring og sp\u00f8rreunders\u00f8kelser&raquo; admin_label=&raquo;Markedsf\u00f8ring og sp\u00f8rreunders\u00f8kelser&raquo; _builder_version=&raquo;4.16&#8243; global_colors_info=&raquo;{}&raquo;]<\/p>\n<p>Hvis du har svart ja p\u00e5 at du \u00f8nsker \u00e5 motta relevant informasjon, kan vi sende deg informasjon om v\u00e5re tjenester via e-post, sp\u00f8rreunders\u00f8kelser eller andre typer meldinger. Du kan velge \u00e5 trekke tilbake ditt samtykke dersom du ikke lenger \u00f8nsker \u00e5 motta informasjon. All markedsf\u00f8ring vi sender ut p\u00e5 denne m\u00e5ten f\u00f8lger reglene for markedsf\u00f8ring i Norge.  <\/p>\n<p>[\/et_pb_toggle][et_pb_toggle title=&raquo;Deles informasjonen med andre?&raquo; admin_label=&raquo;Deles informasjonen med andre?&raquo; _builder_version=&raquo;4.16&#8243; global_colors_info=&raquo;{}&raquo;]<\/p>\n<p>Opplysninger som du har fylt ut i kontaktskjemaer eller bestillingsskjemaer, vil aldri bli delt med andre selskaper. Informasjon om deg og din bruk av nettstedet og tjenestene v\u00e5re deles kun med leverand\u00f8rene av sikkerhetsverkt\u00f8yene vi bruker, og med statistikkverkt\u00f8y som Google Analytics, Google Tag Manager, Google AdWords, Facebook Ads og lignende annonseringssystemer.<\/p>\n<p>Vi vil ikke dele, selge, spre eller p\u00e5 annen m\u00e5te utlevere personopplysninger om deg p\u00e5 annen m\u00e5te enn det som er angitt i denne personvernerkl\u00e6ringen.<\/p>\n<p>[\/et_pb_toggle][et_pb_toggle title=&raquo;Hvordan kan jeg administrere informasjon om meg?&raquo; admin_label=&raquo;Hvordan kan jeg administrere informasjon om meg?&raquo; _builder_version=&raquo;4.16&#8243; global_colors_info=&raquo;{}&raquo;]<\/p>\n<p><strong>Oppdater personlig informasjon<\/strong><\/p>\n<p>Hvis du \u00f8nsker at vi skal oppdatere\/endre opplysningene dine, kan du kontakte oss via kontaktskjemaet som du finner p\u00e5 siden &laquo;Kontakt oss&raquo;.<\/p>\n<p><strong>Sletting av personopplysninger<\/strong><\/p>\n<p>Vi lagrer ikke personopplysninger lenger og i st\u00f8rre omfang enn det som er n\u00f8dvendig for \u00e5 oppfylle form\u00e5let med behandlingen, med mindre det er lovp\u00e5lagt, for eksempel gjennom regnskapsloven. Vi har omfattende rutiner for sletting og anonymisering. Du kan ogs\u00e5 be om innsyn i personopplysningene vi har om deg, og du kan be om \u00e5 f\u00e5 fjernet informasjon fra brukerprofilen din.<\/p>\n<p>Hovedregelen er at personopplysningene ikke lenger lagres for det form\u00e5let de er ment \u00e5 tjene. Informasjon i coockies slettes med faste tidsintervaller p\u00e5 1 m\u00e5ned. Denne informasjonen lagres permanent inntil du sender oss en slettemelding:<\/p>\n<p>Personopplysninger som oppgis i kontaktskjemaer, lagres i v\u00e5rt interne CRM-system for \u00e5 holde oversikt over kundedialogen.<\/p>\n<p>Personopplysningene som oppgis i bestillingsskjemaene lagres som bekreftelse p\u00e5 bestillingen du har gjort, og er n\u00f8dvendig for \u00e5 gi deg tilgang til v\u00e5r sikkerhetsapplikasjon. V\u00e5re bestillingsskjemaer erstatter tradisjonelle kontrakter, siden vi pr\u00f8ver \u00e5 v\u00e6re 100 % papirl\u00f8se.<\/p>\n<p>&nbsp;<\/p>\n<p>Hvis du ber om at personopplysningene dine slettes, vil vi slette alle opplysningene dine.<br \/>Merk at du selv kan sl\u00e5 av eller slette informasjonskapsler i nettleseren din. Hvis du sl\u00e5r av eller sletter informasjonskapsler, kan det imidlertid endre brukeropplevelsen din p\u00e5 et nettsted, og noen ganger vil nettstedet ikke fungere like bra lenger.<\/p>\n<p>[\/et_pb_toggle][et_pb_toggle title=&raquo;Sponsede lenker&raquo; admin_label=&raquo;Sponsede lenker&raquo; _builder_version=&raquo;4.16&#8243; global_colors_info=&raquo;{}&raquo;]<\/p>\n<p>I noen tilfeller kan vi anbefale ulike produkter og tjenester. I de tilfellene der vi bruker sponsede lenker, informerer vi om det. Dersom du bestiller noe via en slik lenke, vil Portalen Gruppen AS motta en andel av salget. N\u00e5r du klikker p\u00e5 en slik lenke, lagres en informasjonskapsel i nettleseren din, slik at det kan v\u00e6re mulig \u00e5 spore en eventuell bestilling.<\/p>\n<p>[\/et_pb_toggle][et_pb_toggle title=&raquo;Implementering av endringer&raquo; admin_label=&raquo;Gjennomf\u00f8ring av endringer&raquo; _builder_version=&raquo;4.16&#8243; global_colors_info=&raquo;{}&raquo;]<\/p>\n<p>Vi vil av og til oppdatere denne personvernerkl\u00e6ringen for \u00e5 gjenspeile endringer p\u00e5 nettstedet eller i personvernerkl\u00e6ringen v\u00e5r. Den gjeldende personvernerkl\u00e6ringen vil alltid v\u00e6re tilgjengelig p\u00e5 nettstedet v\u00e5rt.<\/p>\n<p>[\/et_pb_toggle][et_pb_text admin_label=&raquo;Kontakt&raquo; _builder_version=&raquo;4.16&#8243; global_colors_info=&raquo;%91%93&#8243;]<\/p>\n<p>Hvis du har sp\u00f8rsm\u00e5l eller forslag om personopplysninger p\u00e5 dette nettstedet, kan du kontakte oss ved \u00e5 fylle ut kontaktskjemaet v\u00e5rt p\u00e5 siden &laquo;Kontakt oss&raquo;, som du finner i menyen.<\/p>\n<p>[\/et_pb_text][\/et_pb_column][\/et_pb_row][\/et_pb_section]<\/p>\n","protected":false},"excerpt":{"rendered":"<p>Retningslinjer for personvern Sist oppdatert 3-feb-2025 ChatAgentLab.com er juridisk plassert under det norske selskapet Portalen Gruppen AS (organisasjonsnummer. 899551222MVA). Brukerinformasjonen vi samler inn er n\u00f8dvendig for tjenesten vi leverer. Dine data er helt trygge hos oss, vi h\u00e5ndterer dem med fokus p\u00e5 sikkerhet og brukervennlighet. Hvis du har fylt ut et kontaktskjema eller bestillingsskjema, lagrer [&hellip;]<\/p>\n","protected":false},"author":1,"featured_media":0,"parent":0,"menu_order":0,"comment_status":"closed","ping_status":"closed","template":"","meta":{"_et_pb_use_builder":"on","_et_pb_old_content":"","_et_gb_content_width":"","inline_featured_image":false,"footnotes":""},"class_list":["post-933101","page","type-page","status-publish","hentry"],"_links":{"self":[{"href":"https:\/\/chatagentlab.com\/no\/wp-json\/wp\/v2\/pages\/933101","targetHints":{"allow":["GET"]}}],"collection":[{"href":"https:\/\/chatagentlab.com\/no\/wp-json\/wp\/v2\/pages"}],"about":[{"href":"https:\/\/chatagentlab.com\/no\/wp-json\/wp\/v2\/types\/page"}],"author":[{"embeddable":true,"href":"https:\/\/chatagentlab.com\/no\/wp-json\/wp\/v2\/users\/1"}],"replies":[{"embeddable":true,"href":"https:\/\/chatagentlab.com\/no\/wp-json\/wp\/v2\/comments?post=933101"}],"version-history":[{"count":10,"href":"https:\/\/chatagentlab.com\/no\/wp-json\/wp\/v2\/pages\/933101\/revisions"}],"predecessor-version":[{"id":933554,"href":"https:\/\/chatagentlab.com\/no\/wp-json\/wp\/v2\/pages\/933101\/revisions\/933554"}],"wp:attachment":[{"href":"https:\/\/chatagentlab.com\/no\/wp-json\/wp\/v2\/media?parent=933101"}],"curies":[{"name":"wp","href":"https:\/\/api.w.org\/{rel}","templated":true}]}}