{"id":933059,"date":"2025-03-23T07:49:11","date_gmt":"2025-03-23T07:49:11","guid":{"rendered":"https:\/\/chatagentlab.com\/ressurser\/"},"modified":"2025-04-05T13:16:15","modified_gmt":"2025-04-05T13:16:15","slug":"ressurser","status":"publish","type":"page","link":"https:\/\/chatagentlab.com\/no\/ressurser\/","title":{"rendered":"Ressurser"},"content":{"rendered":"<p>[et_pb_section fb_built=&raquo;1&#8243; admin_label=&raquo;Header&raquo; _builder_version=&raquo;4.27.4&#8243; _module_preset=&raquo;default&raquo; background_color=&raquo;gcid-1bcf785a-50e1-437b-b09f-65567babc1de&raquo; background_image=&raquo;https:\/\/chatagentlab.com\/wp-content\/uploads\/2024\/11\/ai-40c.png&raquo; background_size=&raquo;custom&raquo; background_image_width=&raquo;40%&raquo; background_position=&raquo;top_right&raquo; custom_margin=&raquo;||||false|false&raquo; custom_padding=&raquo;||7px||false|false&raquo; collapsed=&raquo;on&raquo; global_colors_info=&raquo;{%22gcid-1bcf785a-50e1-437b-b09f-65567babc1de%22:%91%22background_color%22%93}&raquo;][et_pb_row _builder_version=&raquo;4.27.4&#8243; _module_preset=&raquo;default&raquo; custom_padding=&raquo;||50px|||&raquo; global_colors_info=&raquo;{}&raquo;][et_pb_column type=&raquo;4_4&#8243; _builder_version=&raquo;4.27.4&#8243; _module_preset=&raquo;default&raquo; global_colors_info=&raquo;{}&raquo;][et_pb_text _builder_version=&raquo;4.27.4&#8243; _module_preset=&raquo;default&raquo; text_orientation=&raquo;center&raquo; background_layout=&raquo;dark&raquo; width=&raquo;20%&raquo; width_tablet=&raquo;25%&raquo; width_phone=&raquo;50%&raquo; width_last_edited=&raquo;on|phone&raquo; max_width_last_edited=&raquo;off|phone&raquo; module_alignment=&raquo;center&raquo; custom_css_main_element=&raquo;background: linear-gradient(||  to top,||  rgba(55, 181, 255, 0.5) 0%,  \/* 50% opacity of #37B5FF at the bottom *\/||  rgba(55, 181, 255, 0) 100%    \/* Fully transparent at the top *\/||) !important;||||border-radius: 0%;||padding: 0;||&raquo; border_width_bottom=&raquo;1px&raquo; border_color_bottom=&raquo;#37b5ff&raquo; global_colors_info=&raquo;{}&raquo;]<\/p>\n<p>Innsikt<\/p>\n<p>[\/et_pb_text][et_pb_text content_tablet=&raquo;<\/p>\n<h1><span style=%22color: #38b6ff;%22>Plattform Ressurser<\/span><\/h1>\n<p>&raquo; content_phone=&raquo;<\/p>\n<h1><span style=%22color: #38b6ff;%22>Plattform Ressurser<\/span><\/h1>\n<p>&raquo; content_last_edited=&raquo;off|desktop&raquo; _builder_version=&raquo;4.27.4&#8243; _module_preset=&raquo;default&raquo; header_font=&raquo;Barlow Semi Condensed|700|||||||&raquo; header_text_align=&raquo;center&raquo; header_text_color=&raquo;#FFFFFF&raquo; header_font_size=&raquo;50px&raquo; header_line_height=&raquo;1.4em&raquo; background_layout=&raquo;dark&raquo; custom_margin=&raquo;|20px|30px|0px|false|false&raquo; custom_padding=&raquo;||0px|||&raquo; custom_padding_tablet=&raquo;&raquo; custom_padding_phone=&raquo;&raquo; custom_padding_last_edited=&raquo;on|phone&raquo; header_font_tablet=&raquo;Roboto|300|||||||&raquo; header_font_phone=&raquo;Roboto|300|||||||&raquo; header_font_last_edited=&raquo;off|desktop&raquo; header_font_size_tablet=&raquo;40px&raquo; header_font_size_phone=&raquo;30px&raquo; header_font_size_last_edited=&raquo;on|phone&raquo; global_colors_info=&raquo;{}&raquo;]<\/p>\n<h1><span style=\"color: #38b6ff;\">Plattform Ressurser<\/span><\/h1>\n<p>[\/et_pb_text][et_pb_text content_last_edited=&raquo;off|phone&raquo; _builder_version=&raquo;4.27.4&#8243; _module_preset=&raquo;default&raquo; text_font=&raquo;Inter||||||||&raquo; text_text_color=&raquo;#c0c2ca&raquo; text_font_size=&raquo;15px&raquo; text_orientation=&raquo;center&raquo; background_layout=&raquo;dark&raquo; hover_enabled=&raquo;0&#8243; global_colors_info=&raquo;{}&raquo; sticky_enabled=&raquo;0&#8243;]<\/p>\n<p>Hold deg oppdatert. Utforsk v\u00e5re siste oppdateringer, fremtidsplaner, dokumentasjon og innsikt i plattformen. <\/p>\n<p>[\/et_pb_text][\/et_pb_column][\/et_pb_row][et_pb_row _builder_version=&raquo;4.27.4&#8243; _module_preset=&raquo;default&raquo; global_colors_info=&raquo;{}&raquo;][et_pb_column type=&raquo;4_4&#8243; _builder_version=&raquo;4.19.2&#8243; _module_preset=&raquo;default&raquo; global_colors_info=&raquo;{}&raquo;][et_pb_blurb title=&raquo;Kunnskapsbase&raquo; use_icon=&raquo;on&raquo; font_icon=&raquo;&#xe035;||divi||400&#8243; icon_placement=&raquo;left&raquo; _builder_version=&raquo;4.27.4&#8243; _module_preset=&raquo;default&raquo; header_font_size=&raquo;20px&raquo; body_text_color=&raquo;#c0c2ca&raquo; background_layout=&raquo;dark&raquo; custom_margin=&raquo;||||false|false&raquo; global_colors_info=&raquo;{}&raquo; body_font_size__hover_enabled=&raquo;off|desktop&raquo;]<\/p>\n<p>Finn svar p\u00e5 vanlige sp\u00f8rsm\u00e5l, veiledninger og beste praksis for bruk av ChatAgentLab.<\/p>\n<p>\ud83d\udc49 <a href=\"https:\/\/roadmap.chatagentlab.com\/t\/knowledge-base\">Se kunnskapsbasen<\/a><\/p>\n<p>[\/et_pb_blurb][et_pb_blurb title=&raquo;Endringslogg&raquo; use_icon=&raquo;on&raquo; font_icon=&raquo;&#xe035;||divi||400&#8243; icon_placement=&raquo;left&raquo; _builder_version=&raquo;4.27.4&#8243; _module_preset=&raquo;default&raquo; header_font_size=&raquo;20px&raquo; body_text_color=&raquo;#c0c2ca&raquo; background_layout=&raquo;dark&raquo; custom_margin=&raquo;||||false|false&raquo; global_colors_info=&raquo;{}&raquo; body_font_size__hover_enabled=&raquo;off|desktop&raquo;]<\/p>\n<p>Hold deg oppdatert om nye funksjoner og forbedringer.<\/p>\n<p>\ud83d\udc49 <a href=\"https:\/\/roadmap.chatagentlab.com\/\">Vis endringslogg<\/a><\/p>\n<p>[\/et_pb_blurb][et_pb_blurb title=&raquo;Veikart&raquo; use_icon=&raquo;on&raquo; font_icon=&raquo;&#xf018;||fa||900&#8243; icon_placement=&raquo;left&raquo; _builder_version=&raquo;4.27.4&#8243; _module_preset=&raquo;default&raquo; header_font_size=&raquo;20px&raquo; body_text_color=&raquo;#c0c2ca&raquo; background_layout=&raquo;dark&raquo; custom_margin=&raquo;||||false|false&raquo; global_colors_info=&raquo;{}&raquo; body_font_size__hover_enabled=&raquo;off|desktop&raquo;]<\/p>\n<p>Se hva vi bygger neste gang.<\/p>\n<p>\ud83d\udc49 <a href=\"https:\/\/roadmap.chatagentlab.com\/t\/roadmap-fok6e\">Vis veikart<\/a><\/p>\n<p>[\/et_pb_blurb][et_pb_blurb title=&raquo;Statusside&raquo; use_icon=&raquo;on&raquo; font_icon=&raquo;&#xe0e3;||divi||400&#8243; icon_placement=&raquo;left&raquo; _builder_version=&raquo;4.27.4&#8243; _module_preset=&raquo;default&raquo; header_font_size=&raquo;20px&raquo; body_text_color=&raquo;#c0c2ca&raquo; background_layout=&raquo;dark&raquo; custom_margin=&raquo;||50px||false|false&raquo; global_colors_info=&raquo;{}&raquo; body_font_size__hover_enabled=&raquo;off|desktop&raquo;]<\/p>\n<p>Kontroller systemets tilstand og oppetid.<\/p>\n<p>\ud83d\udc49 <a href=\"https:\/\/statuspage.chatagentlab.com\/\">Vis status<\/a><\/p>\n<div class=\"relative inline-flex items-center\"><\/div>\n<p>[\/et_pb_blurb][\/et_pb_column][\/et_pb_row][\/et_pb_section]<\/p>\n","protected":false},"excerpt":{"rendered":"<p>InnsiktPlattform RessurserHold deg oppdatert. Utforsk v\u00e5re siste oppdateringer, fremtidsplaner, dokumentasjon og innsikt i plattformen. Finn svar p\u00e5 vanlige sp\u00f8rsm\u00e5l, veiledninger og beste praksis for bruk av ChatAgentLab. \ud83d\udc49 Se kunnskapsbasenHold deg oppdatert om nye funksjoner og forbedringer. \ud83d\udc49 Vis endringsloggSe hva vi bygger neste gang. \ud83d\udc49 Vis veikartKontroller systemets tilstand og oppetid. \ud83d\udc49 Vis status<\/p>\n","protected":false},"author":1,"featured_media":0,"parent":0,"menu_order":0,"comment_status":"closed","ping_status":"closed","template":"","meta":{"_et_pb_use_builder":"on","_et_pb_old_content":"","_et_gb_content_width":"","inline_featured_image":false,"footnotes":""},"class_list":["post-933059","page","type-page","status-publish","hentry"],"_links":{"self":[{"href":"https:\/\/chatagentlab.com\/no\/wp-json\/wp\/v2\/pages\/933059","targetHints":{"allow":["GET"]}}],"collection":[{"href":"https:\/\/chatagentlab.com\/no\/wp-json\/wp\/v2\/pages"}],"about":[{"href":"https:\/\/chatagentlab.com\/no\/wp-json\/wp\/v2\/types\/page"}],"author":[{"embeddable":true,"href":"https:\/\/chatagentlab.com\/no\/wp-json\/wp\/v2\/users\/1"}],"replies":[{"embeddable":true,"href":"https:\/\/chatagentlab.com\/no\/wp-json\/wp\/v2\/comments?post=933059"}],"version-history":[{"count":8,"href":"https:\/\/chatagentlab.com\/no\/wp-json\/wp\/v2\/pages\/933059\/revisions"}],"predecessor-version":[{"id":934864,"href":"https:\/\/chatagentlab.com\/no\/wp-json\/wp\/v2\/pages\/933059\/revisions\/934864"}],"wp:attachment":[{"href":"https:\/\/chatagentlab.com\/no\/wp-json\/wp\/v2\/media?parent=933059"}],"curies":[{"name":"wp","href":"https:\/\/api.w.org\/{rel}","templated":true}]}}