{"id":933042,"date":"2025-02-25T14:24:12","date_gmt":"2025-02-25T14:24:12","guid":{"rendered":"https:\/\/chatagentlab.com\/sammenligning-chatagentlab-vs-intercom\/"},"modified":"2026-03-25T11:03:01","modified_gmt":"2026-03-25T11:03:01","slug":"sammenligning-chatagentlab-vs-intercom","status":"publish","type":"page","link":"https:\/\/chatagentlab.com\/no\/sammenligning-chatagentlab-vs-intercom\/","title":{"rendered":"Sammenligning ChatAgentLab vs Intercom"},"content":{"rendered":"<p>[et_pb_section fb_built=&raquo;1&#8243; admin_label=&raquo;Header&raquo; _builder_version=&raquo;4.27.4&#8243; _module_preset=&raquo;default&raquo; background_color=&raquo;gcid-1bcf785a-50e1-437b-b09f-65567babc1de&raquo; background_image=&raquo;https:\/\/chatagentlab.com\/wp-content\/uploads\/2024\/11\/ai-40c.png&raquo; background_size=&raquo;custom&raquo; background_image_width=&raquo;40%&raquo; background_position=&raquo;top_right&raquo; custom_margin=&raquo;||||false|false&raquo; custom_padding=&raquo;||7px||false|false&raquo; collapsed=&raquo;on&raquo; global_colors_info=&raquo;{%22gcid-1bcf785a-50e1-437b-b09f-65567babc1de%22:%91%22background_color%22%93}&raquo;][et_pb_row _builder_version=&raquo;4.24.2&#8243; _module_preset=&raquo;default&raquo; custom_margin=&raquo;||||false|false&raquo; custom_padding=&raquo;||0px||false|false&raquo; global_colors_info=&raquo;{}&raquo;][et_pb_column type=&raquo;4_4&#8243; _builder_version=&raquo;4.19.5&#8243; _module_preset=&raquo;default&raquo; z_index=&raquo;10&#8243; global_colors_info=&raquo;{}&raquo;][et_pb_text _builder_version=&raquo;4.27.4&#8243; _module_preset=&raquo;default&raquo; text_orientation=&raquo;center&raquo; background_layout=&raquo;dark&raquo; width=&raquo;20%&raquo; width_tablet=&raquo;25%&raquo; width_phone=&raquo;45%&raquo; width_last_edited=&raquo;on|phone&raquo; max_width_last_edited=&raquo;off|phone&raquo; module_alignment=&raquo;center&raquo; custom_css_main_element=&raquo;background: linear-gradient(||  to top,||  rgba(55, 181, 255, 0.5) 0%,  \/* 50% opacity of #37B5FF at the bottom *\/||  rgba(55, 181, 255, 0) 100%    \/* Fully transparent at the top *\/||) !important;||||border-radius: 0%;||padding: 0;||&raquo; border_width_bottom=&raquo;1px&raquo; border_color_bottom=&raquo;#37b5ff&raquo; global_module=&raquo;934413&#8243; global_colors_info=&raquo;{}&raquo;]<\/p>\n<p>Comparison<\/p>\n<p>[\/et_pb_text][et_pb_text content_tablet=&raquo;<\/p>\n<h1>Hvor avansert SEO m\u00f8ter banebrytende hostingteknologi<\/h1>\n<p>&raquo; content_phone=&raquo;<\/p>\n<h1>Hvor avansert SEO m\u00f8ter banebrytende hostingteknologi<\/h1>\n<p>&raquo; content_last_edited=&raquo;off|desktop&raquo; _builder_version=&raquo;4.27.4&#8243; _module_preset=&raquo;default&raquo; header_font=&raquo;Barlow Semi Condensed|700|||||||&raquo; header_text_align=&raquo;center&raquo; header_text_color=&raquo;#FFFFFF&raquo; header_font_size=&raquo;50px&raquo; header_line_height=&raquo;1.4em&raquo; background_layout=&raquo;dark&raquo; custom_margin=&raquo;|20px|30px|0px|false|false&raquo; custom_padding=&raquo;||0px|||&raquo; custom_padding_tablet=&raquo;&raquo; custom_padding_phone=&raquo;&raquo; custom_padding_last_edited=&raquo;on|phone&raquo; header_font_tablet=&raquo;Roboto|300|||||||&raquo; header_font_phone=&raquo;Roboto|300|||||||&raquo; header_font_last_edited=&raquo;off|desktop&raquo; header_font_size_tablet=&raquo;40px&raquo; header_font_size_phone=&raquo;30px&raquo; header_font_size_last_edited=&raquo;on|phone&raquo; global_colors_info=&raquo;{}&raquo;]<\/p>\n<h1>ChatAgentLab <span style=\"color: #38b6ff;\">vs <\/span>Intercom<\/h1>\n<h1><\/h1>\n<p>[\/et_pb_text][et_pb_text _builder_version=&raquo;4.27.4&#8243; _module_preset=&raquo;_initial&raquo; text_font=&raquo;Inter||||||||&raquo; text_text_color=&raquo;#c0c2ca&raquo; text_font_size=&raquo;15px&raquo; text_line_height=&raquo;1.8em&raquo; header_font=&raquo;||||||||&raquo; header_4_font=&raquo;Inter|700|||||||&raquo; header_4_text_color=&raquo;#FFFFFF&raquo; header_4_font_size=&raquo;19px&raquo; header_4_line_height=&raquo;1.4em&raquo; background_layout=&raquo;dark&raquo; custom_margin=&raquo;||51px|||&raquo; header_4_font_size_tablet=&raquo;16px&raquo; header_4_font_size_phone=&raquo;15px&raquo; header_4_font_size_last_edited=&raquo;on|desktop&raquo; global_colors_info=&raquo;{}&raquo;]<\/p>\n<p data-start=\"393\" data-end=\"482\">Intercom har lenge v\u00e6rt ledende innen chatbot-l\u00f8sninger, og betjener en betydelig del av markedet. ChatAgentLab tilbyr imidlertid mer avanserte funksjoner for menneskelignende interaksjoner og en forutsigbar prismodell. <\/p>\n<p>Sammenligningstabellen nedenfor viser hvordan ChatAgentLab ligger an i forhold til Intercom p\u00e5 de funksjonene som er viktigst for vekstfokuserte team:<\/p>\n<p>[\/et_pb_text][\/et_pb_column][\/et_pb_row][et_pb_row _builder_version=&raquo;4.27.2&#8243; _module_preset=&raquo;default&raquo; global_colors_info=&raquo;{}&raquo;][et_pb_column type=&raquo;4_4&#8243; _builder_version=&raquo;4.27.2&#8243; _module_preset=&raquo;default&raquo; global_colors_info=&raquo;{}&raquo;][et_pb_text disabled_on=&raquo;off|on|on&raquo; _builder_version=&raquo;4.27.4&#8243; _module_preset=&raquo;default&raquo; text_orientation=&raquo;center&raquo; background_layout=&raquo;dark&raquo; global_colors_info=&raquo;{}&raquo;]<\/p>\n<p>\ud83d\udc49 Sveip til venstre for \u00e5 bla i tabellen<\/p>\n<p>[\/et_pb_text][et_pb_text _builder_version=&raquo;4.27.4&#8243; _module_preset=&raquo;default&raquo; text_text_color=&raquo;#FFFFFF&raquo; global_colors_info=&raquo;{}&raquo;]<!-- Add this style block in your head or just before the table code --><\/p>\n<style>\n  @media (max-width: 600px) {\n    .comparison-table col.col-left {\n      width: 35% !important;\n    }\n    .comparison-table col:not(.col-left) {\n      width: 32.5% !important;\n    }\n  }\n  .comparison-table th {\n    white-space: nowrap;\n  }\n<\/style>\n<p><!-- Part 3: How ChatAgentLab Outperforms the Competition (Responsive) --><\/p>\n<div class=\"comparison-table\" style=\"width: 100%; border-collapse: collapse; font-family: 'Inter', sans-serif; font-size: 12px; margin: 40px 0; overflow-x: auto;\">\n<table style=\"width: 100%; border-collapse: collapse; border: 1px solid #ddd; table-layout: fixed;\">\n<colgroup>\n<col class=\"col-left\" style=\"width: 20%;\">\n<col style=\"width: 40%;\">\n<col style=\"width: 40%;\">\n    <\/colgroup>\n<thead>\n<tr>\n<th style=\"background-color: #3b81f7; color: #ffffff; padding: 12px; text-align: left;\">Funksjon<\/th>\n<th style=\"background-color: #3b81f7; color: #ffffff; padding: 12px; text-align: center;\">ChatAgentLab<\/th>\n<th style=\"background-color: #3b81f7; color: #ffffff; padding: 12px; text-align: center;\">Intercom<\/th>\n<\/tr>\n<\/thead>\n<tbody>\n<tr>\n<td style=\"border: 1px solid #ddd; padding: 12px;\">Brukerengasjement<\/td>\n<td style=\"border: 1px solid #ddd; padding: 12px; text-align: center; font-weight: bold;\">\u2705 Tilbyr personaliserte, menneskelignende interaksjoner, noe som \u00f8ker brukernes engasjement og tilfredshet.<\/td>\n<td style=\"border: 1px solid #ddd; padding: 12px; text-align: center;\">\u274c Gir skriptbaserte, forutsigbare interaksjoner.<\/td>\n<\/tr>\n<tr>\n<td style=\"border: 1px solid #ddd; padding: 12px;\">Regelinnstillinger<\/td>\n<td style=\"border: 1px solid #ddd; padding: 12px; text-align: center; font-weight: bold;\">\u2705 Fungerer autonomt uten manuelle regelinnstillinger, og l\u00e6rer av interaksjoner for \u00e5 tilpasse responsen.<\/td>\n<td style=\"border: 1px solid #ddd; padding: 12px; text-align: center;\">\u274c Krever manuell regelinnstilling og forh\u00e5ndsdefinerte skript for responser.<\/td>\n<\/tr>\n<tr>\n<td style=\"border: 1px solid #ddd; padding: 12px;\">Bestilling av avtaler<\/td>\n<td style=\"border: 1px solid #ddd; padding: 12px; text-align: center; font-weight: bold;\">\u2705 Book m\u00f8ter direkte i kalenderen din<\/td>\n<td style=\"border: 1px solid #ddd; padding: 12px; text-align: center;\">\u274c Manuell planlegging n\u00f8dvendig<\/td>\n<\/tr>\n<tr>\n<td style=\"border: 1px solid #ddd; padding: 12px;\">Forutsigbare kostnader<\/td>\n<td style=\"border: 1px solid #ddd; padding: 12px; text-align: center; font-weight: bold;\">\u2705 Transparente og konsekvente, noe som gj\u00f8r det enklere \u00e5 budsjettere.<\/td>\n<td style=\"border: 1px solid #ddd; padding: 12px; text-align: center;\">\u274c Variable kostnader p\u00e5 grunn av avgifter per sete og tilleggsgebyrer, noe som kan f\u00f8re til uforutsigbarhet.<\/td>\n<\/tr>\n<tr>\n<td style=\"border: 1px solid #ddd; padding: 12px;\">Prismodell<\/td>\n<td style=\"border: 1px solid #ddd; padding: 12px; text-align: center; font-weight: bold;\">$ 450\/m\u00e5ned for ubegrenset antall seter.<\/td>\n<td style=\"border: 1px solid #ddd; padding: 12px; text-align: center;\">\u274c $100+ per sete + $1 per AI-oppl\u00f8sning.<\/td>\n<\/tr>\n<\/tbody>\n<\/table>\n<\/div>\n<p>[\/et_pb_text][\/et_pb_column][\/et_pb_row][et_pb_row _builder_version=&raquo;4.27.4&#8243; _module_preset=&raquo;default&raquo; global_colors_info=&raquo;{}&raquo;][et_pb_column type=&raquo;4_4&#8243; _builder_version=&raquo;4.27.4&#8243; _module_preset=&raquo;default&raquo; global_colors_info=&raquo;{}&raquo;][et_pb_text _builder_version=&raquo;4.27.4&#8243; _module_preset=&raquo;default&raquo; text_text_color=&raquo;#c0c2ca&raquo; background_layout=&raquo;dark&raquo; global_colors_info=&raquo;{}&raquo;]<\/p>\n<h2>Hva Intercom gj\u00f8r bra<\/h2>\n<p>Intercom er markedsledende innen produktintern kommunikasjon. Den er ideell for: <\/p>\n<ul>\n<li>Kundeintroduksjon via produktomvisninger<\/li>\n<li>Live chat knyttet til CRM\/hjelpedesk<\/li>\n<li>Utl\u00f8ser meldinger basert p\u00e5 hendelser eller atferd i appen<\/li>\n<\/ul>\n<p>For produktdrevne SaaS-team som \u00f8nsker \u00e5 skalere kundest\u00f8tte og onboarding, er Intercom en kraftig &#8211; om enn dyr &#8211; plattform.<\/p>\n<p>[\/et_pb_text][et_pb_text _builder_version=&raquo;4.27.4&#8243; _module_preset=&raquo;default&raquo; text_text_color=&raquo;#c0c2ca&raquo; background_layout=&raquo;dark&raquo; global_colors_info=&raquo;{}&raquo;]<\/p>\n<h2>Problemet: Intercom er ikke laget for Top-of-Funnel-salgsagenter<\/h2>\n<p>Det er her Intercom kommer til kort hvis du \u00f8nsker \u00e5 bygge LLM-drevne agenter for markedsf\u00f8ring eller proaktiv opps\u00f8king:<\/p>\n<ul>\n<li><strong>Begrenset fleksibilitet<\/strong> &#8211; bots er knyttet til appen eller nettstedet ditt<\/li>\n<li><strong>Ingen klonbare agenter<\/strong> &#8211; det er tidkrevende \u00e5 bygge nye arbeidsflyter<\/li>\n<li><strong>Support-tankegang<\/strong> &#8211; ikke optimalisert for salg eller kvalifisering av potensielle kunder<\/li>\n<li><strong>Prisene vokser raskt<\/strong> &#8211; prising per plass gj\u00f8r det dyrt \u00e5 skalere<\/li>\n<\/ul>\n<p>[\/et_pb_text][et_pb_text _builder_version=&raquo;4.27.4&#8243; _module_preset=&raquo;default&raquo; text_text_color=&raquo;#c0c2ca&raquo; background_layout=&raquo;dark&raquo; global_colors_info=&raquo;{}&raquo; text_font_size__hover_enabled=&raquo;off|desktop&raquo;]<\/p>\n<h2>Hvorfor ChatAgentLab ble bygget annerledes<\/h2>\n<p><strong>ChatAgentLab<\/strong> fokuserer p\u00e5 \u00e5 gj\u00f8re det mulig for bedrifter \u00e5 bygge <em>salgsorienterte AI-agenter<\/em> som driver konverteringer, booker m\u00f8ter og samler inn kvalifiserte potensielle kunder &#8211; med full kontroll over tone, meldinger og atferd.<\/p>\n<p>Plattformen gj\u00f8r det ogs\u00e5 mulig for team \u00e5 opprette <strong>interne AI-agenter<\/strong> for \u00e5 h\u00e5ndtere SOP-er, onboarding, research og automatisering &#8211; alt administrert p\u00e5 ett sted, uten at det kreves tekniske ferdigheter.<\/p>\n<ul>\n<li><strong>LLM-innf\u00f8dt:<\/strong> Bygget for ChatGPT, Claude og andre avanserte modeller fra dag \u00e9n<\/li>\n<li><strong>Ingen kode:<\/strong> Hvem som helst kan bygge, teste og lansere AI-agenter p\u00e5 f\u00e5 minutter<\/li>\n<li><strong>Distribuer hvor som helst:<\/strong> P\u00e5 nettstedet ditt, sosiale medier eller delbare lenker<\/li>\n<li><strong>Gjenbrukbar logikk:<\/strong> Klon de mest effektive agentene for nye brukstilfeller eller trakter<\/li>\n<li><strong>Fast prising:<\/strong> Ingen kostnader per agent eller per sete<\/li>\n<\/ul>\n<p>Men ChatAgentLab stopper ikke ved kundevendte brukstilfeller &#8211; den driver ogs\u00e5 interne operasjoner.<\/p>\n<p>[\/et_pb_text][et_pb_text _builder_version=&raquo;4.27.4&#8243; _module_preset=&raquo;default&raquo; text_text_color=&raquo;#c0c2ca&raquo; background_layout=&raquo;dark&raquo; global_colors_info=&raquo;{}&raquo;]<\/p>\n<h2>Interne AI-agenter som jobber p\u00e5 tvers av teamet ditt<\/h2>\n<p>Mens Intercom er begrenset til kundest\u00f8tte, <strong>st\u00f8tter ChatAgentLab ogs\u00e5 interne AI-agenter<\/strong> som hjelper teamet ditt med \u00e5 jobbe raskere, smartere og mer konsekvent.<\/p>\n<p>Interne agenter er perfekte for:<\/p>\n<ul>\n<li><strong>Oppl\u00e6ring og onboarding<\/strong>: Nyansatte kan stille sp\u00f8rsm\u00e5l og f\u00e5 konsistente, policybaserte svar 24\/7.<\/li>\n<li><strong>SOP-st\u00f8tte<\/strong>: Gj\u00f8r om bedriftsdokumentasjonen til en levende agent som forklarer &laquo;hvordan vi gj\u00f8r ting&raquo; trinn for trinn.<\/li>\n<li><strong>Interne unders\u00f8kelser<\/strong>: Bygg agenter som oppsummerer rapporter, trekker ut n\u00f8kkelinformasjon eller svarer p\u00e5 nisjesp\u00f8rsm\u00e5l umiddelbart.<\/li>\n<li><strong>Automatisering av driften<\/strong>: AI-assistenter kan hjelpe til med \u00e5 fylle ut rapporter, styre arbeidsflyter eller samle inn data p\u00e5 tvers av team.<\/li>\n<\/ul>\n<p>Fordi alt administreres i ett og samme dashbord, er de interne og eksterne medarbeiderne synkronisert &#8211; ingen siloer, ingen bytte av verkt\u00f8y.<\/p>\n<p>[\/et_pb_text][et_pb_text _builder_version=&raquo;4.27.4&#8243; _module_preset=&raquo;default&raquo; text_text_color=&raquo;#c0c2ca&raquo; background_layout=&raquo;dark&raquo; global_colors_info=&raquo;{}&raquo;]<\/p>\n<h2>Hva med Intercom Fin?<\/h2>\n<p>Intercom lanserte nylig <strong>Fin<\/strong>, deres AI-drevne supportassistent som bygger p\u00e5 OpenAIs GPT-4. Selv om den forbedrer svarautomatiseringen i Intercom, er det fortsatt et <strong>verkt\u00f8y som f\u00f8rst og fremst<\/strong> er rettet mot <strong>support<\/strong>. <\/p>\n<p>Fin er utviklet for \u00e5 svare p\u00e5 vanlige sp\u00f8rsm\u00e5l, avvise henvendelser og st\u00f8tte brukere i appen &#8211; ikke for \u00e5 <strong>selge, kvalifisere eller konvertere potensielle kunder<\/strong> p\u00e5 tvers av kampanjer.<\/p>\n<p><strong>ChatAgentLab<\/strong> er derimot bygget opp fra grunnen av for proaktive AI-brukstilfeller:<\/p>\n<ul>\n<li><strong>Salgsfokuserte agenter<\/strong> som kvalifiserer potensielle kunder og booker m\u00f8ter<\/li>\n<li><strong>Fleksibel distribusjon<\/strong> p\u00e5 nettsteder, sosiale medier eller som frittst\u00e5ende lenker<\/li>\n<li><strong>Klonbar logikk<\/strong> for \u00e5 teste ulike beskjeder, toner og m\u00e5l<\/li>\n<li><strong>Tilpassbar AI-stack<\/strong> &#8211; ikke bundet til \u00e9n enkelt modellleverand\u00f8r<\/li>\n<\/ul>\n<p>[\/et_pb_text][et_pb_text _builder_version=&raquo;4.27.4&#8243; _module_preset=&raquo;default&raquo; text_text_color=&raquo;#c0c2ca&raquo; background_layout=&raquo;dark&raquo; hover_enabled=&raquo;0&#8243; global_colors_info=&raquo;{}&raquo; sticky_enabled=&raquo;0&#8243;]<\/p>\n<h2>Konklusjon<\/h2>\n<p>Hvis virksomheten din er avhengig av proaktivt salg, kvalifisering av leads eller publisering av AI-agenter p\u00e5 tvers av flere kanaler &#8211; ikke bare i appen din &#8211; vil Intercom sannsynligvis komme til kort.<\/p>\n<p><strong>ChatAgentLab<\/strong> gir deg en fleksibel, LLM-nativ plattform designet for vekst, uten teknisk kompleksitet eller oppbl\u00e5ste priser.<\/p>\n<p><a href=\"https:\/\/chatagentlab.com\/no\/opprett-ai-agent\/\" target=\"_blank\" rel=\"noopener\">\u27a1 Pr\u00f8v ChatAgentLab n\u00e5 &#8211; og start din f\u00f8rste AI-agent p\u00e5 f\u00e5 minutter<\/a>[\/et_pb_text][\/et_pb_column][\/et_pb_row][et_pb_row _builder_version=&raquo;4.27.4&#8243; _module_preset=&raquo;default&raquo; global_colors_info=&raquo;{}&raquo;][et_pb_column type=&raquo;4_4&#8243; _builder_version=&raquo;4.27.4&#8243; _module_preset=&raquo;default&raquo; global_colors_info=&raquo;{}&raquo;][et_pb_button button_url=&raquo;@ET-DC@eyJkeW5hbWljIjp0cnVlLCJjb250ZW50IjoicG9zdF9saW5rX3VybF9wYWdlIiwic2V0dGluZ3MiOnsicG9zdF9pZCI6IjkzMjI2MyJ9fQ==@&raquo; button_text=&raquo;Deploy AI Agent&raquo; button_alignment=&raquo;center&raquo; _builder_version=&raquo;4.27.4&#8243; _dynamic_attributes=&raquo;button_url&raquo; _module_preset=&raquo;default&raquo; custom_button=&raquo;on&raquo; button_text_size=&raquo;16px&raquo; button_bg_color=&raquo;#316de7&#8243; button_bg_use_color_gradient=&raquo;on&raquo; button_bg_color_gradient_direction=&raquo;90deg&raquo; button_bg_color_gradient_stops=&raquo;#2e5be4 0%|#3aa3ee 100%&raquo; button_bg_color_gradient_overlays_image=&raquo;on&raquo; button_border_width=&raquo;0px&raquo; button_border_color=&raquo;#2e5be4&#8243; button_icon=&raquo;&#x45;||divi||400&#8243; button_icon_color=&raquo;#FFFFFF&raquo; background_layout=&raquo;dark&raquo; custom_margin=&raquo;||12px||false|false&raquo; custom_padding=&raquo;10px|30px|10px|30px|false|false&raquo; hover_enabled=&raquo;0&#8243; global_colors_info=&raquo;{}&raquo; sticky_enabled=&raquo;0&#8243;][\/et_pb_button][et_pb_text disabled_on=&raquo;off|off|off&raquo; _builder_version=&raquo;4.27.4&#8243; _module_preset=&raquo;default&raquo; text_orientation=&raquo;center&raquo; background_layout=&raquo;dark&raquo; custom_margin=&raquo;||60px|||&raquo; global_colors_info=&raquo;{}&raquo;]<\/p>\n<p>\ud83d\udc49 <span> Ingen koding kreves<\/span><\/p>\n<p>[\/et_pb_text][\/et_pb_column][\/et_pb_row][\/et_pb_section]<\/p>\n","protected":false},"excerpt":{"rendered":"<p>Comparison ChatAgentLab vs Intercom Intercom har lenge v\u00e6rt ledende innen chatbot-l\u00f8sninger, og betjener en betydelig del av markedet. ChatAgentLab tilbyr imidlertid mer avanserte funksjoner for menneskelignende interaksjoner og en forutsigbar prismodell. Sammenligningstabellen nedenfor viser hvordan ChatAgentLab ligger an i forhold til Intercom p\u00e5 de funksjonene som er viktigst for vekstfokuserte team:\ud83d\udc49 Sveip til venstre for [&hellip;]<\/p>\n","protected":false},"author":1,"featured_media":0,"parent":0,"menu_order":0,"comment_status":"closed","ping_status":"closed","template":"","meta":{"_et_pb_use_builder":"on","_et_pb_old_content":"","_et_gb_content_width":"","inline_featured_image":false,"footnotes":""},"class_list":["post-933042","page","type-page","status-publish","hentry"],"_links":{"self":[{"href":"https:\/\/chatagentlab.com\/no\/wp-json\/wp\/v2\/pages\/933042","targetHints":{"allow":["GET"]}}],"collection":[{"href":"https:\/\/chatagentlab.com\/no\/wp-json\/wp\/v2\/pages"}],"about":[{"href":"https:\/\/chatagentlab.com\/no\/wp-json\/wp\/v2\/types\/page"}],"author":[{"embeddable":true,"href":"https:\/\/chatagentlab.com\/no\/wp-json\/wp\/v2\/users\/1"}],"replies":[{"embeddable":true,"href":"https:\/\/chatagentlab.com\/no\/wp-json\/wp\/v2\/comments?post=933042"}],"version-history":[{"count":12,"href":"https:\/\/chatagentlab.com\/no\/wp-json\/wp\/v2\/pages\/933042\/revisions"}],"predecessor-version":[{"id":935212,"href":"https:\/\/chatagentlab.com\/no\/wp-json\/wp\/v2\/pages\/933042\/revisions\/935212"}],"wp:attachment":[{"href":"https:\/\/chatagentlab.com\/no\/wp-json\/wp\/v2\/media?parent=933042"}],"curies":[{"name":"wp","href":"https:\/\/api.w.org\/{rel}","templated":true}]}}