{"id":933039,"date":"2025-02-25T14:56:47","date_gmt":"2025-02-25T14:56:47","guid":{"rendered":"https:\/\/chatagentlab.com\/sammenligning-chatagentlab-vs-mennesker\/"},"modified":"2026-03-25T10:57:01","modified_gmt":"2026-03-25T10:57:01","slug":"sammenligning-chatagentlab-vs-mennesker","status":"publish","type":"page","link":"https:\/\/chatagentlab.com\/no\/sammenligning-chatagentlab-vs-mennesker\/","title":{"rendered":"Sammenligning ChatAgentLab vs mennesker"},"content":{"rendered":"<p>[et_pb_section fb_built=&raquo;1&#8243; admin_label=&raquo;Header&raquo; _builder_version=&raquo;4.27.4&#8243; _module_preset=&raquo;default&raquo; background_color=&raquo;gcid-1bcf785a-50e1-437b-b09f-65567babc1de&raquo; background_image=&raquo;https:\/\/chatagentlab.com\/wp-content\/uploads\/2024\/11\/ai-40c.png&raquo; background_size=&raquo;custom&raquo; background_image_width=&raquo;40%&raquo; background_position=&raquo;top_right&raquo; custom_margin=&raquo;||||false|false&raquo; custom_padding=&raquo;||7px||false|false&raquo; collapsed=&raquo;on&raquo; global_colors_info=&raquo;{%22gcid-1bcf785a-50e1-437b-b09f-65567babc1de%22:%91%22background_color%22%93}&raquo;][et_pb_row _builder_version=&raquo;4.27.4&#8243; _module_preset=&raquo;default&raquo; custom_margin=&raquo;||||false|false&raquo; custom_padding=&raquo;||50px||false|false&raquo; global_colors_info=&raquo;{}&raquo;][et_pb_column type=&raquo;4_4&#8243; _builder_version=&raquo;4.19.5&#8243; _module_preset=&raquo;default&raquo; z_index=&raquo;10&#8243; global_colors_info=&raquo;{}&raquo;][et_pb_text _builder_version=&raquo;4.27.4&#8243; _module_preset=&raquo;default&raquo; text_orientation=&raquo;center&raquo; background_layout=&raquo;dark&raquo; width=&raquo;20%&raquo; width_tablet=&raquo;25%&raquo; width_phone=&raquo;45%&raquo; width_last_edited=&raquo;on|phone&raquo; max_width_last_edited=&raquo;off|phone&raquo; module_alignment=&raquo;center&raquo; custom_css_main_element=&raquo;background: linear-gradient(||  to top,||  rgba(55, 181, 255, 0.5) 0%,  \/* 50% opacity of #37B5FF at the bottom *\/||  rgba(55, 181, 255, 0) 100%    \/* Fully transparent at the top *\/||) !important;||||border-radius: 0%;||padding: 0;||&raquo; border_width_bottom=&raquo;1px&raquo; border_color_bottom=&raquo;#37b5ff&raquo; global_module=&raquo;934413&#8243; global_colors_info=&raquo;{}&raquo;]<\/p>\n<p>Comparison<\/p>\n<p>[\/et_pb_text][et_pb_text content_tablet=&raquo;<\/p>\n<h1>Hvor avansert SEO m\u00f8ter banebrytende hostingteknologi<\/h1>\n<p>&raquo; content_phone=&raquo;<\/p>\n<h1>Hvor avansert SEO m\u00f8ter banebrytende hostingteknologi<\/h1>\n<p>&raquo; content_last_edited=&raquo;off|desktop&raquo; _builder_version=&raquo;4.27.4&#8243; _module_preset=&raquo;default&raquo; header_font=&raquo;Barlow Semi Condensed|700|||||||&raquo; header_text_align=&raquo;center&raquo; header_text_color=&raquo;#FFFFFF&raquo; header_font_size=&raquo;50px&raquo; header_line_height=&raquo;1.4em&raquo; background_layout=&raquo;dark&raquo; custom_margin=&raquo;|20px|30px|0px|false|false&raquo; custom_padding=&raquo;||0px|||&raquo; custom_padding_tablet=&raquo;&raquo; custom_padding_phone=&raquo;&raquo; custom_padding_last_edited=&raquo;on|phone&raquo; header_font_tablet=&raquo;Roboto|300|||||||&raquo; header_font_phone=&raquo;Roboto|300|||||||&raquo; header_font_last_edited=&raquo;off|desktop&raquo; header_font_size_tablet=&raquo;40px&raquo; header_font_size_phone=&raquo;30px&raquo; header_font_size_last_edited=&raquo;on|phone&raquo; global_colors_info=&raquo;{}&raquo;]<\/p>\n<h1>ChatAgentLab <span style=\"color: #38b6ff;\">vs <\/span>mennesker<\/h1>\n<h1><\/h1>\n<p>[\/et_pb_text][et_pb_text _builder_version=&raquo;4.27.4&#8243; _module_preset=&raquo;_initial&raquo; text_font=&raquo;Inter||||||||&raquo; text_text_color=&raquo;#c0c2ca&raquo; text_font_size=&raquo;15px&raquo; text_line_height=&raquo;1.8em&raquo; header_font=&raquo;||||||||&raquo; header_4_font=&raquo;Inter|700|||||||&raquo; header_4_text_color=&raquo;#FFFFFF&raquo; header_4_font_size=&raquo;19px&raquo; header_4_line_height=&raquo;1.4em&raquo; background_layout=&raquo;dark&raquo; custom_margin=&raquo;||||false|false&raquo; header_4_font_size_tablet=&raquo;16px&raquo; header_4_font_size_phone=&raquo;15px&raquo; header_4_font_size_last_edited=&raquo;on|desktop&raquo; global_colors_info=&raquo;{}&raquo;]<\/p>\n<p data-start=\"0\" data-end=\"184\">ChatAgentLab automatiserer rutinehenvendelser, salg og timebestillinger, slik at menneskelige agenter kan fokusere p\u00e5 komplekse problemer. Denne synergien \u00f8ker effektiviteten og kundetilfredsheten.<\/p>\n<p>[\/et_pb_text][\/et_pb_column][\/et_pb_row][et_pb_row _builder_version=&raquo;4.27.4&#8243; _module_preset=&raquo;default&raquo; global_colors_info=&raquo;{}&raquo;][et_pb_column type=&raquo;4_4&#8243; _builder_version=&raquo;4.27.4&#8243; _module_preset=&raquo;default&raquo; global_colors_info=&raquo;{}&raquo;][et_pb_text disabled_on=&raquo;off|on|on&raquo; _builder_version=&raquo;4.27.4&#8243; _module_preset=&raquo;default&raquo; text_orientation=&raquo;center&raquo; background_layout=&raquo;dark&raquo; global_colors_info=&raquo;{}&raquo;]<\/p>\n<p>\ud83d\udc49 Sveip til venstre for \u00e5 bla i tabellen<\/p>\n<p>[\/et_pb_text][et_pb_code _builder_version=&raquo;4.27.4&#8243; _module_preset=&raquo;default&raquo; global_colors_info=&raquo;{}&raquo;][\/et_pb_code][et_pb_text _builder_version=&raquo;4.27.4&#8243; _module_preset=&raquo;default&raquo; text_text_color=&raquo;#FFFFFF&raquo; global_colors_info=&raquo;{}&raquo;]<\/p>\n<p><!-- Add this style block in your head or just before the table code --><\/p>\n<p><!-- Part 3: How ChatAgentLab Outperforms the Competition (Responsive) --><\/p>\n<div class=\"comparison-table\" style=\"width: 100%; border-collapse: collapse; font-family: 'Inter', sans-serif; font-size: 12px; margin: 40px 0; overflow-x: auto;\">\n<table style=\"width: 100%; border-collapse: collapse; border: 1px solid #ddd; table-layout: fixed;\">\n<colgroup>\n<col class=\"col-left\" style=\"width: 20%;\">\n<col style=\"width: 40%;\">\n<col style=\"width: 40%;\"> <\/colgroup>\n<thead>\n<tr>\n<th style=\"background-color: #3b81f7; color: #ffffff; padding: 12px; text-align: left;\">Funksjon<\/th>\n<th style=\"background-color: #3b81f7; color: #ffffff; padding: 12px; text-align: center;\">ChatAgentLab<\/th>\n<th style=\"background-color: #3b81f7; color: #ffffff; padding: 12px; text-align: center;\">Mennesker<\/th>\n<\/tr>\n<\/thead>\n<tbody>\n<tr>\n<td style=\"border: 1px solid #ddd; padding: 12px;\">Responstid<\/td>\n<td style=\"border: 1px solid #ddd; padding: 12px; text-align: center; font-weight: bold;\">\u00d8yeblikkelig (tilgjengelighet 24\/7)<\/td>\n<td style=\"border: 1px solid #ddd; padding: 12px; text-align: center;\">Forsinket eller begrenset av mennesker<\/td>\n<\/tr>\n<tr>\n<td style=\"border: 1px solid #ddd; padding: 12px;\">Konsistens<\/td>\n<td style=\"border: 1px solid #ddd; padding: 12px; text-align: center; font-weight: bold;\">\u2705 Gir ensartet respons uten tretthet eller emosjonelle forstyrrelser.<\/td>\n<td style=\"border: 1px solid #ddd; padding: 12px; text-align: center;\">\u274c Utsatt for svingninger p\u00e5 grunn av hum\u00f8r, stress og ytre faktorer.<\/td>\n<\/tr>\n<tr>\n<td style=\"border: 1px solid #ddd; padding: 12px;\">L\u00e6ringskapasitet<\/td>\n<td style=\"border: 1px solid #ddd; padding: 12px; text-align: center; font-weight: bold;\">\u2705 Oppdaterer kontinuerlig kunnskapsbasen sin ved hjelp av maskinl\u00e6ringsalgoritmer.<\/td>\n<td style=\"border: 1px solid #ddd; padding: 12px; text-align: center;\">\u274c L\u00e6rer gjennom erfaring, utdanning og oppl\u00e6ring, noe som kan v\u00e6re tidkrevende.<\/td>\n<\/tr>\n<tr>\n<td style=\"border: 1px solid #ddd; padding: 12px;\">Tilgjengelighet<\/td>\n<td style=\"border: 1px solid #ddd; padding: 12px; text-align: center; font-weight: bold;\">\u2705 Fungerer 24\/7 uten pauser, noe som sikrer konstant st\u00f8tte.<\/td>\n<td style=\"border: 1px solid #ddd; padding: 12px; text-align: center;\">\u274c Begrenset av arbeidstid, fysiske behov og personlige forpliktelser.<\/td>\n<\/tr>\n<tr>\n<td style=\"border: 1px solid #ddd; padding: 12px;\">Kostnad<\/td>\n<td style=\"border: 1px solid #ddd; padding: 12px; text-align: center; font-weight: bold;\">450 USD\/m\u00e5ned (fast kostnad, ingen skjulte avgifter)<\/td>\n<td style=\"border: 1px solid #ddd; padding: 12px; text-align: center;\">\u274c $3 000+ for menneskelige l\u00f8nninger<\/td>\n<\/tr>\n<\/tbody>\n<\/table>\n<\/div>\n<p>[\/et_pb_text][\/et_pb_column][\/et_pb_row][et_pb_row _builder_version=&raquo;4.27.4&#8243; _module_preset=&raquo;default&raquo; global_colors_info=&raquo;{}&raquo;][et_pb_column type=&raquo;4_4&#8243; _builder_version=&raquo;4.27.4&#8243; _module_preset=&raquo;default&raquo; global_colors_info=&raquo;{}&raquo;][et_pb_button button_url=&raquo;@ET-DC@eyJkeW5hbWljIjp0cnVlLCJjb250ZW50IjoicG9zdF9saW5rX3VybF9wYWdlIiwic2V0dGluZ3MiOnsicG9zdF9pZCI6IjkzMjI2MyJ9fQ==@&raquo; button_text=&raquo;Deploy AI Agent&raquo; button_alignment=&raquo;center&raquo; _builder_version=&raquo;4.27.4&#8243; _dynamic_attributes=&raquo;button_url&raquo; _module_preset=&raquo;default&raquo; custom_button=&raquo;on&raquo; button_text_size=&raquo;16px&raquo; button_bg_color=&raquo;#316de7&#8243; button_bg_use_color_gradient=&raquo;on&raquo; button_bg_color_gradient_direction=&raquo;90deg&raquo; button_bg_color_gradient_stops=&raquo;#2e5be4 0%|#3aa3ee 100%&raquo; button_bg_color_gradient_overlays_image=&raquo;on&raquo; button_border_width=&raquo;0px&raquo; button_border_color=&raquo;#2e5be4&#8243; button_icon=&raquo;&#x45;||divi||400&#8243; button_icon_color=&raquo;#FFFFFF&raquo; background_layout=&raquo;dark&raquo; custom_margin=&raquo;||12px||false|false&raquo; custom_padding=&raquo;10px|30px|10px|30px|false|false&raquo; hover_enabled=&raquo;0&#8243; global_colors_info=&raquo;{}&raquo; sticky_enabled=&raquo;0&#8243;][\/et_pb_button][et_pb_text disabled_on=&raquo;off|off|off&raquo; _builder_version=&raquo;4.27.4&#8243; _module_preset=&raquo;default&raquo; text_orientation=&raquo;center&raquo; background_layout=&raquo;dark&raquo; custom_margin=&raquo;||60px|||&raquo; global_colors_info=&raquo;{}&raquo;]<\/p>\n<p>\ud83d\udc49 <span> Ingen koding kreves<\/span><\/p>\n<p>[\/et_pb_text][\/et_pb_column][\/et_pb_row][\/et_pb_section]<\/p>\n","protected":false},"excerpt":{"rendered":"<p>Comparison ChatAgentLab vs mennesker ChatAgentLab automatiserer rutinehenvendelser, salg og timebestillinger, slik at menneskelige agenter kan fokusere p\u00e5 komplekse problemer. Denne synergien \u00f8ker effektiviteten og kundetilfredsheten.\ud83d\udc49 Sveip til venstre for \u00e5 bla i tabellen Funksjon ChatAgentLab Mennesker Responstid \u00d8yeblikkelig (tilgjengelighet 24\/7) Forsinket eller begrenset av mennesker Konsistens \u2705 Gir ensartet respons uten tretthet eller emosjonelle forstyrrelser. [&hellip;]<\/p>\n","protected":false},"author":1,"featured_media":0,"parent":0,"menu_order":0,"comment_status":"closed","ping_status":"closed","template":"","meta":{"_et_pb_use_builder":"on","_et_pb_old_content":"","_et_gb_content_width":"","inline_featured_image":false,"footnotes":""},"class_list":["post-933039","page","type-page","status-publish","hentry"],"_links":{"self":[{"href":"https:\/\/chatagentlab.com\/no\/wp-json\/wp\/v2\/pages\/933039","targetHints":{"allow":["GET"]}}],"collection":[{"href":"https:\/\/chatagentlab.com\/no\/wp-json\/wp\/v2\/pages"}],"about":[{"href":"https:\/\/chatagentlab.com\/no\/wp-json\/wp\/v2\/types\/page"}],"author":[{"embeddable":true,"href":"https:\/\/chatagentlab.com\/no\/wp-json\/wp\/v2\/users\/1"}],"replies":[{"embeddable":true,"href":"https:\/\/chatagentlab.com\/no\/wp-json\/wp\/v2\/comments?post=933039"}],"version-history":[{"count":7,"href":"https:\/\/chatagentlab.com\/no\/wp-json\/wp\/v2\/pages\/933039\/revisions"}],"predecessor-version":[{"id":935194,"href":"https:\/\/chatagentlab.com\/no\/wp-json\/wp\/v2\/pages\/933039\/revisions\/935194"}],"wp:attachment":[{"href":"https:\/\/chatagentlab.com\/no\/wp-json\/wp\/v2\/media?parent=933039"}],"curies":[{"name":"wp","href":"https:\/\/api.w.org\/{rel}","templated":true}]}}