{"id":933033,"date":"2024-11-13T01:25:05","date_gmt":"2024-11-13T01:25:05","guid":{"rendered":"https:\/\/chatagentlab.com\/kontakt-oss\/"},"modified":"2025-04-05T13:16:54","modified_gmt":"2025-04-05T13:16:54","slug":"kontakt-oss","status":"publish","type":"page","link":"https:\/\/chatagentlab.com\/no\/kontakt-oss\/","title":{"rendered":"Kontakt oss"},"content":{"rendered":"<p>[et_pb_section fb_built=&raquo;1&#8243; admin_label=&raquo;Header&raquo; _builder_version=&raquo;4.27.4&#8243; _module_preset=&raquo;default&raquo; background_color=&raquo;#030929&#8243; background_image=&raquo;https:\/\/chatagentlab.com\/wp-content\/uploads\/2024\/11\/ai-40c.png&raquo; background_size=&raquo;custom&raquo; background_image_width=&raquo;40%&raquo; background_position=&raquo;top_right&raquo; custom_padding=&raquo;||12px|||&raquo; collapsed=&raquo;on&raquo; global_colors_info=&raquo;{}&raquo;][et_pb_row _builder_version=&raquo;4.19.2&#8243; _module_preset=&raquo;default&raquo; max_width=&raquo;800px&raquo; global_colors_info=&raquo;{}&raquo;][et_pb_column type=&raquo;4_4&#8243; _builder_version=&raquo;4.19.2&#8243; _module_preset=&raquo;default&raquo; global_colors_info=&raquo;{}&raquo;][et_pb_text _builder_version=&raquo;4.27.4&#8243; _module_preset=&raquo;13ecf174-a85f-4b15-a628-8b5ff9cad808&#8243; text_font=&raquo;Roboto Mono|700||on|||||&raquo; text_text_color=&raquo;#0cf57e&raquo; text_letter_spacing=&raquo;1px&raquo; text_line_height=&raquo;1.4em&raquo; header_4_font=&raquo;Roboto Mono|700||on|||||&raquo; header_4_text_color=&raquo;gcid-afa30cf2-6f5d-4b9c-aa39-7dbe1ac3b7a3&#8243; header_4_font_size=&raquo;14px&raquo; header_4_letter_spacing=&raquo;1px&raquo; header_4_line_height=&raquo;1.4em&raquo; text_orientation=&raquo;center&raquo; background_layout=&raquo;dark&raquo; custom_margin=&raquo;||40px||false|false&raquo; global_colors_info=&raquo;{%22gcid-afa30cf2-6f5d-4b9c-aa39-7dbe1ac3b7a3%22:%91%22header_4_text_color%22%93}&raquo;]<\/p>\n<p>Ekte st\u00f8tte fra ekte mennesker<\/p>\n<p>[\/et_pb_text][et_pb_text _builder_version=&raquo;4.24.3&#8243; _module_preset=&raquo;1dacbcc0-4572-4570-a006-d481e09550a2&#8243; header_font=&raquo;Exo 2||||||||&raquo; header_text_color=&raquo;#FFFFFF&raquo; header_font_size=&raquo;40px&raquo; header_line_height=&raquo;1.2em&raquo; text_orientation=&raquo;center&raquo; custom_margin=&raquo;||||false|false&raquo; header_font_size_tablet=&raquo;40px&raquo; header_font_size_phone=&raquo;24px&raquo; header_font_size_last_edited=&raquo;on|desktop&raquo; global_colors_info=&raquo;%91%93&#8243;]<\/p>\n<h1><span>Kontakt oss<\/span><\/h1>\n<p>[\/et_pb_text][et_pb_text _builder_version=&raquo;4.27.4&#8243; _module_preset=&raquo;default&raquo; text_font=&raquo;Inter||||||||&raquo; text_text_color=&raquo;#c0c2ca&raquo; text_font_size=&raquo;15px&raquo; text_line_height=&raquo;1.9em&raquo; text_orientation=&raquo;center&raquo; background_layout=&raquo;dark&raquo; hover_enabled=&raquo;0&#8243; global_colors_info=&raquo;%91%93&#8243; sticky_enabled=&raquo;0&#8243;]<\/p>\n<p>N\u00e5r du har sendt inn skjemaet, tar vi kontakt med deg for \u00e5 innhente informasjon for \u00e5 forst\u00e5 din situasjon, hvilke utfordringer du har og hva du \u00f8nsker \u00e5 oppn\u00e5.<\/p>\n<p>[\/et_pb_text][\/et_pb_column][\/et_pb_row][\/et_pb_section][et_pb_section fb_built=&raquo;1&#8243; inner_shadow=&raquo;on&raquo; admin_label=&raquo;section&raquo; _builder_version=&raquo;4.27.4&#8243; background_color=&raquo;#030929&#8243; custom_margin=&raquo;0px||||false|false&raquo; custom_padding=&raquo;0px|||||&raquo; global_colors_info=&raquo;{}&raquo;][et_pb_row column_structure=&raquo;1_2,1_2&#8243; padding_mobile=&raquo;off&raquo; column_padding_mobile=&raquo;on&raquo; _builder_version=&raquo;4.16&#8243; background_color=&raquo;rgba(255,255,255,0)&raquo; background_size=&raquo;initial&raquo; background_position=&raquo;top_left&raquo; background_repeat=&raquo;repeat&raquo; custom_padding=&raquo;||11px|||&raquo; make_fullwidth=&raquo;off&raquo; use_custom_width=&raquo;off&raquo; width_unit=&raquo;on&raquo; custom_width_px=&raquo;1080px&raquo; custom_width_percent=&raquo;80%&raquo; global_colors_info=&raquo;{}&raquo;][et_pb_column type=&raquo;1_2&#8243; _builder_version=&raquo;4.16&#8243; custom_padding=&raquo;|||&raquo; global_colors_info=&raquo;{}&raquo; custom_padding__hover=&raquo;|||&raquo;][et_pb_code _builder_version=&raquo;4.27.4&#8243; _module_preset=&raquo;default&raquo; module_alignment=&raquo;center&raquo; global_colors_info=&raquo;{}&raquo;]<div class=\"frm_forms  with_frm_style frm_style_modern-dark-background2\" id=\"frm_form_12_container\" >\n<form enctype=\"multipart\/form-data\" method=\"post\" class=\"frm-show-form  frm_js_validate  frm_ajax_submit  frm_pro_form \" id=\"form_contact-form2\" >\n<div class=\"frm_form_fields  frm_page_num_1\">\n<fieldset>\n<legend class=\"frm_screen_reader\">Contact Us<\/legend>\r\n\r\n<div class=\"frm_fields_container\">\n<input type=\"hidden\" name=\"frm_action\" value=\"create\" \/>\n<input type=\"hidden\" name=\"form_id\" value=\"12\" \/>\n<input type=\"hidden\" name=\"frm_hide_fields_12\" id=\"frm_hide_fields_12\" value=\"\" \/>\n<input type=\"hidden\" name=\"form_key\" value=\"contact-form2\" \/>\n<input type=\"hidden\" name=\"item_meta[0]\" value=\"\" \/>\n<input type=\"hidden\" id=\"frm_submit_entry_12\" name=\"frm_submit_entry_12\" value=\"f26fad1628\" \/><input type=\"hidden\" name=\"_wp_http_referer\" value=\"\/no\/wp-json\/wp\/v2\/pages\/933033\" \/><div id=\"frm_field_155_container\" class=\"frm_form_field form-field  frm_required_field frm_top_container vertical_radio\">\r\n    <div  id=\"field_sjch0_label\" class=\"frm_primary_label\">Please select the service(s) you are interested in:\r\n        <span class=\"frm_required\" aria-hidden=\"true\">*<\/span>\r\n    <\/div>\r\n    <div class=\"frm_opt_container\" aria-labelledby=\"field_sjch0_label\" role=\"group\">\t\t<div class=\"frm_checkbox\" id=\"frm_checkbox_155-0\">\t\t\t<label  for=\"field_sjch0-0\">\n\t\t\t<input type=\"checkbox\" name=\"item_meta[155][]\" id=\"field_sjch0-0\" value=\"General Question\"  data-reqmsg=\"Please select the service(s) you are interested in: cannot be blank.\" data-invmsg=\"Please select the service(s) you are interested in: is invalid\"   aria-required=\"true\"  \/> General Question<\/label><\/div>\n\t\t<div class=\"frm_checkbox\" id=\"frm_checkbox_155-1\">\t\t\t<label  for=\"field_sjch0-1\">\n\t\t\t<input type=\"checkbox\" name=\"item_meta[155][]\" id=\"field_sjch0-1\" value=\"Technical Support\"  data-reqmsg=\"Please select the service(s) you are interested in: cannot be blank.\" data-invmsg=\"Please select the service(s) you are interested in: is invalid\"   \/> Technical Support<\/label><\/div>\n\t\t<div class=\"frm_checkbox\" id=\"frm_checkbox_155-2\">\t\t\t<label  for=\"field_sjch0-2\">\n\t\t\t<input type=\"checkbox\" name=\"item_meta[155][]\" id=\"field_sjch0-2\" value=\"Sales Inquiry\"  data-reqmsg=\"Please select the service(s) you are interested in: cannot be blank.\" data-invmsg=\"Please select the service(s) you are interested in: is invalid\"   \/> Sales Inquiry<\/label><\/div>\n\t\t<div class=\"frm_checkbox\" id=\"frm_checkbox_155-3\">\t\t\t<label  for=\"field_sjch0-3\">\n\t\t\t<input type=\"checkbox\" name=\"item_meta[155][]\" id=\"field_sjch0-3\" value=\"Partnership Opportunity\"  data-reqmsg=\"Please select the service(s) you are interested in: cannot be blank.\" data-invmsg=\"Please select the service(s) you are interested in: is invalid\"   \/> Partnership Opportunity<\/label><\/div>\n\t\t<div class=\"frm_checkbox\" id=\"frm_checkbox_155-4\">\t\t\t<label  for=\"field_sjch0-4\">\n\t\t\t<input type=\"checkbox\" name=\"item_meta[155][]\" id=\"field_sjch0-4\" value=\"Feedback\/Suggestions\"  data-reqmsg=\"Please select the service(s) you are interested in: cannot be blank.\" data-invmsg=\"Please select the service(s) you are interested in: is invalid\"   \/> Feedback\/Suggestions<\/label><\/div>\n<\/div>\r\n    \r\n    \r\n<\/div>\n<input type=\"hidden\" name=\"frm_page_order_12\" id=\"frm_page_order_12\" value=\"4\" \/><input type=\"hidden\" name=\"item_meta[156]\" id=\"field_qh4icy2\" value=\"\"     \/>\n<input type=\"hidden\" name=\"item_meta[177]\" id=\"field_qns0z\" value=\"\"     \/>\n<input type=\"hidden\" name=\"item_meta[163]\" id=\"field_47c07\" value=\"\"     \/>\n<input type=\"hidden\" name=\"item_meta[179]\" id=\"field_kpqn6\" value=\"\"     \/>\n<input type=\"hidden\" name=\"item_meta[157]\" id=\"field_ocfup12\" value=\"\"     \/>\n<input type=\"hidden\" name=\"item_meta[178]\" id=\"field_nfmmf\" value=\"\"     \/>\n<input type=\"hidden\" name=\"item_meta[158]\" id=\"field_29yf4d2\" value=\"\"     \/>\n<input type=\"hidden\" name=\"item_meta[180]\" id=\"field_812f4\" value=\"\"     \/>\n<input type=\"hidden\" name=\"item_meta[159]\" id=\"field_xatr5\" value=\"\"     \/>\n<input type=\"hidden\" name=\"item_meta[181]\" id=\"field_uxuq6\" value=\"\"     \/>\n<input type=\"hidden\" name=\"item_meta[160]\" id=\"field_9jv0r13\" value=\"\"     \/>\n<input type=\"hidden\" name=\"item_meta[161]\" id=\"field_xpxdb\" value=\"\"     \/>\n\t<input type=\"hidden\" name=\"item_key\" value=\"\" \/>\n\t\t\t<div id=\"frm_field_241_container\">\n\t\t\t<label for=\"field_io1yy\" >\n\t\t\t\tIf you are human, leave this field blank.\t\t\t<\/label>\n\t\t\t<input  id=\"field_io1yy\" type=\"text\" class=\"frm_form_field form-field frm_verify\" name=\"item_meta[241]\" value=\"\"  \/>\n\t\t<\/div>\n\t\t<input name=\"frm_state\" type=\"hidden\" value=\"6JocbdNS8oxTNi342bd\/EwFHOGtfyTNIFSW7W0IOrTTaaxnukWK1OO\/4tyleIAXp\" \/><div class=\"frm_submit frm_flex\">\r\n<button class=\"frm_button_submit\" type=\"submit\"  >Next<\/button>\r\n\r\n\r\n\r\n<\/div><\/div>\n<\/fieldset>\n<\/div>\n\n<\/form>\n<\/div>\n[\/et_pb_code][\/et_pb_column][et_pb_column type=&raquo;1_2&#8243; _builder_version=&raquo;4.16&#8243; custom_padding=&raquo;|||&raquo; global_colors_info=&raquo;{}&raquo; custom_padding__hover=&raquo;|||&raquo;][et_pb_text admin_label=&raquo;Tekst&raquo; _builder_version=&raquo;4.27.4&#8243; text_font=&raquo;Georgia||||&raquo; text_text_color=&raquo;#c0c2ca&raquo; background_size=&raquo;initial&raquo; background_position=&raquo;top_left&raquo; background_repeat=&raquo;repeat&raquo; text_orientation=&raquo;center&raquo; background_layout=&raquo;dark&raquo; module_alignment=&raquo;left&raquo; z_index_tablet=&raquo;500&#8243; use_border_color=&raquo;off&raquo; border_color=&raquo;#ffffff&raquo; border_style=&raquo;solid&raquo; global_colors_info=&raquo;%91%93&#8243;]<\/p>\n<p><strong>Du kan ogs\u00e5 n\u00e5 oss via dette nummeret:<\/strong><\/p>\n<p><a href=\"tel:+4721899999\">+47 21 89 99 99<\/a><\/p>\n<p><span style=\"color: #ffffff;\"><strong>Chat<\/strong><\/span><\/p>\n<p>24\/7 Chat-st\u00f8tte<\/p>\n<p><strong><\/strong><\/p>\n<p><span style=\"color: #ffffff;\"><strong>Telefonens \u00e5pningstider:<\/strong><\/span><\/p>\n<p>Mandag &#8211; fredag kl. 08.00 til 17.00<br \/>Sentraleuropeisk tidssone \/ UTC +1<\/p>\n<p>[\/et_pb_text][et_pb_text _builder_version=&raquo;4.27.4&#8243; text_text_color=&raquo;#c0c2ca&raquo; text_orientation=&raquo;center&raquo; background_layout=&raquo;dark&raquo; global_colors_info=&raquo;%91%93&#8243;]<\/p>\n<p><span style=\"color: #ffffff;\"><strong>Adresse:<\/strong><\/span><\/p>\n<p>Tjuvholmen All\u00e9 3<br \/>0252 Oslo<br \/>Norge<\/p>\n<p>[\/et_pb_text][et_pb_image src=&raquo;https:\/\/chatagentlab.com\/wp-content\/uploads\/2025\/02\/tjuvholmen-alle-3.jpg&raquo; title_text=&raquo;tjuvholmen-alle-3&#8243; align=&raquo;center&raquo; _builder_version=&raquo;4.27.4&#8243; _module_preset=&raquo;default&raquo; max_width=&raquo;60%&raquo; global_colors_info=&raquo;{}&raquo;][\/et_pb_image][et_pb_text _builder_version=&raquo;4.27.4&#8243; text_text_color=&raquo;#c0c2ca&raquo; text_orientation=&raquo;center&raquo; background_layout=&raquo;dark&raquo; global_colors_info=&raquo;%91%93&#8243;]<\/p>\n<p>ChatAgentLab.com er juridisk plassert under Portalen Gruppen AS i Norge med organisasjonsnummer 899 551 222MVA.<\/p>\n<p>[\/et_pb_text][\/et_pb_column][\/et_pb_row][\/et_pb_section]<\/p>\n","protected":false},"excerpt":{"rendered":"<p>Ekte st\u00f8tte fra ekte menneskerKontakt ossN\u00e5r du har sendt inn skjemaet, tar vi kontakt med deg for \u00e5 innhente informasjon for \u00e5 forst\u00e5 din situasjon, hvilke utfordringer du har og hva du \u00f8nsker \u00e5 oppn\u00e5.<div class=\"frm_forms  with_frm_style frm_style_modern-dark-background2\" id=\"frm_form_12_container\" >\n<form enctype=\"multipart\/form-data\" method=\"post\" class=\"frm-show-form  frm_js_validate  frm_ajax_submit  frm_pro_form \" id=\"form_contact-form2\" >\n<div class=\"frm_form_fields  frm_page_num_1\">\n<fieldset>\n<legend class=\"frm_screen_reader\">Contact Us<\/legend>\r\n\r\n<div class=\"frm_fields_container\">\n<input type=\"hidden\" name=\"frm_action\" value=\"create\" \/>\n<input type=\"hidden\" name=\"form_id\" value=\"12\" \/>\n<input type=\"hidden\" name=\"frm_hide_fields_12\" id=\"frm_hide_fields_12\" value=\"\" \/>\n<input type=\"hidden\" name=\"form_key\" value=\"contact-form2\" \/>\n<input type=\"hidden\" name=\"item_meta[0]\" value=\"\" \/>\n<input type=\"hidden\" id=\"frm_submit_entry_12\" name=\"frm_submit_entry_12\" value=\"f26fad1628\" \/><input type=\"hidden\" name=\"_wp_http_referer\" value=\"\/no\/wp-json\/wp\/v2\/pages\/933033\" \/><div id=\"frm_field_155_container\" class=\"frm_form_field form-field  frm_required_field frm_top_container vertical_radio\">\r\n    <div  id=\"field_sjch0_label\" class=\"frm_primary_label\">Please select the service(s) you are interested in:\r\n        <span class=\"frm_required\" aria-hidden=\"true\">*<\/span>\r\n    <\/div>\r\n    <div class=\"frm_opt_container\" aria-labelledby=\"field_sjch0_label\" role=\"group\">\t\t<div class=\"frm_checkbox\" id=\"frm_checkbox_155-0\">\t\t\t<label  for=\"field_sjch0-0\">\n\t\t\t<input type=\"checkbox\" name=\"item_meta[155][]\" id=\"field_sjch0-0\" value=\"General Question\"  data-reqmsg=\"Please select the service(s) you are interested in: cannot be blank.\" data-invmsg=\"Please select the service(s) you are interested in: is invalid\"   aria-required=\"true\"  \/> General Question<\/label><\/div>\n\t\t<div class=\"frm_checkbox\" id=\"frm_checkbox_155-1\">\t\t\t<label  for=\"field_sjch0-1\">\n\t\t\t<input type=\"checkbox\" name=\"item_meta[155][]\" id=\"field_sjch0-1\" value=\"Technical Support\"  data-reqmsg=\"Please select the service(s) you are interested in: cannot be blank.\" data-invmsg=\"Please select the service(s) you are interested in: is invalid\"   \/> Technical Support<\/label><\/div>\n\t\t<div class=\"frm_checkbox\" id=\"frm_checkbox_155-2\">\t\t\t<label  for=\"field_sjch0-2\">\n\t\t\t<input type=\"checkbox\" name=\"item_meta[155][]\" id=\"field_sjch0-2\" value=\"Sales Inquiry\"  data-reqmsg=\"Please select the service(s) you are interested in: cannot be blank.\" data-invmsg=\"Please select the service(s) you are interested in: is invalid\"   \/> Sales Inquiry<\/label><\/div>\n\t\t<div class=\"frm_checkbox\" id=\"frm_checkbox_155-3\">\t\t\t<label  for=\"field_sjch0-3\">\n\t\t\t<input type=\"checkbox\" name=\"item_meta[155][]\" id=\"field_sjch0-3\" value=\"Partnership Opportunity\"  data-reqmsg=\"Please select the service(s) you are interested in: cannot be blank.\" data-invmsg=\"Please select the service(s) you are interested in: is invalid\"   \/> Partnership Opportunity<\/label><\/div>\n\t\t<div class=\"frm_checkbox\" id=\"frm_checkbox_155-4\">\t\t\t<label  for=\"field_sjch0-4\">\n\t\t\t<input type=\"checkbox\" name=\"item_meta[155][]\" id=\"field_sjch0-4\" value=\"Feedback\/Suggestions\"  data-reqmsg=\"Please select the service(s) you are interested in: cannot be blank.\" data-invmsg=\"Please select the service(s) you are interested in: is invalid\"   \/> Feedback\/Suggestions<\/label><\/div>\n<\/div>\r\n    \r\n    \r\n<\/div>\n<input type=\"hidden\" name=\"frm_page_order_12\" id=\"frm_page_order_12\" value=\"4\" \/><input type=\"hidden\" name=\"item_meta[156]\" id=\"field_qh4icy2\" value=\"\"     \/>\n<input type=\"hidden\" name=\"item_meta[177]\" id=\"field_qns0z\" value=\"\"     \/>\n<input type=\"hidden\" name=\"item_meta[163]\" id=\"field_47c07\" value=\"\"     \/>\n<input type=\"hidden\" name=\"item_meta[179]\" id=\"field_kpqn6\" value=\"\"     \/>\n<input type=\"hidden\" name=\"item_meta[157]\" id=\"field_ocfup12\" value=\"\"     \/>\n<input type=\"hidden\" name=\"item_meta[178]\" id=\"field_nfmmf\" value=\"\"     \/>\n<input type=\"hidden\" name=\"item_meta[158]\" id=\"field_29yf4d2\" value=\"\"     \/>\n<input type=\"hidden\" name=\"item_meta[180]\" id=\"field_812f4\" value=\"\"     \/>\n<input type=\"hidden\" name=\"item_meta[159]\" id=\"field_xatr5\" value=\"\"     \/>\n<input type=\"hidden\" name=\"item_meta[181]\" id=\"field_uxuq6\" value=\"\"     \/>\n<input type=\"hidden\" name=\"item_meta[160]\" id=\"field_9jv0r13\" value=\"\"     \/>\n<input type=\"hidden\" name=\"item_meta[161]\" id=\"field_xpxdb\" value=\"\"     \/>\n\t<input type=\"hidden\" name=\"item_key\" value=\"\" \/>\n\t\t\t<div id=\"frm_field_242_container\">\n\t\t\t<label for=\"field_gkv2f\" >\n\t\t\t\tIf you are human, leave this field blank.\t\t\t<\/label>\n\t\t\t<input  id=\"field_gkv2f\" type=\"text\" class=\"frm_form_field form-field frm_verify\" name=\"item_meta[242]\" value=\"\"  \/>\n\t\t<\/div>\n\t\t<input name=\"frm_state\" type=\"hidden\" value=\"6JocbdNS8oxTNi342bd\/EwFHOGtfyTNIFSW7W0IOrTSg7YKpKkPciZWaxBjTGDhw\" \/><div class=\"frm_submit frm_flex\">\r\n<button class=\"frm_button_submit\" type=\"submit\"  >Next<\/button>\r\n\r\n\r\n\r\n<\/div><\/div>\n<\/fieldset>\n<\/div>\n\n<\/form>\n<\/div>\nDu kan ogs\u00e5 n\u00e5 oss via dette nummeret: +47 21 89 99 99 Chat 24\/7 Chat-st\u00f8tte Telefonens \u00e5pningstider: Mandag &#8211; [&hellip;]<\/p>\n","protected":false},"author":1,"featured_media":0,"parent":0,"menu_order":0,"comment_status":"closed","ping_status":"closed","template":"","meta":{"_et_pb_use_builder":"on","_et_pb_old_content":"","_et_gb_content_width":"","inline_featured_image":false,"footnotes":""},"class_list":["post-933033","page","type-page","status-publish","hentry"],"_links":{"self":[{"href":"https:\/\/chatagentlab.com\/no\/wp-json\/wp\/v2\/pages\/933033","targetHints":{"allow":["GET"]}}],"collection":[{"href":"https:\/\/chatagentlab.com\/no\/wp-json\/wp\/v2\/pages"}],"about":[{"href":"https:\/\/chatagentlab.com\/no\/wp-json\/wp\/v2\/types\/page"}],"author":[{"embeddable":true,"href":"https:\/\/chatagentlab.com\/no\/wp-json\/wp\/v2\/users\/1"}],"replies":[{"embeddable":true,"href":"https:\/\/chatagentlab.com\/no\/wp-json\/wp\/v2\/comments?post=933033"}],"version-history":[{"count":6,"href":"https:\/\/chatagentlab.com\/no\/wp-json\/wp\/v2\/pages\/933033\/revisions"}],"predecessor-version":[{"id":934877,"href":"https:\/\/chatagentlab.com\/no\/wp-json\/wp\/v2\/pages\/933033\/revisions\/934877"}],"wp:attachment":[{"href":"https:\/\/chatagentlab.com\/no\/wp-json\/wp\/v2\/media?parent=933033"}],"curies":[{"name":"wp","href":"https:\/\/api.w.org\/{rel}","templated":true}]}}