{"id":933030,"date":"2025-02-25T16:32:04","date_gmt":"2025-02-25T16:32:04","guid":{"rendered":"https:\/\/chatagentlab.com\/om-oss\/"},"modified":"2025-03-22T23:17:59","modified_gmt":"2025-03-22T23:17:59","slug":"om-oss","status":"publish","type":"page","link":"https:\/\/chatagentlab.com\/no\/om-oss\/","title":{"rendered":"Om oss"},"content":{"rendered":"<p>[et_pb_section fb_built=&raquo;1&#8243; admin_label=&raquo;Header&raquo; _builder_version=&raquo;4.22.2&#8243; _module_preset=&raquo;default&raquo; background_color=&raquo;#01012c&raquo; background_image=&raquo;https:\/\/chatagentlab.com\/wp-content\/uploads\/2024\/11\/ai-40c.png&raquo; background_size=&raquo;custom&raquo; background_image_width=&raquo;40%&raquo; background_position=&raquo;top_right&raquo; custom_padding=&raquo;||4px|||&raquo; collapsed=&raquo;on&raquo; global_colors_info=&raquo;{}&raquo;][et_pb_row _builder_version=&raquo;4.19.2&#8243; _module_preset=&raquo;default&raquo; max_width=&raquo;800px&raquo; custom_padding=&raquo;||2px|||&raquo; global_colors_info=&raquo;{}&raquo;][et_pb_column type=&raquo;4_4&#8243; _builder_version=&raquo;4.19.2&#8243; _module_preset=&raquo;default&raquo; global_colors_info=&raquo;{}&raquo;][et_pb_text _builder_version=&raquo;4.27.4&#8243; _module_preset=&raquo;13ecf174-a85f-4b15-a628-8b5ff9cad808&#8243; text_font=&raquo;Roboto Mono|700||on|||||&raquo; text_text_color=&raquo;#0cf57e&raquo; text_letter_spacing=&raquo;1px&raquo; text_line_height=&raquo;1.4em&raquo; header_4_font=&raquo;Roboto Mono|700||on|||||&raquo; header_4_text_color=&raquo;gcid-afa30cf2-6f5d-4b9c-aa39-7dbe1ac3b7a3&#8243; header_4_font_size=&raquo;14px&raquo; header_4_letter_spacing=&raquo;1px&raquo; header_4_line_height=&raquo;1.4em&raquo; text_orientation=&raquo;center&raquo; background_layout=&raquo;dark&raquo; custom_margin=&raquo;||40px||false|false&raquo; global_colors_info=&raquo;{%22gcid-afa30cf2-6f5d-4b9c-aa39-7dbe1ac3b7a3%22:%91%22header_4_text_color%22%93}&raquo;]<\/p>\n<p>Om oss<\/p>\n<p>[\/et_pb_text][et_pb_text _builder_version=&raquo;4.27.4&#8243; _module_preset=&raquo;8e273380-1068-4038-a309-b925436b563f&raquo; header_font=&raquo;|700|||||||&raquo; header_text_color=&raquo;#FFFFFF&raquo; header_font_size=&raquo;48px&raquo; header_line_height=&raquo;1.2em&raquo; text_orientation=&raquo;center&raquo; custom_margin=&raquo;||10px||false|false&raquo; header_font_size_tablet=&raquo;48px&raquo; header_font_size_phone=&raquo;48px&raquo; header_font_size_last_edited=&raquo;on|tablet&raquo; global_colors_info=&raquo;%91%93&#8243;]<\/p>\n<h1>V\u00e5rt oppdrag<\/h1>\n<p>[\/et_pb_text][et_pb_text _builder_version=&raquo;4.27.4&#8243; _module_preset=&raquo;7369261f-e2bd-4270-88cf-66d1382ff00a&raquo; text_font_size=&raquo;16px&raquo; text_line_height=&raquo;1.9em&raquo; header_font=&raquo;||||||||&raquo; header_4_font=&raquo;Inter|700|||||||&raquo; header_4_text_color=&raquo;#FFFFFF&raquo; header_4_font_size=&raquo;19px&raquo; header_4_line_height=&raquo;1.4em&raquo; text_orientation=&raquo;center&raquo; background_layout=&raquo;dark&raquo; custom_margin=&raquo;||60px|||&raquo; header_4_font_size_tablet=&raquo;16px&raquo; header_4_font_size_phone=&raquo;15px&raquo; header_4_font_size_last_edited=&raquo;on|desktop&raquo; global_colors_info=&raquo;%91%93&#8243;]<\/p>\n<p>V\u00e5rt m\u00e5l er \u00e5 styrke bedrifter ved \u00e5 tilby en plattform uten kode som gj\u00f8r det mulig \u00e5 opprette tilpassede AI-agenter p\u00e5 f\u00e5 minutter. Ved \u00e5 utnytte den nyeste AI-teknologien tilbyr l\u00f8sningen v\u00e5r funksjoner som kan sammenlignes med plattformer som ville kostet millioner \u00e5 utvikle internt, alt fra bare 450 dollar per m\u00e5ned.<\/p>\n<p>[\/et_pb_text][et_pb_text _builder_version=&raquo;4.22.2&#8243; _module_preset=&raquo;6631b821-5a27-40ca-8447-6836982c2c3c&raquo; header_2_font=&raquo;|700|||||||&raquo; header_2_text_color=&raquo;#FFFFFF&raquo; header_2_font_size=&raquo;35px&raquo; header_2_line_height=&raquo;1.2em&raquo; text_orientation=&raquo;center&raquo; custom_margin=&raquo;||10px||false|false&raquo; header_2_font_size_tablet=&raquo;35px&raquo; header_2_font_size_phone=&raquo;35px&raquo; header_2_font_size_last_edited=&raquo;on|phone&raquo; global_colors_info=&raquo;%91%93&#8243;]<\/p>\n<h2>Ord fra grunnleggeren<\/h2>\n<p>[\/et_pb_text][\/et_pb_column][\/et_pb_row][\/et_pb_section][et_pb_section fb_built=&raquo;1&#8243; admin_label=&raquo;Header&raquo; _builder_version=&raquo;4.22.2&#8243; _module_preset=&raquo;default&raquo; background_color=&raquo;#01012c&raquo; background_enable_image=&raquo;off&raquo; background_size=&raquo;custom&raquo; background_image_width=&raquo;40%&raquo; background_position=&raquo;top_right&raquo; custom_padding=&raquo;4px||4px|||&raquo; collapsed=&raquo;on&raquo; global_colors_info=&raquo;{}&raquo;][et_pb_row custom_padding_last_edited=&raquo;on|phone&raquo; _builder_version=&raquo;4.27.4&#8243; _module_preset=&raquo;default&raquo; custom_padding=&raquo;|300px||300px|false|false&raquo; custom_padding_tablet=&raquo;|150px|0px|150px|false|false&raquo; custom_padding_phone=&raquo;|40px|0px|40px|false|false&raquo; global_colors_info=&raquo;{}&raquo;][et_pb_column type=&raquo;4_4&#8243; _builder_version=&raquo;4.27.4&#8243; _module_preset=&raquo;default&raquo; background_color=&raquo;gcid-f1f9244b-c8ab-43e1-95c3-c0bdf69ac7b5&#8243; custom_padding=&raquo;60px|10px|60px|10px|true|true&raquo; custom_padding_tablet=&raquo;50px|10px|50px|10px|true|true&raquo; custom_padding_phone=&raquo;40px|10px|40px|10px|true|true&raquo; custom_padding_last_edited=&raquo;on|desktop&raquo; border_radii=&raquo;on|40px|40px|40px|40px&raquo; global_colors_info=&raquo;{%22gcid-f1f9244b-c8ab-43e1-95c3-c0bdf69ac7b5%22:%91%22background_color%22%93}&raquo;][et_pb_image src=&raquo;https:\/\/chatagentlab.com\/wp-content\/uploads\/2025\/03\/Andreas_Torgersen_ChatAgentLab.jpeg&raquo; title_text=&raquo;Andreas_Torgersen_ChatAgentLab&raquo; align=&raquo;center&raquo; _builder_version=&raquo;4.27.4&#8243; _module_preset=&raquo;default&raquo; max_width=&raquo;70%&raquo; global_colors_info=&raquo;{}&raquo;][\/et_pb_image][et_pb_text _builder_version=&raquo;4.22.2&#8243; _module_preset=&raquo;cafa8a02-6239-4a76-8c0f-55c4563b8fa7&#8243; header_font=&raquo;||||||||&raquo; header_4_font=&raquo;Inter|700|||||||&raquo; header_4_text_color=&raquo;#FFFFFF&raquo; header_4_font_size=&raquo;19px&raquo; header_4_line_height=&raquo;1.4em&raquo; text_orientation=&raquo;center&raquo; custom_margin=&raquo;||10px||false|false&raquo; header_4_font_size_tablet=&raquo;16px&raquo; header_4_font_size_phone=&raquo;15px&raquo; header_4_font_size_last_edited=&raquo;on|desktop&raquo; global_colors_info=&raquo;%91%93&#8243;]<\/p>\n<h4>Andreas Torgersen<\/h4>\n<p>[\/et_pb_text][et_pb_text _builder_version=&raquo;4.27.4&#8243; _module_preset=&raquo;2e3a207b-b9e6-443f-98fc-665122639bde&raquo; text_text_color=&raquo;rgba(255,255,255,0.75)&raquo; text_line_height=&raquo;1.6em&raquo; text_orientation=&raquo;center&raquo; header_font_size_tablet=&raquo;55px&raquo; header_font_size_last_edited=&raquo;off|desktop&raquo; global_colors_info=&raquo;%91%93&#8243;]<\/p>\n<p>Grunnlegger og strategisk r\u00e5dgiver<\/p>\n<p>[\/et_pb_text][\/et_pb_column][\/et_pb_row][et_pb_row _builder_version=&raquo;4.19.2&#8243; _module_preset=&raquo;default&raquo; max_width=&raquo;800px&raquo; global_colors_info=&raquo;{}&raquo;][et_pb_column type=&raquo;4_4&#8243; _builder_version=&raquo;4.19.2&#8243; _module_preset=&raquo;default&raquo; global_colors_info=&raquo;{}&raquo;][et_pb_text _builder_version=&raquo;4.27.4&#8243; _module_preset=&raquo;4acd85e9-2b32-4d81-bf4f-8716e13871f6&#8243; text_text_color=&raquo;rgba(255,255,255,0.75)&raquo; text_font_size=&raquo;16px&raquo; text_line_height=&raquo;1.8em&raquo; text_font_size_tablet=&raquo;15px&raquo; text_font_size_phone=&raquo;14px&raquo; text_font_size_last_edited=&raquo;on|desktop&raquo; header_font_size_tablet=&raquo;55px&raquo; header_font_size_last_edited=&raquo;off|desktop&raquo; global_colors_info=&raquo;%91%93&#8243;]<\/p>\n<p data-start=\"0\" data-end=\"360\">Som grunnlegger av ChatAgentLab er jeg drevet av en visjon: \u00e5 demokratisere tilgangen til avansert AI-teknologi for bedrifter i alle st\u00f8rrelser. I dagens digitale landskap, som er i rask utvikling, kan muligheten til \u00e5 ta i bruk sofistikerte AI-agenter v\u00e6re en &laquo;game-changer&raquo;, men barrierer som kostnader og teknisk kompleksitet har ofte gjort at denne kraften er utenfor rekkevidde for mange.<\/p>\n<p data-start=\"362\" data-end=\"626\">Da jeg reflekterte over mine egne erfaringer, inns\u00e5 jeg hvilke utfordringer bedrifter st\u00e5r overfor n\u00e5r de skal integrere AI-l\u00f8sninger uten omfattende ressurser eller spesialkompetanse. Denne erkjennelsen inspirerte til opprettelsen av ChatAgentLab &#8211; en plattform som er utviklet for \u00e5 bryte ned disse barrierene. <\/p>\n<p data-start=\"628\" data-end=\"923\">V\u00e5rt m\u00e5l er \u00e5 styrke bedrifter ved \u00e5 tilby en plattform uten kode som gj\u00f8r det mulig \u00e5 opprette tilpassede AI-agenter p\u00e5 f\u00e5 minutter. Ved \u00e5 utnytte den nyeste AI-teknologien tilbyr l\u00f8sningen v\u00e5r funksjoner som kan sammenlignes med plattformer som ville kostet millioner \u00e5 utvikle internt, alt fra bare 450 dollar per m\u00e5ned.<\/p>\n<p data-start=\"925\" data-end=\"1305\">Ved \u00e5 tilby en rimelig og brukervennlig plattform har vi som m\u00e5l \u00e5 skape like konkurransevilk\u00e5r, slik at bedrifter kan utnytte det transformative potensialet som ligger i kunstig intelligens uten uoverkommelige kostnader eller tekniske hindringer. Vi er opptatt av kontinuerlig innovasjon og st\u00f8tte, slik at kundene v\u00e5re s\u00f8ml\u00f8st kan integrere kunstig intelligens i driften og holde seg konkurransedyktige i sine respektive markeder. <\/p>\n<p data-start=\"1307\" data-end=\"1382\">Takk for at du vurderer ChatAgentLab som din partner i AI-drevet vekst.<\/p>\n<p>[\/et_pb_text][\/et_pb_column][\/et_pb_row][et_pb_row _builder_version=&raquo;4.19.2&#8243; _module_preset=&raquo;default&raquo; max_width=&raquo;700px&raquo; global_colors_info=&raquo;{}&raquo;][et_pb_column type=&raquo;4_4&#8243; _builder_version=&raquo;4.19.2&#8243; _module_preset=&raquo;default&raquo; global_colors_info=&raquo;{}&raquo;][et_pb_text _builder_version=&raquo;4.22.2&#8243; _module_preset=&raquo;6631b821-5a27-40ca-8447-6836982c2c3c&raquo; header_2_font=&raquo;Inter|700|||||||&raquo; header_2_text_color=&raquo;#FFFFFF&raquo; header_2_font_size=&raquo;35px&raquo; header_2_line_height=&raquo;1.2em&raquo; text_orientation=&raquo;center&raquo; custom_margin=&raquo;||10px||false|false&raquo; header_2_font_size_tablet=&raquo;32px&raquo; header_2_font_size_phone=&raquo;20px&raquo; header_2_font_size_last_edited=&raquo;on|desktop&raquo; global_colors_info=&raquo;%91%93&#8243;]<\/p>\n<h2>HQ<\/h2>\n<p>[\/et_pb_text][et_pb_text _builder_version=&raquo;4.22.2&#8243; _module_preset=&raquo;4acd85e9-2b32-4d81-bf4f-8716e13871f6&#8243; text_text_color=&raquo;rgba(255,255,255,0.75)&raquo; text_font_size=&raquo;16px&raquo; text_line_height=&raquo;1.8em&raquo; text_orientation=&raquo;center&raquo; text_font_size_tablet=&raquo;15px&raquo; text_font_size_phone=&raquo;14px&raquo; text_font_size_last_edited=&raquo;on|desktop&raquo; header_font_size_tablet=&raquo;55px&raquo; header_font_size_last_edited=&raquo;off|desktop&raquo; global_colors_info=&raquo;%91%93&#8243;]<\/p>\n<p style=\"text-align: left;\">ChatAgentLabs hovedkontor ligger i Norge, n\u00e6rmere bestemt i Tjuvholmen All\u00e9 3, 0252 Oslo.  <\/p>\n<p style=\"text-align: left;\">Vi holder til i den dynamiske bydelen Tjuvholmen i Norges hovedstad. Dette landemerket tjente en gang i tiden til ulike industrielle og maritime form\u00e5l, inkludert skipsbygging og lager, f\u00f8r det p\u00e5 begynnelsen av 2000-tallet ble forvandlet til et moderne knutepunkt for n\u00e6ringslivet. ChatAgentLabs beliggenhet her symboliserer v\u00e5r forpliktelse til \u00e5 forene tradisjon med banebrytende l\u00f8sninger, og til \u00e5 holde oss forankret samtidig som vi beveger oss fremover.  <\/p>\n<p style=\"text-align: left;\"><span>  Norge har et rikt teknologisk \u00f8kosystem, preget av innovative l\u00f8sninger og en arbeidsstyrke som er dyktig innen digital teknologi. ChatAgentLab, som befinner seg i hjertet av dette \u00f8kosystemet, er alltid i forkant n\u00e5r det gjelder \u00e5 ta i bruk de nyeste teknologiene for \u00e5 forbedre tjenestene v\u00e5re. <\/span><\/p>\n<p style=\"text-align: left;\">\n<p>[\/et_pb_text][\/et_pb_column][\/et_pb_row][et_pb_row _builder_version=&raquo;4.22.2&#8243; _module_preset=&raquo;default&raquo; global_colors_info=&raquo;{}&raquo;][et_pb_column type=&raquo;4_4&#8243; _builder_version=&raquo;4.22.2&#8243; _module_preset=&raquo;default&raquo; global_colors_info=&raquo;{}&raquo;][et_pb_image src=&raquo;https:\/\/chatagentlab.com\/wp-content\/uploads\/2025\/03\/tjuvholmen-alle-3.jpg&raquo; title_text=&raquo;tjuvholmen-alle-3&#8243; _builder_version=&raquo;4.27.4&#8243; _module_preset=&raquo;default&raquo; max_width=&raquo;50%&raquo; max_width_tablet=&raquo;70%&raquo; max_width_phone=&raquo;100%&raquo; max_width_last_edited=&raquo;on|tablet&raquo; module_alignment=&raquo;center&raquo; global_colors_info=&raquo;{}&raquo;][\/et_pb_image][\/et_pb_column][\/et_pb_row][\/et_pb_section][et_pb_section fb_built=&raquo;1&#8243; admin_label=&raquo;About&raquo; _builder_version=&raquo;4.22.2&#8243; _module_preset=&raquo;default&raquo; background_color=&raquo;#01012c&raquo; custom_padding=&raquo;||31px|||&raquo; collapsed=&raquo;on&raquo; global_colors_info=&raquo;{}&raquo;][et_pb_row column_structure=&raquo;1_2,1_2&#8243; _builder_version=&raquo;4.19.2&#8243; _module_preset=&raquo;default&raquo; custom_padding=&raquo;||0px||false|false&raquo; global_colors_info=&raquo;{}&raquo;][et_pb_column type=&raquo;1_2&#8243; _builder_version=&raquo;4.19.2&#8243; _module_preset=&raquo;default&raquo; global_colors_info=&raquo;{}&raquo;][et_pb_text _builder_version=&raquo;4.22.2&#8243; _module_preset=&raquo;6631b821-5a27-40ca-8447-6836982c2c3c&raquo; header_2_font=&raquo;|700|||||||&raquo; header_2_text_color=&raquo;#FFFFFF&raquo; header_2_font_size=&raquo;35px&raquo; header_2_line_height=&raquo;1.2em&raquo; custom_margin=&raquo;||10px||false|false&raquo; header_2_font_size_tablet=&raquo;32px&raquo; header_2_font_size_phone=&raquo;20px&raquo; header_2_font_size_last_edited=&raquo;on|desktop&raquo; global_colors_info=&raquo;%91%93&#8243;]<\/p>\n<h2>Hvorfor ChatAgentLab?<\/h2>\n<p>[\/et_pb_text][et_pb_text _builder_version=&raquo;4.19.2&#8243; _module_preset=&raquo;4acd85e9-2b32-4d81-bf4f-8716e13871f6&#8243; text_text_color=&raquo;rgba(255,255,255,0.75)&raquo; text_font_size=&raquo;16px&raquo; text_line_height=&raquo;1.8em&raquo; text_font_size_tablet=&raquo;15px&raquo; text_font_size_phone=&raquo;14px&raquo; text_font_size_last_edited=&raquo;on|desktop&raquo; header_font_size_tablet=&raquo;55px&raquo; header_font_size_last_edited=&raquo;off|desktop&raquo; global_colors_info=&raquo;%91%93&#8243;]<\/p>\n<p>Hos ChatAgentLab er vi opptatt av \u00e5 styrke bedrifter ved \u00e5 tilby en plattform uten kode som gj\u00f8r det mulig \u00e5 lage tilpassede AI-agenter p\u00e5 f\u00e5 minutter. V\u00e5rt brukervennlige grensesnitt gj\u00f8r det mulig for bedrifter \u00e5 ta i bruk sofistikerte AI-l\u00f8sninger uten behov for omfattende teknisk ekspertise eller betydelige \u00f8konomiske investeringer. Ved \u00e5 tilby avanserte funksjoner til en overkommelig pris, streber vi etter \u00e5 gj\u00f8re banebrytende AI tilgjengelig for bedrifter av alle st\u00f8rrelser.  <\/p>\n<p>[\/et_pb_text][\/et_pb_column][et_pb_column type=&raquo;1_2&#8243; _builder_version=&raquo;4.19.2&#8243; _module_preset=&raquo;default&raquo; global_colors_info=&raquo;{}&raquo;][et_pb_text _builder_version=&raquo;4.22.2&#8243; _module_preset=&raquo;6631b821-5a27-40ca-8447-6836982c2c3c&raquo; header_2_font=&raquo;|700|||||||&raquo; header_2_text_color=&raquo;#FFFFFF&raquo; header_2_font_size=&raquo;35px&raquo; header_2_line_height=&raquo;1.2em&raquo; custom_margin=&raquo;||10px||false|false&raquo; header_2_font_size_tablet=&raquo;32px&raquo; header_2_font_size_phone=&raquo;20px&raquo; header_2_font_size_last_edited=&raquo;on|desktop&raquo; global_colors_info=&raquo;%91%93&#8243;]<\/p>\n<h2>V\u00e5r teknologi og v\u00e5re allianser<\/h2>\n<p>[\/et_pb_text][et_pb_text _builder_version=&raquo;4.19.2&#8243; _module_preset=&raquo;4acd85e9-2b32-4d81-bf4f-8716e13871f6&#8243; text_text_color=&raquo;rgba(255,255,255,0.75)&raquo; text_font_size=&raquo;16px&raquo; text_line_height=&raquo;1.8em&raquo; text_font_size_tablet=&raquo;15px&raquo; text_font_size_phone=&raquo;14px&raquo; text_font_size_last_edited=&raquo;on|desktop&raquo; header_font_size_tablet=&raquo;55px&raquo; header_font_size_last_edited=&raquo;off|desktop&raquo; locked=&raquo;off&raquo; global_colors_info=&raquo;%91%93&#8243;]<\/p>\n<p data-start=\"499\" data-end=\"977\">Plattformen v\u00e5r utnytter de nyeste fremskrittene innen kunstig intelligens, inkludert OpenAIs GPT-4o-modell, som er kjent for sin evne til \u00e5 behandle og generere menneskelignende tekst med bemerkelsesverdig n\u00f8yaktighet. Denne integrasjonen sikrer at AI-agentene du oppretter, kan forst\u00e5 og svare p\u00e5 komplekse sp\u00f8rsm\u00e5l, noe som gir en s\u00f8ml\u00f8s og engasjerende brukeropplevelse. Ved \u00e5 bruke den nyeste AI-teknologien utstyrer vi virksomheten din med verkt\u00f8y som forbedrer kundeinteraksjonene og \u00f8ker effektiviteten i driften.<\/p>\n<div class=\"absolute h-[60px]\">\n<div class=\"flex items-center gap-0.5 text-sm font-medium\"><\/div>\n<\/div>\n<p>[\/et_pb_text][\/et_pb_column][\/et_pb_row][\/et_pb_section][et_pb_section fb_built=&raquo;1&#8243; admin_label=&raquo;Stats&raquo; _builder_version=&raquo;4.24.2&#8243; _module_preset=&raquo;default&raquo; background_color=&raquo;gcid-1bcf785a-50e1-437b-b09f-65567babc1de&raquo; custom_padding=&raquo;12px||50px||false|false&raquo; collapsed=&raquo;on&raquo; global_colors_info=&raquo;{%22gcid-1bcf785a-50e1-437b-b09f-65567babc1de%22:%91%22background_color%22%93}&raquo;][et_pb_row _builder_version=&raquo;4.22.2&#8243; _module_preset=&raquo;default&raquo; global_colors_info=&raquo;{}&raquo;][et_pb_column type=&raquo;4_4&#8243; _builder_version=&raquo;4.22.2&#8243; _module_preset=&raquo;default&raquo; global_colors_info=&raquo;{}&raquo;][et_pb_text _builder_version=&raquo;4.22.2&#8243; _module_preset=&raquo;default&raquo; header_2_text_align=&raquo;center&raquo; background_layout=&raquo;dark&raquo; global_colors_info=&raquo;%91%93&#8243;]<\/p>\n<h2>N\u00f8kkelfakta<\/h2>\n<p>[\/et_pb_text][\/et_pb_column][\/et_pb_row][et_pb_row column_structure=&raquo;1_3,1_3,1_3&#8243; use_custom_gutter=&raquo;on&raquo; gutter_width=&raquo;2&#8243; custom_padding_last_edited=&raquo;on|tablet&raquo; _builder_version=&raquo;4.19.5&#8243; _module_preset=&raquo;default&raquo; background_color=&raquo;gcid-f1f9244b-c8ab-43e1-95c3-c0bdf69ac7b5&#8243; custom_padding=&raquo;40px|40px|40px|40px|true|true&raquo; custom_padding_tablet=&raquo;30px|30px|30px|30px|true|true&raquo; custom_padding_phone=&raquo;20px|20px|20px|20px|true|true&raquo; border_radii=&raquo;on|40px|40px|40px|40px&raquo; global_colors_info=&raquo;{%22gcid-f1f9244b-c8ab-43e1-95c3-c0bdf69ac7b5%22:%91%22background_color%22%93}&raquo;][et_pb_column type=&raquo;1_3&#8243; _builder_version=&raquo;4.19.2&#8243; _module_preset=&raquo;default&raquo; global_colors_info=&raquo;{}&raquo;][et_pb_text _builder_version=&raquo;4.27.4&#8243; _module_preset=&raquo;7690de32-f550-4507-a48a-bfcb23932117&#8243; header_font=&raquo;||||||||&raquo; header_3_font=&raquo;Inter|700|||||||&raquo; header_3_text_color=&raquo;#FFFFFF&raquo; header_3_font_size=&raquo;18px&raquo; header_3_line_height=&raquo;1.4em&raquo; header_4_font_size=&raquo;13px&raquo; text_orientation=&raquo;center&raquo; custom_margin=&raquo;||0px||false|false&raquo; header_3_font_size_tablet=&raquo;20px&raquo; header_3_font_size_phone=&raquo;16px&raquo; header_3_font_size_last_edited=&raquo;on|desktop&raquo; locked=&raquo;off&raquo; global_colors_info=&raquo;%91%93&#8243;]<\/p>\n<h3>2025<\/h3>\n<p>[\/et_pb_text][et_pb_text _builder_version=&raquo;4.22.2&#8243; _module_preset=&raquo;8f66cdab-c167-4706-bec0-111681566e1e&raquo; header_4_font=&raquo;Inter|700||on|||||&raquo; header_4_text_color=&raquo;#FFFFFF&raquo; header_4_font_size=&raquo;11px&raquo; header_4_letter_spacing=&raquo;1px&raquo; header_4_line_height=&raquo;1.5em&raquo; text_orientation=&raquo;center&raquo; custom_margin=&raquo;||0px||false|false&raquo; locked=&raquo;off&raquo; global_colors_info=&raquo;{%22gcid-39bb5ebd-8d97-4670-a45a-b1ffd711f3fc%22:%91%22header_4_text_color%22%93}&raquo;]<\/p>\n<h4>Grunnlagt<\/h4>\n<p>[\/et_pb_text][\/et_pb_column][et_pb_column type=&raquo;1_3&#8243; _builder_version=&raquo;4.19.2&#8243; _module_preset=&raquo;default&raquo; global_colors_info=&raquo;{}&raquo;][et_pb_text _builder_version=&raquo;4.22.2&#8243; _module_preset=&raquo;7690de32-f550-4507-a48a-bfcb23932117&#8243; header_font=&raquo;||||||||&raquo; header_3_font=&raquo;Inter|700|||||||&raquo; header_3_text_color=&raquo;#FFFFFF&raquo; header_3_font_size=&raquo;18px&raquo; header_3_line_height=&raquo;1.4em&raquo; header_4_font_size=&raquo;13px&raquo; text_orientation=&raquo;center&raquo; custom_margin=&raquo;||0px||false|false&raquo; header_3_font_size_tablet=&raquo;18px&raquo; header_3_font_size_phone=&raquo;18px&raquo; header_3_font_size_last_edited=&raquo;on|tablet&raquo; locked=&raquo;off&raquo; global_colors_info=&raquo;%91%93&#8243;]<\/p>\n<h3>Norge<\/h3>\n<p>[\/et_pb_text][et_pb_text _builder_version=&raquo;4.22.2&#8243; _module_preset=&raquo;8f66cdab-c167-4706-bec0-111681566e1e&raquo; header_4_font=&raquo;Inter|700||on|||||&raquo; header_4_text_color=&raquo;#FFFFFF&raquo; header_4_font_size=&raquo;11px&raquo; header_4_letter_spacing=&raquo;1px&raquo; header_4_line_height=&raquo;1.5em&raquo; text_orientation=&raquo;center&raquo; custom_margin=&raquo;||0px||false|false&raquo; locked=&raquo;off&raquo; global_colors_info=&raquo;{%22gcid-39bb5ebd-8d97-4670-a45a-b1ffd711f3fc%22:%91%22header_4_text_color%22%93}&raquo;]<\/p>\n<h4>Hovedkontor<\/h4>\n<p>[\/et_pb_text][\/et_pb_column][et_pb_column type=&raquo;1_3&#8243; _builder_version=&raquo;4.19.2&#8243; _module_preset=&raquo;default&raquo; global_colors_info=&raquo;{}&raquo;][et_pb_text _builder_version=&raquo;4.22.2&#8243; _module_preset=&raquo;7690de32-f550-4507-a48a-bfcb23932117&#8243; header_font=&raquo;||||||||&raquo; header_3_font=&raquo;Inter|700|||||||&raquo; header_3_text_color=&raquo;#FFFFFF&raquo; header_3_font_size=&raquo;18px&raquo; header_3_line_height=&raquo;1.4em&raquo; header_4_font_size=&raquo;13px&raquo; text_orientation=&raquo;center&raquo; custom_margin=&raquo;||0px||false|false&raquo; header_3_font_size_tablet=&raquo;20px&raquo; header_3_font_size_phone=&raquo;16px&raquo; header_3_font_size_last_edited=&raquo;on|desktop&raquo; global_colors_info=&raquo;%91%93&#8243;]<\/p>\n<h3>24\/7<\/h3>\n<p>[\/et_pb_text][et_pb_text _builder_version=&raquo;4.22.2&#8243; _module_preset=&raquo;8f66cdab-c167-4706-bec0-111681566e1e&raquo; header_4_font=&raquo;Inter|700||on|||||&raquo; header_4_text_color=&raquo;#FFFFFF&raquo; header_4_font_size=&raquo;11px&raquo; header_4_letter_spacing=&raquo;1px&raquo; header_4_line_height=&raquo;1.5em&raquo; text_orientation=&raquo;center&raquo; custom_margin=&raquo;||0px||false|false&raquo; global_colors_info=&raquo;{%22gcid-39bb5ebd-8d97-4670-a45a-b1ffd711f3fc%22:%91%22header_4_text_color%22%93}&raquo;]<\/p>\n<h4>St\u00f8tte<\/h4>\n<p>[\/et_pb_text][\/et_pb_column][\/et_pb_row][\/et_pb_section][et_pb_section fb_built=&raquo;1&#8243; disabled_on=&raquo;on|on|off&raquo; admin_label=&raquo;Footer&raquo; _builder_version=&raquo;4.22.2&#8243; _module_preset=&raquo;default&raquo; background_color=&raquo;gcid-1bcf785a-50e1-437b-b09f-65567babc1de&raquo; use_background_color_gradient=&raquo;on&raquo; background_color_gradient_stops=&raquo;gcid-1bcf785a-50e1-437b-b09f-65567babc1de 0%|rgba(255,255,255,0) 30%&raquo; background_color_gradient_overlays_image=&raquo;on&raquo; background_image=&raquo;https:\/\/chatagentlab.com\/wp-content\/uploads\/2024\/11\/ai-49c.jpg&raquo; background_last_edited=&raquo;on|tablet&raquo; background_position_tablet=&raquo;center_left&raquo; saved_tabs=&raquo;all&raquo; collapsed=&raquo;on&raquo; global_colors_info=&raquo;{%22gcid-1bcf785a-50e1-437b-b09f-65567babc1de%22:%91%22background_color%22,%22background_color_gradient_stops%22%93}&raquo;][et_pb_row column_structure=&raquo;3_5,2_5&#8243; _builder_version=&raquo;4.19.2&#8243; _module_preset=&raquo;default&raquo; global_colors_info=&raquo;{}&raquo;][et_pb_column type=&raquo;3_5&#8243; _builder_version=&raquo;4.19.2&#8243; _module_preset=&raquo;default&raquo; global_colors_info=&raquo;{}&raquo;][\/et_pb_column][et_pb_column type=&raquo;2_5&#8243; _builder_version=&raquo;4.19.2&#8243; _module_preset=&raquo;default&raquo; global_colors_info=&raquo;{}&raquo;][et_pb_image src=&raquo;https:\/\/chatagentlab.com\/wp-content\/uploads\/2025\/02\/ChatAgentLab-logo-2-e1740231484967.png&raquo; title_text=&raquo;ChatAgentLab-logo 2&#8243; url=&raquo;@ET-DC@eyJkeW5hbWljIjp0cnVlLCJjb250ZW50IjoiaG9tZV91cmwiLCJzZXR0aW5ncyI6eyJlbmFibGVfaHRtbCI6Im9mZiJ9fQ==@&raquo; _builder_version=&raquo;4.27.4&#8243; _dynamic_attributes=&raquo;url&raquo; _module_preset=&raquo;default&raquo; max_height=&raquo;80px&raquo; global_colors_info=&raquo;{}&raquo;][\/et_pb_image][\/et_pb_column][\/et_pb_row][\/et_pb_section]<\/p>\n","protected":false},"excerpt":{"rendered":"<p>Om ossV\u00e5rt oppdragV\u00e5rt m\u00e5l er \u00e5 styrke bedrifter ved \u00e5 tilby en plattform uten kode som gj\u00f8r det mulig \u00e5 opprette tilpassede AI-agenter p\u00e5 f\u00e5 minutter. Ved \u00e5 utnytte den nyeste AI-teknologien tilbyr l\u00f8sningen v\u00e5r funksjoner som kan sammenlignes med plattformer som ville kostet millioner \u00e5 utvikle internt, alt fra bare 450 dollar per m\u00e5ned.Ord [&hellip;]<\/p>\n","protected":false},"author":1,"featured_media":0,"parent":0,"menu_order":0,"comment_status":"closed","ping_status":"closed","template":"","meta":{"_et_pb_use_builder":"on","_et_pb_old_content":"","_et_gb_content_width":"","inline_featured_image":false,"footnotes":""},"class_list":["post-933030","page","type-page","status-publish","hentry"],"_links":{"self":[{"href":"https:\/\/chatagentlab.com\/no\/wp-json\/wp\/v2\/pages\/933030","targetHints":{"allow":["GET"]}}],"collection":[{"href":"https:\/\/chatagentlab.com\/no\/wp-json\/wp\/v2\/pages"}],"about":[{"href":"https:\/\/chatagentlab.com\/no\/wp-json\/wp\/v2\/types\/page"}],"author":[{"embeddable":true,"href":"https:\/\/chatagentlab.com\/no\/wp-json\/wp\/v2\/users\/1"}],"replies":[{"embeddable":true,"href":"https:\/\/chatagentlab.com\/no\/wp-json\/wp\/v2\/comments?post=933030"}],"version-history":[{"count":2,"href":"https:\/\/chatagentlab.com\/no\/wp-json\/wp\/v2\/pages\/933030\/revisions"}],"predecessor-version":[{"id":933032,"href":"https:\/\/chatagentlab.com\/no\/wp-json\/wp\/v2\/pages\/933030\/revisions\/933032"}],"wp:attachment":[{"href":"https:\/\/chatagentlab.com\/no\/wp-json\/wp\/v2\/media?parent=933030"}],"curies":[{"name":"wp","href":"https:\/\/api.w.org\/{rel}","templated":true}]}}