{"id":933026,"date":"2025-03-20T10:26:49","date_gmt":"2025-03-20T10:26:49","guid":{"rendered":"https:\/\/chatagentlab.com\/sammenligning\/"},"modified":"2026-03-25T10:54:06","modified_gmt":"2026-03-25T10:54:06","slug":"sammenligning","status":"publish","type":"page","link":"https:\/\/chatagentlab.com\/no\/sammenligning\/","title":{"rendered":"Sammenligning"},"content":{"rendered":"<p>[et_pb_section fb_built=&raquo;1&#8243; admin_label=&raquo;Header&raquo; _builder_version=&raquo;4.27.4&#8243; _module_preset=&raquo;default&raquo; background_color=&raquo;gcid-1bcf785a-50e1-437b-b09f-65567babc1de&raquo; background_image=&raquo;https:\/\/chatagentlab.com\/wp-content\/uploads\/2024\/11\/ai-40c.png&raquo; background_size=&raquo;custom&raquo; background_image_width=&raquo;40%&raquo; background_position=&raquo;top_right&raquo; custom_margin=&raquo;||||false|false&raquo; custom_padding=&raquo;||7px||false|false&raquo; collapsed=&raquo;on&raquo; global_colors_info=&raquo;{%22gcid-1bcf785a-50e1-437b-b09f-65567babc1de%22:%91%22background_color%22%93}&raquo;][et_pb_row _builder_version=&raquo;4.24.2&#8243; _module_preset=&raquo;default&raquo; custom_margin=&raquo;||||false|false&raquo; custom_padding=&raquo;||0px||false|false&raquo; global_colors_info=&raquo;{}&raquo;][et_pb_column type=&raquo;4_4&#8243; _builder_version=&raquo;4.19.5&#8243; _module_preset=&raquo;default&raquo; z_index=&raquo;10&#8243; global_colors_info=&raquo;{}&raquo;][et_pb_text _builder_version=&raquo;4.27.4&#8243; _module_preset=&raquo;default&raquo; text_orientation=&raquo;center&raquo; background_layout=&raquo;dark&raquo; width=&raquo;20%&raquo; width_tablet=&raquo;25%&raquo; width_phone=&raquo;45%&raquo; width_last_edited=&raquo;on|phone&raquo; max_width_last_edited=&raquo;off|phone&raquo; module_alignment=&raquo;center&raquo; custom_css_main_element=&raquo;background: linear-gradient(||  to top,||  rgba(55, 181, 255, 0.5) 0%,  \/* 50% opacity of #37B5FF at the bottom *\/||  rgba(55, 181, 255, 0) 100%    \/* Fully transparent at the top *\/||) !important;||||border-radius: 0%;||padding: 0;||&raquo; border_width_bottom=&raquo;1px&raquo; border_color_bottom=&raquo;#37b5ff&raquo; global_module=&raquo;934413&#8243; saved_tabs=&raquo;all&raquo; global_colors_info=&raquo;{}&raquo;]<\/p>\n<p>Comparison<\/p>\n<p>[\/et_pb_text][et_pb_text content_tablet=&raquo;<\/p>\n<h1>Hvor avansert SEO m\u00f8ter banebrytende hostingteknologi<\/h1>\n<p>&raquo; content_phone=&raquo;<\/p>\n<h1>Hvor avansert SEO m\u00f8ter banebrytende hostingteknologi<\/h1>\n<p>&raquo; content_last_edited=&raquo;off|desktop&raquo; _builder_version=&raquo;4.27.4&#8243; _module_preset=&raquo;default&raquo; header_font=&raquo;Barlow Semi Condensed|700|||||||&raquo; header_text_align=&raquo;center&raquo; header_text_color=&raquo;#FFFFFF&raquo; header_font_size=&raquo;50px&raquo; header_line_height=&raquo;1.4em&raquo; background_layout=&raquo;dark&raquo; custom_margin=&raquo;|20px|30px|0px|false|false&raquo; custom_padding=&raquo;||0px|||&raquo; custom_padding_tablet=&raquo;&raquo; custom_padding_phone=&raquo;&raquo; custom_padding_last_edited=&raquo;on|phone&raquo; header_font_tablet=&raquo;Roboto|300|||||||&raquo; header_font_phone=&raquo;Roboto|300|||||||&raquo; header_font_last_edited=&raquo;off|desktop&raquo; header_font_size_tablet=&raquo;40px&raquo; header_font_size_phone=&raquo;30px&raquo; header_font_size_last_edited=&raquo;on|phone&raquo; global_colors_info=&raquo;{}&raquo;]<\/p>\n<h1>ChatAgentLab <span style=\"color: #38b6ff;\">vs<\/span> Andre<\/h1>\n<h1><\/h1>\n<p>[\/et_pb_text][et_pb_text _builder_version=&raquo;4.27.4&#8243; _module_preset=&raquo;_initial&raquo; text_font=&raquo;Inter||||||||&raquo; text_text_color=&raquo;#c0c2ca&raquo; text_font_size=&raquo;15px&raquo; text_line_height=&raquo;1.8em&raquo; header_font=&raquo;||||||||&raquo; header_4_font=&raquo;Inter|700|||||||&raquo; header_4_text_color=&raquo;#FFFFFF&raquo; header_4_font_size=&raquo;19px&raquo; header_4_line_height=&raquo;1.4em&raquo; text_orientation=&raquo;center&raquo; background_layout=&raquo;dark&raquo; custom_margin=&raquo;||51px|||&raquo; header_4_font_size_tablet=&raquo;16px&raquo; header_4_font_size_phone=&raquo;15px&raquo; header_4_font_size_last_edited=&raquo;on|desktop&raquo; global_colors_info=&raquo;{}&raquo;]<\/p>\n<p data-start=\"0\" data-end=\"296\">Se hvordan ChatAgentLab er sammenlignet med andre AI-chatagenter, tradisjonelle chatboter og live chat-l\u00f8sninger &#8211; slik at du kan velge den smarteste m\u00e5ten \u00e5 skalere samtaler p\u00e5, b\u00e5de eksternt og internt.<\/p>\n<div class=\"absolute h-[60px]\">\n<div class=\"flex items-center gap-0.5 text-sm font-medium\"><\/div>\n<\/div>\n<p>[\/et_pb_text][\/et_pb_column][\/et_pb_row][et_pb_row _builder_version=&raquo;4.27.2&#8243; _module_preset=&raquo;default&raquo; global_colors_info=&raquo;{}&raquo;][et_pb_column type=&raquo;4_4&#8243; _builder_version=&raquo;4.27.2&#8243; _module_preset=&raquo;default&raquo; global_colors_info=&raquo;{}&raquo;][et_pb_text disabled_on=&raquo;off|on|on&raquo; _builder_version=&raquo;4.27.4&#8243; _module_preset=&raquo;default&raquo; text_orientation=&raquo;center&raquo; background_layout=&raquo;dark&raquo; global_colors_info=&raquo;{}&raquo;]<\/p>\n<p>\ud83d\udc49 Sveip til venstre for \u00e5 bla i tabellen<\/p>\n<p>[\/et_pb_text][et_pb_code _builder_version=&raquo;4.27.4&#8243; _module_preset=&raquo;default&raquo; global_colors_info=&raquo;{}&raquo;]<!-- \u2705 Scoped Custom CSS to fix border gaps, thin lines, and enforce white text --><!-- [et_pb_line_break_holder] --><\/p>\n<style><!-- [et_pb_line_break_holder] -->\/* Force consistent 1px border on both header and body cells *\/<!-- [et_pb_line_break_holder] -->.comparison-table table th,<!-- [et_pb_line_break_holder] -->.comparison-table table td {<!-- [et_pb_line_break_holder] -->  border: 1px solid #cccccc;<!-- [et_pb_line_break_holder] -->  border-width: 1px;<!-- [et_pb_line_break_holder] -->  color: #ffffff; \/* Ensure white text everywhere *\/<!-- [et_pb_line_break_holder] -->}<!-- [et_pb_line_break_holder] --><!-- [et_pb_line_break_holder] -->\/* Sticky header with proper background and no thin lines *\/<!-- [et_pb_line_break_holder] -->.comparison-table table th {<!-- [et_pb_line_break_holder] -->  background-color: #3b81f7;<!-- [et_pb_line_break_holder] -->  background-clip: border-box;<!-- [et_pb_line_break_holder] -->  position: sticky;<!-- [et_pb_line_break_holder] -->  top: 0;<!-- [et_pb_line_break_holder] -->  z-index: 2;<!-- [et_pb_line_break_holder] -->}<!-- [et_pb_line_break_holder] --><!-- [et_pb_line_break_holder] -->\/* Optional: Ensure clean left and right borders *\/<!-- [et_pb_line_break_holder] -->.comparison-table table th:first-child {<!-- [et_pb_line_break_holder] -->  border-left: 1px solid #cccccc;<!-- [et_pb_line_break_holder] -->}<!-- [et_pb_line_break_holder] --><!-- [et_pb_line_break_holder] -->.comparison-table table th:last-child {<!-- [et_pb_line_break_holder] -->  border-right: 1px solid #cccccc;<!-- [et_pb_line_break_holder] -->}<!-- [et_pb_line_break_holder] --><\/style>\n<p><!-- [et_pb_line_break_holder] --><!-- [et_pb_line_break_holder] --><!-- \u2705 Comparison Table Wrapper --><!-- [et_pb_line_break_holder] --><\/p>\n<div class=\"comparison-table\" style=\"width: 100%; font-family: Inter, sans-serif; font-size: 12px; margin: 40px 0; overflow-x: auto;\"><!-- [et_pb_line_break_holder] --><!-- [et_pb_line_break_holder] -->  <!-- \u2705 Inner scrollable container to enable sticky header --><!-- [et_pb_line_break_holder] -->  <\/p>\n<div style=\"max-height: 600px; overflow-y: auto;\"><!-- [et_pb_line_break_holder] --><!-- [et_pb_line_break_holder] -->    <!-- \u2705 Table with collapse borders for clean lines --><!-- [et_pb_line_break_holder] -->    <\/p>\n<table style=\"width: 100%; border-collapse: collapse; min-width: 800px; color: #ffffff;\"><!-- [et_pb_line_break_holder] --><!-- [et_pb_line_break_holder] -->      <!-- \u2705 Table Header Row --><!-- [et_pb_line_break_holder] -->      <\/p>\n<thead><!-- [et_pb_line_break_holder] -->        <\/p>\n<tr><!-- [et_pb_line_break_holder] -->          <\/p>\n<th style=\"padding: 12px; text-align: left;\">Funksjon<\/th>\n<p><!-- [et_pb_line_break_holder] -->          <\/p>\n<th style=\"padding: 12px; text-align: center;\">ChatAgentLab<\/th>\n<p><!-- [et_pb_line_break_holder] -->          <\/p>\n<th style=\"padding: 12px; text-align: center;\">AI-chat-agenter<\/th>\n<p><!-- [et_pb_line_break_holder] -->          <\/p>\n<th style=\"padding: 12px; text-align: center;\">Tradisjonelle chatboter<\/th>\n<p><!-- [et_pb_line_break_holder] -->          <\/p>\n<th style=\"padding: 12px; text-align: center;\">Live chat-agenter<\/th>\n<p><!-- [et_pb_line_break_holder] -->        <\/tr>\n<p><!-- [et_pb_line_break_holder] -->      <\/thead>\n<p><!-- [et_pb_line_break_holder] --><!-- [et_pb_line_break_holder] -->      <!-- \u2705 Table Body --><!-- [et_pb_line_break_holder] -->      <\/p>\n<tbody><!-- [et_pb_line_break_holder] -->        <\/p>\n<tr><!-- [et_pb_line_break_holder] -->          <\/p>\n<td style=\"padding: 12px;\">AI-drevne samtaler<\/td>\n<p><!-- [et_pb_line_break_holder] -->          <\/p>\n<td style=\"padding: 12px; text-align: center;\">\u2705 LLM + tilpasset oppl\u00e6ring<\/td>\n<p><!-- [et_pb_line_break_holder] -->          <\/p>\n<td style=\"padding: 12px; text-align: center;\">\u2705 LLM-drevet, begrenset oppl\u00e6ring<\/td>\n<p><!-- [et_pb_line_break_holder] -->          <\/p>\n<td style=\"padding: 12px; text-align: center;\">\u26a0\ufe0f Regelbasert\/skriptstyrt<\/td>\n<p><!-- [et_pb_line_break_holder] -->          <\/p>\n<td style=\"padding: 12px; text-align: center;\">\u274c Kun mennesker<\/td>\n<p><!-- [et_pb_line_break_holder] -->        <\/tr>\n<p><!-- [et_pb_line_break_holder] --><!-- [et_pb_line_break_holder] -->        <\/p>\n<tr><!-- [et_pb_line_break_holder] -->          <\/p>\n<td style=\"padding: 12px;\">Tilpasset dataoppl\u00e6ring<\/td>\n<p><!-- [et_pb_line_break_holder] -->          <\/p>\n<td style=\"padding: 12px; text-align: center;\">\u2705 Last opp dokumenter og data<\/td>\n<p><!-- [et_pb_line_break_holder] -->          <\/p>\n<td style=\"padding: 12px; text-align: center;\">\u26a0\ufe0f Begrenset \/ API-basert<\/td>\n<p><!-- [et_pb_line_break_holder] -->          <\/p>\n<td style=\"padding: 12px; text-align: center;\">\u274c Minimal eller ingen<\/td>\n<p><!-- [et_pb_line_break_holder] -->          <\/p>\n<td style=\"padding: 12px; text-align: center;\">\u2705 Menneskelig hukommelse (inkonsekvent)<\/td>\n<p><!-- [et_pb_line_break_holder] -->        <\/tr>\n<p><!-- [et_pb_line_break_holder] --><!-- [et_pb_line_break_holder] -->        <\/p>\n<tr><!-- [et_pb_line_break_holder] -->          <\/p>\n<td style=\"padding: 12px;\">St\u00f8tte for flere agenter og prosjekter<\/td>\n<p><!-- [et_pb_line_break_holder] -->          <\/p>\n<td style=\"padding: 12px; text-align: center;\">\u2705 Innf\u00f8dt st\u00f8tte<\/td>\n<p><!-- [et_pb_line_break_holder] -->          <\/p>\n<td style=\"padding: 12px; text-align: center;\">\u26a0\ufe0f For det meste enkeltagent<\/td>\n<p><!-- [et_pb_line_break_holder] -->          <\/p>\n<td style=\"padding: 12px; text-align: center;\">\u274c Begrenset<\/td>\n<p><!-- [et_pb_line_break_holder] -->          <\/p>\n<td style=\"padding: 12px; text-align: center;\">\u274c Kapasitetsbegrensninger for ansatte<\/td>\n<p><!-- [et_pb_line_break_holder] -->        <\/tr>\n<p><!-- [et_pb_line_break_holder] --><!-- [et_pb_line_break_holder] -->        <\/p>\n<tr><!-- [et_pb_line_break_holder] -->          <\/p>\n<td style=\"padding: 12px;\">Interne og eksterne brukstilfeller<\/td>\n<p><!-- [et_pb_line_break_holder] -->          <\/p>\n<td style=\"padding: 12px; text-align: center;\">\u2705 Dekker b\u00e5de<\/td>\n<p><!-- [et_pb_line_break_holder] -->          <\/p>\n<td style=\"padding: 12px; text-align: center;\">\u26a0\ufe0f Hovedsakelig eksterne<\/td>\n<p><!-- [et_pb_line_break_holder] -->          <\/p>\n<td style=\"padding: 12px; text-align: center;\">\u26a0\ufe0f Hovedsakelig eksterne<\/td>\n<p><!-- [et_pb_line_break_holder] -->          <\/p>\n<td style=\"padding: 12px; text-align: center;\">\u274c Internt kostbart \u00e5 skalere<\/td>\n<p><!-- [et_pb_line_break_holder] -->        <\/tr>\n<p><!-- [et_pb_line_break_holder] --><!-- [et_pb_line_break_holder] -->        <\/p>\n<tr><!-- [et_pb_line_break_holder] -->          <\/p>\n<td style=\"padding: 12px;\">Distribusjon i flere kanaler<\/td>\n<p><!-- [et_pb_line_break_holder] -->          <\/p>\n<td style=\"padding: 12px; text-align: center;\">\u2705 Internett, sosiale medier, e-post, chat-apper<\/td>\n<p><!-- [et_pb_line_break_holder] -->          <\/p>\n<td style=\"padding: 12px; text-align: center;\">\u26a0\ufe0f Plattformavhengig<\/td>\n<p><!-- [et_pb_line_break_holder] -->          <\/p>\n<td style=\"padding: 12px; text-align: center;\">\u26a0\ufe0f For det meste kun p\u00e5 nett<\/td>\n<p><!-- [et_pb_line_break_holder] -->          <\/p>\n<td style=\"padding: 12px; text-align: center;\">\u26a0\ufe0f Begrenset av ansatte<\/td>\n<p><!-- [et_pb_line_break_holder] -->        <\/tr>\n<p><!-- [et_pb_line_break_holder] --><!-- [et_pb_line_break_holder] -->        <\/p>\n<tr><!-- [et_pb_line_break_holder] -->          <\/p>\n<td style=\"padding: 12px;\">Tilpasning av ledetekster og arbeidsflyt<\/td>\n<p><!-- [et_pb_line_break_holder] -->          <\/p>\n<td style=\"padding: 12px; text-align: center;\">\u2705 Kan tilpasses fullt ut<\/td>\n<p><!-- [et_pb_line_break_holder] -->          <\/p>\n<td style=\"padding: 12px; text-align: center;\">\u26a0\ufe0f Behov for utviklingsferdigheter<\/td>\n<p><!-- [et_pb_line_break_holder] -->          <\/p>\n<td style=\"padding: 12px; text-align: center;\">\u26a0\ufe0f Kun line\u00e6re str\u00f8mmer<\/td>\n<p><!-- [et_pb_line_break_holder] -->          <\/p>\n<td style=\"padding: 12px; text-align: center;\">\u274c Menneskeavhengig<\/td>\n<p><!-- [et_pb_line_break_holder] -->        <\/tr>\n<p><!-- [et_pb_line_break_holder] --><!-- [et_pb_line_break_holder] -->        <\/p>\n<tr><!-- [et_pb_line_break_holder] -->          <\/p>\n<td style=\"padding: 12px;\">Analyse og kontinuerlig l\u00e6ring<\/td>\n<p><!-- [et_pb_line_break_holder] -->          <\/p>\n<td style=\"padding: 12px; text-align: center;\">\u2705 Innebygd innsikt<\/td>\n<p><!-- [et_pb_line_break_holder] -->          <\/p>\n<td style=\"padding: 12px; text-align: center;\">\u2705 Komplekst oppsett<\/td>\n<p><!-- [et_pb_line_break_holder] -->          <\/p>\n<td style=\"padding: 12px; text-align: center;\">\u26a0\ufe0f Grunnleggende rapportering<\/td>\n<p><!-- [et_pb_line_break_holder] -->          <\/p>\n<td style=\"padding: 12px; text-align: center;\">\u26a0\ufe0f Manuell gjennomgang n\u00f8dvendig<\/td>\n<p><!-- [et_pb_line_break_holder] -->        <\/tr>\n<p><!-- [et_pb_line_break_holder] --><!-- [et_pb_line_break_holder] -->        <\/p>\n<tr><!-- [et_pb_line_break_holder] -->          <\/p>\n<td style=\"padding: 12px;\">Skalerbarhet og kostnadseffektivitet<\/td>\n<p><!-- [et_pb_line_break_holder] -->          <\/p>\n<td style=\"padding: 12px; text-align: center;\">\u2705 Sv\u00e6rt skalerbar og kostnadseffektiv<\/td>\n<p><!-- [et_pb_line_break_holder] -->          <\/p>\n<td style=\"padding: 12px; text-align: center;\">\u26a0\ufe0f Kostnadene \u00f8ker med bruken<\/td>\n<p><!-- [et_pb_line_break_holder] -->          <\/p>\n<td style=\"padding: 12px; text-align: center;\">\u26a0\ufe0f Kostbart n\u00e5r kompleksiteten \u00f8ker<\/td>\n<p><!-- [et_pb_line_break_holder] -->          <\/p>\n<td style=\"padding: 12px; text-align: center;\">\u274c Dyrt \u00e5 skalere<\/td>\n<p><!-- [et_pb_line_break_holder] -->        <\/tr>\n<p><!-- [et_pb_line_break_holder] --><!-- [et_pb_line_break_holder] -->        <\/p>\n<tr><!-- [et_pb_line_break_holder] -->          <\/p>\n<td style=\"padding: 12px;\">Tilgjengelighet 24\/7<\/td>\n<p><!-- [et_pb_line_break_holder] -->          <\/p>\n<td style=\"padding: 12px; text-align: center;\">\u2705 Ja, alltid p\u00e5<\/td>\n<p><!-- [et_pb_line_break_holder] -->          <\/p>\n<td style=\"padding: 12px; text-align: center;\">\u2705 Ja<\/td>\n<p><!-- [et_pb_line_break_holder] -->          <\/p>\n<td style=\"padding: 12px; text-align: center;\">\u2705 Hvis automatisert<\/td>\n<p><!-- [et_pb_line_break_holder] -->          <\/p>\n<td style=\"padding: 12px; text-align: center;\">\u274c Begrensninger i personalet<\/td>\n<p><!-- [et_pb_line_break_holder] -->        <\/tr>\n<p><!-- [et_pb_line_break_holder] --><!-- [et_pb_line_break_holder] -->        <\/p>\n<tr><!-- [et_pb_line_break_holder] -->          <\/p>\n<td style=\"padding: 12px;\">Brukervennlighet for ikke-teknologibrukere<\/td>\n<p><!-- [et_pb_line_break_holder] -->          <\/p>\n<td style=\"padding: 12px; text-align: center;\">\u2705 Enkelt, uten kode<\/td>\n<p><!-- [et_pb_line_break_holder] -->          <\/p>\n<td style=\"padding: 12px; text-align: center;\">\u26a0\ufe0f Utviklingsfokusert<\/td>\n<p><!-- [et_pb_line_break_holder] -->          <\/p>\n<td style=\"padding: 12px; text-align: center;\">\u26a0\ufe0f Bratt l\u00e6ringskurve<\/td>\n<p><!-- [et_pb_line_break_holder] -->          <\/p>\n<td style=\"padding: 12px; text-align: center;\">\u2705 Menneskevennlig<\/td>\n<p><!-- [et_pb_line_break_holder] -->        <\/tr>\n<p><!-- [et_pb_line_break_holder] --><!-- [et_pb_line_break_holder] -->      <\/tbody>\n<p><!-- [et_pb_line_break_holder] -->    <\/table>\n<p><!-- [et_pb_line_break_holder] --><!-- [et_pb_line_break_holder] -->  <\/div>\n<p> <!-- End of scrollable container --><!-- [et_pb_line_break_holder] --><\/div>\n<p> <!-- End of comparison table --><!-- [et_pb_line_break_holder] -->[\/et_pb_code][\/et_pb_column][\/et_pb_row][et_pb_row _builder_version=&raquo;4.27.4&#8243; _module_preset=&raquo;default&raquo; global_colors_info=&raquo;{}&raquo;][et_pb_column type=&raquo;4_4&#8243; _builder_version=&raquo;4.27.4&#8243; _module_preset=&raquo;default&raquo; global_colors_info=&raquo;{}&raquo;][et_pb_button button_url=&raquo;@ET-DC@eyJkeW5hbWljIjp0cnVlLCJjb250ZW50IjoicG9zdF9saW5rX3VybF9wYWdlIiwic2V0dGluZ3MiOnsicG9zdF9pZCI6IjkzMjI2MyIsImVuYWJsZV9odG1sIjoib2ZmIn19@&raquo; button_text=&raquo;Deploy AI Agent&raquo; button_alignment=&raquo;center&raquo; _builder_version=&raquo;4.27.4&#8243; _dynamic_attributes=&raquo;button_url&raquo; _module_preset=&raquo;default&raquo; custom_button=&raquo;on&raquo; button_text_size=&raquo;16px&raquo; button_bg_color=&raquo;#316de7&#8243; button_bg_use_color_gradient=&raquo;on&raquo; button_bg_color_gradient_direction=&raquo;90deg&raquo; button_bg_color_gradient_stops=&raquo;#2e5be4 0%|#3aa3ee 100%&raquo; button_bg_color_gradient_overlays_image=&raquo;on&raquo; button_border_width=&raquo;0px&raquo; button_border_color=&raquo;#2e5be4&#8243; button_icon=&raquo;&#x45;||divi||400&#8243; button_icon_color=&raquo;#FFFFFF&raquo; background_layout=&raquo;dark&raquo; custom_margin=&raquo;||12px||false|false&raquo; custom_padding=&raquo;10px|30px|10px|30px|false|false&raquo; hover_enabled=&raquo;0&#8243; global_colors_info=&raquo;{}&raquo; sticky_enabled=&raquo;0&#8243;][\/et_pb_button][et_pb_text disabled_on=&raquo;off|off|off&raquo; _builder_version=&raquo;4.27.4&#8243; _module_preset=&raquo;default&raquo; text_orientation=&raquo;center&raquo; background_layout=&raquo;dark&raquo; custom_margin=&raquo;||60px|||&raquo; global_colors_info=&raquo;{}&raquo;]<\/p>\n<p>\ud83d\udc49 Ingen koding n\u00f8dvendig<\/p>\n<p>[\/et_pb_text][\/et_pb_column][\/et_pb_row][\/et_pb_section]<\/p>\n","protected":false},"excerpt":{"rendered":"<p>Comparison ChatAgentLab vs Andre Se hvordan ChatAgentLab er sammenlignet med andre AI-chatagenter, tradisjonelle chatboter og live chat-l\u00f8sninger &#8211; slik at du kan velge den smarteste m\u00e5ten \u00e5 skalere samtaler p\u00e5, b\u00e5de eksternt og internt. \ud83d\udc49 Sveip til venstre for \u00e5 bla i tabellen\ud83d\udc49 Ingen koding n\u00f8dvendig<\/p>\n","protected":false},"author":1,"featured_media":0,"parent":0,"menu_order":0,"comment_status":"closed","ping_status":"closed","template":"","meta":{"_et_pb_use_builder":"on","_et_pb_old_content":"","_et_gb_content_width":"","inline_featured_image":false,"footnotes":""},"class_list":["post-933026","page","type-page","status-publish","hentry"],"_links":{"self":[{"href":"https:\/\/chatagentlab.com\/no\/wp-json\/wp\/v2\/pages\/933026","targetHints":{"allow":["GET"]}}],"collection":[{"href":"https:\/\/chatagentlab.com\/no\/wp-json\/wp\/v2\/pages"}],"about":[{"href":"https:\/\/chatagentlab.com\/no\/wp-json\/wp\/v2\/types\/page"}],"author":[{"embeddable":true,"href":"https:\/\/chatagentlab.com\/no\/wp-json\/wp\/v2\/users\/1"}],"replies":[{"embeddable":true,"href":"https:\/\/chatagentlab.com\/no\/wp-json\/wp\/v2\/comments?post=933026"}],"version-history":[{"count":15,"href":"https:\/\/chatagentlab.com\/no\/wp-json\/wp\/v2\/pages\/933026\/revisions"}],"predecessor-version":[{"id":935183,"href":"https:\/\/chatagentlab.com\/no\/wp-json\/wp\/v2\/pages\/933026\/revisions\/935183"}],"wp:attachment":[{"href":"https:\/\/chatagentlab.com\/no\/wp-json\/wp\/v2\/media?parent=933026"}],"curies":[{"name":"wp","href":"https:\/\/api.w.org\/{rel}","templated":true}]}}