{"id":933022,"date":"2025-02-25T11:12:22","date_gmt":"2025-02-25T11:12:22","guid":{"rendered":"https:\/\/chatagentlab.com\/sikkerhet\/"},"modified":"2026-03-25T10:53:34","modified_gmt":"2026-03-25T10:53:34","slug":"sikkerhet","status":"publish","type":"page","link":"https:\/\/chatagentlab.com\/no\/sikkerhet\/","title":{"rendered":"Sikkerhet"},"content":{"rendered":"<p>[et_pb_section fb_built=&raquo;1&#8243; admin_label=&raquo;Header&raquo; _builder_version=&raquo;4.27.4&#8243; _module_preset=&raquo;default&raquo; background_color=&raquo;gcid-1bcf785a-50e1-437b-b09f-65567babc1de&raquo; background_image=&raquo;https:\/\/chatagentlab.com\/wp-content\/uploads\/2024\/11\/ai-40c.png&raquo; background_size=&raquo;custom&raquo; background_image_width=&raquo;40%&raquo; background_position=&raquo;top_right&raquo; custom_margin=&raquo;||||false|false&raquo; custom_padding=&raquo;||7px||false|false&raquo; collapsed=&raquo;on&raquo; global_colors_info=&raquo;{%22gcid-1bcf785a-50e1-437b-b09f-65567babc1de%22:%91%22background_color%22%93}&raquo;][et_pb_row _builder_version=&raquo;4.24.2&#8243; _module_preset=&raquo;default&raquo; custom_margin=&raquo;||||false|false&raquo; custom_padding=&raquo;||0px||false|false&raquo; global_colors_info=&raquo;{}&raquo;][et_pb_column type=&raquo;4_4&#8243; _builder_version=&raquo;4.19.5&#8243; _module_preset=&raquo;default&raquo; z_index=&raquo;10&#8243; global_colors_info=&raquo;{}&raquo;][et_pb_text _builder_version=&raquo;4.27.4&#8243; _module_preset=&raquo;default&raquo; text_orientation=&raquo;center&raquo; background_layout=&raquo;dark&raquo; width=&raquo;20%&raquo; width_tablet=&raquo;27%&raquo; width_phone=&raquo;60%&raquo; width_last_edited=&raquo;on|phone&raquo; max_width_last_edited=&raquo;off|phone&raquo; module_alignment=&raquo;center&raquo; custom_css_main_element=&raquo;background: linear-gradient(||  to top,||  rgba(55, 181, 255, 0.5) 0%,  \/* 50% opacity of #37B5FF at the bottom *\/||  rgba(55, 181, 255, 0) 100%    \/* Fully transparent at the top *\/||) !important;||||border-radius: 0%;||padding: 0;||&raquo; border_width_bottom=&raquo;1px&raquo; border_color_bottom=&raquo;#37b5ff&raquo; global_colors_info=&raquo;{}&raquo;]<\/p>\n<p>Personvern og sikkerhet<\/p>\n<p>[\/et_pb_text][et_pb_text content_tablet=&raquo;<\/p>\n<h1><span style=%22color: #38b6ff;%22>Sikkerhet<\/span> F\u00f8rst Plattform<\/h1>\n<p>&raquo; content_phone=&raquo;<\/p>\n<h1><span style=%22color: #38b6ff;%22>Sikkerhet<\/span> F\u00f8rst Plattform<\/h1>\n<p>&raquo; content_last_edited=&raquo;off|desktop&raquo; _builder_version=&raquo;4.27.4&#8243; _module_preset=&raquo;default&raquo; header_font=&raquo;Barlow Semi Condensed|700|||||||&raquo; header_text_align=&raquo;center&raquo; header_text_color=&raquo;#FFFFFF&raquo; header_font_size=&raquo;50px&raquo; header_line_height=&raquo;1.4em&raquo; background_layout=&raquo;dark&raquo; custom_margin=&raquo;|20px|30px|0px|false|false&raquo; custom_padding=&raquo;||0px|||&raquo; custom_padding_tablet=&raquo;&raquo; custom_padding_phone=&raquo;&raquo; custom_padding_last_edited=&raquo;on|phone&raquo; header_font_tablet=&raquo;Roboto|300|||||||&raquo; header_font_phone=&raquo;Roboto|300|||||||&raquo; header_font_last_edited=&raquo;off|desktop&raquo; header_font_size_tablet=&raquo;40px&raquo; header_font_size_phone=&raquo;30px&raquo; header_font_size_last_edited=&raquo;on|phone&raquo; global_colors_info=&raquo;{}&raquo;]<\/p>\n<h1><span style=\"color: #38b6ff;\">Sikkerhet<\/span> F\u00f8rst Plattform<\/h1>\n<p>[\/et_pb_text][et_pb_text _builder_version=&raquo;4.27.4&#8243; _module_preset=&raquo;_initial&raquo; text_font=&raquo;Inter||||||||&raquo; text_text_color=&raquo;#c0c2ca&raquo; text_font_size=&raquo;15px&raquo; text_line_height=&raquo;1.8em&raquo; header_font=&raquo;||||||||&raquo; header_4_font=&raquo;Inter|700|||||||&raquo; header_4_text_color=&raquo;#FFFFFF&raquo; header_4_font_size=&raquo;19px&raquo; header_4_line_height=&raquo;1.4em&raquo; text_orientation=&raquo;center&raquo; background_layout=&raquo;dark&raquo; custom_margin=&raquo;||51px|||&raquo; header_4_font_size_tablet=&raquo;16px&raquo; header_4_font_size_phone=&raquo;15px&raquo; header_4_font_size_last_edited=&raquo;on|desktop&raquo; global_colors_info=&raquo;{}&raquo;]<\/p>\n<p data-start=\"393\" data-end=\"482\">Vi prioriterer datasikkerhet og personvern. Plattformen v\u00e5r er GDPR-kompatibel, noe som sikrer overholdelse av strenge standarder for databeskyttelse. <\/p>\n<p>[\/et_pb_text][\/et_pb_column][\/et_pb_row][et_pb_row column_structure=&raquo;1_3,1_3,1_3&#8243; _builder_version=&raquo;4.27.4&#8243; _module_preset=&raquo;default&raquo; custom_padding=&raquo;24px||||false|false&raquo; global_colors_info=&raquo;{}&raquo;][et_pb_column type=&raquo;1_3&#8243; _builder_version=&raquo;4.21.0&#8243; _module_preset=&raquo;default&raquo; global_colors_info=&raquo;{}&raquo;][et_pb_blurb use_icon=&raquo;on&raquo; font_icon=&raquo;&#x4e;||divi||400&#8243; icon_placement=&raquo;left&raquo; _builder_version=&raquo;4.27.4&#8243; _module_preset=&raquo;default&raquo; header_font_size=&raquo;20px&raquo; body_text_color=&raquo;#c0c2ca&raquo; background_layout=&raquo;dark&raquo; custom_margin=&raquo;||||false|false&raquo; global_colors_info=&raquo;{}&raquo;]<\/p>\n<p>Chatter brukes ikke til modelltrening.<\/p>\n<p>[\/et_pb_blurb][\/et_pb_column][et_pb_column type=&raquo;1_3&#8243; _builder_version=&raquo;4.21.0&#8243; _module_preset=&raquo;default&raquo; global_colors_info=&raquo;{}&raquo;][et_pb_blurb use_icon=&raquo;on&raquo; font_icon=&raquo;&#x4e;||divi||400&#8243; icon_placement=&raquo;left&raquo; _builder_version=&raquo;4.27.4&#8243; _module_preset=&raquo;default&raquo; header_font_size=&raquo;20px&raquo; body_text_color=&raquo;#c0c2ca&raquo; background_layout=&raquo;dark&raquo; custom_margin=&raquo;||||false|false&raquo; global_colors_info=&raquo;{}&raquo;]<\/p>\n<p>Avansert kryptering<\/p>\n<p>[\/et_pb_blurb][\/et_pb_column][et_pb_column type=&raquo;1_3&#8243; _builder_version=&raquo;4.21.0&#8243; _module_preset=&raquo;default&raquo; global_colors_info=&raquo;{}&raquo;][et_pb_blurb use_icon=&raquo;on&raquo; font_icon=&raquo;&#x4e;||divi||400&#8243; icon_placement=&raquo;left&raquo; _builder_version=&raquo;4.27.4&#8243; _module_preset=&raquo;default&raquo; header_font_size=&raquo;20px&raquo; body_text_color=&raquo;#c0c2ca&raquo; background_layout=&raquo;dark&raquo; custom_margin=&raquo;||||false|false&raquo; global_colors_info=&raquo;{}&raquo;]<\/p>\n<p>GDPR-kompatibel<\/p>\n<p>[\/et_pb_blurb][\/et_pb_column][\/et_pb_row][et_pb_row _builder_version=&raquo;4.27.4&#8243; _module_preset=&raquo;default&raquo; global_colors_info=&raquo;{}&raquo;][et_pb_column type=&raquo;4_4&#8243; _builder_version=&raquo;4.27.4&#8243; _module_preset=&raquo;default&raquo; global_colors_info=&raquo;{}&raquo;][et_pb_button button_url=&raquo;@ET-DC@eyJkeW5hbWljIjp0cnVlLCJjb250ZW50IjoicG9zdF9saW5rX3VybF9wYWdlIiwic2V0dGluZ3MiOnsicG9zdF9pZCI6IjkzMjI2MyJ9fQ==@&raquo; button_text=&raquo;Deploy AI Agent&raquo; button_alignment=&raquo;center&raquo; _builder_version=&raquo;4.27.4&#8243; _dynamic_attributes=&raquo;button_url&raquo; _module_preset=&raquo;default&raquo; custom_button=&raquo;on&raquo; button_text_size=&raquo;16px&raquo; button_bg_color=&raquo;#316de7&#8243; button_bg_use_color_gradient=&raquo;on&raquo; button_bg_color_gradient_direction=&raquo;90deg&raquo; button_bg_color_gradient_stops=&raquo;#2e5be4 0%|#3aa3ee 100%&raquo; button_bg_color_gradient_overlays_image=&raquo;on&raquo; button_border_width=&raquo;0px&raquo; button_border_color=&raquo;#2e5be4&#8243; button_icon=&raquo;&#x45;||divi||400&#8243; button_icon_color=&raquo;#FFFFFF&raquo; background_layout=&raquo;dark&raquo; custom_margin=&raquo;||12px||false|false&raquo; custom_padding=&raquo;10px|30px|10px|30px|false|false&raquo; hover_enabled=&raquo;0&#8243; global_colors_info=&raquo;{}&raquo; sticky_enabled=&raquo;0&#8243;][\/et_pb_button][et_pb_text disabled_on=&raquo;off|off|off&raquo; _builder_version=&raquo;4.27.4&#8243; _module_preset=&raquo;default&raquo; text_orientation=&raquo;center&raquo; background_layout=&raquo;dark&raquo; custom_margin=&raquo;||60px|||&raquo; hover_enabled=&raquo;0&#8243; global_colors_info=&raquo;{}&raquo; sticky_enabled=&raquo;0&#8243;]<\/p>\n<p>\ud83d\udc49 Ingen koding n\u00f8dvendig<\/p>\n<p>[\/et_pb_text][\/et_pb_column][\/et_pb_row][\/et_pb_section][et_pb_section fb_built=&raquo;1&#8243; admin_label=&raquo;Feature&raquo; _builder_version=&raquo;4.19.5&#8243; _module_preset=&raquo;default&raquo; background_color=&raquo;gcid-1bcf785a-50e1-437b-b09f-65567babc1de&raquo; locked=&raquo;off&raquo; collapsed=&raquo;on&raquo; global_colors_info=&raquo;{%22gcid-1bcf785a-50e1-437b-b09f-65567babc1de%22:%91%22background_color%22%93}&raquo;][et_pb_row column_structure=&raquo;1_2,1_2&#8243; _builder_version=&raquo;4.27.4&#8243; _module_preset=&raquo;default&raquo; global_colors_info=&raquo;{}&raquo;][et_pb_column type=&raquo;1_2&#8243; _builder_version=&raquo;4.19.2&#8243; _module_preset=&raquo;default&raquo; global_colors_info=&raquo;{}&raquo;][et_pb_text _builder_version=&raquo;4.27.4&#8243; _module_preset=&raquo;_initial&raquo; header_2_font=&raquo;Barlow Semi Condensed|700|||||||&raquo; header_2_text_color=&raquo;#FFFFFF&raquo; header_2_font_size=&raquo;44px&raquo; header_2_line_height=&raquo;1.2em&raquo; text_orientation=&raquo;center&raquo; custom_margin=&raquo;||10px||false|false&raquo; header_2_font_size_tablet=&raquo;32px&raquo; header_2_font_size_phone=&raquo;30px&raquo; header_2_font_size_last_edited=&raquo;on|phone&raquo; global_colors_info=&raquo;{}&raquo;]<\/p>\n<h2 data-pm-slice=\"1 1 []\">Viktige sikkerhetstiltak<\/h2>\n<p>[\/et_pb_text][et_pb_text _builder_version=&raquo;4.27.4&#8243; _module_preset=&raquo;f3066fda-62fe-4fb3-9d09-adaa118dadc7&#8243; text_text_color=&raquo;#c0c2ca&raquo; text_font_size=&raquo;14px&raquo; text_font_size_last_edited=&raquo;off|desktop&raquo; global_colors_info=&raquo;{}&raquo;]<\/p>\n<p data-start=\"157\" data-end=\"178\"><span>  Her er de viktigste sikkerhetstiltakene vi iverksetter for \u00e5 sikre en robust og sikker plattform:<\/span><\/p>\n<p data-start=\"157\" data-end=\"178\"><strong data-start=\"157\" data-end=\"178\">\ud83d\udd12 <span style=\"color: #ffffff;\">Sikker hosting<\/span><\/strong><\/p>\n<p data-start=\"180\" data-end=\"303\">Sikkert vertskap med strenge sikkerhetsprotokoller.<\/p>\n<p data-start=\"305\" data-end=\"343\"><strong data-start=\"305\" data-end=\"343\">\ud83d\udd11 <span style=\"color: #ffffff;\">To-faktor autentisering (2FA)<\/span><\/strong><\/p>\n<p data-start=\"134\" data-end=\"212\">Obligatorisk 2FA forbedrer kontosikkerheten.<\/p>\n<p data-start=\"484\" data-end=\"513\"><strong data-start=\"484\" data-end=\"513\">\ud83d\udee1\ufe0f <span style=\"color: #ffffff;\">Cloudflare-beskyttelse<\/span><\/strong><\/p>\n<p data-start=\"214\" data-end=\"312\">Cloudflare beskytter mot DDoS-angrep og sikrer dataoverf\u00f8ring.<\/p>\n<p data-start=\"631\" data-end=\"664\"><strong data-start=\"631\" data-end=\"664\">\ud83d\udd10 <span style=\"color: #ffffff;\">256-biters kryptert database<\/span><\/strong><\/p>\n<p data-start=\"666\" data-end=\"758\">Databasen v\u00e5r bruker 256-biters kryptering, noe som gir et h\u00f8yt sikkerhetsniv\u00e5 for lagrede data.<\/p>\n<p data-start=\"760\" data-end=\"797\"><strong data-start=\"760\" data-end=\"797\">\ud83d\udcdc <span style=\"color: #ffffff;\">GDPR-kompatibel datah\u00e5ndtering<\/span><\/strong><\/p>\n<p data-start=\"799\" data-end=\"956\">Fullt samsvar med personvernforordningen (GDPR), noe som gjenspeiler v\u00e5rt engasjement for personvern og brukerrettigheter.<\/p>\n<p data-start=\"958\" data-end=\"987\"><strong data-start=\"958\" data-end=\"987\">\ud83d\udd17 <span style=\"color: #ffffff;\">Sikre API-tilkoblinger<\/span><\/strong><\/p>\n<p data-start=\"475\" data-end=\"543\">Foresp\u00f8rsler som sendes til OpenAI via sikre API-er.<\/p>\n<p data-start=\"545\" data-end=\"629\">[\/et_pb_text][et_pb_button button_url=&raquo;@ET-DC@eyJkeW5hbWljIjp0cnVlLCJjb250ZW50IjoicG9zdF9saW5rX3VybF9wYWdlIiwic2V0dGluZ3MiOnsicG9zdF9pZCI6IjkzMjI2MyJ9fQ==@&raquo; button_text=&raquo;Deploy AI Agent&raquo; button_alignment=&raquo;left&raquo; button_alignment_tablet=&raquo;left&raquo; button_alignment_phone=&raquo;center&raquo; button_alignment_last_edited=&raquo;on|phone&raquo; _builder_version=&raquo;4.27.4&#8243; _dynamic_attributes=&raquo;button_url&raquo; _module_preset=&raquo;default&raquo; custom_button=&raquo;on&raquo; button_text_size=&raquo;16px&raquo; button_bg_color=&raquo;#316de7&#8243; button_bg_use_color_gradient=&raquo;on&raquo; button_bg_color_gradient_direction=&raquo;90deg&raquo; button_bg_color_gradient_stops=&raquo;#2e5be4 0%|#3aa3ee 100%&raquo; button_bg_color_gradient_overlays_image=&raquo;on&raquo; button_border_width=&raquo;0px&raquo; button_border_color=&raquo;#2e5be4&#8243; button_icon=&raquo;&#x45;||divi||400&#8243; button_icon_color=&raquo;#FFFFFF&raquo; background_layout=&raquo;dark&raquo; custom_margin=&raquo;60px||50px||false|false&raquo; custom_padding=&raquo;10px|30px|10px|30px|false|false&raquo; hover_enabled=&raquo;0&#8243; global_colors_info=&raquo;{}&raquo; sticky_enabled=&raquo;0&#8243;][\/et_pb_button][\/et_pb_column][et_pb_column type=&raquo;1_2&#8243; _builder_version=&raquo;4.19.2&#8243; _module_preset=&raquo;default&raquo; global_colors_info=&raquo;{}&raquo;][et_pb_image src=&raquo;https:\/\/chatagentlab.com\/wp-content\/uploads\/2025\/02\/ai-52b.png&raquo; title_text=&raquo;ai-52b&raquo; align=&raquo;center&raquo; _builder_version=&raquo;4.27.4&#8243; _module_preset=&raquo;default&raquo; width=&raquo;80%&raquo; global_colors_info=&raquo;{}&raquo;][\/et_pb_image][\/et_pb_column][\/et_pb_row][\/et_pb_section][et_pb_section fb_built=&raquo;1&#8243; _builder_version=&raquo;4.27.4&#8243; _module_preset=&raquo;default&raquo; background_color=&raquo;#030929&#8243; custom_padding=&raquo;9px|||||&raquo; global_colors_info=&raquo;{}&raquo;][et_pb_row _builder_version=&raquo;4.16&#8243; _module_preset=&raquo;default&raquo; global_colors_info=&raquo;{}&raquo;][et_pb_column type=&raquo;4_4&#8243; _builder_version=&raquo;4.16&#8243; _module_preset=&raquo;default&raquo; global_colors_info=&raquo;{}&raquo;][et_pb_text _builder_version=&raquo;4.27.4&#8243; _module_preset=&raquo;df96b77a-cd4f-44a8-a771-2d6347592b53&#8243; header_text_color=&raquo;#FFFFFF&raquo; header_2_font=&raquo;Barlow Condensed||||||||&raquo; header_2_font_size=&raquo;44px&raquo; header_2_line_height=&raquo;1.1em&raquo; background_layout=&raquo;dark&raquo; custom_margin=&raquo;||40px||false|false&raquo; header_font_size_tablet=&raquo;&raquo; header_font_size_phone=&raquo;30px&raquo; header_font_size_last_edited=&raquo;on|phone&raquo; header_2_font_size_tablet=&raquo;32px&raquo; header_2_font_size_phone=&raquo;30px&raquo; header_2_font_size_last_edited=&raquo;on|desktop&raquo; locked=&raquo;off&raquo; global_colors_info=&raquo;{}&raquo;]<\/p>\n<h2 style=\"text-align: center;\">VANLIGE SP\u00d8RSM\u00c5L<\/h2>\n<p>[\/et_pb_text][et_pb_toggle title=&raquo;Hvordan s\u00f8rger ChatAgentLab for sikkerheten til dataene mine?&raquo; _builder_version=&raquo;4.27.4&#8243; _module_preset=&raquo;default&raquo; title_font_size=&raquo;17px&raquo; animation_style=&raquo;fade&raquo; global_colors_info=&raquo;{}&raquo;]<\/p>\n<p data-start=\"151\" data-end=\"356\">Vi prioriterer sikkerhet med <strong data-start=\"179\" data-end=\"201\">256-biters kryptering<\/strong>, <strong data-start=\"203\" data-end=\"222\">GDPR-samsvar<\/strong> og <strong data-start=\"228\" data-end=\"252\">sikker skyhosting<\/strong>. Opplysningene dine blir <strong data-start=\"267\" data-end=\"297\">aldri brukt til AI-trening<\/strong> og er beskyttet av bransjeledende sikkerhetsprotokoller. <\/p>\n<p>[\/et_pb_toggle][et_pb_toggle title=&raquo;Er ChatAgentLab i samsvar med GDPR?&raquo; _builder_version=&raquo;4.27.4&#8243; _module_preset=&raquo;default&raquo; title_font_size=&raquo;17px&raquo; animation_style=&raquo;fade&raquo; global_colors_info=&raquo;{}&raquo;]<\/p>\n<p data-start=\"409\" data-end=\"601\">Ja, ChatAgentLab <strong data-start=\"427\" data-end=\"467\">overholder GDPR-regelverket fullt ut<\/strong>. Vi s\u00f8rger for at brukerdata er <strong data-start=\"497\" data-end=\"534\">sikre, private og aldri deles<\/strong> uten samtykke. Du kan ogs\u00e5 be om sletting av data n\u00e5r som helst.  <\/p>\n<p>[\/et_pb_toggle][et_pb_toggle title=&raquo;Hvem har tilgang til AI-agentene og samtalene mine?&raquo; _builder_version=&raquo;4.27.4&#8243; _module_preset=&raquo;default&raquo; title_font_size=&raquo;17px&raquo; global_colors_info=&raquo;{}&raquo;]<\/p>\n<p data-start=\"672\" data-end=\"832\">Bare <strong data-start=\"677\" data-end=\"712\">du og autoriserte teammedlemmer<\/strong> har tilgang til dine AI-agenter og samtalelogger. ChatAgentLab har <strong data-start=\"780\" data-end=\"787\">ikke<\/strong> tilgang til eller lagrer dataene dine for AI-trening. <\/p>\n<p>[\/et_pb_toggle][et_pb_toggle title=&raquo;Hvordan behandles data fra AI-meldinger?&raquo; _builder_version=&raquo;4.27.4&#8243; _module_preset=&raquo;default&raquo; title_font_size=&raquo;17px&raquo; global_colors_info=&raquo;{}&raquo;]<\/p>\n<p data-start=\"887\" data-end=\"1051\">AI-meldinger behandles <strong data-start=\"913\" data-end=\"945\">sikkert via API-tilkoblinger<\/strong>. Vi <strong data-start=\"950\" data-end=\"1005\">lagrer ikke AI-genererte samtaler permanent<\/strong>, med mindre det er n\u00f8dvendig for dine driftsbehov. <\/p>\n<p>[\/et_pb_toggle][et_pb_toggle title=&raquo;Hvor er ChatAgentLabs servere plassert?&raquo; _builder_version=&raquo;4.27.4&#8243; _module_preset=&raquo;default&raquo; title_font_size=&raquo;17px&raquo; global_colors_info=&raquo;{}&raquo;]<\/p>\n<p data-start=\"1113\" data-end=\"1314\">Vi bruker <strong data-start=\"1120\" data-end=\"1161\">sv\u00e6rt sikre leverand\u00f8rer av nettskyhosting<\/strong> med <strong data-start=\"1167\" data-end=\"1198\">avanserte sikkerhetsprotokoller<\/strong>. All dataoverf\u00f8ring er <strong data-start=\"1225\" data-end=\"1238\">kryptert<\/strong>, og vi bruker <strong data-start=\"1255\" data-end=\"1280\">Cloudflare-beskyttelse<\/strong> for \u00e5 beskytte mot cybertrusler. <\/p>\n<p>[\/et_pb_toggle][\/et_pb_column][\/et_pb_row][\/et_pb_section][et_pb_section fb_built=&raquo;1&#8243; admin_label=&raquo;Call to Action&raquo; _builder_version=&raquo;4.16&#8243; _module_preset=&raquo;default&raquo; background_color=&raquo;#01012C&raquo; global_colors_info=&raquo;{}&raquo;][et_pb_row custom_padding_last_edited=&raquo;on|phone&raquo; _builder_version=&raquo;4.16&#8243; _module_preset=&raquo;default&raquo; background_color=&raquo;#19184f&raquo; custom_padding=&raquo;80px|100px|80px|100px|true|true&raquo; custom_padding_tablet=&raquo;30px|30px|30px|30px|true|true&raquo; custom_padding_phone=&raquo;|20px||20px|true|true&raquo; global_module=&raquo;934430&#8243; saved_tabs=&raquo;all&raquo; locked=&raquo;off&raquo; global_colors_info=&raquo;{}&raquo;][et_pb_column type=&raquo;4_4&#8243; _builder_version=&raquo;4.16&#8243; _module_preset=&raquo;default&raquo; global_colors_info=&raquo;{}&raquo;][et_pb_text _builder_version=&raquo;4.27.4&#8243; _module_preset=&raquo;df96b77a-cd4f-44a8-a771-2d6347592b53&#8243; header_2_font=&raquo;Barlow Condensed||||||||&raquo; header_2_text_color=&raquo;#FFFFFF&raquo; header_2_font_size=&raquo;44px&raquo; header_2_line_height=&raquo;1.1em&raquo; header_3_text_color=&raquo;#ffffff&raquo; header_3_font_size=&raquo;30px&raquo; text_orientation=&raquo;center&raquo; custom_margin=&raquo;||16px||false|false&raquo; header_2_font_size_tablet=&raquo;32px&raquo; header_2_font_size_phone=&raquo;30px&raquo; header_2_font_size_last_edited=&raquo;on|desktop&raquo; locked=&raquo;off&raquo; global_colors_info=&raquo;{}&raquo;]<\/p>\n<h3>Deploy AI Agent<\/h3>\n<p>[\/et_pb_text][et_pb_text _builder_version=&raquo;4.27.4&#8243; _module_preset=&raquo;41d5859c-fbaa-458a-88e4-5d886857f235&#8243; text_font=&raquo;||||||||&raquo; text_text_color=&raquo;#FFFFFF&raquo; text_line_height=&raquo;1.8em&raquo; text_orientation=&raquo;center&raquo; text_font_size_phone=&raquo;13px&raquo; text_font_size_last_edited=&raquo;off|tablet&raquo; global_colors_info=&raquo;{}&raquo;]<\/p>\n<p><span>\ud83d\udc49 Ingen koding n\u00f8dvendig \u2022 Tar 5-min eller mindre<\/span><\/p>\n<p>[\/et_pb_text][et_pb_button button_url=&raquo;@ET-DC@eyJkeW5hbWljIjp0cnVlLCJjb250ZW50IjoicG9zdF9saW5rX3VybF9wYWdlIiwic2V0dGluZ3MiOnsicG9zdF9pZCI6IjkzMjI2MyJ9fQ==@&raquo; button_text=&raquo;Bygg Din Custom AI-Agent&raquo; button_alignment=&raquo;center&raquo; _builder_version=&raquo;4.27.4&#8243; _dynamic_attributes=&raquo;button_url&raquo; _module_preset=&raquo;94ef7aca-dcd9-4f9d-93b2-efa3466cebc7&#8243; custom_button=&raquo;on&raquo; button_text_color=&raquo;#FFFFFF&raquo; button_bg_color=&raquo;RGBA(0,0,0,0)&raquo; button_bg_use_color_gradient=&raquo;on&raquo; button_bg_color_gradient_direction=&raquo;90deg&raquo; button_bg_color_gradient_stops=&raquo;#db0eb7 50%|rgba(0,0,0,0) 50%&raquo; button_bg_color_gradient_start=&raquo;#db0eb7&#8243; button_bg_color_gradient_start_position=&raquo;50%&raquo; button_bg_color_gradient_end=&raquo;rgba(0,0,0,0)&raquo; button_bg_color_gradient_end_position=&raquo;50%&raquo; button_border_width=&raquo;0px&raquo; button_border_radius=&raquo;0px&raquo; button_letter_spacing=&raquo;1px&raquo; button_font=&raquo;Barlow Condensed|||on|||||&raquo; custom_padding=&raquo;16px||16px||true|false&raquo; global_colors_info=&raquo;{}&raquo; button_bg_color__hover_enabled=&raquo;on|desktop&raquo; button_bg_color__hover=&raquo;#DB0EB7&#8243; button_bg_enable_color__hover=&raquo;on&raquo;][\/et_pb_button][\/et_pb_column][\/et_pb_row][\/et_pb_section]<\/p>\n","protected":false},"excerpt":{"rendered":"<p>Personvern og sikkerhetSikkerhet F\u00f8rst PlattformVi prioriterer datasikkerhet og personvern. Plattformen v\u00e5r er GDPR-kompatibel, noe som sikrer overholdelse av strenge standarder for databeskyttelse. Chatter brukes ikke til modelltrening.Avansert krypteringGDPR-kompatibel\ud83d\udc49 Ingen koding n\u00f8dvendigViktige sikkerhetstiltak Her er de viktigste sikkerhetstiltakene vi iverksetter for \u00e5 sikre en robust og sikker plattform: \ud83d\udd12 Sikker hosting Sikkert vertskap med strenge sikkerhetsprotokoller. [&hellip;]<\/p>\n","protected":false},"author":1,"featured_media":0,"parent":0,"menu_order":0,"comment_status":"closed","ping_status":"closed","template":"","meta":{"_et_pb_use_builder":"on","_et_pb_old_content":"","_et_gb_content_width":"","inline_featured_image":false,"footnotes":""},"class_list":["post-933022","page","type-page","status-publish","hentry"],"_links":{"self":[{"href":"https:\/\/chatagentlab.com\/no\/wp-json\/wp\/v2\/pages\/933022","targetHints":{"allow":["GET"]}}],"collection":[{"href":"https:\/\/chatagentlab.com\/no\/wp-json\/wp\/v2\/pages"}],"about":[{"href":"https:\/\/chatagentlab.com\/no\/wp-json\/wp\/v2\/types\/page"}],"author":[{"embeddable":true,"href":"https:\/\/chatagentlab.com\/no\/wp-json\/wp\/v2\/users\/1"}],"replies":[{"embeddable":true,"href":"https:\/\/chatagentlab.com\/no\/wp-json\/wp\/v2\/comments?post=933022"}],"version-history":[{"count":14,"href":"https:\/\/chatagentlab.com\/no\/wp-json\/wp\/v2\/pages\/933022\/revisions"}],"predecessor-version":[{"id":935181,"href":"https:\/\/chatagentlab.com\/no\/wp-json\/wp\/v2\/pages\/933022\/revisions\/935181"}],"wp:attachment":[{"href":"https:\/\/chatagentlab.com\/no\/wp-json\/wp\/v2\/media?parent=933022"}],"curies":[{"name":"wp","href":"https:\/\/api.w.org\/{rel}","templated":true}]}}