{"id":934822,"date":"2025-02-25T14:24:12","date_gmt":"2025-02-25T14:24:12","guid":{"rendered":"https:\/\/chatagentlab.com\/comparison-chatagentlab-vs-intercom\/"},"modified":"2026-03-25T11:41:47","modified_gmt":"2026-03-25T11:41:47","slug":"comparison-chatagentlab-vs-intercom","status":"publish","type":"page","link":"https:\/\/chatagentlab.com\/fr\/comparison-chatagentlab-vs-intercom\/","title":{"rendered":"Comparison ChatAgentLab vs Intercom"},"content":{"rendered":"<p>[et_pb_section fb_built=\u00a0\u00bb1&Prime; admin_label=\u00a0\u00bbHeader\u00a0\u00bb _builder_version=\u00a0\u00bb4.27.4&Prime; _module_preset=\u00a0\u00bbdefault\u00a0\u00bb background_color=\u00a0\u00bbgcid-1bcf785a-50e1-437b-b09f-65567babc1de\u00a0\u00bb background_image=\u00a0\u00bbhttps:\/\/chatagentlab.com\/wp-content\/uploads\/2024\/11\/ai-40c.png\u00a0\u00bb background_size=\u00a0\u00bbcustom\u00a0\u00bb background_image_width=\u00a0\u00bb40%\u00a0\u00bb background_position=\u00a0\u00bbtop_right\u00a0\u00bb custom_margin=\u00a0\u00bb||||false|false\u00a0\u00bb custom_padding=\u00a0\u00bb||7px||false|false\u00a0\u00bb collapsed=\u00a0\u00bbon\u00a0\u00bb global_colors_info=\u00a0\u00bb{%22gcid-1bcf785a-50e1-437b-b09f-65567babc1de%22:%91%22background_color%22%93}\u00a0\u00bb][et_pb_row _builder_version=\u00a0\u00bb4.24.2&Prime; _module_preset=\u00a0\u00bbdefault\u00a0\u00bb custom_margin=\u00a0\u00bb||||false|false\u00a0\u00bb custom_padding=\u00a0\u00bb||0px||false|false\u00a0\u00bb global_colors_info=\u00a0\u00bb{}\u00a0\u00bb][et_pb_column type=\u00a0\u00bb4_4&Prime; _builder_version=\u00a0\u00bb4.19.5&Prime; _module_preset=\u00a0\u00bbdefault\u00a0\u00bb z_index=\u00a0\u00bb10&Prime; global_colors_info=\u00a0\u00bb{}\u00a0\u00bb][et_pb_text _builder_version=\u00a0\u00bb4.27.4&Prime; _module_preset=\u00a0\u00bbdefault\u00a0\u00bb text_orientation=\u00a0\u00bbcenter\u00a0\u00bb background_layout=\u00a0\u00bbdark\u00a0\u00bb width=\u00a0\u00bb20%\u00a0\u00bb width_tablet=\u00a0\u00bb25%\u00a0\u00bb width_phone=\u00a0\u00bb45%\u00a0\u00bb width_last_edited=\u00a0\u00bbon|phone\u00a0\u00bb max_width_last_edited=\u00a0\u00bboff|phone\u00a0\u00bb module_alignment=\u00a0\u00bbcenter\u00a0\u00bb custom_css_main_element=\u00a0\u00bbbackground: linear-gradient(||  to top,||  rgba(55, 181, 255, 0.5) 0%,  \/* 50% opacity of #37B5FF at the bottom *\/||  rgba(55, 181, 255, 0) 100%    \/* Fully transparent at the top *\/||) !important;||||border-radius: 0%;||padding: 0;||\u00a0\u00bb border_width_bottom=\u00a0\u00bb1px\u00a0\u00bb border_color_bottom=\u00a0\u00bb#37b5ff\u00a0\u00bb global_module=\u00a0\u00bb934413&Prime; global_colors_info=\u00a0\u00bb{}\u00a0\u00bb]<\/p>\n<p>Comparison<\/p>\n<p>[\/et_pb_text][et_pb_text content_tablet=\u00a0\u00bb<\/p>\n<h1>La rencontre d&apos;un r\u00e9f\u00e9rencement avanc\u00e9 et d&apos;une technologie d&apos;h\u00e9bergement de pointe<\/h1>\n<p>\u00a0\u00bb content_phone=\u00a0\u00bb<\/p>\n<h1>La rencontre d&apos;un r\u00e9f\u00e9rencement avanc\u00e9 et d&apos;une technologie d&apos;h\u00e9bergement de pointe<\/h1>\n<p>\u00a0\u00bb content_last_edited=\u00a0\u00bboff|desktop\u00a0\u00bb _builder_version=\u00a0\u00bb4.27.4&Prime; _module_preset=\u00a0\u00bbdefault\u00a0\u00bb header_font=\u00a0\u00bbBarlow Semi Condensed|700|||||||\u00a0\u00bb header_text_align=\u00a0\u00bbcenter\u00a0\u00bb header_text_color=\u00a0\u00bb#FFFFFF\u00a0\u00bb header_font_size=\u00a0\u00bb50px\u00a0\u00bb header_line_height=\u00a0\u00bb1.4em\u00a0\u00bb background_layout=\u00a0\u00bbdark\u00a0\u00bb custom_margin=\u00a0\u00bb|20px|30px|0px|false|false\u00a0\u00bb custom_padding=\u00a0\u00bb||0px|||\u00a0\u00bb custom_padding_tablet=\u00a0\u00bb\u00a0\u00bb custom_padding_phone=\u00a0\u00bb\u00a0\u00bb custom_padding_last_edited=\u00a0\u00bbon|phone\u00a0\u00bb header_font_tablet=\u00a0\u00bbRoboto|300|||||||\u00a0\u00bb header_font_phone=\u00a0\u00bbRoboto|300|||||||\u00a0\u00bb header_font_last_edited=\u00a0\u00bboff|desktop\u00a0\u00bb header_font_size_tablet=\u00a0\u00bb40px\u00a0\u00bb header_font_size_phone=\u00a0\u00bb30px\u00a0\u00bb header_font_size_last_edited=\u00a0\u00bbon|phone\u00a0\u00bb global_colors_info=\u00a0\u00bb{}\u00a0\u00bb]<\/p>\n<h1>ChatAgentLab <span style=\"color: #38b6ff;\">vs <\/span>Intercom<\/h1>\n<h1><\/h1>\n<p>[\/et_pb_text][et_pb_text _builder_version=\u00a0\u00bb4.27.4&Prime; _module_preset=\u00a0\u00bb_initial\u00a0\u00bb text_font=\u00a0\u00bbInter||||||||\u00a0\u00bb text_text_color=\u00a0\u00bb#c0c2ca\u00a0\u00bb text_font_size=\u00a0\u00bb15px\u00a0\u00bb text_line_height=\u00a0\u00bb1.8em\u00a0\u00bb header_font=\u00a0\u00bb||||||||\u00a0\u00bb header_4_font=\u00a0\u00bbInter|700|||||||\u00a0\u00bb header_4_text_color=\u00a0\u00bb#FFFFFF\u00a0\u00bb header_4_font_size=\u00a0\u00bb19px\u00a0\u00bb header_4_line_height=\u00a0\u00bb1.4em\u00a0\u00bb background_layout=\u00a0\u00bbdark\u00a0\u00bb custom_margin=\u00a0\u00bb||51px|||\u00a0\u00bb header_4_font_size_tablet=\u00a0\u00bb16px\u00a0\u00bb header_4_font_size_phone=\u00a0\u00bb15px\u00a0\u00bb header_4_font_size_last_edited=\u00a0\u00bbon|desktop\u00a0\u00bb global_colors_info=\u00a0\u00bb{}\u00a0\u00bb]<\/p>\n<p data-start=\"393\" data-end=\"482\">Intercom est depuis longtemps un leader dans le domaine des solutions de chatbot, desservant une part importante du march\u00e9. Cependant, ChatAgentLab offre des fonctionnalit\u00e9s plus avanc\u00e9es pour des interactions de type humain et un mod\u00e8le de prix pr\u00e9visible. <\/p>\n<p>Le tableau comparatif ci-dessous montre comment ChatAgentLab se positionne par rapport \u00e0 Intercom sur les fonctionnalit\u00e9s les plus importantes pour les \u00e9quipes ax\u00e9es sur la croissance :<\/p>\n<p>[\/et_pb_text][\/et_pb_column][\/et_pb_row][et_pb_row _builder_version=\u00a0\u00bb4.27.2&Prime; _module_preset=\u00a0\u00bbdefault\u00a0\u00bb global_colors_info=\u00a0\u00bb{}\u00a0\u00bb][et_pb_column type=\u00a0\u00bb4_4&Prime; _builder_version=\u00a0\u00bb4.27.2&Prime; _module_preset=\u00a0\u00bbdefault\u00a0\u00bb global_colors_info=\u00a0\u00bb{}\u00a0\u00bb][et_pb_text disabled_on=\u00a0\u00bboff|on|on\u00a0\u00bb _builder_version=\u00a0\u00bb4.27.4&Prime; _module_preset=\u00a0\u00bbdefault\u00a0\u00bb text_orientation=\u00a0\u00bbcenter\u00a0\u00bb background_layout=\u00a0\u00bbdark\u00a0\u00bb global_colors_info=\u00a0\u00bb{}\u00a0\u00bb]<\/p>\n<p>\ud83d\udc49 Balayez vers la gauche pour faire d\u00e9filer le tableau<\/p>\n<p>[\/et_pb_text][et_pb_text _builder_version=\u00a0\u00bb4.27.4&Prime; _module_preset=\u00a0\u00bbdefault\u00a0\u00bb text_text_color=\u00a0\u00bb#FFFFFF\u00a0\u00bb global_colors_info=\u00a0\u00bb{}\u00a0\u00bb]<!-- Add this style block in your head or just before the table code --><\/p>\n<style>\n  @media (max-width: 600px) {\n    .comparison-table col.col-left {\n      width: 35% !important;\n    }\n    .comparison-table col:not(.col-left) {\n      width: 32.5% !important;\n    }\n  }\n  .comparison-table th {\n    white-space: nowrap;\n  }\n<\/style>\n<p><!-- Part 3: How ChatAgentLab Outperforms the Competition (Responsive) --><\/p>\n<div class=\"comparison-table\" style=\"width: 100%; border-collapse: collapse; font-family: 'Inter', sans-serif; font-size: 12px; margin: 40px 0; overflow-x: auto;\">\n<table style=\"width: 100%; border-collapse: collapse; border: 1px solid #ddd; table-layout: fixed;\">\n<colgroup>\n<col class=\"col-left\" style=\"width: 20%;\">\n<col style=\"width: 40%;\">\n<col style=\"width: 40%;\">\n    <\/colgroup>\n<thead>\n<tr>\n<th style=\"background-color: #3b81f7; color: #ffffff; padding: 12px; text-align: left;\">Feature<\/th>\n<th style=\"background-color: #3b81f7; color: #ffffff; padding: 12px; text-align: center;\">ChatAgentLab<\/th>\n<th style=\"background-color: #3b81f7; color: #ffffff; padding: 12px; text-align: center;\">Intercom<\/th>\n<\/tr>\n<\/thead>\n<tbody>\n<tr>\n<td style=\"border: 1px solid #ddd; padding: 12px;\">User Engagement<\/td>\n<td style=\"border: 1px solid #ddd; padding: 12px; text-align: center; font-weight: bold;\">\u2705 Offers personalized, human-like interactions, enhancing user engagement and satisfaction.<\/td>\n<td style=\"border: 1px solid #ddd; padding: 12px; text-align: center;\">\u274c Provides scripted, predictable interactions.<\/td>\n<\/tr>\n<tr>\n<td style=\"border: 1px solid #ddd; padding: 12px;\">Rule Settings<\/td>\n<td style=\"border: 1px solid #ddd; padding: 12px; text-align: center; font-weight: bold;\">\u2705 Operates autonomously without manual rule-setting, learning from interactions to adapt responses.<\/td>\n<td style=\"border: 1px solid #ddd; padding: 12px; text-align: center;\">\u274c Requires manual rule-setting and predefined scripts for responses.<\/td>\n<\/tr>\n<tr>\n<td style=\"border: 1px solid #ddd; padding: 12px;\">Appointment Booking<\/td>\n<td style=\"border: 1px solid #ddd; padding: 12px; text-align: center; font-weight: bold;\">\u2705 Books meetings directly in your calendar<\/td>\n<td style=\"border: 1px solid #ddd; padding: 12px; text-align: center;\">\u274c Manual scheduling needed<\/td>\n<\/tr>\n<tr>\n<td style=\"border: 1px solid #ddd; padding: 12px;\">Cost Predictability<\/td>\n<td style=\"border: 1px solid #ddd; padding: 12px; text-align: center; font-weight: bold;\">\u2705 Transparent and consistent, facilitating straightforward budgeting.<\/td>\n<td style=\"border: 1px solid #ddd; padding: 12px; text-align: center;\">\u274c Variable costs due to per-seat charges and additional fees, leading to potential unpredictability.<\/td>\n<\/tr>\n<tr>\n<td style=\"border: 1px solid #ddd; padding: 12px;\">Pricing Model<\/td>\n<td style=\"border: 1px solid #ddd; padding: 12px; text-align: center; font-weight: bold;\">$450\/month for unlimited seats.<\/td>\n<td style=\"border: 1px solid #ddd; padding: 12px; text-align: center;\">\u274c $100+ per seat + $1 per AI resolution.<\/td>\n<\/tr>\n<\/tbody>\n<\/table>\n<\/div>\n<p>[\/et_pb_text][\/et_pb_column][\/et_pb_row][et_pb_row _builder_version=\u00a0\u00bb4.27.4&Prime; _module_preset=\u00a0\u00bbdefault\u00a0\u00bb global_colors_info=\u00a0\u00bb{}\u00a0\u00bb][et_pb_column type=\u00a0\u00bb4_4&Prime; _builder_version=\u00a0\u00bb4.27.4&Prime; _module_preset=\u00a0\u00bbdefault\u00a0\u00bb global_colors_info=\u00a0\u00bb{}\u00a0\u00bb][et_pb_text _builder_version=\u00a0\u00bb4.27.4&Prime; _module_preset=\u00a0\u00bbdefault\u00a0\u00bb text_text_color=\u00a0\u00bb#c0c2ca\u00a0\u00bb background_layout=\u00a0\u00bbdark\u00a0\u00bb global_colors_info=\u00a0\u00bb{}\u00a0\u00bb]<\/p>\n<h2>Ce qu&rsquo;Intercom fait de bien<\/h2>\n<p>Intercom est l&rsquo;un des leaders du march\u00e9 de la communication \u00e0 l&rsquo;int\u00e9rieur des produits. Il est id\u00e9al pour : <\/p>\n<ul>\n<li>L&rsquo;accueil des clients par le biais de visites guid\u00e9es des produits<\/li>\n<li>Chat en direct li\u00e9 \u00e0 votre CRM\/help desk<\/li>\n<li>D\u00e9clencher des messages en fonction des \u00e9v\u00e9nements ou du comportement de l&rsquo;application<\/li>\n<\/ul>\n<p>Pour les \u00e9quipes SaaS ax\u00e9es sur les produits et cherchant \u00e0 d\u00e9velopper le support client et l&rsquo;accueil, Intercom est une plateforme puissante, bien que co\u00fbteuse.<\/p>\n<p>[\/et_pb_text][et_pb_text _builder_version=\u00a0\u00bb4.27.4&Prime; _module_preset=\u00a0\u00bbdefault\u00a0\u00bb text_text_color=\u00a0\u00bb#c0c2ca\u00a0\u00bb background_layout=\u00a0\u00bbdark\u00a0\u00bb global_colors_info=\u00a0\u00bb{}\u00a0\u00bb]<\/p>\n<h2>Le probl\u00e8me : Intercom n&rsquo;est pas con\u00e7u pour les agents commerciaux du haut du tunnel.<\/h2>\n<p>C&rsquo;est l\u00e0 qu&rsquo;Intercom n&rsquo;est pas \u00e0 la hauteur si vous souhaitez cr\u00e9er des agents aliment\u00e9s par LLM pour le marketing ou la sensibilisation proactive :<\/p>\n<ul>\n<li><strong>Flexibilit\u00e9 limit\u00e9e<\/strong> &#8211; les bots sont li\u00e9s \u00e0 votre application ou site web<\/li>\n<li><strong>Pas d&rsquo;agents clonables<\/strong> &#8211; la cr\u00e9ation de nouveaux flux de travail prend du temps<\/li>\n<li>L<strong>&lsquo;\u00e9tat d&rsquo;esprit est ax\u00e9 sur l&rsquo;assistance<\/strong> &#8211; il n&rsquo;est pas optimis\u00e9 pour la vente ou la qualification des clients potentiels.<\/li>\n<li>La tarification <strong>cro\u00eet rapidement<\/strong> &#8211; la tarification par si\u00e8ge rend la mise \u00e0 l&rsquo;\u00e9chelle co\u00fbteuse<\/li>\n<\/ul>\n<p>[\/et_pb_text][et_pb_text _builder_version=\u00a0\u00bb4.27.4&Prime; _module_preset=\u00a0\u00bbdefault\u00a0\u00bb text_text_color=\u00a0\u00bb#c0c2ca\u00a0\u00bb background_layout=\u00a0\u00bbdark\u00a0\u00bb global_colors_info=\u00a0\u00bb{}\u00a0\u00bb text_font_size__hover_enabled=\u00a0\u00bboff|desktop\u00a0\u00bb]<\/p>\n<h2>Pourquoi ChatAgentLab a \u00e9t\u00e9 construit diff\u00e9remment<\/h2>\n<p><strong>ChatAgentLab<\/strong> a pour objectif de permettre aux entreprises de cr\u00e9er des <em>agents d&rsquo;intelligence artificielle ax\u00e9s sur la vente<\/em>, qui g\u00e9n\u00e8rent des conversions, organisent des r\u00e9unions et collectent des prospects qualifi\u00e9s &#8211; avec un contr\u00f4le total sur le ton, les messages et le comportement.<\/p>\n<p>La plateforme permet \u00e9galement aux \u00e9quipes de cr\u00e9er des <strong>agents IA internes<\/strong> pour g\u00e9rer les SOP, l&rsquo;onboarding, la recherche et l&rsquo;automatisation &#8211; le tout g\u00e9r\u00e9 en un seul endroit, sans aucune comp\u00e9tence technique requise.<\/p>\n<ul>\n<li><strong>Natif du LLM :<\/strong> Con\u00e7u pour ChatGPT, Claude et d&rsquo;autres mod\u00e8les avanc\u00e9s d\u00e8s le premier jour<\/li>\n<li><strong>Pas de code :<\/strong> N&rsquo;importe qui peut cr\u00e9er, tester et lancer des agents d&rsquo;intelligence artificielle en quelques minutes.<\/li>\n<li><strong>D\u00e9ployez-le n&rsquo;importe o\u00f9 :<\/strong> Sur votre site, sur les m\u00e9dias sociaux ou sur un lien partageable.<\/li>\n<li><strong>Logique r\u00e9utilisable :<\/strong> Clonez les agents les plus performants pour de nouveaux cas d&rsquo;utilisation ou entonnoirs.<\/li>\n<li><strong>Tarification forfaitaire :<\/strong> Pas de co\u00fbts par agent ou par si\u00e8ge<\/li>\n<\/ul>\n<p>Mais ChatAgentLab ne s&rsquo;arr\u00eate pas aux cas d&rsquo;utilisation en contact avec les clients &#8211; il permet \u00e9galement d&rsquo;am\u00e9liorer les op\u00e9rations internes.<\/p>\n<p>[\/et_pb_text][et_pb_text _builder_version=\u00a0\u00bb4.27.4&Prime; _module_preset=\u00a0\u00bbdefault\u00a0\u00bb text_text_color=\u00a0\u00bb#c0c2ca\u00a0\u00bb background_layout=\u00a0\u00bbdark\u00a0\u00bb global_colors_info=\u00a0\u00bb{}\u00a0\u00bb]<\/p>\n<h2>Des agents d&rsquo;IA internes qui travaillent au sein de votre \u00e9quipe<\/h2>\n<p>Alors qu&rsquo;Intercom se limite \u00e0 l&rsquo;assistance aux clients, <strong>ChatAgentLab prend \u00e9galement en charge les agents IA internes<\/strong> qui aident votre \u00e9quipe \u00e0 travailler plus rapidement, plus intelligemment et de mani\u00e8re plus coh\u00e9rente.<\/p>\n<p>Les agents internes sont parfaits pour :<\/p>\n<ul>\n<li><strong>Formation et int\u00e9gration<\/strong>: Les nouveaux employ\u00e9s peuvent poser des questions et obtenir des r\u00e9ponses coh\u00e9rentes, fond\u00e9es sur des r\u00e8gles, 24 heures sur 24 et 7 jours sur 7.<\/li>\n<li><strong>Support SOP<\/strong>: Transformez la documentation de votre entreprise en un agent en chair et en os qui explique \u00ab\u00a0comment nous faisons les choses\u00a0\u00bb \u00e9tape par \u00e9tape.<\/li>\n<li><strong>Recherche interne<\/strong>: Cr\u00e9ez des agents qui r\u00e9sument des rapports, extraient des informations cl\u00e9s ou r\u00e9pondent instantan\u00e9ment \u00e0 des questions sp\u00e9cialis\u00e9es.<\/li>\n<li><strong>Automatisation op\u00e9rationnelle<\/strong>: Les assistants IA peuvent aider \u00e0 remplir des rapports, \u00e0 guider les flux de travail ou \u00e0 collecter des donn\u00e9es au sein des \u00e9quipes.<\/li>\n<\/ul>\n<p>Because everything is managed in one dashboard, your internal and external agents stay in sync \u2014 no silos, no switching tools.<\/p>\n<p>[\/et_pb_text][et_pb_text _builder_version=\u00a0\u00bb4.27.4&Prime; _module_preset=\u00a0\u00bbdefault\u00a0\u00bb text_text_color=\u00a0\u00bb#c0c2ca\u00a0\u00bb background_layout=\u00a0\u00bbdark\u00a0\u00bb global_colors_info=\u00a0\u00bb{}\u00a0\u00bb]<\/p>\n<h2>What About Intercom Fin?<\/h2>\n<p>Intercom recently launched <strong>Fin<\/strong>, their AI-powered support assistant built on OpenAI\u2019s GPT-4. While it improves response automation inside Intercom, it\u2019s still a <strong>support-first tool<\/strong>. <\/p>\n<p>Fin is designed to answer FAQs, deflect tickets, and support users inside your app \u2014 not to <strong>sell, qualify, or convert leads<\/strong> across campaigns.<\/p>\n<p>In contrast, <strong>ChatAgentLab<\/strong> is built from the ground up for proactive AI use cases:<\/p>\n<ul>\n<li><strong>Sales-focused agents<\/strong> that qualify leads and book meetings<\/li>\n<li><strong>Flexible deployment<\/strong> on websites, social media, or as standalone links<\/li>\n<li><strong>Cloneable logic<\/strong> to test different prompts, tones, and goals<\/li>\n<li><strong>Customizable AI stack<\/strong> \u2014 not tied to a single model provider<\/li>\n<\/ul>\n<p>[\/et_pb_text][et_pb_text _builder_version=\u00a0\u00bb4.27.4&Prime; _module_preset=\u00a0\u00bbdefault\u00a0\u00bb text_text_color=\u00a0\u00bb#c0c2ca\u00a0\u00bb background_layout=\u00a0\u00bbdark\u00a0\u00bb hover_enabled=\u00a0\u00bb0&Prime; global_colors_info=\u00a0\u00bb{}\u00a0\u00bb sticky_enabled=\u00a0\u00bb0&Prime;]<\/p>\n<h2>Conclusion<\/h2>\n<p>If your business depends on proactive sales, lead qualification, or publishing AI agents across multiple channels \u2014 not just inside your app \u2014 then Intercom will likely fall short.<\/p>\n<p><strong>ChatAgentLab<\/strong> gives you a flexible, LLM-native platform designed for growth, without the technical complexity or bloated pricing.<\/p>\n<p><a href=\"https:\/\/chatagentlab.com\/deploy-ai-agent\/\" target=\"_blank\" rel=\"noopener\">\u27a1 Try ChatAgentLab now \u2014 and launch your first AI agent in minutes<\/a>[\/et_pb_text][\/et_pb_column][\/et_pb_row][et_pb_row _builder_version=\u00a0\u00bb4.27.4&Prime; _module_preset=\u00a0\u00bbdefault\u00a0\u00bb global_colors_info=\u00a0\u00bb{}\u00a0\u00bb][et_pb_column type=\u00a0\u00bb4_4&Prime; _builder_version=\u00a0\u00bb4.27.4&Prime; _module_preset=\u00a0\u00bbdefault\u00a0\u00bb global_colors_info=\u00a0\u00bb{}\u00a0\u00bb][et_pb_button button_url=\u00a0\u00bb@ET-DC@eyJkeW5hbWljIjp0cnVlLCJjb250ZW50IjoicG9zdF9saW5rX3VybF9wYWdlIiwic2V0dGluZ3MiOnsicG9zdF9pZCI6IjkzMjI2MyJ9fQ==@\u00a0\u00bb button_text=\u00a0\u00bbDeploy AI Agent\u00a0\u00bb button_alignment=\u00a0\u00bbcenter\u00a0\u00bb _builder_version=\u00a0\u00bb4.27.4&Prime; _dynamic_attributes=\u00a0\u00bbbutton_url\u00a0\u00bb _module_preset=\u00a0\u00bbdefault\u00a0\u00bb custom_button=\u00a0\u00bbon\u00a0\u00bb button_text_size=\u00a0\u00bb16px\u00a0\u00bb button_bg_color=\u00a0\u00bb#316de7&Prime; button_bg_use_color_gradient=\u00a0\u00bbon\u00a0\u00bb button_bg_color_gradient_direction=\u00a0\u00bb90deg\u00a0\u00bb button_bg_color_gradient_stops=\u00a0\u00bb#2e5be4 0%|#3aa3ee 100%\u00a0\u00bb button_bg_color_gradient_overlays_image=\u00a0\u00bbon\u00a0\u00bb button_border_width=\u00a0\u00bb0px\u00a0\u00bb button_border_color=\u00a0\u00bb#2e5be4&Prime; button_icon=\u00a0\u00bb&#x45;||divi||400&Prime; button_icon_color=\u00a0\u00bb#FFFFFF\u00a0\u00bb background_layout=\u00a0\u00bbdark\u00a0\u00bb custom_margin=\u00a0\u00bb||12px||false|false\u00a0\u00bb custom_padding=\u00a0\u00bb10px|30px|10px|30px|false|false\u00a0\u00bb hover_enabled=\u00a0\u00bb0&Prime; global_colors_info=\u00a0\u00bb{}\u00a0\u00bb sticky_enabled=\u00a0\u00bb0&Prime;][\/et_pb_button][et_pb_text disabled_on=\u00a0\u00bboff|off|off\u00a0\u00bb _builder_version=\u00a0\u00bb4.27.4&Prime; _module_preset=\u00a0\u00bbdefault\u00a0\u00bb text_orientation=\u00a0\u00bbcenter\u00a0\u00bb background_layout=\u00a0\u00bbdark\u00a0\u00bb custom_margin=\u00a0\u00bb||60px|||\u00a0\u00bb global_colors_info=\u00a0\u00bb{}\u00a0\u00bb]<\/p>\n<p>\ud83d\udc49 <span>\u00a0No coding required<\/span><\/p>\n<p>[\/et_pb_text][\/et_pb_column][\/et_pb_row][\/et_pb_section]<\/p>\n","protected":false},"excerpt":{"rendered":"<p>Comparison ChatAgentLab vs Intercom Intercom est depuis longtemps un leader dans le domaine des solutions de chatbot, desservant une part importante du march\u00e9. Cependant, ChatAgentLab offre des fonctionnalit\u00e9s plus avanc\u00e9es pour des interactions de type humain et un mod\u00e8le de prix pr\u00e9visible. Le tableau comparatif ci-dessous montre comment ChatAgentLab se positionne par rapport \u00e0 Intercom [&hellip;]<\/p>\n","protected":false},"author":1,"featured_media":0,"parent":0,"menu_order":0,"comment_status":"closed","ping_status":"closed","template":"","meta":{"_et_pb_use_builder":"on","_et_pb_old_content":"","_et_gb_content_width":"","inline_featured_image":false,"footnotes":""},"class_list":["post-934822","page","type-page","status-publish","hentry"],"_links":{"self":[{"href":"https:\/\/chatagentlab.com\/fr\/wp-json\/wp\/v2\/pages\/934822","targetHints":{"allow":["GET"]}}],"collection":[{"href":"https:\/\/chatagentlab.com\/fr\/wp-json\/wp\/v2\/pages"}],"about":[{"href":"https:\/\/chatagentlab.com\/fr\/wp-json\/wp\/v2\/types\/page"}],"author":[{"embeddable":true,"href":"https:\/\/chatagentlab.com\/fr\/wp-json\/wp\/v2\/users\/1"}],"replies":[{"embeddable":true,"href":"https:\/\/chatagentlab.com\/fr\/wp-json\/wp\/v2\/comments?post=934822"}],"version-history":[{"count":4,"href":"https:\/\/chatagentlab.com\/fr\/wp-json\/wp\/v2\/pages\/934822\/revisions"}],"predecessor-version":[{"id":935334,"href":"https:\/\/chatagentlab.com\/fr\/wp-json\/wp\/v2\/pages\/934822\/revisions\/935334"}],"wp:attachment":[{"href":"https:\/\/chatagentlab.com\/fr\/wp-json\/wp\/v2\/media?parent=934822"}],"curies":[{"name":"wp","href":"https:\/\/api.w.org\/{rel}","templated":true}]}}