{"id":934724,"date":"2025-03-20T10:26:49","date_gmt":"2025-03-20T10:26:49","guid":{"rendered":"https:\/\/chatagentlab.com\/comparaison\/"},"modified":"2025-04-05T12:19:08","modified_gmt":"2025-04-05T12:19:08","slug":"comparaison","status":"publish","type":"page","link":"https:\/\/chatagentlab.com\/fr\/comparaison\/","title":{"rendered":"Comparaison"},"content":{"rendered":"<p>[et_pb_section fb_built=\u00a0\u00bb1&Prime; admin_label=\u00a0\u00bbHeader\u00a0\u00bb _builder_version=\u00a0\u00bb4.27.4&Prime; _module_preset=\u00a0\u00bbdefault\u00a0\u00bb background_color=\u00a0\u00bbgcid-1bcf785a-50e1-437b-b09f-65567babc1de\u00a0\u00bb background_image=\u00a0\u00bbhttps:\/\/chatagentlab.com\/wp-content\/uploads\/2024\/11\/ai-40c.png\u00a0\u00bb background_size=\u00a0\u00bbcustom\u00a0\u00bb background_image_width=\u00a0\u00bb40%\u00a0\u00bb background_position=\u00a0\u00bbtop_right\u00a0\u00bb custom_margin=\u00a0\u00bb||||false|false\u00a0\u00bb custom_padding=\u00a0\u00bb||7px||false|false\u00a0\u00bb collapsed=\u00a0\u00bbon\u00a0\u00bb global_colors_info=\u00a0\u00bb{%22gcid-1bcf785a-50e1-437b-b09f-65567babc1de%22:%91%22background_color%22%93}\u00a0\u00bb][et_pb_row _builder_version=\u00a0\u00bb4.24.2&Prime; _module_preset=\u00a0\u00bbdefault\u00a0\u00bb custom_margin=\u00a0\u00bb||||false|false\u00a0\u00bb custom_padding=\u00a0\u00bb||0px||false|false\u00a0\u00bb global_colors_info=\u00a0\u00bb{}\u00a0\u00bb][et_pb_column type=\u00a0\u00bb4_4&Prime; _builder_version=\u00a0\u00bb4.19.5&Prime; _module_preset=\u00a0\u00bbdefault\u00a0\u00bb z_index=\u00a0\u00bb10&Prime; global_colors_info=\u00a0\u00bb{}\u00a0\u00bb][et_pb_text _builder_version=\u00a0\u00bb4.27.4&Prime; _module_preset=\u00a0\u00bbdefault\u00a0\u00bb text_orientation=\u00a0\u00bbcenter\u00a0\u00bb background_layout=\u00a0\u00bbdark\u00a0\u00bb width=\u00a0\u00bb20%\u00a0\u00bb width_tablet=\u00a0\u00bb25%\u00a0\u00bb width_phone=\u00a0\u00bb45%\u00a0\u00bb width_last_edited=\u00a0\u00bbon|phone\u00a0\u00bb max_width_last_edited=\u00a0\u00bboff|phone\u00a0\u00bb module_alignment=\u00a0\u00bbcenter\u00a0\u00bb custom_css_main_element=\u00a0\u00bbbackground: linear-gradient(||  to top,||  rgba(55, 181, 255, 0.5) 0%,  \/* 50% opacity of #37B5FF at the bottom *\/||  rgba(55, 181, 255, 0) 100%    \/* Fully transparent at the top *\/||) !important;||||border-radius: 0%;||padding: 0;||\u00a0\u00bb border_width_bottom=\u00a0\u00bb1px\u00a0\u00bb border_color_bottom=\u00a0\u00bb#37b5ff\u00a0\u00bb global_module=\u00a0\u00bb934413&Prime; saved_tabs=\u00a0\u00bball\u00a0\u00bb global_colors_info=\u00a0\u00bb{}\u00a0\u00bb]<\/p>\n<p>Comparison<\/p>\n<p>[\/et_pb_text][et_pb_text content_tablet=\u00a0\u00bb<\/p>\n<h1>La rencontre d&apos;un r\u00e9f\u00e9rencement avanc\u00e9 et d&apos;une technologie d&apos;h\u00e9bergement de pointe<\/h1>\n<p>\u00a0\u00bb content_phone=\u00a0\u00bb<\/p>\n<h1>La rencontre d&apos;un r\u00e9f\u00e9rencement avanc\u00e9 et d&apos;une technologie d&apos;h\u00e9bergement de pointe<\/h1>\n<p>\u00a0\u00bb content_last_edited=\u00a0\u00bboff|desktop\u00a0\u00bb _builder_version=\u00a0\u00bb4.27.4&Prime; _module_preset=\u00a0\u00bbdefault\u00a0\u00bb header_font=\u00a0\u00bbBarlow Semi Condensed|700|||||||\u00a0\u00bb header_text_align=\u00a0\u00bbcenter\u00a0\u00bb header_text_color=\u00a0\u00bb#FFFFFF\u00a0\u00bb header_font_size=\u00a0\u00bb50px\u00a0\u00bb header_line_height=\u00a0\u00bb1.4em\u00a0\u00bb background_layout=\u00a0\u00bbdark\u00a0\u00bb custom_margin=\u00a0\u00bb|20px|30px|0px|false|false\u00a0\u00bb custom_padding=\u00a0\u00bb||0px|||\u00a0\u00bb custom_padding_tablet=\u00a0\u00bb\u00a0\u00bb custom_padding_phone=\u00a0\u00bb\u00a0\u00bb custom_padding_last_edited=\u00a0\u00bbon|phone\u00a0\u00bb header_font_tablet=\u00a0\u00bbRoboto|300|||||||\u00a0\u00bb header_font_phone=\u00a0\u00bbRoboto|300|||||||\u00a0\u00bb header_font_last_edited=\u00a0\u00bboff|desktop\u00a0\u00bb header_font_size_tablet=\u00a0\u00bb40px\u00a0\u00bb header_font_size_phone=\u00a0\u00bb30px\u00a0\u00bb header_font_size_last_edited=\u00a0\u00bbon|phone\u00a0\u00bb global_colors_info=\u00a0\u00bb{}\u00a0\u00bb]<\/p>\n<h1>ChatAgentLab <span style=\"color: #38b6ff;\">vs <\/span>Autres<\/h1>\n<h1><\/h1>\n<p>[\/et_pb_text][et_pb_text _builder_version=\u00a0\u00bb4.27.4&Prime; _module_preset=\u00a0\u00bb_initial\u00a0\u00bb text_font=\u00a0\u00bbInter||||||||\u00a0\u00bb text_line_height=\u00a0\u00bb1.8em\u00a0\u00bb header_font=\u00a0\u00bb||||||||\u00a0\u00bb header_4_font=\u00a0\u00bbInter|700|||||||\u00a0\u00bb header_4_text_color=\u00a0\u00bb#FFFFFF\u00a0\u00bb header_4_font_size=\u00a0\u00bb19px\u00a0\u00bb header_4_line_height=\u00a0\u00bb1.4em\u00a0\u00bb text_orientation=\u00a0\u00bbcenter\u00a0\u00bb background_layout=\u00a0\u00bbdark\u00a0\u00bb custom_margin=\u00a0\u00bb||51px|||\u00a0\u00bb hover_enabled=\u00a0\u00bb0&Prime; header_4_font_size_tablet=\u00a0\u00bb16px\u00a0\u00bb header_4_font_size_phone=\u00a0\u00bb15px\u00a0\u00bb header_4_font_size_last_edited=\u00a0\u00bbon|desktop\u00a0\u00bb global_colors_info=\u00a0\u00bb{}\u00a0\u00bb text_font_size=\u00a0\u00bb15px\u00a0\u00bb sticky_enabled=\u00a0\u00bb0&Prime; text_text_color=\u00a0\u00bb#c0c2ca\u00a0\u00bb]<\/p>\n<p data-start=\"0\" data-end=\"296\">D\u00e9couvrez comment ChatAgentLab se compare \u00e0 d&rsquo;autres agents de chat IA, \u00e0 des chatbots traditionnels et \u00e0 des solutions de chat en direct, afin que vous puissiez choisir la mani\u00e8re la plus intelligente d&rsquo;intensifier les conversations, \u00e0 la fois externes et internes.<\/p>\n<div class=\"absolute h-[60px]\">\n<div class=\"flex items-center gap-0.5 text-sm font-medium\"><\/div>\n<\/div>\n<p>[\/et_pb_text][\/et_pb_column][\/et_pb_row][et_pb_row _builder_version=\u00a0\u00bb4.27.2&Prime; _module_preset=\u00a0\u00bbdefault\u00a0\u00bb global_colors_info=\u00a0\u00bb{}\u00a0\u00bb][et_pb_column type=\u00a0\u00bb4_4&Prime; _builder_version=\u00a0\u00bb4.27.2&Prime; _module_preset=\u00a0\u00bbdefault\u00a0\u00bb global_colors_info=\u00a0\u00bb{}\u00a0\u00bb][et_pb_text disabled_on=\u00a0\u00bboff|on|on\u00a0\u00bb _builder_version=\u00a0\u00bb4.27.4&Prime; _module_preset=\u00a0\u00bbdefault\u00a0\u00bb text_orientation=\u00a0\u00bbcenter\u00a0\u00bb background_layout=\u00a0\u00bbdark\u00a0\u00bb global_colors_info=\u00a0\u00bb{}\u00a0\u00bb]<\/p>\n<p>\ud83d\udc49 Balayez vers la gauche pour faire d\u00e9filer le tableau<\/p>\n<p>[\/et_pb_text][et_pb_code _builder_version=\u00a0\u00bb4.27.4&Prime; _module_preset=\u00a0\u00bbdefault\u00a0\u00bb global_colors_info=\u00a0\u00bb{}\u00a0\u00bb]<!-- \u2705 Scoped Custom CSS to fix border gaps, thin lines, and enforce white text --><!-- [et_pb_line_break_holder] --><\/p>\n<style><!-- [et_pb_line_break_holder] -->\/* Force consistent 1px border on both header and body cells *\/<!-- [et_pb_line_break_holder] -->.comparison-table table th,<!-- [et_pb_line_break_holder] -->.comparison-table table td {<!-- [et_pb_line_break_holder] -->  border: 1px solid #cccccc;<!-- [et_pb_line_break_holder] -->  border-width: 1px;<!-- [et_pb_line_break_holder] -->  color: #ffffff; \/* Ensure white text everywhere *\/<!-- [et_pb_line_break_holder] -->}<!-- [et_pb_line_break_holder] --><!-- [et_pb_line_break_holder] -->\/* Sticky header with proper background and no thin lines *\/<!-- [et_pb_line_break_holder] -->.comparison-table table th {<!-- [et_pb_line_break_holder] -->  background-color: #3b81f7;<!-- [et_pb_line_break_holder] -->  background-clip: border-box;<!-- [et_pb_line_break_holder] -->  position: sticky;<!-- [et_pb_line_break_holder] -->  top: 0;<!-- [et_pb_line_break_holder] -->  z-index: 2;<!-- [et_pb_line_break_holder] -->}<!-- [et_pb_line_break_holder] --><!-- [et_pb_line_break_holder] -->\/* Optional: Ensure clean left and right borders *\/<!-- [et_pb_line_break_holder] -->.comparison-table table th:first-child {<!-- [et_pb_line_break_holder] -->  border-left: 1px solid #cccccc;<!-- [et_pb_line_break_holder] -->}<!-- [et_pb_line_break_holder] --><!-- [et_pb_line_break_holder] -->.comparison-table table th:last-child {<!-- [et_pb_line_break_holder] -->  border-right: 1px solid #cccccc;<!-- [et_pb_line_break_holder] -->}<!-- [et_pb_line_break_holder] --><\/style>\n<p><!-- [et_pb_line_break_holder] --><!-- [et_pb_line_break_holder] --><!-- \u2705 Comparison Table Wrapper --><!-- [et_pb_line_break_holder] --><\/p>\n<div class=\"comparison-table\" style=\"width: 100%; font-family: Arial, sans-serif; font-size: 16px; margin: 40px 0; overflow-x: auto;\"><!-- [et_pb_line_break_holder] --><!-- [et_pb_line_break_holder] -->  <!-- \u2705 Inner scrollable container to enable sticky header --><!-- [et_pb_line_break_holder] -->  <\/p>\n<div style=\"max-height: 600px; overflow-y: auto;\"><!-- [et_pb_line_break_holder] --><!-- [et_pb_line_break_holder] -->    <!-- \u2705 Table with collapse borders for clean lines --><!-- [et_pb_line_break_holder] -->    <\/p>\n<table style=\"width: 100%; border-collapse: collapse; min-width: 800px; color: #ffffff;\"><!-- [et_pb_line_break_holder] --><!-- [et_pb_line_break_holder] -->      <!-- \u2705 Table Header Row --><!-- [et_pb_line_break_holder] -->      <\/p>\n<thead><!-- [et_pb_line_break_holder] -->        <\/p>\n<tr><!-- [et_pb_line_break_holder] -->          <\/p>\n<th style=\"padding: 12px; text-align: left;\">Fonctionnalit\u00e9<\/th>\n<p><!-- [et_pb_line_break_holder] -->          <\/p>\n<th style=\"padding: 12px; text-align: center;\">ChatAgentLab<\/th>\n<p><!-- [et_pb_line_break_holder] -->          <\/p>\n<th style=\"padding: 12px; text-align: center;\">Agents de conversation IA<\/th>\n<p><!-- [et_pb_line_break_holder] -->          <\/p>\n<th style=\"padding: 12px; text-align: center;\">Chatbots traditionnels<\/th>\n<p><!-- [et_pb_line_break_holder] -->          <\/p>\n<th style=\"padding: 12px; text-align: center;\">Agents de chat en direct<\/th>\n<p><!-- [et_pb_line_break_holder] -->        <\/tr>\n<p><!-- [et_pb_line_break_holder] -->      <\/thead>\n<p><!-- [et_pb_line_break_holder] --><!-- [et_pb_line_break_holder] -->      <!-- \u2705 Table Body --><!-- [et_pb_line_break_holder] -->      <\/p>\n<tbody><!-- [et_pb_line_break_holder] -->        <\/p>\n<tr><!-- [et_pb_line_break_holder] -->          <\/p>\n<td style=\"padding: 12px;\">Conversations aliment\u00e9es par l&rsquo;IA<\/td>\n<p><!-- [et_pb_line_break_holder] -->          <\/p>\n<td style=\"padding: 12px; text-align: center;\">\u2705 LLM + formation sur mesure<\/td>\n<p><!-- [et_pb_line_break_holder] -->          <\/p>\n<td style=\"padding: 12px; text-align: center;\">\u2705 Formation limit\u00e9e, aliment\u00e9e par le LLM<\/td>\n<p><!-- [et_pb_line_break_holder] -->          <\/p>\n<td style=\"padding: 12px; text-align: center;\">\u26a0\ufe0f Bas\u00e9 sur des r\u00e8gles \/ sc\u00e9naris\u00e9<\/td>\n<p><!-- [et_pb_line_break_holder] -->          <\/p>\n<td style=\"padding: 12px; text-align: center;\">\u274c Uniquement pour l&rsquo;homme<\/td>\n<p><!-- [et_pb_line_break_holder] -->        <\/tr>\n<p><!-- [et_pb_line_break_holder] --><!-- [et_pb_line_break_holder] -->        <\/p>\n<tr><!-- [et_pb_line_break_holder] -->          <\/p>\n<td style=\"padding: 12px;\">Formation personnalis\u00e9e aux donn\u00e9es<\/td>\n<p><!-- [et_pb_line_break_holder] -->          <\/p>\n<td style=\"padding: 12px; text-align: center;\">\u2705 T\u00e9l\u00e9charger des documents et des donn\u00e9es<\/td>\n<p><!-- [et_pb_line_break_holder] -->          <\/p>\n<td style=\"padding: 12px; text-align: center;\">\u26a0\ufe0f Limit\u00e9 \/ bas\u00e9 sur l&rsquo;API<\/td>\n<p><!-- [et_pb_line_break_holder] -->          <\/p>\n<td style=\"padding: 12px; text-align: center;\">\u274c Minimale ou nulle<\/td>\n<p><!-- [et_pb_line_break_holder] -->          <\/p>\n<td style=\"padding: 12px; text-align: center;\">\u2705 M\u00e9moire humaine (incoh\u00e9rente)<\/td>\n<p><!-- [et_pb_line_break_holder] -->        <\/tr>\n<p><!-- [et_pb_line_break_holder] --><!-- [et_pb_line_break_holder] -->        <\/p>\n<tr><!-- [et_pb_line_break_holder] -->          <\/p>\n<td style=\"padding: 12px;\">Support multi-agents et multi-projets<\/td>\n<p><!-- [et_pb_line_break_holder] -->          <\/p>\n<td style=\"padding: 12px; text-align: center;\">\u2705 Soutien aux autochtones<\/td>\n<p><!-- [et_pb_line_break_holder] -->          <\/p>\n<td style=\"padding: 12px; text-align: center;\">\u26a0\ufe0f Principalement \u00e0 agent unique<\/td>\n<p><!-- [et_pb_line_break_holder] -->          <\/p>\n<td style=\"padding: 12px; text-align: center;\">\u274c Limit\u00e9e<\/td>\n<p><!-- [et_pb_line_break_holder] -->          <\/p>\n<td style=\"padding: 12px; text-align: center;\">\u274c Limites de la capacit\u00e9 du personnel<\/td>\n<p><!-- [et_pb_line_break_holder] -->        <\/tr>\n<p><!-- [et_pb_line_break_holder] --><!-- [et_pb_line_break_holder] -->        <\/p>\n<tr><!-- [et_pb_line_break_holder] -->          <\/p>\n<td style=\"padding: 12px;\">Cas d&rsquo;utilisation interne et externe<\/td>\n<p><!-- [et_pb_line_break_holder] -->          <\/p>\n<td style=\"padding: 12px; text-align: center;\">\u2705 Couvre \u00e0 la fois<\/td>\n<p><!-- [et_pb_line_break_holder] -->          <\/p>\n<td style=\"padding: 12px; text-align: center;\">\u26a0\ufe0f Principalement externe<\/td>\n<p><!-- [et_pb_line_break_holder] -->          <\/p>\n<td style=\"padding: 12px; text-align: center;\">\u26a0\ufe0f Principalement externe<\/td>\n<p><!-- [et_pb_line_break_holder] -->          <\/p>\n<td style=\"padding: 12px; text-align: center;\">\u274c Co\u00fbts internes de mise \u00e0 l&rsquo;\u00e9chelle<\/td>\n<p><!-- [et_pb_line_break_holder] -->        <\/tr>\n<p><!-- [et_pb_line_break_holder] --><!-- [et_pb_line_break_holder] -->        <\/p>\n<tr><!-- [et_pb_line_break_holder] -->          <\/p>\n<td style=\"padding: 12px;\">D\u00e9ploiement multicanal<\/td>\n<p><!-- [et_pb_line_break_holder] -->          <\/p>\n<td style=\"padding: 12px; text-align: center;\">\u2705 Web, social, courriel, applications de chat<\/td>\n<p><!-- [et_pb_line_break_holder] -->          <\/p>\n<td style=\"padding: 12px; text-align: center;\">\u26a0\ufe0f En fonction de la plate-forme<\/td>\n<p><!-- [et_pb_line_break_holder] -->          <\/p>\n<td style=\"padding: 12px; text-align: center;\">\u26a0\ufe0f Principalement sur le web<\/td>\n<p><!-- [et_pb_line_break_holder] -->          <\/p>\n<td style=\"padding: 12px; text-align: center;\">\u26a0\ufe0f Limit\u00e9 par le personnel<\/td>\n<p><!-- [et_pb_line_break_holder] -->        <\/tr>\n<p><!-- [et_pb_line_break_holder] --><!-- [et_pb_line_break_holder] -->        <\/p>\n<tr><!-- [et_pb_line_break_holder] -->          <\/p>\n<td style=\"padding: 12px;\">Personnalisation des invites et des flux de travail<\/td>\n<p><!-- [et_pb_line_break_holder] -->          <\/p>\n<td style=\"padding: 12px; text-align: center;\">\u2705 Enti\u00e8rement personnalisable<\/td>\n<p><!-- [et_pb_line_break_holder] -->          <\/p>\n<td style=\"padding: 12px; text-align: center;\">\u26a0\ufe0f Comp\u00e9tences requises en mati\u00e8re de d\u00e9veloppement<\/td>\n<p><!-- [et_pb_line_break_holder] -->          <\/p>\n<td style=\"padding: 12px; text-align: center;\">\u26a0\ufe0f Flux lin\u00e9aires uniquement<\/td>\n<p><!-- [et_pb_line_break_holder] -->          <\/p>\n<td style=\"padding: 12px; text-align: center;\">\u274c D\u00e9pendante de l&rsquo;homme<\/td>\n<p><!-- [et_pb_line_break_holder] -->        <\/tr>\n<p><!-- [et_pb_line_break_holder] --><!-- [et_pb_line_break_holder] -->        <\/p>\n<tr><!-- [et_pb_line_break_holder] -->          <\/p>\n<td style=\"padding: 12px;\">Analyse et apprentissage continu<\/td>\n<p><!-- [et_pb_line_break_holder] -->          <\/p>\n<td style=\"padding: 12px; text-align: center;\">\u2705 Informations int\u00e9gr\u00e9es<\/td>\n<p><!-- [et_pb_line_break_holder] -->          <\/p>\n<td style=\"padding: 12px; text-align: center;\">\u2705 Configuration complexe<\/td>\n<p><!-- [et_pb_line_break_holder] -->          <\/p>\n<td style=\"padding: 12px; text-align: center;\">\u26a0\ufe0f Rapports de base<\/td>\n<p><!-- [et_pb_line_break_holder] -->          <\/p>\n<td style=\"padding: 12px; text-align: center;\">\u26a0\ufe0f N\u00e9cessit\u00e9 d&rsquo;une r\u00e9vision du manuel<\/td>\n<p><!-- [et_pb_line_break_holder] -->        <\/tr>\n<p><!-- [et_pb_line_break_holder] --><!-- [et_pb_line_break_holder] -->        <\/p>\n<tr><!-- [et_pb_line_break_holder] -->          <\/p>\n<td style=\"padding: 12px;\">\u00c9volutivit\u00e9 et rentabilit\u00e9<\/td>\n<p><!-- [et_pb_line_break_holder] -->          <\/p>\n<td style=\"padding: 12px; text-align: center;\">\u2705 Hautement \u00e9volutif et rentable<\/td>\n<p><!-- [et_pb_line_break_holder] -->          <\/p>\n<td style=\"padding: 12px; text-align: center;\">\u26a0\ufe0f Le co\u00fbt augmente avec l&rsquo;utilisation<\/td>\n<p><!-- [et_pb_line_break_holder] -->          <\/p>\n<td style=\"padding: 12px; text-align: center;\">\u26a0\ufe0f Co\u00fbteux \u00e0 mesure que la complexit\u00e9 augmente<\/td>\n<p><!-- [et_pb_line_break_holder] -->          <\/p>\n<td style=\"padding: 12px; text-align: center;\">\u274c Co\u00fbts de mise \u00e0 l&rsquo;\u00e9chelle<\/td>\n<p><!-- [et_pb_line_break_holder] -->        <\/tr>\n<p><!-- [et_pb_line_break_holder] --><!-- [et_pb_line_break_holder] -->        <\/p>\n<tr><!-- [et_pb_line_break_holder] -->          <\/p>\n<td style=\"padding: 12px;\">Disponibilit\u00e9 24 heures sur 24, 7 jours sur 7<\/td>\n<p><!-- [et_pb_line_break_holder] -->          <\/p>\n<td style=\"padding: 12px; text-align: center;\">\u2705 Oui, toujours en service<\/td>\n<p><!-- [et_pb_line_break_holder] -->          <\/p>\n<td style=\"padding: 12px; text-align: center;\">\u2705 Oui<\/td>\n<p><!-- [et_pb_line_break_holder] -->          <\/p>\n<td style=\"padding: 12px; text-align: center;\">\u2705 Si l&rsquo;automatisation<\/td>\n<p><!-- [et_pb_line_break_holder] -->          <\/p>\n<td style=\"padding: 12px; text-align: center;\">\u274c Limites du personnel<\/td>\n<p><!-- [et_pb_line_break_holder] -->        <\/tr>\n<p><!-- [et_pb_line_break_holder] --><!-- [et_pb_line_break_holder] -->        <\/p>\n<tr><!-- [et_pb_line_break_holder] -->          <\/p>\n<td style=\"padding: 12px;\">Facilit\u00e9 d&rsquo;utilisation pour les non-initi\u00e9s<\/td>\n<p><!-- [et_pb_line_break_holder] -->          <\/p>\n<td style=\"padding: 12px; text-align: center;\">\u2705 Simple, sans code<\/td>\n<p><!-- [et_pb_line_break_holder] -->          <\/p>\n<td style=\"padding: 12px; text-align: center;\">\u26a0\ufe0f Ax\u00e9 sur le d\u00e9veloppement<\/td>\n<p><!-- [et_pb_line_break_holder] -->          <\/p>\n<td style=\"padding: 12px; text-align: center;\">\u26a0\ufe0f Courbe d&rsquo;apprentissage abrupte<\/td>\n<p><!-- [et_pb_line_break_holder] -->          <\/p>\n<td style=\"padding: 12px; text-align: center;\">\u2705 Respectueux de l&rsquo;homme<\/td>\n<p><!-- [et_pb_line_break_holder] -->        <\/tr>\n<p><!-- [et_pb_line_break_holder] --><!-- [et_pb_line_break_holder] -->      <\/tbody>\n<p><!-- [et_pb_line_break_holder] -->    <\/table>\n<p><!-- [et_pb_line_break_holder] --><!-- [et_pb_line_break_holder] -->  <\/div>\n<p> <!-- End of scrollable container --><!-- [et_pb_line_break_holder] --><\/div>\n<p> <!-- End of comparison table --><!-- [et_pb_line_break_holder] -->[\/et_pb_code][\/et_pb_column][\/et_pb_row][et_pb_row _builder_version=\u00a0\u00bb4.27.4&Prime; _module_preset=\u00a0\u00bbdefault\u00a0\u00bb global_colors_info=\u00a0\u00bb{}\u00a0\u00bb][et_pb_column type=\u00a0\u00bb4_4&Prime; _builder_version=\u00a0\u00bb4.27.4&Prime; _module_preset=\u00a0\u00bbdefault\u00a0\u00bb global_colors_info=\u00a0\u00bb{}\u00a0\u00bb][et_pb_button button_url=\u00a0\u00bb@ET-DC@eyJkeW5hbWljIjp0cnVlLCJjb250ZW50IjoicG9zdF9saW5rX3VybF9wYWdlIiwic2V0dGluZ3MiOnsicG9zdF9pZCI6IjkzMjI2MyJ9fQ==@\u00a0\u00bb button_text=\u00a0\u00bbD\u00e9marrer l&#039;essai gratuit\u00a0\u00bb button_alignment=\u00a0\u00bbcenter\u00a0\u00bb _builder_version=\u00a0\u00bb4.27.4&Prime; _dynamic_attributes=\u00a0\u00bbbutton_url\u00a0\u00bb _module_preset=\u00a0\u00bbdefault\u00a0\u00bb custom_button=\u00a0\u00bbon\u00a0\u00bb button_text_size=\u00a0\u00bb16px\u00a0\u00bb button_bg_color=\u00a0\u00bb#316de7&Prime; button_bg_use_color_gradient=\u00a0\u00bbon\u00a0\u00bb button_bg_color_gradient_direction=\u00a0\u00bb90deg\u00a0\u00bb button_bg_color_gradient_stops=\u00a0\u00bb#2e5be4 0%|#3aa3ee 100%\u00a0\u00bb button_bg_color_gradient_overlays_image=\u00a0\u00bbon\u00a0\u00bb button_border_width=\u00a0\u00bb0px\u00a0\u00bb button_border_color=\u00a0\u00bb#2e5be4&Prime; button_icon=\u00a0\u00bb&#x45;||divi||400&Prime; button_icon_color=\u00a0\u00bb#FFFFFF\u00a0\u00bb background_layout=\u00a0\u00bbdark\u00a0\u00bb custom_margin=\u00a0\u00bb||12px||false|false\u00a0\u00bb custom_padding=\u00a0\u00bb10px|30px|10px|30px|false|false\u00a0\u00bb global_colors_info=\u00a0\u00bb{}\u00a0\u00bb][\/et_pb_button][et_pb_text disabled_on=\u00a0\u00bboff|off|off\u00a0\u00bb _builder_version=\u00a0\u00bb4.27.4&Prime; _module_preset=\u00a0\u00bbdefault\u00a0\u00bb text_orientation=\u00a0\u00bbcenter\u00a0\u00bb background_layout=\u00a0\u00bbdark\u00a0\u00bb custom_margin=\u00a0\u00bb||60px|||\u00a0\u00bb global_colors_info=\u00a0\u00bb{}\u00a0\u00bb]<\/p>\n<p>\ud83d\udc49 3 jours d&rsquo;essai gratuit<\/p>\n<p>[\/et_pb_text][\/et_pb_column][\/et_pb_row][\/et_pb_section]<\/p>\n","protected":false},"excerpt":{"rendered":"<p>Comparison ChatAgentLab vs Autres D\u00e9couvrez comment ChatAgentLab se compare \u00e0 d&rsquo;autres agents de chat IA, \u00e0 des chatbots traditionnels et \u00e0 des solutions de chat en direct, afin que vous puissiez choisir la mani\u00e8re la plus intelligente d&rsquo;intensifier les conversations, \u00e0 la fois externes et internes. \ud83d\udc49 Balayez vers la gauche pour faire d\u00e9filer le [&hellip;]<\/p>\n","protected":false},"author":1,"featured_media":0,"parent":0,"menu_order":0,"comment_status":"closed","ping_status":"closed","template":"","meta":{"_et_pb_use_builder":"on","_et_pb_old_content":"","_et_gb_content_width":"","inline_featured_image":false,"footnotes":""},"class_list":["post-934724","page","type-page","status-publish","hentry"],"_links":{"self":[{"href":"https:\/\/chatagentlab.com\/fr\/wp-json\/wp\/v2\/pages\/934724","targetHints":{"allow":["GET"]}}],"collection":[{"href":"https:\/\/chatagentlab.com\/fr\/wp-json\/wp\/v2\/pages"}],"about":[{"href":"https:\/\/chatagentlab.com\/fr\/wp-json\/wp\/v2\/types\/page"}],"author":[{"embeddable":true,"href":"https:\/\/chatagentlab.com\/fr\/wp-json\/wp\/v2\/users\/1"}],"replies":[{"embeddable":true,"href":"https:\/\/chatagentlab.com\/fr\/wp-json\/wp\/v2\/comments?post=934724"}],"version-history":[{"count":2,"href":"https:\/\/chatagentlab.com\/fr\/wp-json\/wp\/v2\/pages\/934724\/revisions"}],"predecessor-version":[{"id":934726,"href":"https:\/\/chatagentlab.com\/fr\/wp-json\/wp\/v2\/pages\/934724\/revisions\/934726"}],"wp:attachment":[{"href":"https:\/\/chatagentlab.com\/fr\/wp-json\/wp\/v2\/media?parent=934724"}],"curies":[{"name":"wp","href":"https:\/\/api.w.org\/{rel}","templated":true}]}}