{"id":933916,"date":"2025-04-01T19:20:05","date_gmt":"2025-04-01T19:20:05","guid":{"rendered":"https:\/\/chatagentlab.com\/analyses-de-lagent\/"},"modified":"2025-04-01T20:19:07","modified_gmt":"2025-04-01T20:19:07","slug":"analyses-de-lagent","status":"publish","type":"page","link":"https:\/\/chatagentlab.com\/fr\/analyses-de-lagent\/","title":{"rendered":"Analyses de l\u2019agent"},"content":{"rendered":"<p>[et_pb_section fb_built=\u00a0\u00bb1&Prime; custom_padding_last_edited=\u00a0\u00bbon|phone\u00a0\u00bb next_background_color=\u00a0\u00bb#ffffff\u00a0\u00bb admin_label=\u00a0\u00bbBlog\u00a0\u00bb _builder_version=\u00a0\u00bb4.17.6&Prime; background_color=\u00a0\u00bb#f5f7fa\u00a0\u00bb background_enable_image=\u00a0\u00bboff\u00a0\u00bb custom_padding_tablet=\u00a0\u00bb0px||0px||true|false\u00a0\u00bb custom_padding_phone=\u00a0\u00bb\u00a0\u00bb bottom_divider_style=\u00a0\u00bbarrow\u00a0\u00bb locked=\u00a0\u00bboff\u00a0\u00bb global_colors_info=\u00a0\u00bb{}\u00a0\u00bb][et_pb_row custom_padding_last_edited=\u00a0\u00bboff|phone\u00a0\u00bb _builder_version=\u00a0\u00bb4.27.2&Prime; width_tablet=\u00a0\u00bb100%\u00a0\u00bb width_phone=\u00a0\u00bb\u00a0\u00bb width_last_edited=\u00a0\u00bbon|phone\u00a0\u00bb custom_margin=\u00a0\u00bb||||false|false\u00a0\u00bb custom_margin_last_edited=\u00a0\u00bboff|tablet\u00a0\u00bb custom_padding=\u00a0\u00bb||||false|false\u00a0\u00bb custom_padding_phone=\u00a0\u00bb||||false|false\u00a0\u00bb global_colors_info=\u00a0\u00bb{}\u00a0\u00bb][et_pb_column type=\u00a0\u00bb4_4&Prime; _builder_version=\u00a0\u00bb4.16&Prime; global_colors_info=\u00a0\u00bb{}\u00a0\u00bb][et_pb_text content_tablet=\u00a0\u00bb<\/p>\n<h1>La rencontre d&apos;un r\u00e9f\u00e9rencement avanc\u00e9 et d&apos;une technologie d&apos;h\u00e9bergement de pointe<\/h1>\n<p>\u00a0\u00bb content_phone=\u00a0\u00bb<\/p>\n<h1>La rencontre d&apos;un r\u00e9f\u00e9rencement avanc\u00e9 et d&apos;une technologie d&apos;h\u00e9bergement de pointe<\/h1>\n<p>\u00a0\u00bb content_last_edited=\u00a0\u00bboff|desktop\u00a0\u00bb _builder_version=\u00a0\u00bb4.27.2&Prime; _module_preset=\u00a0\u00bbdefault\u00a0\u00bb header_font=\u00a0\u00bb|700|||||||\u00a0\u00bb header_text_align=\u00a0\u00bbcenter\u00a0\u00bb header_text_color=\u00a0\u00bb#111828&Prime; header_font_size=\u00a0\u00bb50px\u00a0\u00bb header_line_height=\u00a0\u00bb1.4em\u00a0\u00bb background_layout=\u00a0\u00bbdark\u00a0\u00bb custom_margin=\u00a0\u00bb|20px|30px|0px|false|false\u00a0\u00bb custom_padding=\u00a0\u00bb||0px|||\u00a0\u00bb custom_padding_tablet=\u00a0\u00bb50px||||false|false\u00a0\u00bb custom_padding_phone=\u00a0\u00bb50px||||false|false\u00a0\u00bb custom_padding_last_edited=\u00a0\u00bbon|tablet\u00a0\u00bb header_font_tablet=\u00a0\u00bbRoboto|300|||||||\u00a0\u00bb header_font_phone=\u00a0\u00bbRoboto|300|||||||\u00a0\u00bb header_font_last_edited=\u00a0\u00bboff|desktop\u00a0\u00bb header_font_size_tablet=\u00a0\u00bb40px\u00a0\u00bb header_font_size_phone=\u00a0\u00bb35px\u00a0\u00bb header_font_size_last_edited=\u00a0\u00bbon|tablet\u00a0\u00bb global_colors_info=\u00a0\u00bb%91%93&Prime;]<\/p>\n<h1><span style=\"color: #38b6ff;\">Analyses<\/span> de l\u2019agent<\/h1>\n<p>[\/et_pb_text][et_pb_text _builder_version=\u00a0\u00bb4.27.4&Prime; _module_preset=\u00a0\u00bbdefault\u00a0\u00bb custom_padding_tablet=\u00a0\u00bb|30px||30px|false|false\u00a0\u00bb custom_padding_phone=\u00a0\u00bb|30px||30px|false|false\u00a0\u00bb custom_padding_last_edited=\u00a0\u00bbon|phone\u00a0\u00bb hover_enabled=\u00a0\u00bb0&Prime; global_colors_info=\u00a0\u00bb%91%93&Prime; text_orientation=\u00a0\u00bbcenter\u00a0\u00bb text_font_size=\u00a0\u00bb16px\u00a0\u00bb text_font=\u00a0\u00bb|700|||||||\u00a0\u00bb sticky_enabled=\u00a0\u00bb0&Prime;]<\/p>\n<p>Des informations plus pr\u00e9cises pour des agents plus intelligents.<\/p>\n<p>[\/et_pb_text][et_pb_post_slider posts_number=\u00a0\u00bb5&Prime; include_categories=\u00a0\u00bb27,20&Prime; show_image=\u00a0\u00bboff\u00a0\u00bb use_bg_overlay=\u00a0\u00bboff\u00a0\u00bb dot_nav_custom_color=\u00a0\u00bbrgba(0,0,0,0.25)\u00a0\u00bb _builder_version=\u00a0\u00bb4.27.2&Prime; header_font=\u00a0\u00bb||||||||\u00a0\u00bb header_text_align=\u00a0\u00bbcenter\u00a0\u00bb header_font_size=\u00a0\u00bb30px\u00a0\u00bb header_line_height=\u00a0\u00bb1.5em\u00a0\u00bb body_font=\u00a0\u00bb||||||||\u00a0\u00bb body_text_align=\u00a0\u00bbleft\u00a0\u00bb body_font_size=\u00a0\u00bb16px\u00a0\u00bb body_line_height=\u00a0\u00bb2em\u00a0\u00bb meta_font=\u00a0\u00bb|600|||||||\u00a0\u00bb meta_text_color=\u00a0\u00bb#ff6d29&Prime; background_color=\u00a0\u00bbrgba(0,0,0,0)\u00a0\u00bb custom_button=\u00a0\u00bbon\u00a0\u00bb button_text_size=\u00a0\u00bb14px\u00a0\u00bb button_text_color=\u00a0\u00bb#3f3fff\u00a0\u00bb button_border_width=\u00a0\u00bb2px\u00a0\u00bb button_border_color=\u00a0\u00bb#3f3fff\u00a0\u00bb button_border_radius=\u00a0\u00bb0px\u00a0\u00bb button_letter_spacing=\u00a0\u00bb1px\u00a0\u00bb button_font=\u00a0\u00bb|700||on|||||\u00a0\u00bb button_custom_padding=\u00a0\u00bb16px|28px|16px|28px|true|true\u00a0\u00bb background_layout=\u00a0\u00bblight\u00a0\u00bb custom_padding=\u00a0\u00bb0px||90px||false|false\u00a0\u00bb header_font_size_tablet=\u00a0\u00bb30px\u00a0\u00bb header_font_size_phone=\u00a0\u00bb20px\u00a0\u00bb header_font_size_last_edited=\u00a0\u00bbon|phone\u00a0\u00bb body_font_size_tablet=\u00a0\u00bb\u00a0\u00bb body_font_size_phone=\u00a0\u00bb14px\u00a0\u00bb body_font_size_last_edited=\u00a0\u00bbon|desktop\u00a0\u00bb body_line_height_tablet=\u00a0\u00bb\u00a0\u00bb body_line_height_phone=\u00a0\u00bb1.6em\u00a0\u00bb body_line_height_last_edited=\u00a0\u00bbon|desktop\u00a0\u00bb global_colors_info=\u00a0\u00bb{}\u00a0\u00bb button_text_size__hover_enabled=\u00a0\u00bboff\u00a0\u00bb button_text_color__hover_enabled=\u00a0\u00bboff\u00a0\u00bb button_bg_color__hover=\u00a0\u00bb#ff8a3d\u00a0\u00bb button_bg_color__hover_enabled=\u00a0\u00bboff\u00a0\u00bb button_border_width__hover_enabled=\u00a0\u00bboff\u00a0\u00bb button_border_color__hover=\u00a0\u00bb#ff8a3d\u00a0\u00bb button_border_color__hover_enabled=\u00a0\u00bboff\u00a0\u00bb button_border_radius__hover=\u00a0\u00bb100px\u00a0\u00bb button_border_radius__hover_enabled=\u00a0\u00bboff\u00a0\u00bb button_letter_spacing__hover=\u00a0\u00bb5px\u00a0\u00bb button_letter_spacing__hover_enabled=\u00a0\u00bboff\u00a0\u00bb][\/et_pb_post_slider][\/et_pb_column][\/et_pb_row][\/et_pb_section][et_pb_section fb_built=\u00a0\u00bb1&Prime; _builder_version=\u00a0\u00bb4.17.6&Prime; _module_preset=\u00a0\u00bbdefault\u00a0\u00bb global_colors_info=\u00a0\u00bb{}\u00a0\u00bb][et_pb_row _builder_version=\u00a0\u00bb4.17.6&Prime; _module_preset=\u00a0\u00bbdefault\u00a0\u00bb global_colors_info=\u00a0\u00bb{}\u00a0\u00bb][et_pb_column type=\u00a0\u00bb4_4&Prime; _builder_version=\u00a0\u00bb4.17.6&Prime; _module_preset=\u00a0\u00bbdefault\u00a0\u00bb global_colors_info=\u00a0\u00bb{}\u00a0\u00bb][et_pb_blog posts_number=\u00a0\u00bb6&Prime; include_categories=\u00a0\u00bb27,20&Prime; show_thumbnail=\u00a0\u00bboff\u00a0\u00bb show_more=\u00a0\u00bbon\u00a0\u00bb _builder_version=\u00a0\u00bb4.27.2&Prime; _module_preset=\u00a0\u00bbdefault\u00a0\u00bb global_colors_info=\u00a0\u00bb{}\u00a0\u00bb][\/et_pb_blog][\/et_pb_column][\/et_pb_row][\/et_pb_section][et_pb_section fb_built=\u00a0\u00bb1&Prime; _builder_version=\u00a0\u00bb4.18.0&Prime; _module_preset=\u00a0\u00bbdefault\u00a0\u00bb custom_padding=\u00a0\u00bb4px||50px|||\u00a0\u00bb saved_tabs=\u00a0\u00bball\u00a0\u00bb global_colors_info=\u00a0\u00bb{}\u00a0\u00bb][et_pb_row _builder_version=\u00a0\u00bb4.18.0&Prime; _module_preset=\u00a0\u00bbdefault\u00a0\u00bb global_colors_info=\u00a0\u00bb{}\u00a0\u00bb][et_pb_column type=\u00a0\u00bb4_4&Prime; _builder_version=\u00a0\u00bb4.18.0&Prime; _module_preset=\u00a0\u00bbdefault\u00a0\u00bb global_colors_info=\u00a0\u00bb{}\u00a0\u00bb][et_pb_text _builder_version=\u00a0\u00bb4.27.2&Prime; _module_preset=\u00a0\u00bbdefault\u00a0\u00bb custom_padding=\u00a0\u00bb|||20px|false|false\u00a0\u00bb border_width_left=\u00a0\u00bb5px\u00a0\u00bb border_color_left=\u00a0\u00bb#38b6ff\u00a0\u00bb global_colors_info=\u00a0\u00bb%91%93&Prime;]<\/p>\n<p><strong>PUBLICIT\u00c9<\/strong><strong><\/strong><\/p>\n<p><strong>Vous souhaitez commencer \u00e0 investir ?<br \/><\/strong> eToro est l&rsquo;une des plateformes de trading en ligne les plus c\u00e9l\u00e8bres, avec plus de 30 millions d&rsquo;utilisateurs, et elle est class\u00e9e en t\u00eate de notre liste des 5 meilleures bourses. De nombreuses fonctionnalit\u00e9s suppl\u00e9mentaires et des outils innovants ont \u00e9t\u00e9 d\u00e9cisifs pour son classement. <\/p>\n<p>[\/et_pb_text][\/et_pb_column][\/et_pb_row][et_pb_row column_structure=\u00a0\u00bb1_4,1_2,1_4&Prime; _builder_version=\u00a0\u00bb4.18.0&Prime; _module_preset=\u00a0\u00bbdefault\u00a0\u00bb background_color=\u00a0\u00bb#FFFFFF\u00a0\u00bb custom_padding=\u00a0\u00bb|15px||15px|false|false\u00a0\u00bb box_shadow_style=\u00a0\u00bbpreset1&Prime; global_colors_info=\u00a0\u00bb{}\u00a0\u00bb][et_pb_column type=\u00a0\u00bb1_4&Prime; _builder_version=\u00a0\u00bb4.18.0&Prime; _module_preset=\u00a0\u00bbdefault\u00a0\u00bb global_colors_info=\u00a0\u00bb{}\u00a0\u00bb][dsm_text_badges main_text=\u00a0\u00bb \u00a0\u00bb badges_text=\u00a0\u00bbRecommand\u00e9\u00a0\u00bb badges_background_color=\u00a0\u00bb#00b800&Prime; _builder_version=\u00a0\u00bb4.27.2&Prime; _module_preset=\u00a0\u00bbdefault\u00a0\u00bb badges_font=\u00a0\u00bbArial|600||on|||||\u00a0\u00bb badges_text_color=\u00a0\u00bb#FFFFFF\u00a0\u00bb badges_letter_spacing=\u00a0\u00bb1px\u00a0\u00bb text_orientation=\u00a0\u00bbcenter\u00a0\u00bb global_colors_info=\u00a0\u00bb{}\u00a0\u00bb][\/dsm_text_badges][et_pb_image src=\u00a0\u00bbhttps:\/\/chatagentlab.com\/wp-content\/uploads\/2025\/02\/etoro-logo.png\u00a0\u00bb title_text=\u00a0\u00bbetoro-logo\u00a0\u00bb align=\u00a0\u00bbcenter\u00a0\u00bb _builder_version=\u00a0\u00bb4.18.0&Prime; _module_preset=\u00a0\u00bbdefault\u00a0\u00bb custom_margin=\u00a0\u00bb20px||||false|false\u00a0\u00bb global_colors_info=\u00a0\u00bb{}\u00a0\u00bb][\/et_pb_image][\/et_pb_column][et_pb_column type=\u00a0\u00bb1_2&Prime; _builder_version=\u00a0\u00bb4.18.0&Prime; _module_preset=\u00a0\u00bbdefault\u00a0\u00bb global_colors_info=\u00a0\u00bb{}\u00a0\u00bb][et_pb_text _builder_version=\u00a0\u00bb4.20.0&Prime; _module_preset=\u00a0\u00bbdefault\u00a0\u00bb global_colors_info=\u00a0\u00bb%91%93&Prime;]<\/p>\n<p><span style=\"text-decoration: underline;\">Avantages<\/span><\/p>\n<p><span>\u2714 <\/span>Enregistr\u00e9 aupr\u00e8s de plusieurs autorit\u00e9s de surveillance financi\u00e8re.<\/p>\n<p><span>\u2714 <\/span>Frais r\u00e9duits.<\/p>\n<p><span>\u2714 C&rsquo;est actuellement la plateforme la plus conviviale du march\u00e9. Vous pouvez ouvrir un compte et effectuer votre premi\u00e8re transaction en quelques minutes. <\/span><\/p>\n<p><span>\u2714 Bourse s\u00fbre et populaire avec plus de 30 millions d&rsquo;utilisateurs enregistr\u00e9s.<\/span><\/p>\n<p><span>\u2714 Offre de trading dans une grande vari\u00e9t\u00e9 d&rsquo;actifs ; Stocs, Currencies, Crypto, Commodities, ETFs et indices.<\/span><\/p>\n<p>[\/et_pb_text][et_pb_text _builder_version=\u00a0\u00bb4.20.0&Prime; _module_preset=\u00a0\u00bbdefault\u00a0\u00bb global_colors_info=\u00a0\u00bb%91%93&Prime;]<\/p>\n<p><span style=\"text-decoration: underline;\">Cons<\/span><\/p>\n<p>Frais d&rsquo;inactivit\u00e9 de 10 USD si vous ne vous connectez pas dans les 12 mois<strong>. <\/strong><\/p>\n<p><strong>\u2717 <\/strong>Uniquement une assistance par ticket, pas d&rsquo;assistance t\u00e9l\u00e9phonique.<\/p>\n<p>[\/et_pb_text][\/et_pb_column][et_pb_column type=\u00a0\u00bb1_4&Prime; _builder_version=\u00a0\u00bb4.18.0&Prime; _module_preset=\u00a0\u00bbdefault\u00a0\u00bb global_colors_info=\u00a0\u00bb{}\u00a0\u00bb][et_pb_button button_url=\u00a0\u00bbhttps:\/\/med.etoro.com\/B12087_A67536_TClick_Sinvestortoplist.aspx\u00a0\u00bb button_text=\u00a0\u00bbVisitez eToro\u00a0\u00bb button_alignment=\u00a0\u00bbcenter\u00a0\u00bb _builder_version=\u00a0\u00bb4.20.0&Prime; _module_preset=\u00a0\u00bbdefault\u00a0\u00bb custom_button=\u00a0\u00bbon\u00a0\u00bb button_text_color=\u00a0\u00bb#FFFFFF\u00a0\u00bb button_bg_color=\u00a0\u00bb#31e4c7&Prime; button_font=\u00a0\u00bbActor||||||||\u00a0\u00bb button_icon_color=\u00a0\u00bb#FFFFFF\u00a0\u00bb custom_margin=\u00a0\u00bb||0px||false|false\u00a0\u00bb global_colors_info=\u00a0\u00bb{}\u00a0\u00bb][\/et_pb_button][et_pb_text disabled_on=\u00a0\u00bboff|off|off\u00a0\u00bb _builder_version=\u00a0\u00bb4.27.2&Prime; background_color=\u00a0\u00bb#EAEAEA\u00a0\u00bb custom_margin=\u00a0\u00bb18px|||||\u00a0\u00bb custom_padding=\u00a0\u00bb15px|15px|15px|15px\u00a0\u00bb global_colors_info=\u00a0\u00bb%91%93&Prime;]<\/p>\n<p style=\"text-align: left;\">Avertissement sur les risques : 51 % des comptes CFD non professionnels perdent de l&rsquo;argent.<\/p>\n<p>[\/et_pb_text][et_pb_code _builder_version=\u00a0\u00bb4.22.2&Prime; _module_preset=\u00a0\u00bbdefault\u00a0\u00bb global_colors_info=\u00a0\u00bb{}\u00a0\u00bb]<script type=\"text\/javascript\" src=\"https:\/\/marketing.etorostatic.com\/ext\/latest\/js\/etoro.js\" async defer><\/script>[\/et_pb_code][\/et_pb_column][\/et_pb_row][et_pb_row _builder_version=\u00a0\u00bb4.18.0&Prime; _module_preset=\u00a0\u00bbdefault\u00a0\u00bb custom_padding=\u00a0\u00bb40px|||||\u00a0\u00bb global_colors_info=\u00a0\u00bb{}\u00a0\u00bb][et_pb_column type=\u00a0\u00bb4_4&Prime; _builder_version=\u00a0\u00bb4.18.0&Prime; _module_preset=\u00a0\u00bbdefault\u00a0\u00bb global_colors_info=\u00a0\u00bb{}\u00a0\u00bb][et_pb_icon font_icon=\u00a0\u00bb&#x3b;||divi||400&Prime; icon_color=\u00a0\u00bb#31e4c7&Prime; icon_width=\u00a0\u00bb40px\u00a0\u00bb _builder_version=\u00a0\u00bb4.18.0&Prime; _module_preset=\u00a0\u00bbdefault\u00a0\u00bb global_colors_info=\u00a0\u00bb{}\u00a0\u00bb][\/et_pb_icon][\/et_pb_column][\/et_pb_row][et_pb_row _builder_version=\u00a0\u00bb4.18.0&Prime; _module_preset=\u00a0\u00bbdefault\u00a0\u00bb custom_padding=\u00a0\u00bb5px|||||\u00a0\u00bb global_colors_info=\u00a0\u00bb{}\u00a0\u00bb][et_pb_column type=\u00a0\u00bb4_4&Prime; _builder_version=\u00a0\u00bb4.18.0&Prime; _module_preset=\u00a0\u00bbdefault\u00a0\u00bb global_colors_info=\u00a0\u00bb{}\u00a0\u00bb][et_pb_text _builder_version=\u00a0\u00bb4.27.2&Prime; background_color=\u00a0\u00bb#eaeaea\u00a0\u00bb custom_padding=\u00a0\u00bb25px|25px|25px|25px\u00a0\u00bb global_colors_info=\u00a0\u00bb%91%93&Prime;]<em><span small=\"\"><strong>Avertissement de risque :<\/strong> <\/span><\/em><\/p>\n<p>eToro est une plateforme multi-actifs qui propose \u00e0 la fois d&rsquo;investir dans des actions et des crypto-actifs, ainsi que de n\u00e9gocier des CFD.<\/p>\n<p>Veuillez noter que les CFD sont des instruments complexes et qu&rsquo;ils pr\u00e9sentent un risque \u00e9lev\u00e9 de perte rapide d&rsquo;argent en raison de l&rsquo;effet de levier. 51 % des comptes d&rsquo;investisseurs particuliers perdent de l&rsquo;argent en n\u00e9gociant des CFD avec ce fournisseur. Vous devez vous demander si vous comprenez le fonctionnement des CFD et si vous pouvez vous permettre de prendre le risque \u00e9lev\u00e9 de perdre votre argent.  <\/p>\n<p>Les performances pass\u00e9es ne sont pas une indication des r\u00e9sultats futurs. L&rsquo;historique des transactions pr\u00e9sent\u00e9 est inf\u00e9rieur \u00e0 5 ann\u00e9es compl\u00e8tes et peut ne pas constituer une base suffisante pour une d\u00e9cision d&rsquo;investissement. <\/p>\n<p>Copy trading est un service de gestion de portefeuille fourni par eToro (Europe) Ltd, qui est autoris\u00e9 et r\u00e9glement\u00e9 par la Cyprus Securities and Exchange Commission.<\/p>\n<p>Les investissements dans les crypto-actifs sont tr\u00e8s volatils et ne sont pas r\u00e9glement\u00e9s dans certains pays de l&rsquo;UE. Il n&rsquo;y a pas de protection des consommateurs. Une taxe sur les b\u00e9n\u00e9fices peut s&rsquo;appliquer.  <\/p>\n<p>eToro USA LLC n&rsquo;offre pas de CFD et ne fait aucune d\u00e9claration et n&rsquo;assume aucune responsabilit\u00e9 quant \u00e0 l&rsquo;exactitude ou l&rsquo;exhaustivit\u00e9 du contenu de cette publication, qui a \u00e9t\u00e9 pr\u00e9par\u00e9e par notre partenaire en utilisant des informations publiques non sp\u00e9cifiques \u00e0 une entit\u00e9 sur eToro.[\/et_pb_text][\/et_pb_column][\/et_pb_row][\/et_pb_section]<\/p>\n","protected":false},"excerpt":{"rendered":"<p>Analyses de l\u2019agentDes informations plus pr\u00e9cises pour des agents plus intelligents.PUBLICIT\u00c9 Vous souhaitez commencer \u00e0 investir ? eToro est l&rsquo;une des plateformes de trading en ligne les plus c\u00e9l\u00e8bres, avec plus de 30 millions d&rsquo;utilisateurs, et elle est class\u00e9e en t\u00eate de notre liste des 5 meilleures bourses. De nombreuses fonctionnalit\u00e9s suppl\u00e9mentaires et des outils [&hellip;]<\/p>\n","protected":false},"author":1,"featured_media":0,"parent":0,"menu_order":0,"comment_status":"closed","ping_status":"closed","template":"","meta":{"_et_pb_use_builder":"on","_et_pb_old_content":"","_et_gb_content_width":"","inline_featured_image":false,"footnotes":""},"class_list":["post-933916","page","type-page","status-publish","hentry"],"_links":{"self":[{"href":"https:\/\/chatagentlab.com\/fr\/wp-json\/wp\/v2\/pages\/933916","targetHints":{"allow":["GET"]}}],"collection":[{"href":"https:\/\/chatagentlab.com\/fr\/wp-json\/wp\/v2\/pages"}],"about":[{"href":"https:\/\/chatagentlab.com\/fr\/wp-json\/wp\/v2\/types\/page"}],"author":[{"embeddable":true,"href":"https:\/\/chatagentlab.com\/fr\/wp-json\/wp\/v2\/users\/1"}],"replies":[{"embeddable":true,"href":"https:\/\/chatagentlab.com\/fr\/wp-json\/wp\/v2\/comments?post=933916"}],"version-history":[{"count":2,"href":"https:\/\/chatagentlab.com\/fr\/wp-json\/wp\/v2\/pages\/933916\/revisions"}],"predecessor-version":[{"id":933918,"href":"https:\/\/chatagentlab.com\/fr\/wp-json\/wp\/v2\/pages\/933916\/revisions\/933918"}],"wp:attachment":[{"href":"https:\/\/chatagentlab.com\/fr\/wp-json\/wp\/v2\/media?parent=933916"}],"curies":[{"name":"wp","href":"https:\/\/api.w.org\/{rel}","templated":true}]}}