{"id":933628,"date":"2024-11-13T01:25:05","date_gmt":"2024-11-13T01:25:05","guid":{"rendered":"https:\/\/chatagentlab.com\/contactez-nous\/"},"modified":"2025-04-05T13:16:56","modified_gmt":"2025-04-05T13:16:56","slug":"contactez-nous","status":"publish","type":"page","link":"https:\/\/chatagentlab.com\/fr\/contactez-nous\/","title":{"rendered":"Contactez nous"},"content":{"rendered":"<p>[et_pb_section fb_built=\u00a0\u00bb1&Prime; admin_label=\u00a0\u00bbHeader\u00a0\u00bb _builder_version=\u00a0\u00bb4.27.4&Prime; _module_preset=\u00a0\u00bbdefault\u00a0\u00bb background_color=\u00a0\u00bb#030929&Prime; background_image=\u00a0\u00bbhttps:\/\/chatagentlab.com\/wp-content\/uploads\/2024\/11\/ai-40c.png\u00a0\u00bb background_size=\u00a0\u00bbcustom\u00a0\u00bb background_image_width=\u00a0\u00bb40%\u00a0\u00bb background_position=\u00a0\u00bbtop_right\u00a0\u00bb custom_padding=\u00a0\u00bb||12px|||\u00a0\u00bb collapsed=\u00a0\u00bbon\u00a0\u00bb global_colors_info=\u00a0\u00bb{}\u00a0\u00bb][et_pb_row _builder_version=\u00a0\u00bb4.19.2&Prime; _module_preset=\u00a0\u00bbdefault\u00a0\u00bb max_width=\u00a0\u00bb800px\u00a0\u00bb global_colors_info=\u00a0\u00bb{}\u00a0\u00bb][et_pb_column type=\u00a0\u00bb4_4&Prime; _builder_version=\u00a0\u00bb4.19.2&Prime; _module_preset=\u00a0\u00bbdefault\u00a0\u00bb global_colors_info=\u00a0\u00bb{}\u00a0\u00bb][et_pb_text _builder_version=\u00a0\u00bb4.27.4&Prime; _module_preset=\u00a0\u00bb13ecf174-a85f-4b15-a628-8b5ff9cad808&Prime; text_font=\u00a0\u00bbRoboto Mono|700||on|||||\u00a0\u00bb text_text_color=\u00a0\u00bb#0cf57e\u00a0\u00bb text_letter_spacing=\u00a0\u00bb1px\u00a0\u00bb text_line_height=\u00a0\u00bb1.4em\u00a0\u00bb header_4_font=\u00a0\u00bbRoboto Mono|700||on|||||\u00a0\u00bb header_4_text_color=\u00a0\u00bbgcid-afa30cf2-6f5d-4b9c-aa39-7dbe1ac3b7a3&Prime; header_4_font_size=\u00a0\u00bb14px\u00a0\u00bb header_4_letter_spacing=\u00a0\u00bb1px\u00a0\u00bb header_4_line_height=\u00a0\u00bb1.4em\u00a0\u00bb text_orientation=\u00a0\u00bbcenter\u00a0\u00bb background_layout=\u00a0\u00bbdark\u00a0\u00bb custom_margin=\u00a0\u00bb||40px||false|false\u00a0\u00bb global_colors_info=\u00a0\u00bb{%22gcid-afa30cf2-6f5d-4b9c-aa39-7dbe1ac3b7a3%22:%91%22header_4_text_color%22%93}\u00a0\u00bb]<\/p>\n<p>Un soutien r\u00e9el par des personnes r\u00e9elles<\/p>\n<p>[\/et_pb_text][et_pb_text _builder_version=\u00a0\u00bb4.24.3&Prime; _module_preset=\u00a0\u00bb1dacbcc0-4572-4570-a006-d481e09550a2&Prime; header_font=\u00a0\u00bbExo 2||||||||\u00a0\u00bb header_text_color=\u00a0\u00bb#FFFFFF\u00a0\u00bb header_font_size=\u00a0\u00bb40px\u00a0\u00bb header_line_height=\u00a0\u00bb1.2em\u00a0\u00bb text_orientation=\u00a0\u00bbcenter\u00a0\u00bb custom_margin=\u00a0\u00bb||||false|false\u00a0\u00bb header_font_size_tablet=\u00a0\u00bb40px\u00a0\u00bb header_font_size_phone=\u00a0\u00bb24px\u00a0\u00bb header_font_size_last_edited=\u00a0\u00bbon|desktop\u00a0\u00bb global_colors_info=\u00a0\u00bb%91%93&Prime;]<\/p>\n<h1><span>Contactez nous<\/span><\/h1>\n<p>[\/et_pb_text][et_pb_text _builder_version=\u00a0\u00bb4.27.4&Prime; _module_preset=\u00a0\u00bbdefault\u00a0\u00bb text_font=\u00a0\u00bbInter||||||||\u00a0\u00bb text_text_color=\u00a0\u00bb#c0c2ca\u00a0\u00bb text_font_size=\u00a0\u00bb15px\u00a0\u00bb text_line_height=\u00a0\u00bb1.9em\u00a0\u00bb text_orientation=\u00a0\u00bbcenter\u00a0\u00bb background_layout=\u00a0\u00bbdark\u00a0\u00bb hover_enabled=\u00a0\u00bb0&Prime; global_colors_info=\u00a0\u00bb%91%93&Prime; sticky_enabled=\u00a0\u00bb0&Prime;]<\/p>\n<p>Une fois que vous aurez soumis le formulaire, nous vous contacterons pour obtenir des informations afin de comprendre votre situation, les d\u00e9fis que vous devez relever et les objectifs que vous souhaitez atteindre.<\/p>\n<p>[\/et_pb_text][\/et_pb_column][\/et_pb_row][\/et_pb_section][et_pb_section fb_built=\u00a0\u00bb1&Prime; inner_shadow=\u00a0\u00bbon\u00a0\u00bb admin_label=\u00a0\u00bbsection\u00a0\u00bb _builder_version=\u00a0\u00bb4.27.4&Prime; background_color=\u00a0\u00bb#030929&Prime; custom_margin=\u00a0\u00bb0px||||false|false\u00a0\u00bb custom_padding=\u00a0\u00bb0px|||||\u00a0\u00bb global_colors_info=\u00a0\u00bb{}\u00a0\u00bb][et_pb_row column_structure=\u00a0\u00bb1_2,1_2&Prime; padding_mobile=\u00a0\u00bboff\u00a0\u00bb column_padding_mobile=\u00a0\u00bbon\u00a0\u00bb _builder_version=\u00a0\u00bb4.16&Prime; background_color=\u00a0\u00bbrgba(255,255,255,0)\u00a0\u00bb background_size=\u00a0\u00bbinitial\u00a0\u00bb background_position=\u00a0\u00bbtop_left\u00a0\u00bb background_repeat=\u00a0\u00bbrepeat\u00a0\u00bb custom_padding=\u00a0\u00bb||11px|||\u00a0\u00bb make_fullwidth=\u00a0\u00bboff\u00a0\u00bb use_custom_width=\u00a0\u00bboff\u00a0\u00bb width_unit=\u00a0\u00bbon\u00a0\u00bb custom_width_px=\u00a0\u00bb1080px\u00a0\u00bb custom_width_percent=\u00a0\u00bb80%\u00a0\u00bb global_colors_info=\u00a0\u00bb{}\u00a0\u00bb][et_pb_column type=\u00a0\u00bb1_2&Prime; _builder_version=\u00a0\u00bb4.16&Prime; custom_padding=\u00a0\u00bb|||\u00a0\u00bb global_colors_info=\u00a0\u00bb{}\u00a0\u00bb custom_padding__hover=\u00a0\u00bb|||\u00a0\u00bb][et_pb_code _builder_version=\u00a0\u00bb4.27.4&Prime; _module_preset=\u00a0\u00bbdefault\u00a0\u00bb module_alignment=\u00a0\u00bbcenter\u00a0\u00bb global_colors_info=\u00a0\u00bb{}\u00a0\u00bb]<div class=\"frm_forms  with_frm_style frm_style_modern-dark-background2\" id=\"frm_form_12_container\" >\n<form enctype=\"multipart\/form-data\" method=\"post\" class=\"frm-show-form  frm_js_validate  frm_ajax_submit  frm_pro_form \" id=\"form_contact-form2\" >\n<div class=\"frm_form_fields  frm_page_num_1\">\n<fieldset>\n<legend class=\"frm_screen_reader\">Contact Us<\/legend>\r\n\r\n<div class=\"frm_fields_container\">\n<input type=\"hidden\" name=\"frm_action\" value=\"create\" \/>\n<input type=\"hidden\" name=\"form_id\" value=\"12\" \/>\n<input type=\"hidden\" name=\"frm_hide_fields_12\" id=\"frm_hide_fields_12\" value=\"\" \/>\n<input type=\"hidden\" name=\"form_key\" value=\"contact-form2\" \/>\n<input type=\"hidden\" name=\"item_meta[0]\" value=\"\" \/>\n<input type=\"hidden\" id=\"frm_submit_entry_12\" name=\"frm_submit_entry_12\" value=\"f26fad1628\" \/><input type=\"hidden\" name=\"_wp_http_referer\" value=\"\/fr\/wp-json\/wp\/v2\/pages\/933628\" \/><div id=\"frm_field_155_container\" class=\"frm_form_field form-field  frm_required_field frm_top_container vertical_radio\">\r\n    <div  id=\"field_sjch0_label\" class=\"frm_primary_label\">Please select the service(s) you are interested in:\r\n        <span class=\"frm_required\" aria-hidden=\"true\">*<\/span>\r\n    <\/div>\r\n    <div class=\"frm_opt_container\" aria-labelledby=\"field_sjch0_label\" role=\"group\">\t\t<div class=\"frm_checkbox\" id=\"frm_checkbox_155-0\">\t\t\t<label  for=\"field_sjch0-0\">\n\t\t\t<input type=\"checkbox\" name=\"item_meta[155][]\" id=\"field_sjch0-0\" value=\"General Question\"  data-reqmsg=\"Please select the service(s) you are interested in: cannot be blank.\" data-invmsg=\"Please select the service(s) you are interested in: est non valide\"   aria-required=\"true\"  \/> General Question<\/label><\/div>\n\t\t<div class=\"frm_checkbox\" id=\"frm_checkbox_155-1\">\t\t\t<label  for=\"field_sjch0-1\">\n\t\t\t<input type=\"checkbox\" name=\"item_meta[155][]\" id=\"field_sjch0-1\" value=\"Technical Support\"  data-reqmsg=\"Please select the service(s) you are interested in: cannot be blank.\" data-invmsg=\"Please select the service(s) you are interested in: est non valide\"   \/> Technical Support<\/label><\/div>\n\t\t<div class=\"frm_checkbox\" id=\"frm_checkbox_155-2\">\t\t\t<label  for=\"field_sjch0-2\">\n\t\t\t<input type=\"checkbox\" name=\"item_meta[155][]\" id=\"field_sjch0-2\" value=\"Sales Inquiry\"  data-reqmsg=\"Please select the service(s) you are interested in: cannot be blank.\" data-invmsg=\"Please select the service(s) you are interested in: est non valide\"   \/> Sales Inquiry<\/label><\/div>\n\t\t<div class=\"frm_checkbox\" id=\"frm_checkbox_155-3\">\t\t\t<label  for=\"field_sjch0-3\">\n\t\t\t<input type=\"checkbox\" name=\"item_meta[155][]\" id=\"field_sjch0-3\" value=\"Partnership Opportunity\"  data-reqmsg=\"Please select the service(s) you are interested in: cannot be blank.\" data-invmsg=\"Please select the service(s) you are interested in: est non valide\"   \/> Partnership Opportunity<\/label><\/div>\n\t\t<div class=\"frm_checkbox\" id=\"frm_checkbox_155-4\">\t\t\t<label  for=\"field_sjch0-4\">\n\t\t\t<input type=\"checkbox\" name=\"item_meta[155][]\" id=\"field_sjch0-4\" value=\"Feedback\/Suggestions\"  data-reqmsg=\"Please select the service(s) you are interested in: cannot be blank.\" data-invmsg=\"Please select the service(s) you are interested in: est non valide\"   \/> Feedback\/Suggestions<\/label><\/div>\n<\/div>\r\n    \r\n    \r\n<\/div>\n<input type=\"hidden\" name=\"frm_page_order_12\" id=\"frm_page_order_12\" value=\"4\" \/><input type=\"hidden\" name=\"item_meta[156]\" id=\"field_qh4icy2\" value=\"\"     \/>\n<input type=\"hidden\" name=\"item_meta[177]\" id=\"field_qns0z\" value=\"\"     \/>\n<input type=\"hidden\" name=\"item_meta[163]\" id=\"field_47c07\" value=\"\"     \/>\n<input type=\"hidden\" name=\"item_meta[179]\" id=\"field_kpqn6\" value=\"\"     \/>\n<input type=\"hidden\" name=\"item_meta[157]\" id=\"field_ocfup12\" value=\"\"     \/>\n<input type=\"hidden\" name=\"item_meta[178]\" id=\"field_nfmmf\" value=\"\"     \/>\n<input type=\"hidden\" name=\"item_meta[158]\" id=\"field_29yf4d2\" value=\"\"     \/>\n<input type=\"hidden\" name=\"item_meta[180]\" id=\"field_812f4\" value=\"\"     \/>\n<input type=\"hidden\" name=\"item_meta[159]\" id=\"field_xatr5\" value=\"\"     \/>\n<input type=\"hidden\" name=\"item_meta[181]\" id=\"field_uxuq6\" value=\"\"     \/>\n<input type=\"hidden\" name=\"item_meta[160]\" id=\"field_9jv0r13\" value=\"\"     \/>\n<input type=\"hidden\" name=\"item_meta[161]\" id=\"field_xpxdb\" value=\"\"     \/>\n\t<input type=\"hidden\" name=\"item_key\" value=\"\" \/>\n\t\t\t<div id=\"frm_field_241_container\">\n\t\t\t<label for=\"field_wlq0n\" >\n\t\t\t\tSi vous \u00eates un humain, ne remplissez pas ce champ.\t\t\t<\/label>\n\t\t\t<input  id=\"field_wlq0n\" type=\"text\" class=\"frm_form_field form-field frm_verify\" name=\"item_meta[241]\" value=\"\"  \/>\n\t\t<\/div>\n\t\t<input name=\"frm_state\" type=\"hidden\" value=\"6JocbdNS8oxTNi342bd\/E9ZMgkW+UNYbZFEBSO5wJsjaaxnukWK1OO\/4tyleIAXp\" \/><div class=\"frm_submit frm_flex\">\r\n<button class=\"frm_button_submit\" type=\"submit\"  >Next<\/button>\r\n\r\n\r\n\r\n<\/div><\/div>\n<\/fieldset>\n<\/div>\n\n<\/form>\n<\/div>\n[\/et_pb_code][\/et_pb_column][et_pb_column type=\u00a0\u00bb1_2&Prime; _builder_version=\u00a0\u00bb4.16&Prime; custom_padding=\u00a0\u00bb|||\u00a0\u00bb global_colors_info=\u00a0\u00bb{}\u00a0\u00bb custom_padding__hover=\u00a0\u00bb|||\u00a0\u00bb][et_pb_text admin_label=\u00a0\u00bbTekst\u00a0\u00bb _builder_version=\u00a0\u00bb4.27.4&Prime; text_font=\u00a0\u00bbGeorgia||||\u00a0\u00bb text_text_color=\u00a0\u00bb#c0c2ca\u00a0\u00bb background_size=\u00a0\u00bbinitial\u00a0\u00bb background_position=\u00a0\u00bbtop_left\u00a0\u00bb background_repeat=\u00a0\u00bbrepeat\u00a0\u00bb text_orientation=\u00a0\u00bbcenter\u00a0\u00bb background_layout=\u00a0\u00bbdark\u00a0\u00bb module_alignment=\u00a0\u00bbleft\u00a0\u00bb z_index_tablet=\u00a0\u00bb500&Prime; use_border_color=\u00a0\u00bboff\u00a0\u00bb border_color=\u00a0\u00bb#ffffff\u00a0\u00bb border_style=\u00a0\u00bbsolid\u00a0\u00bb global_colors_info=\u00a0\u00bb%91%93&Prime;]<\/p>\n<p><strong>Vous pouvez \u00e9galement nous joindre \u00e0 ce num\u00e9ro :<\/strong><\/p>\n<p><a href=\"tel:+4721899999\">+47 21 89 99 99<\/a><\/p>\n<p><span style=\"color: #ffffff;\"><strong>Chat<\/strong><\/span><\/p>\n<p>Assistance par chat 24\/7<\/p>\n<p><strong><\/strong><\/p>\n<p><span style=\"color: #ffffff;\"><strong>Heures d&rsquo;ouverture du t\u00e9l\u00e9phone :<\/strong><\/span><\/p>\n<p>Du lundi au vendredi de 08h00 \u00e0 17h00<br \/>Fuseau horaire europ\u00e9en central \/ UTC +1<\/p>\n<p>[\/et_pb_text][et_pb_text _builder_version=\u00a0\u00bb4.27.4&Prime; text_text_color=\u00a0\u00bb#c0c2ca\u00a0\u00bb text_orientation=\u00a0\u00bbcenter\u00a0\u00bb background_layout=\u00a0\u00bbdark\u00a0\u00bb global_colors_info=\u00a0\u00bb%91%93&Prime;]<\/p>\n<p><span style=\"color: #ffffff;\"><strong>Adresse :<\/strong><\/span><\/p>\n<p>Tjuvholmen All\u00e9 3<br \/>0252 Oslo<br \/>Norv\u00e8ge<\/p>\n<p>[\/et_pb_text][et_pb_image src=\u00a0\u00bbhttps:\/\/chatagentlab.com\/wp-content\/uploads\/2025\/02\/tjuvholmen-alle-3.jpg\u00a0\u00bb title_text=\u00a0\u00bbtjuvholmen-alle-3&Prime; align=\u00a0\u00bbcenter\u00a0\u00bb _builder_version=\u00a0\u00bb4.27.4&Prime; _module_preset=\u00a0\u00bbdefault\u00a0\u00bb max_width=\u00a0\u00bb60%\u00a0\u00bb global_colors_info=\u00a0\u00bb{}\u00a0\u00bb][\/et_pb_image][et_pb_text _builder_version=\u00a0\u00bb4.27.4&Prime; text_text_color=\u00a0\u00bb#c0c2ca\u00a0\u00bb text_orientation=\u00a0\u00bbcenter\u00a0\u00bb background_layout=\u00a0\u00bbdark\u00a0\u00bb global_colors_info=\u00a0\u00bb%91%93&Prime;]<\/p>\n<p>ChatAgentLab.com est l\u00e9galement situ\u00e9 sous Portalen Gruppen AS en Norv\u00e8ge avec le num\u00e9ro d&rsquo;organisation 899 551 222MVA.<\/p>\n<p>[\/et_pb_text][\/et_pb_column][\/et_pb_row][\/et_pb_section]<\/p>\n","protected":false},"excerpt":{"rendered":"<p>Un soutien r\u00e9el par des personnes r\u00e9ellesContactez nousUne fois que vous aurez soumis le formulaire, nous vous contacterons pour obtenir des informations afin de comprendre votre situation, les d\u00e9fis que vous devez relever et les objectifs que vous souhaitez atteindre.<div class=\"frm_forms  with_frm_style frm_style_modern-dark-background2\" id=\"frm_form_12_container\" >\n<form enctype=\"multipart\/form-data\" method=\"post\" class=\"frm-show-form  frm_js_validate  frm_ajax_submit  frm_pro_form \" id=\"form_contact-form2\" >\n<div class=\"frm_form_fields  frm_page_num_1\">\n<fieldset>\n<legend class=\"frm_screen_reader\">Contact Us<\/legend>\r\n\r\n<div class=\"frm_fields_container\">\n<input type=\"hidden\" name=\"frm_action\" value=\"create\" \/>\n<input type=\"hidden\" name=\"form_id\" value=\"12\" \/>\n<input type=\"hidden\" name=\"frm_hide_fields_12\" id=\"frm_hide_fields_12\" value=\"\" \/>\n<input type=\"hidden\" name=\"form_key\" value=\"contact-form2\" \/>\n<input type=\"hidden\" name=\"item_meta[0]\" value=\"\" \/>\n<input type=\"hidden\" id=\"frm_submit_entry_12\" name=\"frm_submit_entry_12\" value=\"f26fad1628\" \/><input type=\"hidden\" name=\"_wp_http_referer\" value=\"\/fr\/wp-json\/wp\/v2\/pages\/933628\" \/><div id=\"frm_field_155_container\" class=\"frm_form_field form-field  frm_required_field frm_top_container vertical_radio\">\r\n    <div  id=\"field_sjch0_label\" class=\"frm_primary_label\">Please select the service(s) you are interested in:\r\n        <span class=\"frm_required\" aria-hidden=\"true\">*<\/span>\r\n    <\/div>\r\n    <div class=\"frm_opt_container\" aria-labelledby=\"field_sjch0_label\" role=\"group\">\t\t<div class=\"frm_checkbox\" id=\"frm_checkbox_155-0\">\t\t\t<label  for=\"field_sjch0-0\">\n\t\t\t<input type=\"checkbox\" name=\"item_meta[155][]\" id=\"field_sjch0-0\" value=\"General Question\"  data-reqmsg=\"Please select the service(s) you are interested in: cannot be blank.\" data-invmsg=\"Please select the service(s) you are interested in: est non valide\"   aria-required=\"true\"  \/> General Question<\/label><\/div>\n\t\t<div class=\"frm_checkbox\" id=\"frm_checkbox_155-1\">\t\t\t<label  for=\"field_sjch0-1\">\n\t\t\t<input type=\"checkbox\" name=\"item_meta[155][]\" id=\"field_sjch0-1\" value=\"Technical Support\"  data-reqmsg=\"Please select the service(s) you are interested in: cannot be blank.\" data-invmsg=\"Please select the service(s) you are interested in: est non valide\"   \/> Technical Support<\/label><\/div>\n\t\t<div class=\"frm_checkbox\" id=\"frm_checkbox_155-2\">\t\t\t<label  for=\"field_sjch0-2\">\n\t\t\t<input type=\"checkbox\" name=\"item_meta[155][]\" id=\"field_sjch0-2\" value=\"Sales Inquiry\"  data-reqmsg=\"Please select the service(s) you are interested in: cannot be blank.\" data-invmsg=\"Please select the service(s) you are interested in: est non valide\"   \/> Sales Inquiry<\/label><\/div>\n\t\t<div class=\"frm_checkbox\" id=\"frm_checkbox_155-3\">\t\t\t<label  for=\"field_sjch0-3\">\n\t\t\t<input type=\"checkbox\" name=\"item_meta[155][]\" id=\"field_sjch0-3\" value=\"Partnership Opportunity\"  data-reqmsg=\"Please select the service(s) you are interested in: cannot be blank.\" data-invmsg=\"Please select the service(s) you are interested in: est non valide\"   \/> Partnership Opportunity<\/label><\/div>\n\t\t<div class=\"frm_checkbox\" id=\"frm_checkbox_155-4\">\t\t\t<label  for=\"field_sjch0-4\">\n\t\t\t<input type=\"checkbox\" name=\"item_meta[155][]\" id=\"field_sjch0-4\" value=\"Feedback\/Suggestions\"  data-reqmsg=\"Please select the service(s) you are interested in: cannot be blank.\" data-invmsg=\"Please select the service(s) you are interested in: est non valide\"   \/> Feedback\/Suggestions<\/label><\/div>\n<\/div>\r\n    \r\n    \r\n<\/div>\n<input type=\"hidden\" name=\"frm_page_order_12\" id=\"frm_page_order_12\" value=\"4\" \/><input type=\"hidden\" name=\"item_meta[156]\" id=\"field_qh4icy2\" value=\"\"     \/>\n<input type=\"hidden\" name=\"item_meta[177]\" id=\"field_qns0z\" value=\"\"     \/>\n<input type=\"hidden\" name=\"item_meta[163]\" id=\"field_47c07\" value=\"\"     \/>\n<input type=\"hidden\" name=\"item_meta[179]\" id=\"field_kpqn6\" value=\"\"     \/>\n<input type=\"hidden\" name=\"item_meta[157]\" id=\"field_ocfup12\" value=\"\"     \/>\n<input type=\"hidden\" name=\"item_meta[178]\" id=\"field_nfmmf\" value=\"\"     \/>\n<input type=\"hidden\" name=\"item_meta[158]\" id=\"field_29yf4d2\" value=\"\"     \/>\n<input type=\"hidden\" name=\"item_meta[180]\" id=\"field_812f4\" value=\"\"     \/>\n<input type=\"hidden\" name=\"item_meta[159]\" id=\"field_xatr5\" value=\"\"     \/>\n<input type=\"hidden\" name=\"item_meta[181]\" id=\"field_uxuq6\" value=\"\"     \/>\n<input type=\"hidden\" name=\"item_meta[160]\" id=\"field_9jv0r13\" value=\"\"     \/>\n<input type=\"hidden\" name=\"item_meta[161]\" id=\"field_xpxdb\" value=\"\"     \/>\n\t<input type=\"hidden\" name=\"item_key\" value=\"\" \/>\n\t\t\t<div id=\"frm_field_242_container\">\n\t\t\t<label for=\"field_2ezcb\" >\n\t\t\t\tSi vous \u00eates un humain, ne remplissez pas ce champ.\t\t\t<\/label>\n\t\t\t<input  id=\"field_2ezcb\" type=\"text\" class=\"frm_form_field form-field frm_verify\" name=\"item_meta[242]\" value=\"\"  \/>\n\t\t<\/div>\n\t\t<input name=\"frm_state\" type=\"hidden\" value=\"6JocbdNS8oxTNi342bd\/E9ZMgkW+UNYbZFEBSO5wJsig7YKpKkPciZWaxBjTGDhw\" \/><div class=\"frm_submit frm_flex\">\r\n<button class=\"frm_button_submit\" type=\"submit\"  >Next<\/button>\r\n\r\n\r\n\r\n<\/div><\/div>\n<\/fieldset>\n<\/div>\n\n<\/form>\n<\/div>\nVous pouvez \u00e9galement nous joindre \u00e0 ce num\u00e9ro : +47 21 89 99 99 Chat [&hellip;]<\/p>\n","protected":false},"author":1,"featured_media":0,"parent":0,"menu_order":0,"comment_status":"closed","ping_status":"closed","template":"","meta":{"_et_pb_use_builder":"on","_et_pb_old_content":"","_et_gb_content_width":"","inline_featured_image":false,"footnotes":""},"class_list":["post-933628","page","type-page","status-publish","hentry"],"_links":{"self":[{"href":"https:\/\/chatagentlab.com\/fr\/wp-json\/wp\/v2\/pages\/933628","targetHints":{"allow":["GET"]}}],"collection":[{"href":"https:\/\/chatagentlab.com\/fr\/wp-json\/wp\/v2\/pages"}],"about":[{"href":"https:\/\/chatagentlab.com\/fr\/wp-json\/wp\/v2\/types\/page"}],"author":[{"embeddable":true,"href":"https:\/\/chatagentlab.com\/fr\/wp-json\/wp\/v2\/users\/1"}],"replies":[{"embeddable":true,"href":"https:\/\/chatagentlab.com\/fr\/wp-json\/wp\/v2\/comments?post=933628"}],"version-history":[{"count":6,"href":"https:\/\/chatagentlab.com\/fr\/wp-json\/wp\/v2\/pages\/933628\/revisions"}],"predecessor-version":[{"id":934880,"href":"https:\/\/chatagentlab.com\/fr\/wp-json\/wp\/v2\/pages\/933628\/revisions\/934880"}],"wp:attachment":[{"href":"https:\/\/chatagentlab.com\/fr\/wp-json\/wp\/v2\/media?parent=933628"}],"curies":[{"name":"wp","href":"https:\/\/api.w.org\/{rel}","templated":true}]}}