{"id":934813,"date":"2025-02-25T14:24:12","date_gmt":"2025-02-25T14:24:12","guid":{"rendered":"https:\/\/chatagentlab.com\/comparacion-chatagentlab-vs-intercom\/"},"modified":"2026-03-25T11:33:03","modified_gmt":"2026-03-25T11:33:03","slug":"comparacion-chatagentlab-vs-intercom","status":"publish","type":"page","link":"https:\/\/chatagentlab.com\/es\/comparacion-chatagentlab-vs-intercom\/","title":{"rendered":"Comparaci\u00f3n ChatAgentLab vs Intercom"},"content":{"rendered":"<p>[et_pb_section fb_built=\u00bb1&#8243; admin_label=\u00bbHeader\u00bb _builder_version=\u00bb4.27.4&#8243; _module_preset=\u00bbdefault\u00bb background_color=\u00bbgcid-1bcf785a-50e1-437b-b09f-65567babc1de\u00bb background_image=\u00bbhttps:\/\/chatagentlab.com\/wp-content\/uploads\/2024\/11\/ai-40c.png\u00bb background_size=\u00bbcustom\u00bb background_image_width=\u00bb40%\u00bb background_position=\u00bbtop_right\u00bb custom_margin=\u00bb||||false|false\u00bb custom_padding=\u00bb||7px||false|false\u00bb collapsed=\u00bbon\u00bb global_colors_info=\u00bb{%22gcid-1bcf785a-50e1-437b-b09f-65567babc1de%22:%91%22background_color%22%93}\u00bb][et_pb_row _builder_version=\u00bb4.24.2&#8243; _module_preset=\u00bbdefault\u00bb custom_margin=\u00bb||||false|false\u00bb custom_padding=\u00bb||0px||false|false\u00bb global_colors_info=\u00bb{}\u00bb][et_pb_column type=\u00bb4_4&#8243; _builder_version=\u00bb4.19.5&#8243; _module_preset=\u00bbdefault\u00bb z_index=\u00bb10&#8243; global_colors_info=\u00bb{}\u00bb][et_pb_text _builder_version=\u00bb4.27.4&#8243; _module_preset=\u00bbdefault\u00bb text_orientation=\u00bbcenter\u00bb background_layout=\u00bbdark\u00bb width=\u00bb20%\u00bb width_tablet=\u00bb25%\u00bb width_phone=\u00bb45%\u00bb width_last_edited=\u00bbon|phone\u00bb max_width_last_edited=\u00bboff|phone\u00bb module_alignment=\u00bbcenter\u00bb custom_css_main_element=\u00bbbackground: linear-gradient(||  to top,||  rgba(55, 181, 255, 0.5) 0%,  \/* 50% opacity of #37B5FF at the bottom *\/||  rgba(55, 181, 255, 0) 100%    \/* Fully transparent at the top *\/||) !important;||||border-radius: 0%;||padding: 0;||\u00bb border_width_bottom=\u00bb1px\u00bb border_color_bottom=\u00bb#37b5ff\u00bb global_module=\u00bb934413&#8243; global_colors_info=\u00bb{}\u00bb]<\/p>\n<p>Comparison<\/p>\n<p>[\/et_pb_text][et_pb_text content_tablet=\u00bb<\/p>\n<h1>Donde el SEO avanzado se encuentra con la tecnolog\u00eda de alojamiento m\u00e1s avanzada<\/h1>\n<p>\u00bb content_phone=\u00bb<\/p>\n<h1>Donde el SEO avanzado se encuentra con la tecnolog\u00eda de alojamiento m\u00e1s avanzada<\/h1>\n<p>\u00bb content_last_edited=\u00bboff|desktop\u00bb _builder_version=\u00bb4.27.4&#8243; _module_preset=\u00bbdefault\u00bb header_font=\u00bbBarlow Semi Condensed|700|||||||\u00bb header_text_align=\u00bbcenter\u00bb header_text_color=\u00bb#FFFFFF\u00bb header_font_size=\u00bb50px\u00bb header_line_height=\u00bb1.4em\u00bb background_layout=\u00bbdark\u00bb custom_margin=\u00bb|20px|30px|0px|false|false\u00bb custom_padding=\u00bb||0px|||\u00bb custom_padding_tablet=\u00bb\u00bb custom_padding_phone=\u00bb\u00bb custom_padding_last_edited=\u00bbon|phone\u00bb header_font_tablet=\u00bbRoboto|300|||||||\u00bb header_font_phone=\u00bbRoboto|300|||||||\u00bb header_font_last_edited=\u00bboff|desktop\u00bb header_font_size_tablet=\u00bb40px\u00bb header_font_size_phone=\u00bb30px\u00bb header_font_size_last_edited=\u00bbon|phone\u00bb global_colors_info=\u00bb{}\u00bb]<\/p>\n<h1>ChatAgentLab <span style=\"color: #38b6ff;\">vs <\/span>Intercom<\/h1>\n<h1><\/h1>\n<p>[\/et_pb_text][et_pb_text _builder_version=\u00bb4.27.4&#8243; _module_preset=\u00bb_initial\u00bb text_font=\u00bbInter||||||||\u00bb text_text_color=\u00bb#c0c2ca\u00bb text_font_size=\u00bb15px\u00bb text_line_height=\u00bb1.8em\u00bb header_font=\u00bb||||||||\u00bb header_4_font=\u00bbInter|700|||||||\u00bb header_4_text_color=\u00bb#FFFFFF\u00bb header_4_font_size=\u00bb19px\u00bb header_4_line_height=\u00bb1.4em\u00bb background_layout=\u00bbdark\u00bb custom_margin=\u00bb||51px|||\u00bb header_4_font_size_tablet=\u00bb16px\u00bb header_4_font_size_phone=\u00bb15px\u00bb header_4_font_size_last_edited=\u00bbon|desktop\u00bb global_colors_info=\u00bb{}\u00bb]<\/p>\n<p data-start=\"393\" data-end=\"482\">Intercom ha sido durante mucho tiempo l\u00edder en soluciones de chatbot, sirviendo a una parte significativa del mercado. Sin embargo, ChatAgentLab ofrece funciones m\u00e1s avanzadas para interacciones similares a las humanas y un modelo de precios predecible. <\/p>\n<p>La siguiente tabla comparativa muestra c\u00f3mo ChatAgentLab compite con Intercom en las caracter\u00edsticas m\u00e1s importantes para los equipos orientados al crecimiento:<\/p>\n<p>[\/et_pb_text][\/et_pb_column][\/et_pb_row][et_pb_row _builder_version=\u00bb4.27.2&#8243; _module_preset=\u00bbdefault\u00bb global_colors_info=\u00bb{}\u00bb][et_pb_column type=\u00bb4_4&#8243; _builder_version=\u00bb4.27.2&#8243; _module_preset=\u00bbdefault\u00bb global_colors_info=\u00bb{}\u00bb][et_pb_text disabled_on=\u00bboff|on|on\u00bb _builder_version=\u00bb4.27.4&#8243; _module_preset=\u00bbdefault\u00bb text_orientation=\u00bbcenter\u00bb background_layout=\u00bbdark\u00bb global_colors_info=\u00bb{}\u00bb]<\/p>\n<p>\ud83d\udc49 Desliza el dedo hacia la izquierda para desplazarte por la tabla<\/p>\n<p>[\/et_pb_text][et_pb_text _builder_version=\u00bb4.27.4&#8243; _module_preset=\u00bbdefault\u00bb text_text_color=\u00bb#FFFFFF\u00bb global_colors_info=\u00bb{}\u00bb]<!-- Add this style block in your head or just before the table code --><\/p>\n<style>\n  @media (max-width: 600px) {\n    .comparison-table col.col-left {\n      width: 35% !important;\n    }\n    .comparison-table col:not(.col-left) {\n      width: 32.5% !important;\n    }\n  }\n  .comparison-table th {\n    white-space: nowrap;\n  }\n<\/style>\n<p><!-- Part 3: How ChatAgentLab Outperforms the Competition (Responsive) --><\/p>\n<div class=\"comparison-table\" style=\"width: 100%; border-collapse: collapse; font-family: 'Inter', sans-serif; font-size: 12px; margin: 40px 0; overflow-x: auto;\">\n<table style=\"width: 100%; border-collapse: collapse; border: 1px solid #ddd; table-layout: fixed;\">\n<colgroup>\n<col class=\"col-left\" style=\"width: 20%;\">\n<col style=\"width: 40%;\">\n<col style=\"width: 40%;\">\n    <\/colgroup>\n<thead>\n<tr>\n<th style=\"background-color: #3b81f7; color: #ffffff; padding: 12px; text-align: left;\">Feature<\/th>\n<th style=\"background-color: #3b81f7; color: #ffffff; padding: 12px; text-align: center;\">ChatAgentLab<\/th>\n<th style=\"background-color: #3b81f7; color: #ffffff; padding: 12px; text-align: center;\">Intercom<\/th>\n<\/tr>\n<\/thead>\n<tbody>\n<tr>\n<td style=\"border: 1px solid #ddd; padding: 12px;\">User Engagement<\/td>\n<td style=\"border: 1px solid #ddd; padding: 12px; text-align: center; font-weight: bold;\">\u2705 Offers personalized, human-like interactions, enhancing user engagement and satisfaction.<\/td>\n<td style=\"border: 1px solid #ddd; padding: 12px; text-align: center;\">\u274c Provides scripted, predictable interactions.<\/td>\n<\/tr>\n<tr>\n<td style=\"border: 1px solid #ddd; padding: 12px;\">Rule Settings<\/td>\n<td style=\"border: 1px solid #ddd; padding: 12px; text-align: center; font-weight: bold;\">\u2705 Operates autonomously without manual rule-setting, learning from interactions to adapt responses.<\/td>\n<td style=\"border: 1px solid #ddd; padding: 12px; text-align: center;\">\u274c Requires manual rule-setting and predefined scripts for responses.<\/td>\n<\/tr>\n<tr>\n<td style=\"border: 1px solid #ddd; padding: 12px;\">Appointment Booking<\/td>\n<td style=\"border: 1px solid #ddd; padding: 12px; text-align: center; font-weight: bold;\">\u2705 Books meetings directly in your calendar<\/td>\n<td style=\"border: 1px solid #ddd; padding: 12px; text-align: center;\">\u274c Manual scheduling needed<\/td>\n<\/tr>\n<tr>\n<td style=\"border: 1px solid #ddd; padding: 12px;\">Cost Predictability<\/td>\n<td style=\"border: 1px solid #ddd; padding: 12px; text-align: center; font-weight: bold;\">\u2705 Transparent and consistent, facilitating straightforward budgeting.<\/td>\n<td style=\"border: 1px solid #ddd; padding: 12px; text-align: center;\">\u274c Variable costs due to per-seat charges and additional fees, leading to potential unpredictability.<\/td>\n<\/tr>\n<tr>\n<td style=\"border: 1px solid #ddd; padding: 12px;\">Pricing Model<\/td>\n<td style=\"border: 1px solid #ddd; padding: 12px; text-align: center; font-weight: bold;\">$450\/month for unlimited seats.<\/td>\n<td style=\"border: 1px solid #ddd; padding: 12px; text-align: center;\">\u274c $100+ per seat + $1 per AI resolution.<\/td>\n<\/tr>\n<\/tbody>\n<\/table>\n<\/div>\n<p>[\/et_pb_text][\/et_pb_column][\/et_pb_row][et_pb_row _builder_version=\u00bb4.27.4&#8243; _module_preset=\u00bbdefault\u00bb global_colors_info=\u00bb{}\u00bb][et_pb_column type=\u00bb4_4&#8243; _builder_version=\u00bb4.27.4&#8243; _module_preset=\u00bbdefault\u00bb global_colors_info=\u00bb{}\u00bb][et_pb_text _builder_version=\u00bb4.27.4&#8243; _module_preset=\u00bbdefault\u00bb text_text_color=\u00bb#c0c2ca\u00bb background_layout=\u00bbdark\u00bb global_colors_info=\u00bb{}\u00bb]<\/p>\n<h2>Qu\u00e9 hace bien Intercom<\/h2>\n<p>Intercom es l\u00edder en el mercado de la comunicaci\u00f3n dentro del producto. Es ideal para: <\/p>\n<ul>\n<li>Incorporaci\u00f3n de clientes mediante visitas guiadas a los productos<\/li>\n<li>Chat en directo vinculado a tu CRM\/ventanilla de ayuda<\/li>\n<li>Activar mensajes basados en eventos o comportamientos de la app<\/li>\n<\/ul>\n<p>Para los equipos de SaaS orientados al producto que buscan ampliar la atenci\u00f3n al cliente y la incorporaci\u00f3n, Intercom es una plataforma potente, aunque cara.<\/p>\n<p>[\/et_pb_text][et_pb_text _builder_version=\u00bb4.27.4&#8243; _module_preset=\u00bbdefault\u00bb text_text_color=\u00bb#c0c2ca\u00bb background_layout=\u00bbdark\u00bb global_colors_info=\u00bb{}\u00bb]<\/p>\n<h2>El problema: Intercom no est\u00e1 hecho para los agentes de ventas de la parte superior del embudo<\/h2>\n<p>Aqu\u00ed es donde Intercom se queda corto si quieres crear agentes potenciados por LLM para marketing o divulgaci\u00f3n proactiva:<\/p>\n<ul>\n<li><strong>Flexibilidad limitada<\/strong> &#8211; los bots est\u00e1n vinculados a tu aplicaci\u00f3n o sitio web<\/li>\n<li><strong>No hay agentes clonables<\/strong>: crear nuevos flujos de trabajo lleva mucho tiempo<\/li>\n<li><strong>Una mentalidad que da prioridad a la asistencia<\/strong>: no est\u00e1 optimizada para vender o cualificar clientes potenciales<\/li>\n<li><strong>Los precios crecen r\u00e1pido<\/strong>: el precio por plaza encarece la escala<\/li>\n<\/ul>\n<p>[\/et_pb_text][et_pb_text _builder_version=\u00bb4.27.4&#8243; _module_preset=\u00bbdefault\u00bb text_text_color=\u00bb#c0c2ca\u00bb background_layout=\u00bbdark\u00bb global_colors_info=\u00bb{}\u00bb text_font_size__hover_enabled=\u00bboff|desktop\u00bb]<\/p>\n<h2>Por qu\u00e9 ChatAgentLab se construy\u00f3 de forma diferente<\/h2>\n<p><strong>ChatAgentLab<\/strong> se centra en permitir a las empresas crear <em>agentes de IA orientados a las ventas<\/em> que impulsen las conversiones, reserven reuniones y recopilen clientes potenciales cualificados, con control total sobre el tono, las indicaciones y el comportamiento.<\/p>\n<p>La plataforma tambi\u00e9n permite a los equipos crear <strong>agentes internos de IA<\/strong> que se ocupen de los procedimientos normalizados de trabajo, la incorporaci\u00f3n, la investigaci\u00f3n y la automatizaci\u00f3n, todo ello gestionado desde un \u00fanico lugar, sin necesidad de conocimientos t\u00e9cnicos.<\/p>\n<ul>\n<li><strong>LLM-nativo:<\/strong> Creado para ChatGPT, Claude y otros modelos avanzados desde el primer d\u00eda<\/li>\n<li><strong>Sin c\u00f3digo:<\/strong> Cualquiera puede construir, probar y lanzar agentes de IA en minutos<\/li>\n<li><strong>Despli\u00e9galo donde quieras:<\/strong> En tu sitio web, redes sociales o enlace compartible<\/li>\n<li><strong>L\u00f3gica reutilizable:<\/strong> Clona los agentes de mayor rendimiento para nuevos casos de uso o embudos<\/li>\n<li><strong>Precio fijo:<\/strong> Sin costes por agente ni por asiento<\/li>\n<\/ul>\n<p>Pero ChatAgentLab no se limita a los casos de uso de cara al cliente, sino que tambi\u00e9n impulsa las operaciones internas.<\/p>\n<p>[\/et_pb_text][et_pb_text _builder_version=\u00bb4.27.4&#8243; _module_preset=\u00bbdefault\u00bb text_text_color=\u00bb#c0c2ca\u00bb background_layout=\u00bbdark\u00bb global_colors_info=\u00bb{}\u00bb]<\/p>\n<h2>Agentes internos de IA que trabajan en todo tu equipo<\/h2>\n<p>Mientras que Intercom se limita a la asistencia de cara al cliente, <strong>ChatAgentLab tambi\u00e9n admite agentes internos de IA<\/strong> que ayudan a tu equipo a trabajar de forma m\u00e1s r\u00e1pida, inteligente y coherente.<\/p>\n<p>Los agentes internos son perfectos para:<\/p>\n<ul>\n<li><strong>Formaci\u00f3n e incorporaci\u00f3n<\/strong>: Los nuevos empleados pueden hacer preguntas y obtener respuestas coherentes, basadas en pol\u00edticas, 24 horas al d\u00eda, 7 d\u00edas a la semana.<\/li>\n<li><strong>Soporte SOP<\/strong>: Convierte la documentaci\u00f3n de tu empresa en un agente vivo que explica \u00abc\u00f3mo hacemos las cosas\u00bb paso a paso.<\/li>\n<li><strong>Investigaci\u00f3n interna<\/strong>: Construye agentes que resuman informes, extraigan informaci\u00f3n clave o respondan a preguntas de nicho al instante.<\/li>\n<li><strong>Automatizaci\u00f3n operativa<\/strong>: Los asistentes de IA pueden ayudar a rellenar informes, guiar flujos de trabajo o recopilar aportaciones entre equipos.<\/li>\n<\/ul>\n<p>Como todo se gestiona en un solo panel, tus agentes internos y externos permanecen sincronizados: sin silos, sin cambiar de herramienta.<\/p>\n<p>[\/et_pb_text][et_pb_text _builder_version=\u00bb4.27.4&#8243; _module_preset=\u00bbdefault\u00bb text_text_color=\u00bb#c0c2ca\u00bb background_layout=\u00bbdark\u00bb global_colors_info=\u00bb{}\u00bb]<\/p>\n<h2>\u00bfQu\u00e9 pasa con Intercom Fin?<\/h2>\n<p>Intercom acaba de lanzar <strong>Fin<\/strong>, su asistente de asistencia potenciado por IA y basado en la GPT-4 de OpenAI. Aunque mejora la automatizaci\u00f3n de la respuesta dentro de Intercom, sigue siendo una <strong>herramienta que da prioridad al soporte<\/strong>. <\/p>\n<p>Fin est\u00e1 dise\u00f1ado para responder a las preguntas m\u00e1s frecuentes, desviar tickets y ayudar a los usuarios dentro de tu aplicaci\u00f3n, no para <strong>vender, cualificar o convertir clientes potenciales<\/strong> a trav\u00e9s de campa\u00f1as.<\/p>\n<p>En cambio, <strong>ChatAgentLab<\/strong> est\u00e1 construido desde cero para casos de uso de IA proactiva:<\/p>\n<ul>\n<li><strong>Agentes centrados en las ventas<\/strong> que cualifican a los clientes potenciales y reservan reuniones<\/li>\n<li><strong>Despliegue flexible<\/strong> en sitios web, redes sociales o como enlaces independientes<\/li>\n<li><strong>L\u00f3gica clonable<\/strong> para probar diferentes avisos, tonos y objetivos<\/li>\n<li><strong>Pila de IA personalizable<\/strong>: no vinculada a un \u00fanico proveedor de modelos<\/li>\n<\/ul>\n<p>[\/et_pb_text][et_pb_text _builder_version=\u00bb4.27.4&#8243; _module_preset=\u00bbdefault\u00bb text_text_color=\u00bb#c0c2ca\u00bb background_layout=\u00bbdark\u00bb hover_enabled=\u00bb0&#8243; global_colors_info=\u00bb{}\u00bb sticky_enabled=\u00bb0&#8243;]<\/p>\n<h2>Conclusion<\/h2>\n<p>If your business depends on proactive sales, lead qualification, or publishing AI agents across multiple channels \u2014 not just inside your app \u2014 then Intercom will likely fall short.<\/p>\n<p><strong>ChatAgentLab<\/strong> gives you a flexible, LLM-native platform designed for growth, without the technical complexity or bloated pricing.<\/p>\n<p><a href=\"https:\/\/chatagentlab.com\/deploy-ai-agent\/\" target=\"_blank\" rel=\"noopener\">\u27a1 Try ChatAgentLab now \u2014 and launch your first AI agent in minutes<\/a>[\/et_pb_text][\/et_pb_column][\/et_pb_row][et_pb_row _builder_version=\u00bb4.27.4&#8243; _module_preset=\u00bbdefault\u00bb global_colors_info=\u00bb{}\u00bb][et_pb_column type=\u00bb4_4&#8243; _builder_version=\u00bb4.27.4&#8243; _module_preset=\u00bbdefault\u00bb global_colors_info=\u00bb{}\u00bb][et_pb_button button_url=\u00bb@ET-DC@eyJkeW5hbWljIjp0cnVlLCJjb250ZW50IjoicG9zdF9saW5rX3VybF9wYWdlIiwic2V0dGluZ3MiOnsicG9zdF9pZCI6IjkzMjI2MyJ9fQ==@\u00bb button_text=\u00bbDeploy AI Agent\u00bb button_alignment=\u00bbcenter\u00bb _builder_version=\u00bb4.27.4&#8243; _dynamic_attributes=\u00bbbutton_url\u00bb _module_preset=\u00bbdefault\u00bb custom_button=\u00bbon\u00bb button_text_size=\u00bb16px\u00bb button_bg_color=\u00bb#316de7&#8243; button_bg_use_color_gradient=\u00bbon\u00bb button_bg_color_gradient_direction=\u00bb90deg\u00bb button_bg_color_gradient_stops=\u00bb#2e5be4 0%|#3aa3ee 100%\u00bb button_bg_color_gradient_overlays_image=\u00bbon\u00bb button_border_width=\u00bb0px\u00bb button_border_color=\u00bb#2e5be4&#8243; button_icon=\u00bb&#x45;||divi||400&#8243; button_icon_color=\u00bb#FFFFFF\u00bb background_layout=\u00bbdark\u00bb custom_margin=\u00bb||12px||false|false\u00bb custom_padding=\u00bb10px|30px|10px|30px|false|false\u00bb hover_enabled=\u00bb0&#8243; global_colors_info=\u00bb{}\u00bb sticky_enabled=\u00bb0&#8243;][\/et_pb_button][et_pb_text disabled_on=\u00bboff|off|off\u00bb _builder_version=\u00bb4.27.4&#8243; _module_preset=\u00bbdefault\u00bb text_orientation=\u00bbcenter\u00bb background_layout=\u00bbdark\u00bb custom_margin=\u00bb||60px|||\u00bb global_colors_info=\u00bb{}\u00bb]<\/p>\n<p>\ud83d\udc49 <span>\u00a0No coding required<\/span><\/p>\n<p>[\/et_pb_text][\/et_pb_column][\/et_pb_row][\/et_pb_section]<\/p>\n","protected":false},"excerpt":{"rendered":"<p>Comparison ChatAgentLab vs Intercom Intercom ha sido durante mucho tiempo l\u00edder en soluciones de chatbot, sirviendo a una parte significativa del mercado. Sin embargo, ChatAgentLab ofrece funciones m\u00e1s avanzadas para interacciones similares a las humanas y un modelo de precios predecible. La siguiente tabla comparativa muestra c\u00f3mo ChatAgentLab compite con Intercom en las caracter\u00edsticas m\u00e1s [&hellip;]<\/p>\n","protected":false},"author":1,"featured_media":0,"parent":0,"menu_order":0,"comment_status":"closed","ping_status":"closed","template":"","meta":{"_et_pb_use_builder":"on","_et_pb_old_content":"","_et_gb_content_width":"","inline_featured_image":false,"footnotes":""},"class_list":["post-934813","page","type-page","status-publish","hentry"],"_links":{"self":[{"href":"https:\/\/chatagentlab.com\/es\/wp-json\/wp\/v2\/pages\/934813","targetHints":{"allow":["GET"]}}],"collection":[{"href":"https:\/\/chatagentlab.com\/es\/wp-json\/wp\/v2\/pages"}],"about":[{"href":"https:\/\/chatagentlab.com\/es\/wp-json\/wp\/v2\/types\/page"}],"author":[{"embeddable":true,"href":"https:\/\/chatagentlab.com\/es\/wp-json\/wp\/v2\/users\/1"}],"replies":[{"embeddable":true,"href":"https:\/\/chatagentlab.com\/es\/wp-json\/wp\/v2\/comments?post=934813"}],"version-history":[{"count":4,"href":"https:\/\/chatagentlab.com\/es\/wp-json\/wp\/v2\/pages\/934813\/revisions"}],"predecessor-version":[{"id":935293,"href":"https:\/\/chatagentlab.com\/es\/wp-json\/wp\/v2\/pages\/934813\/revisions\/935293"}],"wp:attachment":[{"href":"https:\/\/chatagentlab.com\/es\/wp-json\/wp\/v2\/media?parent=934813"}],"curies":[{"name":"wp","href":"https:\/\/api.w.org\/{rel}","templated":true}]}}