{"id":934777,"date":"2025-02-25T15:12:57","date_gmt":"2025-02-25T15:12:57","guid":{"rendered":"https:\/\/chatagentlab.com\/comparacion-chatagentlab-vs-chatbots\/"},"modified":"2025-04-05T12:58:22","modified_gmt":"2025-04-05T12:58:22","slug":"comparacion-chatagentlab-vs-chatbots","status":"publish","type":"page","link":"https:\/\/chatagentlab.com\/es\/comparacion-chatagentlab-vs-chatbots\/","title":{"rendered":"Comparaci\u00f3n ChatAgentLab vs Chatbots"},"content":{"rendered":"<p>[et_pb_section fb_built=\u00bb1&#8243; admin_label=\u00bbHeader\u00bb _builder_version=\u00bb4.27.4&#8243; _module_preset=\u00bbdefault\u00bb background_color=\u00bbgcid-1bcf785a-50e1-437b-b09f-65567babc1de\u00bb background_image=\u00bbhttps:\/\/chatagentlab.com\/wp-content\/uploads\/2024\/11\/ai-40c.png\u00bb background_size=\u00bbcustom\u00bb background_image_width=\u00bb40%\u00bb background_position=\u00bbtop_right\u00bb custom_margin=\u00bb||||false|false\u00bb custom_padding=\u00bb||7px||false|false\u00bb collapsed=\u00bbon\u00bb global_colors_info=\u00bb{%22gcid-1bcf785a-50e1-437b-b09f-65567babc1de%22:%91%22background_color%22%93}\u00bb][et_pb_row _builder_version=\u00bb4.24.2&#8243; _module_preset=\u00bbdefault\u00bb custom_margin=\u00bb||||false|false\u00bb custom_padding=\u00bb||0px||false|false\u00bb global_colors_info=\u00bb{}\u00bb][et_pb_column type=\u00bb4_4&#8243; _builder_version=\u00bb4.19.5&#8243; _module_preset=\u00bbdefault\u00bb z_index=\u00bb10&#8243; global_colors_info=\u00bb{}\u00bb][et_pb_text _builder_version=\u00bb4.27.4&#8243; _module_preset=\u00bbdefault\u00bb text_orientation=\u00bbcenter\u00bb background_layout=\u00bbdark\u00bb width=\u00bb20%\u00bb width_tablet=\u00bb25%\u00bb width_phone=\u00bb45%\u00bb width_last_edited=\u00bbon|phone\u00bb max_width_last_edited=\u00bboff|phone\u00bb module_alignment=\u00bbcenter\u00bb custom_css_main_element=\u00bbbackground: linear-gradient(||  to top,||  rgba(55, 181, 255, 0.5) 0%,  \/* 50% opacity of #37B5FF at the bottom *\/||  rgba(55, 181, 255, 0) 100%    \/* Fully transparent at the top *\/||) !important;||||border-radius: 0%;||padding: 0;||\u00bb border_width_bottom=\u00bb1px\u00bb border_color_bottom=\u00bb#37b5ff\u00bb global_module=\u00bb934413&#8243; global_colors_info=\u00bb{}\u00bb]<\/p>\n<p>Comparison<\/p>\n<p>[\/et_pb_text][et_pb_text content_tablet=\u00bb<\/p>\n<h1>Donde el SEO avanzado se encuentra con la tecnolog\u00eda de alojamiento m\u00e1s avanzada<\/h1>\n<p>\u00bb content_phone=\u00bb<\/p>\n<h1>Donde el SEO avanzado se encuentra con la tecnolog\u00eda de alojamiento m\u00e1s avanzada<\/h1>\n<p>\u00bb content_last_edited=\u00bboff|desktop\u00bb _builder_version=\u00bb4.27.4&#8243; _module_preset=\u00bbdefault\u00bb header_font=\u00bbBarlow Semi Condensed|700|||||||\u00bb header_text_align=\u00bbcenter\u00bb header_text_color=\u00bb#FFFFFF\u00bb header_font_size=\u00bb50px\u00bb header_line_height=\u00bb1.4em\u00bb background_layout=\u00bbdark\u00bb custom_margin=\u00bb|20px|30px|0px|false|false\u00bb custom_padding=\u00bb||0px|||\u00bb custom_padding_tablet=\u00bb\u00bb custom_padding_phone=\u00bb\u00bb custom_padding_last_edited=\u00bbon|phone\u00bb header_font_tablet=\u00bbRoboto|300|||||||\u00bb header_font_phone=\u00bbRoboto|300|||||||\u00bb header_font_last_edited=\u00bboff|desktop\u00bb header_font_size_tablet=\u00bb40px\u00bb header_font_size_phone=\u00bb30px\u00bb header_font_size_last_edited=\u00bbon|phone\u00bb global_colors_info=\u00bb{}\u00bb]<\/p>\n<h1>ChatAgentLab <span style=\"color: #38b6ff;\">vs <\/span>Chatbots<\/h1>\n<h1><\/h1>\n<p>[\/et_pb_text][et_pb_text _builder_version=\u00bb4.27.4&#8243; _module_preset=\u00bb_initial\u00bb text_font=\u00bbInter||||||||\u00bb text_text_color=\u00bb#c0c2ca\u00bb text_font_size=\u00bb15px\u00bb text_line_height=\u00bb1.8em\u00bb header_font=\u00bb||||||||\u00bb header_4_font=\u00bbInter|700|||||||\u00bb header_4_text_color=\u00bb#FFFFFF\u00bb header_4_font_size=\u00bb19px\u00bb header_4_line_height=\u00bb1.4em\u00bb background_layout=\u00bbdark\u00bb custom_margin=\u00bb||51px|||\u00bb header_4_font_size_tablet=\u00bb16px\u00bb header_4_font_size_phone=\u00bb15px\u00bb header_4_font_size_last_edited=\u00bbon|desktop\u00bb global_colors_info=\u00bb{}\u00bb]<\/p>\n<p data-start=\"0\" data-end=\"296\">Los chatbots tradicionales se basan en guiones y palabras clave predefinidos, lo que a menudo da lugar a interacciones r\u00edgidas y limitadas.<\/p>\n<p data-start=\"0\" data-end=\"296\">En cambio, ChatAgentLab utiliza IA avanzada para comprender el contexto y los matices, permitiendo conversaciones din\u00e1micas, similares a las humanas. Esta evoluci\u00f3n mejora el compromiso y la satisfacci\u00f3n del usuario. <\/p>\n<div class=\"absolute h-[60px]\">\n<div class=\"flex items-center gap-0.5 text-sm font-medium\"><\/div>\n<\/div>\n<p>[\/et_pb_text][\/et_pb_column][\/et_pb_row][et_pb_row _builder_version=\u00bb4.27.2&#8243; _module_preset=\u00bbdefault\u00bb global_colors_info=\u00bb{}\u00bb][et_pb_column type=\u00bb4_4&#8243; _builder_version=\u00bb4.27.2&#8243; _module_preset=\u00bbdefault\u00bb global_colors_info=\u00bb{}\u00bb][et_pb_text disabled_on=\u00bboff|on|on\u00bb _builder_version=\u00bb4.27.4&#8243; _module_preset=\u00bbdefault\u00bb text_orientation=\u00bbcenter\u00bb background_layout=\u00bbdark\u00bb global_colors_info=\u00bb{}\u00bb]<\/p>\n<p>\ud83d\udc49 Desliza el dedo hacia la izquierda para desplazarte por la tabla<\/p>\n<p>[\/et_pb_text][et_pb_text _builder_version=\u00bb4.27.4&#8243; _module_preset=\u00bbdefault\u00bb text_text_color=\u00bb#FFFFFF\u00bb hover_enabled=\u00bb0&#8243; global_colors_info=\u00bb{}\u00bb sticky_enabled=\u00bb0&#8243;]<!-- Add this style block in your head or just before the table code --><\/p>\n<style>\n  @media (max-width: 600px) {\n    .comparison-table col.col-left {\n      width: 35% !important;\n    }\n    .comparison-table col:not(.col-left) {\n      width: 32.5% !important;\n    }\n  }\n  .comparison-table th {\n    white-space: nowrap;\n  }\n<\/style>\n<p><!-- Part 3: How ChatAgentLab Outperforms the Competition (Responsive) --><\/p>\n<div class=\"comparison-table\" style=\"width: 100%; border-collapse: collapse; font-family: 'Inter', sans-serif; font-size: 12px; margin: 40px 0; overflow-x: auto;\">\n<table style=\"width: 100%; border-collapse: collapse; border: 1px solid #ddd; table-layout: fixed;\">\n<colgroup>\n<col class=\"col-left\" style=\"width: 20%;\">\n<col style=\"width: 40%;\">\n<col style=\"width: 40%;\">\n    <\/colgroup>\n<thead>\n<tr>\n<th style=\"background-color: #3b81f7; color: #ffffff; padding: 12px; text-align: left;\">Funci\u00f3n<\/th>\n<th style=\"background-color: #3b81f7; color: #ffffff; padding: 12px; text-align: center;\">ChatAgentLab<\/th>\n<th style=\"background-color: #3b81f7; color: #ffffff; padding: 12px; text-align: center;\">Chatbots<\/th>\n<\/tr>\n<\/thead>\n<tbody>\n<tr>\n<td style=\"border: 1px solid #ddd; padding: 12px;\">Tiempo de respuesta<\/td>\n<td style=\"border: 1px solid #ddd; padding: 12px; text-align: center; font-weight: bold;\">Instant\u00e1neo (disponibilidad 24\/7)<\/td>\n<td style=\"border: 1px solid #ddd; padding: 12px; text-align: center;\">Retrasada durante picos de tr\u00e1fico<\/td>\n<\/tr>\n<tr>\n<td style=\"border: 1px solid #ddd; padding: 12px;\">Cualificaci\u00f3n de clientes potenciales<\/td>\n<td style=\"border: 1px solid #ddd; padding: 12px; text-align: center; font-weight: bold;\">\u2705 Cualifica instant\u00e1neamente a los clientes potenciales<\/td>\n<td style=\"border: 1px solid #ddd; padding: 12px; text-align: center;\">\u274c Calificaci\u00f3n de clientes potenciales inconsistente<\/td>\n<\/tr>\n<tr>\n<td style=\"border: 1px solid #ddd; padding: 12px;\">Reserva de citas<\/td>\n<td style=\"border: 1px solid #ddd; padding: 12px; text-align: center; font-weight: bold;\">\u2705 Reserva reuniones directamente en tu calendario<\/td>\n<td style=\"border: 1px solid #ddd; padding: 12px; text-align: center;\">\u274c A menudo requiere confirmaci\u00f3n manual<\/td>\n<\/tr>\n<tr>\n<td style=\"border: 1px solid #ddd; padding: 12px;\">Escalabilidad<\/td>\n<td style=\"border: 1px solid #ddd; padding: 12px; text-align: center; font-weight: bold;\">\u2705 Conversaciones ilimitadas<\/td>\n<td style=\"border: 1px solid #ddd; padding: 12px; text-align: center;\">\u274c Restringido por interacciones guionizadas<\/td>\n<\/tr>\n<tr>\n<td style=\"border: 1px solid #ddd; padding: 12px;\">Coste<\/td>\n<td style=\"border: 1px solid #ddd; padding: 12px; text-align: center; font-weight: bold;\">450 $\/mes (Coste fijo, sin cargos ocultos)<\/td>\n<td style=\"border: 1px solid #ddd; padding: 12px; text-align: center;\">\u274c Normalmente se cobra por usuario<\/td>\n<\/tr>\n<\/tbody>\n<\/table>\n<\/div>\n<p>[\/et_pb_text][\/et_pb_column][\/et_pb_row][et_pb_row _builder_version=\u00bb4.27.4&#8243; _module_preset=\u00bbdefault\u00bb global_colors_info=\u00bb{}\u00bb][et_pb_column type=\u00bb4_4&#8243; _builder_version=\u00bb4.27.4&#8243; _module_preset=\u00bbdefault\u00bb global_colors_info=\u00bb{}\u00bb][et_pb_button button_url=\u00bb@ET-DC@eyJkeW5hbWljIjp0cnVlLCJjb250ZW50IjoicG9zdF9saW5rX3VybF9wYWdlIiwic2V0dGluZ3MiOnsicG9zdF9pZCI6IjkzMjI2MyJ9fQ==@\u00bb button_text=\u00bbIniciar Prueba Gratuita\u00bb button_alignment=\u00bbcenter\u00bb _builder_version=\u00bb4.27.4&#8243; _dynamic_attributes=\u00bbbutton_url\u00bb _module_preset=\u00bbdefault\u00bb custom_button=\u00bbon\u00bb button_text_size=\u00bb16px\u00bb button_bg_color=\u00bb#316de7&#8243; button_bg_use_color_gradient=\u00bbon\u00bb button_bg_color_gradient_direction=\u00bb90deg\u00bb button_bg_color_gradient_stops=\u00bb#2e5be4 0%|#3aa3ee 100%\u00bb button_bg_color_gradient_overlays_image=\u00bbon\u00bb button_border_width=\u00bb0px\u00bb button_border_color=\u00bb#2e5be4&#8243; button_icon=\u00bb&#x45;||divi||400&#8243; button_icon_color=\u00bb#FFFFFF\u00bb background_layout=\u00bbdark\u00bb custom_margin=\u00bb||12px||false|false\u00bb custom_padding=\u00bb10px|30px|10px|30px|false|false\u00bb global_colors_info=\u00bb{}\u00bb][\/et_pb_button][et_pb_text disabled_on=\u00bboff|off|off\u00bb _builder_version=\u00bb4.27.4&#8243; _module_preset=\u00bbdefault\u00bb text_orientation=\u00bbcenter\u00bb background_layout=\u00bbdark\u00bb custom_margin=\u00bb||60px|||\u00bb global_colors_info=\u00bb{}\u00bb]<\/p>\n<p>\ud83d\udc49 3 d\u00edas de prueba gratuita<\/p>\n<p>[\/et_pb_text][\/et_pb_column][\/et_pb_row][\/et_pb_section]<\/p>\n","protected":false},"excerpt":{"rendered":"<p>Comparison ChatAgentLab vs Chatbots Los chatbots tradicionales se basan en guiones y palabras clave predefinidos, lo que a menudo da lugar a interacciones r\u00edgidas y limitadas. En cambio, ChatAgentLab utiliza IA avanzada para comprender el contexto y los matices, permitiendo conversaciones din\u00e1micas, similares a las humanas. Esta evoluci\u00f3n mejora el compromiso y la satisfacci\u00f3n del [&hellip;]<\/p>\n","protected":false},"author":1,"featured_media":0,"parent":0,"menu_order":0,"comment_status":"closed","ping_status":"closed","template":"","meta":{"_et_pb_use_builder":"on","_et_pb_old_content":"","_et_gb_content_width":"","inline_featured_image":false,"footnotes":""},"class_list":["post-934777","page","type-page","status-publish","hentry"],"_links":{"self":[{"href":"https:\/\/chatagentlab.com\/es\/wp-json\/wp\/v2\/pages\/934777","targetHints":{"allow":["GET"]}}],"collection":[{"href":"https:\/\/chatagentlab.com\/es\/wp-json\/wp\/v2\/pages"}],"about":[{"href":"https:\/\/chatagentlab.com\/es\/wp-json\/wp\/v2\/types\/page"}],"author":[{"embeddable":true,"href":"https:\/\/chatagentlab.com\/es\/wp-json\/wp\/v2\/users\/1"}],"replies":[{"embeddable":true,"href":"https:\/\/chatagentlab.com\/es\/wp-json\/wp\/v2\/comments?post=934777"}],"version-history":[{"count":4,"href":"https:\/\/chatagentlab.com\/es\/wp-json\/wp\/v2\/pages\/934777\/revisions"}],"predecessor-version":[{"id":934787,"href":"https:\/\/chatagentlab.com\/es\/wp-json\/wp\/v2\/pages\/934777\/revisions\/934787"}],"wp:attachment":[{"href":"https:\/\/chatagentlab.com\/es\/wp-json\/wp\/v2\/media?parent=934777"}],"curies":[{"name":"wp","href":"https:\/\/api.w.org\/{rel}","templated":true}]}}