{"id":933907,"date":"2025-04-01T19:20:05","date_gmt":"2025-04-01T19:20:05","guid":{"rendered":"https:\/\/chatagentlab.com\/perspectivas-de-los-agentes\/"},"modified":"2025-04-01T20:23:33","modified_gmt":"2025-04-01T20:23:33","slug":"perspectivas-de-los-agentes","status":"publish","type":"page","link":"https:\/\/chatagentlab.com\/es\/perspectivas-de-los-agentes\/","title":{"rendered":"Perspectivas"},"content":{"rendered":"<p>[et_pb_section fb_built=\u00bb1&#8243; custom_padding_last_edited=\u00bbon|phone\u00bb next_background_color=\u00bb#ffffff\u00bb admin_label=\u00bbBlog\u00bb _builder_version=\u00bb4.17.6&#8243; background_color=\u00bb#f5f7fa\u00bb background_enable_image=\u00bboff\u00bb custom_padding_tablet=\u00bb0px||0px||true|false\u00bb custom_padding_phone=\u00bb\u00bb bottom_divider_style=\u00bbarrow\u00bb locked=\u00bboff\u00bb global_colors_info=\u00bb{}\u00bb][et_pb_row custom_padding_last_edited=\u00bboff|phone\u00bb _builder_version=\u00bb4.27.2&#8243; width_tablet=\u00bb100%\u00bb width_phone=\u00bb\u00bb width_last_edited=\u00bbon|phone\u00bb custom_margin=\u00bb||||false|false\u00bb custom_margin_last_edited=\u00bboff|tablet\u00bb custom_padding=\u00bb||||false|false\u00bb custom_padding_phone=\u00bb||||false|false\u00bb global_colors_info=\u00bb{}\u00bb][et_pb_column type=\u00bb4_4&#8243; _builder_version=\u00bb4.16&#8243; global_colors_info=\u00bb{}\u00bb][et_pb_text content_tablet=\u00bb<\/p>\n<h1><span style=%22color: #38b6ff;%22>Perspectivas<\/span><\/h1>\n<p>\u00bb content_phone=\u00bb<\/p>\n<h1><span style=%22color: #38b6ff;%22>Perspectivas<\/span><\/h1>\n<p>\u00bb content_last_edited=\u00bboff|desktop\u00bb _builder_version=\u00bb4.27.4&#8243; _module_preset=\u00bbdefault\u00bb header_font=\u00bb|700|||||||\u00bb header_text_align=\u00bbcenter\u00bb header_text_color=\u00bb#111828&#8243; header_font_size=\u00bb50px\u00bb header_line_height=\u00bb1.4em\u00bb background_layout=\u00bbdark\u00bb custom_margin=\u00bb|20px|30px|0px|false|false\u00bb custom_padding=\u00bb||0px|||\u00bb custom_padding_tablet=\u00bb50px||||false|false\u00bb custom_padding_phone=\u00bb50px||||false|false\u00bb custom_padding_last_edited=\u00bbon|tablet\u00bb hover_enabled=\u00bb0&#8243; header_font_tablet=\u00bbRoboto|300|||||||\u00bb header_font_phone=\u00bbRoboto|300|||||||\u00bb header_font_last_edited=\u00bboff|desktop\u00bb header_font_size_tablet=\u00bb40px\u00bb header_font_size_phone=\u00bb35px\u00bb header_font_size_last_edited=\u00bbon|tablet\u00bb global_colors_info=\u00bb%91%93&#8243; sticky_enabled=\u00bb0&#8243;]<\/p>\n<h1><span style=\"color: #38b6ff;\">Perspectivas<\/span><\/h1>\n<p>[\/et_pb_text][et_pb_text _builder_version=\u00bb4.27.4&#8243; _module_preset=\u00bbdefault\u00bb text_font=\u00bb|700|||||||\u00bb text_font_size=\u00bb16px\u00bb text_orientation=\u00bbcenter\u00bb custom_padding_tablet=\u00bb|30px||30px|false|false\u00bb custom_padding_phone=\u00bb|30px||30px|false|false\u00bb custom_padding_last_edited=\u00bbon|phone\u00bb global_colors_info=\u00bb%91%93&#8243;]<\/p>\n<p>Perspectivas m\u00e1s n\u00edtidas para agentes m\u00e1s inteligentes.<\/p>\n<p>[\/et_pb_text][et_pb_post_slider posts_number=\u00bb5&#8243; include_categories=\u00bb27,20&#8243; show_image=\u00bboff\u00bb use_bg_overlay=\u00bboff\u00bb dot_nav_custom_color=\u00bbrgba(0,0,0,0.25)\u00bb _builder_version=\u00bb4.27.2&#8243; header_font=\u00bb||||||||\u00bb header_text_align=\u00bbcenter\u00bb header_font_size=\u00bb30px\u00bb header_line_height=\u00bb1.5em\u00bb body_font=\u00bb||||||||\u00bb body_text_align=\u00bbleft\u00bb body_font_size=\u00bb16px\u00bb body_line_height=\u00bb2em\u00bb meta_font=\u00bb|600|||||||\u00bb meta_text_color=\u00bb#ff6d29&#8243; background_color=\u00bbrgba(0,0,0,0)\u00bb custom_button=\u00bbon\u00bb button_text_size=\u00bb14px\u00bb button_text_color=\u00bb#3f3fff\u00bb button_border_width=\u00bb2px\u00bb button_border_color=\u00bb#3f3fff\u00bb button_border_radius=\u00bb0px\u00bb button_letter_spacing=\u00bb1px\u00bb button_font=\u00bb|700||on|||||\u00bb button_custom_padding=\u00bb16px|28px|16px|28px|true|true\u00bb background_layout=\u00bblight\u00bb custom_padding=\u00bb0px||90px||false|false\u00bb header_font_size_tablet=\u00bb30px\u00bb header_font_size_phone=\u00bb20px\u00bb header_font_size_last_edited=\u00bbon|phone\u00bb body_font_size_tablet=\u00bb\u00bb body_font_size_phone=\u00bb14px\u00bb body_font_size_last_edited=\u00bbon|desktop\u00bb body_line_height_tablet=\u00bb\u00bb body_line_height_phone=\u00bb1.6em\u00bb body_line_height_last_edited=\u00bbon|desktop\u00bb global_colors_info=\u00bb{}\u00bb button_text_size__hover_enabled=\u00bboff\u00bb button_text_color__hover_enabled=\u00bboff\u00bb button_bg_color__hover=\u00bb#ff8a3d\u00bb button_bg_color__hover_enabled=\u00bboff\u00bb button_border_width__hover_enabled=\u00bboff\u00bb button_border_color__hover=\u00bb#ff8a3d\u00bb button_border_color__hover_enabled=\u00bboff\u00bb button_border_radius__hover=\u00bb100px\u00bb button_border_radius__hover_enabled=\u00bboff\u00bb button_letter_spacing__hover=\u00bb5px\u00bb button_letter_spacing__hover_enabled=\u00bboff\u00bb][\/et_pb_post_slider][\/et_pb_column][\/et_pb_row][\/et_pb_section][et_pb_section fb_built=\u00bb1&#8243; _builder_version=\u00bb4.17.6&#8243; _module_preset=\u00bbdefault\u00bb global_colors_info=\u00bb{}\u00bb][et_pb_row _builder_version=\u00bb4.17.6&#8243; _module_preset=\u00bbdefault\u00bb global_colors_info=\u00bb{}\u00bb][et_pb_column type=\u00bb4_4&#8243; _builder_version=\u00bb4.17.6&#8243; _module_preset=\u00bbdefault\u00bb global_colors_info=\u00bb{}\u00bb][et_pb_blog posts_number=\u00bb6&#8243; include_categories=\u00bb27,20&#8243; show_thumbnail=\u00bboff\u00bb show_more=\u00bbon\u00bb _builder_version=\u00bb4.27.2&#8243; _module_preset=\u00bbdefault\u00bb global_colors_info=\u00bb{}\u00bb][\/et_pb_blog][\/et_pb_column][\/et_pb_row][\/et_pb_section][et_pb_section fb_built=\u00bb1&#8243; _builder_version=\u00bb4.18.0&#8243; _module_preset=\u00bbdefault\u00bb custom_padding=\u00bb4px||50px|||\u00bb saved_tabs=\u00bball\u00bb global_colors_info=\u00bb{}\u00bb][et_pb_row _builder_version=\u00bb4.18.0&#8243; _module_preset=\u00bbdefault\u00bb global_colors_info=\u00bb{}\u00bb][et_pb_column type=\u00bb4_4&#8243; _builder_version=\u00bb4.18.0&#8243; _module_preset=\u00bbdefault\u00bb global_colors_info=\u00bb{}\u00bb][et_pb_text _builder_version=\u00bb4.27.2&#8243; _module_preset=\u00bbdefault\u00bb custom_padding=\u00bb|||20px|false|false\u00bb border_width_left=\u00bb5px\u00bb border_color_left=\u00bb#38b6ff\u00bb global_colors_info=\u00bb%91%93&#8243;]<\/p>\n<p><strong>ANUNCIO<\/strong><strong><\/strong><\/p>\n<p><strong>\u00bfTe interesa iniciarte en las inversiones?<br \/><\/strong> eToro es una de las plataformas de inversi\u00f3n online m\u00e1s famosas, con m\u00e1s de 30 millones de usuarios, y ocupa el primer puesto de nuestra lista de las 5 mejores bolsas de valores. Muchas funcionalidades adicionales y herramientas innovadoras han sido decisivas para que se sit\u00faen en lo m\u00e1s alto. <\/p>\n<p>[\/et_pb_text][\/et_pb_column][\/et_pb_row][et_pb_row column_structure=\u00bb1_4,1_2,1_4&#8243; _builder_version=\u00bb4.18.0&#8243; _module_preset=\u00bbdefault\u00bb background_color=\u00bb#FFFFFF\u00bb custom_padding=\u00bb|15px||15px|false|false\u00bb box_shadow_style=\u00bbpreset1&#8243; global_colors_info=\u00bb{}\u00bb][et_pb_column type=\u00bb1_4&#8243; _builder_version=\u00bb4.18.0&#8243; _module_preset=\u00bbdefault\u00bb global_colors_info=\u00bb{}\u00bb][dsm_text_badges main_text=\u00bb \u00bb badges_text=\u00bbRecomendado\u00bb badges_background_color=\u00bb#00b800&#8243; _builder_version=\u00bb4.27.2&#8243; _module_preset=\u00bbdefault\u00bb badges_font=\u00bbArial|600||on|||||\u00bb badges_text_color=\u00bb#FFFFFF\u00bb badges_letter_spacing=\u00bb1px\u00bb text_orientation=\u00bbcenter\u00bb global_colors_info=\u00bb{}\u00bb][\/dsm_text_badges][et_pb_image src=\u00bbhttps:\/\/chatagentlab.com\/wp-content\/uploads\/2025\/02\/etoro-logo.png\u00bb title_text=\u00bbetoro-logo\u00bb align=\u00bbcenter\u00bb _builder_version=\u00bb4.18.0&#8243; _module_preset=\u00bbdefault\u00bb custom_margin=\u00bb20px||||false|false\u00bb global_colors_info=\u00bb{}\u00bb][\/et_pb_image][\/et_pb_column][et_pb_column type=\u00bb1_2&#8243; _builder_version=\u00bb4.18.0&#8243; _module_preset=\u00bbdefault\u00bb global_colors_info=\u00bb{}\u00bb][et_pb_text _builder_version=\u00bb4.20.0&#8243; _module_preset=\u00bbdefault\u00bb global_colors_info=\u00bb%91%93&#8243;]<\/p>\n<p><span style=\"text-decoration: underline;\">Beneficios<\/span><\/p>\n<p><span>\u2714 <\/span>Registrado en varias Autoridades de Supervisi\u00f3n Financiera.<\/p>\n<p><span>\u2714 <\/span>Comisiones bajas.<\/p>\n<p><span>\u2714 Actualmente es la plataforma m\u00e1s f\u00e1cil de usar del mercado. Puedes abrir una cuenta y realizar tu primera operaci\u00f3n en cuesti\u00f3n de minutos. <\/span><\/p>\n<p><span>\u2714 Intercambio seguro y popular con m\u00e1s de 30 millones de usuarios registrados.<\/span><\/p>\n<p><span>\u2714 Ofrece negociaci\u00f3n en una amplia variedad de activos: acciones, divisas, criptomonedas, materias primas, ETF e \u00edndices.<\/span><\/p>\n<p>[\/et_pb_text][et_pb_text _builder_version=\u00bb4.20.0&#8243; _module_preset=\u00bbdefault\u00bb global_colors_info=\u00bb%91%93&#8243;]<\/p>\n<p><span style=\"text-decoration: underline;\">Contras<\/span><\/p>\n<p><strong>\u2717 <\/strong>Tasa de inactividad de 10 USD si no te conectas en 12 meses.<\/p>\n<p>\u2717 <strong>S <\/strong>\u00f3lo asistencia por ticket, no por tel\u00e9fono.<\/p>\n<p>[\/et_pb_text][\/et_pb_column][et_pb_column type=\u00bb1_4&#8243; _builder_version=\u00bb4.18.0&#8243; _module_preset=\u00bbdefault\u00bb global_colors_info=\u00bb{}\u00bb][et_pb_button button_url=\u00bbhttps:\/\/med.etoro.com\/B12087_A67536_TClick_Sinvestortoplist.aspx\u00bb button_text=\u00bbVisita eToro\u00bb button_alignment=\u00bbcenter\u00bb _builder_version=\u00bb4.20.0&#8243; _module_preset=\u00bbdefault\u00bb custom_button=\u00bbon\u00bb button_text_color=\u00bb#FFFFFF\u00bb button_bg_color=\u00bb#31e4c7&#8243; button_font=\u00bbActor||||||||\u00bb button_icon_color=\u00bb#FFFFFF\u00bb custom_margin=\u00bb||0px||false|false\u00bb global_colors_info=\u00bb{}\u00bb][\/et_pb_button][et_pb_text disabled_on=\u00bboff|off|off\u00bb _builder_version=\u00bb4.27.2&#8243; background_color=\u00bb#EAEAEA\u00bb custom_margin=\u00bb18px|||||\u00bb custom_padding=\u00bb15px|15px|15px|15px\u00bb global_colors_info=\u00bb%91%93&#8243;]<\/p>\n<p style=\"text-align: left;\">Advertencia de riesgo: el 51% de las cuentas de CFD no profesionales pierden dinero.<\/p>\n<p>[\/et_pb_text][et_pb_code _builder_version=\u00bb4.22.2&#8243; _module_preset=\u00bbdefault\u00bb global_colors_info=\u00bb{}\u00bb]<script type=\"text\/javascript\" src=\"https:\/\/marketing.etorostatic.com\/ext\/latest\/js\/etoro.js\" async defer><\/script>[\/et_pb_code][\/et_pb_column][\/et_pb_row][et_pb_row _builder_version=\u00bb4.18.0&#8243; _module_preset=\u00bbdefault\u00bb custom_padding=\u00bb40px|||||\u00bb global_colors_info=\u00bb{}\u00bb][et_pb_column type=\u00bb4_4&#8243; _builder_version=\u00bb4.18.0&#8243; _module_preset=\u00bbdefault\u00bb global_colors_info=\u00bb{}\u00bb][et_pb_icon font_icon=\u00bb&#x3b;||divi||400&#8243; icon_color=\u00bb#31e4c7&#8243; icon_width=\u00bb40px\u00bb _builder_version=\u00bb4.18.0&#8243; _module_preset=\u00bbdefault\u00bb global_colors_info=\u00bb{}\u00bb][\/et_pb_icon][\/et_pb_column][\/et_pb_row][et_pb_row _builder_version=\u00bb4.18.0&#8243; _module_preset=\u00bbdefault\u00bb custom_padding=\u00bb5px|||||\u00bb global_colors_info=\u00bb{}\u00bb][et_pb_column type=\u00bb4_4&#8243; _builder_version=\u00bb4.18.0&#8243; _module_preset=\u00bbdefault\u00bb global_colors_info=\u00bb{}\u00bb][et_pb_text _builder_version=\u00bb4.27.2&#8243; background_color=\u00bb#eaeaea\u00bb custom_padding=\u00bb25px|25px|25px|25px\u00bb global_colors_info=\u00bb%91%93&#8243;]<em><span small=\"\"><strong>Advertencia de riesgo:<\/strong> <\/span><\/em><\/p>\n<p>eToro es una plataforma multiactivos que ofrece tanto invertir en acciones y criptoactivos, como operar con CFD.<\/p>\n<p>Ten en cuenta que los CFD son instrumentos complejos y conllevan un alto riesgo de perder dinero r\u00e1pidamente debido al apalancamiento. El 51% de las cuentas de inversores minoristas pierden dinero al operar con CFDs con este proveedor. Debes considerar si entiendes c\u00f3mo funcionan los CFD y si puedes permitirte asumir el alto riesgo de perder tu dinero.  <\/p>\n<p>El rendimiento pasado no es indicativo de resultados futuros. El historial de negociaci\u00f3n presentado es inferior a 5 a\u00f1os completos y puede no ser suficiente como base para tomar una decisi\u00f3n de inversi\u00f3n. <\/p>\n<p>El copy trading es un servicio de gesti\u00f3n de carteras, prestado por eToro (Europe) Ltd., que est\u00e1 autorizada y regulada por la Comisi\u00f3n del Mercado de Valores de Chipre.<\/p>\n<p>La inversi\u00f3n en criptoactivos es muy vol\u00e1til y no est\u00e1 regulada en algunos pa\u00edses de la UE. No hay protecci\u00f3n del consumidor. Pueden aplicarse impuestos sobre los beneficios.  <\/p>\n<p>eToro USA LLC no ofrece CFDs y no hace ninguna declaraci\u00f3n ni asume ninguna responsabilidad en cuanto a la exactitud o integridad del contenido de esta publicaci\u00f3n, que ha sido preparada por nuestro socio utilizando informaci\u00f3n p\u00fablica no espec\u00edfica sobre eToro.[\/et_pb_text][\/et_pb_column][\/et_pb_row][\/et_pb_section]<\/p>\n","protected":false},"excerpt":{"rendered":"<p>PerspectivasPerspectivas m\u00e1s n\u00edtidas para agentes m\u00e1s inteligentes.ANUNCIO \u00bfTe interesa iniciarte en las inversiones? eToro es una de las plataformas de inversi\u00f3n online m\u00e1s famosas, con m\u00e1s de 30 millones de usuarios, y ocupa el primer puesto de nuestra lista de las 5 mejores bolsas de valores. Muchas funcionalidades adicionales y herramientas innovadoras han sido decisivas [&hellip;]<\/p>\n","protected":false},"author":1,"featured_media":0,"parent":0,"menu_order":0,"comment_status":"closed","ping_status":"closed","template":"","meta":{"_et_pb_use_builder":"on","_et_pb_old_content":"","_et_gb_content_width":"","inline_featured_image":false,"footnotes":""},"class_list":["post-933907","page","type-page","status-publish","hentry"],"_links":{"self":[{"href":"https:\/\/chatagentlab.com\/es\/wp-json\/wp\/v2\/pages\/933907","targetHints":{"allow":["GET"]}}],"collection":[{"href":"https:\/\/chatagentlab.com\/es\/wp-json\/wp\/v2\/pages"}],"about":[{"href":"https:\/\/chatagentlab.com\/es\/wp-json\/wp\/v2\/types\/page"}],"author":[{"embeddable":true,"href":"https:\/\/chatagentlab.com\/es\/wp-json\/wp\/v2\/users\/1"}],"replies":[{"embeddable":true,"href":"https:\/\/chatagentlab.com\/es\/wp-json\/wp\/v2\/comments?post=933907"}],"version-history":[{"count":5,"href":"https:\/\/chatagentlab.com\/es\/wp-json\/wp\/v2\/pages\/933907\/revisions"}],"predecessor-version":[{"id":933929,"href":"https:\/\/chatagentlab.com\/es\/wp-json\/wp\/v2\/pages\/933907\/revisions\/933929"}],"wp:attachment":[{"href":"https:\/\/chatagentlab.com\/es\/wp-json\/wp\/v2\/media?parent=933907"}],"curies":[{"name":"wp","href":"https:\/\/api.w.org\/{rel}","templated":true}]}}