{"id":933512,"date":"2025-03-23T07:49:11","date_gmt":"2025-03-23T07:49:11","guid":{"rendered":"https:\/\/chatagentlab.com\/recursos\/"},"modified":"2025-04-05T13:16:19","modified_gmt":"2025-04-05T13:16:19","slug":"recursos","status":"publish","type":"page","link":"https:\/\/chatagentlab.com\/es\/recursos\/","title":{"rendered":"Recursos"},"content":{"rendered":"<p>[et_pb_section fb_built=\u00bb1&#8243; admin_label=\u00bbHeader\u00bb _builder_version=\u00bb4.27.4&#8243; _module_preset=\u00bbdefault\u00bb background_color=\u00bbgcid-1bcf785a-50e1-437b-b09f-65567babc1de\u00bb background_image=\u00bbhttps:\/\/chatagentlab.com\/wp-content\/uploads\/2024\/11\/ai-40c.png\u00bb background_size=\u00bbcustom\u00bb background_image_width=\u00bb40%\u00bb background_position=\u00bbtop_right\u00bb custom_margin=\u00bb||||false|false\u00bb custom_padding=\u00bb||7px||false|false\u00bb collapsed=\u00bbon\u00bb global_colors_info=\u00bb{%22gcid-1bcf785a-50e1-437b-b09f-65567babc1de%22:%91%22background_color%22%93}\u00bb][et_pb_row _builder_version=\u00bb4.27.4&#8243; _module_preset=\u00bbdefault\u00bb custom_padding=\u00bb||50px|||\u00bb global_colors_info=\u00bb{}\u00bb][et_pb_column type=\u00bb4_4&#8243; _builder_version=\u00bb4.27.4&#8243; _module_preset=\u00bbdefault\u00bb global_colors_info=\u00bb{}\u00bb][et_pb_text _builder_version=\u00bb4.27.4&#8243; _module_preset=\u00bbdefault\u00bb text_orientation=\u00bbcenter\u00bb background_layout=\u00bbdark\u00bb width=\u00bb20%\u00bb width_tablet=\u00bb25%\u00bb width_phone=\u00bb50%\u00bb width_last_edited=\u00bbon|phone\u00bb max_width_last_edited=\u00bboff|phone\u00bb module_alignment=\u00bbcenter\u00bb custom_css_main_element=\u00bbbackground: linear-gradient(||  to top,||  rgba(55, 181, 255, 0.5) 0%,  \/* 50% opacity of #37B5FF at the bottom *\/||  rgba(55, 181, 255, 0) 100%    \/* Fully transparent at the top *\/||) !important;||||border-radius: 0%;||padding: 0;||\u00bb border_width_bottom=\u00bb1px\u00bb border_color_bottom=\u00bb#37b5ff\u00bb global_colors_info=\u00bb{}\u00bb]<\/p>\n<p>Esenciales<\/p>\n<p>[\/et_pb_text][et_pb_text content_tablet=\u00bb<\/p>\n<h1><span style=%22color: #38b6ff;%22>Recursos de<\/span> la Plataforma<\/h1>\n<p>\u00bb content_phone=\u00bb<\/p>\n<h1><span style=%22color: #38b6ff;%22>Recursos de<\/span> la Plataforma<\/h1>\n<p>\u00bb content_last_edited=\u00bboff|desktop\u00bb _builder_version=\u00bb4.27.4&#8243; _module_preset=\u00bbdefault\u00bb header_font=\u00bbBarlow Semi Condensed|700|||||||\u00bb header_text_align=\u00bbcenter\u00bb header_text_color=\u00bb#FFFFFF\u00bb header_font_size=\u00bb50px\u00bb header_line_height=\u00bb1.4em\u00bb background_layout=\u00bbdark\u00bb custom_margin=\u00bb|20px|30px|0px|false|false\u00bb custom_padding=\u00bb||0px|||\u00bb custom_padding_tablet=\u00bb\u00bb custom_padding_phone=\u00bb\u00bb custom_padding_last_edited=\u00bbon|phone\u00bb header_font_tablet=\u00bbRoboto|300|||||||\u00bb header_font_phone=\u00bbRoboto|300|||||||\u00bb header_font_last_edited=\u00bboff|desktop\u00bb header_font_size_tablet=\u00bb40px\u00bb header_font_size_phone=\u00bb30px\u00bb header_font_size_last_edited=\u00bbon|phone\u00bb global_colors_info=\u00bb{}\u00bb]<\/p>\n<h1><span style=\"color: #38b6ff;\">Recursos de<\/span> la Plataforma<\/h1>\n<p>[\/et_pb_text][et_pb_text content_last_edited=\u00bboff|phone\u00bb _builder_version=\u00bb4.27.4&#8243; _module_preset=\u00bbdefault\u00bb text_font=\u00bbInter||||||||\u00bb text_text_color=\u00bb#c0c2ca\u00bb text_font_size=\u00bb15px\u00bb text_orientation=\u00bbcenter\u00bb background_layout=\u00bbdark\u00bb hover_enabled=\u00bb0&#8243; global_colors_info=\u00bb{}\u00bb sticky_enabled=\u00bb0&#8243;]<\/p>\n<p>Mantente informado. Explora nuestras \u00faltimas actualizaciones, planes de futuro, documentaci\u00f3n y perspectivas de la plataforma. <\/p>\n<p>[\/et_pb_text][\/et_pb_column][\/et_pb_row][et_pb_row _builder_version=\u00bb4.27.4&#8243; _module_preset=\u00bbdefault\u00bb global_colors_info=\u00bb{}\u00bb][et_pb_column type=\u00bb4_4&#8243; _builder_version=\u00bb4.19.2&#8243; _module_preset=\u00bbdefault\u00bb global_colors_info=\u00bb{}\u00bb][et_pb_blurb title=\u00bbBase de conocimientos\u00bb use_icon=\u00bbon\u00bb font_icon=\u00bb&#xe035;||divi||400&#8243; icon_placement=\u00bbleft\u00bb _builder_version=\u00bb4.27.4&#8243; _module_preset=\u00bbdefault\u00bb header_font_size=\u00bb20px\u00bb body_text_color=\u00bb#c0c2ca\u00bb background_layout=\u00bbdark\u00bb custom_margin=\u00bb||||false|false\u00bb global_colors_info=\u00bb{}\u00bb body_font_size__hover_enabled=\u00bboff|desktop\u00bb]<\/p>\n<p>Encuentra respuestas a preguntas comunes, gu\u00edas y mejores pr\u00e1cticas para utilizar ChatAgentLab.<\/p>\n<p>\ud83d\udc49 <a href=\"https:\/\/roadmap.chatagentlab.com\/t\/knowledge-base\">Ver la base de conocimientos<\/a><\/p>\n<p>[\/et_pb_blurb][et_pb_blurb title=\u00bbRegistro de cambios\u00bb use_icon=\u00bbon\u00bb font_icon=\u00bb&#xe035;||divi||400&#8243; icon_placement=\u00bbleft\u00bb _builder_version=\u00bb4.27.4&#8243; _module_preset=\u00bbdefault\u00bb header_font_size=\u00bb20px\u00bb body_text_color=\u00bb#c0c2ca\u00bb background_layout=\u00bbdark\u00bb custom_margin=\u00bb||||false|false\u00bb global_colors_info=\u00bb{}\u00bb body_font_size__hover_enabled=\u00bboff|desktop\u00bb]<\/p>\n<p>Mantente al d\u00eda de las nuevas funciones y mejoras.<\/p>\n<p>\ud83d\udc49 <a href=\"https:\/\/roadmap.chatagentlab.com\/\">Ver el registro de cambios<\/a><\/p>\n<p>[\/et_pb_blurb][et_pb_blurb title=\u00bbMapa de carreteras\u00bb use_icon=\u00bbon\u00bb font_icon=\u00bb&#xf018;||fa||900&#8243; icon_placement=\u00bbleft\u00bb _builder_version=\u00bb4.27.4&#8243; _module_preset=\u00bbdefault\u00bb header_font_size=\u00bb20px\u00bb body_text_color=\u00bb#c0c2ca\u00bb background_layout=\u00bbdark\u00bb custom_margin=\u00bb||||false|false\u00bb global_colors_info=\u00bb{}\u00bb body_font_size__hover_enabled=\u00bboff|desktop\u00bb]<\/p>\n<p>Mira lo que vamos a construir a continuaci\u00f3n.<\/p>\n<p>\ud83d\udc49 <a href=\"https:\/\/roadmap.chatagentlab.com\/t\/roadmap-fok6e\">Ver hoja de ruta<\/a><\/p>\n<p>[\/et_pb_blurb][et_pb_blurb title=\u00bbP\u00e1gina de estado\u00bb use_icon=\u00bbon\u00bb font_icon=\u00bb&#xe0e3;||divi||400&#8243; icon_placement=\u00bbleft\u00bb _builder_version=\u00bb4.27.4&#8243; _module_preset=\u00bbdefault\u00bb header_font_size=\u00bb20px\u00bb body_text_color=\u00bb#c0c2ca\u00bb background_layout=\u00bbdark\u00bb custom_margin=\u00bb||50px||false|false\u00bb global_colors_info=\u00bb{}\u00bb body_font_size__hover_enabled=\u00bboff|desktop\u00bb]<\/p>\n<p>Comprueba la salud y el tiempo de actividad del sistema.<\/p>\n<p>\ud83d\udc49 <a href=\"https:\/\/statuspage.chatagentlab.com\/\">Ver estado<\/a><\/p>\n<div class=\"relative inline-flex items-center\"><\/div>\n<p>[\/et_pb_blurb][\/et_pb_column][\/et_pb_row][\/et_pb_section]<\/p>\n","protected":false},"excerpt":{"rendered":"<p>EsencialesRecursos de la PlataformaMantente informado. Explora nuestras \u00faltimas actualizaciones, planes de futuro, documentaci\u00f3n y perspectivas de la plataforma. Encuentra respuestas a preguntas comunes, gu\u00edas y mejores pr\u00e1cticas para utilizar ChatAgentLab. \ud83d\udc49 Ver la base de conocimientosMantente al d\u00eda de las nuevas funciones y mejoras. \ud83d\udc49 Ver el registro de cambiosMira lo que vamos a construir [&hellip;]<\/p>\n","protected":false},"author":1,"featured_media":0,"parent":0,"menu_order":0,"comment_status":"closed","ping_status":"closed","template":"","meta":{"_et_pb_use_builder":"on","_et_pb_old_content":"","_et_gb_content_width":"","inline_featured_image":false,"footnotes":""},"class_list":["post-933512","page","type-page","status-publish","hentry"],"_links":{"self":[{"href":"https:\/\/chatagentlab.com\/es\/wp-json\/wp\/v2\/pages\/933512","targetHints":{"allow":["GET"]}}],"collection":[{"href":"https:\/\/chatagentlab.com\/es\/wp-json\/wp\/v2\/pages"}],"about":[{"href":"https:\/\/chatagentlab.com\/es\/wp-json\/wp\/v2\/types\/page"}],"author":[{"embeddable":true,"href":"https:\/\/chatagentlab.com\/es\/wp-json\/wp\/v2\/users\/1"}],"replies":[{"embeddable":true,"href":"https:\/\/chatagentlab.com\/es\/wp-json\/wp\/v2\/comments?post=933512"}],"version-history":[{"count":6,"href":"https:\/\/chatagentlab.com\/es\/wp-json\/wp\/v2\/pages\/933512\/revisions"}],"predecessor-version":[{"id":934866,"href":"https:\/\/chatagentlab.com\/es\/wp-json\/wp\/v2\/pages\/933512\/revisions\/934866"}],"wp:attachment":[{"href":"https:\/\/chatagentlab.com\/es\/wp-json\/wp\/v2\/media?parent=933512"}],"curies":[{"name":"wp","href":"https:\/\/api.w.org\/{rel}","templated":true}]}}