{"id":933497,"date":"2025-02-25T16:32:04","date_gmt":"2025-02-25T16:32:04","guid":{"rendered":"https:\/\/chatagentlab.com\/quienes-somos\/"},"modified":"2025-03-30T00:03:09","modified_gmt":"2025-03-30T00:03:09","slug":"quienes-somos","status":"publish","type":"page","link":"https:\/\/chatagentlab.com\/es\/quienes-somos\/","title":{"rendered":"Qui\u00e9nes somos"},"content":{"rendered":"<p>[et_pb_section fb_built=\u00bb1&#8243; admin_label=\u00bbHeader\u00bb _builder_version=\u00bb4.22.2&#8243; _module_preset=\u00bbdefault\u00bb background_color=\u00bb#01012c\u00bb background_image=\u00bbhttps:\/\/chatagentlab.com\/wp-content\/uploads\/2024\/11\/ai-40c.png\u00bb background_size=\u00bbcustom\u00bb background_image_width=\u00bb40%\u00bb background_position=\u00bbtop_right\u00bb custom_padding=\u00bb||4px|||\u00bb collapsed=\u00bbon\u00bb global_colors_info=\u00bb{}\u00bb][et_pb_row _builder_version=\u00bb4.19.2&#8243; _module_preset=\u00bbdefault\u00bb max_width=\u00bb800px\u00bb custom_padding=\u00bb||2px|||\u00bb global_colors_info=\u00bb{}\u00bb][et_pb_column type=\u00bb4_4&#8243; _builder_version=\u00bb4.19.2&#8243; _module_preset=\u00bbdefault\u00bb global_colors_info=\u00bb{}\u00bb][et_pb_text _builder_version=\u00bb4.27.4&#8243; _module_preset=\u00bb13ecf174-a85f-4b15-a628-8b5ff9cad808&#8243; text_font=\u00bbRoboto Mono|700||on|||||\u00bb text_text_color=\u00bb#0cf57e\u00bb text_letter_spacing=\u00bb1px\u00bb text_line_height=\u00bb1.4em\u00bb header_4_font=\u00bbRoboto Mono|700||on|||||\u00bb header_4_text_color=\u00bbgcid-afa30cf2-6f5d-4b9c-aa39-7dbe1ac3b7a3&#8243; header_4_font_size=\u00bb14px\u00bb header_4_letter_spacing=\u00bb1px\u00bb header_4_line_height=\u00bb1.4em\u00bb text_orientation=\u00bbcenter\u00bb background_layout=\u00bbdark\u00bb custom_margin=\u00bb||40px||false|false\u00bb global_colors_info=\u00bb{%22gcid-afa30cf2-6f5d-4b9c-aa39-7dbe1ac3b7a3%22:%91%22header_4_text_color%22%93}\u00bb]<\/p>\n<p>Qui\u00e9nes somos<\/p>\n<p>[\/et_pb_text][et_pb_text _builder_version=\u00bb4.27.4&#8243; _module_preset=\u00bb8e273380-1068-4038-a309-b925436b563f\u00bb header_font=\u00bb|700|||||||\u00bb header_text_color=\u00bb#FFFFFF\u00bb header_font_size=\u00bb48px\u00bb header_line_height=\u00bb1.2em\u00bb text_orientation=\u00bbcenter\u00bb custom_margin=\u00bb||10px||false|false\u00bb header_font_size_tablet=\u00bb48px\u00bb header_font_size_phone=\u00bb48px\u00bb header_font_size_last_edited=\u00bbon|tablet\u00bb global_colors_info=\u00bb%91%93&#8243;]<\/p>\n<h1>Nuestra misi\u00f3n<\/h1>\n<p>[\/et_pb_text][et_pb_text _builder_version=\u00bb4.27.4&#8243; _module_preset=\u00bb7369261f-e2bd-4270-88cf-66d1382ff00a\u00bb text_font_size=\u00bb16px\u00bb text_line_height=\u00bb1.9em\u00bb header_font=\u00bb||||||||\u00bb header_4_font=\u00bbInter|700|||||||\u00bb header_4_text_color=\u00bb#FFFFFF\u00bb header_4_font_size=\u00bb19px\u00bb header_4_line_height=\u00bb1.4em\u00bb text_orientation=\u00bbcenter\u00bb background_layout=\u00bbdark\u00bb custom_margin=\u00bb||60px|||\u00bb header_4_font_size_tablet=\u00bb16px\u00bb header_4_font_size_phone=\u00bb15px\u00bb header_4_font_size_last_edited=\u00bbon|desktop\u00bb global_colors_info=\u00bb%91%93&#8243;]<\/p>\n<p>Nuestra misi\u00f3n es capacitar a las empresas proporcion\u00e1ndoles una plataforma sin c\u00f3digo que permite la creaci\u00f3n de agentes de IA personalizados en cuesti\u00f3n de minutos. Aprovechando la \u00faltima tecnolog\u00eda de IA, nuestra soluci\u00f3n ofrece capacidades comparables a plataformas que costar\u00eda millones desarrollar internamente, todo ello desde s\u00f3lo 450 $ al mes. <\/p>\n<p>[\/et_pb_text][et_pb_text _builder_version=\u00bb4.22.2&#8243; _module_preset=\u00bb6631b821-5a27-40ca-8447-6836982c2c3c\u00bb header_2_font=\u00bb|700|||||||\u00bb header_2_text_color=\u00bb#FFFFFF\u00bb header_2_font_size=\u00bb35px\u00bb header_2_line_height=\u00bb1.2em\u00bb text_orientation=\u00bbcenter\u00bb custom_margin=\u00bb||10px||false|false\u00bb header_2_font_size_tablet=\u00bb35px\u00bb header_2_font_size_phone=\u00bb35px\u00bb header_2_font_size_last_edited=\u00bbon|phone\u00bb global_colors_info=\u00bb%91%93&#8243;]<\/p>\n<h2>Palabras del Fundador<\/h2>\n<p>[\/et_pb_text][\/et_pb_column][\/et_pb_row][\/et_pb_section][et_pb_section fb_built=\u00bb1&#8243; admin_label=\u00bbHeader\u00bb _builder_version=\u00bb4.22.2&#8243; _module_preset=\u00bbdefault\u00bb background_color=\u00bb#01012c\u00bb background_enable_image=\u00bboff\u00bb background_size=\u00bbcustom\u00bb background_image_width=\u00bb40%\u00bb background_position=\u00bbtop_right\u00bb custom_padding=\u00bb4px||4px|||\u00bb collapsed=\u00bbon\u00bb global_colors_info=\u00bb{}\u00bb][et_pb_row custom_padding_last_edited=\u00bbon|phone\u00bb _builder_version=\u00bb4.27.4&#8243; _module_preset=\u00bbdefault\u00bb custom_padding=\u00bb|300px||300px|false|false\u00bb custom_padding_tablet=\u00bb|150px|0px|150px|false|false\u00bb custom_padding_phone=\u00bb|40px|0px|40px|false|false\u00bb global_colors_info=\u00bb{}\u00bb][et_pb_column type=\u00bb4_4&#8243; _builder_version=\u00bb4.27.4&#8243; _module_preset=\u00bbdefault\u00bb background_color=\u00bbgcid-f1f9244b-c8ab-43e1-95c3-c0bdf69ac7b5&#8243; custom_padding=\u00bb60px|10px|60px|10px|true|true\u00bb custom_padding_tablet=\u00bb50px|10px|50px|10px|true|true\u00bb custom_padding_phone=\u00bb40px|10px|40px|10px|true|true\u00bb custom_padding_last_edited=\u00bbon|desktop\u00bb border_radii=\u00bbon|40px|40px|40px|40px\u00bb global_colors_info=\u00bb{%22gcid-f1f9244b-c8ab-43e1-95c3-c0bdf69ac7b5%22:%91%22background_color%22%93}\u00bb][et_pb_image src=\u00bbhttps:\/\/chatagentlab.com\/wp-content\/uploads\/2025\/03\/Andreas_Torgersen_ChatAgentLab.jpeg\u00bb title_text=\u00bbAndreas_Torgersen_ChatAgentLab\u00bb align=\u00bbcenter\u00bb _builder_version=\u00bb4.27.4&#8243; _module_preset=\u00bbdefault\u00bb max_width=\u00bb70%\u00bb global_colors_info=\u00bb{}\u00bb][\/et_pb_image][et_pb_text _builder_version=\u00bb4.22.2&#8243; _module_preset=\u00bbcafa8a02-6239-4a76-8c0f-55c4563b8fa7&#8243; header_font=\u00bb||||||||\u00bb header_4_font=\u00bbInter|700|||||||\u00bb header_4_text_color=\u00bb#FFFFFF\u00bb header_4_font_size=\u00bb19px\u00bb header_4_line_height=\u00bb1.4em\u00bb text_orientation=\u00bbcenter\u00bb custom_margin=\u00bb||10px||false|false\u00bb header_4_font_size_tablet=\u00bb16px\u00bb header_4_font_size_phone=\u00bb15px\u00bb header_4_font_size_last_edited=\u00bbon|desktop\u00bb global_colors_info=\u00bb%91%93&#8243;]<\/p>\n<h4>Andreas Torgersen<\/h4>\n<p>[\/et_pb_text][et_pb_text _builder_version=\u00bb4.27.4&#8243; _module_preset=\u00bb2e3a207b-b9e6-443f-98fc-665122639bde\u00bb text_text_color=\u00bbrgba(255,255,255,0.75)\u00bb text_line_height=\u00bb1.6em\u00bb text_orientation=\u00bbcenter\u00bb header_font_size_tablet=\u00bb55px\u00bb header_font_size_last_edited=\u00bboff|desktop\u00bb global_colors_info=\u00bb%91%93&#8243;]<\/p>\n<p>Fundador y Asesor Estrat\u00e9gico<\/p>\n<p>[\/et_pb_text][\/et_pb_column][\/et_pb_row][et_pb_row _builder_version=\u00bb4.19.2&#8243; _module_preset=\u00bbdefault\u00bb max_width=\u00bb800px\u00bb global_colors_info=\u00bb{}\u00bb][et_pb_column type=\u00bb4_4&#8243; _builder_version=\u00bb4.19.2&#8243; _module_preset=\u00bbdefault\u00bb global_colors_info=\u00bb{}\u00bb][et_pb_text _builder_version=\u00bb4.27.4&#8243; _module_preset=\u00bb4acd85e9-2b32-4d81-bf4f-8716e13871f6&#8243; text_text_color=\u00bbrgba(255,255,255,0.75)\u00bb text_font_size=\u00bb16px\u00bb text_line_height=\u00bb1.8em\u00bb text_font_size_tablet=\u00bb15px\u00bb text_font_size_phone=\u00bb14px\u00bb text_font_size_last_edited=\u00bbon|desktop\u00bb header_font_size_tablet=\u00bb55px\u00bb header_font_size_last_edited=\u00bboff|desktop\u00bb global_colors_info=\u00bb%91%93&#8243;]<\/p>\n<p data-start=\"0\" data-end=\"360\">Como fundador de ChatAgentLab, me mueve una visi\u00f3n singular: democratizar el acceso a la tecnolog\u00eda avanzada de IA para empresas de todos los tama\u00f1os. En el panorama digital actual, en r\u00e1pida evoluci\u00f3n, la capacidad de desplegar sofisticados agentes de IA puede cambiar las reglas del juego, pero las barreras del coste y la complejidad t\u00e9cnica a menudo han puesto este poder fuera del alcance de muchos. <\/p>\n<p data-start=\"362\" data-end=\"626\">Reflexionando sobre mis propias experiencias, me di cuenta de los retos a los que se enfrentan las empresas a la hora de integrar soluciones de IA sin grandes recursos o conocimientos especializados. Esta constataci\u00f3n inspir\u00f3 la creaci\u00f3n de ChatAgentLab, una plataforma dise\u00f1ada para derribar estas barreras. <\/p>\n<p data-start=\"628\" data-end=\"923\">Nuestra misi\u00f3n es capacitar a las empresas proporcion\u00e1ndoles una plataforma sin c\u00f3digo que permite la creaci\u00f3n de agentes de IA personalizados en cuesti\u00f3n de minutos. Aprovechando la \u00faltima tecnolog\u00eda de IA, nuestra soluci\u00f3n ofrece capacidades comparables a plataformas que costar\u00eda millones desarrollar internamente, todo ello desde s\u00f3lo 450 $ al mes. <\/p>\n<p data-start=\"925\" data-end=\"1305\">Al ofrecer una plataforma asequible y f\u00e1cil de usar, pretendemos nivelar el terreno de juego, permitiendo a las empresas aprovechar el potencial transformador de la IA sin costes prohibitivos ni obst\u00e1culos t\u00e9cnicos. Estamos comprometidos con la innovaci\u00f3n y el apoyo continuos, garantizando que nuestros clientes puedan integrar sin problemas la IA en sus operaciones y seguir siendo competitivos en sus respectivos mercados. <\/p>\n<p data-start=\"1307\" data-end=\"1382\">Gracias por considerar a ChatAgentLab como tu socio en el crecimiento impulsado por la IA.<\/p>\n<p>[\/et_pb_text][\/et_pb_column][\/et_pb_row][et_pb_row _builder_version=\u00bb4.19.2&#8243; _module_preset=\u00bbdefault\u00bb max_width=\u00bb700px\u00bb global_colors_info=\u00bb{}\u00bb][et_pb_column type=\u00bb4_4&#8243; _builder_version=\u00bb4.19.2&#8243; _module_preset=\u00bbdefault\u00bb global_colors_info=\u00bb{}\u00bb][et_pb_text _builder_version=\u00bb4.22.2&#8243; _module_preset=\u00bb6631b821-5a27-40ca-8447-6836982c2c3c\u00bb header_2_font=\u00bbInter|700|||||||\u00bb header_2_text_color=\u00bb#FFFFFF\u00bb header_2_font_size=\u00bb35px\u00bb header_2_line_height=\u00bb1.2em\u00bb text_orientation=\u00bbcenter\u00bb custom_margin=\u00bb||10px||false|false\u00bb header_2_font_size_tablet=\u00bb32px\u00bb header_2_font_size_phone=\u00bb20px\u00bb header_2_font_size_last_edited=\u00bbon|desktop\u00bb global_colors_info=\u00bb%91%93&#8243;]<\/p>\n<h2>SEDE CENTRAL<\/h2>\n<p>[\/et_pb_text][et_pb_text _builder_version=\u00bb4.22.2&#8243; _module_preset=\u00bb4acd85e9-2b32-4d81-bf4f-8716e13871f6&#8243; text_text_color=\u00bbrgba(255,255,255,0.75)\u00bb text_font_size=\u00bb16px\u00bb text_line_height=\u00bb1.8em\u00bb text_orientation=\u00bbcenter\u00bb text_font_size_tablet=\u00bb15px\u00bb text_font_size_phone=\u00bb14px\u00bb text_font_size_last_edited=\u00bbon|desktop\u00bb header_font_size_tablet=\u00bb55px\u00bb header_font_size_last_edited=\u00bboff|desktop\u00bb global_colors_info=\u00bb%91%93&#8243;]<\/p>\n<p style=\"text-align: left;\">La sede central de ChatAgentLab est\u00e1 en Noruega, concretamente en Tjuvholmen All\u00e9 3, 0252 Oslo.  <\/p>\n<p style=\"text-align: left;\">Estamos situados en el din\u00e1mico distrito de Tjuvholmen, en la capital de Noruega. Este lugar emblem\u00e1tico sirvi\u00f3 en su d\u00eda para diversos fines industriales y mar\u00edtimos, como la construcci\u00f3n naval y el almacenamiento, antes de su transformaci\u00f3n a principios de la d\u00e9cada de 2000 en un moderno centro de negocios. La ubicaci\u00f3n de ChatAgentLab aqu\u00ed simboliza nuestro compromiso de mezclar la tradici\u00f3n con las soluciones de vanguardia, permaneciendo arraigados a la vez que avanzamos.  <\/p>\n<p style=\"text-align: left;\"><span>  Noruega alberga un rico ecosistema tecnol\u00f3gico, marcado por soluciones innovadoras y una mano de obra experta en tecnolog\u00edas digitales. ChatAgentLab, al estar en el coraz\u00f3n de este ecosistema, siempre est\u00e1 a la vanguardia de la adopci\u00f3n de las \u00faltimas tecnolog\u00edas para mejorar nuestros servicios. <\/span><\/p>\n<p style=\"text-align: left;\">\n<p>[\/et_pb_text][\/et_pb_column][\/et_pb_row][et_pb_row _builder_version=\u00bb4.22.2&#8243; _module_preset=\u00bbdefault\u00bb global_colors_info=\u00bb{}\u00bb][et_pb_column type=\u00bb4_4&#8243; _builder_version=\u00bb4.22.2&#8243; _module_preset=\u00bbdefault\u00bb global_colors_info=\u00bb{}\u00bb][et_pb_image src=\u00bbhttps:\/\/chatagentlab.com\/wp-content\/uploads\/2025\/03\/tjuvholmen-alle-3.jpg\u00bb title_text=\u00bbtjuvholmen-alle-3&#8243; _builder_version=\u00bb4.27.4&#8243; _module_preset=\u00bbdefault\u00bb max_width=\u00bb50%\u00bb max_width_tablet=\u00bb70%\u00bb max_width_phone=\u00bb100%\u00bb max_width_last_edited=\u00bbon|tablet\u00bb module_alignment=\u00bbcenter\u00bb global_colors_info=\u00bb{}\u00bb][\/et_pb_image][\/et_pb_column][\/et_pb_row][\/et_pb_section][et_pb_section fb_built=\u00bb1&#8243; admin_label=\u00bbAbout\u00bb _builder_version=\u00bb4.22.2&#8243; _module_preset=\u00bbdefault\u00bb background_color=\u00bb#01012c\u00bb custom_padding=\u00bb||31px|||\u00bb collapsed=\u00bbon\u00bb global_colors_info=\u00bb{}\u00bb][et_pb_row column_structure=\u00bb1_2,1_2&#8243; _builder_version=\u00bb4.19.2&#8243; _module_preset=\u00bbdefault\u00bb custom_padding=\u00bb||0px||false|false\u00bb global_colors_info=\u00bb{}\u00bb][et_pb_column type=\u00bb1_2&#8243; _builder_version=\u00bb4.19.2&#8243; _module_preset=\u00bbdefault\u00bb global_colors_info=\u00bb{}\u00bb][et_pb_text _builder_version=\u00bb4.22.2&#8243; _module_preset=\u00bb6631b821-5a27-40ca-8447-6836982c2c3c\u00bb header_2_font=\u00bb|700|||||||\u00bb header_2_text_color=\u00bb#FFFFFF\u00bb header_2_font_size=\u00bb35px\u00bb header_2_line_height=\u00bb1.2em\u00bb custom_margin=\u00bb||10px||false|false\u00bb header_2_font_size_tablet=\u00bb32px\u00bb header_2_font_size_phone=\u00bb20px\u00bb header_2_font_size_last_edited=\u00bbon|desktop\u00bb global_colors_info=\u00bb%91%93&#8243;]<\/p>\n<h2>\u00bfPor qu\u00e9 ChatAgentLab?<\/h2>\n<p>[\/et_pb_text][et_pb_text _builder_version=\u00bb4.19.2&#8243; _module_preset=\u00bb4acd85e9-2b32-4d81-bf4f-8716e13871f6&#8243; text_text_color=\u00bbrgba(255,255,255,0.75)\u00bb text_font_size=\u00bb16px\u00bb text_line_height=\u00bb1.8em\u00bb text_font_size_tablet=\u00bb15px\u00bb text_font_size_phone=\u00bb14px\u00bb text_font_size_last_edited=\u00bbon|desktop\u00bb header_font_size_tablet=\u00bb55px\u00bb header_font_size_last_edited=\u00bboff|desktop\u00bb global_colors_info=\u00bb%91%93&#8243;]<\/p>\n<p>En ChatAgentLab, nos comprometemos a capacitar a las empresas proporcion\u00e1ndoles una plataforma sin c\u00f3digo que permite la creaci\u00f3n de agentes de IA personalizados en cuesti\u00f3n de minutos. Nuestra interfaz f\u00e1cil de usar permite a las empresas desplegar sofisticadas soluciones de IA sin necesidad de grandes conocimientos t\u00e9cnicos ni de una inversi\u00f3n financiera significativa. Al ofrecer capacidades avanzadas a un precio asequible, nos esforzamos por poner la IA de vanguardia al alcance de empresas de todos los tama\u00f1os.  <\/p>\n<p>[\/et_pb_text][\/et_pb_column][et_pb_column type=\u00bb1_2&#8243; _builder_version=\u00bb4.19.2&#8243; _module_preset=\u00bbdefault\u00bb global_colors_info=\u00bb{}\u00bb][et_pb_text _builder_version=\u00bb4.22.2&#8243; _module_preset=\u00bb6631b821-5a27-40ca-8447-6836982c2c3c\u00bb header_2_font=\u00bb|700|||||||\u00bb header_2_text_color=\u00bb#FFFFFF\u00bb header_2_font_size=\u00bb35px\u00bb header_2_line_height=\u00bb1.2em\u00bb custom_margin=\u00bb||10px||false|false\u00bb header_2_font_size_tablet=\u00bb32px\u00bb header_2_font_size_phone=\u00bb20px\u00bb header_2_font_size_last_edited=\u00bbon|desktop\u00bb global_colors_info=\u00bb%91%93&#8243;]<\/p>\n<h2>Nuestra tecnolog\u00eda y alianzas<\/h2>\n<p>[\/et_pb_text][et_pb_text _builder_version=\u00bb4.19.2&#8243; _module_preset=\u00bb4acd85e9-2b32-4d81-bf4f-8716e13871f6&#8243; text_text_color=\u00bbrgba(255,255,255,0.75)\u00bb text_font_size=\u00bb16px\u00bb text_line_height=\u00bb1.8em\u00bb text_font_size_tablet=\u00bb15px\u00bb text_font_size_phone=\u00bb14px\u00bb text_font_size_last_edited=\u00bbon|desktop\u00bb header_font_size_tablet=\u00bb55px\u00bb header_font_size_last_edited=\u00bboff|desktop\u00bb locked=\u00bboff\u00bb global_colors_info=\u00bb%91%93&#8243;]<\/p>\n<p data-start=\"499\" data-end=\"977\">Nuestra plataforma aprovecha los \u00faltimos avances en IA, incluido el modelo GPT-4o de OpenAI, famoso por su capacidad para procesar y generar texto similar al humano con notable precisi\u00f3n. Esta integraci\u00f3n garantiza que los agentes de IA que crees puedan comprender y responder a consultas complejas, proporcionando una experiencia de usuario fluida y atractiva. Al utilizar la tecnolog\u00eda de IA m\u00e1s avanzada, equipamos a tu empresa con herramientas que mejoran las interacciones con los clientes e impulsan la eficiencia operativa.  <\/p>\n<div class=\"absolute h-[60px]\">\n<div class=\"flex items-center gap-0.5 text-sm font-medium\"><\/div>\n<\/div>\n<p>[\/et_pb_text][\/et_pb_column][\/et_pb_row][\/et_pb_section][et_pb_section fb_built=\u00bb1&#8243; admin_label=\u00bbStats\u00bb _builder_version=\u00bb4.24.2&#8243; _module_preset=\u00bbdefault\u00bb background_color=\u00bbgcid-1bcf785a-50e1-437b-b09f-65567babc1de\u00bb custom_padding=\u00bb12px||50px||false|false\u00bb collapsed=\u00bbon\u00bb global_colors_info=\u00bb{%22gcid-1bcf785a-50e1-437b-b09f-65567babc1de%22:%91%22background_color%22%93}\u00bb][et_pb_row _builder_version=\u00bb4.22.2&#8243; _module_preset=\u00bbdefault\u00bb global_colors_info=\u00bb{}\u00bb][et_pb_column type=\u00bb4_4&#8243; _builder_version=\u00bb4.22.2&#8243; _module_preset=\u00bbdefault\u00bb global_colors_info=\u00bb{}\u00bb][et_pb_text _builder_version=\u00bb4.22.2&#8243; _module_preset=\u00bbdefault\u00bb header_2_text_align=\u00bbcenter\u00bb background_layout=\u00bbdark\u00bb global_colors_info=\u00bb%91%93&#8243;]<\/p>\n<h2>Datos clave<\/h2>\n<p>[\/et_pb_text][\/et_pb_column][\/et_pb_row][et_pb_row column_structure=\u00bb1_3,1_3,1_3&#8243; use_custom_gutter=\u00bbon\u00bb gutter_width=\u00bb2&#8243; custom_padding_last_edited=\u00bbon|tablet\u00bb _builder_version=\u00bb4.19.5&#8243; _module_preset=\u00bbdefault\u00bb background_color=\u00bbgcid-f1f9244b-c8ab-43e1-95c3-c0bdf69ac7b5&#8243; custom_padding=\u00bb40px|40px|40px|40px|true|true\u00bb custom_padding_tablet=\u00bb30px|30px|30px|30px|true|true\u00bb custom_padding_phone=\u00bb20px|20px|20px|20px|true|true\u00bb border_radii=\u00bbon|40px|40px|40px|40px\u00bb global_colors_info=\u00bb{%22gcid-f1f9244b-c8ab-43e1-95c3-c0bdf69ac7b5%22:%91%22background_color%22%93}\u00bb][et_pb_column type=\u00bb1_3&#8243; _builder_version=\u00bb4.19.2&#8243; _module_preset=\u00bbdefault\u00bb global_colors_info=\u00bb{}\u00bb][et_pb_text _builder_version=\u00bb4.27.4&#8243; _module_preset=\u00bb7690de32-f550-4507-a48a-bfcb23932117&#8243; header_font=\u00bb||||||||\u00bb header_3_font=\u00bbInter|700|||||||\u00bb header_3_text_color=\u00bb#FFFFFF\u00bb header_3_font_size=\u00bb18px\u00bb header_3_line_height=\u00bb1.4em\u00bb header_4_font_size=\u00bb13px\u00bb text_orientation=\u00bbcenter\u00bb custom_margin=\u00bb||0px||false|false\u00bb header_3_font_size_tablet=\u00bb20px\u00bb header_3_font_size_phone=\u00bb16px\u00bb header_3_font_size_last_edited=\u00bbon|desktop\u00bb locked=\u00bboff\u00bb global_colors_info=\u00bb%91%93&#8243;]<\/p>\n<h3>2025<\/h3>\n<p>[\/et_pb_text][et_pb_text _builder_version=\u00bb4.22.2&#8243; _module_preset=\u00bb8f66cdab-c167-4706-bec0-111681566e1e\u00bb header_4_font=\u00bbInter|700||on|||||\u00bb header_4_text_color=\u00bb#FFFFFF\u00bb header_4_font_size=\u00bb11px\u00bb header_4_letter_spacing=\u00bb1px\u00bb header_4_line_height=\u00bb1.5em\u00bb text_orientation=\u00bbcenter\u00bb custom_margin=\u00bb||0px||false|false\u00bb locked=\u00bboff\u00bb global_colors_info=\u00bb{%22gcid-39bb5ebd-8d97-4670-a45a-b1ffd711f3fc%22:%91%22header_4_text_color%22%93}\u00bb]<\/p>\n<h4>Fundada<\/h4>\n<p>[\/et_pb_text][\/et_pb_column][et_pb_column type=\u00bb1_3&#8243; _builder_version=\u00bb4.19.2&#8243; _module_preset=\u00bbdefault\u00bb global_colors_info=\u00bb{}\u00bb][et_pb_text _builder_version=\u00bb4.22.2&#8243; _module_preset=\u00bb7690de32-f550-4507-a48a-bfcb23932117&#8243; header_font=\u00bb||||||||\u00bb header_3_font=\u00bbInter|700|||||||\u00bb header_3_text_color=\u00bb#FFFFFF\u00bb header_3_font_size=\u00bb18px\u00bb header_3_line_height=\u00bb1.4em\u00bb header_4_font_size=\u00bb13px\u00bb text_orientation=\u00bbcenter\u00bb custom_margin=\u00bb||0px||false|false\u00bb header_3_font_size_tablet=\u00bb18px\u00bb header_3_font_size_phone=\u00bb18px\u00bb header_3_font_size_last_edited=\u00bbon|tablet\u00bb locked=\u00bboff\u00bb global_colors_info=\u00bb%91%93&#8243;]<\/p>\n<h3>Noruega<\/h3>\n<p>[\/et_pb_text][et_pb_text _builder_version=\u00bb4.22.2&#8243; _module_preset=\u00bb8f66cdab-c167-4706-bec0-111681566e1e\u00bb header_4_font=\u00bbInter|700||on|||||\u00bb header_4_text_color=\u00bb#FFFFFF\u00bb header_4_font_size=\u00bb11px\u00bb header_4_letter_spacing=\u00bb1px\u00bb header_4_line_height=\u00bb1.5em\u00bb text_orientation=\u00bbcenter\u00bb custom_margin=\u00bb||0px||false|false\u00bb locked=\u00bboff\u00bb global_colors_info=\u00bb{%22gcid-39bb5ebd-8d97-4670-a45a-b1ffd711f3fc%22:%91%22header_4_text_color%22%93}\u00bb]<\/p>\n<h4>Sede central<\/h4>\n<p>[\/et_pb_text][\/et_pb_column][et_pb_column type=\u00bb1_3&#8243; _builder_version=\u00bb4.19.2&#8243; _module_preset=\u00bbdefault\u00bb global_colors_info=\u00bb{}\u00bb][et_pb_text _builder_version=\u00bb4.22.2&#8243; _module_preset=\u00bb7690de32-f550-4507-a48a-bfcb23932117&#8243; header_font=\u00bb||||||||\u00bb header_3_font=\u00bbInter|700|||||||\u00bb header_3_text_color=\u00bb#FFFFFF\u00bb header_3_font_size=\u00bb18px\u00bb header_3_line_height=\u00bb1.4em\u00bb header_4_font_size=\u00bb13px\u00bb text_orientation=\u00bbcenter\u00bb custom_margin=\u00bb||0px||false|false\u00bb header_3_font_size_tablet=\u00bb20px\u00bb header_3_font_size_phone=\u00bb16px\u00bb header_3_font_size_last_edited=\u00bbon|desktop\u00bb global_colors_info=\u00bb%91%93&#8243;]<\/p>\n<h3>24\/7<\/h3>\n<p>[\/et_pb_text][et_pb_text _builder_version=\u00bb4.22.2&#8243; _module_preset=\u00bb8f66cdab-c167-4706-bec0-111681566e1e\u00bb header_4_font=\u00bbInter|700||on|||||\u00bb header_4_text_color=\u00bb#FFFFFF\u00bb header_4_font_size=\u00bb11px\u00bb header_4_letter_spacing=\u00bb1px\u00bb header_4_line_height=\u00bb1.5em\u00bb text_orientation=\u00bbcenter\u00bb custom_margin=\u00bb||0px||false|false\u00bb global_colors_info=\u00bb{%22gcid-39bb5ebd-8d97-4670-a45a-b1ffd711f3fc%22:%91%22header_4_text_color%22%93}\u00bb]<\/p>\n<h4>Ayuda<\/h4>\n<p>[\/et_pb_text][\/et_pb_column][\/et_pb_row][\/et_pb_section][et_pb_section fb_built=\u00bb1&#8243; disabled_on=\u00bbon|on|off\u00bb admin_label=\u00bbFooter\u00bb _builder_version=\u00bb4.22.2&#8243; _module_preset=\u00bbdefault\u00bb background_color=\u00bbgcid-1bcf785a-50e1-437b-b09f-65567babc1de\u00bb use_background_color_gradient=\u00bbon\u00bb background_color_gradient_stops=\u00bbgcid-1bcf785a-50e1-437b-b09f-65567babc1de 0%|rgba(255,255,255,0) 30%\u00bb background_color_gradient_overlays_image=\u00bbon\u00bb background_image=\u00bbhttps:\/\/chatagentlab.com\/wp-content\/uploads\/2024\/11\/ai-49c.jpg\u00bb background_last_edited=\u00bbon|tablet\u00bb background_position_tablet=\u00bbcenter_left\u00bb saved_tabs=\u00bball\u00bb collapsed=\u00bbon\u00bb global_colors_info=\u00bb{%22gcid-1bcf785a-50e1-437b-b09f-65567babc1de%22:%91%22background_color%22,%22background_color_gradient_stops%22%93}\u00bb][et_pb_row column_structure=\u00bb3_5,2_5&#8243; _builder_version=\u00bb4.19.2&#8243; _module_preset=\u00bbdefault\u00bb global_colors_info=\u00bb{}\u00bb][et_pb_column type=\u00bb3_5&#8243; _builder_version=\u00bb4.19.2&#8243; _module_preset=\u00bbdefault\u00bb global_colors_info=\u00bb{}\u00bb][\/et_pb_column][et_pb_column type=\u00bb2_5&#8243; _builder_version=\u00bb4.19.2&#8243; _module_preset=\u00bbdefault\u00bb global_colors_info=\u00bb{}\u00bb][et_pb_image src=\u00bbhttps:\/\/chatagentlab.com\/wp-content\/uploads\/2025\/03\/ChatAgentLab-6.0-4.png\u00bb title_text=\u00bbChatAgentLab 6.0 (4)\u00bb url=\u00bb@ET-DC@eyJkeW5hbWljIjp0cnVlLCJjb250ZW50IjoiaG9tZV91cmwiLCJzZXR0aW5ncyI6W119@\u00bb _builder_version=\u00bb4.27.4&#8243; _dynamic_attributes=\u00bburl\u00bb _module_preset=\u00bbdefault\u00bb max_height=\u00bb80px\u00bb hover_enabled=\u00bb0&#8243; global_colors_info=\u00bb{}\u00bb sticky_enabled=\u00bb0&#8243;][\/et_pb_image][\/et_pb_column][\/et_pb_row][\/et_pb_section]<\/p>\n","protected":false},"excerpt":{"rendered":"<p>Qui\u00e9nes somosNuestra misi\u00f3nNuestra misi\u00f3n es capacitar a las empresas proporcion\u00e1ndoles una plataforma sin c\u00f3digo que permite la creaci\u00f3n de agentes de IA personalizados en cuesti\u00f3n de minutos. Aprovechando la \u00faltima tecnolog\u00eda de IA, nuestra soluci\u00f3n ofrece capacidades comparables a plataformas que costar\u00eda millones desarrollar internamente, todo ello desde s\u00f3lo 450 $ al mes. Palabras del [&hellip;]<\/p>\n","protected":false},"author":1,"featured_media":0,"parent":0,"menu_order":0,"comment_status":"closed","ping_status":"closed","template":"","meta":{"_et_pb_use_builder":"on","_et_pb_old_content":"","_et_gb_content_width":"","inline_featured_image":false,"footnotes":""},"class_list":["post-933497","page","type-page","status-publish","hentry"],"_links":{"self":[{"href":"https:\/\/chatagentlab.com\/es\/wp-json\/wp\/v2\/pages\/933497","targetHints":{"allow":["GET"]}}],"collection":[{"href":"https:\/\/chatagentlab.com\/es\/wp-json\/wp\/v2\/pages"}],"about":[{"href":"https:\/\/chatagentlab.com\/es\/wp-json\/wp\/v2\/types\/page"}],"author":[{"embeddable":true,"href":"https:\/\/chatagentlab.com\/es\/wp-json\/wp\/v2\/users\/1"}],"replies":[{"embeddable":true,"href":"https:\/\/chatagentlab.com\/es\/wp-json\/wp\/v2\/comments?post=933497"}],"version-history":[{"count":4,"href":"https:\/\/chatagentlab.com\/es\/wp-json\/wp\/v2\/pages\/933497\/revisions"}],"predecessor-version":[{"id":933503,"href":"https:\/\/chatagentlab.com\/es\/wp-json\/wp\/v2\/pages\/933497\/revisions\/933503"}],"wp:attachment":[{"href":"https:\/\/chatagentlab.com\/es\/wp-json\/wp\/v2\/media?parent=933497"}],"curies":[{"name":"wp","href":"https:\/\/api.w.org\/{rel}","templated":true}]}}