{"id":933494,"date":"2024-11-13T01:25:05","date_gmt":"2024-11-13T01:25:05","guid":{"rendered":"https:\/\/chatagentlab.com\/contacta-con-nosotros\/"},"modified":"2025-04-05T13:16:56","modified_gmt":"2025-04-05T13:16:56","slug":"contacta-con-nosotros","status":"publish","type":"page","link":"https:\/\/chatagentlab.com\/es\/contacta-con-nosotros\/","title":{"rendered":"Contacta con nosotros"},"content":{"rendered":"<p>[et_pb_section fb_built=\u00bb1&#8243; admin_label=\u00bbHeader\u00bb _builder_version=\u00bb4.27.4&#8243; _module_preset=\u00bbdefault\u00bb background_color=\u00bb#030929&#8243; background_image=\u00bbhttps:\/\/chatagentlab.com\/wp-content\/uploads\/2024\/11\/ai-40c.png\u00bb background_size=\u00bbcustom\u00bb background_image_width=\u00bb40%\u00bb background_position=\u00bbtop_right\u00bb custom_padding=\u00bb||12px|||\u00bb collapsed=\u00bbon\u00bb global_colors_info=\u00bb{}\u00bb][et_pb_row _builder_version=\u00bb4.19.2&#8243; _module_preset=\u00bbdefault\u00bb max_width=\u00bb800px\u00bb global_colors_info=\u00bb{}\u00bb][et_pb_column type=\u00bb4_4&#8243; _builder_version=\u00bb4.19.2&#8243; _module_preset=\u00bbdefault\u00bb global_colors_info=\u00bb{}\u00bb][et_pb_text _builder_version=\u00bb4.27.4&#8243; _module_preset=\u00bb13ecf174-a85f-4b15-a628-8b5ff9cad808&#8243; text_font=\u00bbRoboto Mono|700||on|||||\u00bb text_text_color=\u00bb#0cf57e\u00bb text_letter_spacing=\u00bb1px\u00bb text_line_height=\u00bb1.4em\u00bb header_4_font=\u00bbRoboto Mono|700||on|||||\u00bb header_4_text_color=\u00bbgcid-afa30cf2-6f5d-4b9c-aa39-7dbe1ac3b7a3&#8243; header_4_font_size=\u00bb14px\u00bb header_4_letter_spacing=\u00bb1px\u00bb header_4_line_height=\u00bb1.4em\u00bb text_orientation=\u00bbcenter\u00bb background_layout=\u00bbdark\u00bb custom_margin=\u00bb||40px||false|false\u00bb global_colors_info=\u00bb{%22gcid-afa30cf2-6f5d-4b9c-aa39-7dbe1ac3b7a3%22:%91%22header_4_text_color%22%93}\u00bb]<\/p>\n<p>Apoyo real de gente real<\/p>\n<p>[\/et_pb_text][et_pb_text _builder_version=\u00bb4.24.3&#8243; _module_preset=\u00bb1dacbcc0-4572-4570-a006-d481e09550a2&#8243; header_font=\u00bbExo 2||||||||\u00bb header_text_color=\u00bb#FFFFFF\u00bb header_font_size=\u00bb40px\u00bb header_line_height=\u00bb1.2em\u00bb text_orientation=\u00bbcenter\u00bb custom_margin=\u00bb||||false|false\u00bb header_font_size_tablet=\u00bb40px\u00bb header_font_size_phone=\u00bb24px\u00bb header_font_size_last_edited=\u00bbon|desktop\u00bb global_colors_info=\u00bb%91%93&#8243;]<\/p>\n<h1><span>Contacta con nosotros<\/span><\/h1>\n<p>[\/et_pb_text][et_pb_text _builder_version=\u00bb4.27.4&#8243; _module_preset=\u00bbdefault\u00bb text_font=\u00bbInter||||||||\u00bb text_text_color=\u00bb#c0c2ca\u00bb text_font_size=\u00bb15px\u00bb text_line_height=\u00bb1.9em\u00bb text_orientation=\u00bbcenter\u00bb background_layout=\u00bbdark\u00bb hover_enabled=\u00bb0&#8243; global_colors_info=\u00bb%91%93&#8243; sticky_enabled=\u00bb0&#8243;]<\/p>\n<p>Una vez que env\u00edes el formulario, nos pondremos en contacto contigo para obtener informaci\u00f3n que nos permita comprender tu situaci\u00f3n, qu\u00e9 retos tienes y qu\u00e9 quieres conseguir.<\/p>\n<p>[\/et_pb_text][\/et_pb_column][\/et_pb_row][\/et_pb_section][et_pb_section fb_built=\u00bb1&#8243; inner_shadow=\u00bbon\u00bb admin_label=\u00bbsection\u00bb _builder_version=\u00bb4.27.4&#8243; background_color=\u00bb#030929&#8243; custom_margin=\u00bb0px||||false|false\u00bb custom_padding=\u00bb0px|||||\u00bb global_colors_info=\u00bb{}\u00bb][et_pb_row column_structure=\u00bb1_2,1_2&#8243; padding_mobile=\u00bboff\u00bb column_padding_mobile=\u00bbon\u00bb _builder_version=\u00bb4.16&#8243; background_color=\u00bbrgba(255,255,255,0)\u00bb background_size=\u00bbinitial\u00bb background_position=\u00bbtop_left\u00bb background_repeat=\u00bbrepeat\u00bb custom_padding=\u00bb||11px|||\u00bb make_fullwidth=\u00bboff\u00bb use_custom_width=\u00bboff\u00bb width_unit=\u00bbon\u00bb custom_width_px=\u00bb1080px\u00bb custom_width_percent=\u00bb80%\u00bb global_colors_info=\u00bb{}\u00bb][et_pb_column type=\u00bb1_2&#8243; _builder_version=\u00bb4.16&#8243; custom_padding=\u00bb|||\u00bb global_colors_info=\u00bb{}\u00bb custom_padding__hover=\u00bb|||\u00bb][et_pb_code _builder_version=\u00bb4.27.4&#8243; _module_preset=\u00bbdefault\u00bb module_alignment=\u00bbcenter\u00bb global_colors_info=\u00bb{}\u00bb]<div class=\"frm_forms  with_frm_style frm_style_modern-dark-background2\" id=\"frm_form_12_container\" >\n<form enctype=\"multipart\/form-data\" method=\"post\" class=\"frm-show-form  frm_js_validate  frm_ajax_submit  frm_pro_form \" id=\"form_contact-form2\" >\n<div class=\"frm_form_fields  frm_page_num_1\">\n<fieldset>\n<legend class=\"frm_screen_reader\">Contact Us<\/legend>\r\n\r\n<div class=\"frm_fields_container\">\n<input type=\"hidden\" name=\"frm_action\" value=\"create\" \/>\n<input type=\"hidden\" name=\"form_id\" value=\"12\" \/>\n<input type=\"hidden\" name=\"frm_hide_fields_12\" id=\"frm_hide_fields_12\" value=\"\" \/>\n<input type=\"hidden\" name=\"form_key\" value=\"contact-form2\" \/>\n<input type=\"hidden\" name=\"item_meta[0]\" value=\"\" \/>\n<input type=\"hidden\" id=\"frm_submit_entry_12\" name=\"frm_submit_entry_12\" value=\"f26fad1628\" \/><input type=\"hidden\" name=\"_wp_http_referer\" value=\"\/es\/wp-json\/wp\/v2\/pages\/933494\" \/><div id=\"frm_field_155_container\" class=\"frm_form_field form-field  frm_required_field frm_top_container vertical_radio\">\r\n    <div  id=\"field_sjch0_label\" class=\"frm_primary_label\">Please select the service(s) you are interested in:\r\n        <span class=\"frm_required\" aria-hidden=\"true\">*<\/span>\r\n    <\/div>\r\n    <div class=\"frm_opt_container\" aria-labelledby=\"field_sjch0_label\" role=\"group\">\t\t<div class=\"frm_checkbox\" id=\"frm_checkbox_155-0\">\t\t\t<label  for=\"field_sjch0-0\">\n\t\t\t<input type=\"checkbox\" name=\"item_meta[155][]\" id=\"field_sjch0-0\" value=\"General Question\"  data-reqmsg=\"Please select the service(s) you are interested in: cannot be blank.\" data-invmsg=\"Please select the service(s) you are interested in: no es v\u00e1lido\"   aria-required=\"true\"  \/> General Question<\/label><\/div>\n\t\t<div class=\"frm_checkbox\" id=\"frm_checkbox_155-1\">\t\t\t<label  for=\"field_sjch0-1\">\n\t\t\t<input type=\"checkbox\" name=\"item_meta[155][]\" id=\"field_sjch0-1\" value=\"Technical Support\"  data-reqmsg=\"Please select the service(s) you are interested in: cannot be blank.\" data-invmsg=\"Please select the service(s) you are interested in: no es v\u00e1lido\"   \/> Technical Support<\/label><\/div>\n\t\t<div class=\"frm_checkbox\" id=\"frm_checkbox_155-2\">\t\t\t<label  for=\"field_sjch0-2\">\n\t\t\t<input type=\"checkbox\" name=\"item_meta[155][]\" id=\"field_sjch0-2\" value=\"Sales Inquiry\"  data-reqmsg=\"Please select the service(s) you are interested in: cannot be blank.\" data-invmsg=\"Please select the service(s) you are interested in: no es v\u00e1lido\"   \/> Sales Inquiry<\/label><\/div>\n\t\t<div class=\"frm_checkbox\" id=\"frm_checkbox_155-3\">\t\t\t<label  for=\"field_sjch0-3\">\n\t\t\t<input type=\"checkbox\" name=\"item_meta[155][]\" id=\"field_sjch0-3\" value=\"Partnership Opportunity\"  data-reqmsg=\"Please select the service(s) you are interested in: cannot be blank.\" data-invmsg=\"Please select the service(s) you are interested in: no es v\u00e1lido\"   \/> Partnership Opportunity<\/label><\/div>\n\t\t<div class=\"frm_checkbox\" id=\"frm_checkbox_155-4\">\t\t\t<label  for=\"field_sjch0-4\">\n\t\t\t<input type=\"checkbox\" name=\"item_meta[155][]\" id=\"field_sjch0-4\" value=\"Feedback\/Suggestions\"  data-reqmsg=\"Please select the service(s) you are interested in: cannot be blank.\" data-invmsg=\"Please select the service(s) you are interested in: no es v\u00e1lido\"   \/> Feedback\/Suggestions<\/label><\/div>\n<\/div>\r\n    \r\n    \r\n<\/div>\n<input type=\"hidden\" name=\"frm_page_order_12\" id=\"frm_page_order_12\" value=\"4\" \/><input type=\"hidden\" name=\"item_meta[156]\" id=\"field_qh4icy2\" value=\"\"     \/>\n<input type=\"hidden\" name=\"item_meta[177]\" id=\"field_qns0z\" value=\"\"     \/>\n<input type=\"hidden\" name=\"item_meta[163]\" id=\"field_47c07\" value=\"\"     \/>\n<input type=\"hidden\" name=\"item_meta[179]\" id=\"field_kpqn6\" value=\"\"     \/>\n<input type=\"hidden\" name=\"item_meta[157]\" id=\"field_ocfup12\" value=\"\"     \/>\n<input type=\"hidden\" name=\"item_meta[178]\" id=\"field_nfmmf\" value=\"\"     \/>\n<input type=\"hidden\" name=\"item_meta[158]\" id=\"field_29yf4d2\" value=\"\"     \/>\n<input type=\"hidden\" name=\"item_meta[180]\" id=\"field_812f4\" value=\"\"     \/>\n<input type=\"hidden\" name=\"item_meta[159]\" id=\"field_xatr5\" value=\"\"     \/>\n<input type=\"hidden\" name=\"item_meta[181]\" id=\"field_uxuq6\" value=\"\"     \/>\n<input type=\"hidden\" name=\"item_meta[160]\" id=\"field_9jv0r13\" value=\"\"     \/>\n<input type=\"hidden\" name=\"item_meta[161]\" id=\"field_xpxdb\" value=\"\"     \/>\n\t<input type=\"hidden\" name=\"item_key\" value=\"\" \/>\n\t\t\t<div id=\"frm_field_241_container\">\n\t\t\t<label for=\"field_tzq66\" >\n\t\t\t\tSi eres humano, deja este campo en blanco.\t\t\t<\/label>\n\t\t\t<input  id=\"field_tzq66\" type=\"text\" class=\"frm_form_field form-field frm_verify\" name=\"item_meta[241]\" value=\"\"  \/>\n\t\t<\/div>\n\t\t<input name=\"frm_state\" type=\"hidden\" value=\"6JocbdNS8oxTNi342bd\/E+vqEeUBGLaB+jo8iXvjgTvaaxnukWK1OO\/4tyleIAXp\" \/><div class=\"frm_submit frm_flex\">\r\n<button class=\"frm_button_submit\" type=\"submit\"  >Next<\/button>\r\n\r\n\r\n\r\n<\/div><\/div>\n<\/fieldset>\n<\/div>\n\n<\/form>\n<\/div>\n[\/et_pb_code][\/et_pb_column][et_pb_column type=\u00bb1_2&#8243; _builder_version=\u00bb4.16&#8243; custom_padding=\u00bb|||\u00bb global_colors_info=\u00bb{}\u00bb custom_padding__hover=\u00bb|||\u00bb][et_pb_text admin_label=\u00bbTekst\u00bb _builder_version=\u00bb4.27.4&#8243; text_font=\u00bbGeorgia||||\u00bb text_text_color=\u00bb#c0c2ca\u00bb background_size=\u00bbinitial\u00bb background_position=\u00bbtop_left\u00bb background_repeat=\u00bbrepeat\u00bb text_orientation=\u00bbcenter\u00bb background_layout=\u00bbdark\u00bb module_alignment=\u00bbleft\u00bb z_index_tablet=\u00bb500&#8243; use_border_color=\u00bboff\u00bb border_color=\u00bb#ffffff\u00bb border_style=\u00bbsolid\u00bb global_colors_info=\u00bb%91%93&#8243;]<\/p>\n<p><strong>Tambi\u00e9n puedes ponerte en contacto con nosotros a trav\u00e9s de este n\u00famero:<\/strong><\/p>\n<p><a href=\"tel:+4721899999\">+47 21 89 99 99<\/a><\/p>\n<p><span style=\"color: #ffffff;\"><strong>Chat<\/strong><\/span><\/p>\n<p>Asistencia por chat 24\/7<\/p>\n<p><strong><\/strong><\/p>\n<p><span style=\"color: #ffffff;\"><strong>Horario de atenci\u00f3n telef\u00f3nica:<\/strong><\/span><\/p>\n<p>De lunes a viernes de 08.00 a 17.00<br \/>Zona horaria centroeuropea \/ UTC +1<\/p>\n<p>[\/et_pb_text][et_pb_text _builder_version=\u00bb4.27.4&#8243; text_text_color=\u00bb#c0c2ca\u00bb text_orientation=\u00bbcenter\u00bb background_layout=\u00bbdark\u00bb global_colors_info=\u00bb%91%93&#8243;]<\/p>\n<p><span style=\"color: #ffffff;\"><strong>Direcci\u00f3n:<\/strong><\/span><\/p>\n<p>Tjuvholmen All\u00e9 3<br \/>0252 Oslo<br \/>Noruega<\/p>\n<p>[\/et_pb_text][et_pb_image src=\u00bbhttps:\/\/chatagentlab.com\/wp-content\/uploads\/2025\/02\/tjuvholmen-alle-3.jpg\u00bb title_text=\u00bbtjuvholmen-alle-3&#8243; align=\u00bbcenter\u00bb _builder_version=\u00bb4.27.4&#8243; _module_preset=\u00bbdefault\u00bb max_width=\u00bb60%\u00bb global_colors_info=\u00bb{}\u00bb][\/et_pb_image][et_pb_text _builder_version=\u00bb4.27.4&#8243; text_text_color=\u00bb#c0c2ca\u00bb text_orientation=\u00bbcenter\u00bb background_layout=\u00bbdark\u00bb global_colors_info=\u00bb%91%93&#8243;]<\/p>\n<p>ChatAgentLab.com se encuentra legalmente bajo Portalen Gruppen AS en Noruega con n\u00famero de organizaci\u00f3n 899 551 222MVA.<\/p>\n<p>[\/et_pb_text][\/et_pb_column][\/et_pb_row][\/et_pb_section]<\/p>\n","protected":false},"excerpt":{"rendered":"<p>Apoyo real de gente realContacta con nosotrosUna vez que env\u00edes el formulario, nos pondremos en contacto contigo para obtener informaci\u00f3n que nos permita comprender tu situaci\u00f3n, qu\u00e9 retos tienes y qu\u00e9 quieres conseguir.<div class=\"frm_forms  with_frm_style frm_style_modern-dark-background2\" id=\"frm_form_12_container\" >\n<form enctype=\"multipart\/form-data\" method=\"post\" class=\"frm-show-form  frm_js_validate  frm_ajax_submit  frm_pro_form \" id=\"form_contact-form2\" >\n<div class=\"frm_form_fields  frm_page_num_1\">\n<fieldset>\n<legend class=\"frm_screen_reader\">Contact Us<\/legend>\r\n\r\n<div class=\"frm_fields_container\">\n<input type=\"hidden\" name=\"frm_action\" value=\"create\" \/>\n<input type=\"hidden\" name=\"form_id\" value=\"12\" \/>\n<input type=\"hidden\" name=\"frm_hide_fields_12\" id=\"frm_hide_fields_12\" value=\"\" \/>\n<input type=\"hidden\" name=\"form_key\" value=\"contact-form2\" \/>\n<input type=\"hidden\" name=\"item_meta[0]\" value=\"\" \/>\n<input type=\"hidden\" id=\"frm_submit_entry_12\" name=\"frm_submit_entry_12\" value=\"f26fad1628\" \/><input type=\"hidden\" name=\"_wp_http_referer\" value=\"\/es\/wp-json\/wp\/v2\/pages\/933494\" \/><div id=\"frm_field_155_container\" class=\"frm_form_field form-field  frm_required_field frm_top_container vertical_radio\">\r\n    <div  id=\"field_sjch0_label\" class=\"frm_primary_label\">Please select the service(s) you are interested in:\r\n        <span class=\"frm_required\" aria-hidden=\"true\">*<\/span>\r\n    <\/div>\r\n    <div class=\"frm_opt_container\" aria-labelledby=\"field_sjch0_label\" role=\"group\">\t\t<div class=\"frm_checkbox\" id=\"frm_checkbox_155-0\">\t\t\t<label  for=\"field_sjch0-0\">\n\t\t\t<input type=\"checkbox\" name=\"item_meta[155][]\" id=\"field_sjch0-0\" value=\"General Question\"  data-reqmsg=\"Please select the service(s) you are interested in: cannot be blank.\" data-invmsg=\"Please select the service(s) you are interested in: no es v\u00e1lido\"   aria-required=\"true\"  \/> General Question<\/label><\/div>\n\t\t<div class=\"frm_checkbox\" id=\"frm_checkbox_155-1\">\t\t\t<label  for=\"field_sjch0-1\">\n\t\t\t<input type=\"checkbox\" name=\"item_meta[155][]\" id=\"field_sjch0-1\" value=\"Technical Support\"  data-reqmsg=\"Please select the service(s) you are interested in: cannot be blank.\" data-invmsg=\"Please select the service(s) you are interested in: no es v\u00e1lido\"   \/> Technical Support<\/label><\/div>\n\t\t<div class=\"frm_checkbox\" id=\"frm_checkbox_155-2\">\t\t\t<label  for=\"field_sjch0-2\">\n\t\t\t<input type=\"checkbox\" name=\"item_meta[155][]\" id=\"field_sjch0-2\" value=\"Sales Inquiry\"  data-reqmsg=\"Please select the service(s) you are interested in: cannot be blank.\" data-invmsg=\"Please select the service(s) you are interested in: no es v\u00e1lido\"   \/> Sales Inquiry<\/label><\/div>\n\t\t<div class=\"frm_checkbox\" id=\"frm_checkbox_155-3\">\t\t\t<label  for=\"field_sjch0-3\">\n\t\t\t<input type=\"checkbox\" name=\"item_meta[155][]\" id=\"field_sjch0-3\" value=\"Partnership Opportunity\"  data-reqmsg=\"Please select the service(s) you are interested in: cannot be blank.\" data-invmsg=\"Please select the service(s) you are interested in: no es v\u00e1lido\"   \/> Partnership Opportunity<\/label><\/div>\n\t\t<div class=\"frm_checkbox\" id=\"frm_checkbox_155-4\">\t\t\t<label  for=\"field_sjch0-4\">\n\t\t\t<input type=\"checkbox\" name=\"item_meta[155][]\" id=\"field_sjch0-4\" value=\"Feedback\/Suggestions\"  data-reqmsg=\"Please select the service(s) you are interested in: cannot be blank.\" data-invmsg=\"Please select the service(s) you are interested in: no es v\u00e1lido\"   \/> Feedback\/Suggestions<\/label><\/div>\n<\/div>\r\n    \r\n    \r\n<\/div>\n<input type=\"hidden\" name=\"frm_page_order_12\" id=\"frm_page_order_12\" value=\"4\" \/><input type=\"hidden\" name=\"item_meta[156]\" id=\"field_qh4icy2\" value=\"\"     \/>\n<input type=\"hidden\" name=\"item_meta[177]\" id=\"field_qns0z\" value=\"\"     \/>\n<input type=\"hidden\" name=\"item_meta[163]\" id=\"field_47c07\" value=\"\"     \/>\n<input type=\"hidden\" name=\"item_meta[179]\" id=\"field_kpqn6\" value=\"\"     \/>\n<input type=\"hidden\" name=\"item_meta[157]\" id=\"field_ocfup12\" value=\"\"     \/>\n<input type=\"hidden\" name=\"item_meta[178]\" id=\"field_nfmmf\" value=\"\"     \/>\n<input type=\"hidden\" name=\"item_meta[158]\" id=\"field_29yf4d2\" value=\"\"     \/>\n<input type=\"hidden\" name=\"item_meta[180]\" id=\"field_812f4\" value=\"\"     \/>\n<input type=\"hidden\" name=\"item_meta[159]\" id=\"field_xatr5\" value=\"\"     \/>\n<input type=\"hidden\" name=\"item_meta[181]\" id=\"field_uxuq6\" value=\"\"     \/>\n<input type=\"hidden\" name=\"item_meta[160]\" id=\"field_9jv0r13\" value=\"\"     \/>\n<input type=\"hidden\" name=\"item_meta[161]\" id=\"field_xpxdb\" value=\"\"     \/>\n\t<input type=\"hidden\" name=\"item_key\" value=\"\" \/>\n\t\t\t<div id=\"frm_field_242_container\">\n\t\t\t<label for=\"field_h2lg1\" >\n\t\t\t\tSi eres humano, deja este campo en blanco.\t\t\t<\/label>\n\t\t\t<input  id=\"field_h2lg1\" type=\"text\" class=\"frm_form_field form-field frm_verify\" name=\"item_meta[242]\" value=\"\"  \/>\n\t\t<\/div>\n\t\t<input name=\"frm_state\" type=\"hidden\" value=\"6JocbdNS8oxTNi342bd\/E+vqEeUBGLaB+jo8iXvjgTug7YKpKkPciZWaxBjTGDhw\" \/><div class=\"frm_submit frm_flex\">\r\n<button class=\"frm_button_submit\" type=\"submit\"  >Next<\/button>\r\n\r\n\r\n\r\n<\/div><\/div>\n<\/fieldset>\n<\/div>\n\n<\/form>\n<\/div>\nTambi\u00e9n puedes ponerte en contacto con nosotros a trav\u00e9s de este n\u00famero: +47 21 89 99 99 Chat Asistencia por chat 24\/7 [&hellip;]<\/p>\n","protected":false},"author":1,"featured_media":0,"parent":0,"menu_order":0,"comment_status":"closed","ping_status":"closed","template":"","meta":{"_et_pb_use_builder":"on","_et_pb_old_content":"","_et_gb_content_width":"","inline_featured_image":false,"footnotes":""},"class_list":["post-933494","page","type-page","status-publish","hentry"],"_links":{"self":[{"href":"https:\/\/chatagentlab.com\/es\/wp-json\/wp\/v2\/pages\/933494","targetHints":{"allow":["GET"]}}],"collection":[{"href":"https:\/\/chatagentlab.com\/es\/wp-json\/wp\/v2\/pages"}],"about":[{"href":"https:\/\/chatagentlab.com\/es\/wp-json\/wp\/v2\/types\/page"}],"author":[{"embeddable":true,"href":"https:\/\/chatagentlab.com\/es\/wp-json\/wp\/v2\/users\/1"}],"replies":[{"embeddable":true,"href":"https:\/\/chatagentlab.com\/es\/wp-json\/wp\/v2\/comments?post=933494"}],"version-history":[{"count":6,"href":"https:\/\/chatagentlab.com\/es\/wp-json\/wp\/v2\/pages\/933494\/revisions"}],"predecessor-version":[{"id":934879,"href":"https:\/\/chatagentlab.com\/es\/wp-json\/wp\/v2\/pages\/933494\/revisions\/934879"}],"wp:attachment":[{"href":"https:\/\/chatagentlab.com\/es\/wp-json\/wp\/v2\/media?parent=933494"}],"curies":[{"name":"wp","href":"https:\/\/api.w.org\/{rel}","templated":true}]}}