{"id":934819,"date":"2025-02-25T14:24:12","date_gmt":"2025-02-25T14:24:12","guid":{"rendered":"https:\/\/chatagentlab.com\/vergleich-chatagentlab-vs-intercom\/"},"modified":"2026-03-25T11:23:57","modified_gmt":"2026-03-25T11:23:57","slug":"vergleich-chatagentlab-vs-intercom","status":"publish","type":"page","link":"https:\/\/chatagentlab.com\/de\/vergleich-chatagentlab-vs-intercom\/","title":{"rendered":"Vergleich ChatAgentLab vs Intercom"},"content":{"rendered":"<p>[et_pb_section fb_built=&#8220;1&#8243; admin_label=&#8220;Header&#8220; _builder_version=&#8220;4.27.4&#8243; _module_preset=&#8220;default&#8220; background_color=&#8220;gcid-1bcf785a-50e1-437b-b09f-65567babc1de&#8220; background_image=&#8220;https:\/\/chatagentlab.com\/wp-content\/uploads\/2024\/11\/ai-40c.png&#8220; background_size=&#8220;custom&#8220; background_image_width=&#8220;40%&#8220; background_position=&#8220;top_right&#8220; custom_margin=&#8220;||||false|false&#8220; custom_padding=&#8220;||7px||false|false&#8220; collapsed=&#8220;on&#8220; global_colors_info=&#8220;{%22gcid-1bcf785a-50e1-437b-b09f-65567babc1de%22:%91%22background_color%22%93}&#8220;][et_pb_row _builder_version=&#8220;4.24.2&#8243; _module_preset=&#8220;default&#8220; custom_margin=&#8220;||||false|false&#8220; custom_padding=&#8220;||0px||false|false&#8220; global_colors_info=&#8220;{}&#8220;][et_pb_column type=&#8220;4_4&#8243; _builder_version=&#8220;4.19.5&#8243; _module_preset=&#8220;default&#8220; z_index=&#8220;10&#8243; global_colors_info=&#8220;{}&#8220;][et_pb_text _builder_version=&#8220;4.27.4&#8243; _module_preset=&#8220;default&#8220; text_orientation=&#8220;center&#8220; background_layout=&#8220;dark&#8220; width=&#8220;20%&#8220; width_tablet=&#8220;25%&#8220; width_phone=&#8220;45%&#8220; width_last_edited=&#8220;on|phone&#8220; max_width_last_edited=&#8220;off|phone&#8220; module_alignment=&#8220;center&#8220; custom_css_main_element=&#8220;background: linear-gradient(||  to top,||  rgba(55, 181, 255, 0.5) 0%,  \/* 50% opacity of #37B5FF at the bottom *\/||  rgba(55, 181, 255, 0) 100%    \/* Fully transparent at the top *\/||) !important;||||border-radius: 0%;||padding: 0;||&#8220; border_width_bottom=&#8220;1px&#8220; border_color_bottom=&#8220;#37b5ff&#8220; global_module=&#8220;934413&#8243; global_colors_info=&#8220;{}&#8220;]<\/p>\n<p>Comparison<\/p>\n<p>[\/et_pb_text][et_pb_text content_tablet=&#8220;<\/p>\n<h1>Wo fortschrittliche SEO auf modernste Hosting-Technologie trifft<\/h1>\n<p>&#8220; content_phone=&#8220;<\/p>\n<h1>Wo fortschrittliche SEO auf modernste Hosting-Technologie trifft<\/h1>\n<p>&#8220; content_last_edited=&#8220;off|desktop&#8220; _builder_version=&#8220;4.27.4&#8243; _module_preset=&#8220;default&#8220; header_font=&#8220;Barlow Semi Condensed|700|||||||&#8220; header_text_align=&#8220;center&#8220; header_text_color=&#8220;#FFFFFF&#8220; header_font_size=&#8220;50px&#8220; header_line_height=&#8220;1.4em&#8220; background_layout=&#8220;dark&#8220; custom_margin=&#8220;|20px|30px|0px|false|false&#8220; custom_padding=&#8220;||0px|||&#8220; custom_padding_tablet=&#8220;&#8220; custom_padding_phone=&#8220;&#8220; custom_padding_last_edited=&#8220;on|phone&#8220; header_font_tablet=&#8220;Roboto|300|||||||&#8220; header_font_phone=&#8220;Roboto|300|||||||&#8220; header_font_last_edited=&#8220;off|desktop&#8220; header_font_size_tablet=&#8220;40px&#8220; header_font_size_phone=&#8220;30px&#8220; header_font_size_last_edited=&#8220;on|phone&#8220; global_colors_info=&#8220;{}&#8220;]<\/p>\n<h1>ChatAgentLab <span style=\"color: #38b6ff;\">vs. <\/span>Intercom<\/h1>\n<h1><\/h1>\n<p>[\/et_pb_text][et_pb_text _builder_version=&#8220;4.27.4&#8243; _module_preset=&#8220;_initial&#8220; text_font=&#8220;Inter||||||||&#8220; text_text_color=&#8220;#c0c2ca&#8220; text_font_size=&#8220;15px&#8220; text_line_height=&#8220;1.8em&#8220; header_font=&#8220;||||||||&#8220; header_4_font=&#8220;Inter|700|||||||&#8220; header_4_text_color=&#8220;#FFFFFF&#8220; header_4_font_size=&#8220;19px&#8220; header_4_line_height=&#8220;1.4em&#8220; background_layout=&#8220;dark&#8220; custom_margin=&#8220;||51px|||&#8220; header_4_font_size_tablet=&#8220;16px&#8220; header_4_font_size_phone=&#8220;15px&#8220; header_4_font_size_last_edited=&#8220;on|desktop&#8220; global_colors_info=&#8220;{}&#8220;]<\/p>\n<p data-start=\"393\" data-end=\"482\">Intercom ist seit langem ein f\u00fchrender Anbieter von Chatbot-L\u00f6sungen und bedient einen gro\u00dfen Teil des Marktes. ChatAgentLab bietet jedoch fortschrittlichere Funktionen f\u00fcr menschen\u00e4hnliche Interaktionen und ein berechenbares Preismodell. <\/p>\n<p>Die folgende Vergleichstabelle zeigt, wie ChatAgentLab im Vergleich zu Intercom bei den Funktionen abschneidet, die f\u00fcr wachstumsorientierte Teams am wichtigsten sind:<\/p>\n<p>[\/et_pb_text][\/et_pb_column][\/et_pb_row][et_pb_row _builder_version=&#8220;4.27.2&#8243; _module_preset=&#8220;default&#8220; global_colors_info=&#8220;{}&#8220;][et_pb_column type=&#8220;4_4&#8243; _builder_version=&#8220;4.27.2&#8243; _module_preset=&#8220;default&#8220; global_colors_info=&#8220;{}&#8220;][et_pb_text disabled_on=&#8220;off|on|on&#8220; _builder_version=&#8220;4.27.4&#8243; _module_preset=&#8220;default&#8220; text_orientation=&#8220;center&#8220; background_layout=&#8220;dark&#8220; global_colors_info=&#8220;{}&#8220;]<\/p>\n<p>\ud83d\udc49 Wischen Sie nach links, um in der Tabelle zu bl\u00e4ttern<\/p>\n<p>[\/et_pb_text][et_pb_text _builder_version=&#8220;4.27.4&#8243; _module_preset=&#8220;default&#8220; text_text_color=&#8220;#FFFFFF&#8220; global_colors_info=&#8220;{}&#8220;]<!-- Add this style block in your head or just before the table code --><\/p>\n<style>\n  @media (max-width: 600px) {\n    .comparison-table col.col-left {\n      width: 35% !important;\n    }\n    .comparison-table col:not(.col-left) {\n      width: 32.5% !important;\n    }\n  }\n  .comparison-table th {\n    white-space: nowrap;\n  }\n<\/style>\n<p><!-- Part 3: How ChatAgentLab Outperforms the Competition (Responsive) --><\/p>\n<div class=\"comparison-table\" style=\"width: 100%; border-collapse: collapse; font-family: 'Inter', sans-serif; font-size: 12px; margin: 40px 0; overflow-x: auto;\">\n<table style=\"width: 100%; border-collapse: collapse; border: 1px solid #ddd; table-layout: fixed;\">\n<colgroup>\n<col class=\"col-left\" style=\"width: 20%;\">\n<col style=\"width: 40%;\">\n<col style=\"width: 40%;\">\n    <\/colgroup>\n<thead>\n<tr>\n<th style=\"background-color: #3b81f7; color: #ffffff; padding: 12px; text-align: left;\">Feature<\/th>\n<th style=\"background-color: #3b81f7; color: #ffffff; padding: 12px; text-align: center;\">ChatAgentLab<\/th>\n<th style=\"background-color: #3b81f7; color: #ffffff; padding: 12px; text-align: center;\">Intercom<\/th>\n<\/tr>\n<\/thead>\n<tbody>\n<tr>\n<td style=\"border: 1px solid #ddd; padding: 12px;\">User Engagement<\/td>\n<td style=\"border: 1px solid #ddd; padding: 12px; text-align: center; font-weight: bold;\">\u2705 Offers personalized, human-like interactions, enhancing user engagement and satisfaction.<\/td>\n<td style=\"border: 1px solid #ddd; padding: 12px; text-align: center;\">\u274c Provides scripted, predictable interactions.<\/td>\n<\/tr>\n<tr>\n<td style=\"border: 1px solid #ddd; padding: 12px;\">Rule Settings<\/td>\n<td style=\"border: 1px solid #ddd; padding: 12px; text-align: center; font-weight: bold;\">\u2705 Operates autonomously without manual rule-setting, learning from interactions to adapt responses.<\/td>\n<td style=\"border: 1px solid #ddd; padding: 12px; text-align: center;\">\u274c Requires manual rule-setting and predefined scripts for responses.<\/td>\n<\/tr>\n<tr>\n<td style=\"border: 1px solid #ddd; padding: 12px;\">Appointment Booking<\/td>\n<td style=\"border: 1px solid #ddd; padding: 12px; text-align: center; font-weight: bold;\">\u2705 Books meetings directly in your calendar<\/td>\n<td style=\"border: 1px solid #ddd; padding: 12px; text-align: center;\">\u274c Manual scheduling needed<\/td>\n<\/tr>\n<tr>\n<td style=\"border: 1px solid #ddd; padding: 12px;\">Cost Predictability<\/td>\n<td style=\"border: 1px solid #ddd; padding: 12px; text-align: center; font-weight: bold;\">\u2705 Transparent and consistent, facilitating straightforward budgeting.<\/td>\n<td style=\"border: 1px solid #ddd; padding: 12px; text-align: center;\">\u274c Variable costs due to per-seat charges and additional fees, leading to potential unpredictability.<\/td>\n<\/tr>\n<tr>\n<td style=\"border: 1px solid #ddd; padding: 12px;\">Pricing Model<\/td>\n<td style=\"border: 1px solid #ddd; padding: 12px; text-align: center; font-weight: bold;\">$450\/month for unlimited seats.<\/td>\n<td style=\"border: 1px solid #ddd; padding: 12px; text-align: center;\">\u274c $100+ per seat + $1 per AI resolution.<\/td>\n<\/tr>\n<\/tbody>\n<\/table>\n<\/div>\n<p>[\/et_pb_text][\/et_pb_column][\/et_pb_row][et_pb_row _builder_version=&#8220;4.27.4&#8243; _module_preset=&#8220;default&#8220; global_colors_info=&#8220;{}&#8220;][et_pb_column type=&#8220;4_4&#8243; _builder_version=&#8220;4.27.4&#8243; _module_preset=&#8220;default&#8220; global_colors_info=&#8220;{}&#8220;][et_pb_text _builder_version=&#8220;4.27.4&#8243; _module_preset=&#8220;default&#8220; text_text_color=&#8220;#c0c2ca&#8220; background_layout=&#8220;dark&#8220; global_colors_info=&#8220;{}&#8220;]<\/p>\n<h2>Was Intercom gut kann<\/h2>\n<p>Intercom ist ein Marktf\u00fchrer f\u00fcr produktinterne Kommunikation. Es ist ideal f\u00fcr: <\/p>\n<ul>\n<li>Kundeneinf\u00fchrung durch Produkttouren<\/li>\n<li>Live-Chat verbunden mit Ihrem CRM\/Helpdesk<\/li>\n<li>Ausl\u00f6sen von Nachrichten basierend auf App-Ereignissen oder Verhalten<\/li>\n<\/ul>\n<p>F\u00fcr produktorientierte SaaS-Teams, die den Kundensupport und das Onboarding skalieren m\u00f6chten, ist Intercom eine leistungsstarke &#8211; wenn auch teure &#8211; Plattform.<\/p>\n<p>[\/et_pb_text][et_pb_text _builder_version=&#8220;4.27.4&#8243; _module_preset=&#8220;default&#8220; text_text_color=&#8220;#c0c2ca&#8220; background_layout=&#8220;dark&#8220; global_colors_info=&#8220;{}&#8220;]<\/p>\n<h2>Das Problem: Intercom ist nicht f\u00fcr Top-of-Funnel-Vertriebsmitarbeiter konzipiert<\/h2>\n<p>Hier versagt Intercom, wenn Sie LLM-gesteuerte Agenten f\u00fcr das Marketing oder die proaktive Kontaktaufnahme aufbauen m\u00f6chten:<\/p>\n<ul>\n<li><strong>Begrenzte Flexibilit\u00e4t<\/strong> &#8211; Bots sind an Ihre App oder Website gebunden<\/li>\n<li><strong>Keine klonbaren Agenten<\/strong> &#8211; die Erstellung neuer Arbeitsabl\u00e4ufe ist zeitaufw\u00e4ndig<\/li>\n<li><strong>Der Support steht im Vordergrund<\/strong> &#8211; nicht optimiert f\u00fcr den Verkauf oder die Qualifizierung von Leads<\/li>\n<li><strong>Die Preisgestaltung w\u00e4chst schnell<\/strong> &#8211; Preise pro Sitzplatz machen die Skalierung teuer<\/li>\n<\/ul>\n<p>[\/et_pb_text][et_pb_text _builder_version=&#8220;4.27.4&#8243; _module_preset=&#8220;default&#8220; text_text_color=&#8220;#c0c2ca&#8220; background_layout=&#8220;dark&#8220; global_colors_info=&#8220;{}&#8220; text_font_size__hover_enabled=&#8220;off|desktop&#8220;]<\/p>\n<h2>Warum ChatAgentLab anders gebaut wurde<\/h2>\n<p><strong>ChatAgentLab<\/strong> konzentriert sich darauf, Unternehmen in die Lage zu versetzen, <em>verkaufsorientierte KI-Agenten<\/em> zu entwickeln, die Konversionen ankurbeln, Meetings buchen und qualifizierte Leads sammeln &#8211; mit voller Kontrolle \u00fcber Tonfall, Aufforderungen und Verhalten.<\/p>\n<p>Die Plattform erm\u00f6glicht es Teams auch, <strong>interne KI-Agenten<\/strong> zu erstellen, die sich um SOPs, Onboarding, Recherche und Automatisierung k\u00fcmmern &#8211; alles an einem Ort, ohne dass technische Kenntnisse erforderlich sind.<\/p>\n<ul>\n<li><strong>LLM-nativ:<\/strong> Vom ersten Tag an f\u00fcr ChatGPT, Claude und andere fortgeschrittene Modelle entwickelt<\/li>\n<li><strong>Kein Code:<\/strong> Jeder kann KI-Agenten in wenigen Minuten erstellen, testen und starten<\/li>\n<li><strong>Stellen Sie sie \u00fcberall bereit:<\/strong> Auf Ihrer Website, in sozialen Medien oder als Link zum Teilen<\/li>\n<li><strong>Wiederverwendbare Logik:<\/strong> Klonen Sie die leistungsf\u00e4higsten Agenten f\u00fcr neue Anwendungsf\u00e4lle oder Trichter<\/li>\n<li><strong>Pauschalpreise:<\/strong> Keine Kosten pro Agent oder pro Sitzplatz<\/li>\n<\/ul>\n<p>Aber ChatAgentLab beschr\u00e4nkt sich nicht auf kundenorientierte Anwendungsf\u00e4lle &#8211; es unterst\u00fctzt auch interne Abl\u00e4ufe.<\/p>\n<p>[\/et_pb_text][et_pb_text _builder_version=&#8220;4.27.4&#8243; _module_preset=&#8220;default&#8220; text_text_color=&#8220;#c0c2ca&#8220; background_layout=&#8220;dark&#8220; global_colors_info=&#8220;{}&#8220;]<\/p>\n<h2>Interne KI-Agenten, die team\u00fcbergreifend arbeiten<\/h2>\n<p>W\u00e4hrend Intercom auf den Kundensupport beschr\u00e4nkt ist, <strong>unterst\u00fctzt ChatAgentLab auch interne KI-Agenten<\/strong>, mit denen Ihr Team schneller, intelligenter und konsistenter arbeiten kann.<\/p>\n<p>Interne Agenten sind perfekt f\u00fcr:<\/p>\n<ul>\n<li><strong>Schulung und Einarbeitung<\/strong>: Neue Mitarbeiter k\u00f6nnen Fragen stellen und erhalten konsistente, richtlinienbasierte Antworten 24\/7.<\/li>\n<li><strong>SOP-Unterst\u00fctzung<\/strong>: Verwandeln Sie Ihre Unternehmensdokumentation in einen Live-Agenten, der Ihnen Schritt f\u00fcr Schritt erkl\u00e4rt, &#8222;wie wir Dinge tun&#8220;.<\/li>\n<li><strong>Interne Recherche<\/strong>: Erstellen Sie Agenten, die Berichte zusammenfassen, Schl\u00fcsselinformationen extrahieren oder Nischenfragen sofort beantworten.<\/li>\n<li><strong>Operative Automatisierung<\/strong>: KI-Assistenten k\u00f6nnen beim Ausf\u00fcllen von Berichten helfen, Arbeitsabl\u00e4ufe leiten oder Eingaben von Teams sammeln.<\/li>\n<\/ul>\n<p>Da alles in einem Dashboard verwaltet wird, bleiben Ihre internen und externen Mitarbeiter synchron &#8211; keine Silos, kein Wechsel der Tools.<\/p>\n<p>[\/et_pb_text][et_pb_text _builder_version=&#8220;4.27.4&#8243; _module_preset=&#8220;default&#8220; text_text_color=&#8220;#c0c2ca&#8220; background_layout=&#8220;dark&#8220; global_colors_info=&#8220;{}&#8220;]<\/p>\n<h2>Was ist mit Intercom Fin?<\/h2>\n<p>Intercom hat vor kurzem <strong>Fin<\/strong> eingef\u00fchrt, seinen KI-gest\u00fctzten Support-Assistenten, der auf OpenAIs GPT-4 basiert. Er verbessert zwar die Antwortautomatisierung innerhalb von Intercom, ist aber immer noch ein <strong>Tool, bei dem der Support im Vordergrund steht<\/strong>. <\/p>\n<p>Fin wurde entwickelt, um FAQs zu beantworten, Tickets abzuwehren und Benutzer innerhalb Ihrer App zu unterst\u00fctzen &#8211; nicht um <strong>Leads zu verkaufen, zu qualifizieren oder<\/strong> \u00fcber Kampagnen <strong>zu konvertieren<\/strong>.<\/p>\n<p>Im Gegensatz dazu ist <strong>ChatAgentLab<\/strong> von Grund auf f\u00fcr proaktive KI-Anwendungsf\u00e4lle konzipiert:<\/p>\n<ul>\n<li><strong>Vertriebsorientierte Agenten<\/strong>, die Leads qualifizieren und Meetings buchen<\/li>\n<li><strong>Flexibler Einsatz<\/strong> auf Websites, in sozialen Medien oder als eigenst\u00e4ndige Links<\/li>\n<li><strong>Klonbare Logik<\/strong> zum Testen verschiedener Aufforderungen, T\u00f6ne und Ziele<\/li>\n<li><strong>Anpassbarer KI-Stack<\/strong> &#8211; nicht an einen einzigen Modellanbieter gebunden<\/li>\n<\/ul>\n<p>[\/et_pb_text][et_pb_text _builder_version=&#8220;4.27.4&#8243; _module_preset=&#8220;default&#8220; text_text_color=&#8220;#c0c2ca&#8220; background_layout=&#8220;dark&#8220; hover_enabled=&#8220;0&#8243; global_colors_info=&#8220;{}&#8220; sticky_enabled=&#8220;0&#8243;]<\/p>\n<h2>Conclusion<\/h2>\n<p>If your business depends on proactive sales, lead qualification, or publishing AI agents across multiple channels \u2014 not just inside your app \u2014 then Intercom will likely fall short.<\/p>\n<p><strong>ChatAgentLab<\/strong> gives you a flexible, LLM-native platform designed for growth, without the technical complexity or bloated pricing.<\/p>\n<p><a href=\"https:\/\/chatagentlab.com\/deploy-ai-agent\/\" target=\"_blank\" rel=\"noopener\">\u27a1 Try ChatAgentLab now \u2014 and launch your first AI agent in minutes<\/a>[\/et_pb_text][\/et_pb_column][\/et_pb_row][et_pb_row _builder_version=&#8220;4.27.4&#8243; _module_preset=&#8220;default&#8220; global_colors_info=&#8220;{}&#8220;][et_pb_column type=&#8220;4_4&#8243; _builder_version=&#8220;4.27.4&#8243; _module_preset=&#8220;default&#8220; global_colors_info=&#8220;{}&#8220;][et_pb_button button_url=&#8220;@ET-DC@eyJkeW5hbWljIjp0cnVlLCJjb250ZW50IjoicG9zdF9saW5rX3VybF9wYWdlIiwic2V0dGluZ3MiOnsicG9zdF9pZCI6IjkzMjI2MyJ9fQ==@&#8220; button_text=&#8220;Deploy AI Agent&#8220; button_alignment=&#8220;center&#8220; _builder_version=&#8220;4.27.4&#8243; _dynamic_attributes=&#8220;button_url&#8220; _module_preset=&#8220;default&#8220; custom_button=&#8220;on&#8220; button_text_size=&#8220;16px&#8220; button_bg_color=&#8220;#316de7&#8243; button_bg_use_color_gradient=&#8220;on&#8220; button_bg_color_gradient_direction=&#8220;90deg&#8220; button_bg_color_gradient_stops=&#8220;#2e5be4 0%|#3aa3ee 100%&#8220; button_bg_color_gradient_overlays_image=&#8220;on&#8220; button_border_width=&#8220;0px&#8220; button_border_color=&#8220;#2e5be4&#8243; button_icon=&#8220;&#x45;||divi||400&#8243; button_icon_color=&#8220;#FFFFFF&#8220; background_layout=&#8220;dark&#8220; custom_margin=&#8220;||12px||false|false&#8220; custom_padding=&#8220;10px|30px|10px|30px|false|false&#8220; hover_enabled=&#8220;0&#8243; global_colors_info=&#8220;{}&#8220; sticky_enabled=&#8220;0&#8243;][\/et_pb_button][et_pb_text disabled_on=&#8220;off|off|off&#8220; _builder_version=&#8220;4.27.4&#8243; _module_preset=&#8220;default&#8220; text_orientation=&#8220;center&#8220; background_layout=&#8220;dark&#8220; custom_margin=&#8220;||60px|||&#8220; global_colors_info=&#8220;{}&#8220;]<\/p>\n<p>\ud83d\udc49 <span>\u00a0No coding required<\/span><\/p>\n<p>[\/et_pb_text][\/et_pb_column][\/et_pb_row][\/et_pb_section]<\/p>\n","protected":false},"excerpt":{"rendered":"<p>Comparison ChatAgentLab vs. Intercom Intercom ist seit langem ein f\u00fchrender Anbieter von Chatbot-L\u00f6sungen und bedient einen gro\u00dfen Teil des Marktes. ChatAgentLab bietet jedoch fortschrittlichere Funktionen f\u00fcr menschen\u00e4hnliche Interaktionen und ein berechenbares Preismodell. Die folgende Vergleichstabelle zeigt, wie ChatAgentLab im Vergleich zu Intercom bei den Funktionen abschneidet, die f\u00fcr wachstumsorientierte Teams am wichtigsten sind:\ud83d\udc49 Wischen Sie [&hellip;]<\/p>\n","protected":false},"author":1,"featured_media":0,"parent":0,"menu_order":0,"comment_status":"closed","ping_status":"closed","template":"","meta":{"_et_pb_use_builder":"on","_et_pb_old_content":"","_et_gb_content_width":"","inline_featured_image":false,"footnotes":""},"class_list":["post-934819","page","type-page","status-publish","hentry"],"_links":{"self":[{"href":"https:\/\/chatagentlab.com\/de\/wp-json\/wp\/v2\/pages\/934819","targetHints":{"allow":["GET"]}}],"collection":[{"href":"https:\/\/chatagentlab.com\/de\/wp-json\/wp\/v2\/pages"}],"about":[{"href":"https:\/\/chatagentlab.com\/de\/wp-json\/wp\/v2\/types\/page"}],"author":[{"embeddable":true,"href":"https:\/\/chatagentlab.com\/de\/wp-json\/wp\/v2\/users\/1"}],"replies":[{"embeddable":true,"href":"https:\/\/chatagentlab.com\/de\/wp-json\/wp\/v2\/comments?post=934819"}],"version-history":[{"count":4,"href":"https:\/\/chatagentlab.com\/de\/wp-json\/wp\/v2\/pages\/934819\/revisions"}],"predecessor-version":[{"id":935264,"href":"https:\/\/chatagentlab.com\/de\/wp-json\/wp\/v2\/pages\/934819\/revisions\/935264"}],"wp:attachment":[{"href":"https:\/\/chatagentlab.com\/de\/wp-json\/wp\/v2\/media?parent=934819"}],"curies":[{"name":"wp","href":"https:\/\/api.w.org\/{rel}","templated":true}]}}