{"id":934734,"date":"2025-02-25T15:12:57","date_gmt":"2025-02-25T15:12:57","guid":{"rendered":"https:\/\/chatagentlab.com\/vergleich-chatagentlab-vs-chatbots\/"},"modified":"2026-03-25T11:29:14","modified_gmt":"2026-03-25T11:29:14","slug":"vergleich-chatagentlab-vs-chatbots","status":"publish","type":"page","link":"https:\/\/chatagentlab.com\/de\/vergleich-chatagentlab-vs-chatbots\/","title":{"rendered":"Vergleich ChatAgentLab vs. Chatbots"},"content":{"rendered":"<p>[et_pb_section fb_built=&#8220;1&#8243; admin_label=&#8220;Header&#8220; _builder_version=&#8220;4.27.4&#8243; _module_preset=&#8220;default&#8220; background_color=&#8220;gcid-1bcf785a-50e1-437b-b09f-65567babc1de&#8220; background_image=&#8220;https:\/\/chatagentlab.com\/wp-content\/uploads\/2024\/11\/ai-40c.png&#8220; background_size=&#8220;custom&#8220; background_image_width=&#8220;40%&#8220; background_position=&#8220;top_right&#8220; custom_margin=&#8220;||||false|false&#8220; custom_padding=&#8220;||7px||false|false&#8220; collapsed=&#8220;on&#8220; global_colors_info=&#8220;{%22gcid-1bcf785a-50e1-437b-b09f-65567babc1de%22:%91%22background_color%22%93}&#8220;][et_pb_row _builder_version=&#8220;4.24.2&#8243; _module_preset=&#8220;default&#8220; custom_margin=&#8220;||||false|false&#8220; custom_padding=&#8220;||0px||false|false&#8220; global_colors_info=&#8220;{}&#8220;][et_pb_column type=&#8220;4_4&#8243; _builder_version=&#8220;4.19.5&#8243; _module_preset=&#8220;default&#8220; z_index=&#8220;10&#8243; global_colors_info=&#8220;{}&#8220;][et_pb_text _builder_version=&#8220;4.27.4&#8243; _module_preset=&#8220;default&#8220; text_orientation=&#8220;center&#8220; background_layout=&#8220;dark&#8220; width=&#8220;20%&#8220; width_tablet=&#8220;25%&#8220; width_phone=&#8220;45%&#8220; width_last_edited=&#8220;on|phone&#8220; max_width_last_edited=&#8220;off|phone&#8220; module_alignment=&#8220;center&#8220; custom_css_main_element=&#8220;background: linear-gradient(||  to top,||  rgba(55, 181, 255, 0.5) 0%,  \/* 50% opacity of #37B5FF at the bottom *\/||  rgba(55, 181, 255, 0) 100%    \/* Fully transparent at the top *\/||) !important;||||border-radius: 0%;||padding: 0;||&#8220; border_width_bottom=&#8220;1px&#8220; border_color_bottom=&#8220;#37b5ff&#8220; global_module=&#8220;934413&#8243; global_colors_info=&#8220;{}&#8220;]<\/p>\n<p>Comparison<\/p>\n<p>[\/et_pb_text][et_pb_text content_tablet=&#8220;<\/p>\n<h1>Wo fortschrittliche SEO auf modernste Hosting-Technologie trifft<\/h1>\n<p>&#8220; content_phone=&#8220;<\/p>\n<h1>Wo fortschrittliche SEO auf modernste Hosting-Technologie trifft<\/h1>\n<p>&#8220; content_last_edited=&#8220;off|desktop&#8220; _builder_version=&#8220;4.27.4&#8243; _module_preset=&#8220;default&#8220; header_font=&#8220;Barlow Semi Condensed|700|||||||&#8220; header_text_align=&#8220;center&#8220; header_text_color=&#8220;#FFFFFF&#8220; header_font_size=&#8220;50px&#8220; header_line_height=&#8220;1.4em&#8220; background_layout=&#8220;dark&#8220; custom_margin=&#8220;|20px|30px|0px|false|false&#8220; custom_padding=&#8220;||0px|||&#8220; custom_padding_tablet=&#8220;&#8220; custom_padding_phone=&#8220;&#8220; custom_padding_last_edited=&#8220;on|phone&#8220; header_font_tablet=&#8220;Roboto|300|||||||&#8220; header_font_phone=&#8220;Roboto|300|||||||&#8220; header_font_last_edited=&#8220;off|desktop&#8220; header_font_size_tablet=&#8220;40px&#8220; header_font_size_phone=&#8220;30px&#8220; header_font_size_last_edited=&#8220;on|phone&#8220; global_colors_info=&#8220;{}&#8220;]<\/p>\n<h1>ChatAgentLab <span style=\"color: #38b6ff;\">vs. <\/span>Chatbots<\/h1>\n<h1><\/h1>\n<p>[\/et_pb_text][et_pb_text _builder_version=&#8220;4.27.4&#8243; _module_preset=&#8220;_initial&#8220; text_font=&#8220;Inter||||||||&#8220; text_text_color=&#8220;#c0c2ca&#8220; text_font_size=&#8220;15px&#8220; text_line_height=&#8220;1.8em&#8220; header_font=&#8220;||||||||&#8220; header_4_font=&#8220;Inter|700|||||||&#8220; header_4_text_color=&#8220;#FFFFFF&#8220; header_4_font_size=&#8220;19px&#8220; header_4_line_height=&#8220;1.4em&#8220; background_layout=&#8220;dark&#8220; custom_margin=&#8220;||51px|||&#8220; header_4_font_size_tablet=&#8220;16px&#8220; header_4_font_size_phone=&#8220;15px&#8220; header_4_font_size_last_edited=&#8220;on|desktop&#8220; global_colors_info=&#8220;{}&#8220;]<\/p>\n<p data-start=\"0\" data-end=\"296\">Herk\u00f6mmliche Chatbots verlassen sich auf vordefinierte Skripte und Schl\u00fcsselw\u00f6rter, was oft zu starren und begrenzten Interaktionen f\u00fchrt.<\/p>\n<p data-start=\"0\" data-end=\"296\">Im Gegensatz dazu nutzt ChatAgentLab fortschrittliche KI, um Kontext und Nuancen zu verstehen und so dynamische, menschen\u00e4hnliche Unterhaltungen zu erm\u00f6glichen. Diese Entwicklung steigert das Engagement und die Zufriedenheit der Benutzer. <\/p>\n<div class=\"absolute h-[60px]\">\n<div class=\"flex items-center gap-0.5 text-sm font-medium\"><\/div>\n<\/div>\n<p>[\/et_pb_text][\/et_pb_column][\/et_pb_row][et_pb_row _builder_version=&#8220;4.27.2&#8243; _module_preset=&#8220;default&#8220; global_colors_info=&#8220;{}&#8220;][et_pb_column type=&#8220;4_4&#8243; _builder_version=&#8220;4.27.2&#8243; _module_preset=&#8220;default&#8220; global_colors_info=&#8220;{}&#8220;][et_pb_text disabled_on=&#8220;off|on|on&#8220; _builder_version=&#8220;4.27.4&#8243; _module_preset=&#8220;default&#8220; text_orientation=&#8220;center&#8220; background_layout=&#8220;dark&#8220; global_colors_info=&#8220;{}&#8220;]<\/p>\n<p>\ud83d\udc49 Wischen Sie nach links, um in der Tabelle zu bl\u00e4ttern<\/p>\n<p>[\/et_pb_text][et_pb_text _builder_version=&#8220;4.27.4&#8243; _module_preset=&#8220;default&#8220; text_text_color=&#8220;#FFFFFF&#8220; global_colors_info=&#8220;{}&#8220;]<!-- Add this style block in your head or just before the table code --><\/p>\n<style>\n  @media (max-width: 600px) {\n    .comparison-table col.col-left {\n      width: 35% !important;\n    }\n    .comparison-table col:not(.col-left) {\n      width: 32.5% !important;\n    }\n  }\n  .comparison-table th {\n    white-space: nowrap;\n  }\n<\/style>\n<p><!-- Part 3: How ChatAgentLab Outperforms the Competition (Responsive) --><\/p>\n<div class=\"comparison-table\" style=\"width: 100%; border-collapse: collapse; font-family: 'Inter', sans-serif; font-size: 12px; margin: 40px 0; overflow-x: auto;\">\n<table style=\"width: 100%; border-collapse: collapse; border: 1px solid #ddd; table-layout: fixed;\">\n<colgroup>\n<col class=\"col-left\" style=\"width: 20%;\">\n<col style=\"width: 40%;\">\n<col style=\"width: 40%;\">\n    <\/colgroup>\n<thead>\n<tr>\n<th style=\"background-color: #3b81f7; color: #ffffff; padding: 12px; text-align: left;\">Funktion<\/th>\n<th style=\"background-color: #3b81f7; color: #ffffff; padding: 12px; text-align: center;\">ChatAgentLab<\/th>\n<th style=\"background-color: #3b81f7; color: #ffffff; padding: 12px; text-align: center;\">Chatbots<\/th>\n<\/tr>\n<\/thead>\n<tbody>\n<tr>\n<td style=\"border: 1px solid #ddd; padding: 12px;\">Reaktionszeit<\/td>\n<td style=\"border: 1px solid #ddd; padding: 12px; text-align: center; font-weight: bold;\">Sofort (24\/7 Verf\u00fcgbarkeit)<\/td>\n<td style=\"border: 1px solid #ddd; padding: 12px; text-align: center;\">Versp\u00e4tet bei hohem Verkehrsaufkommen<\/td>\n<\/tr>\n<tr>\n<td style=\"border: 1px solid #ddd; padding: 12px;\">Lead-Qualifizierung<\/td>\n<td style=\"border: 1px solid #ddd; padding: 12px; text-align: center; font-weight: bold;\">\u2705 Sofortige Qualifizierung von Leads<\/td>\n<td style=\"border: 1px solid #ddd; padding: 12px; text-align: center;\">\u274c Inkonsistente Lead-Qualifizierung<\/td>\n<\/tr>\n<tr>\n<td style=\"border: 1px solid #ddd; padding: 12px;\">Termin buchen<\/td>\n<td style=\"border: 1px solid #ddd; padding: 12px; text-align: center; font-weight: bold;\">\u2705 Bucht Termine direkt in Ihrem Kalender<\/td>\n<td style=\"border: 1px solid #ddd; padding: 12px; text-align: center;\">\u274c Erfordert oft eine manuelle Best\u00e4tigung<\/td>\n<\/tr>\n<tr>\n<td style=\"border: 1px solid #ddd; padding: 12px;\">Skalierbarkeit<\/td>\n<td style=\"border: 1px solid #ddd; padding: 12px; text-align: center; font-weight: bold;\">\u2705 Unbegrenzte Unterhaltungen<\/td>\n<td style=\"border: 1px solid #ddd; padding: 12px; text-align: center;\">\u274c Eingeschr\u00e4nkt durch geskriptete Interaktionen<\/td>\n<\/tr>\n<tr>\n<td style=\"border: 1px solid #ddd; padding: 12px;\">Kosten<\/td>\n<td style=\"border: 1px solid #ddd; padding: 12px; text-align: center; font-weight: bold;\">$450\/Monat (Festkosten, keine versteckten Geb\u00fchren)<\/td>\n<td style=\"border: 1px solid #ddd; padding: 12px; text-align: center;\">\u274c Wird in der Regel pro Benutzer berechnet<\/td>\n<\/tr>\n<\/tbody>\n<\/table>\n<\/div>\n<p>[\/et_pb_text][\/et_pb_column][\/et_pb_row][et_pb_row _builder_version=&#8220;4.27.4&#8243; _module_preset=&#8220;default&#8220; global_colors_info=&#8220;{}&#8220;][et_pb_column type=&#8220;4_4&#8243; _builder_version=&#8220;4.27.4&#8243; _module_preset=&#8220;default&#8220; global_colors_info=&#8220;{}&#8220;][et_pb_button button_url=&#8220;@ET-DC@eyJkeW5hbWljIjp0cnVlLCJjb250ZW50IjoicG9zdF9saW5rX3VybF9wYWdlIiwic2V0dGluZ3MiOnsicG9zdF9pZCI6IjkzMjI2MyJ9fQ==@&#8220; button_text=&#8220;Agent Starten&#8220; button_alignment=&#8220;center&#8220; _builder_version=&#8220;4.27.4&#8243; _dynamic_attributes=&#8220;button_url&#8220; _module_preset=&#8220;default&#8220; custom_button=&#8220;on&#8220; button_text_size=&#8220;16px&#8220; button_bg_color=&#8220;#316de7&#8243; button_bg_use_color_gradient=&#8220;on&#8220; button_bg_color_gradient_direction=&#8220;90deg&#8220; button_bg_color_gradient_stops=&#8220;#2e5be4 0%|#3aa3ee 100%&#8220; button_bg_color_gradient_overlays_image=&#8220;on&#8220; button_border_width=&#8220;0px&#8220; button_border_color=&#8220;#2e5be4&#8243; button_icon=&#8220;&#x45;||divi||400&#8243; button_icon_color=&#8220;#FFFFFF&#8220; background_layout=&#8220;dark&#8220; custom_margin=&#8220;||12px||false|false&#8220; custom_padding=&#8220;10px|30px|10px|30px|false|false&#8220; hover_enabled=&#8220;0&#8243; global_colors_info=&#8220;{}&#8220; sticky_enabled=&#8220;0&#8243;][\/et_pb_button][et_pb_text disabled_on=&#8220;off|off|off&#8220; _builder_version=&#8220;4.27.4&#8243; _module_preset=&#8220;default&#8220; text_orientation=&#8220;center&#8220; background_layout=&#8220;dark&#8220; custom_margin=&#8220;||60px|||&#8220; global_colors_info=&#8220;{}&#8220;]<\/p>\n<p>\ud83d\udc49 <span> Keine Kodierung erforderlich<\/span><\/p>\n<p>[\/et_pb_text][\/et_pb_column][\/et_pb_row][\/et_pb_section]<\/p>\n","protected":false},"excerpt":{"rendered":"<p>Comparison ChatAgentLab vs. Chatbots Herk\u00f6mmliche Chatbots verlassen sich auf vordefinierte Skripte und Schl\u00fcsselw\u00f6rter, was oft zu starren und begrenzten Interaktionen f\u00fchrt. Im Gegensatz dazu nutzt ChatAgentLab fortschrittliche KI, um Kontext und Nuancen zu verstehen und so dynamische, menschen\u00e4hnliche Unterhaltungen zu erm\u00f6glichen. Diese Entwicklung steigert das Engagement und die Zufriedenheit der Benutzer. \ud83d\udc49 Wischen Sie nach [&hellip;]<\/p>\n","protected":false},"author":1,"featured_media":0,"parent":0,"menu_order":0,"comment_status":"closed","ping_status":"closed","template":"","meta":{"_et_pb_use_builder":"on","_et_pb_old_content":"","_et_gb_content_width":"","inline_featured_image":false,"footnotes":""},"class_list":["post-934734","page","type-page","status-publish","hentry"],"_links":{"self":[{"href":"https:\/\/chatagentlab.com\/de\/wp-json\/wp\/v2\/pages\/934734","targetHints":{"allow":["GET"]}}],"collection":[{"href":"https:\/\/chatagentlab.com\/de\/wp-json\/wp\/v2\/pages"}],"about":[{"href":"https:\/\/chatagentlab.com\/de\/wp-json\/wp\/v2\/types\/page"}],"author":[{"embeddable":true,"href":"https:\/\/chatagentlab.com\/de\/wp-json\/wp\/v2\/users\/1"}],"replies":[{"embeddable":true,"href":"https:\/\/chatagentlab.com\/de\/wp-json\/wp\/v2\/comments?post=934734"}],"version-history":[{"count":8,"href":"https:\/\/chatagentlab.com\/de\/wp-json\/wp\/v2\/pages\/934734\/revisions"}],"predecessor-version":[{"id":935283,"href":"https:\/\/chatagentlab.com\/de\/wp-json\/wp\/v2\/pages\/934734\/revisions\/935283"}],"wp:attachment":[{"href":"https:\/\/chatagentlab.com\/de\/wp-json\/wp\/v2\/media?parent=934734"}],"curies":[{"name":"wp","href":"https:\/\/api.w.org\/{rel}","templated":true}]}}