{"id":934721,"date":"2025-03-20T10:26:49","date_gmt":"2025-03-20T10:26:49","guid":{"rendered":"https:\/\/chatagentlab.com\/vergleich\/"},"modified":"2026-03-25T11:27:47","modified_gmt":"2026-03-25T11:27:47","slug":"vergleich","status":"publish","type":"page","link":"https:\/\/chatagentlab.com\/de\/vergleich\/","title":{"rendered":"Vergleich"},"content":{"rendered":"<p>[et_pb_section fb_built=&#8220;1&#8243; admin_label=&#8220;Header&#8220; _builder_version=&#8220;4.27.4&#8243; _module_preset=&#8220;default&#8220; background_color=&#8220;gcid-1bcf785a-50e1-437b-b09f-65567babc1de&#8220; background_image=&#8220;https:\/\/chatagentlab.com\/wp-content\/uploads\/2024\/11\/ai-40c.png&#8220; background_size=&#8220;custom&#8220; background_image_width=&#8220;40%&#8220; background_position=&#8220;top_right&#8220; custom_margin=&#8220;||||false|false&#8220; custom_padding=&#8220;||7px||false|false&#8220; collapsed=&#8220;on&#8220; global_colors_info=&#8220;{%22gcid-1bcf785a-50e1-437b-b09f-65567babc1de%22:%91%22background_color%22%93}&#8220;][et_pb_row _builder_version=&#8220;4.24.2&#8243; _module_preset=&#8220;default&#8220; custom_margin=&#8220;||||false|false&#8220; custom_padding=&#8220;||0px||false|false&#8220; global_colors_info=&#8220;{}&#8220;][et_pb_column type=&#8220;4_4&#8243; _builder_version=&#8220;4.19.5&#8243; _module_preset=&#8220;default&#8220; z_index=&#8220;10&#8243; global_colors_info=&#8220;{}&#8220;][et_pb_text _builder_version=&#8220;4.27.4&#8243; _module_preset=&#8220;default&#8220; text_orientation=&#8220;center&#8220; background_layout=&#8220;dark&#8220; width=&#8220;20%&#8220; width_tablet=&#8220;25%&#8220; width_phone=&#8220;45%&#8220; width_last_edited=&#8220;on|phone&#8220; max_width_last_edited=&#8220;off|phone&#8220; module_alignment=&#8220;center&#8220; custom_css_main_element=&#8220;background: linear-gradient(||  to top,||  rgba(55, 181, 255, 0.5) 0%,  \/* 50% opacity of #37B5FF at the bottom *\/||  rgba(55, 181, 255, 0) 100%    \/* Fully transparent at the top *\/||) !important;||||border-radius: 0%;||padding: 0;||&#8220; border_width_bottom=&#8220;1px&#8220; border_color_bottom=&#8220;#37b5ff&#8220; global_module=&#8220;934413&#8243; saved_tabs=&#8220;all&#8220; global_colors_info=&#8220;{}&#8220;]<\/p>\n<p>Comparison<\/p>\n<p>[\/et_pb_text][et_pb_text content_tablet=&#8220;<\/p>\n<h1>Wo fortschrittliche SEO auf modernste Hosting-Technologie trifft<\/h1>\n<p>&#8220; content_phone=&#8220;<\/p>\n<h1>Wo fortschrittliche SEO auf modernste Hosting-Technologie trifft<\/h1>\n<p>&#8220; content_last_edited=&#8220;off|desktop&#8220; _builder_version=&#8220;4.27.4&#8243; _module_preset=&#8220;default&#8220; header_font=&#8220;Barlow Semi Condensed|700|||||||&#8220; header_text_align=&#8220;center&#8220; header_text_color=&#8220;#FFFFFF&#8220; header_font_size=&#8220;50px&#8220; header_line_height=&#8220;1.4em&#8220; background_layout=&#8220;dark&#8220; custom_margin=&#8220;|20px|30px|0px|false|false&#8220; custom_padding=&#8220;||0px|||&#8220; custom_padding_tablet=&#8220;&#8220; custom_padding_phone=&#8220;&#8220; custom_padding_last_edited=&#8220;on|phone&#8220; header_font_tablet=&#8220;Roboto|300|||||||&#8220; header_font_phone=&#8220;Roboto|300|||||||&#8220; header_font_last_edited=&#8220;off|desktop&#8220; header_font_size_tablet=&#8220;40px&#8220; header_font_size_phone=&#8220;30px&#8220; header_font_size_last_edited=&#8220;on|phone&#8220; global_colors_info=&#8220;{}&#8220;]<\/p>\n<h1>ChatAgentLab <span style=\"color: #38b6ff;\">im Vergleich zu <\/span>anderen<\/h1>\n<h1><\/h1>\n<p>[\/et_pb_text][et_pb_text _builder_version=&#8220;4.27.4&#8243; _module_preset=&#8220;_initial&#8220; text_font=&#8220;Inter||||||||&#8220; text_text_color=&#8220;#c0c2ca&#8220; text_font_size=&#8220;15px&#8220; text_line_height=&#8220;1.8em&#8220; header_font=&#8220;||||||||&#8220; header_4_font=&#8220;Inter|700|||||||&#8220; header_4_text_color=&#8220;#FFFFFF&#8220; header_4_font_size=&#8220;19px&#8220; header_4_line_height=&#8220;1.4em&#8220; text_orientation=&#8220;center&#8220; background_layout=&#8220;dark&#8220; custom_margin=&#8220;||51px|||&#8220; header_4_font_size_tablet=&#8220;16px&#8220; header_4_font_size_phone=&#8220;15px&#8220; header_4_font_size_last_edited=&#8220;on|desktop&#8220; global_colors_info=&#8220;{}&#8220;]<\/p>\n<p data-start=\"0\" data-end=\"296\">Sehen Sie, wie ChatAgentLab im Vergleich zu anderen KI-Chat-Agenten, herk\u00f6mmlichen Chatbots und Live-Chat-L\u00f6sungen abschneidet &#8211; so k\u00f6nnen Sie den intelligentesten Weg zur Skalierung von Unterhaltungen w\u00e4hlen, sowohl extern als auch intern.<\/p>\n<div class=\"absolute h-[60px]\">\n<div class=\"flex items-center gap-0.5 text-sm font-medium\"><\/div>\n<\/div>\n<p>[\/et_pb_text][\/et_pb_column][\/et_pb_row][et_pb_row _builder_version=&#8220;4.27.2&#8243; _module_preset=&#8220;default&#8220; global_colors_info=&#8220;{}&#8220;][et_pb_column type=&#8220;4_4&#8243; _builder_version=&#8220;4.27.2&#8243; _module_preset=&#8220;default&#8220; global_colors_info=&#8220;{}&#8220;][et_pb_text disabled_on=&#8220;off|on|on&#8220; _builder_version=&#8220;4.27.4&#8243; _module_preset=&#8220;default&#8220; text_orientation=&#8220;center&#8220; background_layout=&#8220;dark&#8220; global_colors_info=&#8220;{}&#8220;]<\/p>\n<p>\ud83d\udc49 Wischen Sie nach links, um in der Tabelle zu bl\u00e4ttern<\/p>\n<p>[\/et_pb_text][et_pb_code _builder_version=&#8220;4.27.4&#8243; _module_preset=&#8220;default&#8220; global_colors_info=&#8220;{}&#8220;]<!-- \u2705 Scoped Custom CSS to fix border gaps, thin lines, and enforce white text --><!-- [et_pb_line_break_holder] --><\/p>\n<style><!-- [et_pb_line_break_holder] -->\/* Force consistent 1px border on both header and body cells *\/<!-- [et_pb_line_break_holder] -->.comparison-table table th,<!-- [et_pb_line_break_holder] -->.comparison-table table td {<!-- [et_pb_line_break_holder] -->  border: 1px solid #cccccc;<!-- [et_pb_line_break_holder] -->  border-width: 1px;<!-- [et_pb_line_break_holder] -->  color: #ffffff; \/* Ensure white text everywhere *\/<!-- [et_pb_line_break_holder] -->}<!-- [et_pb_line_break_holder] --><!-- [et_pb_line_break_holder] -->\/* Sticky header with proper background and no thin lines *\/<!-- [et_pb_line_break_holder] -->.comparison-table table th {<!-- [et_pb_line_break_holder] -->  background-color: #3b81f7;<!-- [et_pb_line_break_holder] -->  background-clip: border-box;<!-- [et_pb_line_break_holder] -->  position: sticky;<!-- [et_pb_line_break_holder] -->  top: 0;<!-- [et_pb_line_break_holder] -->  z-index: 2;<!-- [et_pb_line_break_holder] -->}<!-- [et_pb_line_break_holder] --><!-- [et_pb_line_break_holder] -->\/* Optional: Ensure clean left and right borders *\/<!-- [et_pb_line_break_holder] -->.comparison-table table th:first-child {<!-- [et_pb_line_break_holder] -->  border-left: 1px solid #cccccc;<!-- [et_pb_line_break_holder] -->}<!-- [et_pb_line_break_holder] --><!-- [et_pb_line_break_holder] -->.comparison-table table th:last-child {<!-- [et_pb_line_break_holder] -->  border-right: 1px solid #cccccc;<!-- [et_pb_line_break_holder] -->}<!-- [et_pb_line_break_holder] --><\/style>\n<p><!-- [et_pb_line_break_holder] --><!-- [et_pb_line_break_holder] --><!-- \u2705 Comparison Table Wrapper --><!-- [et_pb_line_break_holder] --><\/p>\n<div class=\"comparison-table\" style=\"width: 100%; font-family: Inter, sans-serif; font-size: 12px; margin: 40px 0; overflow-x: auto;\"><!-- [et_pb_line_break_holder] --><!-- [et_pb_line_break_holder] -->  <!-- \u2705 Inner scrollable container to enable sticky header --><!-- [et_pb_line_break_holder] -->  <\/p>\n<div style=\"max-height: 600px; overflow-y: auto;\"><!-- [et_pb_line_break_holder] --><!-- [et_pb_line_break_holder] -->    <!-- \u2705 Table with collapse borders for clean lines --><!-- [et_pb_line_break_holder] -->    <\/p>\n<table style=\"width: 100%; border-collapse: collapse; min-width: 800px; color: #ffffff;\"><!-- [et_pb_line_break_holder] --><!-- [et_pb_line_break_holder] -->      <!-- \u2705 Table Header Row --><!-- [et_pb_line_break_holder] -->      <\/p>\n<thead><!-- [et_pb_line_break_holder] -->        <\/p>\n<tr><!-- [et_pb_line_break_holder] -->          <\/p>\n<th style=\"padding: 12px; text-align: left;\">Merkmal<\/th>\n<p><!-- [et_pb_line_break_holder] -->          <\/p>\n<th style=\"padding: 12px; text-align: center;\">ChatAgentLab<\/th>\n<p><!-- [et_pb_line_break_holder] -->          <\/p>\n<th style=\"padding: 12px; text-align: center;\">KI-Chat-Agenten<\/th>\n<p><!-- [et_pb_line_break_holder] -->          <\/p>\n<th style=\"padding: 12px; text-align: center;\">Traditionelle Chatbots<\/th>\n<p><!-- [et_pb_line_break_holder] -->          <\/p>\n<th style=\"padding: 12px; text-align: center;\">Live-Chat-Agenten<\/th>\n<p><!-- [et_pb_line_break_holder] -->        <\/tr>\n<p><!-- [et_pb_line_break_holder] -->      <\/thead>\n<p><!-- [et_pb_line_break_holder] --><!-- [et_pb_line_break_holder] -->      <!-- \u2705 Table Body --><!-- [et_pb_line_break_holder] -->      <\/p>\n<tbody><!-- [et_pb_line_break_holder] -->        <\/p>\n<tr><!-- [et_pb_line_break_holder] -->          <\/p>\n<td style=\"padding: 12px;\">KI-gest\u00fctzte Konversationen<\/td>\n<p><!-- [et_pb_line_break_holder] -->          <\/p>\n<td style=\"padding: 12px; text-align: center;\">\u2705 LLM + individuelle Ausbildung<\/td>\n<p><!-- [et_pb_line_break_holder] -->          <\/p>\n<td style=\"padding: 12px; text-align: center;\">\u2705 LLM-gest\u00fctzt, begrenzte Ausbildung<\/td>\n<p><!-- [et_pb_line_break_holder] -->          <\/p>\n<td style=\"padding: 12px; text-align: center;\">\u26a0\ufe0f Regelbasiert \/ skriptgesteuert<\/td>\n<p><!-- [et_pb_line_break_holder] -->          <\/p>\n<td style=\"padding: 12px; text-align: center;\">\u274c Nur f\u00fcr Menschen<\/td>\n<p><!-- [et_pb_line_break_holder] -->        <\/tr>\n<p><!-- [et_pb_line_break_holder] --><!-- [et_pb_line_break_holder] -->        <\/p>\n<tr><!-- [et_pb_line_break_holder] -->          <\/p>\n<td style=\"padding: 12px;\">Individuelle Datenschulung<\/td>\n<p><!-- [et_pb_line_break_holder] -->          <\/p>\n<td style=\"padding: 12px; text-align: center;\">\u2705 Dokumente &amp; Daten hochladen<\/td>\n<p><!-- [et_pb_line_break_holder] -->          <\/p>\n<td style=\"padding: 12px; text-align: center;\">\u26a0\ufe0f Begrenzt \/ API-basiert<\/td>\n<p><!-- [et_pb_line_break_holder] -->          <\/p>\n<td style=\"padding: 12px; text-align: center;\">\u274c Minimale oder keine<\/td>\n<p><!-- [et_pb_line_break_holder] -->          <\/p>\n<td style=\"padding: 12px; text-align: center;\">\u2705 Menschliches Ged\u00e4chtnis (inkonsistent)<\/td>\n<p><!-- [et_pb_line_break_holder] -->        <\/tr>\n<p><!-- [et_pb_line_break_holder] --><!-- [et_pb_line_break_holder] -->        <\/p>\n<tr><!-- [et_pb_line_break_holder] -->          <\/p>\n<td style=\"padding: 12px;\">Multi-Agent &amp; Multi-Projekt Unterst\u00fctzung<\/td>\n<p><!-- [et_pb_line_break_holder] -->          <\/p>\n<td style=\"padding: 12px; text-align: center;\">\u2705 Einheimische Unterst\u00fctzung<\/td>\n<p><!-- [et_pb_line_break_holder] -->          <\/p>\n<td style=\"padding: 12px; text-align: center;\">\u26a0\ufe0f Meistens ein einziger Wirkstoff<\/td>\n<p><!-- [et_pb_line_break_holder] -->          <\/p>\n<td style=\"padding: 12px; text-align: center;\">\u274c Begrenzt<\/td>\n<p><!-- [et_pb_line_break_holder] -->          <\/p>\n<td style=\"padding: 12px; text-align: center;\">\u274c Grenzen der Personalkapazit\u00e4t<\/td>\n<p><!-- [et_pb_line_break_holder] -->        <\/tr>\n<p><!-- [et_pb_line_break_holder] --><!-- [et_pb_line_break_holder] -->        <\/p>\n<tr><!-- [et_pb_line_break_holder] -->          <\/p>\n<td style=\"padding: 12px;\">Interne &amp; externe Anwendungsf\u00e4lle<\/td>\n<p><!-- [et_pb_line_break_holder] -->          <\/p>\n<td style=\"padding: 12px; text-align: center;\">\u2705 Deckt beides ab<\/td>\n<p><!-- [et_pb_line_break_holder] -->          <\/p>\n<td style=\"padding: 12px; text-align: center;\">\u26a0\ufe0f Meistens extern<\/td>\n<p><!-- [et_pb_line_break_holder] -->          <\/p>\n<td style=\"padding: 12px; text-align: center;\">\u26a0\ufe0f Meistens extern<\/td>\n<p><!-- [et_pb_line_break_holder] -->          <\/p>\n<td style=\"padding: 12px; text-align: center;\">\u274c Intern kostspielig zu skalieren<\/td>\n<p><!-- [et_pb_line_break_holder] -->        <\/tr>\n<p><!-- [et_pb_line_break_holder] --><!-- [et_pb_line_break_holder] -->        <\/p>\n<tr><!-- [et_pb_line_break_holder] -->          <\/p>\n<td style=\"padding: 12px;\">Multi-Channel-Bereitstellung<\/td>\n<p><!-- [et_pb_line_break_holder] -->          <\/p>\n<td style=\"padding: 12px; text-align: center;\">\u2705 Web, soziale Netzwerke, E-Mail, Chat-Anwendungen<\/td>\n<p><!-- [et_pb_line_break_holder] -->          <\/p>\n<td style=\"padding: 12px; text-align: center;\">\u26a0\ufe0f Plattformabh\u00e4ngig<\/td>\n<p><!-- [et_pb_line_break_holder] -->          <\/p>\n<td style=\"padding: 12px; text-align: center;\">\u26a0\ufe0f Meist nur Web<\/td>\n<p><!-- [et_pb_line_break_holder] -->          <\/p>\n<td style=\"padding: 12px; text-align: center;\">\u26a0\ufe0f Begrenzt durch Personal<\/td>\n<p><!-- [et_pb_line_break_holder] -->        <\/tr>\n<p><!-- [et_pb_line_break_holder] --><!-- [et_pb_line_break_holder] -->        <\/p>\n<tr><!-- [et_pb_line_break_holder] -->          <\/p>\n<td style=\"padding: 12px;\">Anpassung von Eingabeaufforderung &amp; Workflow<\/td>\n<p><!-- [et_pb_line_break_holder] -->          <\/p>\n<td style=\"padding: 12px; text-align: center;\">\u2705 Vollst\u00e4ndig anpassbar<\/td>\n<p><!-- [et_pb_line_break_holder] -->          <\/p>\n<td style=\"padding: 12px; text-align: center;\">\u26a0\ufe0f Erforderliche Entwicklungskenntnisse<\/td>\n<p><!-- [et_pb_line_break_holder] -->          <\/p>\n<td style=\"padding: 12px; text-align: center;\">\u26a0\ufe0f Nur lineare Str\u00f6me<\/td>\n<p><!-- [et_pb_line_break_holder] -->          <\/p>\n<td style=\"padding: 12px; text-align: center;\">\u274c Von Menschen abh\u00e4ngig<\/td>\n<p><!-- [et_pb_line_break_holder] -->        <\/tr>\n<p><!-- [et_pb_line_break_holder] --><!-- [et_pb_line_break_holder] -->        <\/p>\n<tr><!-- [et_pb_line_break_holder] -->          <\/p>\n<td style=\"padding: 12px;\">Analytik &amp; Kontinuierliches Lernen<\/td>\n<p><!-- [et_pb_line_break_holder] -->          <\/p>\n<td style=\"padding: 12px; text-align: center;\">\u2705 Eingebaute Einblicke<\/td>\n<p><!-- [et_pb_line_break_holder] -->          <\/p>\n<td style=\"padding: 12px; text-align: center;\">\u2705 Komplexe Einrichtung<\/td>\n<p><!-- [et_pb_line_break_holder] -->          <\/p>\n<td style=\"padding: 12px; text-align: center;\">\u26a0\ufe0f Grundlegende Berichterstattung<\/td>\n<p><!-- [et_pb_line_break_holder] -->          <\/p>\n<td style=\"padding: 12px; text-align: center;\">\u26a0\ufe0f Manuelle \u00dcberpr\u00fcfung erforderlich<\/td>\n<p><!-- [et_pb_line_break_holder] -->        <\/tr>\n<p><!-- [et_pb_line_break_holder] --><!-- [et_pb_line_break_holder] -->        <\/p>\n<tr><!-- [et_pb_line_break_holder] -->          <\/p>\n<td style=\"padding: 12px;\">Skalierbarkeit &amp; Kosteneffizienz<\/td>\n<p><!-- [et_pb_line_break_holder] -->          <\/p>\n<td style=\"padding: 12px; text-align: center;\">\u2705 Hochgradig skalierbar &amp; kosteneffektiv<\/td>\n<p><!-- [et_pb_line_break_holder] -->          <\/p>\n<td style=\"padding: 12px; text-align: center;\">\u26a0\ufe0f Kosten wachsen mit der Nutzung<\/td>\n<p><!-- [et_pb_line_break_holder] -->          <\/p>\n<td style=\"padding: 12px; text-align: center;\">\u26a0\ufe0f Kostspielig bei wachsender Komplexit\u00e4t<\/td>\n<p><!-- [et_pb_line_break_holder] -->          <\/p>\n<td style=\"padding: 12px; text-align: center;\">\u274c Teuer in der Skalierung<\/td>\n<p><!-- [et_pb_line_break_holder] -->        <\/tr>\n<p><!-- [et_pb_line_break_holder] --><!-- [et_pb_line_break_holder] -->        <\/p>\n<tr><!-- [et_pb_line_break_holder] -->          <\/p>\n<td style=\"padding: 12px;\">24\/7 Verf\u00fcgbarkeit<\/td>\n<p><!-- [et_pb_line_break_holder] -->          <\/p>\n<td style=\"padding: 12px; text-align: center;\">\u2705 Ja, immer eingeschaltet<\/td>\n<p><!-- [et_pb_line_break_holder] -->          <\/p>\n<td style=\"padding: 12px; text-align: center;\">\u2705 Ja<\/td>\n<p><!-- [et_pb_line_break_holder] -->          <\/p>\n<td style=\"padding: 12px; text-align: center;\">\u2705 Wenn automatisiert<\/td>\n<p><!-- [et_pb_line_break_holder] -->          <\/p>\n<td style=\"padding: 12px; text-align: center;\">\u274c Einschr\u00e4nkungen f\u00fcr das Personal<\/td>\n<p><!-- [et_pb_line_break_holder] -->        <\/tr>\n<p><!-- [et_pb_line_break_holder] --><!-- [et_pb_line_break_holder] -->        <\/p>\n<tr><!-- [et_pb_line_break_holder] -->          <\/p>\n<td style=\"padding: 12px;\">Benutzerfreundlichkeit f\u00fcr Nicht-Tech-Anwender<\/td>\n<p><!-- [et_pb_line_break_holder] -->          <\/p>\n<td style=\"padding: 12px; text-align: center;\">\u2705 Einfach, ohne Code<\/td>\n<p><!-- [et_pb_line_break_holder] -->          <\/p>\n<td style=\"padding: 12px; text-align: center;\">\u26a0\ufe0f Dev-fokussiert<\/td>\n<p><!-- [et_pb_line_break_holder] -->          <\/p>\n<td style=\"padding: 12px; text-align: center;\">\u26a0\ufe0f Steile Lernkurve<\/td>\n<p><!-- [et_pb_line_break_holder] -->          <\/p>\n<td style=\"padding: 12px; text-align: center;\">\u2705 Menschenfreundlich<\/td>\n<p><!-- [et_pb_line_break_holder] -->        <\/tr>\n<p><!-- [et_pb_line_break_holder] --><!-- [et_pb_line_break_holder] -->      <\/tbody>\n<p><!-- [et_pb_line_break_holder] -->    <\/table>\n<p><!-- [et_pb_line_break_holder] --><!-- [et_pb_line_break_holder] -->  <\/div>\n<p> <!-- End of scrollable container --><!-- [et_pb_line_break_holder] --><\/div>\n<p> <!-- End of comparison table --><!-- [et_pb_line_break_holder] -->[\/et_pb_code][\/et_pb_column][\/et_pb_row][et_pb_row _builder_version=&#8220;4.27.4&#8243; _module_preset=&#8220;default&#8220; global_colors_info=&#8220;{}&#8220;][et_pb_column type=&#8220;4_4&#8243; _builder_version=&#8220;4.27.4&#8243; _module_preset=&#8220;default&#8220; global_colors_info=&#8220;{}&#8220;][et_pb_button button_url=&#8220;@ET-DC@eyJkeW5hbWljIjp0cnVlLCJjb250ZW50IjoicG9zdF9saW5rX3VybF9wYWdlIiwic2V0dGluZ3MiOnsicG9zdF9pZCI6IjkzMjI2MyIsImVuYWJsZV9odG1sIjoib2ZmIn19@&#8220; button_text=&#8220;Agent Starten&#8220; button_alignment=&#8220;center&#8220; _builder_version=&#8220;4.27.4&#8243; _dynamic_attributes=&#8220;button_url&#8220; _module_preset=&#8220;default&#8220; custom_button=&#8220;on&#8220; button_text_size=&#8220;16px&#8220; button_bg_color=&#8220;#316de7&#8243; button_bg_use_color_gradient=&#8220;on&#8220; button_bg_color_gradient_direction=&#8220;90deg&#8220; button_bg_color_gradient_stops=&#8220;#2e5be4 0%|#3aa3ee 100%&#8220; button_bg_color_gradient_overlays_image=&#8220;on&#8220; button_border_width=&#8220;0px&#8220; button_border_color=&#8220;#2e5be4&#8243; button_icon=&#8220;&#x45;||divi||400&#8243; button_icon_color=&#8220;#FFFFFF&#8220; background_layout=&#8220;dark&#8220; custom_margin=&#8220;||12px||false|false&#8220; custom_padding=&#8220;10px|30px|10px|30px|false|false&#8220; hover_enabled=&#8220;0&#8243; global_colors_info=&#8220;{}&#8220; sticky_enabled=&#8220;0&#8243;][\/et_pb_button][et_pb_text disabled_on=&#8220;off|off|off&#8220; _builder_version=&#8220;4.27.4&#8243; _module_preset=&#8220;default&#8220; text_orientation=&#8220;center&#8220; background_layout=&#8220;dark&#8220; custom_margin=&#8220;||60px|||&#8220; global_colors_info=&#8220;{}&#8220;]<\/p>\n<p>\ud83d\udc49 Keine Kodierung erforderlich<\/p>\n<p>[\/et_pb_text][\/et_pb_column][\/et_pb_row][\/et_pb_section]<\/p>\n","protected":false},"excerpt":{"rendered":"<p>Comparison ChatAgentLab im Vergleich zu anderen Sehen Sie, wie ChatAgentLab im Vergleich zu anderen KI-Chat-Agenten, herk\u00f6mmlichen Chatbots und Live-Chat-L\u00f6sungen abschneidet &#8211; so k\u00f6nnen Sie den intelligentesten Weg zur Skalierung von Unterhaltungen w\u00e4hlen, sowohl extern als auch intern. \ud83d\udc49 Wischen Sie nach links, um in der Tabelle zu bl\u00e4ttern\ud83d\udc49 Keine Kodierung erforderlich<\/p>\n","protected":false},"author":1,"featured_media":0,"parent":0,"menu_order":0,"comment_status":"closed","ping_status":"closed","template":"","meta":{"_et_pb_use_builder":"on","_et_pb_old_content":"","_et_gb_content_width":"","inline_featured_image":false,"footnotes":""},"class_list":["post-934721","page","type-page","status-publish","hentry"],"_links":{"self":[{"href":"https:\/\/chatagentlab.com\/de\/wp-json\/wp\/v2\/pages\/934721","targetHints":{"allow":["GET"]}}],"collection":[{"href":"https:\/\/chatagentlab.com\/de\/wp-json\/wp\/v2\/pages"}],"about":[{"href":"https:\/\/chatagentlab.com\/de\/wp-json\/wp\/v2\/types\/page"}],"author":[{"embeddable":true,"href":"https:\/\/chatagentlab.com\/de\/wp-json\/wp\/v2\/users\/1"}],"replies":[{"embeddable":true,"href":"https:\/\/chatagentlab.com\/de\/wp-json\/wp\/v2\/comments?post=934721"}],"version-history":[{"count":7,"href":"https:\/\/chatagentlab.com\/de\/wp-json\/wp\/v2\/pages\/934721\/revisions"}],"predecessor-version":[{"id":935281,"href":"https:\/\/chatagentlab.com\/de\/wp-json\/wp\/v2\/pages\/934721\/revisions\/935281"}],"wp:attachment":[{"href":"https:\/\/chatagentlab.com\/de\/wp-json\/wp\/v2\/media?parent=934721"}],"curies":[{"name":"wp","href":"https:\/\/api.w.org\/{rel}","templated":true}]}}