{"id":933919,"date":"2025-04-01T19:20:05","date_gmt":"2025-04-01T19:20:05","guid":{"rendered":"https:\/\/chatagentlab.com\/einblicke\/"},"modified":"2025-04-01T20:20:35","modified_gmt":"2025-04-01T20:20:35","slug":"einblicke","status":"publish","type":"page","link":"https:\/\/chatagentlab.com\/de\/einblicke\/","title":{"rendered":"Einblicke"},"content":{"rendered":"<p>[et_pb_section fb_built=&#8220;1&#8243; custom_padding_last_edited=&#8220;on|phone&#8220; next_background_color=&#8220;#ffffff&#8220; admin_label=&#8220;Blog&#8220; _builder_version=&#8220;4.17.6&#8243; background_color=&#8220;#f5f7fa&#8220; background_enable_image=&#8220;off&#8220; custom_padding_tablet=&#8220;0px||0px||true|false&#8220; custom_padding_phone=&#8220;&#8220; bottom_divider_style=&#8220;arrow&#8220; locked=&#8220;off&#8220; global_colors_info=&#8220;{}&#8220;][et_pb_row custom_padding_last_edited=&#8220;off|phone&#8220; _builder_version=&#8220;4.27.2&#8243; width_tablet=&#8220;100%&#8220; width_phone=&#8220;&#8220; width_last_edited=&#8220;on|phone&#8220; custom_margin=&#8220;||||false|false&#8220; custom_margin_last_edited=&#8220;off|tablet&#8220; custom_padding=&#8220;||||false|false&#8220; custom_padding_phone=&#8220;||||false|false&#8220; global_colors_info=&#8220;{}&#8220;][et_pb_column type=&#8220;4_4&#8243; _builder_version=&#8220;4.16&#8243; global_colors_info=&#8220;{}&#8220;][et_pb_text content_tablet=&#8220;<\/p>\n<h1>Wo fortschrittliche SEO auf modernste Hosting-Technologie trifft<\/h1>\n<p>&#8220; content_phone=&#8220;<\/p>\n<h1>Wo fortschrittliche SEO auf modernste Hosting-Technologie trifft<\/h1>\n<p>&#8220; content_last_edited=&#8220;off|desktop&#8220; _builder_version=&#8220;4.27.2&#8243; _module_preset=&#8220;default&#8220; header_font=&#8220;|700|||||||&#8220; header_text_align=&#8220;center&#8220; header_text_color=&#8220;#111828&#8243; header_font_size=&#8220;50px&#8220; header_line_height=&#8220;1.4em&#8220; background_layout=&#8220;dark&#8220; custom_margin=&#8220;|20px|30px|0px|false|false&#8220; custom_padding=&#8220;||0px|||&#8220; custom_padding_tablet=&#8220;50px||||false|false&#8220; custom_padding_phone=&#8220;50px||||false|false&#8220; custom_padding_last_edited=&#8220;on|tablet&#8220; header_font_tablet=&#8220;Roboto|300|||||||&#8220; header_font_phone=&#8220;Roboto|300|||||||&#8220; header_font_last_edited=&#8220;off|desktop&#8220; header_font_size_tablet=&#8220;40px&#8220; header_font_size_phone=&#8220;35px&#8220; header_font_size_last_edited=&#8220;on|tablet&#8220; global_colors_info=&#8220;%91%93&#8243;]<\/p>\n<h1><span style=\"color: #38b6ff;\">Einblicke<\/span><\/h1>\n<p>[\/et_pb_text][et_pb_text _builder_version=&#8220;4.27.4&#8243; _module_preset=&#8220;default&#8220; custom_padding_tablet=&#8220;|30px||30px|false|false&#8220; custom_padding_phone=&#8220;|30px||30px|false|false&#8220; custom_padding_last_edited=&#8220;on|phone&#8220; hover_enabled=&#8220;0&#8243; global_colors_info=&#8220;%91%93&#8243; text_orientation=&#8220;center&#8220; text_font_size=&#8220;16px&#8220; text_font=&#8220;|700|||||||&#8220; sticky_enabled=&#8220;0&#8243;]<\/p>\n<p>Sch\u00e4rfere Einblicke f\u00fcr kl\u00fcgere Agenten.<\/p>\n<p>[\/et_pb_text][et_pb_post_slider posts_number=&#8220;5&#8243; include_categories=&#8220;27,20&#8243; show_image=&#8220;off&#8220; use_bg_overlay=&#8220;off&#8220; dot_nav_custom_color=&#8220;rgba(0,0,0,0.25)&#8220; _builder_version=&#8220;4.27.2&#8243; header_font=&#8220;||||||||&#8220; header_text_align=&#8220;center&#8220; header_font_size=&#8220;30px&#8220; header_line_height=&#8220;1.5em&#8220; body_font=&#8220;||||||||&#8220; body_text_align=&#8220;left&#8220; body_font_size=&#8220;16px&#8220; body_line_height=&#8220;2em&#8220; meta_font=&#8220;|600|||||||&#8220; meta_text_color=&#8220;#ff6d29&#8243; background_color=&#8220;rgba(0,0,0,0)&#8220; custom_button=&#8220;on&#8220; button_text_size=&#8220;14px&#8220; button_text_color=&#8220;#3f3fff&#8220; button_border_width=&#8220;2px&#8220; button_border_color=&#8220;#3f3fff&#8220; button_border_radius=&#8220;0px&#8220; button_letter_spacing=&#8220;1px&#8220; button_font=&#8220;|700||on|||||&#8220; button_custom_padding=&#8220;16px|28px|16px|28px|true|true&#8220; background_layout=&#8220;light&#8220; custom_padding=&#8220;0px||90px||false|false&#8220; header_font_size_tablet=&#8220;30px&#8220; header_font_size_phone=&#8220;20px&#8220; header_font_size_last_edited=&#8220;on|phone&#8220; body_font_size_tablet=&#8220;&#8220; body_font_size_phone=&#8220;14px&#8220; body_font_size_last_edited=&#8220;on|desktop&#8220; body_line_height_tablet=&#8220;&#8220; body_line_height_phone=&#8220;1.6em&#8220; body_line_height_last_edited=&#8220;on|desktop&#8220; global_colors_info=&#8220;{}&#8220; button_text_size__hover_enabled=&#8220;off&#8220; button_text_color__hover_enabled=&#8220;off&#8220; button_bg_color__hover=&#8220;#ff8a3d&#8220; button_bg_color__hover_enabled=&#8220;off&#8220; button_border_width__hover_enabled=&#8220;off&#8220; button_border_color__hover=&#8220;#ff8a3d&#8220; button_border_color__hover_enabled=&#8220;off&#8220; button_border_radius__hover=&#8220;100px&#8220; button_border_radius__hover_enabled=&#8220;off&#8220; button_letter_spacing__hover=&#8220;5px&#8220; button_letter_spacing__hover_enabled=&#8220;off&#8220;][\/et_pb_post_slider][\/et_pb_column][\/et_pb_row][\/et_pb_section][et_pb_section fb_built=&#8220;1&#8243; _builder_version=&#8220;4.17.6&#8243; _module_preset=&#8220;default&#8220; global_colors_info=&#8220;{}&#8220;][et_pb_row _builder_version=&#8220;4.17.6&#8243; _module_preset=&#8220;default&#8220; global_colors_info=&#8220;{}&#8220;][et_pb_column type=&#8220;4_4&#8243; _builder_version=&#8220;4.17.6&#8243; _module_preset=&#8220;default&#8220; global_colors_info=&#8220;{}&#8220;][et_pb_blog posts_number=&#8220;6&#8243; include_categories=&#8220;27,20&#8243; show_thumbnail=&#8220;off&#8220; show_more=&#8220;on&#8220; _builder_version=&#8220;4.27.2&#8243; _module_preset=&#8220;default&#8220; global_colors_info=&#8220;{}&#8220;][\/et_pb_blog][\/et_pb_column][\/et_pb_row][\/et_pb_section][et_pb_section fb_built=&#8220;1&#8243; _builder_version=&#8220;4.18.0&#8243; _module_preset=&#8220;default&#8220; custom_padding=&#8220;4px||50px|||&#8220; saved_tabs=&#8220;all&#8220; global_colors_info=&#8220;{}&#8220;][et_pb_row _builder_version=&#8220;4.18.0&#8243; _module_preset=&#8220;default&#8220; global_colors_info=&#8220;{}&#8220;][et_pb_column type=&#8220;4_4&#8243; _builder_version=&#8220;4.18.0&#8243; _module_preset=&#8220;default&#8220; global_colors_info=&#8220;{}&#8220;][et_pb_text _builder_version=&#8220;4.27.2&#8243; _module_preset=&#8220;default&#8220; custom_padding=&#8220;|||20px|false|false&#8220; border_width_left=&#8220;5px&#8220; border_color_left=&#8220;#38b6ff&#8220; global_colors_info=&#8220;%91%93&#8243;]<\/p>\n<p><strong>ANZEIGE<\/strong><strong><\/strong><\/p>\n<p><strong>Sind Sie daran interessiert, mit Investitionen zu beginnen?<br \/><\/strong> eToro ist eine der bekanntesten Online-Handelsplattformen mit \u00fcber 30 Millionen Nutzern und steht an der Spitze unserer Top-5-B\u00f6rsenliste. Viele zus\u00e4tzliche Funktionen und innovative Tools waren ausschlaggebend daf\u00fcr, dass sie an der Spitze stehen. <\/p>\n<p>[\/et_pb_text][\/et_pb_column][\/et_pb_row][et_pb_row column_structure=&#8220;1_4,1_2,1_4&#8243; _builder_version=&#8220;4.18.0&#8243; _module_preset=&#8220;default&#8220; background_color=&#8220;#FFFFFF&#8220; custom_padding=&#8220;|15px||15px|false|false&#8220; box_shadow_style=&#8220;preset1&#8243; global_colors_info=&#8220;{}&#8220;][et_pb_column type=&#8220;1_4&#8243; _builder_version=&#8220;4.18.0&#8243; _module_preset=&#8220;default&#8220; global_colors_info=&#8220;{}&#8220;][dsm_text_badges main_text=&#8220; &#8220; badges_text=&#8220;Empfohlen&#8220; badges_background_color=&#8220;#00b800&#8243; _builder_version=&#8220;4.27.2&#8243; _module_preset=&#8220;default&#8220; badges_font=&#8220;Arial|600||on|||||&#8220; badges_text_color=&#8220;#FFFFFF&#8220; badges_letter_spacing=&#8220;1px&#8220; text_orientation=&#8220;center&#8220; global_colors_info=&#8220;{}&#8220;][\/dsm_text_badges][et_pb_image src=&#8220;https:\/\/chatagentlab.com\/wp-content\/uploads\/2025\/02\/etoro-logo.png&#8220; title_text=&#8220;etoro-logo&#8220; align=&#8220;center&#8220; _builder_version=&#8220;4.18.0&#8243; _module_preset=&#8220;default&#8220; custom_margin=&#8220;20px||||false|false&#8220; global_colors_info=&#8220;{}&#8220;][\/et_pb_image][\/et_pb_column][et_pb_column type=&#8220;1_2&#8243; _builder_version=&#8220;4.18.0&#8243; _module_preset=&#8220;default&#8220; global_colors_info=&#8220;{}&#8220;][et_pb_text _builder_version=&#8220;4.20.0&#8243; _module_preset=&#8220;default&#8220; global_colors_info=&#8220;%91%93&#8243;]<\/p>\n<p><span style=\"text-decoration: underline;\">Vorteile<\/span><\/p>\n<p><span>\u2714 <\/span>Registriert bei mehreren Finanzaufsichtsbeh\u00f6rden.<\/p>\n<p><span>\u2714 <\/span>Niedrige Geb\u00fchren.<\/p>\n<p><span>\u2714 Ist derzeit die benutzerfreundlichste Plattform auf dem Markt. Sie k\u00f6nnen in wenigen Minuten ein Konto er\u00f6ffnen und Ihren ersten Handel t\u00e4tigen. <\/span><\/p>\n<p><span>\u2714 Sichere und beliebte B\u00f6rse mit \u00fcber 30 Millionen registrierten Nutzern.<\/span><\/p>\n<p><span>\u2714 Bietet den Handel mit einer Vielzahl von Verm\u00f6genswerten an: Aktien, W\u00e4hrungen, Kryptow\u00e4hrungen, Rohstoffen, ETFs und Indizes.<\/span><\/p>\n<p>[\/et_pb_text][et_pb_text _builder_version=&#8220;4.20.0&#8243; _module_preset=&#8220;default&#8220; global_colors_info=&#8220;%91%93&#8243;]<\/p>\n<p><span style=\"text-decoration: underline;\">Nachteile<\/span><\/p>\n<p>Inaktivit\u00e4tsgeb\u00fchr von USD 10, wenn Sie sich innerhalb von 12 Monaten nicht anmelden<strong>. <\/strong><\/p>\n<p><strong>\u2717 <\/strong>Nur Ticket-Support, kein Telefon-Support.<\/p>\n<p>[\/et_pb_text][\/et_pb_column][et_pb_column type=&#8220;1_4&#8243; _builder_version=&#8220;4.18.0&#8243; _module_preset=&#8220;default&#8220; global_colors_info=&#8220;{}&#8220;][et_pb_button button_url=&#8220;https:\/\/med.etoro.com\/B12087_A67536_TClick_Sinvestortoplist.aspx&#8220; button_text=&#8220;eToro besuchen&#8220; button_alignment=&#8220;center&#8220; _builder_version=&#8220;4.20.0&#8243; _module_preset=&#8220;default&#8220; custom_button=&#8220;on&#8220; button_text_color=&#8220;#FFFFFF&#8220; button_bg_color=&#8220;#31e4c7&#8243; button_font=&#8220;Actor||||||||&#8220; button_icon_color=&#8220;#FFFFFF&#8220; custom_margin=&#8220;||0px||false|false&#8220; global_colors_info=&#8220;{}&#8220;][\/et_pb_button][et_pb_text disabled_on=&#8220;off|off|off&#8220; _builder_version=&#8220;4.27.2&#8243; background_color=&#8220;#EAEAEA&#8220; custom_margin=&#8220;18px|||||&#8220; custom_padding=&#8220;15px|15px|15px|15px&#8220; global_colors_info=&#8220;%91%93&#8243;]<\/p>\n<p style=\"text-align: left;\">Risikowarnung: 51% der nicht-professionellen CFD-Konten verlieren Geld.<\/p>\n<p>[\/et_pb_text][et_pb_code _builder_version=&#8220;4.22.2&#8243; _module_preset=&#8220;default&#8220; global_colors_info=&#8220;{}&#8220;]<script type=\"text\/javascript\" src=\"https:\/\/marketing.etorostatic.com\/ext\/latest\/js\/etoro.js\" async defer><\/script>[\/et_pb_code][\/et_pb_column][\/et_pb_row][et_pb_row _builder_version=&#8220;4.18.0&#8243; _module_preset=&#8220;default&#8220; custom_padding=&#8220;40px|||||&#8220; global_colors_info=&#8220;{}&#8220;][et_pb_column type=&#8220;4_4&#8243; _builder_version=&#8220;4.18.0&#8243; _module_preset=&#8220;default&#8220; global_colors_info=&#8220;{}&#8220;][et_pb_icon font_icon=&#8220;&#x3b;||divi||400&#8243; icon_color=&#8220;#31e4c7&#8243; icon_width=&#8220;40px&#8220; _builder_version=&#8220;4.18.0&#8243; _module_preset=&#8220;default&#8220; global_colors_info=&#8220;{}&#8220;][\/et_pb_icon][\/et_pb_column][\/et_pb_row][et_pb_row _builder_version=&#8220;4.18.0&#8243; _module_preset=&#8220;default&#8220; custom_padding=&#8220;5px|||||&#8220; global_colors_info=&#8220;{}&#8220;][et_pb_column type=&#8220;4_4&#8243; _builder_version=&#8220;4.18.0&#8243; _module_preset=&#8220;default&#8220; global_colors_info=&#8220;{}&#8220;][et_pb_text _builder_version=&#8220;4.27.2&#8243; background_color=&#8220;#eaeaea&#8220; custom_padding=&#8220;25px|25px|25px|25px&#8220; global_colors_info=&#8220;%91%93&#8243;]<em><span small=\"\"><strong>Risiko-Warnung:<\/strong> <\/span><\/em><\/p>\n<p>eToro ist eine Multi-Asset-Plattform, die sowohl Investitionen in Aktien und Kryptow\u00e4hrungen als auch den Handel mit CFDs anbietet.<\/p>\n<p>Bitte beachten Sie, dass CFDs komplexe Instrumente sind und aufgrund der Hebelwirkung ein hohes Risiko bergen, schnell Geld zu verlieren. 51% der Konten von Kleinanlegern verlieren Geld beim Handel mit CFDs bei diesem Anbieter. Sie sollten abw\u00e4gen, ob Sie die Funktionsweise von CFDs verstehen und ob Sie es sich leisten k\u00f6nnen, das hohe Risiko einzugehen, Ihr Geld zu verlieren.  <\/p>\n<p>Die fr\u00fchere Performance ist kein Hinweis auf zuk\u00fcnftige Ergebnisse. Die dargestellte Handelshistorie umfasst weniger als 5 vollst\u00e4ndige Jahre und reicht m\u00f6glicherweise nicht als Grundlage f\u00fcr eine Anlageentscheidung aus. <\/p>\n<p>Copy Trading ist ein Portfoliomanagement-Service, der von eToro (Europe) Ltd. angeboten wird, das von der zypriotischen Wertpapier- und B\u00f6rsenaufsichtsbeh\u00f6rde zugelassen ist und reguliert wird.<\/p>\n<p>Investitionen in Kryptow\u00e4hrungen sind sehr volatil und in einigen EU-L\u00e4ndern nicht reguliert. Kein Verbraucherschutz. Es k\u00f6nnen Steuern auf Gewinne anfallen.  <\/p>\n<p>eToro USA LLC bietet keine CFDs an und gibt keine Zusicherung und \u00fcbernimmt keine Haftung f\u00fcr die Richtigkeit oder Vollst\u00e4ndigkeit des Inhalts dieser Ver\u00f6ffentlichung, die von unserem Partner unter Verwendung \u00f6ffentlich zug\u00e4nglicher, nicht unternehmensspezifischer Informationen \u00fcber eToro erstellt wurde.[\/et_pb_text][\/et_pb_column][\/et_pb_row][\/et_pb_section]<\/p>\n","protected":false},"excerpt":{"rendered":"<p>EinblickeSch\u00e4rfere Einblicke f\u00fcr kl\u00fcgere Agenten.ANZEIGE Sind Sie daran interessiert, mit Investitionen zu beginnen? eToro ist eine der bekanntesten Online-Handelsplattformen mit \u00fcber 30 Millionen Nutzern und steht an der Spitze unserer Top-5-B\u00f6rsenliste. Viele zus\u00e4tzliche Funktionen und innovative Tools waren ausschlaggebend daf\u00fcr, dass sie an der Spitze stehen. <div class=\"et_pb_module dsm_text_badges dsm_text_badges_0  et_pb_bg_layout_light\">\n\t\t\t\t\n\t\t\t\t\n\t\t\t\t\n\t\t\t\t\n\t\t\t\t\n\t\t\t\t\n\t\t\t\t<div class=\"et_pb_module_inner\">\n\t\t\t\t\t<h4 class=\"dsm-text-badges et_pb_module_header\"><span class=\"dsm-text-badges-main\">&#8220;<\/span><span class=\"dsm-badges dsm-badges-after\">&#8220;Empfohlen&#8220;<\/span><\/h4>\n\t\t\t\t<\/div>\n\t\t\t<\/div><\/p>\n","protected":false},"author":1,"featured_media":0,"parent":0,"menu_order":0,"comment_status":"closed","ping_status":"closed","template":"","meta":{"_et_pb_use_builder":"on","_et_pb_old_content":"","_et_gb_content_width":"","inline_featured_image":false,"footnotes":""},"class_list":["post-933919","page","type-page","status-publish","hentry"],"_links":{"self":[{"href":"https:\/\/chatagentlab.com\/de\/wp-json\/wp\/v2\/pages\/933919","targetHints":{"allow":["GET"]}}],"collection":[{"href":"https:\/\/chatagentlab.com\/de\/wp-json\/wp\/v2\/pages"}],"about":[{"href":"https:\/\/chatagentlab.com\/de\/wp-json\/wp\/v2\/types\/page"}],"author":[{"embeddable":true,"href":"https:\/\/chatagentlab.com\/de\/wp-json\/wp\/v2\/users\/1"}],"replies":[{"embeddable":true,"href":"https:\/\/chatagentlab.com\/de\/wp-json\/wp\/v2\/comments?post=933919"}],"version-history":[{"count":2,"href":"https:\/\/chatagentlab.com\/de\/wp-json\/wp\/v2\/pages\/933919\/revisions"}],"predecessor-version":[{"id":933921,"href":"https:\/\/chatagentlab.com\/de\/wp-json\/wp\/v2\/pages\/933919\/revisions\/933921"}],"wp:attachment":[{"href":"https:\/\/chatagentlab.com\/de\/wp-json\/wp\/v2\/media?parent=933919"}],"curies":[{"name":"wp","href":"https:\/\/api.w.org\/{rel}","templated":true}]}}