{"id":933543,"date":"2025-02-25T17:12:03","date_gmt":"2025-02-25T17:12:03","guid":{"rendered":"https:\/\/chatagentlab.com\/delete-my-information\/"},"modified":"2025-04-05T10:29:13","modified_gmt":"2025-04-05T10:29:13","slug":"delete-my-information","status":"publish","type":"page","link":"https:\/\/chatagentlab.com\/de\/delete-my-information\/","title":{"rendered":"Meine Informationen l\u00f6schen"},"content":{"rendered":"<p>[et_pb_section fb_built=&#8220;1&#8243; admin_label=&#8220;Courses Hero&#8220; _builder_version=&#8220;4.17.6&#8243; background_image=&#8220;https:\/\/chatagentlab.com\/wp-content\/uploads\/2024\/11\/coding-background-texture-1.jpg&#8220; background_blend=&#8220;overlay&#8220; custom_padding=&#8220;100px|0px|180px|0px&#8220; animation_style=&#8220;slide&#8220; animation_direction=&#8220;top&#8220; animation_intensity_slide=&#8220;2%&#8220; locked=&#8220;off&#8220; global_colors_info=&#8220;{}&#8220;][et_pb_row _builder_version=&#8220;4.16&#8243; background_size=&#8220;initial&#8220; background_position=&#8220;top_left&#8220; background_repeat=&#8220;repeat&#8220; custom_margin=&#8220;|||&#8220; custom_width_px=&#8220;1280px&#8220; global_colors_info=&#8220;{}&#8220;][et_pb_column type=&#8220;4_4&#8243; _builder_version=&#8220;4.16&#8243; custom_padding=&#8220;|||&#8220; global_colors_info=&#8220;{}&#8220; custom_padding__hover=&#8220;|||&#8220;][et_pb_text _builder_version=&#8220;4.27.4&#8243; header_font=&#8220;|on|||&#8220; header_font_size=&#8220;36px&#8220; header_line_height=&#8220;1.2em&#8220; background_size=&#8220;initial&#8220; background_position=&#8220;top_left&#8220; background_repeat=&#8220;repeat&#8220; text_orientation=&#8220;center&#8220; max_width=&#8220;530px&#8220; module_alignment=&#8220;center&#8220; custom_padding=&#8220;|||&#8220; header_font_size_tablet=&#8220;30px&#8220; header_font_size_phone=&#8220;25px&#8220; header_font_size_last_edited=&#8220;on|phone&#8220; locked=&#8220;off&#8220; global_colors_info=&#8220;{}&#8220;]<\/p>\n<h1>Meine Informationen l\u00f6schen<\/h1>\n<p>&nbsp;<\/p>\n<p>[\/et_pb_text][et_pb_divider color=&#8220;#09e1c0&#8243; divider_weight=&#8220;1px&#8220; disabled_on=&#8220;off|off|off&#8220; _builder_version=&#8220;4.17.6&#8243; background_size=&#8220;initial&#8220; background_position=&#8220;top_left&#8220; background_repeat=&#8220;repeat&#8220; max_width=&#8220;100px&#8220; module_alignment=&#8220;center&#8220; custom_margin=&#8220;||10px|&#8220; animation_style=&#8220;zoom&#8220; animation_direction=&#8220;left&#8220; saved_tabs=&#8220;all&#8220; locked=&#8220;off&#8220; global_colors_info=&#8220;{}&#8220;][\/et_pb_divider][et_pb_text _builder_version=&#8220;4.27.4&#8243; text_line_height=&#8220;1.9em&#8220; background_size=&#8220;initial&#8220; background_position=&#8220;top_left&#8220; background_repeat=&#8220;repeat&#8220; text_orientation=&#8220;center&#8220; max_width=&#8220;540px&#8220; module_alignment=&#8220;center&#8220; custom_padding=&#8220;0px|||||&#8220; hover_enabled=&#8220;0&#8243; z_index_tablet=&#8220;500&#8243; text_text_shadow_horizontal_length_tablet=&#8220;0px&#8220; text_text_shadow_vertical_length_tablet=&#8220;0px&#8220; text_text_shadow_blur_strength_tablet=&#8220;1px&#8220; link_text_shadow_horizontal_length_tablet=&#8220;0px&#8220; link_text_shadow_vertical_length_tablet=&#8220;0px&#8220; link_text_shadow_blur_strength_tablet=&#8220;1px&#8220; ul_text_shadow_horizontal_length_tablet=&#8220;0px&#8220; ul_text_shadow_vertical_length_tablet=&#8220;0px&#8220; ul_text_shadow_blur_strength_tablet=&#8220;1px&#8220; ol_text_shadow_horizontal_length_tablet=&#8220;0px&#8220; ol_text_shadow_vertical_length_tablet=&#8220;0px&#8220; ol_text_shadow_blur_strength_tablet=&#8220;1px&#8220; quote_text_shadow_horizontal_length_tablet=&#8220;0px&#8220; quote_text_shadow_vertical_length_tablet=&#8220;0px&#8220; quote_text_shadow_blur_strength_tablet=&#8220;1px&#8220; header_text_shadow_horizontal_length_tablet=&#8220;0px&#8220; header_text_shadow_vertical_length_tablet=&#8220;0px&#8220; header_text_shadow_blur_strength_tablet=&#8220;1px&#8220; header_2_text_shadow_horizontal_length_tablet=&#8220;0px&#8220; header_2_text_shadow_vertical_length_tablet=&#8220;0px&#8220; header_2_text_shadow_blur_strength_tablet=&#8220;1px&#8220; header_3_text_shadow_horizontal_length_tablet=&#8220;0px&#8220; header_3_text_shadow_vertical_length_tablet=&#8220;0px&#8220; header_3_text_shadow_blur_strength_tablet=&#8220;1px&#8220; header_4_text_shadow_horizontal_length_tablet=&#8220;0px&#8220; header_4_text_shadow_vertical_length_tablet=&#8220;0px&#8220; header_4_text_shadow_blur_strength_tablet=&#8220;1px&#8220; header_5_text_shadow_horizontal_length_tablet=&#8220;0px&#8220; header_5_text_shadow_vertical_length_tablet=&#8220;0px&#8220; header_5_text_shadow_blur_strength_tablet=&#8220;1px&#8220; header_6_text_shadow_horizontal_length_tablet=&#8220;0px&#8220; header_6_text_shadow_vertical_length_tablet=&#8220;0px&#8220; header_6_text_shadow_blur_strength_tablet=&#8220;1px&#8220; box_shadow_horizontal_tablet=&#8220;0px&#8220; box_shadow_vertical_tablet=&#8220;0px&#8220; box_shadow_blur_tablet=&#8220;40px&#8220; box_shadow_spread_tablet=&#8220;0px&#8220; locked=&#8220;off&#8220; global_colors_info=&#8220;{}&#8220; sticky_enabled=&#8220;0&#8243;]<\/p>\n<p style=\"text-align: left;\"><strong>Hier k\u00f6nnen Sie beantragen, dass alle Ihre Daten gel\u00f6scht werden.<\/strong><\/p>\n<p style=\"text-align: left;\">Nach den neuen GDPR-Vorschriften haben Sie das Recht, Ihre gespeicherten Daten zu l\u00f6schen. F\u00fcllen Sie das unten stehende Formular aus, um Ihre Daten l\u00f6schen zu lassen. Wir werden dies so schnell wie m\u00f6glich bearbeiten.  <\/p>\n<p>[\/et_pb_text][et_pb_text _builder_version=&#8220;4.27.4&#8243; z_index_tablet=&#8220;500&#8243; text_text_shadow_horizontal_length_tablet=&#8220;0px&#8220; text_text_shadow_vertical_length_tablet=&#8220;0px&#8220; text_text_shadow_blur_strength_tablet=&#8220;1px&#8220; link_text_shadow_horizontal_length_tablet=&#8220;0px&#8220; link_text_shadow_vertical_length_tablet=&#8220;0px&#8220; link_text_shadow_blur_strength_tablet=&#8220;1px&#8220; ul_text_shadow_horizontal_length_tablet=&#8220;0px&#8220; ul_text_shadow_vertical_length_tablet=&#8220;0px&#8220; ul_text_shadow_blur_strength_tablet=&#8220;1px&#8220; ol_text_shadow_horizontal_length_tablet=&#8220;0px&#8220; ol_text_shadow_vertical_length_tablet=&#8220;0px&#8220; ol_text_shadow_blur_strength_tablet=&#8220;1px&#8220; quote_text_shadow_horizontal_length_tablet=&#8220;0px&#8220; quote_text_shadow_vertical_length_tablet=&#8220;0px&#8220; quote_text_shadow_blur_strength_tablet=&#8220;1px&#8220; header_text_shadow_horizontal_length_tablet=&#8220;0px&#8220; header_text_shadow_vertical_length_tablet=&#8220;0px&#8220; header_text_shadow_blur_strength_tablet=&#8220;1px&#8220; header_2_text_shadow_horizontal_length_tablet=&#8220;0px&#8220; header_2_text_shadow_vertical_length_tablet=&#8220;0px&#8220; header_2_text_shadow_blur_strength_tablet=&#8220;1px&#8220; header_3_text_shadow_horizontal_length_tablet=&#8220;0px&#8220; header_3_text_shadow_vertical_length_tablet=&#8220;0px&#8220; header_3_text_shadow_blur_strength_tablet=&#8220;1px&#8220; header_4_text_shadow_horizontal_length_tablet=&#8220;0px&#8220; header_4_text_shadow_vertical_length_tablet=&#8220;0px&#8220; header_4_text_shadow_blur_strength_tablet=&#8220;1px&#8220; header_5_text_shadow_horizontal_length_tablet=&#8220;0px&#8220; header_5_text_shadow_vertical_length_tablet=&#8220;0px&#8220; header_5_text_shadow_blur_strength_tablet=&#8220;1px&#8220; header_6_text_shadow_horizontal_length_tablet=&#8220;0px&#8220; header_6_text_shadow_vertical_length_tablet=&#8220;0px&#8220; header_6_text_shadow_blur_strength_tablet=&#8220;1px&#8220; box_shadow_horizontal_tablet=&#8220;0px&#8220; box_shadow_vertical_tablet=&#8220;0px&#8220; box_shadow_blur_tablet=&#8220;40px&#8220; box_shadow_spread_tablet=&#8220;0px&#8220; global_colors_info=&#8220;{}&#8220;]<\/p>\n<div class=\"frm_forms  with_frm_style frm_style_divi\" id=\"frm_form_13_container\" >\n<form enctype=\"multipart\/form-data\" method=\"post\" class=\"frm-show-form  frm_pro_form \" id=\"form_rseex\" >\n<div class=\"frm_form_fields \">\n<fieldset>\n<legend class=\"frm_screen_reader\">Delete my information<\/legend>\r\n\r\n<div class=\"frm_fields_container\">\n<input type=\"hidden\" name=\"frm_action\" value=\"create\" \/>\n<input type=\"hidden\" name=\"form_id\" value=\"13\" \/>\n<input type=\"hidden\" name=\"frm_hide_fields_13\" id=\"frm_hide_fields_13\" value=\"\" \/>\n<input type=\"hidden\" name=\"form_key\" value=\"rseex\" \/>\n<input type=\"hidden\" name=\"item_meta[0]\" value=\"\" \/>\n<input type=\"hidden\" id=\"frm_submit_entry_13\" name=\"frm_submit_entry_13\" value=\"f26fad1628\" \/><input type=\"hidden\" name=\"_wp_http_referer\" value=\"\/de\/wp-json\/wp\/v2\/pages\/933543\" \/><div id=\"frm_field_164_container\" class=\"frm_form_field form-field  frm_required_field frm_top_container vertical_radio\">\r\n    <label for=\"field_6o366\" class=\"frm_primary_label\">Who do you represent\r\n        <span class=\"frm_required\">*<\/span>\r\n    <\/label>\r\n    <div class=\"frm_opt_container\">\t\t<div class=\"frm_radio\" id=\"frm_radio_164-0\">\t\t\t<label  for=\"field_6o366-0\">\n\t\t\t\t\t<input type=\"radio\" name=\"item_meta[164]\" id=\"field_6o366-0\" value=\"Individual\"\n\t\t data-reqmsg=\"Who do you represent cannot be blank.\" data-invmsg=\"Who do you represent ist ung\u00fcltig\"   \/> Individual<\/label><\/div>\n\t\t<div class=\"frm_radio\" id=\"frm_radio_164-1\">\t\t\t<label  for=\"field_6o366-1\">\n\t\t\t\t\t<input type=\"radio\" name=\"item_meta[164]\" id=\"field_6o366-1\" value=\"Company\"\n\t\t data-reqmsg=\"Who do you represent cannot be blank.\" data-invmsg=\"Who do you represent ist ung\u00fcltig\"   \/> Company<\/label><\/div>\n<\/div>\r\n    \r\n    \r\n<\/div>\n<div id=\"frm_field_165_container\" class=\"frm_form_field form-field  frm_required_field frm_inside_container frm_first frm_half\">\r\n    <label for=\"field_gw5r9\" class=\"frm_primary_label\">Email\r\n        <span class=\"frm_required\">*<\/span>\r\n    <\/label>\r\n    <input type=\"email\" id=\"field_gw5r9\" name=\"item_meta[165]\" value=\"\"  placeholder=\"The email you have used on our website *\" data-reqmsg=\"Email cannot be blank.\" aria-required=\"true\" data-invmsg=\"E-post is invalid\" aria-invalid=\"false\"  \/>\r\n    \r\n    \r\n<\/div>\n<div id=\"frm_field_166_container\" class=\"frm_form_field form-field  frm_required_field frm_inside_container frm_first frm_half\">\r\n    <label for=\"field_yhgd7\" class=\"frm_primary_label\">Firstname\r\n        <span class=\"frm_required\">*<\/span>\r\n    <\/label>\r\n    <input  type=\"text\" id=\"field_yhgd7\" name=\"item_meta[166]\" value=\"\"  placeholder=\"Firstname *\" data-reqmsg=\"Firstname cannot be blank.\" aria-required=\"true\" data-invmsg=\"Tekst is invalid\" aria-invalid=\"false\"   \/>\r\n    \r\n    \r\n<\/div>\n<div id=\"frm_field_167_container\" class=\"frm_form_field form-field  frm_required_field frm_inside_container frm_half\">\r\n    <label for=\"field_33rkl\" class=\"frm_primary_label\">Lastname\r\n        <span class=\"frm_required\">*<\/span>\r\n    <\/label>\r\n    <input  type=\"text\" id=\"field_33rkl\" name=\"item_meta[167]\" value=\"\"  placeholder=\"Lastname *\" data-reqmsg=\"Lastname cannot be blank.\" aria-required=\"true\" data-invmsg=\"Tekst is invalid\" aria-invalid=\"false\"   \/>\r\n    \r\n    \r\n<\/div>\n<div id=\"frm_field_168_container\" class=\"frm_form_field form-field  frm_required_field frm_inside_container frm_first frm_half\">\r\n    <label for=\"field_u0vfh\" class=\"frm_primary_label\">Company name\r\n        <span class=\"frm_required\">*<\/span>\r\n    <\/label>\r\n    <input  type=\"text\" id=\"field_u0vfh\" name=\"item_meta[168]\" value=\"\"  placeholder=\"Company name *\" data-reqmsg=\"Company name cannot be blank.\" aria-required=\"true\" data-invmsg=\"Tekst is invalid\" aria-invalid=\"false\"   \/>\r\n    \r\n    \r\n<\/div>\n<div id=\"frm_field_169_container\" class=\"frm_form_field form-field  frm_required_field frm_inside_container frm_half\">\r\n    <label for=\"field_qxnch\" class=\"frm_primary_label\">Organization number\r\n        <span class=\"frm_required\">*<\/span>\r\n    <\/label>\r\n    <input  type=\"text\" id=\"field_qxnch\" name=\"item_meta[169]\" value=\"\"  placeholder=\"Organization number *\" data-reqmsg=\"Organization number cannot be blank.\" aria-required=\"true\" data-invmsg=\"Tekst is invalid\" aria-invalid=\"false\"   \/>\r\n    \r\n    \r\n<\/div>\n<div id=\"frm_field_170_container\" class=\"frm_form_field form-field  frm_required_field frm_top_container vertical_radio\">\r\n    <label for=\"field_zp6ap\" class=\"frm_primary_label\">Are you in a position where you can sign for the company\r\n        <span class=\"frm_required\">*<\/span>\r\n    <\/label>\r\n    <div class=\"frm_opt_container\">\t\t<div class=\"frm_checkbox\" id=\"frm_checkbox_170-0\">\t\t\t<label  for=\"field_zp6ap-0\">\n\t\t\t<input type=\"checkbox\" name=\"item_meta[170][]\" id=\"field_zp6ap-0\" value=\"Yes\"  data-reqmsg=\"Are you in a position where you can sign for the company cannot be blank.\" data-invmsg=\"Are you in a position where you can sign for the company ist ung\u00fcltig\"   aria-required=\"true\"  \/> Yes<\/label><\/div>\n<\/div>\r\n    \r\n    \r\n<\/div>\n<div id=\"frm_field_171_container\" class=\"frm_form_field form-field  frm_required_field frm_top_container frm_first frm_half\">\r\n    <label for=\"field_b562\" class=\"frm_primary_label\">Which role do you have in the company?\r\n        <span class=\"frm_required\">*<\/span>\r\n    <\/label>\r\n    <input  type=\"text\" id=\"field_b562\" name=\"item_meta[171]\" value=\"\"  data-reqmsg=\"Which role do you have in the company? cannot be blank.\" aria-required=\"true\" data-invmsg=\"Tekst is invalid\" aria-invalid=\"false\"   \/>\r\n    \r\n    \r\n<\/div>\n<div id=\"frm_field_172_container\" class=\"frm_form_field form-field  frm_required_field frm_top_container vertical_radio\">\r\n    <label for=\"field_lona7\" class=\"frm_primary_label\">Are you sure that you want all your information deleted from our database?\r\n        <span class=\"frm_required\">*<\/span>\r\n    <\/label>\r\n    <div class=\"frm_opt_container\">\t\t<div class=\"frm_checkbox\" id=\"frm_checkbox_172-0\">\t\t\t<label  for=\"field_lona7-0\">\n\t\t\t<input type=\"checkbox\" name=\"item_meta[172][]\" id=\"field_lona7-0\" value=\"Yes\"  data-reqmsg=\"Are you sure that you want all your information deleted from our database? cannot be blank.\" data-invmsg=\"Are you sure that you want all your information deleted from our database? ist ung\u00fcltig\"   aria-required=\"true\"  \/> Yes<\/label><\/div>\n<\/div>\r\n    \r\n    \r\n<\/div>\n<div id=\"frm_field_173_container\" class=\"frm_form_field form-field  frm_required_field frm_top_container vertical_radio\">\r\n    <label for=\"field_jkgqt\" class=\"frm_primary_label\">Are you sure that you want all the information related to the company deleted from our database?\r\n        <span class=\"frm_required\">*<\/span>\r\n    <\/label>\r\n    <div class=\"frm_opt_container\">\t\t<div class=\"frm_checkbox\" id=\"frm_checkbox_173-0\">\t\t\t<label  for=\"field_jkgqt-0\">\n\t\t\t<input type=\"checkbox\" name=\"item_meta[173][]\" id=\"field_jkgqt-0\" value=\"Yes\"  data-reqmsg=\"Are you sure that you want all the information related to the company deleted from our database? cannot be blank.\" data-invmsg=\"Are you sure that you want all the information related to the company deleted from our database? ist ung\u00fcltig\"   aria-required=\"true\"  \/> Yes<\/label><\/div>\n<\/div>\r\n    \r\n    \r\n<\/div>\n<div id=\"frm_field_174_container\" class=\"frm_form_field form-field  frm_none_container\">\n    <label for=\"g-recaptcha-response\" id=\"field_ahrj8_label\" class=\"frm_primary_label\">reCAPTCHA\n        <span class=\"frm_required\"><\/span>\n    <\/label>\n    \n    \n    \n<\/div>\n<div id=\"frm_field_175_container\" class=\"frm_form_field form-field \">\n\t<div class=\"frm_submit\">\r\n\r\n<button class=\"frm_button_submit frm_final_submit\" type=\"submit\"   formnovalidate=\"formnovalidate\">Send<\/button>\r\n\r\n<\/div>\n<\/div>\n\t<input type=\"hidden\" name=\"item_key\" value=\"\" \/>\n\t\t\t<div id=\"frm_field_241_container\">\n\t\t\t<label for=\"field_z9taj\" >\n\t\t\t\tFalls Du menschlich bist, lasse dieses Feld leer.\t\t\t<\/label>\n\t\t\t<input  id=\"field_z9taj\" type=\"text\" class=\"frm_form_field form-field frm_verify\" name=\"item_meta[241]\" value=\"\"  \/>\n\t\t<\/div>\n\t\t<input name=\"frm_state\" type=\"hidden\" value=\"6JocbdNS8oxTNi342bd\/E4AB3Bc28kJ5z5MxHJpuLinaaxnukWK1OO\/4tyleIAXp\" \/><\/div>\n<\/fieldset>\n<\/div>\n\n<\/form>\n<\/div>\n\n<p>[\/et_pb_text][\/et_pb_column][\/et_pb_row][\/et_pb_section]<\/p>\n","protected":false},"excerpt":{"rendered":"<p>Meine Informationen l\u00f6schen &nbsp;Hier k\u00f6nnen Sie beantragen, dass alle Ihre Daten gel\u00f6scht werden. Nach den neuen GDPR-Vorschriften haben Sie das Recht, Ihre gespeicherten Daten zu l\u00f6schen. F\u00fcllen Sie das unten stehende Formular aus, um Ihre Daten l\u00f6schen zu lassen. Wir werden dies so schnell wie m\u00f6glich bearbeiten. <div class=\"frm_forms  with_frm_style frm_style_divi\" id=\"frm_form_13_container\" >\n<form enctype=\"multipart\/form-data\" method=\"post\" class=\"frm-show-form  frm_pro_form \" id=\"form_rseex\" >\n<div class=\"frm_form_fields \">\n<fieldset>\n<legend class=\"frm_screen_reader\">Delete my information<\/legend>\r\n\r\n<div class=\"frm_fields_container\">\n<input type=\"hidden\" name=\"frm_action\" value=\"create\" \/>\n<input type=\"hidden\" name=\"form_id\" value=\"13\" \/>\n<input type=\"hidden\" name=\"frm_hide_fields_13\" id=\"frm_hide_fields_13\" value=\"\" \/>\n<input type=\"hidden\" name=\"form_key\" value=\"rseex\" \/>\n<input type=\"hidden\" name=\"item_meta[0]\" value=\"\" \/>\n<input type=\"hidden\" id=\"frm_submit_entry_13\" name=\"frm_submit_entry_13\" value=\"f26fad1628\" \/><input type=\"hidden\" name=\"_wp_http_referer\" value=\"\/de\/wp-json\/wp\/v2\/pages\/933543\" \/><div id=\"frm_field_164_container\" class=\"frm_form_field form-field  frm_required_field frm_top_container vertical_radio\">\r\n    <label for=\"field_6o366\" class=\"frm_primary_label\">Who do you represent\r\n        <span class=\"frm_required\">*<\/span>\r\n    <\/label>\r\n    <div class=\"frm_opt_container\">\t\t<div class=\"frm_radio\" id=\"frm_radio_164-0\">\t\t\t<label  for=\"field_6o366-0\">\n\t\t\t\t\t<input type=\"radio\" name=\"item_meta[164]\" id=\"field_6o366-0\" value=\"Individual\"\n\t\t data-reqmsg=\"Who do you represent cannot be blank.\" data-invmsg=\"Who do you represent ist ung\u00fcltig\"   \/> Individual<\/label><\/div>\n\t\t<div class=\"frm_radio\" id=\"frm_radio_164-1\">\t\t\t<label  for=\"field_6o366-1\">\n\t\t\t\t\t<input type=\"radio\" name=\"item_meta[164]\" id=\"field_6o366-1\" value=\"Company\"\n\t\t data-reqmsg=\"Who do you represent cannot be blank.\" data-invmsg=\"Who do you represent ist ung\u00fcltig\"   \/> Company<\/label><\/div>\n<\/div>\r\n    \r\n    \r\n<\/div>\n<div id=\"frm_field_165_container\" class=\"frm_form_field form-field  frm_required_field frm_inside_container frm_first frm_half\">\r\n    <label for=\"field_gw5r9\" class=\"frm_primary_label\">Email\r\n        <span class=\"frm_required\">*<\/span>\r\n    <\/label>\r\n    <input type=\"email\" id=\"field_gw5r9\" name=\"item_meta[165]\" value=\"\"  placeholder=\"The email you have used on our website *\" data-reqmsg=\"Email cannot be blank.\" aria-required=\"true\" data-invmsg=\"E-post is invalid\" aria-invalid=\"false\"  \/>\r\n    \r\n    \r\n<\/div>\n<div id=\"frm_field_166_container\" class=\"frm_form_field form-field  frm_required_field frm_inside_container frm_first frm_half\">\r\n    <label for=\"field_yhgd7\" class=\"frm_primary_label\">Firstname\r\n        <span class=\"frm_required\">*<\/span>\r\n    <\/label>\r\n    <input  type=\"text\" id=\"field_yhgd7\" name=\"item_meta[166]\" value=\"\"  placeholder=\"Firstname *\" data-reqmsg=\"Firstname cannot be blank.\" aria-required=\"true\" data-invmsg=\"Tekst is invalid\" aria-invalid=\"false\"   \/>\r\n    \r\n    \r\n<\/div>\n<div id=\"frm_field_167_container\" class=\"frm_form_field form-field  frm_required_field frm_inside_container frm_half\">\r\n    <label for=\"field_33rkl\" class=\"frm_primary_label\">Lastname\r\n        <span class=\"frm_required\">*<\/span>\r\n    <\/label>\r\n    <input  type=\"text\" id=\"field_33rkl\" name=\"item_meta[167]\" value=\"\"  placeholder=\"Lastname *\" data-reqmsg=\"Lastname cannot be blank.\" aria-required=\"true\" data-invmsg=\"Tekst is invalid\" aria-invalid=\"false\"   \/>\r\n    \r\n    \r\n<\/div>\n<div id=\"frm_field_168_container\" class=\"frm_form_field form-field  frm_required_field frm_inside_container frm_first frm_half\">\r\n    <label for=\"field_u0vfh\" class=\"frm_primary_label\">Company name\r\n        <span class=\"frm_required\">*<\/span>\r\n    <\/label>\r\n    <input  type=\"text\" id=\"field_u0vfh\" name=\"item_meta[168]\" value=\"\"  placeholder=\"Company name *\" data-reqmsg=\"Company name cannot be blank.\" aria-required=\"true\" data-invmsg=\"Tekst is invalid\" aria-invalid=\"false\"   \/>\r\n    \r\n    \r\n<\/div>\n<div id=\"frm_field_169_container\" class=\"frm_form_field form-field  frm_required_field frm_inside_container frm_half\">\r\n    <label for=\"field_qxnch\" class=\"frm_primary_label\">Organization number\r\n        <span class=\"frm_required\">*<\/span>\r\n    <\/label>\r\n    <input  type=\"text\" id=\"field_qxnch\" name=\"item_meta[169]\" value=\"\"  placeholder=\"Organization number *\" data-reqmsg=\"Organization number cannot be blank.\" aria-required=\"true\" data-invmsg=\"Tekst is invalid\" aria-invalid=\"false\"   \/>\r\n    \r\n    \r\n<\/div>\n<div id=\"frm_field_170_container\" class=\"frm_form_field form-field  frm_required_field frm_top_container vertical_radio\">\r\n    <label for=\"field_zp6ap\" class=\"frm_primary_label\">Are you in a position where you can sign for the company\r\n        <span class=\"frm_required\">*<\/span>\r\n    <\/label>\r\n    <div class=\"frm_opt_container\">\t\t<div class=\"frm_checkbox\" id=\"frm_checkbox_170-0\">\t\t\t<label  for=\"field_zp6ap-0\">\n\t\t\t<input type=\"checkbox\" name=\"item_meta[170][]\" id=\"field_zp6ap-0\" value=\"Yes\"  data-reqmsg=\"Are you in a position where you can sign for the company cannot be blank.\" data-invmsg=\"Are you in a position where you can sign for the company ist ung\u00fcltig\"   aria-required=\"true\"  \/> Yes<\/label><\/div>\n<\/div>\r\n    \r\n    \r\n<\/div>\n<div id=\"frm_field_171_container\" class=\"frm_form_field form-field  frm_required_field frm_top_container frm_first frm_half\">\r\n    <label for=\"field_b562\" class=\"frm_primary_label\">Which role do you have in the company?\r\n        <span class=\"frm_required\">*<\/span>\r\n    <\/label>\r\n    <input  type=\"text\" id=\"field_b562\" name=\"item_meta[171]\" value=\"\"  data-reqmsg=\"Which role do you have in the company? cannot be blank.\" aria-required=\"true\" data-invmsg=\"Tekst is invalid\" aria-invalid=\"false\"   \/>\r\n    \r\n    \r\n<\/div>\n<div id=\"frm_field_172_container\" class=\"frm_form_field form-field  frm_required_field frm_top_container vertical_radio\">\r\n    <label for=\"field_lona7\" class=\"frm_primary_label\">Are you sure that you want all your information deleted from our database?\r\n        <span class=\"frm_required\">*<\/span>\r\n    <\/label>\r\n    <div class=\"frm_opt_container\">\t\t<div class=\"frm_checkbox\" id=\"frm_checkbox_172-0\">\t\t\t<label  for=\"field_lona7-0\">\n\t\t\t<input type=\"checkbox\" name=\"item_meta[172][]\" id=\"field_lona7-0\" value=\"Yes\"  data-reqmsg=\"Are you sure that you want all your information deleted from our database? cannot be blank.\" data-invmsg=\"Are you sure that you want all your information deleted from our database? ist ung\u00fcltig\"   aria-required=\"true\"  \/> Yes<\/label><\/div>\n<\/div>\r\n    \r\n    \r\n<\/div>\n<div id=\"frm_field_173_container\" class=\"frm_form_field form-field  frm_required_field frm_top_container vertical_radio\">\r\n    <label for=\"field_jkgqt\" class=\"frm_primary_label\">Are you sure that you want all the information related to the company deleted from our database?\r\n        <span class=\"frm_required\">*<\/span>\r\n    <\/label>\r\n    <div class=\"frm_opt_container\">\t\t<div class=\"frm_checkbox\" id=\"frm_checkbox_173-0\">\t\t\t<label  for=\"field_jkgqt-0\">\n\t\t\t<input type=\"checkbox\" name=\"item_meta[173][]\" id=\"field_jkgqt-0\" value=\"Yes\"  data-reqmsg=\"Are you sure that you want all the information related to the company deleted from our database? cannot be blank.\" data-invmsg=\"Are you sure that you want all the information related to the company deleted from our database? ist ung\u00fcltig\"   aria-required=\"true\"  \/> Yes<\/label><\/div>\n<\/div>\r\n    \r\n    \r\n<\/div>\n<div id=\"frm_field_174_container\" class=\"frm_form_field form-field  frm_none_container\">\n    <label for=\"g-recaptcha-response\" id=\"field_ahrj8_label\" class=\"frm_primary_label\">reCAPTCHA\n        <span class=\"frm_required\"><\/span>\n    <\/label>\n    \n    \n    \n<\/div>\n<div id=\"frm_field_175_container\" class=\"frm_form_field form-field \">\n\t<div class=\"frm_submit\">\r\n\r\n<button class=\"frm_button_submit frm_final_submit\" type=\"submit\"   formnovalidate=\"formnovalidate\">Send<\/button>\r\n\r\n<\/div>\n<\/div>\n\t<input type=\"hidden\" name=\"item_key\" value=\"\" \/>\n\t\t\t<div id=\"frm_field_242_container\">\n\t\t\t<label for=\"field_wgyce\" >\n\t\t\t\tFalls Du menschlich bist, lasse dieses Feld leer.\t\t\t<\/label>\n\t\t\t<input  id=\"field_wgyce\" type=\"text\" class=\"frm_form_field form-field frm_verify\" name=\"item_meta[242]\" value=\"\"  \/>\n\t\t<\/div>\n\t\t<input name=\"frm_state\" type=\"hidden\" value=\"6JocbdNS8oxTNi342bd\/E4AB3Bc28kJ5z5MxHJpuLimg7YKpKkPciZWaxBjTGDhw\" \/><\/div>\n<\/fieldset>\n<\/div>\n\n<\/form>\n<\/div>\n<\/p>\n","protected":false},"author":1,"featured_media":0,"parent":0,"menu_order":0,"comment_status":"closed","ping_status":"closed","template":"","meta":{"_et_pb_use_builder":"on","_et_pb_old_content":"","_et_gb_content_width":"","inline_featured_image":false,"footnotes":""},"class_list":["post-933543","page","type-page","status-publish","hentry"],"_links":{"self":[{"href":"https:\/\/chatagentlab.com\/de\/wp-json\/wp\/v2\/pages\/933543","targetHints":{"allow":["GET"]}}],"collection":[{"href":"https:\/\/chatagentlab.com\/de\/wp-json\/wp\/v2\/pages"}],"about":[{"href":"https:\/\/chatagentlab.com\/de\/wp-json\/wp\/v2\/types\/page"}],"author":[{"embeddable":true,"href":"https:\/\/chatagentlab.com\/de\/wp-json\/wp\/v2\/users\/1"}],"replies":[{"embeddable":true,"href":"https:\/\/chatagentlab.com\/de\/wp-json\/wp\/v2\/comments?post=933543"}],"version-history":[{"count":5,"href":"https:\/\/chatagentlab.com\/de\/wp-json\/wp\/v2\/pages\/933543\/revisions"}],"predecessor-version":[{"id":934473,"href":"https:\/\/chatagentlab.com\/de\/wp-json\/wp\/v2\/pages\/933543\/revisions\/934473"}],"wp:attachment":[{"href":"https:\/\/chatagentlab.com\/de\/wp-json\/wp\/v2\/media?parent=933543"}],"curies":[{"name":"wp","href":"https:\/\/api.w.org\/{rel}","templated":true}]}}