{"id":933517,"date":"2025-02-25T11:12:22","date_gmt":"2025-02-25T11:12:22","guid":{"rendered":"https:\/\/chatagentlab.com\/sicherheit\/"},"modified":"2026-03-25T11:26:57","modified_gmt":"2026-03-25T11:26:57","slug":"sicherheit","status":"publish","type":"page","link":"https:\/\/chatagentlab.com\/de\/sicherheit\/","title":{"rendered":"Sicherheit"},"content":{"rendered":"<p>[et_pb_section fb_built=&#8220;1&#8243; admin_label=&#8220;Header&#8220; _builder_version=&#8220;4.27.4&#8243; _module_preset=&#8220;default&#8220; background_color=&#8220;gcid-1bcf785a-50e1-437b-b09f-65567babc1de&#8220; background_image=&#8220;https:\/\/chatagentlab.com\/wp-content\/uploads\/2024\/11\/ai-40c.png&#8220; background_size=&#8220;custom&#8220; background_image_width=&#8220;40%&#8220; background_position=&#8220;top_right&#8220; custom_margin=&#8220;||||false|false&#8220; custom_padding=&#8220;||7px||false|false&#8220; collapsed=&#8220;on&#8220; global_colors_info=&#8220;{%22gcid-1bcf785a-50e1-437b-b09f-65567babc1de%22:%91%22background_color%22%93}&#8220;][et_pb_row _builder_version=&#8220;4.24.2&#8243; _module_preset=&#8220;default&#8220; custom_margin=&#8220;||||false|false&#8220; custom_padding=&#8220;||0px||false|false&#8220; global_colors_info=&#8220;{}&#8220;][et_pb_column type=&#8220;4_4&#8243; _builder_version=&#8220;4.19.5&#8243; _module_preset=&#8220;default&#8220; z_index=&#8220;10&#8243; global_colors_info=&#8220;{}&#8220;][et_pb_text _builder_version=&#8220;4.27.4&#8243; _module_preset=&#8220;default&#8220; text_orientation=&#8220;center&#8220; background_layout=&#8220;dark&#8220; width=&#8220;20%&#8220; width_tablet=&#8220;27%&#8220; width_phone=&#8220;60%&#8220; width_last_edited=&#8220;on|phone&#8220; max_width_last_edited=&#8220;off|phone&#8220; module_alignment=&#8220;center&#8220; custom_css_main_element=&#8220;background: linear-gradient(||  to top,||  rgba(55, 181, 255, 0.5) 0%,  \/* 50% opacity of #37B5FF at the bottom *\/||  rgba(55, 181, 255, 0) 100%    \/* Fully transparent at the top *\/||) !important;||||border-radius: 0%;||padding: 0;||&#8220; border_width_bottom=&#8220;1px&#8220; border_color_bottom=&#8220;#37b5ff&#8220; global_colors_info=&#8220;{}&#8220;]<\/p>\n<p>Datenschutz &amp; Sicherheit<\/p>\n<p>[\/et_pb_text][et_pb_text content_tablet=&#8220;<\/p>\n<h1>Security <span style=%22color: #38b6ff;%22>First <\/span>Plattform<\/h1>\n<p>&#8220; content_phone=&#8220;<\/p>\n<h1>Security <span style=%22color: #38b6ff;%22>First <\/span>Plattform<\/h1>\n<p>&#8220; content_last_edited=&#8220;off|desktop&#8220; _builder_version=&#8220;4.27.4&#8243; _module_preset=&#8220;default&#8220; header_font=&#8220;Barlow Semi Condensed|700|||||||&#8220; header_text_align=&#8220;center&#8220; header_text_color=&#8220;#FFFFFF&#8220; header_font_size=&#8220;50px&#8220; header_line_height=&#8220;1.4em&#8220; background_layout=&#8220;dark&#8220; custom_margin=&#8220;|20px|30px|0px|false|false&#8220; custom_padding=&#8220;||0px|||&#8220; custom_padding_tablet=&#8220;&#8220; custom_padding_phone=&#8220;&#8220; custom_padding_last_edited=&#8220;on|phone&#8220; header_font_tablet=&#8220;Roboto|300|||||||&#8220; header_font_phone=&#8220;Roboto|300|||||||&#8220; header_font_last_edited=&#8220;off|desktop&#8220; header_font_size_tablet=&#8220;40px&#8220; header_font_size_phone=&#8220;30px&#8220; header_font_size_last_edited=&#8220;on|phone&#8220; global_colors_info=&#8220;{}&#8220;]<\/p>\n<h1>Security <span style=\"color: #38b6ff;\">First <\/span>Plattform<\/h1>\n<p>[\/et_pb_text][et_pb_text _builder_version=&#8220;4.27.4&#8243; _module_preset=&#8220;_initial&#8220; text_font=&#8220;Inter||||||||&#8220; text_text_color=&#8220;#c0c2ca&#8220; text_font_size=&#8220;15px&#8220; text_line_height=&#8220;1.8em&#8220; header_font=&#8220;||||||||&#8220; header_4_font=&#8220;Inter|700|||||||&#8220; header_4_text_color=&#8220;#FFFFFF&#8220; header_4_font_size=&#8220;19px&#8220; header_4_line_height=&#8220;1.4em&#8220; text_orientation=&#8220;center&#8220; background_layout=&#8220;dark&#8220; custom_margin=&#8220;||51px|||&#8220; header_4_font_size_tablet=&#8220;16px&#8220; header_4_font_size_phone=&#8220;15px&#8220; header_4_font_size_last_edited=&#8220;on|desktop&#8220; global_colors_info=&#8220;{}&#8220;]<\/p>\n<p data-start=\"393\" data-end=\"482\">Die Sicherheit und der Schutz Ihrer Daten haben f\u00fcr uns h\u00f6chste Priorit\u00e4t. Unsere Plattform ist GDPR-konform und gew\u00e4hrleistet die Einhaltung der strengen Datenschutzstandards. <\/p>\n<p>[\/et_pb_text][\/et_pb_column][\/et_pb_row][et_pb_row column_structure=&#8220;1_3,1_3,1_3&#8243; _builder_version=&#8220;4.27.4&#8243; _module_preset=&#8220;default&#8220; custom_padding=&#8220;24px||||false|false&#8220; global_colors_info=&#8220;{}&#8220;][et_pb_column type=&#8220;1_3&#8243; _builder_version=&#8220;4.21.0&#8243; _module_preset=&#8220;default&#8220; global_colors_info=&#8220;{}&#8220;][et_pb_blurb use_icon=&#8220;on&#8220; font_icon=&#8220;&#x4e;||divi||400&#8243; icon_placement=&#8220;left&#8220; _builder_version=&#8220;4.27.4&#8243; _module_preset=&#8220;default&#8220; header_font_size=&#8220;20px&#8220; body_text_color=&#8220;#c0c2ca&#8220; background_layout=&#8220;dark&#8220; custom_margin=&#8220;||||false|false&#8220; global_colors_info=&#8220;{}&#8220;]<\/p>\n<p>Chats werden nicht f\u00fcr das Modelltraining verwendet.<\/p>\n<p>[\/et_pb_blurb][\/et_pb_column][et_pb_column type=&#8220;1_3&#8243; _builder_version=&#8220;4.21.0&#8243; _module_preset=&#8220;default&#8220; global_colors_info=&#8220;{}&#8220;][et_pb_blurb use_icon=&#8220;on&#8220; font_icon=&#8220;&#x4e;||divi||400&#8243; icon_placement=&#8220;left&#8220; _builder_version=&#8220;4.27.4&#8243; _module_preset=&#8220;default&#8220; header_font_size=&#8220;20px&#8220; body_text_color=&#8220;#c0c2ca&#8220; background_layout=&#8220;dark&#8220; custom_margin=&#8220;||||false|false&#8220; global_colors_info=&#8220;{}&#8220;]<\/p>\n<p>Erweiterte Verschl\u00fcsselung<\/p>\n<p>[\/et_pb_blurb][\/et_pb_column][et_pb_column type=&#8220;1_3&#8243; _builder_version=&#8220;4.21.0&#8243; _module_preset=&#8220;default&#8220; global_colors_info=&#8220;{}&#8220;][et_pb_blurb use_icon=&#8220;on&#8220; font_icon=&#8220;&#x4e;||divi||400&#8243; icon_placement=&#8220;left&#8220; _builder_version=&#8220;4.27.4&#8243; _module_preset=&#8220;default&#8220; header_font_size=&#8220;20px&#8220; body_text_color=&#8220;#c0c2ca&#8220; background_layout=&#8220;dark&#8220; custom_margin=&#8220;||||false|false&#8220; global_colors_info=&#8220;{}&#8220;]<\/p>\n<p>GDPR-konform<\/p>\n<p>[\/et_pb_blurb][\/et_pb_column][\/et_pb_row][et_pb_row _builder_version=&#8220;4.27.4&#8243; _module_preset=&#8220;default&#8220; global_colors_info=&#8220;{}&#8220;][et_pb_column type=&#8220;4_4&#8243; _builder_version=&#8220;4.27.4&#8243; _module_preset=&#8220;default&#8220; global_colors_info=&#8220;{}&#8220;][et_pb_button button_url=&#8220;@ET-DC@eyJkeW5hbWljIjp0cnVlLCJjb250ZW50IjoicG9zdF9saW5rX3VybF9wYWdlIiwic2V0dGluZ3MiOnsicG9zdF9pZCI6IjkzMjI2MyIsImVuYWJsZV9odG1sIjoib2ZmIn19@&#8220; button_text=&#8220;Agent Starten&#8220; button_alignment=&#8220;center&#8220; _builder_version=&#8220;4.27.4&#8243; _dynamic_attributes=&#8220;button_url&#8220; _module_preset=&#8220;default&#8220; custom_button=&#8220;on&#8220; button_text_size=&#8220;16px&#8220; button_bg_color=&#8220;#316de7&#8243; button_bg_use_color_gradient=&#8220;on&#8220; button_bg_color_gradient_direction=&#8220;90deg&#8220; button_bg_color_gradient_stops=&#8220;#2e5be4 0%|#3aa3ee 100%&#8220; button_bg_color_gradient_overlays_image=&#8220;on&#8220; button_border_width=&#8220;0px&#8220; button_border_color=&#8220;#2e5be4&#8243; button_icon=&#8220;&#x45;||divi||400&#8243; button_icon_color=&#8220;#FFFFFF&#8220; background_layout=&#8220;dark&#8220; custom_margin=&#8220;||12px||false|false&#8220; custom_padding=&#8220;10px|30px|10px|30px|false|false&#8220; hover_enabled=&#8220;0&#8243; global_colors_info=&#8220;{}&#8220; sticky_enabled=&#8220;0&#8243;][\/et_pb_button][et_pb_text disabled_on=&#8220;off|off|off&#8220; _builder_version=&#8220;4.27.4&#8243; _module_preset=&#8220;default&#8220; text_orientation=&#8220;center&#8220; background_layout=&#8220;dark&#8220; custom_margin=&#8220;||60px|||&#8220; hover_enabled=&#8220;0&#8243; global_colors_info=&#8220;{}&#8220; sticky_enabled=&#8220;0&#8243;]<\/p>\n<p>\ud83d\udc49 <span>Keine Kodierung erforderlich<\/span><\/p>\n<p>[\/et_pb_text][\/et_pb_column][\/et_pb_row][\/et_pb_section][et_pb_section fb_built=&#8220;1&#8243; admin_label=&#8220;Feature&#8220; _builder_version=&#8220;4.19.5&#8243; _module_preset=&#8220;default&#8220; background_color=&#8220;gcid-1bcf785a-50e1-437b-b09f-65567babc1de&#8220; locked=&#8220;off&#8220; collapsed=&#8220;on&#8220; global_colors_info=&#8220;{%22gcid-1bcf785a-50e1-437b-b09f-65567babc1de%22:%91%22background_color%22%93}&#8220;][et_pb_row column_structure=&#8220;1_2,1_2&#8243; _builder_version=&#8220;4.27.4&#8243; _module_preset=&#8220;default&#8220; global_colors_info=&#8220;{}&#8220;][et_pb_column type=&#8220;1_2&#8243; _builder_version=&#8220;4.19.2&#8243; _module_preset=&#8220;default&#8220; global_colors_info=&#8220;{}&#8220;][et_pb_text _builder_version=&#8220;4.27.4&#8243; _module_preset=&#8220;_initial&#8220; header_2_font=&#8220;Barlow Semi Condensed|700|||||||&#8220; header_2_text_color=&#8220;#FFFFFF&#8220; header_2_font_size=&#8220;44px&#8220; header_2_line_height=&#8220;1.2em&#8220; text_orientation=&#8220;center&#8220; custom_margin=&#8220;||10px||false|false&#8220; header_2_font_size_tablet=&#8220;32px&#8220; header_2_font_size_phone=&#8220;30px&#8220; header_2_font_size_last_edited=&#8220;on|phone&#8220; global_colors_info=&#8220;{}&#8220;]<\/p>\n<h2 data-pm-slice=\"1 1 []\">Wichtige Sicherheitsma\u00dfnahmen<\/h2>\n<p>[\/et_pb_text][et_pb_text _builder_version=&#8220;4.27.4&#8243; _module_preset=&#8220;f3066fda-62fe-4fb3-9d09-adaa118dadc7&#8243; text_text_color=&#8220;#c0c2ca&#8220; text_font_size=&#8220;14px&#8220; text_font_size_last_edited=&#8220;off|desktop&#8220; global_colors_info=&#8220;{}&#8220;]<\/p>\n<p data-start=\"157\" data-end=\"178\"><span> Im Folgenden finden Sie die wichtigsten Sicherheitsma\u00dfnahmen, mit denen wir eine robuste und sichere Plattform gew\u00e4hrleisten:<\/span><\/p>\n<p data-start=\"157\" data-end=\"178\"><strong data-start=\"157\" data-end=\"178\">\ud83d\udd12 <span style=\"color: #ffffff;\">Sicheres Hosting<\/span><\/strong><\/p>\n<p data-start=\"180\" data-end=\"303\">Sicher gehostet mit strengen Sicherheitsprotokollen.<\/p>\n<p data-start=\"305\" data-end=\"343\"><strong data-start=\"305\" data-end=\"343\">\ud83d\udd11 <span style=\"color: #ffffff;\">Zwei-Faktoren-Authentifizierung (2FA)<\/span><\/strong><\/p>\n<p data-start=\"134\" data-end=\"212\">Die obligatorische 2FA erh\u00f6ht die Sicherheit Ihres Kontos.<\/p>\n<p data-start=\"484\" data-end=\"513\"><strong data-start=\"484\" data-end=\"513\">\ud83d\udee1\ufe0f <span style=\"color: #ffffff;\">Cloudflare Schutz<\/span><\/strong><\/p>\n<p data-start=\"214\" data-end=\"312\">Cloudflare sch\u00fctzt vor DDoS-Angriffen und sichert die Daten\u00fcbertragung.<\/p>\n<p data-start=\"631\" data-end=\"664\"><strong data-start=\"631\" data-end=\"664\">\ud83d\udd10 <span style=\"color: #ffffff;\">256-Bit-verschl\u00fcsselte Datenbank<\/span><\/strong><\/p>\n<p data-start=\"666\" data-end=\"758\">Unsere Datenbank arbeitet mit einer 256-Bit-Verschl\u00fcsselung, die ein hohes Ma\u00df an Sicherheit f\u00fcr die gespeicherten Daten bietet.<\/p>\n<p data-start=\"760\" data-end=\"797\"><strong data-start=\"760\" data-end=\"797\">\ud83d\udcdc <span style=\"color: #ffffff;\">GDPR-konforme Datenverwaltung<\/span><\/strong><\/p>\n<p data-start=\"799\" data-end=\"956\">Vollst\u00e4ndige Einhaltung der Allgemeinen Datenschutzverordnung (GDPR), was unser Engagement f\u00fcr den Datenschutz und die Nutzerrechte widerspiegelt.<\/p>\n<p data-start=\"958\" data-end=\"987\"><strong data-start=\"958\" data-end=\"987\">\ud83d\udd17 <span style=\"color: #ffffff;\">Sichere API-Verbindungen<\/span><\/strong><\/p>\n<p data-start=\"475\" data-end=\"543\">Abfragen, die \u00fcber sichere APIs an OpenAI gesendet werden.<\/p>\n<p data-start=\"545\" data-end=\"629\">[\/et_pb_text][et_pb_button button_url=&#8220;@ET-DC@eyJkeW5hbWljIjp0cnVlLCJjb250ZW50IjoicG9zdF9saW5rX3VybF9wYWdlIiwic2V0dGluZ3MiOnsicG9zdF9pZCI6IjkzMjI2MyIsImVuYWJsZV9odG1sIjoib2ZmIn19@&#8220; button_text=&#8220;Agent Starten&#8220; button_alignment=&#8220;left&#8220; button_alignment_tablet=&#8220;left&#8220; button_alignment_phone=&#8220;center&#8220; button_alignment_last_edited=&#8220;on|phone&#8220; _builder_version=&#8220;4.27.4&#8243; _dynamic_attributes=&#8220;button_url&#8220; _module_preset=&#8220;default&#8220; custom_button=&#8220;on&#8220; button_text_size=&#8220;16px&#8220; button_bg_color=&#8220;#316de7&#8243; button_bg_use_color_gradient=&#8220;on&#8220; button_bg_color_gradient_direction=&#8220;90deg&#8220; button_bg_color_gradient_stops=&#8220;#2e5be4 0%|#3aa3ee 100%&#8220; button_bg_color_gradient_overlays_image=&#8220;on&#8220; button_border_width=&#8220;0px&#8220; button_border_color=&#8220;#2e5be4&#8243; button_icon=&#8220;&#x45;||divi||400&#8243; button_icon_color=&#8220;#FFFFFF&#8220; background_layout=&#8220;dark&#8220; custom_margin=&#8220;60px||50px||false|false&#8220; custom_padding=&#8220;10px|30px|10px|30px|false|false&#8220; hover_enabled=&#8220;0&#8243; global_colors_info=&#8220;{}&#8220; sticky_enabled=&#8220;0&#8243;][\/et_pb_button][\/et_pb_column][et_pb_column type=&#8220;1_2&#8243; _builder_version=&#8220;4.19.2&#8243; _module_preset=&#8220;default&#8220; global_colors_info=&#8220;{}&#8220;][et_pb_image src=&#8220;https:\/\/chatagentlab.com\/wp-content\/uploads\/2025\/02\/ai-52b.png&#8220; title_text=&#8220;ai-52b&#8220; align=&#8220;center&#8220; _builder_version=&#8220;4.27.4&#8243; _module_preset=&#8220;default&#8220; width=&#8220;80%&#8220; global_colors_info=&#8220;{}&#8220;][\/et_pb_image][\/et_pb_column][\/et_pb_row][\/et_pb_section][et_pb_section fb_built=&#8220;1&#8243; _builder_version=&#8220;4.27.4&#8243; _module_preset=&#8220;default&#8220; background_color=&#8220;#030929&#8243; custom_padding=&#8220;9px|||||&#8220; global_colors_info=&#8220;{}&#8220;][et_pb_row _builder_version=&#8220;4.16&#8243; _module_preset=&#8220;default&#8220; global_colors_info=&#8220;{}&#8220;][et_pb_column type=&#8220;4_4&#8243; _builder_version=&#8220;4.16&#8243; _module_preset=&#8220;default&#8220; global_colors_info=&#8220;{}&#8220;][et_pb_text _builder_version=&#8220;4.27.4&#8243; _module_preset=&#8220;df96b77a-cd4f-44a8-a771-2d6347592b53&#8243; header_text_color=&#8220;#FFFFFF&#8220; header_2_font=&#8220;Barlow Condensed||||||||&#8220; header_2_font_size=&#8220;44px&#8220; header_2_line_height=&#8220;1.1em&#8220; background_layout=&#8220;dark&#8220; custom_margin=&#8220;||40px||false|false&#8220; header_font_size_tablet=&#8220;&#8220; header_font_size_phone=&#8220;30px&#8220; header_font_size_last_edited=&#8220;on|phone&#8220; header_2_font_size_tablet=&#8220;32px&#8220; header_2_font_size_phone=&#8220;30px&#8220; header_2_font_size_last_edited=&#8220;on|desktop&#8220; locked=&#8220;off&#8220; global_colors_info=&#8220;{}&#8220;]<\/p>\n<h2 style=\"text-align: center;\">FAQ<\/h2>\n<p>[\/et_pb_text][et_pb_toggle title=&#8220;Wie gew\u00e4hrleistet ChatAgentLab die Sicherheit meiner Daten?&#8220; _builder_version=&#8220;4.27.4&#8243; _module_preset=&#8220;default&#8220; title_font_size=&#8220;17px&#8220; animation_style=&#8220;fade&#8220; global_colors_info=&#8220;{}&#8220;]<\/p>\n<p data-start=\"151\" data-end=\"356\">Wir legen gro\u00dfen Wert auf Sicherheit mit <strong data-start=\"179\" data-end=\"201\">256-Bit-Verschl\u00fcsselung<\/strong>, <strong data-start=\"203\" data-end=\"222\">GDPR-Konformit\u00e4t<\/strong> und <strong data-start=\"228\" data-end=\"252\">sicherem Cloud-Hosting<\/strong>. Ihre Daten werden <strong data-start=\"267\" data-end=\"297\">niemals f\u00fcr das KI-Training verwendet<\/strong> und sind durch branchenf\u00fchrende Sicherheitsprotokolle gesch\u00fctzt. <\/p>\n<p>[\/et_pb_toggle][et_pb_toggle title=&#8220;Ist ChatAgentLab GDPR-konform?&#8220; _builder_version=&#8220;4.27.4&#8243; _module_preset=&#8220;default&#8220; title_font_size=&#8220;17px&#8220; animation_style=&#8220;fade&#8220; global_colors_info=&#8220;{}&#8220;]<\/p>\n<p data-start=\"409\" data-end=\"601\">Ja, ChatAgentLab <strong data-start=\"427\" data-end=\"467\">h\u00e4lt sich vollst\u00e4ndig an die GDPR-Vorschriften<\/strong>. Wir stellen sicher, dass die Benutzerdaten <strong data-start=\"497\" data-end=\"534\">sicher und privat<\/strong> sind <strong data-start=\"497\" data-end=\"534\">und niemals<\/strong> ohne Zustimmung <strong data-start=\"497\" data-end=\"534\">weitergegeben werden<\/strong>. Sie k\u00f6nnen auch jederzeit die L\u00f6schung Ihrer Daten verlangen.  <\/p>\n<p>[\/et_pb_toggle][et_pb_toggle title=&#8220;Wer hat Zugriff auf meine KI-Agenten und Unterhaltungen?&#8220; _builder_version=&#8220;4.27.4&#8243; _module_preset=&#8220;default&#8220; title_font_size=&#8220;17px&#8220; global_colors_info=&#8220;{}&#8220;]<\/p>\n<p data-start=\"672\" data-end=\"832\">Nur <strong data-start=\"677\" data-end=\"712\">Sie und autorisierte Teammitglieder<\/strong> k\u00f6nnen auf Ihre KI-Agenten und Gespr\u00e4chsprotokolle zugreifen. ChatAgentLab greift <strong data-start=\"780\" data-end=\"787\">nicht<\/strong> auf Ihre Daten zu und speichert sie nicht f\u00fcr das KI-Training. <\/p>\n<p>[\/et_pb_toggle][et_pb_toggle title=&#8220;Wie werden KI-Nachrichtendaten verarbeitet?&#8220; _builder_version=&#8220;4.27.4&#8243; _module_preset=&#8220;default&#8220; title_font_size=&#8220;17px&#8220; global_colors_info=&#8220;{}&#8220;]<\/p>\n<p data-start=\"887\" data-end=\"1051\">KI-Nachrichten werden <strong data-start=\"913\" data-end=\"945\">sicher \u00fcber API-Verbindungen<\/strong> verarbeitet. Wir <strong data-start=\"950\" data-end=\"1005\">speichern KI-generierte Konversationen nicht dauerhaft<\/strong>, es sei denn, dies ist f\u00fcr Ihre betrieblichen Anforderungen erforderlich. <\/p>\n<p>[\/et_pb_toggle][et_pb_toggle title=&#8220;Wo werden die Server von ChatAgentLab gehostet?&#8220; _builder_version=&#8220;4.27.4&#8243; _module_preset=&#8220;default&#8220; title_font_size=&#8220;17px&#8220; global_colors_info=&#8220;{}&#8220;]<\/p>\n<p data-start=\"1113\" data-end=\"1314\">Wir verwenden <strong data-start=\"1120\" data-end=\"1161\">hochsichere Cloud-Hosting-Anbieter<\/strong> mit <strong data-start=\"1167\" data-end=\"1198\">fortschrittlichen Sicherheitsprotokollen<\/strong>. Die gesamte Daten\u00fcbertragung ist <strong data-start=\"1225\" data-end=\"1238\">verschl\u00fcsselt<\/strong>, und wir verwenden den <strong data-start=\"1255\" data-end=\"1280\">Schutz von Cloudflare<\/strong>, um uns vor Cyber-Bedrohungen zu sch\u00fctzen. <\/p>\n<p>[\/et_pb_toggle][\/et_pb_column][\/et_pb_row][\/et_pb_section][et_pb_section fb_built=&#8220;1&#8243; admin_label=&#8220;Call to Action&#8220; _builder_version=&#8220;4.16&#8243; _module_preset=&#8220;default&#8220; background_color=&#8220;#01012C&#8220; global_colors_info=&#8220;{}&#8220;][et_pb_row custom_padding_last_edited=&#8220;on|phone&#8220; _builder_version=&#8220;4.16&#8243; _module_preset=&#8220;default&#8220; background_color=&#8220;#19184f&#8220; custom_padding=&#8220;80px|100px|80px|100px|true|true&#8220; custom_padding_tablet=&#8220;30px|30px|30px|30px|true|true&#8220; custom_padding_phone=&#8220;|20px||20px|true|true&#8220; global_module=&#8220;934430&#8243; saved_tabs=&#8220;all&#8220; locked=&#8220;off&#8220; global_colors_info=&#8220;{}&#8220;][et_pb_column type=&#8220;4_4&#8243; _builder_version=&#8220;4.16&#8243; _module_preset=&#8220;default&#8220; global_colors_info=&#8220;{}&#8220;][et_pb_text _builder_version=&#8220;4.27.4&#8243; _module_preset=&#8220;df96b77a-cd4f-44a8-a771-2d6347592b53&#8243; header_2_font=&#8220;Barlow Condensed||||||||&#8220; header_2_text_color=&#8220;#FFFFFF&#8220; header_2_font_size=&#8220;44px&#8220; header_2_line_height=&#8220;1.1em&#8220; header_3_text_color=&#8220;#ffffff&#8220; header_3_font_size=&#8220;30px&#8220; text_orientation=&#8220;center&#8220; custom_margin=&#8220;||16px||false|false&#8220; header_2_font_size_tablet=&#8220;32px&#8220; header_2_font_size_phone=&#8220;30px&#8220; header_2_font_size_last_edited=&#8220;on|desktop&#8220; locked=&#8220;off&#8220; global_colors_info=&#8220;{}&#8220;]<\/p>\n<h3>Agent Starten<\/h3>\n<p>[\/et_pb_text][et_pb_text _builder_version=&#8220;4.27.4&#8243; _module_preset=&#8220;41d5859c-fbaa-458a-88e4-5d886857f235&#8243; text_font=&#8220;||||||||&#8220; text_text_color=&#8220;#FFFFFF&#8220; text_line_height=&#8220;1.8em&#8220; text_orientation=&#8220;center&#8220; text_font_size_phone=&#8220;13px&#8220; text_font_size_last_edited=&#8220;off|tablet&#8220; global_colors_info=&#8220;{}&#8220;]<\/p>\n<p><span>\ud83d\udc49 Keine Codierung erforderlich &#8211; Dauert 5 Minuten oder weniger<\/span><\/p>\n<p>[\/et_pb_text][et_pb_button button_url=&#8220;@ET-DC@eyJkeW5hbWljIjp0cnVlLCJjb250ZW50IjoicG9zdF9saW5rX3VybF9wYWdlIiwic2V0dGluZ3MiOnsicG9zdF9pZCI6IjkzMjI2MyIsImVuYWJsZV9odG1sIjoib2ZmIn19@&#8220; button_text=&#8220;Setzen Sie Ihren benutzerdefinierten KI-Agenten ein&#8220; button_alignment=&#8220;center&#8220; _builder_version=&#8220;4.27.4&#8243; _dynamic_attributes=&#8220;button_url&#8220; _module_preset=&#8220;94ef7aca-dcd9-4f9d-93b2-efa3466cebc7&#8243; custom_button=&#8220;on&#8220; button_text_color=&#8220;#FFFFFF&#8220; button_bg_color=&#8220;RGBA(0,0,0,0)&#8220; button_bg_use_color_gradient=&#8220;on&#8220; button_bg_color_gradient_direction=&#8220;90deg&#8220; button_bg_color_gradient_stops=&#8220;#db0eb7 50%|rgba(0,0,0,0) 50%&#8220; button_bg_color_gradient_start=&#8220;#db0eb7&#8243; button_bg_color_gradient_start_position=&#8220;50%&#8220; button_bg_color_gradient_end=&#8220;rgba(0,0,0,0)&#8220; button_bg_color_gradient_end_position=&#8220;50%&#8220; button_border_width=&#8220;0px&#8220; button_border_radius=&#8220;0px&#8220; button_letter_spacing=&#8220;1px&#8220; button_font=&#8220;Barlow Condensed|||on|||||&#8220; custom_padding=&#8220;16px||16px||true|false&#8220; global_colors_info=&#8220;{}&#8220; button_bg_color__hover_enabled=&#8220;on|desktop&#8220; button_bg_color__hover=&#8220;#DB0EB7&#8243; button_bg_enable_color__hover=&#8220;on&#8220;][\/et_pb_button][\/et_pb_column][\/et_pb_row][\/et_pb_section]<\/p>\n","protected":false},"excerpt":{"rendered":"<p>Datenschutz &amp; SicherheitSecurity First PlattformDie Sicherheit und der Schutz Ihrer Daten haben f\u00fcr uns h\u00f6chste Priorit\u00e4t. Unsere Plattform ist GDPR-konform und gew\u00e4hrleistet die Einhaltung der strengen Datenschutzstandards. Chats werden nicht f\u00fcr das Modelltraining verwendet.Erweiterte Verschl\u00fcsselungGDPR-konform\ud83d\udc49 Keine Kodierung erforderlichWichtige Sicherheitsma\u00dfnahmen Im Folgenden finden Sie die wichtigsten Sicherheitsma\u00dfnahmen, mit denen wir eine robuste und sichere Plattform gew\u00e4hrleisten: [&hellip;]<\/p>\n","protected":false},"author":1,"featured_media":0,"parent":0,"menu_order":0,"comment_status":"closed","ping_status":"closed","template":"","meta":{"_et_pb_use_builder":"on","_et_pb_old_content":"","_et_gb_content_width":"","inline_featured_image":false,"footnotes":""},"class_list":["post-933517","page","type-page","status-publish","hentry"],"_links":{"self":[{"href":"https:\/\/chatagentlab.com\/de\/wp-json\/wp\/v2\/pages\/933517","targetHints":{"allow":["GET"]}}],"collection":[{"href":"https:\/\/chatagentlab.com\/de\/wp-json\/wp\/v2\/pages"}],"about":[{"href":"https:\/\/chatagentlab.com\/de\/wp-json\/wp\/v2\/types\/page"}],"author":[{"embeddable":true,"href":"https:\/\/chatagentlab.com\/de\/wp-json\/wp\/v2\/users\/1"}],"replies":[{"embeddable":true,"href":"https:\/\/chatagentlab.com\/de\/wp-json\/wp\/v2\/comments?post=933517"}],"version-history":[{"count":11,"href":"https:\/\/chatagentlab.com\/de\/wp-json\/wp\/v2\/pages\/933517\/revisions"}],"predecessor-version":[{"id":935279,"href":"https:\/\/chatagentlab.com\/de\/wp-json\/wp\/v2\/pages\/933517\/revisions\/935279"}],"wp:attachment":[{"href":"https:\/\/chatagentlab.com\/de\/wp-json\/wp\/v2\/media?parent=933517"}],"curies":[{"name":"wp","href":"https:\/\/api.w.org\/{rel}","templated":true}]}}