{"id":933509,"date":"2025-03-23T07:49:11","date_gmt":"2025-03-23T07:49:11","guid":{"rendered":"https:\/\/chatagentlab.com\/ressourcen\/"},"modified":"2025-04-05T13:16:15","modified_gmt":"2025-04-05T13:16:15","slug":"ressourcen","status":"publish","type":"page","link":"https:\/\/chatagentlab.com\/de\/ressourcen\/","title":{"rendered":"Ressourcen"},"content":{"rendered":"<p>[et_pb_section fb_built=&#8220;1&#8243; admin_label=&#8220;Header&#8220; _builder_version=&#8220;4.27.4&#8243; _module_preset=&#8220;default&#8220; background_color=&#8220;gcid-1bcf785a-50e1-437b-b09f-65567babc1de&#8220; background_image=&#8220;https:\/\/chatagentlab.com\/wp-content\/uploads\/2024\/11\/ai-40c.png&#8220; background_size=&#8220;custom&#8220; background_image_width=&#8220;40%&#8220; background_position=&#8220;top_right&#8220; custom_margin=&#8220;||||false|false&#8220; custom_padding=&#8220;||7px||false|false&#8220; collapsed=&#8220;on&#8220; global_colors_info=&#8220;{%22gcid-1bcf785a-50e1-437b-b09f-65567babc1de%22:%91%22background_color%22%93}&#8220;][et_pb_row _builder_version=&#8220;4.27.4&#8243; _module_preset=&#8220;default&#8220; custom_padding=&#8220;||50px|||&#8220; global_colors_info=&#8220;{}&#8220;][et_pb_column type=&#8220;4_4&#8243; _builder_version=&#8220;4.27.4&#8243; _module_preset=&#8220;default&#8220; global_colors_info=&#8220;{}&#8220;][et_pb_text _builder_version=&#8220;4.27.4&#8243; _module_preset=&#8220;default&#8220; text_orientation=&#8220;center&#8220; background_layout=&#8220;dark&#8220; width=&#8220;20%&#8220; width_tablet=&#8220;25%&#8220; width_phone=&#8220;50%&#8220; width_last_edited=&#8220;on|phone&#8220; max_width_last_edited=&#8220;off|phone&#8220; module_alignment=&#8220;center&#8220; custom_css_main_element=&#8220;background: linear-gradient(||  to top,||  rgba(55, 181, 255, 0.5) 0%,  \/* 50% opacity of #37B5FF at the bottom *\/||  rgba(55, 181, 255, 0) 100%    \/* Fully transparent at the top *\/||) !important;||||border-radius: 0%;||padding: 0;||&#8220; border_width_bottom=&#8220;1px&#8220; border_color_bottom=&#8220;#37b5ff&#8220; global_colors_info=&#8220;{}&#8220;]<\/p>\n<p>Grundlegendes<\/p>\n<p>[\/et_pb_text][et_pb_text content_tablet=&#8220;<\/p>\n<h1>Plattform <span style=%22color: #38b6ff;%22>Ressourcen<\/span><\/h1>\n<p>&#8220; content_phone=&#8220;<\/p>\n<h1>Plattform <span style=%22color: #38b6ff;%22>Ressourcen<\/span><\/h1>\n<p>&#8220; content_last_edited=&#8220;off|desktop&#8220; _builder_version=&#8220;4.27.4&#8243; _module_preset=&#8220;default&#8220; header_font=&#8220;Barlow Semi Condensed|700|||||||&#8220; header_text_align=&#8220;center&#8220; header_text_color=&#8220;#FFFFFF&#8220; header_font_size=&#8220;50px&#8220; header_line_height=&#8220;1.4em&#8220; background_layout=&#8220;dark&#8220; custom_margin=&#8220;|20px|30px|0px|false|false&#8220; custom_padding=&#8220;||0px|||&#8220; custom_padding_tablet=&#8220;&#8220; custom_padding_phone=&#8220;&#8220; custom_padding_last_edited=&#8220;on|phone&#8220; header_font_tablet=&#8220;Roboto|300|||||||&#8220; header_font_phone=&#8220;Roboto|300|||||||&#8220; header_font_last_edited=&#8220;off|desktop&#8220; header_font_size_tablet=&#8220;40px&#8220; header_font_size_phone=&#8220;30px&#8220; header_font_size_last_edited=&#8220;on|phone&#8220; global_colors_info=&#8220;{}&#8220;]<\/p>\n<h1>Plattform <span style=\"color: #38b6ff;\">Ressourcen<\/span><\/h1>\n<p>[\/et_pb_text][et_pb_text content_last_edited=&#8220;off|phone&#8220; _builder_version=&#8220;4.27.4&#8243; _module_preset=&#8220;default&#8220; text_font=&#8220;Inter||||||||&#8220; text_text_color=&#8220;#c0c2ca&#8220; text_font_size=&#8220;15px&#8220; text_orientation=&#8220;center&#8220; background_layout=&#8220;dark&#8220; hover_enabled=&#8220;0&#8243; global_colors_info=&#8220;{}&#8220; sticky_enabled=&#8220;0&#8243;]<\/p>\n<p>Bleiben Sie informiert. Entdecken Sie unsere neuesten Updates, Zukunftspl\u00e4ne, Dokumentationen und Einblicke in die Plattform. <\/p>\n<p>[\/et_pb_text][\/et_pb_column][\/et_pb_row][et_pb_row _builder_version=&#8220;4.27.4&#8243; _module_preset=&#8220;default&#8220; global_colors_info=&#8220;{}&#8220;][et_pb_column type=&#8220;4_4&#8243; _builder_version=&#8220;4.19.2&#8243; _module_preset=&#8220;default&#8220; global_colors_info=&#8220;{}&#8220;][et_pb_blurb title=&#8220;Wissensdatenbank&#8220; use_icon=&#8220;on&#8220; font_icon=&#8220;&#xe035;||divi||400&#8243; icon_placement=&#8220;left&#8220; _builder_version=&#8220;4.27.4&#8243; _module_preset=&#8220;default&#8220; header_font_size=&#8220;20px&#8220; body_text_color=&#8220;#c0c2ca&#8220; background_layout=&#8220;dark&#8220; custom_margin=&#8220;||||false|false&#8220; global_colors_info=&#8220;{}&#8220; body_font_size__hover_enabled=&#8220;off|desktop&#8220;]<\/p>\n<p>Hier finden Sie Antworten auf h\u00e4ufig gestellte Fragen, Anleitungen und bew\u00e4hrte Verfahren zur Verwendung von ChatAgentLab.<\/p>\n<p>\ud83d\udc49 <a href=\"https:\/\/roadmap.chatagentlab.com\/t\/knowledge-base\">Wissensdatenbank ansehen<\/a><\/p>\n<p>[\/et_pb_blurb][et_pb_blurb title=&#8220;Changelog&#8220; use_icon=&#8220;on&#8220; font_icon=&#8220;&#xe035;||divi||400&#8243; icon_placement=&#8220;left&#8220; _builder_version=&#8220;4.27.4&#8243; _module_preset=&#8220;default&#8220; header_font_size=&#8220;20px&#8220; body_text_color=&#8220;#c0c2ca&#8220; background_layout=&#8220;dark&#8220; custom_margin=&#8220;||||false|false&#8220; global_colors_info=&#8220;{}&#8220; body_font_size__hover_enabled=&#8220;off|desktop&#8220;]<\/p>\n<p>Bleiben Sie auf dem Laufenden \u00fcber neue Funktionen und Verbesserungen.<\/p>\n<p>\ud83d\udc49 <a href=\"https:\/\/roadmap.chatagentlab.com\/\">Changelog ansehen<\/a><\/p>\n<p>[\/et_pb_blurb][et_pb_blurb title=&#8220;Stra\u00dfenkarte&#8220; use_icon=&#8220;on&#8220; font_icon=&#8220;&#xf018;||fa||900&#8243; icon_placement=&#8220;left&#8220; _builder_version=&#8220;4.27.4&#8243; _module_preset=&#8220;default&#8220; header_font_size=&#8220;20px&#8220; body_text_color=&#8220;#c0c2ca&#8220; background_layout=&#8220;dark&#8220; custom_margin=&#8220;||||false|false&#8220; global_colors_info=&#8220;{}&#8220; body_font_size__hover_enabled=&#8220;off|desktop&#8220;]<\/p>\n<p>Sehen Sie, was wir als n\u00e4chstes bauen.<\/p>\n<p>\ud83d\udc49 <a href=\"https:\/\/roadmap.chatagentlab.com\/t\/roadmap-fok6e\">Roadmap ansehen<\/a><\/p>\n<p>[\/et_pb_blurb][et_pb_blurb title=&#8220;Status Seite&#8220; use_icon=&#8220;on&#8220; font_icon=&#8220;&#xe0e3;||divi||400&#8243; icon_placement=&#8220;left&#8220; _builder_version=&#8220;4.27.4&#8243; _module_preset=&#8220;default&#8220; header_font_size=&#8220;20px&#8220; body_text_color=&#8220;#c0c2ca&#8220; background_layout=&#8220;dark&#8220; custom_margin=&#8220;||50px||false|false&#8220; global_colors_info=&#8220;{}&#8220; body_font_size__hover_enabled=&#8220;off|desktop&#8220;]<\/p>\n<p>Pr\u00fcfen Sie den Systemzustand und die Betriebszeit.<\/p>\n<p>\ud83d\udc49 <a href=\"https:\/\/statuspage.chatagentlab.com\/\">Status anzeigen<\/a><\/p>\n<div class=\"relative inline-flex items-center\"><\/div>\n<p>[\/et_pb_blurb][\/et_pb_column][\/et_pb_row][\/et_pb_section]<\/p>\n","protected":false},"excerpt":{"rendered":"<p>GrundlegendesPlattform RessourcenBleiben Sie informiert. Entdecken Sie unsere neuesten Updates, Zukunftspl\u00e4ne, Dokumentationen und Einblicke in die Plattform. Hier finden Sie Antworten auf h\u00e4ufig gestellte Fragen, Anleitungen und bew\u00e4hrte Verfahren zur Verwendung von ChatAgentLab. \ud83d\udc49 Wissensdatenbank ansehenBleiben Sie auf dem Laufenden \u00fcber neue Funktionen und Verbesserungen. \ud83d\udc49 Changelog ansehenSehen Sie, was wir als n\u00e4chstes bauen. \ud83d\udc49 Roadmap [&hellip;]<\/p>\n","protected":false},"author":1,"featured_media":0,"parent":0,"menu_order":0,"comment_status":"closed","ping_status":"closed","template":"","meta":{"_et_pb_use_builder":"on","_et_pb_old_content":"","_et_gb_content_width":"","inline_featured_image":false,"footnotes":""},"class_list":["post-933509","page","type-page","status-publish","hentry"],"_links":{"self":[{"href":"https:\/\/chatagentlab.com\/de\/wp-json\/wp\/v2\/pages\/933509","targetHints":{"allow":["GET"]}}],"collection":[{"href":"https:\/\/chatagentlab.com\/de\/wp-json\/wp\/v2\/pages"}],"about":[{"href":"https:\/\/chatagentlab.com\/de\/wp-json\/wp\/v2\/types\/page"}],"author":[{"embeddable":true,"href":"https:\/\/chatagentlab.com\/de\/wp-json\/wp\/v2\/users\/1"}],"replies":[{"embeddable":true,"href":"https:\/\/chatagentlab.com\/de\/wp-json\/wp\/v2\/comments?post=933509"}],"version-history":[{"count":6,"href":"https:\/\/chatagentlab.com\/de\/wp-json\/wp\/v2\/pages\/933509\/revisions"}],"predecessor-version":[{"id":934865,"href":"https:\/\/chatagentlab.com\/de\/wp-json\/wp\/v2\/pages\/933509\/revisions\/934865"}],"wp:attachment":[{"href":"https:\/\/chatagentlab.com\/de\/wp-json\/wp\/v2\/media?parent=933509"}],"curies":[{"name":"wp","href":"https:\/\/api.w.org\/{rel}","templated":true}]}}