{"id":933500,"date":"2025-02-25T16:32:04","date_gmt":"2025-02-25T16:32:04","guid":{"rendered":"https:\/\/chatagentlab.com\/ueber-uns\/"},"modified":"2025-03-30T00:03:09","modified_gmt":"2025-03-30T00:03:09","slug":"ueber-uns","status":"publish","type":"page","link":"https:\/\/chatagentlab.com\/de\/ueber-uns\/","title":{"rendered":"\u00dcber uns"},"content":{"rendered":"<p>[et_pb_section fb_built=&#8220;1&#8243; admin_label=&#8220;Header&#8220; _builder_version=&#8220;4.22.2&#8243; _module_preset=&#8220;default&#8220; background_color=&#8220;#01012c&#8220; background_image=&#8220;https:\/\/chatagentlab.com\/wp-content\/uploads\/2024\/11\/ai-40c.png&#8220; background_size=&#8220;custom&#8220; background_image_width=&#8220;40%&#8220; background_position=&#8220;top_right&#8220; custom_padding=&#8220;||4px|||&#8220; collapsed=&#8220;on&#8220; global_colors_info=&#8220;{}&#8220;][et_pb_row _builder_version=&#8220;4.19.2&#8243; _module_preset=&#8220;default&#8220; max_width=&#8220;800px&#8220; custom_padding=&#8220;||2px|||&#8220; global_colors_info=&#8220;{}&#8220;][et_pb_column type=&#8220;4_4&#8243; _builder_version=&#8220;4.19.2&#8243; _module_preset=&#8220;default&#8220; global_colors_info=&#8220;{}&#8220;][et_pb_text _builder_version=&#8220;4.27.4&#8243; _module_preset=&#8220;13ecf174-a85f-4b15-a628-8b5ff9cad808&#8243; text_font=&#8220;Roboto Mono|700||on|||||&#8220; text_text_color=&#8220;#0cf57e&#8220; text_letter_spacing=&#8220;1px&#8220; text_line_height=&#8220;1.4em&#8220; header_4_font=&#8220;Roboto Mono|700||on|||||&#8220; header_4_text_color=&#8220;gcid-afa30cf2-6f5d-4b9c-aa39-7dbe1ac3b7a3&#8243; header_4_font_size=&#8220;14px&#8220; header_4_letter_spacing=&#8220;1px&#8220; header_4_line_height=&#8220;1.4em&#8220; text_orientation=&#8220;center&#8220; background_layout=&#8220;dark&#8220; custom_margin=&#8220;||40px||false|false&#8220; global_colors_info=&#8220;{%22gcid-afa30cf2-6f5d-4b9c-aa39-7dbe1ac3b7a3%22:%91%22header_4_text_color%22%93}&#8220;]<\/p>\n<p>\u00dcber uns<\/p>\n<p>[\/et_pb_text][et_pb_text _builder_version=&#8220;4.27.4&#8243; _module_preset=&#8220;8e273380-1068-4038-a309-b925436b563f&#8220; header_font=&#8220;|700|||||||&#8220; header_text_color=&#8220;#FFFFFF&#8220; header_font_size=&#8220;48px&#8220; header_line_height=&#8220;1.2em&#8220; text_orientation=&#8220;center&#8220; custom_margin=&#8220;||10px||false|false&#8220; header_font_size_tablet=&#8220;48px&#8220; header_font_size_phone=&#8220;48px&#8220; header_font_size_last_edited=&#8220;on|tablet&#8220; global_colors_info=&#8220;%91%93&#8243;]<\/p>\n<h1>Unser Auftrag<\/h1>\n<p>[\/et_pb_text][et_pb_text _builder_version=&#8220;4.27.4&#8243; _module_preset=&#8220;7369261f-e2bd-4270-88cf-66d1382ff00a&#8220; text_font_size=&#8220;16px&#8220; text_line_height=&#8220;1.9em&#8220; header_font=&#8220;||||||||&#8220; header_4_font=&#8220;Inter|700|||||||&#8220; header_4_text_color=&#8220;#FFFFFF&#8220; header_4_font_size=&#8220;19px&#8220; header_4_line_height=&#8220;1.4em&#8220; text_orientation=&#8220;center&#8220; background_layout=&#8220;dark&#8220; custom_margin=&#8220;||60px|||&#8220; header_4_font_size_tablet=&#8220;16px&#8220; header_4_font_size_phone=&#8220;15px&#8220; header_4_font_size_last_edited=&#8220;on|desktop&#8220; global_colors_info=&#8220;%91%93&#8243;]<\/p>\n<p>Wir haben es uns zur Aufgabe gemacht, Unternehmen eine No-Code-Plattform zur Verf\u00fcgung zu stellen, mit der sie in wenigen Minuten ma\u00dfgeschneiderte KI-Agenten erstellen k\u00f6nnen. Unsere L\u00f6sung nutzt die neueste KI-Technologie und bietet Funktionen, die mit Plattformen vergleichbar sind, deren Entwicklung im eigenen Haus Millionen kosten w\u00fcrde &#8211; und das alles ab nur 450 $ pro Monat. <\/p>\n<p>[\/et_pb_text][et_pb_text _builder_version=&#8220;4.22.2&#8243; _module_preset=&#8220;6631b821-5a27-40ca-8447-6836982c2c3c&#8220; header_2_font=&#8220;|700|||||||&#8220; header_2_text_color=&#8220;#FFFFFF&#8220; header_2_font_size=&#8220;35px&#8220; header_2_line_height=&#8220;1.2em&#8220; text_orientation=&#8220;center&#8220; custom_margin=&#8220;||10px||false|false&#8220; header_2_font_size_tablet=&#8220;35px&#8220; header_2_font_size_phone=&#8220;35px&#8220; header_2_font_size_last_edited=&#8220;on|phone&#8220; global_colors_info=&#8220;%91%93&#8243;]<\/p>\n<h2>Worte des Gr\u00fcnders<\/h2>\n<p>[\/et_pb_text][\/et_pb_column][\/et_pb_row][\/et_pb_section][et_pb_section fb_built=&#8220;1&#8243; admin_label=&#8220;Header&#8220; _builder_version=&#8220;4.22.2&#8243; _module_preset=&#8220;default&#8220; background_color=&#8220;#01012c&#8220; background_enable_image=&#8220;off&#8220; background_size=&#8220;custom&#8220; background_image_width=&#8220;40%&#8220; background_position=&#8220;top_right&#8220; custom_padding=&#8220;4px||4px|||&#8220; collapsed=&#8220;on&#8220; global_colors_info=&#8220;{}&#8220;][et_pb_row custom_padding_last_edited=&#8220;on|phone&#8220; _builder_version=&#8220;4.27.4&#8243; _module_preset=&#8220;default&#8220; custom_padding=&#8220;|300px||300px|false|false&#8220; custom_padding_tablet=&#8220;|150px|0px|150px|false|false&#8220; custom_padding_phone=&#8220;|40px|0px|40px|false|false&#8220; global_colors_info=&#8220;{}&#8220;][et_pb_column type=&#8220;4_4&#8243; _builder_version=&#8220;4.27.4&#8243; _module_preset=&#8220;default&#8220; background_color=&#8220;gcid-f1f9244b-c8ab-43e1-95c3-c0bdf69ac7b5&#8243; custom_padding=&#8220;60px|10px|60px|10px|true|true&#8220; custom_padding_tablet=&#8220;50px|10px|50px|10px|true|true&#8220; custom_padding_phone=&#8220;40px|10px|40px|10px|true|true&#8220; custom_padding_last_edited=&#8220;on|desktop&#8220; border_radii=&#8220;on|40px|40px|40px|40px&#8220; global_colors_info=&#8220;{%22gcid-f1f9244b-c8ab-43e1-95c3-c0bdf69ac7b5%22:%91%22background_color%22%93}&#8220;][et_pb_image src=&#8220;https:\/\/chatagentlab.com\/wp-content\/uploads\/2025\/03\/Andreas_Torgersen_ChatAgentLab.jpeg&#8220; title_text=&#8220;Andreas_Torgersen_ChatAgentLab&#8220; align=&#8220;center&#8220; _builder_version=&#8220;4.27.4&#8243; _module_preset=&#8220;default&#8220; max_width=&#8220;70%&#8220; global_colors_info=&#8220;{}&#8220;][\/et_pb_image][et_pb_text _builder_version=&#8220;4.22.2&#8243; _module_preset=&#8220;cafa8a02-6239-4a76-8c0f-55c4563b8fa7&#8243; header_font=&#8220;||||||||&#8220; header_4_font=&#8220;Inter|700|||||||&#8220; header_4_text_color=&#8220;#FFFFFF&#8220; header_4_font_size=&#8220;19px&#8220; header_4_line_height=&#8220;1.4em&#8220; text_orientation=&#8220;center&#8220; custom_margin=&#8220;||10px||false|false&#8220; header_4_font_size_tablet=&#8220;16px&#8220; header_4_font_size_phone=&#8220;15px&#8220; header_4_font_size_last_edited=&#8220;on|desktop&#8220; global_colors_info=&#8220;%91%93&#8243;]<\/p>\n<h4>Andreas Torgersen<\/h4>\n<p>[\/et_pb_text][et_pb_text _builder_version=&#8220;4.27.4&#8243; _module_preset=&#8220;2e3a207b-b9e6-443f-98fc-665122639bde&#8220; text_text_color=&#8220;rgba(255,255,255,0.75)&#8220; text_line_height=&#8220;1.6em&#8220; text_orientation=&#8220;center&#8220; header_font_size_tablet=&#8220;55px&#8220; header_font_size_last_edited=&#8220;off|desktop&#8220; global_colors_info=&#8220;%91%93&#8243;]<\/p>\n<p>Gr\u00fcnderin und strategische Beraterin<\/p>\n<p>[\/et_pb_text][\/et_pb_column][\/et_pb_row][et_pb_row _builder_version=&#8220;4.19.2&#8243; _module_preset=&#8220;default&#8220; max_width=&#8220;800px&#8220; global_colors_info=&#8220;{}&#8220;][et_pb_column type=&#8220;4_4&#8243; _builder_version=&#8220;4.19.2&#8243; _module_preset=&#8220;default&#8220; global_colors_info=&#8220;{}&#8220;][et_pb_text _builder_version=&#8220;4.27.4&#8243; _module_preset=&#8220;4acd85e9-2b32-4d81-bf4f-8716e13871f6&#8243; text_text_color=&#8220;rgba(255,255,255,0.75)&#8220; text_font_size=&#8220;16px&#8220; text_line_height=&#8220;1.8em&#8220; text_font_size_tablet=&#8220;15px&#8220; text_font_size_phone=&#8220;14px&#8220; text_font_size_last_edited=&#8220;on|desktop&#8220; header_font_size_tablet=&#8220;55px&#8220; header_font_size_last_edited=&#8220;off|desktop&#8220; global_colors_info=&#8220;%91%93&#8243;]<\/p>\n<p data-start=\"0\" data-end=\"360\">Als Gr\u00fcnder von ChatAgentLab habe ich eine einzigartige Vision: den Zugang zu fortschrittlicher KI-Technologie f\u00fcr Unternehmen jeder Gr\u00f6\u00dfe zu demokratisieren. In der sich schnell entwickelnden digitalen Landschaft von heute kann die F\u00e4higkeit, hochentwickelte KI-Agenten einzusetzen, ein entscheidender Faktor sein, aber die Kosten und die technische Komplexit\u00e4t haben diese Leistung f\u00fcr viele unerreichbar gemacht. <\/p>\n<p data-start=\"362\" data-end=\"626\">Als ich \u00fcber meine eigenen Erfahrungen nachdachte, erkannte ich die Herausforderungen, vor denen Unternehmen bei der Integration von KI-L\u00f6sungen stehen, wenn sie nicht \u00fcber umfangreiche Ressourcen oder spezielles Fachwissen verf\u00fcgen. Diese Erkenntnis inspirierte mich zur Gr\u00fcndung von ChatAgentLab &#8211; einer Plattform, die diese Barrieren abbauen soll. <\/p>\n<p data-start=\"628\" data-end=\"923\">Wir haben es uns zur Aufgabe gemacht, Unternehmen eine No-Code-Plattform zur Verf\u00fcgung zu stellen, mit der sie in wenigen Minuten ma\u00dfgeschneiderte KI-Agenten erstellen k\u00f6nnen. Unsere L\u00f6sung nutzt die neueste KI-Technologie und bietet Funktionen, die mit Plattformen vergleichbar sind, deren Entwicklung im eigenen Haus Millionen kosten w\u00fcrde &#8211; und das alles ab nur 450 $ pro Monat. <\/p>\n<p data-start=\"925\" data-end=\"1305\">Durch das Angebot einer erschwinglichen, benutzerfreundlichen Plattform wollen wir die Voraussetzungen daf\u00fcr schaffen, dass Unternehmen das transformative Potenzial von KI ohne unerschwingliche Kosten oder technische H\u00fcrden nutzen k\u00f6nnen. Wir verpflichten uns zu kontinuierlicher Innovation und Unterst\u00fctzung, um sicherzustellen, dass unsere Kunden KI nahtlos in ihre Abl\u00e4ufe integrieren und in ihren jeweiligen M\u00e4rkten wettbewerbsf\u00e4hig bleiben k\u00f6nnen. <\/p>\n<p data-start=\"1307\" data-end=\"1382\">Vielen Dank, dass Sie ChatAgentLab als Ihren Partner f\u00fcr KI-getriebenes Wachstum in Betracht ziehen.<\/p>\n<p>[\/et_pb_text][\/et_pb_column][\/et_pb_row][et_pb_row _builder_version=&#8220;4.19.2&#8243; _module_preset=&#8220;default&#8220; max_width=&#8220;700px&#8220; global_colors_info=&#8220;{}&#8220;][et_pb_column type=&#8220;4_4&#8243; _builder_version=&#8220;4.19.2&#8243; _module_preset=&#8220;default&#8220; global_colors_info=&#8220;{}&#8220;][et_pb_text _builder_version=&#8220;4.22.2&#8243; _module_preset=&#8220;6631b821-5a27-40ca-8447-6836982c2c3c&#8220; header_2_font=&#8220;Inter|700|||||||&#8220; header_2_text_color=&#8220;#FFFFFF&#8220; header_2_font_size=&#8220;35px&#8220; header_2_line_height=&#8220;1.2em&#8220; text_orientation=&#8220;center&#8220; custom_margin=&#8220;||10px||false|false&#8220; header_2_font_size_tablet=&#8220;32px&#8220; header_2_font_size_phone=&#8220;20px&#8220; header_2_font_size_last_edited=&#8220;on|desktop&#8220; global_colors_info=&#8220;%91%93&#8243;]<\/p>\n<h2>HQ<\/h2>\n<p>[\/et_pb_text][et_pb_text _builder_version=&#8220;4.22.2&#8243; _module_preset=&#8220;4acd85e9-2b32-4d81-bf4f-8716e13871f6&#8243; text_text_color=&#8220;rgba(255,255,255,0.75)&#8220; text_font_size=&#8220;16px&#8220; text_line_height=&#8220;1.8em&#8220; text_orientation=&#8220;center&#8220; text_font_size_tablet=&#8220;15px&#8220; text_font_size_phone=&#8220;14px&#8220; text_font_size_last_edited=&#8220;on|desktop&#8220; header_font_size_tablet=&#8220;55px&#8220; header_font_size_last_edited=&#8220;off|desktop&#8220; global_colors_info=&#8220;%91%93&#8243;]<\/p>\n<p style=\"text-align: left;\">Der Hauptsitz von ChatAgentLab befindet sich in Norwegen, genauer gesagt in der Tjuvholmen All\u00e9 3, 0252 Oslo.  <\/p>\n<p style=\"text-align: left;\">Wir befinden uns im dynamischen Viertel Tjuvholmen in der norwegischen Hauptstadt. Dieses Wahrzeichen diente einst verschiedenen industriellen und maritimen Zwecken, darunter dem Schiffbau und der Lagerhaltung, bevor es in den fr\u00fchen 2000er Jahren in ein modernes Gesch\u00e4ftszentrum umgewandelt wurde. Der Standort von ChatAgentLab symbolisiert unser Engagement f\u00fcr die Verbindung von Tradition und modernsten L\u00f6sungen, f\u00fcr Verwurzelung und Fortschritt.  <\/p>\n<p style=\"text-align: left;\"><span>  Norwegen beherbergt ein reichhaltiges technologisches \u00d6kosystem, das von innovativen L\u00f6sungen und einer in digitalen Technologien geschulten Belegschaft gepr\u00e4gt ist. ChatAgentLab befindet sich im Herzen dieses \u00d6kosystems und ist immer an vorderster Front dabei, die neuesten Technologien zu \u00fcbernehmen, um unsere Dienstleistungen zu verbessern. <\/span><\/p>\n<p style=\"text-align: left;\">\n<p>[\/et_pb_text][\/et_pb_column][\/et_pb_row][et_pb_row _builder_version=&#8220;4.22.2&#8243; _module_preset=&#8220;default&#8220; global_colors_info=&#8220;{}&#8220;][et_pb_column type=&#8220;4_4&#8243; _builder_version=&#8220;4.22.2&#8243; _module_preset=&#8220;default&#8220; global_colors_info=&#8220;{}&#8220;][et_pb_image src=&#8220;https:\/\/chatagentlab.com\/wp-content\/uploads\/2025\/03\/tjuvholmen-alle-3.jpg&#8220; title_text=&#8220;tjuvholmen-alle-3&#8243; _builder_version=&#8220;4.27.4&#8243; _module_preset=&#8220;default&#8220; max_width=&#8220;50%&#8220; max_width_tablet=&#8220;70%&#8220; max_width_phone=&#8220;100%&#8220; max_width_last_edited=&#8220;on|tablet&#8220; module_alignment=&#8220;center&#8220; global_colors_info=&#8220;{}&#8220;][\/et_pb_image][\/et_pb_column][\/et_pb_row][\/et_pb_section][et_pb_section fb_built=&#8220;1&#8243; admin_label=&#8220;About&#8220; _builder_version=&#8220;4.22.2&#8243; _module_preset=&#8220;default&#8220; background_color=&#8220;#01012c&#8220; custom_padding=&#8220;||31px|||&#8220; collapsed=&#8220;on&#8220; global_colors_info=&#8220;{}&#8220;][et_pb_row column_structure=&#8220;1_2,1_2&#8243; _builder_version=&#8220;4.19.2&#8243; _module_preset=&#8220;default&#8220; custom_padding=&#8220;||0px||false|false&#8220; global_colors_info=&#8220;{}&#8220;][et_pb_column type=&#8220;1_2&#8243; _builder_version=&#8220;4.19.2&#8243; _module_preset=&#8220;default&#8220; global_colors_info=&#8220;{}&#8220;][et_pb_text _builder_version=&#8220;4.22.2&#8243; _module_preset=&#8220;6631b821-5a27-40ca-8447-6836982c2c3c&#8220; header_2_font=&#8220;|700|||||||&#8220; header_2_text_color=&#8220;#FFFFFF&#8220; header_2_font_size=&#8220;35px&#8220; header_2_line_height=&#8220;1.2em&#8220; custom_margin=&#8220;||10px||false|false&#8220; header_2_font_size_tablet=&#8220;32px&#8220; header_2_font_size_phone=&#8220;20px&#8220; header_2_font_size_last_edited=&#8220;on|desktop&#8220; global_colors_info=&#8220;%91%93&#8243;]<\/p>\n<h2>Warum ChatAgentLab?<\/h2>\n<p>[\/et_pb_text][et_pb_text _builder_version=&#8220;4.19.2&#8243; _module_preset=&#8220;4acd85e9-2b32-4d81-bf4f-8716e13871f6&#8243; text_text_color=&#8220;rgba(255,255,255,0.75)&#8220; text_font_size=&#8220;16px&#8220; text_line_height=&#8220;1.8em&#8220; text_font_size_tablet=&#8220;15px&#8220; text_font_size_phone=&#8220;14px&#8220; text_font_size_last_edited=&#8220;on|desktop&#8220; header_font_size_tablet=&#8220;55px&#8220; header_font_size_last_edited=&#8220;off|desktop&#8220; global_colors_info=&#8220;%91%93&#8243;]<\/p>\n<p>Bei ChatAgentLab haben wir uns der Aufgabe verschrieben, Unternehmen zu unterst\u00fctzen, indem wir eine No-Code-Plattform bereitstellen, die die Erstellung benutzerdefinierter KI-Agenten in wenigen Minuten erm\u00f6glicht. Dank unserer benutzerfreundlichen Oberfl\u00e4che k\u00f6nnen Unternehmen hochentwickelte KI-L\u00f6sungen einsetzen, ohne dass sie \u00fcber umfangreiches technisches Know-how verf\u00fcgen oder hohe finanzielle Investitionen t\u00e4tigen m\u00fcssen. Indem wir fortschrittliche Funktionen zu einem erschwinglichen Preis anbieten, wollen wir modernste KI f\u00fcr Unternehmen jeder Gr\u00f6\u00dfe zug\u00e4nglich machen.  <\/p>\n<p>[\/et_pb_text][\/et_pb_column][et_pb_column type=&#8220;1_2&#8243; _builder_version=&#8220;4.19.2&#8243; _module_preset=&#8220;default&#8220; global_colors_info=&#8220;{}&#8220;][et_pb_text _builder_version=&#8220;4.22.2&#8243; _module_preset=&#8220;6631b821-5a27-40ca-8447-6836982c2c3c&#8220; header_2_font=&#8220;|700|||||||&#8220; header_2_text_color=&#8220;#FFFFFF&#8220; header_2_font_size=&#8220;35px&#8220; header_2_line_height=&#8220;1.2em&#8220; custom_margin=&#8220;||10px||false|false&#8220; header_2_font_size_tablet=&#8220;32px&#8220; header_2_font_size_phone=&#8220;20px&#8220; header_2_font_size_last_edited=&#8220;on|desktop&#8220; global_colors_info=&#8220;%91%93&#8243;]<\/p>\n<h2>Unsere Technologie &amp; Allianzen<\/h2>\n<p>[\/et_pb_text][et_pb_text _builder_version=&#8220;4.19.2&#8243; _module_preset=&#8220;4acd85e9-2b32-4d81-bf4f-8716e13871f6&#8243; text_text_color=&#8220;rgba(255,255,255,0.75)&#8220; text_font_size=&#8220;16px&#8220; text_line_height=&#8220;1.8em&#8220; text_font_size_tablet=&#8220;15px&#8220; text_font_size_phone=&#8220;14px&#8220; text_font_size_last_edited=&#8220;on|desktop&#8220; header_font_size_tablet=&#8220;55px&#8220; header_font_size_last_edited=&#8220;off|desktop&#8220; locked=&#8220;off&#8220; global_colors_info=&#8220;%91%93&#8243;]<\/p>\n<p data-start=\"499\" data-end=\"977\">Unsere Plattform nutzt die neuesten Fortschritte in der KI, darunter das GPT-4o-Modell von OpenAI, das f\u00fcr seine F\u00e4higkeit bekannt ist, menschen\u00e4hnlichen Text mit bemerkenswerter Genauigkeit zu verarbeiten und zu erzeugen. Diese Integration stellt sicher, dass die von Ihnen erstellten KI-Agenten komplexe Anfragen verstehen und beantworten k\u00f6nnen und so eine nahtlose und ansprechende Benutzererfahrung bieten. Durch den Einsatz modernster KI-Technologie r\u00fcsten wir Ihr Unternehmen mit Tools aus, die die Interaktion mit Kunden verbessern und die betriebliche Effizienz steigern.  <\/p>\n<div class=\"absolute h-[60px]\">\n<div class=\"flex items-center gap-0.5 text-sm font-medium\"><\/div>\n<\/div>\n<p>[\/et_pb_text][\/et_pb_column][\/et_pb_row][\/et_pb_section][et_pb_section fb_built=&#8220;1&#8243; admin_label=&#8220;Stats&#8220; _builder_version=&#8220;4.24.2&#8243; _module_preset=&#8220;default&#8220; background_color=&#8220;gcid-1bcf785a-50e1-437b-b09f-65567babc1de&#8220; custom_padding=&#8220;12px||50px||false|false&#8220; collapsed=&#8220;on&#8220; global_colors_info=&#8220;{%22gcid-1bcf785a-50e1-437b-b09f-65567babc1de%22:%91%22background_color%22%93}&#8220;][et_pb_row _builder_version=&#8220;4.22.2&#8243; _module_preset=&#8220;default&#8220; global_colors_info=&#8220;{}&#8220;][et_pb_column type=&#8220;4_4&#8243; _builder_version=&#8220;4.22.2&#8243; _module_preset=&#8220;default&#8220; global_colors_info=&#8220;{}&#8220;][et_pb_text _builder_version=&#8220;4.22.2&#8243; _module_preset=&#8220;default&#8220; header_2_text_align=&#8220;center&#8220; background_layout=&#8220;dark&#8220; global_colors_info=&#8220;%91%93&#8243;]<\/p>\n<h2>Wichtigste Fakten<\/h2>\n<p>[\/et_pb_text][\/et_pb_column][\/et_pb_row][et_pb_row column_structure=&#8220;1_3,1_3,1_3&#8243; use_custom_gutter=&#8220;on&#8220; gutter_width=&#8220;2&#8243; custom_padding_last_edited=&#8220;on|tablet&#8220; _builder_version=&#8220;4.19.5&#8243; _module_preset=&#8220;default&#8220; background_color=&#8220;gcid-f1f9244b-c8ab-43e1-95c3-c0bdf69ac7b5&#8243; custom_padding=&#8220;40px|40px|40px|40px|true|true&#8220; custom_padding_tablet=&#8220;30px|30px|30px|30px|true|true&#8220; custom_padding_phone=&#8220;20px|20px|20px|20px|true|true&#8220; border_radii=&#8220;on|40px|40px|40px|40px&#8220; global_colors_info=&#8220;{%22gcid-f1f9244b-c8ab-43e1-95c3-c0bdf69ac7b5%22:%91%22background_color%22%93}&#8220;][et_pb_column type=&#8220;1_3&#8243; _builder_version=&#8220;4.19.2&#8243; _module_preset=&#8220;default&#8220; global_colors_info=&#8220;{}&#8220;][et_pb_text _builder_version=&#8220;4.27.4&#8243; _module_preset=&#8220;7690de32-f550-4507-a48a-bfcb23932117&#8243; header_font=&#8220;||||||||&#8220; header_3_font=&#8220;Inter|700|||||||&#8220; header_3_text_color=&#8220;#FFFFFF&#8220; header_3_font_size=&#8220;18px&#8220; header_3_line_height=&#8220;1.4em&#8220; header_4_font_size=&#8220;13px&#8220; text_orientation=&#8220;center&#8220; custom_margin=&#8220;||0px||false|false&#8220; header_3_font_size_tablet=&#8220;20px&#8220; header_3_font_size_phone=&#8220;16px&#8220; header_3_font_size_last_edited=&#8220;on|desktop&#8220; locked=&#8220;off&#8220; global_colors_info=&#8220;%91%93&#8243;]<\/p>\n<h3>2025<\/h3>\n<p>[\/et_pb_text][et_pb_text _builder_version=&#8220;4.22.2&#8243; _module_preset=&#8220;8f66cdab-c167-4706-bec0-111681566e1e&#8220; header_4_font=&#8220;Inter|700||on|||||&#8220; header_4_text_color=&#8220;#FFFFFF&#8220; header_4_font_size=&#8220;11px&#8220; header_4_letter_spacing=&#8220;1px&#8220; header_4_line_height=&#8220;1.5em&#8220; text_orientation=&#8220;center&#8220; custom_margin=&#8220;||0px||false|false&#8220; locked=&#8220;off&#8220; global_colors_info=&#8220;{%22gcid-39bb5ebd-8d97-4670-a45a-b1ffd711f3fc%22:%91%22header_4_text_color%22%93}&#8220;]<\/p>\n<h4>Gegr\u00fcndet<\/h4>\n<p>[\/et_pb_text][\/et_pb_column][et_pb_column type=&#8220;1_3&#8243; _builder_version=&#8220;4.19.2&#8243; _module_preset=&#8220;default&#8220; global_colors_info=&#8220;{}&#8220;][et_pb_text _builder_version=&#8220;4.22.2&#8243; _module_preset=&#8220;7690de32-f550-4507-a48a-bfcb23932117&#8243; header_font=&#8220;||||||||&#8220; header_3_font=&#8220;Inter|700|||||||&#8220; header_3_text_color=&#8220;#FFFFFF&#8220; header_3_font_size=&#8220;18px&#8220; header_3_line_height=&#8220;1.4em&#8220; header_4_font_size=&#8220;13px&#8220; text_orientation=&#8220;center&#8220; custom_margin=&#8220;||0px||false|false&#8220; header_3_font_size_tablet=&#8220;18px&#8220; header_3_font_size_phone=&#8220;18px&#8220; header_3_font_size_last_edited=&#8220;on|tablet&#8220; locked=&#8220;off&#8220; global_colors_info=&#8220;%91%93&#8243;]<\/p>\n<h3>Norwegen<\/h3>\n<p>[\/et_pb_text][et_pb_text _builder_version=&#8220;4.22.2&#8243; _module_preset=&#8220;8f66cdab-c167-4706-bec0-111681566e1e&#8220; header_4_font=&#8220;Inter|700||on|||||&#8220; header_4_text_color=&#8220;#FFFFFF&#8220; header_4_font_size=&#8220;11px&#8220; header_4_letter_spacing=&#8220;1px&#8220; header_4_line_height=&#8220;1.5em&#8220; text_orientation=&#8220;center&#8220; custom_margin=&#8220;||0px||false|false&#8220; locked=&#8220;off&#8220; global_colors_info=&#8220;{%22gcid-39bb5ebd-8d97-4670-a45a-b1ffd711f3fc%22:%91%22header_4_text_color%22%93}&#8220;]<\/p>\n<h4>Hauptsitz<\/h4>\n<p>[\/et_pb_text][\/et_pb_column][et_pb_column type=&#8220;1_3&#8243; _builder_version=&#8220;4.19.2&#8243; _module_preset=&#8220;default&#8220; global_colors_info=&#8220;{}&#8220;][et_pb_text _builder_version=&#8220;4.22.2&#8243; _module_preset=&#8220;7690de32-f550-4507-a48a-bfcb23932117&#8243; header_font=&#8220;||||||||&#8220; header_3_font=&#8220;Inter|700|||||||&#8220; header_3_text_color=&#8220;#FFFFFF&#8220; header_3_font_size=&#8220;18px&#8220; header_3_line_height=&#8220;1.4em&#8220; header_4_font_size=&#8220;13px&#8220; text_orientation=&#8220;center&#8220; custom_margin=&#8220;||0px||false|false&#8220; header_3_font_size_tablet=&#8220;20px&#8220; header_3_font_size_phone=&#8220;16px&#8220; header_3_font_size_last_edited=&#8220;on|desktop&#8220; global_colors_info=&#8220;%91%93&#8243;]<\/p>\n<h3>24\/7<\/h3>\n<p>[\/et_pb_text][et_pb_text _builder_version=&#8220;4.22.2&#8243; _module_preset=&#8220;8f66cdab-c167-4706-bec0-111681566e1e&#8220; header_4_font=&#8220;Inter|700||on|||||&#8220; header_4_text_color=&#8220;#FFFFFF&#8220; header_4_font_size=&#8220;11px&#8220; header_4_letter_spacing=&#8220;1px&#8220; header_4_line_height=&#8220;1.5em&#8220; text_orientation=&#8220;center&#8220; custom_margin=&#8220;||0px||false|false&#8220; global_colors_info=&#8220;{%22gcid-39bb5ebd-8d97-4670-a45a-b1ffd711f3fc%22:%91%22header_4_text_color%22%93}&#8220;]<\/p>\n<h4>Unterst\u00fctzen Sie<\/h4>\n<p>[\/et_pb_text][\/et_pb_column][\/et_pb_row][\/et_pb_section][et_pb_section fb_built=&#8220;1&#8243; disabled_on=&#8220;on|on|off&#8220; admin_label=&#8220;Footer&#8220; _builder_version=&#8220;4.22.2&#8243; _module_preset=&#8220;default&#8220; background_color=&#8220;gcid-1bcf785a-50e1-437b-b09f-65567babc1de&#8220; use_background_color_gradient=&#8220;on&#8220; background_color_gradient_stops=&#8220;gcid-1bcf785a-50e1-437b-b09f-65567babc1de 0%|rgba(255,255,255,0) 30%&#8220; background_color_gradient_overlays_image=&#8220;on&#8220; background_image=&#8220;https:\/\/chatagentlab.com\/wp-content\/uploads\/2024\/11\/ai-49c.jpg&#8220; background_last_edited=&#8220;on|tablet&#8220; background_position_tablet=&#8220;center_left&#8220; saved_tabs=&#8220;all&#8220; collapsed=&#8220;on&#8220; global_colors_info=&#8220;{%22gcid-1bcf785a-50e1-437b-b09f-65567babc1de%22:%91%22background_color%22,%22background_color_gradient_stops%22%93}&#8220;][et_pb_row column_structure=&#8220;3_5,2_5&#8243; _builder_version=&#8220;4.19.2&#8243; _module_preset=&#8220;default&#8220; global_colors_info=&#8220;{}&#8220;][et_pb_column type=&#8220;3_5&#8243; _builder_version=&#8220;4.19.2&#8243; _module_preset=&#8220;default&#8220; global_colors_info=&#8220;{}&#8220;][\/et_pb_column][et_pb_column type=&#8220;2_5&#8243; _builder_version=&#8220;4.19.2&#8243; _module_preset=&#8220;default&#8220; global_colors_info=&#8220;{}&#8220;][et_pb_image src=&#8220;https:\/\/chatagentlab.com\/wp-content\/uploads\/2025\/03\/ChatAgentLab-6.0-4.png&#8220; title_text=&#8220;ChatAgentLab 6.0 (4)&#8220; url=&#8220;@ET-DC@eyJkeW5hbWljIjp0cnVlLCJjb250ZW50IjoiaG9tZV91cmwiLCJzZXR0aW5ncyI6W119@&#8220; _builder_version=&#8220;4.27.4&#8243; _dynamic_attributes=&#8220;url&#8220; _module_preset=&#8220;default&#8220; max_height=&#8220;80px&#8220; hover_enabled=&#8220;0&#8243; global_colors_info=&#8220;{}&#8220; sticky_enabled=&#8220;0&#8243;][\/et_pb_image][\/et_pb_column][\/et_pb_row][\/et_pb_section]<\/p>\n","protected":false},"excerpt":{"rendered":"<p>\u00dcber unsUnser AuftragWir haben es uns zur Aufgabe gemacht, Unternehmen eine No-Code-Plattform zur Verf\u00fcgung zu stellen, mit der sie in wenigen Minuten ma\u00dfgeschneiderte KI-Agenten erstellen k\u00f6nnen. Unsere L\u00f6sung nutzt die neueste KI-Technologie und bietet Funktionen, die mit Plattformen vergleichbar sind, deren Entwicklung im eigenen Haus Millionen kosten w\u00fcrde &#8211; und das alles ab nur 450 [&hellip;]<\/p>\n","protected":false},"author":1,"featured_media":0,"parent":0,"menu_order":0,"comment_status":"closed","ping_status":"closed","template":"","meta":{"_et_pb_use_builder":"on","_et_pb_old_content":"","_et_gb_content_width":"","inline_featured_image":false,"footnotes":""},"class_list":["post-933500","page","type-page","status-publish","hentry"],"_links":{"self":[{"href":"https:\/\/chatagentlab.com\/de\/wp-json\/wp\/v2\/pages\/933500","targetHints":{"allow":["GET"]}}],"collection":[{"href":"https:\/\/chatagentlab.com\/de\/wp-json\/wp\/v2\/pages"}],"about":[{"href":"https:\/\/chatagentlab.com\/de\/wp-json\/wp\/v2\/types\/page"}],"author":[{"embeddable":true,"href":"https:\/\/chatagentlab.com\/de\/wp-json\/wp\/v2\/users\/1"}],"replies":[{"embeddable":true,"href":"https:\/\/chatagentlab.com\/de\/wp-json\/wp\/v2\/comments?post=933500"}],"version-history":[{"count":2,"href":"https:\/\/chatagentlab.com\/de\/wp-json\/wp\/v2\/pages\/933500\/revisions"}],"predecessor-version":[{"id":933504,"href":"https:\/\/chatagentlab.com\/de\/wp-json\/wp\/v2\/pages\/933500\/revisions\/933504"}],"wp:attachment":[{"href":"https:\/\/chatagentlab.com\/de\/wp-json\/wp\/v2\/media?parent=933500"}],"curies":[{"name":"wp","href":"https:\/\/api.w.org\/{rel}","templated":true}]}}